{"id":9570,"date":"2026-01-27T22:00:01","date_gmt":"2026-01-27T22:00:01","guid":{"rendered":"https:\/\/fandeli.com\/usa\/?post_type=product&#038;p=9570"},"modified":"2026-01-27T22:08:24","modified_gmt":"2026-01-27T22:08:24","slug":"lija-para-madera-y-metal-x-86","status":"publish","type":"product","link":"https:\/\/fandeli.com\/usa\/es\/producto\/lija-para-madera-y-metal-x-86\/","title":{"rendered":"Lija para madera y metal X-86"},"content":{"rendered":"<p><b>Lija para metal y madera X-86<\/b> dise\u00f1ada con grados extra grueso, grueso, mediano, fino y extra fino, como lija para metal grano 60 , lija para metal 80 , lija para metal 120, lija para metal 180. Ideal para limpiar y pulir madera, pl\u00e1sticos, lacas, pinturas, metales ferrosos y no ferrosos.<\/p>\n<table cellspacing=\"0\" cellpadding=\"0\" class=\"tabla\">\n<tr>\n<td><strong>SKU<\/strong><\/td>\n<td><strong>DESCRIPCI\u00d3N<\/strong><\/td>\n<td><strong>GRADO<\/strong><\/td>\n<td><strong>DIMENSIONES<\/strong><\/td>\n<td><strong>EMPAQUE<\/strong><\/td>\n<td><strong>CAJA<\/strong><\/td>\n<\/tr>\n<tr>\n<td>00355<\/td>\n<td>LIJA FANDELI X-86<\/td>\n<td>36<\/td>\n<td>9&rdquo; X 11&rdquo;<\/td>\n<td>50<\/td>\n<td>500<\/td>\n<\/tr>\n<tr>\n<td>30230<\/td>\n<td>LIJA FANDELI X-86<\/td>\n<td>60<\/td>\n<td>9&rdquo; X 11&rdquo;<\/td>\n<td>50<\/td>\n<td>500<\/td>\n<\/tr>\n<tr>\n<td>30232<\/td>\n<td>LIJA FANDELI X-86<\/td>\n<td>40<\/td>\n<td>9&rdquo; X 11&rdquo;<\/td>\n<td>50<\/td>\n<td>500<\/td>\n<\/tr>\n<\/table>\n","protected":false},"excerpt":{"rendered":"<p><strong>Aplicaciones de lija para metal y madera<\/strong><\/p>\n<ul class=\"lista\">\n<li>La lija para metal y madera es ideal para operaciones industriales o de taller que requieren acabados de alta calidad sobre sustratos de madera y metal. Gracias a su respaldo de lija de tela, ofrece mayor durabilidad y control durante el lijado.<\/li>\n<li>Puede utilizarse manualmente o con lijadoras orbitales, siendo una excelente opci\u00f3n como lija para quitar pintura en metal o madera, remover corrosi\u00f3n y preparar superficies.<\/li>\n<li>Su versatilidad permite limpiar y pulir madera, pl\u00e1sticos, lacas, pinturas y metales ferrosos y no ferrosos. Tambi\u00e9n puede emplearse como lija fina para metal cuando se necesitan acabados m\u00e1s delicados.<\/li>\n<li>Su amplio rango de grados permite operaciones de lijado pesado, intermedio y fino, siempre con el soporte resistente del respaldo de lija de tela.<\/li>\n<\/ul>\n<p><strong>Caracter\u00edsticas de lija para metal y madera<\/strong><\/p>\n<ul class=\"lista\">\n<li>Brinda una \u00f3ptima calidad de acabados, ya sea que se utilice como lija para metal y madera, lija fina para metal o lija para quitar pintura en metal en procesos de restauraci\u00f3n.<\/li>\n<li>Su estructura cerrada incrementa su poder de lijado, y el respaldo de lija de tela mejora su vida \u00fatil y resistencia en aplicaciones exigentes.<\/li>\n<\/ul>\n<p><strong>Aplicaciones y recomendaciones<\/strong><\/p>\n<p class=\"iconos\">\n<img decoding=\"async\" src=\"https:\/\/fandeli.com\/assets\/icons\/icon-madera.svg\" class=\"icono\" alt=\"Lija FANDELI X-86 para madera y metal, dise\u00f1ada para preparaci\u00f3n y acabado con respaldo de tela resistente.\"\/><br \/>\n<img decoding=\"async\" src=\"https:\/\/fandeli.com\/assets\/icons\/icon-plastico.svg\" class=\"icono\" alt=\"Lija para metal y pl\u00e1stico FANDELI X-86, excelente opci\u00f3n para lijar superficies sin da\u00f1arlas.\" \/><br \/>\n<img decoding=\"async\" src=\"https:\/\/fandeli.com\/assets\/icons\/icon-metal.svg\" class=\"icono\" alt=\"Lija fina para metal FANDELI X-86 para preparaci\u00f3n, desbaste y acabado en superficies met\u00e1licas.\"\/><br \/>\n<img decoding=\"async\" src=\"https:\/\/fandeli.com\/assets\/icons\/icon-lacas.svg\" class=\"icono\" alt=\"Lija para quitar pintura en metal FANDELI X-86 ideal para lacas, pinturas y remoci\u00f3n de recubrimientos.\"\/><br \/>\n<img decoding=\"async\" src=\"https:\/\/fandeli.com\/assets\/icons\/icon-metal-noferroso.svg\" class=\"icono\" alt=\"Lija para metal FANDELI X-86 recomendada para metales no ferrosos y acabados finos.\"\/><br \/>\n<br \/>\n<img decoding=\"async\" src=\"https:\/\/fandeli.com\/assets\/icons\/icon-uso-lija.svg\" class=\"icono\" alt=\"Lija para metal FANDELI X-86 para uso manual o con lijadoras orbitales de \u00bd, 1\/3 y \u00bc para mayor versatilidad.\"\/><br \/>\n<img decoding=\"async\" src=\"https:\/\/fandeli.com\/assets\/icons\/icon-corte-hoja.svg\" class=\"icono\"  alt=\"Opciones de corte de hoja FANDELI X-86 con respaldo de lija de tela para diversas aplicaciones en metal y madera.\"\/>\n<\/p>\n<div id=\"descarga\">\n<p class=\"lista\"><a href=\"https:\/\/fandeli.com\/assets\/fichas-tecnicas\/FANDELI-ficha-tecnica-linea-X-86.pdf\" target=\"_blank\" class=\"botones\"><i class=\"fa fa-file\"><\/i>&nbsp;&nbsp; DESCARGA LA FICHA T\u00c9CNICA<\/a><\/p>\n<h5><strong>Descarga las fotos del producto<\/strong><\/h5>\n<div id=\"foto\">\n<div class=\"foto1\">\n<a href=\"\/assets\/img\/hoja_x_86_300_dpis_comercial.zip\" class=\"btn-foto\" target=\"_blank\">300 dpis<\/a>\n<\/div>\n<div class=\"foto2\">\n<a href=\"\/assets\/img\/hoja_x_86_150_dpis_comercial.zip\" class=\"btn-foto\" target=\"_blank\">150 dpis<\/a>\n<\/div>\n<div class=\"foto3\">\n<a href=\"\/assets\/img\/hoja_x_86_72_dpis_comercial.zip\" class=\"btn-foto\" target=\"_blank\">72 dpis<\/a>\n<\/div>\n<\/div>\n<\/div>\n","protected":false},"featured_media":8837,"template":"","meta":{"site-sidebar-layout":"default","site-content-layout":"","ast-site-content-layout":"default","site-content-style":"default","site-sidebar-style":"default","ast-global-header-display":"","ast-banner-title-visibility":"","ast-main-header-display":"","ast-hfb-above-header-display":"","ast-hfb-below-header-display":"","ast-hfb-mobile-header-display":"","site-post-title":"","ast-breadcrumbs-content":"","ast-featured-img":"","footer-sml-layout":"","ast-disable-related-posts":"","theme-transparent-header-meta":"default","adv-header-id-meta":"","stick-header-meta":"","header-above-stick-meta":"","header-main-stick-meta":"","header-below-stick-meta":"","astra-migrate-meta-layouts":"set","ast-page-background-enabled":"default","ast-page-background-meta":{"desktop":{"background-color":"var(--ast-global-color-4)","background-image":"","background-repeat":"repeat","background-position":"center center","background-size":"auto","background-attachment":"scroll","background-type":"","background-media":"","overlay-type":"","overlay-color":"","overlay-opacity":"","overlay-gradient":""},"tablet":{"background-color":"","background-image":"","background-repeat":"repeat","background-position":"center center","background-size":"auto","background-attachment":"scroll","background-type":"","background-media":"","overlay-type":"","overlay-color":"","overlay-opacity":"","overlay-gradient":""},"mobile":{"background-color":"","background-image":"","background-repeat":"repeat","background-position":"center center","background-size":"auto","background-attachment":"scroll","background-type":"","background-media":"","overlay-type":"","overlay-color":"","overlay-opacity":"","overlay-gradient":""}},"ast-content-background-meta":{"desktop":{"background-color":"var(--ast-global-color-5)","background-image":"","background-repeat":"repeat","background-position":"center center","background-size":"auto","background-attachment":"scroll","background-type":"","background-media":"","overlay-type":"","overlay-color":"","overlay-opacity":"","overlay-gradient":""},"tablet":{"background-color":"var(--ast-global-color-5)","background-image":"","background-repeat":"repeat","background-position":"center center","background-size":"auto","background-attachment":"scroll","background-type":"","background-media":"","overlay-type":"","overlay-color":"","overlay-opacity":"","overlay-gradient":""},"mobile":{"background-color":"var(--ast-global-color-5)","background-image":"","background-repeat":"repeat","background-position":"center center","background-size":"auto","background-attachment":"scroll","background-type":"","background-media":"","overlay-type":"","overlay-color":"","overlay-opacity":"","overlay-gradient":""}}},"product_brand":[],"product_cat":[19,20,26,414,455,1118,24,1124,1126,1122],"product_tag":[],"class_list":{"0":"post-9570","1":"product","2":"type-product","3":"status-publish","4":"has-post-thumbnail","6":"product_cat-carpinteria-es","7":"product_cat-herreria-es","8":"product_cat-hogar-es","9":"product_cat-lacas-y-pintura","10":"product_cat-lijas-es","11":"product_cat-madera","12":"product_cat-mantenimiento-es","13":"product_cat-metal-es","14":"product_cat-metal-no-ferroso","15":"product_cat-plastico-es","16":"desktop-align-center","17":"tablet-align-left","18":"mobile-align-center","20":"first","21":"instock","22":"shipping-taxable","23":"product-type-simple"},"yoast_head":"<!-- This site is optimized with the Yoast SEO plugin v27.2 - https:\/\/yoast.com\/product\/yoast-seo-wordpress\/ -->\n<title>Lija para madera y metal X-86 - FANDELI<\/title>\n<meta name=\"description\" content=\"La lija para metal J-86 ofrece alto rendimiento para limpiar, nivelar y preparar superficies. Ideal como lija fina para metal o para quitar pintura en metal, con respaldo de tela para mayor durabilidad y acabados profesionales.\" \/>\n<meta name=\"robots\" content=\"index, follow, max-snippet:-1, max-image-preview:large, max-video-preview:-1\" \/>\n<link rel=\"canonical\" href=\"https:\/\/fandeli.com\/usa\/es\/producto\/lija-para-madera-y-metal-x-86\/\" \/>\n<meta property=\"og:locale\" content=\"es_MX\" \/>\n<meta property=\"og:type\" content=\"article\" \/>\n<meta property=\"og:title\" content=\"Lija para madera y metal X-86 - FANDELI\" \/>\n<meta property=\"og:description\" content=\"La lija para metal J-86 ofrece alto rendimiento para limpiar, nivelar y preparar superficies. Ideal como lija fina para metal o para quitar pintura en metal, con respaldo de tela para mayor durabilidad y acabados profesionales.\" \/>\n<meta property=\"og:url\" content=\"https:\/\/fandeli.com\/usa\/es\/producto\/lija-para-madera-y-metal-x-86\/\" \/>\n<meta property=\"og:site_name\" content=\"FANDELI\" \/>\n<meta property=\"article:modified_time\" content=\"2026-01-27T22:08:24+00:00\" \/>\n<meta property=\"og:image\" content=\"https:\/\/fandeli.com\/usa\/wp-content\/uploads\/2026\/01\/lija-X-86.jpg\" \/>\n\t<meta property=\"og:image:width\" content=\"800\" \/>\n\t<meta property=\"og:image:height\" content=\"800\" \/>\n\t<meta property=\"og:image:type\" content=\"image\/jpeg\" \/>\n<meta name=\"twitter:card\" content=\"summary_large_image\" \/>\n<meta name=\"twitter:label1\" content=\"Tiempo de lectura\" \/>\n\t<meta name=\"twitter:data1\" content=\"1 minuto\" \/>\n<script type=\"application\/ld+json\" class=\"yoast-schema-graph\">{\"@context\":\"https:\/\/schema.org\",\"@graph\":[{\"@type\":\"WebPage\",\"@id\":\"https:\/\/fandeli.com\/usa\/es\/producto\/lija-para-madera-y-metal-x-86\/\",\"url\":\"https:\/\/fandeli.com\/usa\/es\/producto\/lija-para-madera-y-metal-x-86\/\",\"name\":\"Lija para madera y metal X-86 - FANDELI\",\"isPartOf\":{\"@id\":\"https:\/\/fandeli.com\/usa\/#website\"},\"primaryImageOfPage\":{\"@id\":\"https:\/\/fandeli.com\/usa\/es\/producto\/lija-para-madera-y-metal-x-86\/#primaryimage\"},\"image\":{\"@id\":\"https:\/\/fandeli.com\/usa\/es\/producto\/lija-para-madera-y-metal-x-86\/#primaryimage\"},\"thumbnailUrl\":\"https:\/\/fandeli.com\/usa\/wp-content\/uploads\/2026\/01\/lija-X-86.jpg\",\"datePublished\":\"2026-01-27T22:00:01+00:00\",\"dateModified\":\"2026-01-27T22:08:24+00:00\",\"description\":\"La lija para metal J-86 ofrece alto rendimiento para limpiar, nivelar y preparar superficies. Ideal como lija fina para metal o para quitar pintura en metal, con respaldo de tela para mayor durabilidad y acabados profesionales.\",\"breadcrumb\":{\"@id\":\"https:\/\/fandeli.com\/usa\/es\/producto\/lija-para-madera-y-metal-x-86\/#breadcrumb\"},\"inLanguage\":\"es\",\"potentialAction\":[{\"@type\":\"ReadAction\",\"target\":[\"https:\/\/fandeli.com\/usa\/es\/producto\/lija-para-madera-y-metal-x-86\/\"]}]},{\"@type\":\"ImageObject\",\"inLanguage\":\"es\",\"@id\":\"https:\/\/fandeli.com\/usa\/es\/producto\/lija-para-madera-y-metal-x-86\/#primaryimage\",\"url\":\"https:\/\/fandeli.com\/usa\/wp-content\/uploads\/2026\/01\/lija-X-86.jpg\",\"contentUrl\":\"https:\/\/fandeli.com\/usa\/wp-content\/uploads\/2026\/01\/lija-X-86.jpg\",\"width\":800,\"height\":800,\"caption\":\"Lija para metal y madera FANDELI X-86 con respaldo de lija de tela, ideal para lijado general y preparaci\u00f3n de superficies.\"},{\"@type\":\"BreadcrumbList\",\"@id\":\"https:\/\/fandeli.com\/usa\/es\/producto\/lija-para-madera-y-metal-x-86\/#breadcrumb\",\"itemListElement\":[{\"@type\":\"ListItem\",\"position\":1,\"name\":\"Portada\",\"item\":\"https:\/\/fandeli.com\/usa\/es\/inicio\/\"},{\"@type\":\"ListItem\",\"position\":2,\"name\":\"Tienda\",\"item\":\"https:\/\/fandeli.com\/usa\/es\/?page_id=13\"},{\"@type\":\"ListItem\",\"position\":3,\"name\":\"Lija para madera y metal X-86\"}]},{\"@type\":\"WebSite\",\"@id\":\"https:\/\/fandeli.com\/usa\/#website\",\"url\":\"https:\/\/fandeli.com\/usa\/\",\"name\":\"FANDELI\",\"description\":\"FANDELI\",\"publisher\":{\"@id\":\"https:\/\/fandeli.com\/usa\/#organization\"},\"potentialAction\":[{\"@type\":\"SearchAction\",\"target\":{\"@type\":\"EntryPoint\",\"urlTemplate\":\"https:\/\/fandeli.com\/usa\/?s={search_term_string}\"},\"query-input\":{\"@type\":\"PropertyValueSpecification\",\"valueRequired\":true,\"valueName\":\"search_term_string\"}}],\"inLanguage\":\"es\"},{\"@type\":\"Organization\",\"@id\":\"https:\/\/fandeli.com\/usa\/#organization\",\"name\":\"FANDELI\",\"url\":\"https:\/\/fandeli.com\/usa\/\",\"logo\":{\"@type\":\"ImageObject\",\"inLanguage\":\"es\",\"@id\":\"https:\/\/fandeli.com\/usa\/#\/schema\/logo\/image\/\",\"url\":\"https:\/\/fandeli.com\/usa\/wp-content\/uploads\/2025\/12\/logo-fandeli-bco.svg\",\"contentUrl\":\"https:\/\/fandeli.com\/usa\/wp-content\/uploads\/2025\/12\/logo-fandeli-bco.svg\",\"width\":1486,\"height\":326,\"caption\":\"FANDELI\"},\"image\":{\"@id\":\"https:\/\/fandeli.com\/usa\/#\/schema\/logo\/image\/\"}}]}<\/script>\n<!-- \/ Yoast SEO plugin. -->","yoast_head_json":{"title":"Lija para madera y metal X-86 - FANDELI","description":"La lija para metal J-86 ofrece alto rendimiento para limpiar, nivelar y preparar superficies. Ideal como lija fina para metal o para quitar pintura en metal, con respaldo de tela para mayor durabilidad y acabados profesionales.","robots":{"index":"index","follow":"follow","max-snippet":"max-snippet:-1","max-image-preview":"max-image-preview:large","max-video-preview":"max-video-preview:-1"},"canonical":"https:\/\/fandeli.com\/usa\/es\/producto\/lija-para-madera-y-metal-x-86\/","og_locale":"es_MX","og_type":"article","og_title":"Lija para madera y metal X-86 - FANDELI","og_description":"La lija para metal J-86 ofrece alto rendimiento para limpiar, nivelar y preparar superficies. Ideal como lija fina para metal o para quitar pintura en metal, con respaldo de tela para mayor durabilidad y acabados profesionales.","og_url":"https:\/\/fandeli.com\/usa\/es\/producto\/lija-para-madera-y-metal-x-86\/","og_site_name":"FANDELI","article_modified_time":"2026-01-27T22:08:24+00:00","og_image":[{"width":800,"height":800,"url":"https:\/\/fandeli.com\/usa\/wp-content\/uploads\/2026\/01\/lija-X-86.jpg","type":"image\/jpeg"}],"twitter_card":"summary_large_image","twitter_misc":{"Tiempo de lectura":"1 minuto"},"schema":{"@context":"https:\/\/schema.org","@graph":[{"@type":"WebPage","@id":"https:\/\/fandeli.com\/usa\/es\/producto\/lija-para-madera-y-metal-x-86\/","url":"https:\/\/fandeli.com\/usa\/es\/producto\/lija-para-madera-y-metal-x-86\/","name":"Lija para madera y metal X-86 - FANDELI","isPartOf":{"@id":"https:\/\/fandeli.com\/usa\/#website"},"primaryImageOfPage":{"@id":"https:\/\/fandeli.com\/usa\/es\/producto\/lija-para-madera-y-metal-x-86\/#primaryimage"},"image":{"@id":"https:\/\/fandeli.com\/usa\/es\/producto\/lija-para-madera-y-metal-x-86\/#primaryimage"},"thumbnailUrl":"https:\/\/fandeli.com\/usa\/wp-content\/uploads\/2026\/01\/lija-X-86.jpg","datePublished":"2026-01-27T22:00:01+00:00","dateModified":"2026-01-27T22:08:24+00:00","description":"La lija para metal J-86 ofrece alto rendimiento para limpiar, nivelar y preparar superficies. Ideal como lija fina para metal o para quitar pintura en metal, con respaldo de tela para mayor durabilidad y acabados profesionales.","breadcrumb":{"@id":"https:\/\/fandeli.com\/usa\/es\/producto\/lija-para-madera-y-metal-x-86\/#breadcrumb"},"inLanguage":"es","potentialAction":[{"@type":"ReadAction","target":["https:\/\/fandeli.com\/usa\/es\/producto\/lija-para-madera-y-metal-x-86\/"]}]},{"@type":"ImageObject","inLanguage":"es","@id":"https:\/\/fandeli.com\/usa\/es\/producto\/lija-para-madera-y-metal-x-86\/#primaryimage","url":"https:\/\/fandeli.com\/usa\/wp-content\/uploads\/2026\/01\/lija-X-86.jpg","contentUrl":"https:\/\/fandeli.com\/usa\/wp-content\/uploads\/2026\/01\/lija-X-86.jpg","width":800,"height":800,"caption":"Lija para metal y madera FANDELI X-86 con respaldo de lija de tela, ideal para lijado general y preparaci\u00f3n de superficies."},{"@type":"BreadcrumbList","@id":"https:\/\/fandeli.com\/usa\/es\/producto\/lija-para-madera-y-metal-x-86\/#breadcrumb","itemListElement":[{"@type":"ListItem","position":1,"name":"Portada","item":"https:\/\/fandeli.com\/usa\/es\/inicio\/"},{"@type":"ListItem","position":2,"name":"Tienda","item":"https:\/\/fandeli.com\/usa\/es\/?page_id=13"},{"@type":"ListItem","position":3,"name":"Lija para madera y metal X-86"}]},{"@type":"WebSite","@id":"https:\/\/fandeli.com\/usa\/#website","url":"https:\/\/fandeli.com\/usa\/","name":"FANDELI","description":"FANDELI","publisher":{"@id":"https:\/\/fandeli.com\/usa\/#organization"},"potentialAction":[{"@type":"SearchAction","target":{"@type":"EntryPoint","urlTemplate":"https:\/\/fandeli.com\/usa\/?s={search_term_string}"},"query-input":{"@type":"PropertyValueSpecification","valueRequired":true,"valueName":"search_term_string"}}],"inLanguage":"es"},{"@type":"Organization","@id":"https:\/\/fandeli.com\/usa\/#organization","name":"FANDELI","url":"https:\/\/fandeli.com\/usa\/","logo":{"@type":"ImageObject","inLanguage":"es","@id":"https:\/\/fandeli.com\/usa\/#\/schema\/logo\/image\/","url":"https:\/\/fandeli.com\/usa\/wp-content\/uploads\/2025\/12\/logo-fandeli-bco.svg","contentUrl":"https:\/\/fandeli.com\/usa\/wp-content\/uploads\/2025\/12\/logo-fandeli-bco.svg","width":1486,"height":326,"caption":"FANDELI"},"image":{"@id":"https:\/\/fandeli.com\/usa\/#\/schema\/logo\/image\/"}}]}},"jetpack_sharing_enabled":true,"_links":{"self":[{"href":"https:\/\/fandeli.com\/usa\/wp-json\/wp\/v2\/product\/9570","targetHints":{"allow":["GET"]}}],"collection":[{"href":"https:\/\/fandeli.com\/usa\/wp-json\/wp\/v2\/product"}],"about":[{"href":"https:\/\/fandeli.com\/usa\/wp-json\/wp\/v2\/types\/product"}],"wp:featuredmedia":[{"embeddable":true,"href":"https:\/\/fandeli.com\/usa\/wp-json\/wp\/v2\/media\/8837"}],"wp:attachment":[{"href":"https:\/\/fandeli.com\/usa\/wp-json\/wp\/v2\/media?parent=9570"}],"wp:term":[{"taxonomy":"product_brand","embeddable":true,"href":"https:\/\/fandeli.com\/usa\/wp-json\/wp\/v2\/product_brand?post=9570"},{"taxonomy":"product_cat","embeddable":true,"href":"https:\/\/fandeli.com\/usa\/wp-json\/wp\/v2\/product_cat?post=9570"},{"taxonomy":"product_tag","embeddable":true,"href":"https:\/\/fandeli.com\/usa\/wp-json\/wp\/v2\/product_tag?post=9570"}],"curies":[{"name":"wp","href":"https:\/\/api.w.org\/{rel}","templated":true}]}}