{"id":9562,"date":"2026-01-27T21:39:44","date_gmt":"2026-01-27T21:39:44","guid":{"rendered":"https:\/\/fandeli.com\/usa\/?post_type=product&#038;p=9562"},"modified":"2026-01-27T22:09:23","modified_gmt":"2026-01-27T22:09:23","slug":"lija-para-tela-c-89","status":"publish","type":"product","link":"https:\/\/fandeli.com\/usa\/es\/producto\/lija-para-tela-c-89\/","title":{"rendered":"Lija para tela C-89"},"content":{"rendered":"<p><b>Lija para tela C-89<\/b> dise\u00f1ada con grados mediano, fino y extrafino, como papel de lija 120, papel de lija grano 80, etc. Ideal para lograr el avejentado de mezclilla, aclarado de partes de la prenda o simulaci\u00f3n de desgarres o zonas de deshilado, acordes al dise\u00f1o en prendas de ropa.<\/p>\n<table cellspacing=\"0\" cellpadding=\"0\" class=\"tabla\">\n<tr>\n<td><strong>SKU<\/strong><\/td>\n<td><strong>DESCRIPCI\u00d3N<\/strong><\/td>\n<td><strong>GRADO<\/strong><\/td>\n<td><strong>DIMENSIONES<\/strong><\/td>\n<td><strong>EMPAQUE<\/strong><\/td>\n<td><strong>CAJA<\/strong><\/td>\n<\/tr>\n<tr>\n<td>36001<\/td>\n<td>LIJA FANDELI PAQUETE C-89<\/td>\n<td>400<\/td>\n<td>9&rdquo; X 11&rdquo;<\/td>\n<td>25<\/td>\n<td>500<\/td>\n<\/tr>\n<tr>\n<td>36001<\/td>\n<td>LIJA FANDELI PAQUETE C-89<\/td>\n<td>400<\/td>\n<td>9&rdquo; X 11&rdquo;<\/td>\n<td>25<\/td>\n<td>500<\/td>\n<\/tr>\n<tr>\n<td>36001HD<\/td>\n<td>LIJA FANDELI PAQUETE C-89<\/td>\n<td>400<\/td>\n<td>9&rdquo; X 11&rdquo;<\/td>\n<td>25<\/td>\n<td>500<\/td>\n<\/tr>\n<tr>\n<td>36933<\/td>\n<td>LIJA FANDELI PAQUETE C-89<\/td>\n<td>400<\/td>\n<td>9&rdquo; X 11&rdquo;<\/td>\n<td>50<\/td>\n<td>500<\/td>\n<\/tr>\n<\/table>\n","protected":false},"excerpt":{"rendered":"<p><strong>Aplicaciones de lija para tela<\/strong><\/p>\n<ul class=\"lista\">\n<li>Producto de gran demanda para lograr el avejentado de mezclilla, aclarado de partes de la prenda o simulaci\u00f3n de desgarres y zonas de deshilado, utilizando lija para tela y papel de lija con el grano de lija adecuado seg\u00fan el dise\u00f1o de cada prenda.<\/li>\n<li>Ideal para procesos textiles donde el control del grano de lija permite efectos precisos y uniformes en acabados de moda.<\/li>\n<\/ul>\n<p><strong>Caracter\u00edsticas de lija para tela<\/strong><\/p>\n<ul class=\"lista\">\n<li>Rendimiento superior frente a otros tipos de papel de lija, superando a productos de lija de agua con Carburo de Silicio.<\/li>\n<li>Excelente flexibilidad y uniformidad en el recubierto; la lija para tela se puede doblar y cortar a cualquier tama\u00f1o, con diferentes presentaciones (hojas, discos y rollos) y variedad de grano de lija.<\/li>\n<li>Alto desempe\u00f1o en el pulido de probetas metalogr\u00e1ficas, aprovechando la resistencia y durabilidad del papel de lija de respaldo textil.<\/li>\n<\/ul>\n<p><strong>Aplicaciones y recomendaciones<\/strong><\/p>\n<p class=\"iconos\">\n<img decoding=\"async\" src=\"https:\/\/fandeli.com\/assets\/icons\/icon-teneria.svg\" class=\"icono\" alt=\"Lija para tela FANDELI C-89 para tener\u00eda y cueros, papel de lija resistente con grano de lija estable.\" \/><br \/>\n<img decoding=\"async\" src=\"https:\/\/fandeli.com\/assets\/icons\/icon-lacas.svg\" class=\"icono\" alt=\"Lija para tela FANDELI C-89 para lacas y pinturas, papel de lija con grano de lija dise\u00f1ado para acabado fino.\"\/><br \/>\n<br \/>\n<img decoding=\"async\" src=\"https:\/\/fandeli.com\/assets\/icons\/icon-uso-manual.svg\" class=\"icono\" alt=\"Lija para tela FANDELI C-89 para uso manual, papel de lija flexible con grano de lija uniforme.\"\/><br \/>\n<img decoding=\"async\" src=\"https:\/\/fandeli.com\/assets\/icons\/icon-lijado-humedo.svg\" class=\"icono\" alt=\"Lija para tela FANDELI C-89 para lijado en h\u00famedo, papel de lija con grano de lija \u00f3ptimo para acabados suaves\"\/><br \/>\n<img decoding=\"async\" src=\"https:\/\/fandeli.com\/assets\/icons\/icon-lijado-seco.svg\" class=\"icono\" alt=\"Lija para tela FANDELI C-89 para lijado en seco, papel de lija duradero con grano de lija ideal para preparaci\u00f3n de superficie.\"\/>\n<\/p>\n<div id=\"descarga\">\n<p class=\"lista\"><a href=\"https:\/\/fandeli.com\/assets\/fichas-tecnicas\/FANDELI-ficha-tecnica-de-lijas-para-tela-C-89.pdf\" target=\"_blank\" class=\"botones\"><i class=\"fa fa-file\"><\/i>&nbsp;&nbsp; DESCARGA LA FICHA T\u00c9CNICA<\/a><\/p>\n<h5><strong>Descarga las fotos del producto<\/strong><\/h5>\n<div id=\"foto\">\n<div class=\"foto1\">\n<a href=\"\/assets\/img\/hoja_c_89_300_dpis_comercial.zip\" class=\"btn-foto\" target=\"_blank\">300 dpis<\/a>\n<\/div>\n<div class=\"foto2\">\n<a href=\"\/assets\/img\/hoja_c_89_150_dpis_comercial.zip\" class=\"btn-foto\" target=\"_blank\">150 dpis<\/a>\n<\/div>\n<div class=\"foto3\">\n<a href=\"\/assets\/img\/hoja_c_89_72_dpis_comercial.zip\" class=\"btn-foto\" target=\"_blank\">72 dpis<\/a>\n<\/div>\n<\/div>\n<\/div>\n","protected":false},"featured_media":8808,"template":"","meta":{"site-sidebar-layout":"default","site-content-layout":"","ast-site-content-layout":"default","site-content-style":"default","site-sidebar-style":"default","ast-global-header-display":"","ast-banner-title-visibility":"","ast-main-header-display":"","ast-hfb-above-header-display":"","ast-hfb-below-header-display":"","ast-hfb-mobile-header-display":"","site-post-title":"","ast-breadcrumbs-content":"","ast-featured-img":"","footer-sml-layout":"","ast-disable-related-posts":"","theme-transparent-header-meta":"default","adv-header-id-meta":"","stick-header-meta":"","header-above-stick-meta":"","header-main-stick-meta":"","header-below-stick-meta":"","astra-migrate-meta-layouts":"set","ast-page-background-enabled":"default","ast-page-background-meta":{"desktop":{"background-color":"var(--ast-global-color-4)","background-image":"","background-repeat":"repeat","background-position":"center center","background-size":"auto","background-attachment":"scroll","background-type":"","background-media":"","overlay-type":"","overlay-color":"","overlay-opacity":"","overlay-gradient":""},"tablet":{"background-color":"","background-image":"","background-repeat":"repeat","background-position":"center center","background-size":"auto","background-attachment":"scroll","background-type":"","background-media":"","overlay-type":"","overlay-color":"","overlay-opacity":"","overlay-gradient":""},"mobile":{"background-color":"","background-image":"","background-repeat":"repeat","background-position":"center center","background-size":"auto","background-attachment":"scroll","background-type":"","background-media":"","overlay-type":"","overlay-color":"","overlay-opacity":"","overlay-gradient":""}},"ast-content-background-meta":{"desktop":{"background-color":"var(--ast-global-color-5)","background-image":"","background-repeat":"repeat","background-position":"center center","background-size":"auto","background-attachment":"scroll","background-type":"","background-media":"","overlay-type":"","overlay-color":"","overlay-opacity":"","overlay-gradient":""},"tablet":{"background-color":"var(--ast-global-color-5)","background-image":"","background-repeat":"repeat","background-position":"center center","background-size":"auto","background-attachment":"scroll","background-type":"","background-media":"","overlay-type":"","overlay-color":"","overlay-opacity":"","overlay-gradient":""},"mobile":{"background-color":"var(--ast-global-color-5)","background-image":"","background-repeat":"repeat","background-position":"center center","background-size":"auto","background-attachment":"scroll","background-type":"","background-media":"","overlay-type":"","overlay-color":"","overlay-opacity":"","overlay-gradient":""}}},"product_brand":[],"product_cat":[414,455],"product_tag":[],"class_list":{"0":"post-9562","1":"product","2":"type-product","3":"status-publish","4":"has-post-thumbnail","6":"product_cat-lacas-y-pintura","7":"product_cat-lijas-es","8":"desktop-align-center","9":"tablet-align-left","10":"mobile-align-center","12":"first","13":"instock","14":"shipping-taxable","15":"product-type-simple"},"yoast_head":"<!-- This site is optimized with the Yoast SEO plugin v27.2 - https:\/\/yoast.com\/product\/yoast-seo-wordpress\/ -->\n<title>Lija para tela C-89 - FANDELI<\/title>\n<meta name=\"description\" content=\"Lija para tela C-89 ideal para procesos textiles y acabados especiales. Papel de lija flexible con diferentes opciones de grano de lija para lograr un desgaste uniforme y controlado.\" \/>\n<meta name=\"robots\" content=\"index, follow, max-snippet:-1, max-image-preview:large, max-video-preview:-1\" \/>\n<link rel=\"canonical\" href=\"https:\/\/fandeli.com\/usa\/es\/producto\/lija-para-tela-c-89\/\" \/>\n<meta property=\"og:locale\" content=\"es_MX\" \/>\n<meta property=\"og:type\" content=\"article\" \/>\n<meta property=\"og:title\" content=\"Lija para tela C-89 - FANDELI\" \/>\n<meta property=\"og:description\" content=\"Lija para tela C-89 ideal para procesos textiles y acabados especiales. Papel de lija flexible con diferentes opciones de grano de lija para lograr un desgaste uniforme y controlado.\" \/>\n<meta property=\"og:url\" content=\"https:\/\/fandeli.com\/usa\/es\/producto\/lija-para-tela-c-89\/\" \/>\n<meta property=\"og:site_name\" content=\"FANDELI\" \/>\n<meta property=\"article:modified_time\" content=\"2026-01-27T22:09:23+00:00\" \/>\n<meta property=\"og:image\" content=\"https:\/\/fandeli.com\/usa\/wp-content\/uploads\/2024\/11\/lija-C-89-1.jpg\" \/>\n\t<meta property=\"og:image:width\" content=\"800\" \/>\n\t<meta property=\"og:image:height\" content=\"800\" \/>\n\t<meta property=\"og:image:type\" content=\"image\/jpeg\" \/>\n<meta name=\"twitter:card\" content=\"summary_large_image\" \/>\n<meta name=\"twitter:label1\" content=\"Tiempo de lectura\" \/>\n\t<meta name=\"twitter:data1\" content=\"1 minuto\" \/>\n<script type=\"application\/ld+json\" class=\"yoast-schema-graph\">{\"@context\":\"https:\/\/schema.org\",\"@graph\":[{\"@type\":\"WebPage\",\"@id\":\"https:\/\/fandeli.com\/usa\/es\/producto\/lija-para-tela-c-89\/\",\"url\":\"https:\/\/fandeli.com\/usa\/es\/producto\/lija-para-tela-c-89\/\",\"name\":\"Lija para tela C-89 - FANDELI\",\"isPartOf\":{\"@id\":\"https:\/\/fandeli.com\/usa\/#website\"},\"primaryImageOfPage\":{\"@id\":\"https:\/\/fandeli.com\/usa\/es\/producto\/lija-para-tela-c-89\/#primaryimage\"},\"image\":{\"@id\":\"https:\/\/fandeli.com\/usa\/es\/producto\/lija-para-tela-c-89\/#primaryimage\"},\"thumbnailUrl\":\"https:\/\/fandeli.com\/usa\/wp-content\/uploads\/2024\/11\/lija-C-89-1.jpg\",\"datePublished\":\"2026-01-27T21:39:44+00:00\",\"dateModified\":\"2026-01-27T22:09:23+00:00\",\"description\":\"Lija para tela C-89 ideal para procesos textiles y acabados especiales. Papel de lija flexible con diferentes opciones de grano de lija para lograr un desgaste uniforme y controlado.\",\"breadcrumb\":{\"@id\":\"https:\/\/fandeli.com\/usa\/es\/producto\/lija-para-tela-c-89\/#breadcrumb\"},\"inLanguage\":\"es\",\"potentialAction\":[{\"@type\":\"ReadAction\",\"target\":[\"https:\/\/fandeli.com\/usa\/es\/producto\/lija-para-tela-c-89\/\"]}]},{\"@type\":\"ImageObject\",\"inLanguage\":\"es\",\"@id\":\"https:\/\/fandeli.com\/usa\/es\/producto\/lija-para-tela-c-89\/#primaryimage\",\"url\":\"https:\/\/fandeli.com\/usa\/wp-content\/uploads\/2024\/11\/lija-C-89-1.jpg\",\"contentUrl\":\"https:\/\/fandeli.com\/usa\/wp-content\/uploads\/2024\/11\/lija-C-89-1.jpg\",\"width\":800,\"height\":800,\"caption\":\"Lija para tela FANDELI C-89, papel de lija resistente con grano de lija ideal para aplicaciones en metal, madera y usos generales.\"},{\"@type\":\"BreadcrumbList\",\"@id\":\"https:\/\/fandeli.com\/usa\/es\/producto\/lija-para-tela-c-89\/#breadcrumb\",\"itemListElement\":[{\"@type\":\"ListItem\",\"position\":1,\"name\":\"Portada\",\"item\":\"https:\/\/fandeli.com\/usa\/es\/inicio\/\"},{\"@type\":\"ListItem\",\"position\":2,\"name\":\"Tienda\",\"item\":\"https:\/\/fandeli.com\/usa\/es\/?page_id=13\"},{\"@type\":\"ListItem\",\"position\":3,\"name\":\"Lija para tela C-89\"}]},{\"@type\":\"WebSite\",\"@id\":\"https:\/\/fandeli.com\/usa\/#website\",\"url\":\"https:\/\/fandeli.com\/usa\/\",\"name\":\"FANDELI\",\"description\":\"FANDELI\",\"publisher\":{\"@id\":\"https:\/\/fandeli.com\/usa\/#organization\"},\"potentialAction\":[{\"@type\":\"SearchAction\",\"target\":{\"@type\":\"EntryPoint\",\"urlTemplate\":\"https:\/\/fandeli.com\/usa\/?s={search_term_string}\"},\"query-input\":{\"@type\":\"PropertyValueSpecification\",\"valueRequired\":true,\"valueName\":\"search_term_string\"}}],\"inLanguage\":\"es\"},{\"@type\":\"Organization\",\"@id\":\"https:\/\/fandeli.com\/usa\/#organization\",\"name\":\"FANDELI\",\"url\":\"https:\/\/fandeli.com\/usa\/\",\"logo\":{\"@type\":\"ImageObject\",\"inLanguage\":\"es\",\"@id\":\"https:\/\/fandeli.com\/usa\/#\/schema\/logo\/image\/\",\"url\":\"https:\/\/fandeli.com\/usa\/wp-content\/uploads\/2025\/12\/logo-fandeli-bco.svg\",\"contentUrl\":\"https:\/\/fandeli.com\/usa\/wp-content\/uploads\/2025\/12\/logo-fandeli-bco.svg\",\"width\":1486,\"height\":326,\"caption\":\"FANDELI\"},\"image\":{\"@id\":\"https:\/\/fandeli.com\/usa\/#\/schema\/logo\/image\/\"}}]}<\/script>\n<!-- \/ Yoast SEO plugin. -->","yoast_head_json":{"title":"Lija para tela C-89 - FANDELI","description":"Lija para tela C-89 ideal para procesos textiles y acabados especiales. Papel de lija flexible con diferentes opciones de grano de lija para lograr un desgaste uniforme y controlado.","robots":{"index":"index","follow":"follow","max-snippet":"max-snippet:-1","max-image-preview":"max-image-preview:large","max-video-preview":"max-video-preview:-1"},"canonical":"https:\/\/fandeli.com\/usa\/es\/producto\/lija-para-tela-c-89\/","og_locale":"es_MX","og_type":"article","og_title":"Lija para tela C-89 - FANDELI","og_description":"Lija para tela C-89 ideal para procesos textiles y acabados especiales. Papel de lija flexible con diferentes opciones de grano de lija para lograr un desgaste uniforme y controlado.","og_url":"https:\/\/fandeli.com\/usa\/es\/producto\/lija-para-tela-c-89\/","og_site_name":"FANDELI","article_modified_time":"2026-01-27T22:09:23+00:00","og_image":[{"width":800,"height":800,"url":"https:\/\/fandeli.com\/usa\/wp-content\/uploads\/2024\/11\/lija-C-89-1.jpg","type":"image\/jpeg"}],"twitter_card":"summary_large_image","twitter_misc":{"Tiempo de lectura":"1 minuto"},"schema":{"@context":"https:\/\/schema.org","@graph":[{"@type":"WebPage","@id":"https:\/\/fandeli.com\/usa\/es\/producto\/lija-para-tela-c-89\/","url":"https:\/\/fandeli.com\/usa\/es\/producto\/lija-para-tela-c-89\/","name":"Lija para tela C-89 - FANDELI","isPartOf":{"@id":"https:\/\/fandeli.com\/usa\/#website"},"primaryImageOfPage":{"@id":"https:\/\/fandeli.com\/usa\/es\/producto\/lija-para-tela-c-89\/#primaryimage"},"image":{"@id":"https:\/\/fandeli.com\/usa\/es\/producto\/lija-para-tela-c-89\/#primaryimage"},"thumbnailUrl":"https:\/\/fandeli.com\/usa\/wp-content\/uploads\/2024\/11\/lija-C-89-1.jpg","datePublished":"2026-01-27T21:39:44+00:00","dateModified":"2026-01-27T22:09:23+00:00","description":"Lija para tela C-89 ideal para procesos textiles y acabados especiales. Papel de lija flexible con diferentes opciones de grano de lija para lograr un desgaste uniforme y controlado.","breadcrumb":{"@id":"https:\/\/fandeli.com\/usa\/es\/producto\/lija-para-tela-c-89\/#breadcrumb"},"inLanguage":"es","potentialAction":[{"@type":"ReadAction","target":["https:\/\/fandeli.com\/usa\/es\/producto\/lija-para-tela-c-89\/"]}]},{"@type":"ImageObject","inLanguage":"es","@id":"https:\/\/fandeli.com\/usa\/es\/producto\/lija-para-tela-c-89\/#primaryimage","url":"https:\/\/fandeli.com\/usa\/wp-content\/uploads\/2024\/11\/lija-C-89-1.jpg","contentUrl":"https:\/\/fandeli.com\/usa\/wp-content\/uploads\/2024\/11\/lija-C-89-1.jpg","width":800,"height":800,"caption":"Lija para tela FANDELI C-89, papel de lija resistente con grano de lija ideal para aplicaciones en metal, madera y usos generales."},{"@type":"BreadcrumbList","@id":"https:\/\/fandeli.com\/usa\/es\/producto\/lija-para-tela-c-89\/#breadcrumb","itemListElement":[{"@type":"ListItem","position":1,"name":"Portada","item":"https:\/\/fandeli.com\/usa\/es\/inicio\/"},{"@type":"ListItem","position":2,"name":"Tienda","item":"https:\/\/fandeli.com\/usa\/es\/?page_id=13"},{"@type":"ListItem","position":3,"name":"Lija para tela C-89"}]},{"@type":"WebSite","@id":"https:\/\/fandeli.com\/usa\/#website","url":"https:\/\/fandeli.com\/usa\/","name":"FANDELI","description":"FANDELI","publisher":{"@id":"https:\/\/fandeli.com\/usa\/#organization"},"potentialAction":[{"@type":"SearchAction","target":{"@type":"EntryPoint","urlTemplate":"https:\/\/fandeli.com\/usa\/?s={search_term_string}"},"query-input":{"@type":"PropertyValueSpecification","valueRequired":true,"valueName":"search_term_string"}}],"inLanguage":"es"},{"@type":"Organization","@id":"https:\/\/fandeli.com\/usa\/#organization","name":"FANDELI","url":"https:\/\/fandeli.com\/usa\/","logo":{"@type":"ImageObject","inLanguage":"es","@id":"https:\/\/fandeli.com\/usa\/#\/schema\/logo\/image\/","url":"https:\/\/fandeli.com\/usa\/wp-content\/uploads\/2025\/12\/logo-fandeli-bco.svg","contentUrl":"https:\/\/fandeli.com\/usa\/wp-content\/uploads\/2025\/12\/logo-fandeli-bco.svg","width":1486,"height":326,"caption":"FANDELI"},"image":{"@id":"https:\/\/fandeli.com\/usa\/#\/schema\/logo\/image\/"}}]}},"jetpack_sharing_enabled":true,"_links":{"self":[{"href":"https:\/\/fandeli.com\/usa\/wp-json\/wp\/v2\/product\/9562","targetHints":{"allow":["GET"]}}],"collection":[{"href":"https:\/\/fandeli.com\/usa\/wp-json\/wp\/v2\/product"}],"about":[{"href":"https:\/\/fandeli.com\/usa\/wp-json\/wp\/v2\/types\/product"}],"wp:featuredmedia":[{"embeddable":true,"href":"https:\/\/fandeli.com\/usa\/wp-json\/wp\/v2\/media\/8808"}],"wp:attachment":[{"href":"https:\/\/fandeli.com\/usa\/wp-json\/wp\/v2\/media?parent=9562"}],"wp:term":[{"taxonomy":"product_brand","embeddable":true,"href":"https:\/\/fandeli.com\/usa\/wp-json\/wp\/v2\/product_brand?post=9562"},{"taxonomy":"product_cat","embeddable":true,"href":"https:\/\/fandeli.com\/usa\/wp-json\/wp\/v2\/product_cat?post=9562"},{"taxonomy":"product_tag","embeddable":true,"href":"https:\/\/fandeli.com\/usa\/wp-json\/wp\/v2\/product_tag?post=9562"}],"curies":[{"name":"wp","href":"https:\/\/api.w.org\/{rel}","templated":true}]}}