{"id":9556,"date":"2026-01-27T21:10:34","date_gmt":"2026-01-27T21:10:34","guid":{"rendered":"https:\/\/fandeli.com\/usa\/?post_type=product&#038;p=9556"},"modified":"2026-01-27T22:10:30","modified_gmt":"2026-01-27T22:10:30","slug":"lija-de-agua-a-99-b-99-c-99","status":"publish","type":"product","link":"https:\/\/fandeli.com\/usa\/es\/producto\/lija-de-agua-a-99-b-99-c-99\/","title":{"rendered":"Lija de agua A-99, B-99, C-99"},"content":{"rendered":"<p><b>Lija de agua A-99<\/b> con grados extra finos ideales para el acabado final, como la lija de agua 220, lija de agua 320, lija de agua 400, lija de agua 600 y m\u00e1s. Su respaldo con propiedades antideslizantes permite trabajar en seco o h\u00famedo, logrando acabados uniformes y precisos. <\/p>\n<p><b>Lija de agua B-99<\/b> dise\u00f1ada con grados micro finos como la lija de agua 1000, lija de agua 1500 y lija de agua 2000, ideal para microacabados y procesos de repintado automotriz sobre lacas, pinturas o metales. Tambi\u00e9n puede utilizar en superficies de pl\u00e1stico y vidrio.<\/p>\n<p><b>Lija de agua C-99<\/b> disponible en granos medianos, finos y extra finos para desbaste, acabado intermedio y final. Incluye lijas de agua 100, lija de agua 120, lija de agua 180 y m\u00e1s. Su estructura cerrada ofrece un lijado r\u00e1pido, uniforme y de larga duraci\u00f3n.<\/p>\n<table cellspacing=\"0\" cellpadding=\"0\" class=\"tabla\">\n<tr>\n<td><strong>SKU<\/strong><\/td>\n<td><strong>DESCRIPCI\u00d3N<\/strong><\/td>\n<td><strong>GRADO<\/strong><\/td>\n<td><strong>DIMENSIONES<\/strong><\/td>\n<td><strong>EMPAQUE<\/strong><\/td>\n<td><strong>CAJA<\/strong><\/td>\n<\/tr>\n<tr>\n<td>00039<\/td>\n<td>LIJA DE AGUA  A-99<\/td>\n<td>280<\/td>\n<td>9&rdquo; X 11&rdquo;<\/td>\n<td>50<\/td>\n<td>500<\/td>\n<\/tr>\n<tr>\n<td>30002<\/td>\n<td>LIJA DE AGUA  A-99<\/td>\n<td>600<\/td>\n<td>9&rdquo; X 11&rdquo;<\/td>\n<td>50<\/td>\n<td>500<\/td>\n<\/tr>\n<tr>\n<td>30004<\/td>\n<td>LIJA DE AGUA  A-99<\/td>\n<td>400<\/td>\n<td>9&rdquo; X 11&rdquo;<\/td>\n<td>50<\/td>\n<td>500<\/td>\n<\/tr>\n<tr>\n<td>30006<\/td>\n<td>LIJA DE AGUA  A-99<\/td>\n<td>320<\/td>\n<td>9&rdquo; X 11&rdquo;<\/td>\n<td>50<\/td>\n<td>500<\/td>\n<\/tr>\n<tr>\n<td>30007<\/td>\n<td>LIJA DE AGUA  A-99<\/td>\n<td>280<\/td>\n<td>9&rdquo; X 11&rdquo;<\/td>\n<td>50<\/td>\n<td>500<\/td>\n<\/tr>\n<tr>\n<td>30009<\/td>\n<td>LIJA DE AGUA  A-99<\/td>\n<td>220<\/td>\n<td>9&rdquo; X 11&rdquo;<\/td>\n<td>50<\/td>\n<td>500<\/td>\n<\/tr>\n<tr>\n<td>36812<\/td>\n<td>LIJA DE AGUA  PAQUETE A-99<\/td>\n<td>220\/320\/400<\/td>\n<td>9&rdquo; X 11&rdquo;<\/td>\n<td>25<\/td>\n<td>500<\/td>\n<\/tr>\n<tr>\n<td>74665<\/td>\n<td>LIJA DE AGUA  PAQUETE A-99<\/td>\n<td>220\/320\/400<\/td>\n<td>9&rdquo; X 11&rdquo;<\/td>\n<td>25<\/td>\n<td>500<\/td>\n<\/tr>\n<tr>\n<td>74665<\/td>\n<td>LIJA DE AGUA  PAQUETE A-99<\/td>\n<td>220\/320\/400<\/td>\n<td>9&rdquo; X 11&rdquo;<\/td>\n<td>25<\/td>\n<td>500<\/td>\n<\/tr>\n<tr>\n<td>05206<\/td>\n<td>LIJA DE AGUA  B-99<\/td>\n<td>1000<\/td>\n<td>9&rdquo; X 11&rdquo;<\/td>\n<td>50<\/td>\n<td>500<\/td>\n<\/tr>\n<tr>\n<td>08463<\/td>\n<td>LIJA DE AGUA  B-99<\/td>\n<td>2000<\/td>\n<td>9&rdquo; X 11&rdquo;<\/td>\n<td>50<\/td>\n<td>500<\/td>\n<\/tr>\n<tr>\n<td>08742<\/td>\n<td>LIJA DE AGUA  B-99<\/td>\n<td>1200<\/td>\n<td>9&rdquo; X 11&rdquo;<\/td>\n<td>50<\/td>\n<td>500<\/td>\n<\/tr>\n<tr>\n<td>11065<\/td>\n<td>LIJA DE AGUA  B-99<\/td>\n<td>1500<\/td>\n<td>9&rdquo; X 11&rdquo;<\/td>\n<td>50<\/td>\n<td>500<\/td>\n<\/tr>\n<tr>\n<td>30000<\/td>\n<td>LIJA DE AGUA  B-99<\/td>\n<td>1500<\/td>\n<td>9&rdquo; X 11&rdquo;<\/td>\n<td>50<\/td>\n<td>500<\/td>\n<\/tr>\n<tr>\n<td>30001<\/td>\n<td>LIJA DE AGUA  B-99<\/td>\n<td>1200<\/td>\n<td>9&rdquo; X 11&rdquo;<\/td>\n<td>50<\/td>\n<td>500<\/td>\n<\/tr>\n<tr>\n<td>30016<\/td>\n<td>LIJA DE AGUA  B-99<\/td>\n<td>1500<\/td>\n<td>9&rdquo; X 11&rdquo;<\/td>\n<td>50<\/td>\n<td>500<\/td>\n<\/tr>\n<tr>\n<td>30017<\/td>\n<td>LIJA DE AGUA  B-99<\/td>\n<td>1200<\/td>\n<td>9&rdquo; X 11&rdquo;<\/td>\n<td>50<\/td>\n<td>500<\/td>\n<\/tr>\n<tr>\n<td>30080<\/td>\n<td>LIJA DE AGUA  B-99<\/td>\n<td>2000<\/td>\n<td>9&rdquo; X 11&rdquo;<\/td>\n<td>50<\/td>\n<td>500<\/td>\n<\/tr>\n<tr>\n<td>30081<\/td>\n<td>LIJA DE AGUA  B-99<\/td>\n<td>1000<\/td>\n<td>9&rdquo; X 11&rdquo;<\/td>\n<td>50<\/td>\n<td>500<\/td>\n<\/tr>\n<tr>\n<td>30082<\/td>\n<td>LIJA DE AGUA  B-99<\/td>\n<td>2000<\/td>\n<td>9&rdquo; X 11&rdquo;<\/td>\n<td>50<\/td>\n<td>500<\/td>\n<\/tr>\n<tr>\n<td>30083<\/td>\n<td>LIJA DE AGUA  B-99<\/td>\n<td>1000<\/td>\n<td>9&rdquo; X 11&rdquo;<\/td>\n<td>50<\/td>\n<td>500<\/td>\n<\/tr>\n<tr>\n<td>36005HD<\/td>\n<td>LIJA DE AGUA  PAQUETE B-99<\/td>\n<td>1000<\/td>\n<td>9&rdquo; X 11&rdquo;<\/td>\n<td>25<\/td>\n<td>500<\/td>\n<\/tr>\n<tr>\n<td>36007HD<\/td>\n<td>LIJA DE AGUA  PAQUETE B-99<\/td>\n<td>1500<\/td>\n<td>9&rdquo; X 11&rdquo;<\/td>\n<td>25<\/td>\n<td>500<\/td>\n<\/tr>\n<tr>\n<td>36008HD<\/td>\n<td>LIJA DE AGUA PAQUETE B-99<\/td>\n<td>2000<\/td>\n<td>9&rdquo; X 11&rdquo;<\/td>\n<td>25<\/td>\n<td>500<\/td>\n<\/tr>\n<tr>\n<td>36935<\/td>\n<td>LIJA DE AGUA  PAQUETE B-99<\/td>\n<td>1000<\/td>\n<td>9&rdquo; X 11&rdquo;<\/td>\n<td>50<\/td>\n<td>500<\/td>\n<\/tr>\n<tr>\n<td>36936<\/td>\n<td>LIJA DE AGUA  PAQUETE B-99<\/td>\n<td>1500<\/td>\n<td>9&rdquo; X 11&rdquo;<\/td>\n<td>50<\/td>\n<td>500<\/td>\n<\/tr>\n<tr>\n<td>36937<\/td>\n<td>LIJA DE AGUA  PAQUETE B-99<\/td>\n<td>2000<\/td>\n<td>9&rdquo; X 11&rdquo;<\/td>\n<td>50<\/td>\n<td>500<\/td>\n<\/tr>\n<tr>\n<td>30010<\/td>\n<td>LIJA DE AGUA  C-99<\/td>\n<td>180<\/td>\n<td>9&rdquo; X 11&rdquo;<\/td>\n<td>50<\/td>\n<td>500<\/td>\n<\/tr>\n<tr>\n<td>30011<\/td>\n<td>LIJA DE AGUA  C-99<\/td>\n<td>150<\/td>\n<td>9&rdquo; X 11&rdquo;<\/td>\n<td>50<\/td>\n<td>500<\/td>\n<\/tr>\n<tr>\n<td>30012<\/td>\n<td>LIJA DE AGUA  C-99<\/td>\n<td>120<\/td>\n<td>9&rdquo; X 11&rdquo;<\/td>\n<td>50<\/td>\n<td>500<\/td>\n<\/tr>\n<tr>\n<td>30014<\/td>\n<td>LIJA DE AGUA  C-99<\/td>\n<td>180<\/td>\n<td>9&rdquo; X 11&rdquo;<\/td>\n<td>50<\/td>\n<td>500<\/td>\n<\/tr>\n<\/table>\n","protected":false},"excerpt":{"rendered":"<p><strong>Aplicaciones de la lija de agua <\/strong><\/p>\n<ul class=\"lista\">\n<li>F\u00e1bricas y talleres: Gracias a su papel de lija resistente al agua, permite limpiar y preparar sustratos con facilidad, ofreciendo un lijado uniforme y duradero, adem\u00e1s se cuenta con diferentes medidas de lijas de agua.<\/li>\n<li>Industria Metalmec\u00e1nica y Mantenimiento: En este sector es ideal pulir con lija de agua superficies no ferrosas como cobre, aluminio, zamak, pl\u00e1sticos y fibra de vidrio, obteniendo acabados finos y precisos gracias a su resistente lija papel que asegura un rendimiento constante.<\/li>\n<li>Talleres de Hojalater\u00eda y Pintura: La lija de agua para metal es perfecta para el lijado de pastas, masillas, primarios y lacas automotrices. Se recomienda elegir las medidas de lijas de agua adecuadas seg\u00fan el tipo de acabado requerido.<\/li>\n<li>Proyectos en el hogar: La lija de agua con respaldo de papel de lija impermeable es ideal para limpiar metales, lijar pl\u00e1sticos, vidrio, aluminio, resinas, cer\u00e1mica, pintura, laca y barniz. <\/li>\n<\/ul>\n<p><strong>Caracter\u00edsticas de la lija de agua<\/strong><\/p>\n<ul class=\"lista\">\n<li>Su alta resistencia y poder de lijado facilitan operaciones que requieren gran demanda y precisi\u00f3n, especialmente al pulir con lija de agua y utilizando lija papel de alta calidad.<\/li>\n<li>Dorso de papel de lija impermeable con propiedades antideslizantes que permiten trabajar tanto en seco como en h\u00famedo.<\/li>\n<li>Su estructura cerrada asegura un lijado r\u00e1pido, uniforme y una larga vida \u00fatil en todas las medidas de lijas de agua.<\/li>\n<li>El Carburo de Silicio logra un acabado profesional en aplicaciones h\u00famedas y en procesos con lija de agua para metal.<\/li>\n<\/ul>\n<p><strong>Aplicaciones y recomendaciones<\/strong><\/p>\n<p class=\"iconos\">\n<img decoding=\"async\" src=\"https:\/\/fandeli.com\/assets\/icons\/icon-plastico.svg\" class=\"icono\" alt=\"Lija papel FANDELI, icono de pl\u00e1sticos y reciclaje de PET.\"\/><br \/>\n<img decoding=\"async\" src=\"https:\/\/fandeli.com\/assets\/icons\/icon-lacas.svg\" class=\"icono\" alt=\"Lija de agua FANDELI perfecta para lijar pintura, laca y barniz en procesos automotrices.\"\/><br \/>\n<img decoding=\"async\" src=\"https:\/\/fandeli.com\/assets\/icons\/icon-metal-noferroso.svg\" class=\"icono\" alt=\"Lija de agua para metal no ferroso FANDELI recomendada para pulir con lija de agua aluminio, cobre y zamak.\"\/><br \/>\n<img decoding=\"async\" src=\"https:\/\/fandeli.com\/assets\/icons\/icon-vidrio.svg\" class=\"icono\" alt=\"Lija de agua FANDELI ideal para lijar y pulir vidrio con precisi\u00f3n y acabado uniforme.\"\/><br \/>\n<br \/>\n<img decoding=\"async\" src=\"https:\/\/fandeli.com\/assets\/icons\/icon-uso-lija.svg\" class=\"icono\" alt=\"Lija de agua FANDELI adaptable para uso manual o con lijadoras orbitales de diferentes medidas.\"\/><br \/>\n<img decoding=\"async\" src=\"https:\/\/fandeli.com\/assets\/icons\/icon-corte-hoja.svg\" class=\"icono\" \" alt=\"Opciones de corte de hoja y medidas de lijas de agua FANDELI para todo tipo de trabajo.\" \/><br \/>\n<img decoding=\"async\" src=\"https:\/\/fandeli.com\/assets\/icons\/icon-lijado-humedo.svg\" class=\"icono\" alt=\"Papel de lija FANDELI dise\u00f1ado para lijado en h\u00famedo con excelente resistencia al agua.\"\/>\n<\/p>\n<div id=\"descarga\">\n<p class=\"ficha\"><a href=\"https:\/\/fandeli.com\/assets\/fichas-tecnicas\/FANDELI-ficha-tecnica-de-lija-de-agua-A-99.pdf\" target=\"_blank\" class=\"botones\"><i class=\"fa fa-file\"><\/i>&nbsp;&nbsp; DESCARGA LA FICHA T\u00c9CNICA A-99<\/a> <\/p>\n<p><a href=\"https:\/\/fandeli.com\/assets\/fichas-tecnicas\/FANDELI-ficha-tecnica-de-lija-de-agua-B-99.pdf\" target=\"_blank\" class=\"botones\"><i class=\"fa fa-file\"><\/i>&nbsp;&nbsp; DESCARGA LA FICHA T\u00c9CNICA B-99<\/a> <\/p>\n<p><a href=\"https:\/\/fandeli.com\/assets\/fichas-tecnicas\/FANDELI-ficha-tecnica-de-lija-de-agua-C-99.pdf\" target=\"_blank\" class=\"botones\"><i class=\"fa fa-file\"><\/i>&nbsp;&nbsp; DESCARGA LA FICHA T\u00c9CNICA C-99<\/a><\/p>\n<h5><strong>Descarga las fotos del producto<\/strong><\/h5>\n<div id=\"foto\">\n<div class=\"foto1\">\n<a href=\"\/assets\/img\/hoja_a_99_300_dpis_comercial.zip\" class=\"btn-foto\" target=\"_blank\">300 dpis<\/a>\n<\/div>\n<div class=\"foto2\">\n<a href=\"\/assets\/img\/hoja_a_99_150_dpis_comercial.zip\" class=\"btn-foto\" target=\"_blank\">150 dpis<\/a>\n<\/div>\n<div class=\"foto3\">\n<a href=\"\/assets\/img\/hoja_a_99_72_dpis_comercial.zip\" class=\"btn-foto\" target=\"_blank\">72 dpis<\/a>\n<\/div>\n<\/div>\n<\/div>\n","protected":false},"featured_media":8786,"template":"","meta":{"site-sidebar-layout":"default","site-content-layout":"","ast-site-content-layout":"default","site-content-style":"default","site-sidebar-style":"default","ast-global-header-display":"","ast-banner-title-visibility":"","ast-main-header-display":"","ast-hfb-above-header-display":"","ast-hfb-below-header-display":"","ast-hfb-mobile-header-display":"","site-post-title":"","ast-breadcrumbs-content":"","ast-featured-img":"","footer-sml-layout":"","ast-disable-related-posts":"","theme-transparent-header-meta":"default","adv-header-id-meta":"","stick-header-meta":"","header-above-stick-meta":"","header-main-stick-meta":"","header-below-stick-meta":"","astra-migrate-meta-layouts":"set","ast-page-background-enabled":"default","ast-page-background-meta":{"desktop":{"background-color":"var(--ast-global-color-4)","background-image":"","background-repeat":"repeat","background-position":"center center","background-size":"auto","background-attachment":"scroll","background-type":"","background-media":"","overlay-type":"","overlay-color":"","overlay-opacity":"","overlay-gradient":""},"tablet":{"background-color":"","background-image":"","background-repeat":"repeat","background-position":"center center","background-size":"auto","background-attachment":"scroll","background-type":"","background-media":"","overlay-type":"","overlay-color":"","overlay-opacity":"","overlay-gradient":""},"mobile":{"background-color":"","background-image":"","background-repeat":"repeat","background-position":"center center","background-size":"auto","background-attachment":"scroll","background-type":"","background-media":"","overlay-type":"","overlay-color":"","overlay-opacity":"","overlay-gradient":""}},"ast-content-background-meta":{"desktop":{"background-color":"var(--ast-global-color-5)","background-image":"","background-repeat":"repeat","background-position":"center center","background-size":"auto","background-attachment":"scroll","background-type":"","background-media":"","overlay-type":"","overlay-color":"","overlay-opacity":"","overlay-gradient":""},"tablet":{"background-color":"var(--ast-global-color-5)","background-image":"","background-repeat":"repeat","background-position":"center center","background-size":"auto","background-attachment":"scroll","background-type":"","background-media":"","overlay-type":"","overlay-color":"","overlay-opacity":"","overlay-gradient":""},"mobile":{"background-color":"var(--ast-global-color-5)","background-image":"","background-repeat":"repeat","background-position":"center center","background-size":"auto","background-attachment":"scroll","background-type":"","background-media":"","overlay-type":"","overlay-color":"","overlay-opacity":"","overlay-gradient":""}}},"product_brand":[],"product_cat":[19,22,20,26,414,455,1118,24,1126,1122,21],"product_tag":[],"class_list":{"0":"post-9556","1":"product","2":"type-product","3":"status-publish","4":"has-post-thumbnail","6":"product_cat-carpinteria-es","7":"product_cat-construccion-es","8":"product_cat-herreria-es","9":"product_cat-hogar-es","10":"product_cat-lacas-y-pintura","11":"product_cat-lijas-es","12":"product_cat-madera","13":"product_cat-mantenimiento-es","14":"product_cat-metal-no-ferroso","15":"product_cat-plastico-es","16":"product_cat-plomeria-es","17":"desktop-align-center","18":"tablet-align-left","19":"mobile-align-center","21":"first","22":"instock","23":"shipping-taxable","24":"product-type-simple"},"yoast_head":"<!-- This site is optimized with the Yoast SEO plugin v27.2 - https:\/\/yoast.com\/product\/yoast-seo-wordpress\/ -->\n<title>Lija de agua A-99, B-99, C-99 - FANDELI<\/title>\n<meta name=\"description\" content=\"Descubre la lija de agua FANDELI, ideal para pulir superficies met\u00e1licas y no ferrosas, en seco o h\u00famedo. Con diferentes medidas de lijas de agua y dorso de lija papel resistente, obt\u00e9n acabados finos, precisos y duraderos en cada aplicaci\u00f3n.\" \/>\n<meta name=\"robots\" content=\"index, follow, max-snippet:-1, max-image-preview:large, max-video-preview:-1\" \/>\n<link rel=\"canonical\" href=\"https:\/\/fandeli.com\/usa\/es\/producto\/lija-de-agua-a-99-b-99-c-99\/\" \/>\n<meta property=\"og:locale\" content=\"es_MX\" \/>\n<meta property=\"og:type\" content=\"article\" \/>\n<meta property=\"og:title\" content=\"Lija de agua A-99, B-99, C-99 - FANDELI\" \/>\n<meta property=\"og:description\" content=\"Descubre la lija de agua FANDELI, ideal para pulir superficies met\u00e1licas y no ferrosas, en seco o h\u00famedo. Con diferentes medidas de lijas de agua y dorso de lija papel resistente, obt\u00e9n acabados finos, precisos y duraderos en cada aplicaci\u00f3n.\" \/>\n<meta property=\"og:url\" content=\"https:\/\/fandeli.com\/usa\/es\/producto\/lija-de-agua-a-99-b-99-c-99\/\" \/>\n<meta property=\"og:site_name\" content=\"FANDELI\" \/>\n<meta property=\"article:modified_time\" content=\"2026-01-27T22:10:30+00:00\" \/>\n<meta property=\"og:image\" content=\"https:\/\/fandeli.com\/usa\/wp-content\/uploads\/2026\/01\/lija-agua-A-99-B-99-C-99.jpg\" \/>\n\t<meta property=\"og:image:width\" content=\"800\" \/>\n\t<meta property=\"og:image:height\" content=\"800\" \/>\n\t<meta property=\"og:image:type\" content=\"image\/jpeg\" \/>\n<meta name=\"twitter:card\" content=\"summary_large_image\" \/>\n<meta name=\"twitter:label1\" content=\"Tiempo de lectura\" \/>\n\t<meta name=\"twitter:data1\" content=\"3 minutos\" \/>\n<script type=\"application\/ld+json\" class=\"yoast-schema-graph\">{\"@context\":\"https:\/\/schema.org\",\"@graph\":[{\"@type\":\"WebPage\",\"@id\":\"https:\/\/fandeli.com\/usa\/es\/producto\/lija-de-agua-a-99-b-99-c-99\/\",\"url\":\"https:\/\/fandeli.com\/usa\/es\/producto\/lija-de-agua-a-99-b-99-c-99\/\",\"name\":\"Lija de agua A-99, B-99, C-99 - FANDELI\",\"isPartOf\":{\"@id\":\"https:\/\/fandeli.com\/usa\/#website\"},\"primaryImageOfPage\":{\"@id\":\"https:\/\/fandeli.com\/usa\/es\/producto\/lija-de-agua-a-99-b-99-c-99\/#primaryimage\"},\"image\":{\"@id\":\"https:\/\/fandeli.com\/usa\/es\/producto\/lija-de-agua-a-99-b-99-c-99\/#primaryimage\"},\"thumbnailUrl\":\"https:\/\/fandeli.com\/usa\/wp-content\/uploads\/2026\/01\/lija-agua-A-99-B-99-C-99.jpg\",\"datePublished\":\"2026-01-27T21:10:34+00:00\",\"dateModified\":\"2026-01-27T22:10:30+00:00\",\"description\":\"Descubre la lija de agua FANDELI, ideal para pulir superficies met\u00e1licas y no ferrosas, en seco o h\u00famedo. Con diferentes medidas de lijas de agua y dorso de lija papel resistente, obt\u00e9n acabados finos, precisos y duraderos en cada aplicaci\u00f3n.\",\"breadcrumb\":{\"@id\":\"https:\/\/fandeli.com\/usa\/es\/producto\/lija-de-agua-a-99-b-99-c-99\/#breadcrumb\"},\"inLanguage\":\"es\",\"potentialAction\":[{\"@type\":\"ReadAction\",\"target\":[\"https:\/\/fandeli.com\/usa\/es\/producto\/lija-de-agua-a-99-b-99-c-99\/\"]}]},{\"@type\":\"ImageObject\",\"inLanguage\":\"es\",\"@id\":\"https:\/\/fandeli.com\/usa\/es\/producto\/lija-de-agua-a-99-b-99-c-99\/#primaryimage\",\"url\":\"https:\/\/fandeli.com\/usa\/wp-content\/uploads\/2026\/01\/lija-agua-A-99-B-99-C-99.jpg\",\"contentUrl\":\"https:\/\/fandeli.com\/usa\/wp-content\/uploads\/2026\/01\/lija-agua-A-99-B-99-C-99.jpg\",\"width\":800,\"height\":800,\"caption\":\"Lija de agua FANDELI A-99 B-99 y C-99 ideal para pulir con lija de agua y obtener acabados finos en metal y pl\u00e1stico\"},{\"@type\":\"BreadcrumbList\",\"@id\":\"https:\/\/fandeli.com\/usa\/es\/producto\/lija-de-agua-a-99-b-99-c-99\/#breadcrumb\",\"itemListElement\":[{\"@type\":\"ListItem\",\"position\":1,\"name\":\"Portada\",\"item\":\"https:\/\/fandeli.com\/usa\/es\/inicio\/\"},{\"@type\":\"ListItem\",\"position\":2,\"name\":\"Tienda\",\"item\":\"https:\/\/fandeli.com\/usa\/es\/?page_id=13\"},{\"@type\":\"ListItem\",\"position\":3,\"name\":\"Lija de agua A-99, B-99, C-99\"}]},{\"@type\":\"WebSite\",\"@id\":\"https:\/\/fandeli.com\/usa\/#website\",\"url\":\"https:\/\/fandeli.com\/usa\/\",\"name\":\"FANDELI\",\"description\":\"FANDELI\",\"publisher\":{\"@id\":\"https:\/\/fandeli.com\/usa\/#organization\"},\"potentialAction\":[{\"@type\":\"SearchAction\",\"target\":{\"@type\":\"EntryPoint\",\"urlTemplate\":\"https:\/\/fandeli.com\/usa\/?s={search_term_string}\"},\"query-input\":{\"@type\":\"PropertyValueSpecification\",\"valueRequired\":true,\"valueName\":\"search_term_string\"}}],\"inLanguage\":\"es\"},{\"@type\":\"Organization\",\"@id\":\"https:\/\/fandeli.com\/usa\/#organization\",\"name\":\"FANDELI\",\"url\":\"https:\/\/fandeli.com\/usa\/\",\"logo\":{\"@type\":\"ImageObject\",\"inLanguage\":\"es\",\"@id\":\"https:\/\/fandeli.com\/usa\/#\/schema\/logo\/image\/\",\"url\":\"https:\/\/fandeli.com\/usa\/wp-content\/uploads\/2025\/12\/logo-fandeli-bco.svg\",\"contentUrl\":\"https:\/\/fandeli.com\/usa\/wp-content\/uploads\/2025\/12\/logo-fandeli-bco.svg\",\"width\":1486,\"height\":326,\"caption\":\"FANDELI\"},\"image\":{\"@id\":\"https:\/\/fandeli.com\/usa\/#\/schema\/logo\/image\/\"}}]}<\/script>\n<!-- \/ Yoast SEO plugin. -->","yoast_head_json":{"title":"Lija de agua A-99, B-99, C-99 - FANDELI","description":"Descubre la lija de agua FANDELI, ideal para pulir superficies met\u00e1licas y no ferrosas, en seco o h\u00famedo. Con diferentes medidas de lijas de agua y dorso de lija papel resistente, obt\u00e9n acabados finos, precisos y duraderos en cada aplicaci\u00f3n.","robots":{"index":"index","follow":"follow","max-snippet":"max-snippet:-1","max-image-preview":"max-image-preview:large","max-video-preview":"max-video-preview:-1"},"canonical":"https:\/\/fandeli.com\/usa\/es\/producto\/lija-de-agua-a-99-b-99-c-99\/","og_locale":"es_MX","og_type":"article","og_title":"Lija de agua A-99, B-99, C-99 - FANDELI","og_description":"Descubre la lija de agua FANDELI, ideal para pulir superficies met\u00e1licas y no ferrosas, en seco o h\u00famedo. Con diferentes medidas de lijas de agua y dorso de lija papel resistente, obt\u00e9n acabados finos, precisos y duraderos en cada aplicaci\u00f3n.","og_url":"https:\/\/fandeli.com\/usa\/es\/producto\/lija-de-agua-a-99-b-99-c-99\/","og_site_name":"FANDELI","article_modified_time":"2026-01-27T22:10:30+00:00","og_image":[{"width":800,"height":800,"url":"https:\/\/fandeli.com\/usa\/wp-content\/uploads\/2026\/01\/lija-agua-A-99-B-99-C-99.jpg","type":"image\/jpeg"}],"twitter_card":"summary_large_image","twitter_misc":{"Tiempo de lectura":"3 minutos"},"schema":{"@context":"https:\/\/schema.org","@graph":[{"@type":"WebPage","@id":"https:\/\/fandeli.com\/usa\/es\/producto\/lija-de-agua-a-99-b-99-c-99\/","url":"https:\/\/fandeli.com\/usa\/es\/producto\/lija-de-agua-a-99-b-99-c-99\/","name":"Lija de agua A-99, B-99, C-99 - FANDELI","isPartOf":{"@id":"https:\/\/fandeli.com\/usa\/#website"},"primaryImageOfPage":{"@id":"https:\/\/fandeli.com\/usa\/es\/producto\/lija-de-agua-a-99-b-99-c-99\/#primaryimage"},"image":{"@id":"https:\/\/fandeli.com\/usa\/es\/producto\/lija-de-agua-a-99-b-99-c-99\/#primaryimage"},"thumbnailUrl":"https:\/\/fandeli.com\/usa\/wp-content\/uploads\/2026\/01\/lija-agua-A-99-B-99-C-99.jpg","datePublished":"2026-01-27T21:10:34+00:00","dateModified":"2026-01-27T22:10:30+00:00","description":"Descubre la lija de agua FANDELI, ideal para pulir superficies met\u00e1licas y no ferrosas, en seco o h\u00famedo. Con diferentes medidas de lijas de agua y dorso de lija papel resistente, obt\u00e9n acabados finos, precisos y duraderos en cada aplicaci\u00f3n.","breadcrumb":{"@id":"https:\/\/fandeli.com\/usa\/es\/producto\/lija-de-agua-a-99-b-99-c-99\/#breadcrumb"},"inLanguage":"es","potentialAction":[{"@type":"ReadAction","target":["https:\/\/fandeli.com\/usa\/es\/producto\/lija-de-agua-a-99-b-99-c-99\/"]}]},{"@type":"ImageObject","inLanguage":"es","@id":"https:\/\/fandeli.com\/usa\/es\/producto\/lija-de-agua-a-99-b-99-c-99\/#primaryimage","url":"https:\/\/fandeli.com\/usa\/wp-content\/uploads\/2026\/01\/lija-agua-A-99-B-99-C-99.jpg","contentUrl":"https:\/\/fandeli.com\/usa\/wp-content\/uploads\/2026\/01\/lija-agua-A-99-B-99-C-99.jpg","width":800,"height":800,"caption":"Lija de agua FANDELI A-99 B-99 y C-99 ideal para pulir con lija de agua y obtener acabados finos en metal y pl\u00e1stico"},{"@type":"BreadcrumbList","@id":"https:\/\/fandeli.com\/usa\/es\/producto\/lija-de-agua-a-99-b-99-c-99\/#breadcrumb","itemListElement":[{"@type":"ListItem","position":1,"name":"Portada","item":"https:\/\/fandeli.com\/usa\/es\/inicio\/"},{"@type":"ListItem","position":2,"name":"Tienda","item":"https:\/\/fandeli.com\/usa\/es\/?page_id=13"},{"@type":"ListItem","position":3,"name":"Lija de agua A-99, B-99, C-99"}]},{"@type":"WebSite","@id":"https:\/\/fandeli.com\/usa\/#website","url":"https:\/\/fandeli.com\/usa\/","name":"FANDELI","description":"FANDELI","publisher":{"@id":"https:\/\/fandeli.com\/usa\/#organization"},"potentialAction":[{"@type":"SearchAction","target":{"@type":"EntryPoint","urlTemplate":"https:\/\/fandeli.com\/usa\/?s={search_term_string}"},"query-input":{"@type":"PropertyValueSpecification","valueRequired":true,"valueName":"search_term_string"}}],"inLanguage":"es"},{"@type":"Organization","@id":"https:\/\/fandeli.com\/usa\/#organization","name":"FANDELI","url":"https:\/\/fandeli.com\/usa\/","logo":{"@type":"ImageObject","inLanguage":"es","@id":"https:\/\/fandeli.com\/usa\/#\/schema\/logo\/image\/","url":"https:\/\/fandeli.com\/usa\/wp-content\/uploads\/2025\/12\/logo-fandeli-bco.svg","contentUrl":"https:\/\/fandeli.com\/usa\/wp-content\/uploads\/2025\/12\/logo-fandeli-bco.svg","width":1486,"height":326,"caption":"FANDELI"},"image":{"@id":"https:\/\/fandeli.com\/usa\/#\/schema\/logo\/image\/"}}]}},"jetpack_sharing_enabled":true,"_links":{"self":[{"href":"https:\/\/fandeli.com\/usa\/wp-json\/wp\/v2\/product\/9556","targetHints":{"allow":["GET"]}}],"collection":[{"href":"https:\/\/fandeli.com\/usa\/wp-json\/wp\/v2\/product"}],"about":[{"href":"https:\/\/fandeli.com\/usa\/wp-json\/wp\/v2\/types\/product"}],"wp:featuredmedia":[{"embeddable":true,"href":"https:\/\/fandeli.com\/usa\/wp-json\/wp\/v2\/media\/8786"}],"wp:attachment":[{"href":"https:\/\/fandeli.com\/usa\/wp-json\/wp\/v2\/media?parent=9556"}],"wp:term":[{"taxonomy":"product_brand","embeddable":true,"href":"https:\/\/fandeli.com\/usa\/wp-json\/wp\/v2\/product_brand?post=9556"},{"taxonomy":"product_cat","embeddable":true,"href":"https:\/\/fandeli.com\/usa\/wp-json\/wp\/v2\/product_cat?post=9556"},{"taxonomy":"product_tag","embeddable":true,"href":"https:\/\/fandeli.com\/usa\/wp-json\/wp\/v2\/product_tag?post=9556"}],"curies":[{"name":"wp","href":"https:\/\/api.w.org\/{rel}","templated":true}]}}