{"id":4724,"date":"2024-12-23T13:50:14","date_gmt":"2024-12-23T13:50:14","guid":{"rendered":"https:\/\/fandeli.com\/usa\/?post_type=product&#038;p=4724"},"modified":"2024-12-23T13:53:48","modified_gmt":"2024-12-23T13:53:48","slug":"rollo-a-99-c-99","status":"publish","type":"product","link":"https:\/\/fandeli.com\/usa\/es\/producto\/rollo-a-99-c-99\/","title":{"rendered":"Rollo A-99, C-99"},"content":{"rendered":"<table cellspacing=\"0\" cellpadding=\"0\" class=\"tabla\">\n<tr>\n<td><strong>SKU<\/strong><\/td>\n<td><strong>DESCRIPCI\u00d3N<\/strong><\/td>\n<td><strong>GRADO<\/strong><\/td>\n<td><strong>DIMENSIONES<\/strong><\/td>\n<td><strong>EMPAQUE<\/strong><\/td>\n<td><strong>CAJA<\/strong><\/td>\n<\/tr>\n<tr>\n<td>01330<\/td>\n<td>ROLLO FANDELI A-99<\/td>\n<td>600<\/td>\n<td>54&quot; X 100 YDS<\/td>\n<td>1<\/td>\n<td>1<\/td>\n<\/tr>\n<tr>\n<td>01331<\/td>\n<td>ROLLO FANDELI A-99<\/td>\n<td>400<\/td>\n<td>54&quot; X 100 YDS<\/td>\n<td>1<\/td>\n<td>1<\/td>\n<\/tr>\n<tr>\n<td>01332<\/td>\n<td>ROLLO FANDELI A-99<\/td>\n<td>320<\/td>\n<td>54&quot; X 100 YDS<\/td>\n<td>1<\/td>\n<td>1<\/td>\n<\/tr>\n<tr>\n<td>01333<\/td>\n<td>ROLLO FANDELI A-99<\/td>\n<td>240<\/td>\n<td>54&quot; X 100 YDS<\/td>\n<td>1<\/td>\n<td>1<\/td>\n<\/tr>\n<tr>\n<td>01334<\/td>\n<td>ROLLO FANDELI A-99<\/td>\n<td>220<\/td>\n<td>54&quot; X 100 YDS<\/td>\n<td>1<\/td>\n<td>1<\/td>\n<\/tr>\n<tr>\n<td>27421<\/td>\n<td>ROLLO FANDELI A-99<\/td>\n<td>320<\/td>\n<td>11&quot; X 50 YDS<\/td>\n<td>1<\/td>\n<td>1<\/td>\n<\/tr>\n<tr>\n<td>30700<\/td>\n<td>ROLLO FANDELI A-99<\/td>\n<td>240<\/td>\n<td>4&quot; X 50 YDS<\/td>\n<td>1<\/td>\n<td>1<\/td>\n<\/tr>\n<tr>\n<td>30702<\/td>\n<td>ROLLO FANDELI A-99<\/td>\n<td>320<\/td>\n<td>4&quot; X 50 YDS<\/td>\n<td>1<\/td>\n<td>1<\/td>\n<\/tr>\n<tr>\n<td>30705<\/td>\n<td>ROLLO FANDELI A-99<\/td>\n<td>600<\/td>\n<td>4&quot; X 50 YDS<\/td>\n<td>1<\/td>\n<td>1<\/td>\n<\/tr>\n<tr>\n<td>72352<\/td>\n<td>ROLLO FANDELI A-99<\/td>\n<td>400<\/td>\n<td>4&quot; X 50 YDS<\/td>\n<td>1<\/td>\n<td>1<\/td>\n<\/tr>\n<tr>\n<td>79905<\/td>\n<td>ROLLO FANDELI A-99<\/td>\n<td>220<\/td>\n<td>4&quot; X 50 YDS<\/td>\n<td>1<\/td>\n<td>1<\/td>\n<\/tr>\n<tr>\n<td>01335<\/td>\n<td>ROLLO FANDELI C-99<\/td>\n<td>80<\/td>\n<td>54&quot; X 100 YDS<\/td>\n<td>1<\/td>\n<td>1<\/td>\n<\/tr>\n<tr>\n<td>02491<\/td>\n<td>ROLLO FANDELI C-99<\/td>\n<td>120<\/td>\n<td>54&quot; X 100 YDS<\/td>\n<td>1<\/td>\n<td>1<\/td>\n<\/tr>\n<tr>\n<td>02493<\/td>\n<td>ROLLO FANDELI C-99<\/td>\n<td>180<\/td>\n<td>54&quot; X 100 YDS<\/td>\n<td>1<\/td>\n<td>1<\/td>\n<\/tr>\n<tr>\n<td>03744<\/td>\n<td>ROLLO FANDELI C-99<\/td>\n<td>60<\/td>\n<td>54&quot; X 100 YDS<\/td>\n<td>1<\/td>\n<td>1<\/td>\n<\/tr>\n<tr>\n<td>19701<\/td>\n<td>ROLLO FANDELI C-99<\/td>\n<td>100<\/td>\n<td>54&quot; X 100 YDS<\/td>\n<td>1<\/td>\n<td>1<\/td>\n<\/tr>\n<tr>\n<td>28838<\/td>\n<td>ROLLO FANDELI C-99<\/td>\n<td>120<\/td>\n<td>11&quot; X 50 YDS<\/td>\n<td>1<\/td>\n<td>1<\/td>\n<\/tr>\n<tr>\n<td>71425<\/td>\n<td>ROLLO FANDELI C-99<\/td>\n<td>120<\/td>\n<td>4&quot; X 50 YDS<\/td>\n<td>1<\/td>\n<td>1<\/td>\n<\/tr>\n<tr>\n<td>71426<\/td>\n<td>ROLLO FANDELI C-99<\/td>\n<td>180<\/td>\n<td>4&quot; X 50 YDS<\/td>\n<td>1<\/td>\n<td>1<\/td>\n<\/tr>\n<\/table>\n","protected":false},"excerpt":{"rendered":"<p><strong>Aplicaciones<\/strong><\/p>\n<ul class=\"lista\">\n<li>Uso convencional en f\u00e1bricas y talleres para limpieza o preparaci\u00f3n de los sustratos.<\/li>\n<li>Industria Metalmec\u00e1nica y Mantenimiento: Limpieza y preparaci\u00f3n de superficies no ferrosas como cobre, aluminio, zamak, pl\u00e1sticos, fibra de vidrio etc.<\/li>\n<li>Talleres de Hojalater\u00eda y Pintura: Lijado de pastas, plastes y masillas, primarios universales y de relleno, pl\u00e1sticos, fibra de vidrio, lacas y transparente automotriz.<\/li>\n<li>Proyectos en el Hogar: Limpieza de metales, lijado de pl\u00e1sticos, vidrio, aluminio, resinas, cer\u00e1mica, pintura, laca, barniz. <\/li>\n<li>Perfecta para la creaci\u00f3n, mejora, reparaci\u00f3n y mantenimiento del hogar, adem\u00e1s de todo tipo de proyectos escolares.<\/li>\n<\/ul>\n<p><strong>Caracter\u00edsticas<\/strong><\/p>\n<ul class=\"lista\">\n<li>Su alta resistencia y poder de lijado facilitan operaciones que requieren de gran demanda.<\/li>\n<li>Dorso de papel impermeable con propiedades antideslizantes que permiten operaciones en seco y en h\u00famedo.<\/li>\n<li>Su estructura cerrada asegura un lijado r\u00e1pido y una larga vida \u00fatil.<\/li>\n<li>El Carburo de Silicio logra un acabado \u00fanico en aplicaciones en h\u00famedo.<\/li>\n<\/ul>\n<p><strong>Aplicaciones y recomendaciones<\/strong><\/p>\n<p class=\"iconos\">\n<img decoding=\"async\" src=\"https:\/\/fandeli.com\/assets\/icons\/icon-plastico.svg\" class=\"icono\" \/><br \/>\n<img decoding=\"async\" src=\"https:\/\/fandeli.com\/assets\/icons\/icon-lacas.svg\" class=\"icono\" \/><br \/>\n<img decoding=\"async\" src=\"https:\/\/fandeli.com\/assets\/icons\/icon-metal-noferroso.svg\" class=\"icono\" \/><br \/>\n<img decoding=\"async\" src=\"https:\/\/fandeli.com\/assets\/icons\/icon-vidrio.svg\" class=\"icono\" \/><br \/>\n<br \/>\n<img decoding=\"async\" src=\"https:\/\/fandeli.com\/assets\/icons\/icon-uso-lija.svg\" class=\"icono\" \/><br \/>\n<img decoding=\"async\" src=\"https:\/\/fandeli.com\/assets\/icons\/icon-corte-hoja.svg\" class=\"icono\" \/><br \/>\n<img decoding=\"async\" src=\"https:\/\/fandeli.com\/assets\/icons\/icon-lijado-humedo.svg\" class=\"icono\" \/>\n<\/p>\n<div id=\"descarga\">\n<p class=\"ficha\"><a href=\"https:\/\/fandeli.com\/assets\/fichas-tecnicas\/linea-a-99.pdf\" target=\"_blank\" class=\"botones\"><i class=\"fa fa-file\"><\/i>&nbsp;&nbsp; DESCARGA LA FICHA T\u00c9CNICA<\/a><\/p>\n<\/div>\n","protected":false},"featured_media":4725,"template":"","meta":{"site-sidebar-layout":"default","site-content-layout":"","ast-site-content-layout":"default","site-content-style":"default","site-sidebar-style":"default","ast-global-header-display":"","ast-banner-title-visibility":"","ast-main-header-display":"","ast-hfb-above-header-display":"","ast-hfb-below-header-display":"","ast-hfb-mobile-header-display":"","site-post-title":"","ast-breadcrumbs-content":"","ast-featured-img":"","footer-sml-layout":"","ast-disable-related-posts":"","theme-transparent-header-meta":"enabled","adv-header-id-meta":"","stick-header-meta":"","header-above-stick-meta":"","header-main-stick-meta":"","header-below-stick-meta":"","astra-migrate-meta-layouts":"set","ast-page-background-enabled":"default","ast-page-background-meta":{"desktop":{"background-color":"var(--ast-global-color-4)","background-image":"","background-repeat":"repeat","background-position":"center center","background-size":"auto","background-attachment":"scroll","background-type":"","background-media":"","overlay-type":"","overlay-color":"","overlay-opacity":"","overlay-gradient":""},"tablet":{"background-color":"","background-image":"","background-repeat":"repeat","background-position":"center center","background-size":"auto","background-attachment":"scroll","background-type":"","background-media":"","overlay-type":"","overlay-color":"","overlay-opacity":"","overlay-gradient":""},"mobile":{"background-color":"","background-image":"","background-repeat":"repeat","background-position":"center center","background-size":"auto","background-attachment":"scroll","background-type":"","background-media":"","overlay-type":"","overlay-color":"","overlay-opacity":"","overlay-gradient":""}},"ast-content-background-meta":{"desktop":{"background-color":"var(--ast-global-color-5)","background-image":"","background-repeat":"repeat","background-position":"center center","background-size":"auto","background-attachment":"scroll","background-type":"","background-media":"","overlay-type":"","overlay-color":"","overlay-opacity":"","overlay-gradient":""},"tablet":{"background-color":"var(--ast-global-color-5)","background-image":"","background-repeat":"repeat","background-position":"center center","background-size":"auto","background-attachment":"scroll","background-type":"","background-media":"","overlay-type":"","overlay-color":"","overlay-opacity":"","overlay-gradient":""},"mobile":{"background-color":"var(--ast-global-color-5)","background-image":"","background-repeat":"repeat","background-position":"center center","background-size":"auto","background-attachment":"scroll","background-type":"","background-media":"","overlay-type":"","overlay-color":"","overlay-opacity":"","overlay-gradient":""}}},"product_brand":[],"product_cat":[23,22,20,26,414,1118,24,1124,1126,1122,915,1133],"product_tag":[],"class_list":{"0":"post-4724","1":"product","2":"type-product","3":"status-publish","4":"has-post-thumbnail","6":"product_cat-automotriz-es","7":"product_cat-construccion-es","8":"product_cat-herreria-es","9":"product_cat-hogar-es","10":"product_cat-lacas-y-pintura","11":"product_cat-madera","12":"product_cat-mantenimiento-es","13":"product_cat-metal-es","14":"product_cat-metal-no-ferroso","15":"product_cat-plastico-es","16":"product_cat-rollos-de-lija-es","17":"product_cat-vidrio-es","18":"desktop-align-center","19":"tablet-align-left","20":"mobile-align-center","22":"first","23":"instock","24":"shipping-taxable","25":"product-type-simple"},"yoast_head":"<!-- This site is optimized with the Yoast SEO plugin v27.2 - https:\/\/yoast.com\/product\/yoast-seo-wordpress\/ -->\n<title>Rollo A-99, C-99 - FANDELI<\/title>\n<meta name=\"robots\" content=\"index, follow, max-snippet:-1, max-image-preview:large, max-video-preview:-1\" \/>\n<link rel=\"canonical\" href=\"https:\/\/fandeli.com\/usa\/es\/producto\/rollo-a-99-c-99\/\" \/>\n<meta property=\"og:locale\" content=\"es_MX\" \/>\n<meta property=\"og:type\" content=\"article\" \/>\n<meta property=\"og:title\" content=\"Rollo A-99, C-99 - FANDELI\" \/>\n<meta property=\"og:description\" content=\"Aplicaciones  Uso convencional en f\u00e1bricas y talleres para limpieza o preparaci\u00f3n de los sustratos. Industria Metalmec\u00e1nica y Mantenimiento: Limpieza y preparaci\u00f3n de superficies no ferrosas como cobre, aluminio, zamak, pl\u00e1sticos, fibra de vidrio etc. Talleres de Hojalater\u00eda y Pintura: Lijado de pastas, plastes y masillas, primarios universales y de relleno, pl\u00e1sticos, fibra de vidrio, lacas y transparente automotriz. Proyectos en el Hogar: Limpieza de metales, lijado de pl\u00e1sticos, vidrio, aluminio, resinas, cer\u00e1mica, pintura, laca, barniz.  Perfecta para la creaci\u00f3n, mejora, reparaci\u00f3n y mantenimiento del hogar, adem\u00e1s de todo tipo de proyectos escolares.    Caracter\u00edsticas    Su alta resistencia y poder de lijado facilitan operaciones que requieren de gran demanda. Dorso de papel impermeable con propiedades antideslizantes que permiten operaciones en seco y en h\u00famedo. Su estructura cerrada asegura un lijado r\u00e1pido y una larga vida \u00fatil. El Carburo de Silicio logra un acabado \u00fanico en aplicaciones en h\u00famedo.   Aplicaciones y recomendaciones             &nbsp;&nbsp; DESCARGA LA FICHA T\u00c9CNICA\" \/>\n<meta property=\"og:url\" content=\"https:\/\/fandeli.com\/usa\/es\/producto\/rollo-a-99-c-99\/\" \/>\n<meta property=\"og:site_name\" content=\"FANDELI\" \/>\n<meta property=\"article:modified_time\" content=\"2024-12-23T13:53:48+00:00\" \/>\n<meta property=\"og:image\" content=\"https:\/\/fandeli.com\/usa\/wp-content\/uploads\/2024\/12\/rollo-a-99-1.jpg\" \/>\n\t<meta property=\"og:image:width\" content=\"800\" \/>\n\t<meta property=\"og:image:height\" content=\"800\" \/>\n\t<meta property=\"og:image:type\" content=\"image\/jpeg\" \/>\n<meta name=\"twitter:card\" content=\"summary_large_image\" \/>\n<meta name=\"twitter:label1\" content=\"Tiempo de lectura\" \/>\n\t<meta name=\"twitter:data1\" content=\"1 minuto\" \/>\n<script type=\"application\/ld+json\" class=\"yoast-schema-graph\">{\"@context\":\"https:\/\/schema.org\",\"@graph\":[{\"@type\":\"WebPage\",\"@id\":\"https:\/\/fandeli.com\/usa\/es\/producto\/rollo-a-99-c-99\/\",\"url\":\"https:\/\/fandeli.com\/usa\/es\/producto\/rollo-a-99-c-99\/\",\"name\":\"Rollo A-99, C-99 - FANDELI\",\"isPartOf\":{\"@id\":\"https:\/\/fandeli.com\/usa\/#website\"},\"primaryImageOfPage\":{\"@id\":\"https:\/\/fandeli.com\/usa\/es\/producto\/rollo-a-99-c-99\/#primaryimage\"},\"image\":{\"@id\":\"https:\/\/fandeli.com\/usa\/es\/producto\/rollo-a-99-c-99\/#primaryimage\"},\"thumbnailUrl\":\"https:\/\/fandeli.com\/usa\/wp-content\/uploads\/2024\/12\/rollo-a-99-1.jpg\",\"datePublished\":\"2024-12-23T13:50:14+00:00\",\"dateModified\":\"2024-12-23T13:53:48+00:00\",\"breadcrumb\":{\"@id\":\"https:\/\/fandeli.com\/usa\/es\/producto\/rollo-a-99-c-99\/#breadcrumb\"},\"inLanguage\":\"es\",\"potentialAction\":[{\"@type\":\"ReadAction\",\"target\":[\"https:\/\/fandeli.com\/usa\/es\/producto\/rollo-a-99-c-99\/\"]}]},{\"@type\":\"ImageObject\",\"inLanguage\":\"es\",\"@id\":\"https:\/\/fandeli.com\/usa\/es\/producto\/rollo-a-99-c-99\/#primaryimage\",\"url\":\"https:\/\/fandeli.com\/usa\/wp-content\/uploads\/2024\/12\/rollo-a-99-1.jpg\",\"contentUrl\":\"https:\/\/fandeli.com\/usa\/wp-content\/uploads\/2024\/12\/rollo-a-99-1.jpg\",\"width\":800,\"height\":800},{\"@type\":\"BreadcrumbList\",\"@id\":\"https:\/\/fandeli.com\/usa\/es\/producto\/rollo-a-99-c-99\/#breadcrumb\",\"itemListElement\":[{\"@type\":\"ListItem\",\"position\":1,\"name\":\"Portada\",\"item\":\"https:\/\/fandeli.com\/usa\/es\/inicio\/\"},{\"@type\":\"ListItem\",\"position\":2,\"name\":\"Tienda\",\"item\":\"https:\/\/fandeli.com\/usa\/es\/?page_id=13\"},{\"@type\":\"ListItem\",\"position\":3,\"name\":\"Rollo A-99, C-99\"}]},{\"@type\":\"WebSite\",\"@id\":\"https:\/\/fandeli.com\/usa\/#website\",\"url\":\"https:\/\/fandeli.com\/usa\/\",\"name\":\"FANDELI\",\"description\":\"FANDELI\",\"publisher\":{\"@id\":\"https:\/\/fandeli.com\/usa\/#organization\"},\"potentialAction\":[{\"@type\":\"SearchAction\",\"target\":{\"@type\":\"EntryPoint\",\"urlTemplate\":\"https:\/\/fandeli.com\/usa\/?s={search_term_string}\"},\"query-input\":{\"@type\":\"PropertyValueSpecification\",\"valueRequired\":true,\"valueName\":\"search_term_string\"}}],\"inLanguage\":\"es\"},{\"@type\":\"Organization\",\"@id\":\"https:\/\/fandeli.com\/usa\/#organization\",\"name\":\"FANDELI\",\"url\":\"https:\/\/fandeli.com\/usa\/\",\"logo\":{\"@type\":\"ImageObject\",\"inLanguage\":\"es\",\"@id\":\"https:\/\/fandeli.com\/usa\/#\/schema\/logo\/image\/\",\"url\":\"https:\/\/fandeli.com\/usa\/wp-content\/uploads\/2025\/12\/logo-fandeli-bco.svg\",\"contentUrl\":\"https:\/\/fandeli.com\/usa\/wp-content\/uploads\/2025\/12\/logo-fandeli-bco.svg\",\"width\":1486,\"height\":326,\"caption\":\"FANDELI\"},\"image\":{\"@id\":\"https:\/\/fandeli.com\/usa\/#\/schema\/logo\/image\/\"}}]}<\/script>\n<!-- \/ Yoast SEO plugin. -->","yoast_head_json":{"title":"Rollo A-99, C-99 - FANDELI","robots":{"index":"index","follow":"follow","max-snippet":"max-snippet:-1","max-image-preview":"max-image-preview:large","max-video-preview":"max-video-preview:-1"},"canonical":"https:\/\/fandeli.com\/usa\/es\/producto\/rollo-a-99-c-99\/","og_locale":"es_MX","og_type":"article","og_title":"Rollo A-99, C-99 - FANDELI","og_description":"Aplicaciones  Uso convencional en f\u00e1bricas y talleres para limpieza o preparaci\u00f3n de los sustratos. Industria Metalmec\u00e1nica y Mantenimiento: Limpieza y preparaci\u00f3n de superficies no ferrosas como cobre, aluminio, zamak, pl\u00e1sticos, fibra de vidrio etc. Talleres de Hojalater\u00eda y Pintura: Lijado de pastas, plastes y masillas, primarios universales y de relleno, pl\u00e1sticos, fibra de vidrio, lacas y transparente automotriz. Proyectos en el Hogar: Limpieza de metales, lijado de pl\u00e1sticos, vidrio, aluminio, resinas, cer\u00e1mica, pintura, laca, barniz.  Perfecta para la creaci\u00f3n, mejora, reparaci\u00f3n y mantenimiento del hogar, adem\u00e1s de todo tipo de proyectos escolares.    Caracter\u00edsticas    Su alta resistencia y poder de lijado facilitan operaciones que requieren de gran demanda. Dorso de papel impermeable con propiedades antideslizantes que permiten operaciones en seco y en h\u00famedo. Su estructura cerrada asegura un lijado r\u00e1pido y una larga vida \u00fatil. El Carburo de Silicio logra un acabado \u00fanico en aplicaciones en h\u00famedo.   Aplicaciones y recomendaciones             &nbsp;&nbsp; DESCARGA LA FICHA T\u00c9CNICA","og_url":"https:\/\/fandeli.com\/usa\/es\/producto\/rollo-a-99-c-99\/","og_site_name":"FANDELI","article_modified_time":"2024-12-23T13:53:48+00:00","og_image":[{"width":800,"height":800,"url":"https:\/\/fandeli.com\/usa\/wp-content\/uploads\/2024\/12\/rollo-a-99-1.jpg","type":"image\/jpeg"}],"twitter_card":"summary_large_image","twitter_misc":{"Tiempo de lectura":"1 minuto"},"schema":{"@context":"https:\/\/schema.org","@graph":[{"@type":"WebPage","@id":"https:\/\/fandeli.com\/usa\/es\/producto\/rollo-a-99-c-99\/","url":"https:\/\/fandeli.com\/usa\/es\/producto\/rollo-a-99-c-99\/","name":"Rollo A-99, C-99 - FANDELI","isPartOf":{"@id":"https:\/\/fandeli.com\/usa\/#website"},"primaryImageOfPage":{"@id":"https:\/\/fandeli.com\/usa\/es\/producto\/rollo-a-99-c-99\/#primaryimage"},"image":{"@id":"https:\/\/fandeli.com\/usa\/es\/producto\/rollo-a-99-c-99\/#primaryimage"},"thumbnailUrl":"https:\/\/fandeli.com\/usa\/wp-content\/uploads\/2024\/12\/rollo-a-99-1.jpg","datePublished":"2024-12-23T13:50:14+00:00","dateModified":"2024-12-23T13:53:48+00:00","breadcrumb":{"@id":"https:\/\/fandeli.com\/usa\/es\/producto\/rollo-a-99-c-99\/#breadcrumb"},"inLanguage":"es","potentialAction":[{"@type":"ReadAction","target":["https:\/\/fandeli.com\/usa\/es\/producto\/rollo-a-99-c-99\/"]}]},{"@type":"ImageObject","inLanguage":"es","@id":"https:\/\/fandeli.com\/usa\/es\/producto\/rollo-a-99-c-99\/#primaryimage","url":"https:\/\/fandeli.com\/usa\/wp-content\/uploads\/2024\/12\/rollo-a-99-1.jpg","contentUrl":"https:\/\/fandeli.com\/usa\/wp-content\/uploads\/2024\/12\/rollo-a-99-1.jpg","width":800,"height":800},{"@type":"BreadcrumbList","@id":"https:\/\/fandeli.com\/usa\/es\/producto\/rollo-a-99-c-99\/#breadcrumb","itemListElement":[{"@type":"ListItem","position":1,"name":"Portada","item":"https:\/\/fandeli.com\/usa\/es\/inicio\/"},{"@type":"ListItem","position":2,"name":"Tienda","item":"https:\/\/fandeli.com\/usa\/es\/?page_id=13"},{"@type":"ListItem","position":3,"name":"Rollo A-99, C-99"}]},{"@type":"WebSite","@id":"https:\/\/fandeli.com\/usa\/#website","url":"https:\/\/fandeli.com\/usa\/","name":"FANDELI","description":"FANDELI","publisher":{"@id":"https:\/\/fandeli.com\/usa\/#organization"},"potentialAction":[{"@type":"SearchAction","target":{"@type":"EntryPoint","urlTemplate":"https:\/\/fandeli.com\/usa\/?s={search_term_string}"},"query-input":{"@type":"PropertyValueSpecification","valueRequired":true,"valueName":"search_term_string"}}],"inLanguage":"es"},{"@type":"Organization","@id":"https:\/\/fandeli.com\/usa\/#organization","name":"FANDELI","url":"https:\/\/fandeli.com\/usa\/","logo":{"@type":"ImageObject","inLanguage":"es","@id":"https:\/\/fandeli.com\/usa\/#\/schema\/logo\/image\/","url":"https:\/\/fandeli.com\/usa\/wp-content\/uploads\/2025\/12\/logo-fandeli-bco.svg","contentUrl":"https:\/\/fandeli.com\/usa\/wp-content\/uploads\/2025\/12\/logo-fandeli-bco.svg","width":1486,"height":326,"caption":"FANDELI"},"image":{"@id":"https:\/\/fandeli.com\/usa\/#\/schema\/logo\/image\/"}}]}},"jetpack_sharing_enabled":true,"_links":{"self":[{"href":"https:\/\/fandeli.com\/usa\/wp-json\/wp\/v2\/product\/4724","targetHints":{"allow":["GET"]}}],"collection":[{"href":"https:\/\/fandeli.com\/usa\/wp-json\/wp\/v2\/product"}],"about":[{"href":"https:\/\/fandeli.com\/usa\/wp-json\/wp\/v2\/types\/product"}],"wp:featuredmedia":[{"embeddable":true,"href":"https:\/\/fandeli.com\/usa\/wp-json\/wp\/v2\/media\/4725"}],"wp:attachment":[{"href":"https:\/\/fandeli.com\/usa\/wp-json\/wp\/v2\/media?parent=4724"}],"wp:term":[{"taxonomy":"product_brand","embeddable":true,"href":"https:\/\/fandeli.com\/usa\/wp-json\/wp\/v2\/product_brand?post=4724"},{"taxonomy":"product_cat","embeddable":true,"href":"https:\/\/fandeli.com\/usa\/wp-json\/wp\/v2\/product_cat?post=4724"},{"taxonomy":"product_tag","embeddable":true,"href":"https:\/\/fandeli.com\/usa\/wp-json\/wp\/v2\/product_tag?post=4724"}],"curies":[{"name":"wp","href":"https:\/\/api.w.org\/{rel}","templated":true}]}}