{"id":4619,"date":"2024-12-13T00:52:41","date_gmt":"2024-12-13T00:52:41","guid":{"rendered":"https:\/\/fandeli.com\/usa\/?post_type=product&#038;p=4619"},"modified":"2026-01-27T20:29:06","modified_gmt":"2026-01-27T20:29:06","slug":"discos-fibra-g-18","status":"publish","type":"product","link":"https:\/\/fandeli.com\/usa\/es\/producto\/discos-fibra-g-18\/","title":{"rendered":"Discos fibra G-18"},"content":{"rendered":"<table cellspacing=\"0\" cellpadding=\"0\" class=\"tabla\">\n<tr>\n<td><strong>SKU<\/strong><\/td>\n<td><strong>DESCRIPCI\u00d3N<\/strong><\/td>\n<td><strong>GRADO<\/strong><\/td>\n<td><strong>DIMENSIONES<\/strong><\/td>\n<td><strong>EMPAQUE<\/strong><\/td>\n<td><strong>CAJA<\/strong><\/td>\n<\/tr>\n<tr>\n<td>01019<\/td>\n<td>DISCO FIBRA FANDELI G-18<\/td>\n<td>36<\/td>\n<td>5&rdquo; X 7\/8&rdquo;<\/td>\n<td>25<\/td>\n<td>100<\/td>\n<\/tr>\n<tr>\n<td>01960<\/td>\n<td>DISCO FIBRA FANDELI G-18<\/td>\n<td>36<\/td>\n<td>4 1\/2&rdquo; X 7\/8&rdquo;<\/td>\n<td>25<\/td>\n<td>100<\/td>\n<\/tr>\n<tr>\n<td>32774<\/td>\n<td>DISCO FIBRA FANDELI G-18<\/td>\n<td>50<\/td>\n<td>5&rdquo; X 7\/8&rdquo;<\/td>\n<td>25<\/td>\n<td>100<\/td>\n<\/tr>\n<tr>\n<td>32775<\/td>\n<td>DISCO FIBRA FANDELI G-18<\/td>\n<td>36<\/td>\n<td>5&rdquo; X 7\/8&rdquo;<\/td>\n<td>25<\/td>\n<td>100<\/td>\n<\/tr>\n<tr>\n<td>32776<\/td>\n<td>DISCO FIBRA FANDELI G-18<\/td>\n<td>24<\/td>\n<td>5&rdquo; X 7\/8&rdquo;<\/td>\n<td>25<\/td>\n<td>100<\/td>\n<\/tr>\n<tr>\n<td>32780<\/td>\n<td>DISCO FIBRA FANDELI G-18<\/td>\n<td>36<\/td>\n<td>7&rdquo; X 7\/8&rdquo;<\/td>\n<td>25<\/td>\n<td>100<\/td>\n<\/tr>\n<\/table>\n","protected":false},"excerpt":{"rendered":"<p><strong>Aplicaciones<\/strong><\/p>\n<ul class=\"lista\">\n<li>Ideales para operaciones industriales y de limpieza pesadas, sistema dise\u00f1ado para la disipaci\u00f3n de calor que evita quemaduras en las piezas.<\/li>\n<li>Tareas de desbaste pesado e intermedio.<\/li>\n<li>Lijado de acero endurecido, aleado e inoxidable.<\/li>\n<li>Remoci\u00f3n de cordones de soldadura.<\/li>\n<li>Para eficientar la distribuci\u00f3n las soldaduras lo m\u00e1s sim\u00e9tricamente posible y emplear el m\u00ednimo de material de aporte posible.<\/li>\n<li>Las aleaciones de inoxidable se aplican en la industrias farmac\u00e9utica, alimenticia y nuclear por lo que de mayor importancia la m\u00e1xima calidad y que el trabajo resultado no afecte la resistencia a la corrosi\u00f3n o la salubridad de la superficie.<\/li>\n<li>Tanto los bordes como las superficies trabajados, deben estar libres de \u00f3xidos superficiales y se ha de cuidar la humedad, cuya presencia puede producir porosidades en el cord\u00f3n de soldadura, de ah\u00ed la importancia del lijado previo y para asegurar acabados adecuados.<\/li>\n<\/ul>\n<p><strong>Caracter\u00edsticas<\/strong><\/p>\n<ul class=\"lista\">\n<li>Excelente desempe\u00f1o en operaciones que requieren de altas presiones de operaci\u00f3n.<\/li>\n<li>Acci\u00f3n agresiva, desempe\u00f1o superior y larga vida \u00fatil.<\/li>\n<li>Alta dureza y resistencia, tiene mayor rigidez y m\u00e1xima resistencia.<\/li>\n<li>Su sistema de disipaci\u00f3n de calor evita quemaduras en las piezas.<\/li>\n<li>Tama\u00f1os disponibles: 4 1\/2\u201d, 5\u201d y 7\u201d<\/li>\n<\/ul>\n<p><strong>Aplicaciones y recomendaciones<\/strong><\/p>\n<p class=\"iconos\">\n<img decoding=\"async\" src=\"\/assets\/icons\/icon-metal.svg\" class=\"icono\" \/><br \/>\n<img decoding=\"async\" src=\"\/assets\/icons\/icon-metal-noferroso.svg\" class=\"icono\" \/><br \/>\n<img decoding=\"async\" src=\"\/assets\/icons\/icon-G-88-1.svg\" class=\"icono\" \/><br \/>\n<img decoding=\"async\" src=\"\/assets\/icons\/icon-G-88-2.svg\" class=\"icono\" \/><br \/>\n<img decoding=\"async\" src=\"\/assets\/icons\/icon-G-88-3.svg\" class=\"icono\" \/><br \/>\n<img decoding=\"async\" src=\"\/assets\/icons\/icon-G-88-4.svg\" class=\"icono\" \/>\n<\/p>\n<div id=\"descarga\">\n<p class=\"lista\"><a href=\"\/assets\/fichas-tecnicas\/linea-g-18.pdf\" target=\"_blank\" class=\"botones\"><i class=\"fa fa-file\"><\/i>&nbsp;&nbsp; DESCARGA LA FICHA T\u00c9CNICA<\/a><\/p>\n<\/div>\n","protected":false},"featured_media":8762,"template":"","meta":{"site-sidebar-layout":"default","site-content-layout":"","ast-site-content-layout":"default","site-content-style":"default","site-sidebar-style":"default","ast-global-header-display":"","ast-banner-title-visibility":"","ast-main-header-display":"","ast-hfb-above-header-display":"","ast-hfb-below-header-display":"","ast-hfb-mobile-header-display":"","site-post-title":"","ast-breadcrumbs-content":"","ast-featured-img":"","footer-sml-layout":"","ast-disable-related-posts":"","theme-transparent-header-meta":"default","adv-header-id-meta":"","stick-header-meta":"","header-above-stick-meta":"","header-main-stick-meta":"","header-below-stick-meta":"","astra-migrate-meta-layouts":"set","ast-page-background-enabled":"default","ast-page-background-meta":{"desktop":{"background-color":"var(--ast-global-color-4)","background-image":"","background-repeat":"repeat","background-position":"center center","background-size":"auto","background-attachment":"scroll","background-type":"","background-media":"","overlay-type":"","overlay-color":"","overlay-opacity":"","overlay-gradient":""},"tablet":{"background-color":"","background-image":"","background-repeat":"repeat","background-position":"center center","background-size":"auto","background-attachment":"scroll","background-type":"","background-media":"","overlay-type":"","overlay-color":"","overlay-opacity":"","overlay-gradient":""},"mobile":{"background-color":"","background-image":"","background-repeat":"repeat","background-position":"center center","background-size":"auto","background-attachment":"scroll","background-type":"","background-media":"","overlay-type":"","overlay-color":"","overlay-opacity":"","overlay-gradient":""}},"ast-content-background-meta":{"desktop":{"background-color":"var(--ast-global-color-5)","background-image":"","background-repeat":"repeat","background-position":"center center","background-size":"auto","background-attachment":"scroll","background-type":"","background-media":"","overlay-type":"","overlay-color":"","overlay-opacity":"","overlay-gradient":""},"tablet":{"background-color":"var(--ast-global-color-5)","background-image":"","background-repeat":"repeat","background-position":"center center","background-size":"auto","background-attachment":"scroll","background-type":"","background-media":"","overlay-type":"","overlay-color":"","overlay-opacity":"","overlay-gradient":""},"mobile":{"background-color":"var(--ast-global-color-5)","background-image":"","background-repeat":"repeat","background-position":"center center","background-size":"auto","background-attachment":"scroll","background-type":"","background-media":"","overlay-type":"","overlay-color":"","overlay-opacity":"","overlay-gradient":""}}},"product_brand":[],"product_cat":[313,20,1124,1126],"product_tag":[],"class_list":{"0":"post-4619","1":"product","2":"type-product","3":"status-publish","4":"has-post-thumbnail","6":"product_cat-discos-de-fibra-es","7":"product_cat-herreria-es","8":"product_cat-metal-es","9":"product_cat-metal-no-ferroso","10":"desktop-align-center","11":"tablet-align-left","12":"mobile-align-center","14":"first","15":"instock","16":"shipping-taxable","17":"product-type-simple"},"yoast_head":"<!-- This site is optimized with the Yoast SEO plugin v27.2 - https:\/\/yoast.com\/product\/yoast-seo-wordpress\/ -->\n<title>Discos fibra G-18 - FANDELI<\/title>\n<meta name=\"robots\" content=\"index, follow, max-snippet:-1, max-image-preview:large, max-video-preview:-1\" \/>\n<link rel=\"canonical\" href=\"https:\/\/fandeli.com\/usa\/es\/producto\/discos-fibra-g-18\/\" \/>\n<meta property=\"og:locale\" content=\"es_MX\" \/>\n<meta property=\"og:type\" content=\"article\" \/>\n<meta property=\"og:title\" content=\"Discos fibra G-18 - FANDELI\" \/>\n<meta property=\"og:description\" content=\"Aplicaciones   Ideales para operaciones industriales y de limpieza pesadas, sistema dise\u00f1ado para la disipaci\u00f3n de calor que evita quemaduras en las piezas. Tareas de desbaste pesado e intermedio. Lijado de acero endurecido, aleado e inoxidable. Remoci\u00f3n de cordones de soldadura. Para eficientar la distribuci\u00f3n las soldaduras lo m\u00e1s sim\u00e9tricamente posible y emplear el m\u00ednimo de material de aporte posible. Las aleaciones de inoxidable se aplican en la industrias farmac\u00e9utica, alimenticia y nuclear por lo que de mayor importancia la m\u00e1xima calidad y que el trabajo resultado no afecte la resistencia a la corrosi\u00f3n o la salubridad de la superficie. Tanto los bordes como las superficies trabajados, deben estar libres de \u00f3xidos superficiales y se ha de cuidar la humedad, cuya presencia puede producir porosidades en el cord\u00f3n de soldadura, de ah\u00ed la importancia del lijado previo y para asegurar acabados adecuados.    Caracter\u00edsticas    Excelente desempe\u00f1o en operaciones que requieren de altas presiones de operaci\u00f3n. Acci\u00f3n agresiva, desempe\u00f1o superior y larga vida \u00fatil. Alta dureza y resistencia, tiene mayor rigidez y m\u00e1xima resistencia. Su sistema de disipaci\u00f3n de calor evita quemaduras en las piezas. Tama\u00f1os disponibles: 4 1\/2\u201d, 5\u201d y 7\u201d    Aplicaciones y recomendaciones                   &nbsp;&nbsp; DESCARGA LA FICHA T\u00c9CNICA\" \/>\n<meta property=\"og:url\" content=\"https:\/\/fandeli.com\/usa\/es\/producto\/discos-fibra-g-18\/\" \/>\n<meta property=\"og:site_name\" content=\"FANDELI\" \/>\n<meta property=\"article:modified_time\" content=\"2026-01-27T20:29:06+00:00\" \/>\n<meta property=\"og:image\" content=\"https:\/\/fandeli.com\/usa\/wp-content\/uploads\/2026\/01\/discos-g-18.jpg\" \/>\n\t<meta property=\"og:image:width\" content=\"800\" \/>\n\t<meta property=\"og:image:height\" content=\"800\" \/>\n\t<meta property=\"og:image:type\" content=\"image\/jpeg\" \/>\n<meta name=\"twitter:card\" content=\"summary_large_image\" \/>\n<meta name=\"twitter:label1\" content=\"Tiempo de lectura\" \/>\n\t<meta name=\"twitter:data1\" content=\"1 minuto\" \/>\n<script type=\"application\/ld+json\" class=\"yoast-schema-graph\">{\"@context\":\"https:\/\/schema.org\",\"@graph\":[{\"@type\":\"WebPage\",\"@id\":\"https:\/\/fandeli.com\/usa\/es\/producto\/discos-fibra-g-18\/\",\"url\":\"https:\/\/fandeli.com\/usa\/es\/producto\/discos-fibra-g-18\/\",\"name\":\"Discos fibra G-18 - FANDELI\",\"isPartOf\":{\"@id\":\"https:\/\/fandeli.com\/usa\/#website\"},\"primaryImageOfPage\":{\"@id\":\"https:\/\/fandeli.com\/usa\/es\/producto\/discos-fibra-g-18\/#primaryimage\"},\"image\":{\"@id\":\"https:\/\/fandeli.com\/usa\/es\/producto\/discos-fibra-g-18\/#primaryimage\"},\"thumbnailUrl\":\"https:\/\/fandeli.com\/usa\/wp-content\/uploads\/2026\/01\/discos-g-18.jpg\",\"datePublished\":\"2024-12-13T00:52:41+00:00\",\"dateModified\":\"2026-01-27T20:29:06+00:00\",\"breadcrumb\":{\"@id\":\"https:\/\/fandeli.com\/usa\/es\/producto\/discos-fibra-g-18\/#breadcrumb\"},\"inLanguage\":\"es\",\"potentialAction\":[{\"@type\":\"ReadAction\",\"target\":[\"https:\/\/fandeli.com\/usa\/es\/producto\/discos-fibra-g-18\/\"]}]},{\"@type\":\"ImageObject\",\"inLanguage\":\"es\",\"@id\":\"https:\/\/fandeli.com\/usa\/es\/producto\/discos-fibra-g-18\/#primaryimage\",\"url\":\"https:\/\/fandeli.com\/usa\/wp-content\/uploads\/2026\/01\/discos-g-18.jpg\",\"contentUrl\":\"https:\/\/fandeli.com\/usa\/wp-content\/uploads\/2026\/01\/discos-g-18.jpg\",\"width\":800,\"height\":800},{\"@type\":\"BreadcrumbList\",\"@id\":\"https:\/\/fandeli.com\/usa\/es\/producto\/discos-fibra-g-18\/#breadcrumb\",\"itemListElement\":[{\"@type\":\"ListItem\",\"position\":1,\"name\":\"Portada\",\"item\":\"https:\/\/fandeli.com\/usa\/es\/inicio\/\"},{\"@type\":\"ListItem\",\"position\":2,\"name\":\"Tienda\",\"item\":\"https:\/\/fandeli.com\/usa\/es\/?page_id=13\"},{\"@type\":\"ListItem\",\"position\":3,\"name\":\"Discos fibra G-18\"}]},{\"@type\":\"WebSite\",\"@id\":\"https:\/\/fandeli.com\/usa\/#website\",\"url\":\"https:\/\/fandeli.com\/usa\/\",\"name\":\"FANDELI\",\"description\":\"FANDELI\",\"publisher\":{\"@id\":\"https:\/\/fandeli.com\/usa\/#organization\"},\"potentialAction\":[{\"@type\":\"SearchAction\",\"target\":{\"@type\":\"EntryPoint\",\"urlTemplate\":\"https:\/\/fandeli.com\/usa\/?s={search_term_string}\"},\"query-input\":{\"@type\":\"PropertyValueSpecification\",\"valueRequired\":true,\"valueName\":\"search_term_string\"}}],\"inLanguage\":\"es\"},{\"@type\":\"Organization\",\"@id\":\"https:\/\/fandeli.com\/usa\/#organization\",\"name\":\"FANDELI\",\"url\":\"https:\/\/fandeli.com\/usa\/\",\"logo\":{\"@type\":\"ImageObject\",\"inLanguage\":\"es\",\"@id\":\"https:\/\/fandeli.com\/usa\/#\/schema\/logo\/image\/\",\"url\":\"https:\/\/fandeli.com\/usa\/wp-content\/uploads\/2025\/12\/logo-fandeli-bco.svg\",\"contentUrl\":\"https:\/\/fandeli.com\/usa\/wp-content\/uploads\/2025\/12\/logo-fandeli-bco.svg\",\"width\":1486,\"height\":326,\"caption\":\"FANDELI\"},\"image\":{\"@id\":\"https:\/\/fandeli.com\/usa\/#\/schema\/logo\/image\/\"}}]}<\/script>\n<!-- \/ Yoast SEO plugin. -->","yoast_head_json":{"title":"Discos fibra G-18 - FANDELI","robots":{"index":"index","follow":"follow","max-snippet":"max-snippet:-1","max-image-preview":"max-image-preview:large","max-video-preview":"max-video-preview:-1"},"canonical":"https:\/\/fandeli.com\/usa\/es\/producto\/discos-fibra-g-18\/","og_locale":"es_MX","og_type":"article","og_title":"Discos fibra G-18 - FANDELI","og_description":"Aplicaciones   Ideales para operaciones industriales y de limpieza pesadas, sistema dise\u00f1ado para la disipaci\u00f3n de calor que evita quemaduras en las piezas. Tareas de desbaste pesado e intermedio. Lijado de acero endurecido, aleado e inoxidable. Remoci\u00f3n de cordones de soldadura. Para eficientar la distribuci\u00f3n las soldaduras lo m\u00e1s sim\u00e9tricamente posible y emplear el m\u00ednimo de material de aporte posible. Las aleaciones de inoxidable se aplican en la industrias farmac\u00e9utica, alimenticia y nuclear por lo que de mayor importancia la m\u00e1xima calidad y que el trabajo resultado no afecte la resistencia a la corrosi\u00f3n o la salubridad de la superficie. Tanto los bordes como las superficies trabajados, deben estar libres de \u00f3xidos superficiales y se ha de cuidar la humedad, cuya presencia puede producir porosidades en el cord\u00f3n de soldadura, de ah\u00ed la importancia del lijado previo y para asegurar acabados adecuados.    Caracter\u00edsticas    Excelente desempe\u00f1o en operaciones que requieren de altas presiones de operaci\u00f3n. Acci\u00f3n agresiva, desempe\u00f1o superior y larga vida \u00fatil. Alta dureza y resistencia, tiene mayor rigidez y m\u00e1xima resistencia. Su sistema de disipaci\u00f3n de calor evita quemaduras en las piezas. Tama\u00f1os disponibles: 4 1\/2\u201d, 5\u201d y 7\u201d    Aplicaciones y recomendaciones                   &nbsp;&nbsp; DESCARGA LA FICHA T\u00c9CNICA","og_url":"https:\/\/fandeli.com\/usa\/es\/producto\/discos-fibra-g-18\/","og_site_name":"FANDELI","article_modified_time":"2026-01-27T20:29:06+00:00","og_image":[{"width":800,"height":800,"url":"https:\/\/fandeli.com\/usa\/wp-content\/uploads\/2026\/01\/discos-g-18.jpg","type":"image\/jpeg"}],"twitter_card":"summary_large_image","twitter_misc":{"Tiempo de lectura":"1 minuto"},"schema":{"@context":"https:\/\/schema.org","@graph":[{"@type":"WebPage","@id":"https:\/\/fandeli.com\/usa\/es\/producto\/discos-fibra-g-18\/","url":"https:\/\/fandeli.com\/usa\/es\/producto\/discos-fibra-g-18\/","name":"Discos fibra G-18 - FANDELI","isPartOf":{"@id":"https:\/\/fandeli.com\/usa\/#website"},"primaryImageOfPage":{"@id":"https:\/\/fandeli.com\/usa\/es\/producto\/discos-fibra-g-18\/#primaryimage"},"image":{"@id":"https:\/\/fandeli.com\/usa\/es\/producto\/discos-fibra-g-18\/#primaryimage"},"thumbnailUrl":"https:\/\/fandeli.com\/usa\/wp-content\/uploads\/2026\/01\/discos-g-18.jpg","datePublished":"2024-12-13T00:52:41+00:00","dateModified":"2026-01-27T20:29:06+00:00","breadcrumb":{"@id":"https:\/\/fandeli.com\/usa\/es\/producto\/discos-fibra-g-18\/#breadcrumb"},"inLanguage":"es","potentialAction":[{"@type":"ReadAction","target":["https:\/\/fandeli.com\/usa\/es\/producto\/discos-fibra-g-18\/"]}]},{"@type":"ImageObject","inLanguage":"es","@id":"https:\/\/fandeli.com\/usa\/es\/producto\/discos-fibra-g-18\/#primaryimage","url":"https:\/\/fandeli.com\/usa\/wp-content\/uploads\/2026\/01\/discos-g-18.jpg","contentUrl":"https:\/\/fandeli.com\/usa\/wp-content\/uploads\/2026\/01\/discos-g-18.jpg","width":800,"height":800},{"@type":"BreadcrumbList","@id":"https:\/\/fandeli.com\/usa\/es\/producto\/discos-fibra-g-18\/#breadcrumb","itemListElement":[{"@type":"ListItem","position":1,"name":"Portada","item":"https:\/\/fandeli.com\/usa\/es\/inicio\/"},{"@type":"ListItem","position":2,"name":"Tienda","item":"https:\/\/fandeli.com\/usa\/es\/?page_id=13"},{"@type":"ListItem","position":3,"name":"Discos fibra G-18"}]},{"@type":"WebSite","@id":"https:\/\/fandeli.com\/usa\/#website","url":"https:\/\/fandeli.com\/usa\/","name":"FANDELI","description":"FANDELI","publisher":{"@id":"https:\/\/fandeli.com\/usa\/#organization"},"potentialAction":[{"@type":"SearchAction","target":{"@type":"EntryPoint","urlTemplate":"https:\/\/fandeli.com\/usa\/?s={search_term_string}"},"query-input":{"@type":"PropertyValueSpecification","valueRequired":true,"valueName":"search_term_string"}}],"inLanguage":"es"},{"@type":"Organization","@id":"https:\/\/fandeli.com\/usa\/#organization","name":"FANDELI","url":"https:\/\/fandeli.com\/usa\/","logo":{"@type":"ImageObject","inLanguage":"es","@id":"https:\/\/fandeli.com\/usa\/#\/schema\/logo\/image\/","url":"https:\/\/fandeli.com\/usa\/wp-content\/uploads\/2025\/12\/logo-fandeli-bco.svg","contentUrl":"https:\/\/fandeli.com\/usa\/wp-content\/uploads\/2025\/12\/logo-fandeli-bco.svg","width":1486,"height":326,"caption":"FANDELI"},"image":{"@id":"https:\/\/fandeli.com\/usa\/#\/schema\/logo\/image\/"}}]}},"jetpack_sharing_enabled":true,"_links":{"self":[{"href":"https:\/\/fandeli.com\/usa\/wp-json\/wp\/v2\/product\/4619","targetHints":{"allow":["GET"]}}],"collection":[{"href":"https:\/\/fandeli.com\/usa\/wp-json\/wp\/v2\/product"}],"about":[{"href":"https:\/\/fandeli.com\/usa\/wp-json\/wp\/v2\/types\/product"}],"wp:featuredmedia":[{"embeddable":true,"href":"https:\/\/fandeli.com\/usa\/wp-json\/wp\/v2\/media\/8762"}],"wp:attachment":[{"href":"https:\/\/fandeli.com\/usa\/wp-json\/wp\/v2\/media?parent=4619"}],"wp:term":[{"taxonomy":"product_brand","embeddable":true,"href":"https:\/\/fandeli.com\/usa\/wp-json\/wp\/v2\/product_brand?post=4619"},{"taxonomy":"product_cat","embeddable":true,"href":"https:\/\/fandeli.com\/usa\/wp-json\/wp\/v2\/product_cat?post=4619"},{"taxonomy":"product_tag","embeddable":true,"href":"https:\/\/fandeli.com\/usa\/wp-json\/wp\/v2\/product_tag?post=4619"}],"curies":[{"name":"wp","href":"https:\/\/api.w.org\/{rel}","templated":true}]}}