{"id":3464,"date":"2024-11-29T15:56:05","date_gmt":"2024-11-29T15:56:05","guid":{"rendered":"https:\/\/fandeli.com\/usa\/?post_type=product&#038;p=3464"},"modified":"2026-01-27T22:15:44","modified_gmt":"2026-01-27T22:15:44","slug":"rollo-x-86","status":"publish","type":"product","link":"https:\/\/fandeli.com\/usa\/es\/producto\/rollo-x-86\/","title":{"rendered":"Rollo X-86"},"content":{"rendered":"<table cellspacing=\"0\" cellpadding=\"0\" class=\"tabla\">\n<tr>\n<td><strong>SKU<\/strong><\/td>\n<td><strong>DESCRIPCI\u00d3N<\/strong><\/td>\n<td><strong>GRADO<\/strong><\/td>\n<td><strong>DIMENSIONES<\/strong><\/td>\n<td><strong>EMPAQUE<\/strong><\/td>\n<td><strong>CAJA<\/strong><\/td>\n<\/tr>\n<tr>\n<td>27715<\/td>\n<td>ROLLO FANDELI X-86<\/td>\n<td>36<\/td>\n<td>3&rdquo; 50 YDS<\/td>\n<td>5<\/td>\n<td>5<\/td>\n<\/tr>\n<tr>\n<td>70381<\/td>\n<td>ROLLO FANDELI X-86<\/td>\n<td>36<\/td>\n<td>12&rdquo; 50 YDS<\/td>\n<td>1<\/td>\n<td>1<\/td>\n<\/tr>\n<tr>\n<td>02670<\/td>\n<td>ROLLO FANDELI X-86<\/td>\n<td>40<\/td>\n<td>2&rdquo; 50 YDS<\/td>\n<td>1<\/td>\n<td>10<\/td>\n<\/tr>\n<tr>\n<td>05753<\/td>\n<td>ROLLO FANDELI X-86<\/td>\n<td>50<\/td>\n<td>1 1\/2&rdquo; 50 YDS<\/td>\n<td>1<\/td>\n<td>10<\/td>\n<\/tr>\n<tr>\n<td>02673<\/td>\n<td>ROLLO FANDELI X-86<\/td>\n<td>50<\/td>\n<td>2&rdquo; 50 YDS<\/td>\n<td>1<\/td>\n<td>10<\/td>\n<\/tr>\n<tr>\n<td>01085<\/td>\n<td>ROLLO FANDELI X-86<\/td>\n<td>60<\/td>\n<td>1&rdquo; 50 YDS<\/td>\n<td>1<\/td>\n<td>10<\/td>\n<\/tr>\n<tr>\n<td>01457<\/td>\n<td>ROLLO FANDELI X-86<\/td>\n<td>60<\/td>\n<td>2&rdquo; 50 YDS<\/td>\n<td>1<\/td>\n<td>10<\/td>\n<\/tr>\n<tr>\n<td>28620<\/td>\n<td>ROLLO FANDELI X-86<\/td>\n<td>60<\/td>\n<td>12&rdquo; 50 YDS<\/td>\n<td>1<\/td>\n<td>1<\/td>\n<\/tr>\n<tr>\n<td>11798<\/td>\n<td>ROLLO FANDELI X-86<\/td>\n<td>80<\/td>\n<td>12&rdquo; 100 YDS<\/td>\n<td>1<\/td>\n<td>1<\/td>\n<\/tr>\n<\/table>\n","protected":false},"excerpt":{"rendered":"<p><strong>Aplicaciones<\/strong><\/p>\n<ul class=\"lista\">\n<li>Dise\u00f1ados para operaciones en la industria o el taller que requieran de acabados de alta calidad y desempe\u00f1o oper\u00e1ndolos sobre sustratos de madera y metal.<\/li>\n<li>Son herramientas ideales para limpiar y pulir madera, pl\u00e1sticos, lacas, pinturas, metales ferrosos y no ferrosos.<\/li>\n<\/ul>\n<p><strong>Caracter\u00edsticas<\/strong><\/p>\n<ul class=\"lista\">\n<li>Brindan una \u00f3ptima calidad de acabados.<\/li>\n<li>Su estructura cerrada incrementa su poder de lijado.<\/li>\n<\/ul>\n<p><strong>Aplicaciones y recomendaciones<\/strong><\/p>\n<p class=\"iconos\">\n<img decoding=\"async\" src=\"\/assets\/icons\/icon-madera.svg\" class=\"icono\" \/><br \/>\n<img decoding=\"async\" src=\"\/assets\/icons\/icon-plastico.svg\" class=\"icono\" \/><br \/>\n<img decoding=\"async\" src=\"\/assets\/icons\/icon-metal.svg\" class=\"icono\" \/><br \/>\n<img decoding=\"async\" src=\"\/assets\/icons\/icon-lacas.svg\" class=\"icono\" \/><br \/>\n<img decoding=\"async\" src=\"\/assets\/icons\/icon-metal-noferroso.svg\" class=\"icono\" \/><br \/>\n<img decoding=\"async\" src=\"\/assets\/icons\/icon-uso-lija.svg\" class=\"icono\" \/>\n<\/p>\n<div id=\"descarga\">\n<p class=\"lista\"><a href=\"\/assets\/fichas-tecnicas\/FANDELI-ficha-tecnica-linea-X-86.pdf\" target=\"_blank\" class=\"botones\"><i class=\"fa fa-file\"><\/i>&nbsp;&nbsp; DESCARGA LA FICHA T\u00c9CNICA<\/a><\/p>\n<h5><strong>Descarga las fotos del producto<\/strong><\/h5>\n<div id=\"foto\">\n<div class=\"foto1\">\n<a href=\"\/assets\/img\/rollo_x_86_300_dpis_comercial.zip\" class=\"btn-foto\" target=\"_blank\">300 dpis<\/a>\n<\/div>\n<div class=\"foto2\">\n<a href=\"\/assets\/img\/rollo_x_86_150_dpis_comercial.zip\" class=\"btn-foto\" target=\"_blank\">150 dpis<\/a>\n<\/div>\n<div class=\"foto3\">\n<a href=\"\/assets\/img\/rollo_x_86_72_dpis_comercial.zip\" class=\"btn-foto\" target=\"_blank\">72 dpis<\/a>\n<\/div>\n<\/div>\n<\/div>\n","protected":false},"featured_media":9021,"template":"","meta":{"site-sidebar-layout":"default","site-content-layout":"","ast-site-content-layout":"default","site-content-style":"default","site-sidebar-style":"default","ast-global-header-display":"","ast-banner-title-visibility":"","ast-main-header-display":"","ast-hfb-above-header-display":"","ast-hfb-below-header-display":"","ast-hfb-mobile-header-display":"","site-post-title":"","ast-breadcrumbs-content":"","ast-featured-img":"","footer-sml-layout":"","ast-disable-related-posts":"","theme-transparent-header-meta":"default","adv-header-id-meta":"","stick-header-meta":"","header-above-stick-meta":"","header-main-stick-meta":"","header-below-stick-meta":"","astra-migrate-meta-layouts":"set","ast-page-background-enabled":"default","ast-page-background-meta":{"desktop":{"background-color":"var(--ast-global-color-4)","background-image":"","background-repeat":"repeat","background-position":"center center","background-size":"auto","background-attachment":"scroll","background-type":"","background-media":"","overlay-type":"","overlay-color":"","overlay-opacity":"","overlay-gradient":""},"tablet":{"background-color":"","background-image":"","background-repeat":"repeat","background-position":"center center","background-size":"auto","background-attachment":"scroll","background-type":"","background-media":"","overlay-type":"","overlay-color":"","overlay-opacity":"","overlay-gradient":""},"mobile":{"background-color":"","background-image":"","background-repeat":"repeat","background-position":"center center","background-size":"auto","background-attachment":"scroll","background-type":"","background-media":"","overlay-type":"","overlay-color":"","overlay-opacity":"","overlay-gradient":""}},"ast-content-background-meta":{"desktop":{"background-color":"var(--ast-global-color-5)","background-image":"","background-repeat":"repeat","background-position":"center center","background-size":"auto","background-attachment":"scroll","background-type":"","background-media":"","overlay-type":"","overlay-color":"","overlay-opacity":"","overlay-gradient":""},"tablet":{"background-color":"var(--ast-global-color-5)","background-image":"","background-repeat":"repeat","background-position":"center center","background-size":"auto","background-attachment":"scroll","background-type":"","background-media":"","overlay-type":"","overlay-color":"","overlay-opacity":"","overlay-gradient":""},"mobile":{"background-color":"var(--ast-global-color-5)","background-image":"","background-repeat":"repeat","background-position":"center center","background-size":"auto","background-attachment":"scroll","background-type":"","background-media":"","overlay-type":"","overlay-color":"","overlay-opacity":"","overlay-gradient":""}}},"product_brand":[],"product_cat":[19,20,414,1118,1126,1122,915],"product_tag":[],"class_list":{"0":"post-3464","1":"product","2":"type-product","3":"status-publish","4":"has-post-thumbnail","6":"product_cat-carpinteria-es","7":"product_cat-herreria-es","8":"product_cat-lacas-y-pintura","9":"product_cat-madera","10":"product_cat-metal-no-ferroso","11":"product_cat-plastico-es","12":"product_cat-rollos-de-lija-es","13":"desktop-align-center","14":"tablet-align-left","15":"mobile-align-center","17":"first","18":"instock","19":"shipping-taxable","20":"product-type-simple"},"yoast_head":"<!-- This site is optimized with the Yoast SEO plugin v27.2 - https:\/\/yoast.com\/product\/yoast-seo-wordpress\/ -->\n<title>Rollo X-86 - FANDELI<\/title>\n<meta name=\"robots\" content=\"index, follow, max-snippet:-1, max-image-preview:large, max-video-preview:-1\" \/>\n<link rel=\"canonical\" href=\"https:\/\/fandeli.com\/usa\/es\/producto\/rollo-x-86\/\" \/>\n<meta property=\"og:locale\" content=\"es_MX\" \/>\n<meta property=\"og:type\" content=\"article\" \/>\n<meta property=\"og:title\" content=\"Rollo X-86 - FANDELI\" \/>\n<meta property=\"og:description\" content=\"Aplicaciones   Dise\u00f1ados para operaciones en la industria o el taller que requieran de acabados de alta calidad y desempe\u00f1o oper\u00e1ndolos sobre sustratos de madera y metal. Son herramientas ideales para limpiar y pulir madera, pl\u00e1sticos, lacas, pinturas, metales ferrosos y no ferrosos.   Caracter\u00edsticas    Brindan una \u00f3ptima calidad de acabados. Su estructura cerrada incrementa su poder de lijado.     Aplicaciones y recomendaciones                 &nbsp;&nbsp; DESCARGA LA FICHA T\u00c9CNICA  Descarga las fotos del producto    300 dpis   150 dpis   72 dpis\" \/>\n<meta property=\"og:url\" content=\"https:\/\/fandeli.com\/usa\/es\/producto\/rollo-x-86\/\" \/>\n<meta property=\"og:site_name\" content=\"FANDELI\" \/>\n<meta property=\"article:modified_time\" content=\"2026-01-27T22:15:44+00:00\" \/>\n<meta property=\"og:image\" content=\"https:\/\/fandeli.com\/usa\/wp-content\/uploads\/2024\/11\/rollo-x-86-1.jpg\" \/>\n\t<meta property=\"og:image:width\" content=\"800\" \/>\n\t<meta property=\"og:image:height\" content=\"800\" \/>\n\t<meta property=\"og:image:type\" content=\"image\/jpeg\" \/>\n<meta name=\"twitter:card\" content=\"summary_large_image\" \/>\n<meta name=\"twitter:label1\" content=\"Tiempo de lectura\" \/>\n\t<meta name=\"twitter:data1\" content=\"1 minuto\" \/>\n<script type=\"application\/ld+json\" class=\"yoast-schema-graph\">{\"@context\":\"https:\/\/schema.org\",\"@graph\":[{\"@type\":\"WebPage\",\"@id\":\"https:\/\/fandeli.com\/usa\/es\/producto\/rollo-x-86\/\",\"url\":\"https:\/\/fandeli.com\/usa\/es\/producto\/rollo-x-86\/\",\"name\":\"Rollo X-86 - FANDELI\",\"isPartOf\":{\"@id\":\"https:\/\/fandeli.com\/usa\/#website\"},\"primaryImageOfPage\":{\"@id\":\"https:\/\/fandeli.com\/usa\/es\/producto\/rollo-x-86\/#primaryimage\"},\"image\":{\"@id\":\"https:\/\/fandeli.com\/usa\/es\/producto\/rollo-x-86\/#primaryimage\"},\"thumbnailUrl\":\"https:\/\/fandeli.com\/usa\/wp-content\/uploads\/2024\/11\/rollo-x-86-1.jpg\",\"datePublished\":\"2024-11-29T15:56:05+00:00\",\"dateModified\":\"2026-01-27T22:15:44+00:00\",\"breadcrumb\":{\"@id\":\"https:\/\/fandeli.com\/usa\/es\/producto\/rollo-x-86\/#breadcrumb\"},\"inLanguage\":\"es\",\"potentialAction\":[{\"@type\":\"ReadAction\",\"target\":[\"https:\/\/fandeli.com\/usa\/es\/producto\/rollo-x-86\/\"]}]},{\"@type\":\"ImageObject\",\"inLanguage\":\"es\",\"@id\":\"https:\/\/fandeli.com\/usa\/es\/producto\/rollo-x-86\/#primaryimage\",\"url\":\"https:\/\/fandeli.com\/usa\/wp-content\/uploads\/2024\/11\/rollo-x-86-1.jpg\",\"contentUrl\":\"https:\/\/fandeli.com\/usa\/wp-content\/uploads\/2024\/11\/rollo-x-86-1.jpg\",\"width\":800,\"height\":800},{\"@type\":\"BreadcrumbList\",\"@id\":\"https:\/\/fandeli.com\/usa\/es\/producto\/rollo-x-86\/#breadcrumb\",\"itemListElement\":[{\"@type\":\"ListItem\",\"position\":1,\"name\":\"Portada\",\"item\":\"https:\/\/fandeli.com\/usa\/es\/inicio\/\"},{\"@type\":\"ListItem\",\"position\":2,\"name\":\"Tienda\",\"item\":\"https:\/\/fandeli.com\/usa\/es\/?page_id=13\"},{\"@type\":\"ListItem\",\"position\":3,\"name\":\"Rollo X-86\"}]},{\"@type\":\"WebSite\",\"@id\":\"https:\/\/fandeli.com\/usa\/#website\",\"url\":\"https:\/\/fandeli.com\/usa\/\",\"name\":\"FANDELI\",\"description\":\"FANDELI\",\"publisher\":{\"@id\":\"https:\/\/fandeli.com\/usa\/#organization\"},\"potentialAction\":[{\"@type\":\"SearchAction\",\"target\":{\"@type\":\"EntryPoint\",\"urlTemplate\":\"https:\/\/fandeli.com\/usa\/?s={search_term_string}\"},\"query-input\":{\"@type\":\"PropertyValueSpecification\",\"valueRequired\":true,\"valueName\":\"search_term_string\"}}],\"inLanguage\":\"es\"},{\"@type\":\"Organization\",\"@id\":\"https:\/\/fandeli.com\/usa\/#organization\",\"name\":\"FANDELI\",\"url\":\"https:\/\/fandeli.com\/usa\/\",\"logo\":{\"@type\":\"ImageObject\",\"inLanguage\":\"es\",\"@id\":\"https:\/\/fandeli.com\/usa\/#\/schema\/logo\/image\/\",\"url\":\"https:\/\/fandeli.com\/usa\/wp-content\/uploads\/2025\/12\/logo-fandeli-bco.svg\",\"contentUrl\":\"https:\/\/fandeli.com\/usa\/wp-content\/uploads\/2025\/12\/logo-fandeli-bco.svg\",\"width\":1486,\"height\":326,\"caption\":\"FANDELI\"},\"image\":{\"@id\":\"https:\/\/fandeli.com\/usa\/#\/schema\/logo\/image\/\"}}]}<\/script>\n<!-- \/ Yoast SEO plugin. -->","yoast_head_json":{"title":"Rollo X-86 - FANDELI","robots":{"index":"index","follow":"follow","max-snippet":"max-snippet:-1","max-image-preview":"max-image-preview:large","max-video-preview":"max-video-preview:-1"},"canonical":"https:\/\/fandeli.com\/usa\/es\/producto\/rollo-x-86\/","og_locale":"es_MX","og_type":"article","og_title":"Rollo X-86 - FANDELI","og_description":"Aplicaciones   Dise\u00f1ados para operaciones en la industria o el taller que requieran de acabados de alta calidad y desempe\u00f1o oper\u00e1ndolos sobre sustratos de madera y metal. Son herramientas ideales para limpiar y pulir madera, pl\u00e1sticos, lacas, pinturas, metales ferrosos y no ferrosos.   Caracter\u00edsticas    Brindan una \u00f3ptima calidad de acabados. Su estructura cerrada incrementa su poder de lijado.     Aplicaciones y recomendaciones                 &nbsp;&nbsp; DESCARGA LA FICHA T\u00c9CNICA  Descarga las fotos del producto    300 dpis   150 dpis   72 dpis","og_url":"https:\/\/fandeli.com\/usa\/es\/producto\/rollo-x-86\/","og_site_name":"FANDELI","article_modified_time":"2026-01-27T22:15:44+00:00","og_image":[{"width":800,"height":800,"url":"https:\/\/fandeli.com\/usa\/wp-content\/uploads\/2024\/11\/rollo-x-86-1.jpg","type":"image\/jpeg"}],"twitter_card":"summary_large_image","twitter_misc":{"Tiempo de lectura":"1 minuto"},"schema":{"@context":"https:\/\/schema.org","@graph":[{"@type":"WebPage","@id":"https:\/\/fandeli.com\/usa\/es\/producto\/rollo-x-86\/","url":"https:\/\/fandeli.com\/usa\/es\/producto\/rollo-x-86\/","name":"Rollo X-86 - FANDELI","isPartOf":{"@id":"https:\/\/fandeli.com\/usa\/#website"},"primaryImageOfPage":{"@id":"https:\/\/fandeli.com\/usa\/es\/producto\/rollo-x-86\/#primaryimage"},"image":{"@id":"https:\/\/fandeli.com\/usa\/es\/producto\/rollo-x-86\/#primaryimage"},"thumbnailUrl":"https:\/\/fandeli.com\/usa\/wp-content\/uploads\/2024\/11\/rollo-x-86-1.jpg","datePublished":"2024-11-29T15:56:05+00:00","dateModified":"2026-01-27T22:15:44+00:00","breadcrumb":{"@id":"https:\/\/fandeli.com\/usa\/es\/producto\/rollo-x-86\/#breadcrumb"},"inLanguage":"es","potentialAction":[{"@type":"ReadAction","target":["https:\/\/fandeli.com\/usa\/es\/producto\/rollo-x-86\/"]}]},{"@type":"ImageObject","inLanguage":"es","@id":"https:\/\/fandeli.com\/usa\/es\/producto\/rollo-x-86\/#primaryimage","url":"https:\/\/fandeli.com\/usa\/wp-content\/uploads\/2024\/11\/rollo-x-86-1.jpg","contentUrl":"https:\/\/fandeli.com\/usa\/wp-content\/uploads\/2024\/11\/rollo-x-86-1.jpg","width":800,"height":800},{"@type":"BreadcrumbList","@id":"https:\/\/fandeli.com\/usa\/es\/producto\/rollo-x-86\/#breadcrumb","itemListElement":[{"@type":"ListItem","position":1,"name":"Portada","item":"https:\/\/fandeli.com\/usa\/es\/inicio\/"},{"@type":"ListItem","position":2,"name":"Tienda","item":"https:\/\/fandeli.com\/usa\/es\/?page_id=13"},{"@type":"ListItem","position":3,"name":"Rollo X-86"}]},{"@type":"WebSite","@id":"https:\/\/fandeli.com\/usa\/#website","url":"https:\/\/fandeli.com\/usa\/","name":"FANDELI","description":"FANDELI","publisher":{"@id":"https:\/\/fandeli.com\/usa\/#organization"},"potentialAction":[{"@type":"SearchAction","target":{"@type":"EntryPoint","urlTemplate":"https:\/\/fandeli.com\/usa\/?s={search_term_string}"},"query-input":{"@type":"PropertyValueSpecification","valueRequired":true,"valueName":"search_term_string"}}],"inLanguage":"es"},{"@type":"Organization","@id":"https:\/\/fandeli.com\/usa\/#organization","name":"FANDELI","url":"https:\/\/fandeli.com\/usa\/","logo":{"@type":"ImageObject","inLanguage":"es","@id":"https:\/\/fandeli.com\/usa\/#\/schema\/logo\/image\/","url":"https:\/\/fandeli.com\/usa\/wp-content\/uploads\/2025\/12\/logo-fandeli-bco.svg","contentUrl":"https:\/\/fandeli.com\/usa\/wp-content\/uploads\/2025\/12\/logo-fandeli-bco.svg","width":1486,"height":326,"caption":"FANDELI"},"image":{"@id":"https:\/\/fandeli.com\/usa\/#\/schema\/logo\/image\/"}}]}},"jetpack_sharing_enabled":true,"_links":{"self":[{"href":"https:\/\/fandeli.com\/usa\/wp-json\/wp\/v2\/product\/3464","targetHints":{"allow":["GET"]}}],"collection":[{"href":"https:\/\/fandeli.com\/usa\/wp-json\/wp\/v2\/product"}],"about":[{"href":"https:\/\/fandeli.com\/usa\/wp-json\/wp\/v2\/types\/product"}],"wp:featuredmedia":[{"embeddable":true,"href":"https:\/\/fandeli.com\/usa\/wp-json\/wp\/v2\/media\/9021"}],"wp:attachment":[{"href":"https:\/\/fandeli.com\/usa\/wp-json\/wp\/v2\/media?parent=3464"}],"wp:term":[{"taxonomy":"product_brand","embeddable":true,"href":"https:\/\/fandeli.com\/usa\/wp-json\/wp\/v2\/product_brand?post=3464"},{"taxonomy":"product_cat","embeddable":true,"href":"https:\/\/fandeli.com\/usa\/wp-json\/wp\/v2\/product_cat?post=3464"},{"taxonomy":"product_tag","embeddable":true,"href":"https:\/\/fandeli.com\/usa\/wp-json\/wp\/v2\/product_tag?post=3464"}],"curies":[{"name":"wp","href":"https:\/\/api.w.org\/{rel}","templated":true}]}}