{"id":3456,"date":"2024-11-29T15:47:07","date_gmt":"2024-11-29T15:47:07","guid":{"rendered":"https:\/\/fandeli.com\/usa\/?post_type=product&#038;p=3456"},"modified":"2026-01-27T20:30:21","modified_gmt":"2026-01-27T20:30:21","slug":"rollo-pc26","status":"publish","type":"product","link":"https:\/\/fandeli.com\/usa\/es\/producto\/rollo-pc26\/","title":{"rendered":"Rollo PC26"},"content":{"rendered":"<table cellspacing=\"0\" cellpadding=\"0\" class=\"tabla\">\n<tr>\n<td><strong>SKU<\/strong><\/td>\n<td><strong>DESCRIPCI\u00d3N<\/strong><\/td>\n<td><strong>GRADO<\/strong><\/td>\n<td><strong>DIMENSIONES<\/strong><\/td>\n<td><strong>EMPAQUE<\/strong><\/td>\n<td><strong>CAJA<\/strong><\/td>\n<\/tr>\n<tr>\n<td>73050<\/td>\n<td>ROLLO FANDELI PC26 KWIK-GRIP<\/td>\n<td>60<\/td>\n<td>27&quot; X 13 YDS<\/td>\n<td>1<\/td>\n<td>1<\/td>\n<\/tr>\n<tr>\n<td>73051<\/td>\n<td>ROLLO FANDELI PC26 KWIK-GRIP<\/td>\n<td>80<\/td>\n<td>27&quot; X 13 YDS<\/td>\n<td>1<\/td>\n<td>1<\/td>\n<\/tr>\n<tr>\n<td>73052<\/td>\n<td>ROLLO FANDELI PC26 KWIK-GRIP<\/td>\n<td>220<\/td>\n<td>27&quot; X 13 YDS<\/td>\n<td>1<\/td>\n<td>1<\/td>\n<\/tr>\n<\/table>\n","protected":false},"excerpt":{"rendered":"<p><strong>Aplicaciones<\/strong><\/p>\n<ul class=\"lista\">\n<li>Disco cer\u00e1mico con mezcla de aluminio, dorso f\u00edlmico, anclaje Gripit y recubierto cerrado.<\/li>\n<li>Lijado de mayor eficiencia y larga vida \u00fatil por su grano cer\u00e1mico.<\/li>\n<li>Su respaldo  ico permite un lijado suave y flexible, con mayor resistencia durante el trabajo.<\/li>\n<\/ul>\n<p><strong>Caracter\u00edsticas<\/strong><\/p>\n<ul class=\"lista\">\n<li>Alta resistencia. <\/li>\n<li>Larga vida \u00fatil. <\/li>\n<li>Sistemas de anclaje: Gripit.<\/li>\n<\/ul>\n<p><strong>Aplicaciones y recomendaciones<\/strong><\/p>\n<p class=\"iconos\">\n<img decoding=\"async\" src=\"\/assets\/icons\/icon-lacas.svg\" class=\"icono\" \/><br \/>\n<img decoding=\"async\" src=\"\/assets\/icons\/icon-fibra-vidrio.svg\" class=\"icono\" \/><br \/>\n<img decoding=\"async\" src=\"\/assets\/icons\/icon-metal.svg\" class=\"icono\" \/><br \/>\n<img decoding=\"async\" src=\"\/assets\/icons\/icon-plastico.svg\" class=\"icono\" \/><br \/>\n<img decoding=\"async\" src=\"\/assets\/icons\/icon-uso-lija.svg\" class=\"icono\" \/><\/p>\n","protected":false},"featured_media":3458,"template":"","meta":{"site-sidebar-layout":"default","site-content-layout":"","ast-site-content-layout":"default","site-content-style":"default","site-sidebar-style":"default","ast-global-header-display":"","ast-banner-title-visibility":"","ast-main-header-display":"","ast-hfb-above-header-display":"","ast-hfb-below-header-display":"","ast-hfb-mobile-header-display":"","site-post-title":"","ast-breadcrumbs-content":"","ast-featured-img":"","footer-sml-layout":"","ast-disable-related-posts":"","theme-transparent-header-meta":"default","adv-header-id-meta":"","stick-header-meta":"","header-above-stick-meta":"","header-main-stick-meta":"","header-below-stick-meta":"","astra-migrate-meta-layouts":"set","ast-page-background-enabled":"default","ast-page-background-meta":{"desktop":{"background-color":"var(--ast-global-color-4)","background-image":"","background-repeat":"repeat","background-position":"center center","background-size":"auto","background-attachment":"scroll","background-type":"","background-media":"","overlay-type":"","overlay-color":"","overlay-opacity":"","overlay-gradient":""},"tablet":{"background-color":"","background-image":"","background-repeat":"repeat","background-position":"center center","background-size":"auto","background-attachment":"scroll","background-type":"","background-media":"","overlay-type":"","overlay-color":"","overlay-opacity":"","overlay-gradient":""},"mobile":{"background-color":"","background-image":"","background-repeat":"repeat","background-position":"center center","background-size":"auto","background-attachment":"scroll","background-type":"","background-media":"","overlay-type":"","overlay-color":"","overlay-opacity":"","overlay-gradient":""}},"ast-content-background-meta":{"desktop":{"background-color":"var(--ast-global-color-5)","background-image":"","background-repeat":"repeat","background-position":"center center","background-size":"auto","background-attachment":"scroll","background-type":"","background-media":"","overlay-type":"","overlay-color":"","overlay-opacity":"","overlay-gradient":""},"tablet":{"background-color":"var(--ast-global-color-5)","background-image":"","background-repeat":"repeat","background-position":"center center","background-size":"auto","background-attachment":"scroll","background-type":"","background-media":"","overlay-type":"","overlay-color":"","overlay-opacity":"","overlay-gradient":""},"mobile":{"background-color":"var(--ast-global-color-5)","background-image":"","background-repeat":"repeat","background-position":"center center","background-size":"auto","background-attachment":"scroll","background-type":"","background-media":"","overlay-type":"","overlay-color":"","overlay-opacity":"","overlay-gradient":""}}},"product_brand":[],"product_cat":[23,287,1126,1122,915],"product_tag":[],"class_list":{"0":"post-3456","1":"product","2":"type-product","3":"status-publish","4":"has-post-thumbnail","6":"product_cat-automotriz-es","7":"product_cat-fibra-de-vidrio","8":"product_cat-metal-no-ferroso","9":"product_cat-plastico-es","10":"product_cat-rollos-de-lija-es","11":"desktop-align-center","12":"tablet-align-left","13":"mobile-align-center","15":"first","16":"instock","17":"shipping-taxable","18":"product-type-simple"},"yoast_head":"<!-- This site is optimized with the Yoast SEO plugin v27.2 - https:\/\/yoast.com\/product\/yoast-seo-wordpress\/ -->\n<title>Rollo PC26 - FANDELI<\/title>\n<meta name=\"robots\" content=\"index, follow, max-snippet:-1, max-image-preview:large, max-video-preview:-1\" \/>\n<link rel=\"canonical\" href=\"https:\/\/fandeli.com\/usa\/es\/producto\/rollo-pc26\/\" \/>\n<meta property=\"og:locale\" content=\"es_MX\" \/>\n<meta property=\"og:type\" content=\"article\" \/>\n<meta property=\"og:title\" content=\"Rollo PC26 - FANDELI\" \/>\n<meta property=\"og:description\" content=\"Aplicaciones   Disco cer\u00e1mico con mezcla de aluminio, dorso f\u00edlmico, anclaje Gripit y recubierto cerrado. Lijado de mayor eficiencia y larga vida \u00fatil por su grano cer\u00e1mico. Su respaldo ico permite un lijado suave y flexible, con mayor resistencia durante el trabajo.    Caracter\u00edsticas    Alta resistencia.  Larga vida \u00fatil.  Sistemas de anclaje: Gripit.      Aplicaciones y recomendaciones\" \/>\n<meta property=\"og:url\" content=\"https:\/\/fandeli.com\/usa\/es\/producto\/rollo-pc26\/\" \/>\n<meta property=\"og:site_name\" content=\"FANDELI\" \/>\n<meta property=\"article:modified_time\" content=\"2026-01-27T20:30:21+00:00\" \/>\n<meta property=\"og:image\" content=\"https:\/\/fandeli.com\/usa\/wp-content\/uploads\/2024\/11\/rollo-pc26.jpg\" \/>\n\t<meta property=\"og:image:width\" content=\"800\" \/>\n\t<meta property=\"og:image:height\" content=\"800\" \/>\n\t<meta property=\"og:image:type\" content=\"image\/jpeg\" \/>\n<meta name=\"twitter:card\" content=\"summary_large_image\" \/>\n<meta name=\"twitter:label1\" content=\"Tiempo de lectura\" \/>\n\t<meta name=\"twitter:data1\" content=\"1 minuto\" \/>\n<script type=\"application\/ld+json\" class=\"yoast-schema-graph\">{\"@context\":\"https:\/\/schema.org\",\"@graph\":[{\"@type\":\"WebPage\",\"@id\":\"https:\/\/fandeli.com\/usa\/es\/producto\/rollo-pc26\/\",\"url\":\"https:\/\/fandeli.com\/usa\/es\/producto\/rollo-pc26\/\",\"name\":\"Rollo PC26 - FANDELI\",\"isPartOf\":{\"@id\":\"https:\/\/fandeli.com\/usa\/#website\"},\"primaryImageOfPage\":{\"@id\":\"https:\/\/fandeli.com\/usa\/es\/producto\/rollo-pc26\/#primaryimage\"},\"image\":{\"@id\":\"https:\/\/fandeli.com\/usa\/es\/producto\/rollo-pc26\/#primaryimage\"},\"thumbnailUrl\":\"https:\/\/fandeli.com\/usa\/wp-content\/uploads\/2024\/11\/rollo-pc26.jpg\",\"datePublished\":\"2024-11-29T15:47:07+00:00\",\"dateModified\":\"2026-01-27T20:30:21+00:00\",\"breadcrumb\":{\"@id\":\"https:\/\/fandeli.com\/usa\/es\/producto\/rollo-pc26\/#breadcrumb\"},\"inLanguage\":\"es\",\"potentialAction\":[{\"@type\":\"ReadAction\",\"target\":[\"https:\/\/fandeli.com\/usa\/es\/producto\/rollo-pc26\/\"]}]},{\"@type\":\"ImageObject\",\"inLanguage\":\"es\",\"@id\":\"https:\/\/fandeli.com\/usa\/es\/producto\/rollo-pc26\/#primaryimage\",\"url\":\"https:\/\/fandeli.com\/usa\/wp-content\/uploads\/2024\/11\/rollo-pc26.jpg\",\"contentUrl\":\"https:\/\/fandeli.com\/usa\/wp-content\/uploads\/2024\/11\/rollo-pc26.jpg\",\"width\":800,\"height\":800},{\"@type\":\"BreadcrumbList\",\"@id\":\"https:\/\/fandeli.com\/usa\/es\/producto\/rollo-pc26\/#breadcrumb\",\"itemListElement\":[{\"@type\":\"ListItem\",\"position\":1,\"name\":\"Portada\",\"item\":\"https:\/\/fandeli.com\/usa\/es\/inicio\/\"},{\"@type\":\"ListItem\",\"position\":2,\"name\":\"Tienda\",\"item\":\"https:\/\/fandeli.com\/usa\/es\/?page_id=13\"},{\"@type\":\"ListItem\",\"position\":3,\"name\":\"Rollo PC26\"}]},{\"@type\":\"WebSite\",\"@id\":\"https:\/\/fandeli.com\/usa\/#website\",\"url\":\"https:\/\/fandeli.com\/usa\/\",\"name\":\"FANDELI\",\"description\":\"FANDELI\",\"publisher\":{\"@id\":\"https:\/\/fandeli.com\/usa\/#organization\"},\"potentialAction\":[{\"@type\":\"SearchAction\",\"target\":{\"@type\":\"EntryPoint\",\"urlTemplate\":\"https:\/\/fandeli.com\/usa\/?s={search_term_string}\"},\"query-input\":{\"@type\":\"PropertyValueSpecification\",\"valueRequired\":true,\"valueName\":\"search_term_string\"}}],\"inLanguage\":\"es\"},{\"@type\":\"Organization\",\"@id\":\"https:\/\/fandeli.com\/usa\/#organization\",\"name\":\"FANDELI\",\"url\":\"https:\/\/fandeli.com\/usa\/\",\"logo\":{\"@type\":\"ImageObject\",\"inLanguage\":\"es\",\"@id\":\"https:\/\/fandeli.com\/usa\/#\/schema\/logo\/image\/\",\"url\":\"https:\/\/fandeli.com\/usa\/wp-content\/uploads\/2025\/12\/logo-fandeli-bco.svg\",\"contentUrl\":\"https:\/\/fandeli.com\/usa\/wp-content\/uploads\/2025\/12\/logo-fandeli-bco.svg\",\"width\":1486,\"height\":326,\"caption\":\"FANDELI\"},\"image\":{\"@id\":\"https:\/\/fandeli.com\/usa\/#\/schema\/logo\/image\/\"}}]}<\/script>\n<!-- \/ Yoast SEO plugin. -->","yoast_head_json":{"title":"Rollo PC26 - FANDELI","robots":{"index":"index","follow":"follow","max-snippet":"max-snippet:-1","max-image-preview":"max-image-preview:large","max-video-preview":"max-video-preview:-1"},"canonical":"https:\/\/fandeli.com\/usa\/es\/producto\/rollo-pc26\/","og_locale":"es_MX","og_type":"article","og_title":"Rollo PC26 - FANDELI","og_description":"Aplicaciones   Disco cer\u00e1mico con mezcla de aluminio, dorso f\u00edlmico, anclaje Gripit y recubierto cerrado. Lijado de mayor eficiencia y larga vida \u00fatil por su grano cer\u00e1mico. Su respaldo ico permite un lijado suave y flexible, con mayor resistencia durante el trabajo.    Caracter\u00edsticas    Alta resistencia.  Larga vida \u00fatil.  Sistemas de anclaje: Gripit.      Aplicaciones y recomendaciones","og_url":"https:\/\/fandeli.com\/usa\/es\/producto\/rollo-pc26\/","og_site_name":"FANDELI","article_modified_time":"2026-01-27T20:30:21+00:00","og_image":[{"width":800,"height":800,"url":"https:\/\/fandeli.com\/usa\/wp-content\/uploads\/2024\/11\/rollo-pc26.jpg","type":"image\/jpeg"}],"twitter_card":"summary_large_image","twitter_misc":{"Tiempo de lectura":"1 minuto"},"schema":{"@context":"https:\/\/schema.org","@graph":[{"@type":"WebPage","@id":"https:\/\/fandeli.com\/usa\/es\/producto\/rollo-pc26\/","url":"https:\/\/fandeli.com\/usa\/es\/producto\/rollo-pc26\/","name":"Rollo PC26 - FANDELI","isPartOf":{"@id":"https:\/\/fandeli.com\/usa\/#website"},"primaryImageOfPage":{"@id":"https:\/\/fandeli.com\/usa\/es\/producto\/rollo-pc26\/#primaryimage"},"image":{"@id":"https:\/\/fandeli.com\/usa\/es\/producto\/rollo-pc26\/#primaryimage"},"thumbnailUrl":"https:\/\/fandeli.com\/usa\/wp-content\/uploads\/2024\/11\/rollo-pc26.jpg","datePublished":"2024-11-29T15:47:07+00:00","dateModified":"2026-01-27T20:30:21+00:00","breadcrumb":{"@id":"https:\/\/fandeli.com\/usa\/es\/producto\/rollo-pc26\/#breadcrumb"},"inLanguage":"es","potentialAction":[{"@type":"ReadAction","target":["https:\/\/fandeli.com\/usa\/es\/producto\/rollo-pc26\/"]}]},{"@type":"ImageObject","inLanguage":"es","@id":"https:\/\/fandeli.com\/usa\/es\/producto\/rollo-pc26\/#primaryimage","url":"https:\/\/fandeli.com\/usa\/wp-content\/uploads\/2024\/11\/rollo-pc26.jpg","contentUrl":"https:\/\/fandeli.com\/usa\/wp-content\/uploads\/2024\/11\/rollo-pc26.jpg","width":800,"height":800},{"@type":"BreadcrumbList","@id":"https:\/\/fandeli.com\/usa\/es\/producto\/rollo-pc26\/#breadcrumb","itemListElement":[{"@type":"ListItem","position":1,"name":"Portada","item":"https:\/\/fandeli.com\/usa\/es\/inicio\/"},{"@type":"ListItem","position":2,"name":"Tienda","item":"https:\/\/fandeli.com\/usa\/es\/?page_id=13"},{"@type":"ListItem","position":3,"name":"Rollo PC26"}]},{"@type":"WebSite","@id":"https:\/\/fandeli.com\/usa\/#website","url":"https:\/\/fandeli.com\/usa\/","name":"FANDELI","description":"FANDELI","publisher":{"@id":"https:\/\/fandeli.com\/usa\/#organization"},"potentialAction":[{"@type":"SearchAction","target":{"@type":"EntryPoint","urlTemplate":"https:\/\/fandeli.com\/usa\/?s={search_term_string}"},"query-input":{"@type":"PropertyValueSpecification","valueRequired":true,"valueName":"search_term_string"}}],"inLanguage":"es"},{"@type":"Organization","@id":"https:\/\/fandeli.com\/usa\/#organization","name":"FANDELI","url":"https:\/\/fandeli.com\/usa\/","logo":{"@type":"ImageObject","inLanguage":"es","@id":"https:\/\/fandeli.com\/usa\/#\/schema\/logo\/image\/","url":"https:\/\/fandeli.com\/usa\/wp-content\/uploads\/2025\/12\/logo-fandeli-bco.svg","contentUrl":"https:\/\/fandeli.com\/usa\/wp-content\/uploads\/2025\/12\/logo-fandeli-bco.svg","width":1486,"height":326,"caption":"FANDELI"},"image":{"@id":"https:\/\/fandeli.com\/usa\/#\/schema\/logo\/image\/"}}]}},"jetpack_sharing_enabled":true,"_links":{"self":[{"href":"https:\/\/fandeli.com\/usa\/wp-json\/wp\/v2\/product\/3456","targetHints":{"allow":["GET"]}}],"collection":[{"href":"https:\/\/fandeli.com\/usa\/wp-json\/wp\/v2\/product"}],"about":[{"href":"https:\/\/fandeli.com\/usa\/wp-json\/wp\/v2\/types\/product"}],"wp:featuredmedia":[{"embeddable":true,"href":"https:\/\/fandeli.com\/usa\/wp-json\/wp\/v2\/media\/3458"}],"wp:attachment":[{"href":"https:\/\/fandeli.com\/usa\/wp-json\/wp\/v2\/media?parent=3456"}],"wp:term":[{"taxonomy":"product_brand","embeddable":true,"href":"https:\/\/fandeli.com\/usa\/wp-json\/wp\/v2\/product_brand?post=3456"},{"taxonomy":"product_cat","embeddable":true,"href":"https:\/\/fandeli.com\/usa\/wp-json\/wp\/v2\/product_cat?post=3456"},{"taxonomy":"product_tag","embeddable":true,"href":"https:\/\/fandeli.com\/usa\/wp-json\/wp\/v2\/product_tag?post=3456"}],"curies":[{"name":"wp","href":"https:\/\/api.w.org\/{rel}","templated":true}]}}