{"id":3427,"date":"2024-11-29T14:59:47","date_gmt":"2024-11-29T14:59:47","guid":{"rendered":"https:\/\/fandeli.com\/usa\/?post_type=product&#038;p=3427"},"modified":"2026-01-27T19:30:11","modified_gmt":"2026-01-27T19:30:11","slug":"tiras-de-lija-a080","status":"publish","type":"product","link":"https:\/\/fandeli.com\/usa\/es\/producto\/tiras-de-lija-a080\/","title":{"rendered":"Tiras de lija A080"},"content":{"rendered":"<table cellspacing=\"0\" cellpadding=\"0\" class=\"tabla\">\n<tr>\n<td><strong>SKU<\/strong><\/td>\n<td><strong>L\u00cdNEA | GRADOS<\/strong><\/td>\n<td><strong>DIMENSIONES<\/strong><\/td>\n<td><strong>PULGS.<\/strong><\/td>\n<td><strong>CAJA<\/strong><\/td>\n<td><strong>\u00a0EMPAQUE<\/strong><\/td>\n<\/tr>\n<tr>\n<td>15210<\/td>\n<td>TIRA LIJA FANDELI A080 | 080P<\/td>\n<td>0.070m X 0.419m PAPEL GRIPIT<\/td>\n<td>2.3\/4&quot; x 16.1\/2&quot;<\/td>\n<td>250<\/td>\n<td>50<\/td>\n<\/tr>\n<tr>\n<td>17106<\/td>\n<td>TIRA LIJA FANDELI A080 | 100P<\/td>\n<td>0.070m X 0.419m PAPEL GRIPIT<\/td>\n<td>2.3\/4&quot; x 16.1\/2&quot;<\/td>\n<td>250<\/td>\n<td>50<\/td>\n<\/tr>\n<tr>\n<td>13931<\/td>\n<td>TIRA LIJA FANDELI A080 | 120P<\/td>\n<td>0.070m X 0.419m PAPEL GRIPIT<\/td>\n<td>2.3\/4&quot; x 16.1\/2&quot;<\/td>\n<td>250<\/td>\n<td>50<\/td>\n<\/tr>\n<tr>\n<td>13951<\/td>\n<td>TIRA LIJA FANDELI A080 | 150P<\/td>\n<td>0.070m X 0.419m PAPEL GRIPIT<\/td>\n<td>2.3\/4&quot; x 16.1\/2&quot;<\/td>\n<td>250<\/td>\n<td>50<\/td>\n<\/tr>\n<tr>\n<td>13950<\/td>\n<td>TIRA LIJA FANDELI A080 | 180P<\/td>\n<td>0.070m X 0.419m PAPEL GRIPIT<\/td>\n<td>2.3\/4&quot; x 16.1\/2&quot;<\/td>\n<td>250<\/td>\n<td>50<\/td>\n<\/tr>\n<tr>\n<td>13272<\/td>\n<td>TIRA LIJA FANDELI A080 | 220P<\/td>\n<td>0.070m X 0.419m PAPEL GRIPIT<\/td>\n<td>2.3\/4&quot; x 16.1\/2&quot;<\/td>\n<td>250<\/td>\n<td>50<\/td>\n<\/tr>\n<tr>\n<td>15209<\/td>\n<td>TIRA LIJA FANDELI A080 | 240P<\/td>\n<td>0.070m X 0.419m PAPEL GRIPIT<\/td>\n<td>2.3\/4&quot; x 16.1\/2&quot;<\/td>\n<td>250<\/td>\n<td>50<\/td>\n<\/tr>\n<tr>\n<td>13947<\/td>\n<td>TIRA LIJA FANDELI A080 | 320P<\/td>\n<td>0.070m X 0.419m PAPEL GRIPIT<\/td>\n<td>2.3\/4&quot; x 16.1\/2&quot;<\/td>\n<td>250<\/td>\n<td>50<\/td>\n<\/tr>\n<tr>\n<td>13949<\/td>\n<td>TIRA LIJA FANDELI A080 | 400P<\/td>\n<td>0.070m X 0.419m PAPEL GRIPIT<\/td>\n<td>2.3\/4&quot; x 16.1\/2&quot;<\/td>\n<td>250<\/td>\n<td>50<\/td>\n<\/tr>\n<\/table>\n","protected":false},"excerpt":{"rendered":"<p><strong>Aplicaciones<\/strong><\/p>\n<ul class=\"lista\">\n<li>Sistema anti-tapado de alta calidad que facilita las operaciones de lijado en seco.<\/li>\n<li>Ideales para lijado en talleres automotrices.<\/li>\n<li>Producen acabados de alta calidad en superficies uniformes para la aplicaci\u00f3n de recubrimientos.<\/li>\n<li>Efectivas en pastas, masillas, primarios, etc.<\/li>\n<\/ul>\n<p><strong>Caracter\u00edsticas<\/strong><\/p>\n<ul class=\"lista\">\n<li>Sistema anti-tapado y estructura abierta que alargan la vida \u00fatil del producto y mejoran su desempe\u00f1o.<\/li>\n<li>Sistema de Anclaje: GRIPIT\u00ae y PSA o clips.<\/li>\n<\/ul>\n<p><strong>Aplicaciones y recomendaciones<\/strong><\/p>\n<p class=\"iconos\">\n<img decoding=\"async\" src=\"\/assets\/icons\/icon-lacas.svg\" class=\"icono\" \/><br \/>\n<img decoding=\"async\" src=\"\/assets\/icons\/icon-madera.svg\" class=\"icono\" \/><br \/>\n<img decoding=\"async\" src=\"\/assets\/icons\/icon-plastico.svg\" class=\"icono\" \/><br \/>\n<img decoding=\"async\" src=\"\/assets\/icons\/icon-garlopa.svg\" class=\"icono\" \/>\n<\/p>\n<div id=\"descarga\">\n<p class=\"lista\"><a href=\"\/assets\/fichas-tecnicas\/FANDELI-ficha-tecnica-linea-A080.pdf\" target=\"_blank\" class=\"botones\"><i class=\"fa fa-file\"><\/i>&nbsp;&nbsp; DESCARGA LA FICHA T\u00c9CNICA<\/a><\/p>\n<\/div>\n","protected":false},"featured_media":3430,"template":"","meta":{"site-sidebar-layout":"default","site-content-layout":"","ast-site-content-layout":"default","site-content-style":"default","site-sidebar-style":"default","ast-global-header-display":"","ast-banner-title-visibility":"","ast-main-header-display":"","ast-hfb-above-header-display":"","ast-hfb-below-header-display":"","ast-hfb-mobile-header-display":"","site-post-title":"","ast-breadcrumbs-content":"","ast-featured-img":"","footer-sml-layout":"","ast-disable-related-posts":"","theme-transparent-header-meta":"default","adv-header-id-meta":"","stick-header-meta":"","header-above-stick-meta":"","header-main-stick-meta":"","header-below-stick-meta":"","astra-migrate-meta-layouts":"set","ast-page-background-enabled":"default","ast-page-background-meta":{"desktop":{"background-color":"var(--ast-global-color-4)","background-image":"","background-repeat":"repeat","background-position":"center center","background-size":"auto","background-attachment":"scroll","background-type":"","background-media":"","overlay-type":"","overlay-color":"","overlay-opacity":"","overlay-gradient":""},"tablet":{"background-color":"","background-image":"","background-repeat":"repeat","background-position":"center center","background-size":"auto","background-attachment":"scroll","background-type":"","background-media":"","overlay-type":"","overlay-color":"","overlay-opacity":"","overlay-gradient":""},"mobile":{"background-color":"","background-image":"","background-repeat":"repeat","background-position":"center center","background-size":"auto","background-attachment":"scroll","background-type":"","background-media":"","overlay-type":"","overlay-color":"","overlay-opacity":"","overlay-gradient":""}},"ast-content-background-meta":{"desktop":{"background-color":"var(--ast-global-color-5)","background-image":"","background-repeat":"repeat","background-position":"center center","background-size":"auto","background-attachment":"scroll","background-type":"","background-media":"","overlay-type":"","overlay-color":"","overlay-opacity":"","overlay-gradient":""},"tablet":{"background-color":"var(--ast-global-color-5)","background-image":"","background-repeat":"repeat","background-position":"center center","background-size":"auto","background-attachment":"scroll","background-type":"","background-media":"","overlay-type":"","overlay-color":"","overlay-opacity":"","overlay-gradient":""},"mobile":{"background-color":"var(--ast-global-color-5)","background-image":"","background-repeat":"repeat","background-position":"center center","background-size":"auto","background-attachment":"scroll","background-type":"","background-media":"","overlay-type":"","overlay-color":"","overlay-opacity":"","overlay-gradient":""}}},"product_brand":[],"product_cat":[19,1118,1126,1122],"product_tag":[],"class_list":{"0":"post-3427","1":"product","2":"type-product","3":"status-publish","4":"has-post-thumbnail","6":"product_cat-carpinteria-es","7":"product_cat-madera","8":"product_cat-metal-no-ferroso","9":"product_cat-plastico-es","10":"desktop-align-center","11":"tablet-align-left","12":"mobile-align-center","14":"first","15":"instock","16":"shipping-taxable","17":"product-type-simple"},"yoast_head":"<!-- This site is optimized with the Yoast SEO plugin v27.2 - https:\/\/yoast.com\/product\/yoast-seo-wordpress\/ -->\n<title>Tiras de lija A080 - FANDELI<\/title>\n<meta name=\"robots\" content=\"index, follow, max-snippet:-1, max-image-preview:large, max-video-preview:-1\" \/>\n<link rel=\"canonical\" href=\"https:\/\/fandeli.com\/usa\/es\/producto\/tiras-de-lija-a080\/\" \/>\n<meta property=\"og:locale\" content=\"es_MX\" \/>\n<meta property=\"og:type\" content=\"article\" \/>\n<meta property=\"og:title\" content=\"Tiras de lija A080 - FANDELI\" \/>\n<meta property=\"og:description\" content=\"Aplicaciones   Sistema anti-tapado de alta calidad que facilita las operaciones de lijado en seco. Ideales para lijado en talleres automotrices. Producen acabados de alta calidad en superficies uniformes para la aplicaci\u00f3n de recubrimientos. Efectivas en pastas, masillas, primarios, etc.    Caracter\u00edsticas    Sistema anti-tapado y estructura abierta que alargan la vida \u00fatil del producto y mejoran su desempe\u00f1o. Sistema de Anclaje: GRIPIT\u00ae y PSA o clips.    Aplicaciones y recomendaciones              &nbsp;&nbsp; DESCARGA LA FICHA T\u00c9CNICA\" \/>\n<meta property=\"og:url\" content=\"https:\/\/fandeli.com\/usa\/es\/producto\/tiras-de-lija-a080\/\" \/>\n<meta property=\"og:site_name\" content=\"FANDELI\" \/>\n<meta property=\"article:modified_time\" content=\"2026-01-27T19:30:11+00:00\" \/>\n<meta property=\"og:image\" content=\"https:\/\/fandeli.com\/usa\/wp-content\/uploads\/2024\/11\/tiras-lija-a080.jpg\" \/>\n\t<meta property=\"og:image:width\" content=\"800\" \/>\n\t<meta property=\"og:image:height\" content=\"800\" \/>\n\t<meta property=\"og:image:type\" content=\"image\/jpeg\" \/>\n<meta name=\"twitter:card\" content=\"summary_large_image\" \/>\n<meta name=\"twitter:label1\" content=\"Tiempo de lectura\" \/>\n\t<meta name=\"twitter:data1\" content=\"1 minuto\" \/>\n<script type=\"application\/ld+json\" class=\"yoast-schema-graph\">{\"@context\":\"https:\/\/schema.org\",\"@graph\":[{\"@type\":\"WebPage\",\"@id\":\"https:\/\/fandeli.com\/usa\/es\/producto\/tiras-de-lija-a080\/\",\"url\":\"https:\/\/fandeli.com\/usa\/es\/producto\/tiras-de-lija-a080\/\",\"name\":\"Tiras de lija A080 - FANDELI\",\"isPartOf\":{\"@id\":\"https:\/\/fandeli.com\/usa\/#website\"},\"primaryImageOfPage\":{\"@id\":\"https:\/\/fandeli.com\/usa\/es\/producto\/tiras-de-lija-a080\/#primaryimage\"},\"image\":{\"@id\":\"https:\/\/fandeli.com\/usa\/es\/producto\/tiras-de-lija-a080\/#primaryimage\"},\"thumbnailUrl\":\"https:\/\/fandeli.com\/usa\/wp-content\/uploads\/2024\/11\/tiras-lija-a080.jpg\",\"datePublished\":\"2024-11-29T14:59:47+00:00\",\"dateModified\":\"2026-01-27T19:30:11+00:00\",\"breadcrumb\":{\"@id\":\"https:\/\/fandeli.com\/usa\/es\/producto\/tiras-de-lija-a080\/#breadcrumb\"},\"inLanguage\":\"es\",\"potentialAction\":[{\"@type\":\"ReadAction\",\"target\":[\"https:\/\/fandeli.com\/usa\/es\/producto\/tiras-de-lija-a080\/\"]}]},{\"@type\":\"ImageObject\",\"inLanguage\":\"es\",\"@id\":\"https:\/\/fandeli.com\/usa\/es\/producto\/tiras-de-lija-a080\/#primaryimage\",\"url\":\"https:\/\/fandeli.com\/usa\/wp-content\/uploads\/2024\/11\/tiras-lija-a080.jpg\",\"contentUrl\":\"https:\/\/fandeli.com\/usa\/wp-content\/uploads\/2024\/11\/tiras-lija-a080.jpg\",\"width\":800,\"height\":800},{\"@type\":\"BreadcrumbList\",\"@id\":\"https:\/\/fandeli.com\/usa\/es\/producto\/tiras-de-lija-a080\/#breadcrumb\",\"itemListElement\":[{\"@type\":\"ListItem\",\"position\":1,\"name\":\"Portada\",\"item\":\"https:\/\/fandeli.com\/usa\/es\/inicio\/\"},{\"@type\":\"ListItem\",\"position\":2,\"name\":\"Tienda\",\"item\":\"https:\/\/fandeli.com\/usa\/es\/?page_id=13\"},{\"@type\":\"ListItem\",\"position\":3,\"name\":\"Tiras de lija A080\"}]},{\"@type\":\"WebSite\",\"@id\":\"https:\/\/fandeli.com\/usa\/#website\",\"url\":\"https:\/\/fandeli.com\/usa\/\",\"name\":\"FANDELI\",\"description\":\"FANDELI\",\"publisher\":{\"@id\":\"https:\/\/fandeli.com\/usa\/#organization\"},\"potentialAction\":[{\"@type\":\"SearchAction\",\"target\":{\"@type\":\"EntryPoint\",\"urlTemplate\":\"https:\/\/fandeli.com\/usa\/?s={search_term_string}\"},\"query-input\":{\"@type\":\"PropertyValueSpecification\",\"valueRequired\":true,\"valueName\":\"search_term_string\"}}],\"inLanguage\":\"es\"},{\"@type\":\"Organization\",\"@id\":\"https:\/\/fandeli.com\/usa\/#organization\",\"name\":\"FANDELI\",\"url\":\"https:\/\/fandeli.com\/usa\/\",\"logo\":{\"@type\":\"ImageObject\",\"inLanguage\":\"es\",\"@id\":\"https:\/\/fandeli.com\/usa\/#\/schema\/logo\/image\/\",\"url\":\"https:\/\/fandeli.com\/usa\/wp-content\/uploads\/2025\/12\/logo-fandeli-bco.svg\",\"contentUrl\":\"https:\/\/fandeli.com\/usa\/wp-content\/uploads\/2025\/12\/logo-fandeli-bco.svg\",\"width\":1486,\"height\":326,\"caption\":\"FANDELI\"},\"image\":{\"@id\":\"https:\/\/fandeli.com\/usa\/#\/schema\/logo\/image\/\"}}]}<\/script>\n<!-- \/ Yoast SEO plugin. -->","yoast_head_json":{"title":"Tiras de lija A080 - FANDELI","robots":{"index":"index","follow":"follow","max-snippet":"max-snippet:-1","max-image-preview":"max-image-preview:large","max-video-preview":"max-video-preview:-1"},"canonical":"https:\/\/fandeli.com\/usa\/es\/producto\/tiras-de-lija-a080\/","og_locale":"es_MX","og_type":"article","og_title":"Tiras de lija A080 - FANDELI","og_description":"Aplicaciones   Sistema anti-tapado de alta calidad que facilita las operaciones de lijado en seco. Ideales para lijado en talleres automotrices. Producen acabados de alta calidad en superficies uniformes para la aplicaci\u00f3n de recubrimientos. Efectivas en pastas, masillas, primarios, etc.    Caracter\u00edsticas    Sistema anti-tapado y estructura abierta que alargan la vida \u00fatil del producto y mejoran su desempe\u00f1o. Sistema de Anclaje: GRIPIT\u00ae y PSA o clips.    Aplicaciones y recomendaciones              &nbsp;&nbsp; DESCARGA LA FICHA T\u00c9CNICA","og_url":"https:\/\/fandeli.com\/usa\/es\/producto\/tiras-de-lija-a080\/","og_site_name":"FANDELI","article_modified_time":"2026-01-27T19:30:11+00:00","og_image":[{"width":800,"height":800,"url":"https:\/\/fandeli.com\/usa\/wp-content\/uploads\/2024\/11\/tiras-lija-a080.jpg","type":"image\/jpeg"}],"twitter_card":"summary_large_image","twitter_misc":{"Tiempo de lectura":"1 minuto"},"schema":{"@context":"https:\/\/schema.org","@graph":[{"@type":"WebPage","@id":"https:\/\/fandeli.com\/usa\/es\/producto\/tiras-de-lija-a080\/","url":"https:\/\/fandeli.com\/usa\/es\/producto\/tiras-de-lija-a080\/","name":"Tiras de lija A080 - FANDELI","isPartOf":{"@id":"https:\/\/fandeli.com\/usa\/#website"},"primaryImageOfPage":{"@id":"https:\/\/fandeli.com\/usa\/es\/producto\/tiras-de-lija-a080\/#primaryimage"},"image":{"@id":"https:\/\/fandeli.com\/usa\/es\/producto\/tiras-de-lija-a080\/#primaryimage"},"thumbnailUrl":"https:\/\/fandeli.com\/usa\/wp-content\/uploads\/2024\/11\/tiras-lija-a080.jpg","datePublished":"2024-11-29T14:59:47+00:00","dateModified":"2026-01-27T19:30:11+00:00","breadcrumb":{"@id":"https:\/\/fandeli.com\/usa\/es\/producto\/tiras-de-lija-a080\/#breadcrumb"},"inLanguage":"es","potentialAction":[{"@type":"ReadAction","target":["https:\/\/fandeli.com\/usa\/es\/producto\/tiras-de-lija-a080\/"]}]},{"@type":"ImageObject","inLanguage":"es","@id":"https:\/\/fandeli.com\/usa\/es\/producto\/tiras-de-lija-a080\/#primaryimage","url":"https:\/\/fandeli.com\/usa\/wp-content\/uploads\/2024\/11\/tiras-lija-a080.jpg","contentUrl":"https:\/\/fandeli.com\/usa\/wp-content\/uploads\/2024\/11\/tiras-lija-a080.jpg","width":800,"height":800},{"@type":"BreadcrumbList","@id":"https:\/\/fandeli.com\/usa\/es\/producto\/tiras-de-lija-a080\/#breadcrumb","itemListElement":[{"@type":"ListItem","position":1,"name":"Portada","item":"https:\/\/fandeli.com\/usa\/es\/inicio\/"},{"@type":"ListItem","position":2,"name":"Tienda","item":"https:\/\/fandeli.com\/usa\/es\/?page_id=13"},{"@type":"ListItem","position":3,"name":"Tiras de lija A080"}]},{"@type":"WebSite","@id":"https:\/\/fandeli.com\/usa\/#website","url":"https:\/\/fandeli.com\/usa\/","name":"FANDELI","description":"FANDELI","publisher":{"@id":"https:\/\/fandeli.com\/usa\/#organization"},"potentialAction":[{"@type":"SearchAction","target":{"@type":"EntryPoint","urlTemplate":"https:\/\/fandeli.com\/usa\/?s={search_term_string}"},"query-input":{"@type":"PropertyValueSpecification","valueRequired":true,"valueName":"search_term_string"}}],"inLanguage":"es"},{"@type":"Organization","@id":"https:\/\/fandeli.com\/usa\/#organization","name":"FANDELI","url":"https:\/\/fandeli.com\/usa\/","logo":{"@type":"ImageObject","inLanguage":"es","@id":"https:\/\/fandeli.com\/usa\/#\/schema\/logo\/image\/","url":"https:\/\/fandeli.com\/usa\/wp-content\/uploads\/2025\/12\/logo-fandeli-bco.svg","contentUrl":"https:\/\/fandeli.com\/usa\/wp-content\/uploads\/2025\/12\/logo-fandeli-bco.svg","width":1486,"height":326,"caption":"FANDELI"},"image":{"@id":"https:\/\/fandeli.com\/usa\/#\/schema\/logo\/image\/"}}]}},"jetpack_sharing_enabled":true,"_links":{"self":[{"href":"https:\/\/fandeli.com\/usa\/wp-json\/wp\/v2\/product\/3427","targetHints":{"allow":["GET"]}}],"collection":[{"href":"https:\/\/fandeli.com\/usa\/wp-json\/wp\/v2\/product"}],"about":[{"href":"https:\/\/fandeli.com\/usa\/wp-json\/wp\/v2\/types\/product"}],"wp:featuredmedia":[{"embeddable":true,"href":"https:\/\/fandeli.com\/usa\/wp-json\/wp\/v2\/media\/3430"}],"wp:attachment":[{"href":"https:\/\/fandeli.com\/usa\/wp-json\/wp\/v2\/media?parent=3427"}],"wp:term":[{"taxonomy":"product_brand","embeddable":true,"href":"https:\/\/fandeli.com\/usa\/wp-json\/wp\/v2\/product_brand?post=3427"},{"taxonomy":"product_cat","embeddable":true,"href":"https:\/\/fandeli.com\/usa\/wp-json\/wp\/v2\/product_cat?post=3427"},{"taxonomy":"product_tag","embeddable":true,"href":"https:\/\/fandeli.com\/usa\/wp-json\/wp\/v2\/product_tag?post=3427"}],"curies":[{"name":"wp","href":"https:\/\/api.w.org\/{rel}","templated":true}]}}