{"id":3423,"date":"2024-11-29T14:54:39","date_gmt":"2024-11-29T14:54:39","guid":{"rendered":"https:\/\/fandeli.com\/usa\/?post_type=product&#038;p=3423"},"modified":"2025-10-22T18:39:20","modified_gmt":"2025-10-22T18:39:20","slug":"tubos-de-lija-x-88","status":"publish","type":"product","link":"https:\/\/fandeli.com\/usa\/es\/producto\/tubos-de-lija-x-88\/","title":{"rendered":"Tubos de lija X-88"},"content":{"rendered":"<table cellspacing=\"0\" cellpadding=\"0\" class=\"tabla\">\n<tr>\n<td><strong>SKU<\/strong><\/td>\n<td><strong>DESCRIPCI\u00d3N<\/strong><\/td>\n<td><strong>GRADO<\/strong><\/td>\n<td><strong>DIMENSIONES<\/strong><\/td>\n<td><strong>EMPAQUE<\/strong><\/td>\n<td><strong>CAJA<\/strong><\/td>\n<\/tr>\n<tr>\n<td>33420<\/td>\n<td>TUBOS DE LIJA FANDELI X-88<\/td>\n<td>60<\/td>\n<td>1\/2&quot; X 1\/2&quot;<\/td>\n<td>250<\/td>\n<td>250<\/td>\n<\/tr>\n<tr>\n<td>33422<\/td>\n<td>TUBOS DE LIJA FANDELI X-88<\/td>\n<td>120<\/td>\n<td>1\/2&quot; X 1\/2&quot;<\/td>\n<td>250<\/td>\n<td>250<\/td>\n<\/tr>\n<tr>\n<td>33425<\/td>\n<td>TUBOS DE LIJA FANDELI X-88<\/td>\n<td>240<\/td>\n<td>1\/2&quot; X 1\/2&quot;<\/td>\n<td>250<\/td>\n<td>250<\/td>\n<\/tr>\n<tr>\n<td>77469<\/td>\n<td>TUBOS DE LIJA FANDELI X-88<\/td>\n<td>120<\/td>\n<td>3\/4&quot; X 1&quot;<\/td>\n<td>250<\/td>\n<td>250<\/td>\n<\/tr>\n<tr>\n<td>77479<\/td>\n<td>TUBOS DE LIJA FANDELI X-88<\/td>\n<td>50<\/td>\n<td>3\/4&quot; X 2&quot;<\/td>\n<td>250<\/td>\n<td>250<\/td>\n<\/tr>\n<tr>\n<td>77497<\/td>\n<td>TUBOS DE LIJA FANDELI X-88<\/td>\n<td>36<\/td>\n<td>1&quot; x 2&quot;<\/td>\n<td>250<\/td>\n<td>250<\/td>\n<\/tr>\n<tr>\n<td>77499<\/td>\n<td>TUBOS DE LIJA FANDELI X-88<\/td>\n<td>60<\/td>\n<td>1&quot; x 2&quot;<\/td>\n<td>250<\/td>\n<td>250<\/td>\n<\/tr>\n<tr>\n<td>77500<\/td>\n<td>TUBOS DE LIJA FANDELI X-88<\/td>\n<td>80<\/td>\n<td>1&quot; x 2&quot;<\/td>\n<td>250<\/td>\n<td>250<\/td>\n<\/tr>\n<tr>\n<td>77504<\/td>\n<td>TUBOS DE LIJA FANDELI X-88<\/td>\n<td>180<\/td>\n<td>1&quot; x 3&quot;<\/td>\n<td>250<\/td>\n<td>250<\/td>\n<\/tr>\n<tr>\n<td>77515<\/td>\n<td>TUBOS DE LIJA FANDELI X-88<\/td>\n<td>120<\/td>\n<td>1-1\/2&quot; x 1&quot;<\/td>\n<td>250<\/td>\n<td>250<\/td>\n<\/tr>\n<tr>\n<td>77518<\/td>\n<td>TUBOS DE LIJA FANDELI X-88<\/td>\n<td>36<\/td>\n<td>1-1\/2&quot; x 1-1\/2&quot;<\/td>\n<td>250<\/td>\n<td>250<\/td>\n<\/tr>\n<tr>\n<td>77527<\/td>\n<td>TUBOS DE LIJA FANDELI X-88<\/td>\n<td>80<\/td>\n<td>1-1\/2&quot; x 2&quot;<\/td>\n<td>250<\/td>\n<td>250<\/td>\n<\/tr>\n<tr>\n<td>77533<\/td>\n<td>TUBOS DE LIJA FANDELI X-88<\/td>\n<td>120<\/td>\n<td>2&quot; x 1&quot;<\/td>\n<td>250<\/td>\n<td>250<\/td>\n<\/tr>\n<tr>\n<td>77536<\/td>\n<td>TUBOS DE LIJA FANDELI X-88<\/td>\n<td>80<\/td>\n<td>2&quot; x 1-1\/2&quot;&quot;<\/td>\n<td>250<\/td>\n<td>250<\/td>\n<\/tr>\n<tr>\n<td>77539<\/td>\n<td>TUBOS DE LIJA FANDELI X-88<\/td>\n<td>36<\/td>\n<td>2&quot; x 2&quot;<\/td>\n<td>250<\/td>\n<td>250<\/td>\n<\/tr>\n<tr>\n<td>77542<\/td>\n<td>TUBOS DE LIJA FANDELI X-88<\/td>\n<td>80<\/td>\n<td>2&quot; x 2&quot;<\/td>\n<td>250<\/td>\n<td>250<\/td>\n<\/tr>\n<tr>\n<td>77547<\/td>\n<td>TUBOS DE LIJA FANDELI X-88<\/td>\n<td>80<\/td>\n<td>3&quot; x 1&quot;<\/td>\n<td>250<\/td>\n<td>250<\/td>\n<\/tr>\n<tr>\n<td>77557<\/td>\n<td>TUBOS DE LIJA FANDELI X-88<\/td>\n<td>120<\/td>\n<td>3&quot; x 3&quot;<\/td>\n<td>250<\/td>\n<td>250<\/td>\n<\/tr>\n<tr>\n<td>77571<\/td>\n<td>TUBOS DE LIJA FANDELI X-88<\/td>\n<td>80<\/td>\n<td>1-1\/2&quot; x 5-1\/2&quot;<\/td>\n<td>250<\/td>\n<td>250<\/td>\n<\/tr>\n<tr>\n<td>77573<\/td>\n<td>TUBOS DE LIJA FANDELI X-88<\/td>\n<td>180<\/td>\n<td>1-1\/2&quot; x 5-1\/2&quot;<\/td>\n<td>250<\/td>\n<td>250<\/td>\n<\/tr>\n<tr>\n<td>77599<\/td>\n<td>TUBOS DE LIJA FANDELI X-88<\/td>\n<td>120<\/td>\n<td>1-1\/2&quot; x 4-1\/2&quot;<\/td>\n<td>250<\/td>\n<td>250<\/td>\n<\/tr>\n<tr>\n<td>77605<\/td>\n<td>TUBOS DE LIJA FANDELI X-88<\/td>\n<td>60<\/td>\n<td>3\/4&quot; X 9&quot;<\/td>\n<td>250<\/td>\n<td>250<\/td>\n<\/tr>\n<tr>\n<td>77613<\/td>\n<td>TUBOS DE LIJA FANDELI X-88<\/td>\n<td>60<\/td>\n<td>2&quot; x 9&quot;<\/td>\n<td>250<\/td>\n<td>250<\/td>\n<\/tr>\n<tr>\n<td>77618<\/td>\n<td>TUBOS DE LIJA FANDELI X-88<\/td>\n<td>36<\/td>\n<td>3&quot; x 9&quot;<\/td>\n<td>250<\/td>\n<td>250<\/td>\n<\/tr>\n<tr>\n<td>77620<\/td>\n<td>TUBOS DE LIJA FANDELI X-88<\/td>\n<td>60<\/td>\n<td>3&quot; x 9&quot;<\/td>\n<td>250<\/td>\n<td>250<\/td>\n<\/tr>\n<tr>\n<td>77621<\/td>\n<td>TUBOS DE LIJA FANDELI X-88<\/td>\n<td>80<\/td>\n<td>3&quot; x 9&quot;<\/td>\n<td>250<\/td>\n<td>250<\/td>\n<\/tr>\n<tr>\n<td>77622<\/td>\n<td>TUBOS DE LIJA FANDELI X-88<\/td>\n<td>120<\/td>\n<td>3&quot; x 9&quot;<\/td>\n<td>250<\/td>\n<td>250<\/td>\n<\/tr>\n<tr>\n<td>77675<\/td>\n<td>TUBOS DE LIJA FANDELI X-88<\/td>\n<td>36<\/td>\n<td>3&quot; x 5-1\/2&quot;<\/td>\n<td>250<\/td>\n<td>250<\/td>\n<\/tr>\n<tr>\n<td>77695<\/td>\n<td>TUBOS DE LIJA FANDELI X-88<\/td>\n<td>60<\/td>\n<td>1-1\/4&quot; x 1&quot;<\/td>\n<td>250<\/td>\n<td>250<\/td>\n<\/tr>\n<tr>\n<td>77697<\/td>\n<td>TUBOS DE LIJA FANDELI X-88<\/td>\n<td>60<\/td>\n<td>2&quot; x 1&quot;<\/td>\n<td>250<\/td>\n<td>250<\/td>\n<\/tr>\n<tr>\n<td>77698<\/td>\n<td>TUBOS DE LIJA FANDELI X-88<\/td>\n<td>60<\/td>\n<td>2&quot; x 4-1\/2&quot;<\/td>\n<td>250<\/td>\n<td>250<\/td>\n<\/tr>\n<tr>\n<td>77703<\/td>\n<td>TUBOS DE LIJA FANDELI X-88<\/td>\n<td>60<\/td>\n<td>4&quot; x 9&quot;<\/td>\n<td>250<\/td>\n<td>250<\/td>\n<\/tr>\n<tr>\n<td>77704<\/td>\n<td>TUBOS DE LIJA FANDELI X-88<\/td>\n<td>60<\/td>\n<td>5\/8&quot; x 6&quot;<\/td>\n<td>250<\/td>\n<td>250<\/td>\n<\/tr>\n<tr>\n<td>77709<\/td>\n<td>TUBOS DE LIJA FANDELI X-88<\/td>\n<td>80<\/td>\n<td>2&quot; x 4-1\/2&quot;<\/td>\n<td>250<\/td>\n<td>250<\/td>\n<\/tr>\n<tr>\n<td>77719<\/td>\n<td>TUBOS DE LIJA FANDELI X-88<\/td>\n<td>120<\/td>\n<td>2&quot; x 4-1\/2&quot;<\/td>\n<td>250<\/td>\n<td>250<\/td>\n<\/tr>\n<tr>\n<td>77720<\/td>\n<td>TUBOS DE LIJA FANDELI X-88<\/td>\n<td>120<\/td>\n<td>2&quot; x 5-1\/2&quot;<\/td>\n<td>250<\/td>\n<td>250<\/td>\n<\/tr>\n<tr>\n<td>77725<\/td>\n<td>TUBOS DE LIJA FANDELI X-88<\/td>\n<td>120<\/td>\n<td>4&quot; x 9&quot;<\/td>\n<td>250<\/td>\n<td>250<\/td>\n<\/tr>\n<tr>\n<td>77737<\/td>\n<td>TUBOS DE LIJA FANDELI X-88<\/td>\n<td>240<\/td>\n<td>1-1\/2&quot; x 4-1\/2&quot;<\/td>\n<td>250<\/td>\n<td>250<\/td>\n<\/tr>\n<tr>\n<td>77740<\/td>\n<td>TUBOS DE LIJA FANDELI X-88<\/td>\n<td>240<\/td>\n<td>2&quot; x 1-1\/2&quot;&quot;<\/td>\n<td>250<\/td>\n<td>250<\/td>\n<\/tr>\n<tr>\n<td>77759<\/td>\n<td>TUBOS DE LIJA FANDELI X-88<\/td>\n<td>80<\/td>\n<td>5\/8&quot; x 3&quot;<\/td>\n<td>250<\/td>\n<td>250<\/td>\n<\/tr>\n<tr>\n<td>77761<\/td>\n<td>TUBOS DE LIJA FANDELI X-88<\/td>\n<td>80<\/td>\n<td>1\/2&quot; X 3&quot;<\/td>\n<td>250<\/td>\n<td>250<\/td>\n<\/tr>\n<tr>\n<td>78102<\/td>\n<td>TUBOS DE LIJA FANDELI X-88<\/td>\n<td>180<\/td>\n<td>2&quot; x 9&quot;<\/td>\n<td>250<\/td>\n<td>250<\/td>\n<\/tr>\n<tr>\n<td>78106<\/td>\n<td>TUBOS DE LIJA FANDELI X-88<\/td>\n<td>36<\/td>\n<td>2-7\/8&quot; x 7-3\/4&quot;<\/td>\n<td>250<\/td>\n<td>250<\/td>\n<\/tr>\n<tr>\n<td>78117<\/td>\n<td>TUBOS DE LIJA FANDELI X-88<\/td>\n<td>180<\/td>\n<td>1-1\/2&quot; x 1&quot;<\/td>\n<td>250<\/td>\n<td>250<\/td>\n<\/tr>\n<tr>\n<td>78170<\/td>\n<td>TUBOS DE LIJA FANDELI X-88<\/td>\n<td>80<\/td>\n<td>1-1\/2&quot; x 9&quot;<\/td>\n<td>250<\/td>\n<td>250<\/td>\n<\/tr>\n<tr>\n<td>78172<\/td>\n<td>TUBOS DE LIJA FANDELI X-88<\/td>\n<td>40<\/td>\n<td>3&quot; x 9&quot;<\/td>\n<td>250<\/td>\n<td>250<\/td>\n<\/tr>\n<tr>\n<td>78173<\/td>\n<td>TUBOS DE LIJA FANDELI X-88<\/td>\n<td>100<\/td>\n<td>3&quot; x 9&quot;<\/td>\n<td>250<\/td>\n<td>250<\/td>\n<\/tr>\n<tr>\n<td>78178<\/td>\n<td>TUBOS DE LIJA FANDELI X-88<\/td>\n<td>36<\/td>\n<td>4&quot; x 9&quot;<\/td>\n<td>250<\/td>\n<td>250<\/td>\n<\/tr>\n<tr>\n<td>78179<\/td>\n<td>TUBOS DE LIJA FANDELI X-88<\/td>\n<td>240<\/td>\n<td>4&quot; x 9&quot;<\/td>\n<td>250<\/td>\n<td>250<\/td>\n<\/tr>\n<tr>\n<td>78180<\/td>\n<td>TUBOS DE LIJA FANDELI X-88<\/td>\n<td>180<\/td>\n<td>4&quot; x 9&quot;<\/td>\n<td>250<\/td>\n<td>250<\/td>\n<\/tr>\n<tr>\n<td>78186<\/td>\n<td>TUBOS DE LIJA FANDELI X-88<\/td>\n<td>150<\/td>\n<td>1\/2&quot; X 6&quot;<\/td>\n<td>250<\/td>\n<td>250<\/td>\n<\/tr>\n<tr>\n<td>78240<\/td>\n<td>TUBOS DE LIJA FANDELI X-88<\/td>\n<td>100<\/td>\n<td>5\/8&quot; x 6&quot;<\/td>\n<td>250<\/td>\n<td>250<\/td>\n<\/tr>\n<tr>\n<td>78252<\/td>\n<td>TUBOS DE LIJA FANDELI X-88<\/td>\n<td>150<\/td>\n<td>1-1\/2&quot; x 5-1\/2&quot;<\/td>\n<td>250<\/td>\n<td>250<\/td>\n<\/tr>\n<tr>\n<td>78253<\/td>\n<td>TUBOS DE LIJA FANDELI X-88<\/td>\n<td>100<\/td>\n<td>1-1\/2&quot; x 9&quot;<\/td>\n<td>250<\/td>\n<td>250<\/td>\n<\/tr>\n<tr>\n<td>78255<\/td>\n<td>TUBOS DE LIJA FANDELI X-88<\/td>\n<td>100<\/td>\n<td>2&quot; x 5-1\/2&quot;<\/td>\n<td>250<\/td>\n<td>250<\/td>\n<\/tr>\n<tr>\n<td>78258<\/td>\n<td>TUBOS DE LIJA FANDELI X-88<\/td>\n<td>150<\/td>\n<td>3&quot; x 5-1\/2&quot;<\/td>\n<td>250<\/td>\n<td>250<\/td>\n<\/tr>\n<tr>\n<td>78260<\/td>\n<td>TUBOS DE LIJA FANDELI X-88<\/td>\n<td>100<\/td>\n<td>4&quot; x 9&quot;<\/td>\n<td>250<\/td>\n<td>250<\/td>\n<\/tr>\n<tr>\n<td>78261<\/td>\n<td>TUBOS DE LIJA FANDELI X-88<\/td>\n<td>150<\/td>\n<td>4&quot; x 9&quot;<\/td>\n<td>250<\/td>\n<td>250<\/td>\n<\/tr>\n<tr>\n<td>78263<\/td>\n<td>TUBOS DE LIJA FANDELI X-88<\/td>\n<td>150<\/td>\n<td>2&quot; x 9&quot;<\/td>\n<td>250<\/td>\n<td>250<\/td>\n<\/tr>\n<tr>\n<td>78264<\/td>\n<td>TUBOS DE LIJA FANDELI X-88<\/td>\n<td>100<\/td>\n<td>2&quot; x 9&quot;<\/td>\n<td>250<\/td>\n<td>250<\/td>\n<\/tr>\n<tr>\n<td>78272<\/td>\n<td>TUBOS DE LIJA FANDELI X-88<\/td>\n<td>80<\/td>\n<td>3&quot; x 4&quot;<\/td>\n<td>250<\/td>\n<td>250<\/td>\n<\/tr>\n<tr>\n<td>78281<\/td>\n<td>TUBOS DE LIJA FANDELI X-88<\/td>\n<td>240<\/td>\n<td>1&quot; x 2&quot;<\/td>\n<td>250<\/td>\n<td>250<\/td>\n<\/tr>\n<tr>\n<td>78287<\/td>\n<td>TUBOS DE LIJA FANDELI X-88<\/td>\n<td>50<\/td>\n<td>2&quot; x 5-1\/2&quot;<\/td>\n<td>250<\/td>\n<td>250<\/td>\n<\/tr>\n<tr>\n<td>77603<\/td>\n<td>TUBOS DE LIJA FANDELI X-88<\/td>\n<td>320<\/td>\n<td>2&quot; x 4-1\/2&quot;<\/td>\n<td>250<\/td>\n<td>250<\/td>\n<\/tr>\n<tr>\n<td>77749<\/td>\n<td>TUBOS DE LIJA FANDELI X-88<\/td>\n<td>320<\/td>\n<td>1&quot; x 2&quot;<\/td>\n<td>250<\/td>\n<td>250<\/td>\n<\/tr>\n<tr>\n<td>77753<\/td>\n<td>TUBOS DE LIJA FANDELI X-88<\/td>\n<td>320<\/td>\n<td>4&quot; x 9&quot;<\/td>\n<td>250<\/td>\n<td>250<\/td>\n<\/tr>\n<tr>\n<td>78283<\/td>\n<td>TUBOS DE LIJA FANDELI X-88<\/td>\n<td>320<\/td>\n<td>2&quot; x 2&quot;<\/td>\n<td>250<\/td>\n<td>250<\/td>\n<\/tr>\n<\/table>\n","protected":false},"excerpt":{"rendered":"<p><strong>Aplicaciones<\/strong><\/p>\n<ul class=\"lista\">\n<li>Utilizados para remover cordones de soldadura y lijar piezas c\u00f3nicas o cil\u00edndricas.<\/li>\n<li>Grados gruesos e intermedios para desbaste y acabado.<\/li>\n<li>Ideales para desbastar, eliminar rebabas y dar acabado a superficies met\u00e1licas planas o curvas, incluyendo la parte interior de orificios y \u00e1reas de dif\u00edcil acceso.<\/li>\n<li>Excelente funci\u00f3n al remover asperezas en los bordes en metales ferrosos y no ferrosos en huecos y piezas irregulares y perforaciones afinado en bordes y cantos cortados de madera.<\/li>\n<\/ul>\n<p><strong>Caracter\u00edsticas<\/strong><\/p>\n<ul class=\"lista\">\n<li>Materiales resistentes que brindan una larga vida \u00fatil al producto.<\/li>\n<li>El producto est\u00e1 unido a un forro interno para una mayor resistencia.<\/li>\n<li>Consulte tabla de dimensiones disponibles para soporte acorde al tama\u00f1o.<\/li>\n<\/ul>\n<p><strong>Aplicaciones y recomendaciones<\/strong><\/p>\n<p class=\"iconos\">\n<img decoding=\"async\" src=\"\/assets\/icons\/icon-metal.svg\" class=\"icono\" \/><br \/>\n<img decoding=\"async\" src=\"\/assets\/icons\/icon-metal-noferroso.svg\" class=\"icono\" \/><br \/>\n<img decoding=\"async\" src=\"\/assets\/icons\/icon-motool2.svg\" class=\"icono\" \/>\n<\/p>\n<div id=\"descarga\">\n<h5><strong>Descarga las fotos del producto<\/strong><\/h5>\n<div id=\"foto\">\n<div class=\"foto1\">\n<a href=\"\/assets\/img\/tubos-300.zip\" class=\"btn-foto\" target=\"_blank\">300 dpis<\/a>\n<\/div>\n<div class=\"foto2\">\n<a href=\"\/assets\/img\/tubos-150.zip\" class=\"btn-foto\" target=\"_blank\">150 dpis<\/a>\n<\/div>\n<div class=\"foto3\">\n<a href=\"\/assets\/img\/tubos-72.zip\" class=\"btn-foto\" target=\"_blank\">72 dpis<\/a>\n<\/div>\n<\/div>\n<\/div>\n","protected":false},"featured_media":3425,"template":"","meta":{"site-sidebar-layout":"default","site-content-layout":"","ast-site-content-layout":"default","site-content-style":"default","site-sidebar-style":"default","ast-global-header-display":"","ast-banner-title-visibility":"","ast-main-header-display":"","ast-hfb-above-header-display":"","ast-hfb-below-header-display":"","ast-hfb-mobile-header-display":"","site-post-title":"","ast-breadcrumbs-content":"","ast-featured-img":"","footer-sml-layout":"","ast-disable-related-posts":"","theme-transparent-header-meta":"default","adv-header-id-meta":"","stick-header-meta":"","header-above-stick-meta":"","header-main-stick-meta":"","header-below-stick-meta":"","astra-migrate-meta-layouts":"set","ast-page-background-enabled":"default","ast-page-background-meta":{"desktop":{"background-color":"var(--ast-global-color-4)","background-image":"","background-repeat":"repeat","background-position":"center center","background-size":"auto","background-attachment":"scroll","background-type":"","background-media":"","overlay-type":"","overlay-color":"","overlay-opacity":"","overlay-gradient":""},"tablet":{"background-color":"","background-image":"","background-repeat":"repeat","background-position":"center center","background-size":"auto","background-attachment":"scroll","background-type":"","background-media":"","overlay-type":"","overlay-color":"","overlay-opacity":"","overlay-gradient":""},"mobile":{"background-color":"","background-image":"","background-repeat":"repeat","background-position":"center center","background-size":"auto","background-attachment":"scroll","background-type":"","background-media":"","overlay-type":"","overlay-color":"","overlay-opacity":"","overlay-gradient":""}},"ast-content-background-meta":{"desktop":{"background-color":"var(--ast-global-color-5)","background-image":"","background-repeat":"repeat","background-position":"center center","background-size":"auto","background-attachment":"scroll","background-type":"","background-media":"","overlay-type":"","overlay-color":"","overlay-opacity":"","overlay-gradient":""},"tablet":{"background-color":"var(--ast-global-color-5)","background-image":"","background-repeat":"repeat","background-position":"center center","background-size":"auto","background-attachment":"scroll","background-type":"","background-media":"","overlay-type":"","overlay-color":"","overlay-opacity":"","overlay-gradient":""},"mobile":{"background-color":"var(--ast-global-color-5)","background-image":"","background-repeat":"repeat","background-position":"center center","background-size":"auto","background-attachment":"scroll","background-type":"","background-media":"","overlay-type":"","overlay-color":"","overlay-opacity":"","overlay-gradient":""}}},"product_brand":[],"product_cat":[37,20,1124,1126,95],"product_tag":[],"class_list":{"0":"post-3423","1":"product","2":"type-product","3":"status-publish","4":"has-post-thumbnail","6":"product_cat-especialidades-de-lija-es","7":"product_cat-herreria-es","8":"product_cat-metal-es","9":"product_cat-metal-no-ferroso","10":"product_cat-tubos-abrasivos-es","11":"desktop-align-center","12":"tablet-align-left","13":"mobile-align-center","15":"first","16":"instock","17":"shipping-taxable","18":"product-type-simple"},"yoast_head":"<!-- This site is optimized with the Yoast SEO plugin v27.2 - https:\/\/yoast.com\/product\/yoast-seo-wordpress\/ -->\n<title>Tubos de lija X-88 - FANDELI<\/title>\n<meta name=\"robots\" content=\"index, follow, max-snippet:-1, max-image-preview:large, max-video-preview:-1\" \/>\n<link rel=\"canonical\" href=\"https:\/\/fandeli.com\/usa\/es\/producto\/tubos-de-lija-x-88\/\" \/>\n<meta property=\"og:locale\" content=\"es_MX\" \/>\n<meta property=\"og:type\" content=\"article\" \/>\n<meta property=\"og:title\" content=\"Tubos de lija X-88 - FANDELI\" \/>\n<meta property=\"og:description\" content=\"Aplicaciones   Utilizados para remover cordones de soldadura y lijar piezas c\u00f3nicas o cil\u00edndricas. Grados gruesos e intermedios para desbaste y acabado. Ideales para desbastar, eliminar rebabas y dar acabado a superficies met\u00e1licas planas o curvas, incluyendo la parte interior de orificios y \u00e1reas de dif\u00edcil acceso. Excelente funci\u00f3n al remover asperezas en los bordes en metales ferrosos y no ferrosos en huecos y piezas irregulares y perforaciones afinado en bordes y cantos cortados de madera.   Caracter\u00edsticas    Materiales resistentes que brindan una larga vida \u00fatil al producto. El producto est\u00e1 unido a un forro interno para una mayor resistencia. Consulte tabla de dimensiones disponibles para soporte acorde al tama\u00f1o.    Aplicaciones y recomendaciones             Descarga las fotos del producto    300 dpis   150 dpis   72 dpis\" \/>\n<meta property=\"og:url\" content=\"https:\/\/fandeli.com\/usa\/es\/producto\/tubos-de-lija-x-88\/\" \/>\n<meta property=\"og:site_name\" content=\"FANDELI\" \/>\n<meta property=\"article:modified_time\" content=\"2025-10-22T18:39:20+00:00\" \/>\n<meta property=\"og:image\" content=\"https:\/\/fandeli.com\/usa\/wp-content\/uploads\/2024\/11\/tubos-x88.jpg\" \/>\n\t<meta property=\"og:image:width\" content=\"800\" \/>\n\t<meta property=\"og:image:height\" content=\"800\" \/>\n\t<meta property=\"og:image:type\" content=\"image\/jpeg\" \/>\n<meta name=\"twitter:card\" content=\"summary_large_image\" \/>\n<meta name=\"twitter:label1\" content=\"Tiempo de lectura\" \/>\n\t<meta name=\"twitter:data1\" content=\"4 minutos\" \/>\n<script type=\"application\/ld+json\" class=\"yoast-schema-graph\">{\"@context\":\"https:\/\/schema.org\",\"@graph\":[{\"@type\":\"WebPage\",\"@id\":\"https:\/\/fandeli.com\/usa\/es\/producto\/tubos-de-lija-x-88\/\",\"url\":\"https:\/\/fandeli.com\/usa\/es\/producto\/tubos-de-lija-x-88\/\",\"name\":\"Tubos de lija X-88 - FANDELI\",\"isPartOf\":{\"@id\":\"https:\/\/fandeli.com\/usa\/#website\"},\"primaryImageOfPage\":{\"@id\":\"https:\/\/fandeli.com\/usa\/es\/producto\/tubos-de-lija-x-88\/#primaryimage\"},\"image\":{\"@id\":\"https:\/\/fandeli.com\/usa\/es\/producto\/tubos-de-lija-x-88\/#primaryimage\"},\"thumbnailUrl\":\"https:\/\/fandeli.com\/usa\/wp-content\/uploads\/2024\/11\/tubos-x88.jpg\",\"datePublished\":\"2024-11-29T14:54:39+00:00\",\"dateModified\":\"2025-10-22T18:39:20+00:00\",\"breadcrumb\":{\"@id\":\"https:\/\/fandeli.com\/usa\/es\/producto\/tubos-de-lija-x-88\/#breadcrumb\"},\"inLanguage\":\"es\",\"potentialAction\":[{\"@type\":\"ReadAction\",\"target\":[\"https:\/\/fandeli.com\/usa\/es\/producto\/tubos-de-lija-x-88\/\"]}]},{\"@type\":\"ImageObject\",\"inLanguage\":\"es\",\"@id\":\"https:\/\/fandeli.com\/usa\/es\/producto\/tubos-de-lija-x-88\/#primaryimage\",\"url\":\"https:\/\/fandeli.com\/usa\/wp-content\/uploads\/2024\/11\/tubos-x88.jpg\",\"contentUrl\":\"https:\/\/fandeli.com\/usa\/wp-content\/uploads\/2024\/11\/tubos-x88.jpg\",\"width\":800,\"height\":800},{\"@type\":\"BreadcrumbList\",\"@id\":\"https:\/\/fandeli.com\/usa\/es\/producto\/tubos-de-lija-x-88\/#breadcrumb\",\"itemListElement\":[{\"@type\":\"ListItem\",\"position\":1,\"name\":\"Portada\",\"item\":\"https:\/\/fandeli.com\/usa\/es\/inicio\/\"},{\"@type\":\"ListItem\",\"position\":2,\"name\":\"Tienda\",\"item\":\"https:\/\/fandeli.com\/usa\/es\/?page_id=13\"},{\"@type\":\"ListItem\",\"position\":3,\"name\":\"Tubos de lija X-88\"}]},{\"@type\":\"WebSite\",\"@id\":\"https:\/\/fandeli.com\/usa\/#website\",\"url\":\"https:\/\/fandeli.com\/usa\/\",\"name\":\"FANDELI\",\"description\":\"FANDELI\",\"publisher\":{\"@id\":\"https:\/\/fandeli.com\/usa\/#organization\"},\"potentialAction\":[{\"@type\":\"SearchAction\",\"target\":{\"@type\":\"EntryPoint\",\"urlTemplate\":\"https:\/\/fandeli.com\/usa\/?s={search_term_string}\"},\"query-input\":{\"@type\":\"PropertyValueSpecification\",\"valueRequired\":true,\"valueName\":\"search_term_string\"}}],\"inLanguage\":\"es\"},{\"@type\":\"Organization\",\"@id\":\"https:\/\/fandeli.com\/usa\/#organization\",\"name\":\"FANDELI\",\"url\":\"https:\/\/fandeli.com\/usa\/\",\"logo\":{\"@type\":\"ImageObject\",\"inLanguage\":\"es\",\"@id\":\"https:\/\/fandeli.com\/usa\/#\/schema\/logo\/image\/\",\"url\":\"https:\/\/fandeli.com\/usa\/wp-content\/uploads\/2025\/12\/logo-fandeli-bco.svg\",\"contentUrl\":\"https:\/\/fandeli.com\/usa\/wp-content\/uploads\/2025\/12\/logo-fandeli-bco.svg\",\"width\":1486,\"height\":326,\"caption\":\"FANDELI\"},\"image\":{\"@id\":\"https:\/\/fandeli.com\/usa\/#\/schema\/logo\/image\/\"}}]}<\/script>\n<!-- \/ Yoast SEO plugin. -->","yoast_head_json":{"title":"Tubos de lija X-88 - FANDELI","robots":{"index":"index","follow":"follow","max-snippet":"max-snippet:-1","max-image-preview":"max-image-preview:large","max-video-preview":"max-video-preview:-1"},"canonical":"https:\/\/fandeli.com\/usa\/es\/producto\/tubos-de-lija-x-88\/","og_locale":"es_MX","og_type":"article","og_title":"Tubos de lija X-88 - FANDELI","og_description":"Aplicaciones   Utilizados para remover cordones de soldadura y lijar piezas c\u00f3nicas o cil\u00edndricas. Grados gruesos e intermedios para desbaste y acabado. Ideales para desbastar, eliminar rebabas y dar acabado a superficies met\u00e1licas planas o curvas, incluyendo la parte interior de orificios y \u00e1reas de dif\u00edcil acceso. Excelente funci\u00f3n al remover asperezas en los bordes en metales ferrosos y no ferrosos en huecos y piezas irregulares y perforaciones afinado en bordes y cantos cortados de madera.   Caracter\u00edsticas    Materiales resistentes que brindan una larga vida \u00fatil al producto. El producto est\u00e1 unido a un forro interno para una mayor resistencia. Consulte tabla de dimensiones disponibles para soporte acorde al tama\u00f1o.    Aplicaciones y recomendaciones             Descarga las fotos del producto    300 dpis   150 dpis   72 dpis","og_url":"https:\/\/fandeli.com\/usa\/es\/producto\/tubos-de-lija-x-88\/","og_site_name":"FANDELI","article_modified_time":"2025-10-22T18:39:20+00:00","og_image":[{"width":800,"height":800,"url":"https:\/\/fandeli.com\/usa\/wp-content\/uploads\/2024\/11\/tubos-x88.jpg","type":"image\/jpeg"}],"twitter_card":"summary_large_image","twitter_misc":{"Tiempo de lectura":"4 minutos"},"schema":{"@context":"https:\/\/schema.org","@graph":[{"@type":"WebPage","@id":"https:\/\/fandeli.com\/usa\/es\/producto\/tubos-de-lija-x-88\/","url":"https:\/\/fandeli.com\/usa\/es\/producto\/tubos-de-lija-x-88\/","name":"Tubos de lija X-88 - FANDELI","isPartOf":{"@id":"https:\/\/fandeli.com\/usa\/#website"},"primaryImageOfPage":{"@id":"https:\/\/fandeli.com\/usa\/es\/producto\/tubos-de-lija-x-88\/#primaryimage"},"image":{"@id":"https:\/\/fandeli.com\/usa\/es\/producto\/tubos-de-lija-x-88\/#primaryimage"},"thumbnailUrl":"https:\/\/fandeli.com\/usa\/wp-content\/uploads\/2024\/11\/tubos-x88.jpg","datePublished":"2024-11-29T14:54:39+00:00","dateModified":"2025-10-22T18:39:20+00:00","breadcrumb":{"@id":"https:\/\/fandeli.com\/usa\/es\/producto\/tubos-de-lija-x-88\/#breadcrumb"},"inLanguage":"es","potentialAction":[{"@type":"ReadAction","target":["https:\/\/fandeli.com\/usa\/es\/producto\/tubos-de-lija-x-88\/"]}]},{"@type":"ImageObject","inLanguage":"es","@id":"https:\/\/fandeli.com\/usa\/es\/producto\/tubos-de-lija-x-88\/#primaryimage","url":"https:\/\/fandeli.com\/usa\/wp-content\/uploads\/2024\/11\/tubos-x88.jpg","contentUrl":"https:\/\/fandeli.com\/usa\/wp-content\/uploads\/2024\/11\/tubos-x88.jpg","width":800,"height":800},{"@type":"BreadcrumbList","@id":"https:\/\/fandeli.com\/usa\/es\/producto\/tubos-de-lija-x-88\/#breadcrumb","itemListElement":[{"@type":"ListItem","position":1,"name":"Portada","item":"https:\/\/fandeli.com\/usa\/es\/inicio\/"},{"@type":"ListItem","position":2,"name":"Tienda","item":"https:\/\/fandeli.com\/usa\/es\/?page_id=13"},{"@type":"ListItem","position":3,"name":"Tubos de lija X-88"}]},{"@type":"WebSite","@id":"https:\/\/fandeli.com\/usa\/#website","url":"https:\/\/fandeli.com\/usa\/","name":"FANDELI","description":"FANDELI","publisher":{"@id":"https:\/\/fandeli.com\/usa\/#organization"},"potentialAction":[{"@type":"SearchAction","target":{"@type":"EntryPoint","urlTemplate":"https:\/\/fandeli.com\/usa\/?s={search_term_string}"},"query-input":{"@type":"PropertyValueSpecification","valueRequired":true,"valueName":"search_term_string"}}],"inLanguage":"es"},{"@type":"Organization","@id":"https:\/\/fandeli.com\/usa\/#organization","name":"FANDELI","url":"https:\/\/fandeli.com\/usa\/","logo":{"@type":"ImageObject","inLanguage":"es","@id":"https:\/\/fandeli.com\/usa\/#\/schema\/logo\/image\/","url":"https:\/\/fandeli.com\/usa\/wp-content\/uploads\/2025\/12\/logo-fandeli-bco.svg","contentUrl":"https:\/\/fandeli.com\/usa\/wp-content\/uploads\/2025\/12\/logo-fandeli-bco.svg","width":1486,"height":326,"caption":"FANDELI"},"image":{"@id":"https:\/\/fandeli.com\/usa\/#\/schema\/logo\/image\/"}}]}},"jetpack_sharing_enabled":true,"_links":{"self":[{"href":"https:\/\/fandeli.com\/usa\/wp-json\/wp\/v2\/product\/3423","targetHints":{"allow":["GET"]}}],"collection":[{"href":"https:\/\/fandeli.com\/usa\/wp-json\/wp\/v2\/product"}],"about":[{"href":"https:\/\/fandeli.com\/usa\/wp-json\/wp\/v2\/types\/product"}],"wp:featuredmedia":[{"embeddable":true,"href":"https:\/\/fandeli.com\/usa\/wp-json\/wp\/v2\/media\/3425"}],"wp:attachment":[{"href":"https:\/\/fandeli.com\/usa\/wp-json\/wp\/v2\/media?parent=3423"}],"wp:term":[{"taxonomy":"product_brand","embeddable":true,"href":"https:\/\/fandeli.com\/usa\/wp-json\/wp\/v2\/product_brand?post=3423"},{"taxonomy":"product_cat","embeddable":true,"href":"https:\/\/fandeli.com\/usa\/wp-json\/wp\/v2\/product_cat?post=3423"},{"taxonomy":"product_tag","embeddable":true,"href":"https:\/\/fandeli.com\/usa\/wp-json\/wp\/v2\/product_tag?post=3423"}],"curies":[{"name":"wp","href":"https:\/\/api.w.org\/{rel}","templated":true}]}}