{"id":3420,"date":"2024-11-29T14:47:08","date_gmt":"2024-11-29T14:47:08","guid":{"rendered":"https:\/\/fandeli.com\/usa\/?post_type=product&#038;p=3420"},"modified":"2024-12-26T15:22:03","modified_gmt":"2024-12-26T15:22:03","slug":"disco-cambio-rapido-s-18-s-20","status":"publish","type":"product","link":"https:\/\/fandeli.com\/usa\/es\/producto\/disco-cambio-rapido-s-18-s-20\/","title":{"rendered":"Disco cambio r\u00e1pido S-18, S-20"},"content":{"rendered":"<table cellspacing=\"0\" cellpadding=\"0\" class=\"tabla\">\n<tr>\n<td><strong>SKU<\/strong><\/td>\n<td><strong>DESCRIPCI\u00d3N<\/strong><\/td>\n<td><strong>GRADO<\/strong><\/td>\n<td><strong>DIMENSIONES<\/strong><\/td>\n<td><strong>EMPAQUE<\/strong><\/td>\n<td><strong>CAJA<\/strong><\/td>\n<\/tr>\n<tr>\n<td>05018<\/td>\n<td>DISCOS DE CAMBIO R\u00c1PIDO FANDELI S-18<\/td>\n<td>40<\/td>\n<td>2&quot;<\/td>\n<td>100<\/td>\n<td>500<\/td>\n<\/tr>\n<tr>\n<td>17836<\/td>\n<td>DISCOS DE CAMBIO R\u00c1PIDO FANDELI S-18<\/td>\n<td>60<\/td>\n<td>3&quot;<\/td>\n<td>100<\/td>\n<td>500<\/td>\n<\/tr>\n<tr>\n<td>32821<\/td>\n<td>DISCOS DE CAMBIO R\u00c1PIDO FANDELI S-18<\/td>\n<td>50<\/td>\n<td>2&quot;<\/td>\n<td>100<\/td>\n<td>500<\/td>\n<\/tr>\n<tr>\n<td>32822<\/td>\n<td>DISCOS DE CAMBIO R\u00c1PIDO FANDELI S-18<\/td>\n<td>36<\/td>\n<td>2&quot;<\/td>\n<td>100<\/td>\n<td>500<\/td>\n<\/tr>\n<tr>\n<td>32823<\/td>\n<td>DISCOS DE CAMBIO R\u00c1PIDO FANDELI S-18<\/td>\n<td>24<\/td>\n<td>2&quot;<\/td>\n<td>100<\/td>\n<td>500<\/td>\n<\/tr>\n<tr>\n<td>32824<\/td>\n<td>DISCOS DE CAMBIO R\u00c1PIDO FANDELI S-18<\/td>\n<td>50<\/td>\n<td>3&quot;<\/td>\n<td>100<\/td>\n<td>500<\/td>\n<\/tr>\n<tr>\n<td>32825<\/td>\n<td>DISCOS DE CAMBIO R\u00c1PIDO FANDELI S-18<\/td>\n<td>36<\/td>\n<td>3&quot;<\/td>\n<td>100<\/td>\n<td>500<\/td>\n<\/tr>\n<tr>\n<td>32826<\/td>\n<td>DISCOS DE CAMBIO R\u00c1PIDO FANDELI S-18<\/td>\n<td>24<\/td>\n<td>3&quot;<\/td>\n<td>100<\/td>\n<td>500<\/td>\n<\/tr>\n<tr>\n<td>74293<\/td>\n<td>DISCOS DE CAMBIO R\u00c1PIDO FANDELI S-20<\/td>\n<td>36<\/td>\n<td>3&quot;<\/td>\n<td>100<\/td>\n<td>500<\/td>\n<\/tr>\n<tr>\n<td>08996<\/td>\n<td>DISCOS DE CAMBIO R\u00c1PIDO FANDELI S-20<\/td>\n<td>36<\/td>\n<td>2&quot;<\/td>\n<td>100<\/td>\n<td>500<\/td>\n<\/tr>\n<tr>\n<td>09027<\/td>\n<td>DISCOS DE CAMBIO R\u00c1PIDO FANDELI S-20<\/td>\n<td>80<\/td>\n<td>2&quot;<\/td>\n<td>100<\/td>\n<td>500<\/td>\n<\/tr>\n<\/table>\n","protected":false},"excerpt":{"rendered":"<p><strong>Aplicaciones<\/strong><\/p>\n<ul class=\"lista\">\n<li>L\u00ednea profesional con el mayor poder de corte para operaciones de desbaste.<\/li>\n<li>Recomendados para operaciones de desbaste pesado.<\/li>\n<li>Para su uso en cordones de soldadura de acero al carb\u00f3n, inoxidable ymetales duros.<\/li>\n<li>F\u00e1cil adaptabilidad a superficies c\u00f3ncavas o convexas.<\/li>\n<li>Larga vida \u00fatil y alto poder de desbaste.<\/li>\n<\/ul>\n<p><strong>Caracter\u00edsticas<\/strong><\/p>\n<ul class=\"lista\">\n<li>F\u00e1ciles de montar a soportes gracias a su sistema Torna-f\u00e1cil con cuerda exterior.<\/li>\n<li>Tama\u00f1os disponibles: 2&#8243; y 3&#8243; de di\u00e1metro.<\/li>\n<\/ul>\n<p><strong>Aplicaciones y recomendaciones<\/strong><\/p>\n<p class=\"iconos\">\n<img decoding=\"async\" src=\"\/assets\/icons\/icon-metal.svg\" class=\"icono\" \/><br \/>\n<img decoding=\"async\" src=\"\/assets\/icons\/icon-mototool.svg\" class=\"icono\" \/><br \/>\n<img decoding=\"async\" src=\"\/assets\/icons\/icon-tornafacil.svg\" class=\"icono\" \/>\t\t<\/p>\n","protected":false},"featured_media":3407,"template":"","meta":{"site-sidebar-layout":"default","site-content-layout":"","ast-site-content-layout":"default","site-content-style":"default","site-sidebar-style":"default","ast-global-header-display":"","ast-banner-title-visibility":"","ast-main-header-display":"","ast-hfb-above-header-display":"","ast-hfb-below-header-display":"","ast-hfb-mobile-header-display":"","site-post-title":"","ast-breadcrumbs-content":"","ast-featured-img":"","footer-sml-layout":"","ast-disable-related-posts":"","theme-transparent-header-meta":"default","adv-header-id-meta":"","stick-header-meta":"","header-above-stick-meta":"","header-main-stick-meta":"","header-below-stick-meta":"","astra-migrate-meta-layouts":"set","ast-page-background-enabled":"default","ast-page-background-meta":{"desktop":{"background-color":"var(--ast-global-color-4)","background-image":"","background-repeat":"repeat","background-position":"center center","background-size":"auto","background-attachment":"scroll","background-type":"","background-media":"","overlay-type":"","overlay-color":"","overlay-opacity":"","overlay-gradient":""},"tablet":{"background-color":"","background-image":"","background-repeat":"repeat","background-position":"center center","background-size":"auto","background-attachment":"scroll","background-type":"","background-media":"","overlay-type":"","overlay-color":"","overlay-opacity":"","overlay-gradient":""},"mobile":{"background-color":"","background-image":"","background-repeat":"repeat","background-position":"center center","background-size":"auto","background-attachment":"scroll","background-type":"","background-media":"","overlay-type":"","overlay-color":"","overlay-opacity":"","overlay-gradient":""}},"ast-content-background-meta":{"desktop":{"background-color":"var(--ast-global-color-5)","background-image":"","background-repeat":"repeat","background-position":"center center","background-size":"auto","background-attachment":"scroll","background-type":"","background-media":"","overlay-type":"","overlay-color":"","overlay-opacity":"","overlay-gradient":""},"tablet":{"background-color":"var(--ast-global-color-5)","background-image":"","background-repeat":"repeat","background-position":"center center","background-size":"auto","background-attachment":"scroll","background-type":"","background-media":"","overlay-type":"","overlay-color":"","overlay-opacity":"","overlay-gradient":""},"mobile":{"background-color":"var(--ast-global-color-5)","background-image":"","background-repeat":"repeat","background-position":"center center","background-size":"auto","background-attachment":"scroll","background-type":"","background-media":"","overlay-type":"","overlay-color":"","overlay-opacity":"","overlay-gradient":""}}},"product_brand":[],"product_cat":[1059,37,20,1124],"product_tag":[],"class_list":{"0":"post-3420","1":"product","2":"type-product","3":"status-publish","4":"has-post-thumbnail","6":"product_cat-discos-de-cambio-rapido","7":"product_cat-especialidades-de-lija-es","8":"product_cat-herreria-es","9":"product_cat-metal-es","10":"desktop-align-center","11":"tablet-align-left","12":"mobile-align-center","14":"first","15":"instock","16":"shipping-taxable","17":"product-type-simple"},"yoast_head":"<!-- This site is optimized with the Yoast SEO plugin v27.2 - https:\/\/yoast.com\/product\/yoast-seo-wordpress\/ -->\n<title>Disco cambio r\u00e1pido S-18, S-20 - FANDELI<\/title>\n<meta name=\"robots\" content=\"index, follow, max-snippet:-1, max-image-preview:large, max-video-preview:-1\" \/>\n<link rel=\"canonical\" href=\"https:\/\/fandeli.com\/usa\/es\/producto\/disco-cambio-rapido-s-18-s-20\/\" \/>\n<meta property=\"og:locale\" content=\"es_MX\" \/>\n<meta property=\"og:type\" content=\"article\" \/>\n<meta property=\"og:title\" content=\"Disco cambio r\u00e1pido S-18, S-20 - FANDELI\" \/>\n<meta property=\"og:description\" content=\"Aplicaciones   L\u00ednea profesional con el mayor poder de corte para operaciones de desbaste. Recomendados para operaciones de desbaste pesado. Para su uso en cordones de soldadura de acero al carb\u00f3n, inoxidable ymetales duros. F\u00e1cil adaptabilidad a superficies c\u00f3ncavas o convexas. Larga vida \u00fatil y alto poder de desbaste.    Caracter\u00edsticas    F\u00e1ciles de montar a soportes gracias a su sistema Torna-f\u00e1cil con cuerda exterior. Tama\u00f1os disponibles: 2&quot; y 3&quot; de di\u00e1metro.    Aplicaciones y recomendaciones\" \/>\n<meta property=\"og:url\" content=\"https:\/\/fandeli.com\/usa\/es\/producto\/disco-cambio-rapido-s-18-s-20\/\" \/>\n<meta property=\"og:site_name\" content=\"FANDELI\" \/>\n<meta property=\"article:modified_time\" content=\"2024-12-26T15:22:03+00:00\" \/>\n<meta property=\"og:image\" content=\"https:\/\/fandeli.com\/usa\/wp-content\/uploads\/2024\/11\/discos-S-20.jpg\" \/>\n\t<meta property=\"og:image:width\" content=\"800\" \/>\n\t<meta property=\"og:image:height\" content=\"800\" \/>\n\t<meta property=\"og:image:type\" content=\"image\/jpeg\" \/>\n<meta name=\"twitter:card\" content=\"summary_large_image\" \/>\n<script type=\"application\/ld+json\" class=\"yoast-schema-graph\">{\"@context\":\"https:\/\/schema.org\",\"@graph\":[{\"@type\":\"WebPage\",\"@id\":\"https:\/\/fandeli.com\/usa\/es\/producto\/disco-cambio-rapido-s-18-s-20\/\",\"url\":\"https:\/\/fandeli.com\/usa\/es\/producto\/disco-cambio-rapido-s-18-s-20\/\",\"name\":\"Disco cambio r\u00e1pido S-18, S-20 - FANDELI\",\"isPartOf\":{\"@id\":\"https:\/\/fandeli.com\/usa\/#website\"},\"primaryImageOfPage\":{\"@id\":\"https:\/\/fandeli.com\/usa\/es\/producto\/disco-cambio-rapido-s-18-s-20\/#primaryimage\"},\"image\":{\"@id\":\"https:\/\/fandeli.com\/usa\/es\/producto\/disco-cambio-rapido-s-18-s-20\/#primaryimage\"},\"thumbnailUrl\":\"https:\/\/fandeli.com\/usa\/wp-content\/uploads\/2024\/11\/discos-S-20.jpg\",\"datePublished\":\"2024-11-29T14:47:08+00:00\",\"dateModified\":\"2024-12-26T15:22:03+00:00\",\"breadcrumb\":{\"@id\":\"https:\/\/fandeli.com\/usa\/es\/producto\/disco-cambio-rapido-s-18-s-20\/#breadcrumb\"},\"inLanguage\":\"es\",\"potentialAction\":[{\"@type\":\"ReadAction\",\"target\":[\"https:\/\/fandeli.com\/usa\/es\/producto\/disco-cambio-rapido-s-18-s-20\/\"]}]},{\"@type\":\"ImageObject\",\"inLanguage\":\"es\",\"@id\":\"https:\/\/fandeli.com\/usa\/es\/producto\/disco-cambio-rapido-s-18-s-20\/#primaryimage\",\"url\":\"https:\/\/fandeli.com\/usa\/wp-content\/uploads\/2024\/11\/discos-S-20.jpg\",\"contentUrl\":\"https:\/\/fandeli.com\/usa\/wp-content\/uploads\/2024\/11\/discos-S-20.jpg\",\"width\":800,\"height\":800},{\"@type\":\"BreadcrumbList\",\"@id\":\"https:\/\/fandeli.com\/usa\/es\/producto\/disco-cambio-rapido-s-18-s-20\/#breadcrumb\",\"itemListElement\":[{\"@type\":\"ListItem\",\"position\":1,\"name\":\"Portada\",\"item\":\"https:\/\/fandeli.com\/usa\/es\/inicio\/\"},{\"@type\":\"ListItem\",\"position\":2,\"name\":\"Tienda\",\"item\":\"https:\/\/fandeli.com\/usa\/es\/?page_id=13\"},{\"@type\":\"ListItem\",\"position\":3,\"name\":\"Disco cambio r\u00e1pido S-18, S-20\"}]},{\"@type\":\"WebSite\",\"@id\":\"https:\/\/fandeli.com\/usa\/#website\",\"url\":\"https:\/\/fandeli.com\/usa\/\",\"name\":\"FANDELI\",\"description\":\"FANDELI\",\"publisher\":{\"@id\":\"https:\/\/fandeli.com\/usa\/#organization\"},\"potentialAction\":[{\"@type\":\"SearchAction\",\"target\":{\"@type\":\"EntryPoint\",\"urlTemplate\":\"https:\/\/fandeli.com\/usa\/?s={search_term_string}\"},\"query-input\":{\"@type\":\"PropertyValueSpecification\",\"valueRequired\":true,\"valueName\":\"search_term_string\"}}],\"inLanguage\":\"es\"},{\"@type\":\"Organization\",\"@id\":\"https:\/\/fandeli.com\/usa\/#organization\",\"name\":\"FANDELI\",\"url\":\"https:\/\/fandeli.com\/usa\/\",\"logo\":{\"@type\":\"ImageObject\",\"inLanguage\":\"es\",\"@id\":\"https:\/\/fandeli.com\/usa\/#\/schema\/logo\/image\/\",\"url\":\"https:\/\/fandeli.com\/usa\/wp-content\/uploads\/2025\/12\/logo-fandeli-bco.svg\",\"contentUrl\":\"https:\/\/fandeli.com\/usa\/wp-content\/uploads\/2025\/12\/logo-fandeli-bco.svg\",\"width\":1486,\"height\":326,\"caption\":\"FANDELI\"},\"image\":{\"@id\":\"https:\/\/fandeli.com\/usa\/#\/schema\/logo\/image\/\"}}]}<\/script>\n<!-- \/ Yoast SEO plugin. -->","yoast_head_json":{"title":"Disco cambio r\u00e1pido S-18, S-20 - FANDELI","robots":{"index":"index","follow":"follow","max-snippet":"max-snippet:-1","max-image-preview":"max-image-preview:large","max-video-preview":"max-video-preview:-1"},"canonical":"https:\/\/fandeli.com\/usa\/es\/producto\/disco-cambio-rapido-s-18-s-20\/","og_locale":"es_MX","og_type":"article","og_title":"Disco cambio r\u00e1pido S-18, S-20 - FANDELI","og_description":"Aplicaciones   L\u00ednea profesional con el mayor poder de corte para operaciones de desbaste. Recomendados para operaciones de desbaste pesado. Para su uso en cordones de soldadura de acero al carb\u00f3n, inoxidable ymetales duros. F\u00e1cil adaptabilidad a superficies c\u00f3ncavas o convexas. Larga vida \u00fatil y alto poder de desbaste.    Caracter\u00edsticas    F\u00e1ciles de montar a soportes gracias a su sistema Torna-f\u00e1cil con cuerda exterior. Tama\u00f1os disponibles: 2\" y 3\" de di\u00e1metro.    Aplicaciones y recomendaciones","og_url":"https:\/\/fandeli.com\/usa\/es\/producto\/disco-cambio-rapido-s-18-s-20\/","og_site_name":"FANDELI","article_modified_time":"2024-12-26T15:22:03+00:00","og_image":[{"width":800,"height":800,"url":"https:\/\/fandeli.com\/usa\/wp-content\/uploads\/2024\/11\/discos-S-20.jpg","type":"image\/jpeg"}],"twitter_card":"summary_large_image","schema":{"@context":"https:\/\/schema.org","@graph":[{"@type":"WebPage","@id":"https:\/\/fandeli.com\/usa\/es\/producto\/disco-cambio-rapido-s-18-s-20\/","url":"https:\/\/fandeli.com\/usa\/es\/producto\/disco-cambio-rapido-s-18-s-20\/","name":"Disco cambio r\u00e1pido S-18, S-20 - FANDELI","isPartOf":{"@id":"https:\/\/fandeli.com\/usa\/#website"},"primaryImageOfPage":{"@id":"https:\/\/fandeli.com\/usa\/es\/producto\/disco-cambio-rapido-s-18-s-20\/#primaryimage"},"image":{"@id":"https:\/\/fandeli.com\/usa\/es\/producto\/disco-cambio-rapido-s-18-s-20\/#primaryimage"},"thumbnailUrl":"https:\/\/fandeli.com\/usa\/wp-content\/uploads\/2024\/11\/discos-S-20.jpg","datePublished":"2024-11-29T14:47:08+00:00","dateModified":"2024-12-26T15:22:03+00:00","breadcrumb":{"@id":"https:\/\/fandeli.com\/usa\/es\/producto\/disco-cambio-rapido-s-18-s-20\/#breadcrumb"},"inLanguage":"es","potentialAction":[{"@type":"ReadAction","target":["https:\/\/fandeli.com\/usa\/es\/producto\/disco-cambio-rapido-s-18-s-20\/"]}]},{"@type":"ImageObject","inLanguage":"es","@id":"https:\/\/fandeli.com\/usa\/es\/producto\/disco-cambio-rapido-s-18-s-20\/#primaryimage","url":"https:\/\/fandeli.com\/usa\/wp-content\/uploads\/2024\/11\/discos-S-20.jpg","contentUrl":"https:\/\/fandeli.com\/usa\/wp-content\/uploads\/2024\/11\/discos-S-20.jpg","width":800,"height":800},{"@type":"BreadcrumbList","@id":"https:\/\/fandeli.com\/usa\/es\/producto\/disco-cambio-rapido-s-18-s-20\/#breadcrumb","itemListElement":[{"@type":"ListItem","position":1,"name":"Portada","item":"https:\/\/fandeli.com\/usa\/es\/inicio\/"},{"@type":"ListItem","position":2,"name":"Tienda","item":"https:\/\/fandeli.com\/usa\/es\/?page_id=13"},{"@type":"ListItem","position":3,"name":"Disco cambio r\u00e1pido S-18, S-20"}]},{"@type":"WebSite","@id":"https:\/\/fandeli.com\/usa\/#website","url":"https:\/\/fandeli.com\/usa\/","name":"FANDELI","description":"FANDELI","publisher":{"@id":"https:\/\/fandeli.com\/usa\/#organization"},"potentialAction":[{"@type":"SearchAction","target":{"@type":"EntryPoint","urlTemplate":"https:\/\/fandeli.com\/usa\/?s={search_term_string}"},"query-input":{"@type":"PropertyValueSpecification","valueRequired":true,"valueName":"search_term_string"}}],"inLanguage":"es"},{"@type":"Organization","@id":"https:\/\/fandeli.com\/usa\/#organization","name":"FANDELI","url":"https:\/\/fandeli.com\/usa\/","logo":{"@type":"ImageObject","inLanguage":"es","@id":"https:\/\/fandeli.com\/usa\/#\/schema\/logo\/image\/","url":"https:\/\/fandeli.com\/usa\/wp-content\/uploads\/2025\/12\/logo-fandeli-bco.svg","contentUrl":"https:\/\/fandeli.com\/usa\/wp-content\/uploads\/2025\/12\/logo-fandeli-bco.svg","width":1486,"height":326,"caption":"FANDELI"},"image":{"@id":"https:\/\/fandeli.com\/usa\/#\/schema\/logo\/image\/"}}]}},"jetpack_sharing_enabled":true,"_links":{"self":[{"href":"https:\/\/fandeli.com\/usa\/wp-json\/wp\/v2\/product\/3420","targetHints":{"allow":["GET"]}}],"collection":[{"href":"https:\/\/fandeli.com\/usa\/wp-json\/wp\/v2\/product"}],"about":[{"href":"https:\/\/fandeli.com\/usa\/wp-json\/wp\/v2\/types\/product"}],"wp:featuredmedia":[{"embeddable":true,"href":"https:\/\/fandeli.com\/usa\/wp-json\/wp\/v2\/media\/3407"}],"wp:attachment":[{"href":"https:\/\/fandeli.com\/usa\/wp-json\/wp\/v2\/media?parent=3420"}],"wp:term":[{"taxonomy":"product_brand","embeddable":true,"href":"https:\/\/fandeli.com\/usa\/wp-json\/wp\/v2\/product_brand?post=3420"},{"taxonomy":"product_cat","embeddable":true,"href":"https:\/\/fandeli.com\/usa\/wp-json\/wp\/v2\/product_cat?post=3420"},{"taxonomy":"product_tag","embeddable":true,"href":"https:\/\/fandeli.com\/usa\/wp-json\/wp\/v2\/product_tag?post=3420"}],"curies":[{"name":"wp","href":"https:\/\/api.w.org\/{rel}","templated":true}]}}