{"id":3418,"date":"2024-11-29T14:43:51","date_gmt":"2024-11-29T14:43:51","guid":{"rendered":"https:\/\/fandeli.com\/usa\/?post_type=product&#038;p=3418"},"modified":"2026-02-04T22:54:40","modified_gmt":"2026-02-04T22:54:40","slug":"disco-cambio-rapido-r-88-y-88","status":"publish","type":"product","link":"https:\/\/fandeli.com\/usa\/es\/producto\/disco-cambio-rapido-r-88-y-88\/","title":{"rendered":"Disco cambio r\u00e1pido R-88, Y-88"},"content":{"rendered":"<table cellspacing=\"0\" cellpadding=\"0\" class=\"tabla\">\n<tr>\n<td><strong>SKU<\/strong><\/td>\n<td><strong>DESCRIPCI\u00d3N<\/strong><\/td>\n<td><strong>GRADO<\/strong><\/td>\n<td><strong>DIMENSIONES<\/strong><\/td>\n<td><strong>EMPAQUE<\/strong><\/td>\n<td><strong>CAJA<\/strong><\/td>\n<\/tr>\n<tr>\n<td>03815<\/td>\n<td>DISCO DE CAMBIO R\u00c1PIDO FANDELI R-88<\/td>\n<td>P60<\/td>\n<td>3&quot;<\/td>\n<td>100<\/td>\n<td>500<\/td>\n<\/tr>\n<tr>\n<td>04703<\/td>\n<td>DISCO DE CAMBIO R\u00c1PIDO FANDELI R-88<\/td>\n<td>P80<\/td>\n<td>3&quot;<\/td>\n<td>100<\/td>\n<td>500<\/td>\n<\/tr>\n<tr>\n<td>04705<\/td>\n<td>DISCO DE CAMBIO R\u00c1PIDO FANDELI R-88<\/td>\n<td>P120<\/td>\n<td>3&quot;<\/td>\n<td>100<\/td>\n<td>500<\/td>\n<\/tr>\n<tr>\n<td>05511<\/td>\n<td>DISCO DE CAMBIO R\u00c1PIDO FANDELI R-88<\/td>\n<td>P60<\/td>\n<td>2&quot;<\/td>\n<td>100<\/td>\n<td>500<\/td>\n<\/tr>\n<tr>\n<td>05512<\/td>\n<td>DISCO DE CAMBIO R\u00c1PIDO FANDELI R-88<\/td>\n<td>P80<\/td>\n<td>2&quot;<\/td>\n<td>100<\/td>\n<td>500<\/td>\n<\/tr>\n<tr>\n<td>05513<\/td>\n<td>DISCO DE CAMBIO R\u00c1PIDO FANDELI R-88<\/td>\n<td>P100<\/td>\n<td>2&quot;<\/td>\n<td>100<\/td>\n<td>500<\/td>\n<\/tr>\n<tr>\n<td>05514<\/td>\n<td>DISCO DE CAMBIO R\u00c1PIDO FANDELI R-88<\/td>\n<td>P120<\/td>\n<td>2&quot;<\/td>\n<td>100<\/td>\n<td>500<\/td>\n<\/tr>\n<tr>\n<td>05609<\/td>\n<td>DISCO DE CAMBIO R\u00c1PIDO FANDELI R-88<\/td>\n<td>P60<\/td>\n<td>1-1\/2&quot;<\/td>\n<td>100<\/td>\n<td>500<\/td>\n<\/tr>\n<tr>\n<td>05610<\/td>\n<td>DISCO DE CAMBIO R\u00c1PIDO FANDELI R-88<\/td>\n<td>P80<\/td>\n<td>1-1\/2&quot;<\/td>\n<td>100<\/td>\n<td>500<\/td>\n<\/tr>\n<tr>\n<td>05612<\/td>\n<td>DISCO DE CAMBIO R\u00c1PIDO FANDELI R-88<\/td>\n<td>P120<\/td>\n<td>1-1\/2&quot;<\/td>\n<td>100<\/td>\n<td>500<\/td>\n<\/tr>\n<tr>\n<td>14715<\/td>\n<td>DISCO DE CAMBIO R\u00c1PIDO FANDELI R-88<\/td>\n<td>P80<\/td>\n<td>2&quot;<\/td>\n<td>100<\/td>\n<td>500<\/td>\n<\/tr>\n<tr>\n<td>17457<\/td>\n<td>DISCO DE CAMBIO R\u00c1PIDO FANDELI R-88<\/td>\n<td>P80<\/td>\n<td>2&quot;<\/td>\n<td>100<\/td>\n<td>500<\/td>\n<\/tr>\n<tr>\n<td>17840<\/td>\n<td>DISCO DE CAMBIO R\u00c1PIDO FANDELI R-88<\/td>\n<td>P120<\/td>\n<td>2&quot;<\/td>\n<td>100<\/td>\n<td>500<\/td>\n<\/tr>\n<tr>\n<td>18749<\/td>\n<td>DISCO DE CAMBIO R\u00c1PIDO FANDELI R-88<\/td>\n<td>P180<\/td>\n<td>2&quot;<\/td>\n<td>100<\/td>\n<td>500<\/td>\n<\/tr>\n<tr>\n<td>27190<\/td>\n<td>DISCO DE CAMBIO R\u00c1PIDO FANDELI R-88<\/td>\n<td>P400<\/td>\n<td>3&quot;<\/td>\n<td>100<\/td>\n<td>500<\/td>\n<\/tr>\n<tr>\n<td>04700<\/td>\n<td>DISCO DE CAMBIO R\u00c1PIDO FANDELI Y-88<\/td>\n<td>36P<\/td>\n<td>3&quot;<\/td>\n<td>50<\/td>\n<td>500<\/td>\n<\/tr>\n<tr>\n<td>05507<\/td>\n<td>DISCO DE CAMBIO R\u00c1PIDO FANDELI Y-88<\/td>\n<td>36P<\/td>\n<td>2&quot;<\/td>\n<td>100<\/td>\n<td>500<\/td>\n<\/tr>\n<tr>\n<td>05606<\/td>\n<td>DISCO DE CAMBIO R\u00c1PIDO FANDELI Y-88<\/td>\n<td>36P<\/td>\n<td>1 1\/2&quot;<\/td>\n<td>20<\/td>\n<td>500<\/td>\n<\/tr>\n<tr>\n<td>32866<\/td>\n<td>DISCO DE CAMBIO R\u00c1PIDO FANDELI Y-88<\/td>\n<td>36P<\/td>\n<td>2&quot;<\/td>\n<td>100<\/td>\n<td>500<\/td>\n<\/tr>\n<tr>\n<td>32867<\/td>\n<td>DISCO DE CAMBIO R\u00c1PIDO FANDELI Y-88<\/td>\n<td>24P<\/td>\n<td>2&quot;<\/td>\n<td>100<\/td>\n<td>500<\/td>\n<\/tr>\n<tr>\n<td>32886<\/td>\n<td>DISCO DE CAMBIO R\u00c1PIDO FANDELI Y-88<\/td>\n<td>36P<\/td>\n<td>3&quot;<\/td>\n<td>50<\/td>\n<td>500<\/td>\n<\/tr>\n<tr>\n<td>32887<\/td>\n<td>DISCO DE CAMBIO R\u00c1PIDO FANDELI Y-88<\/td>\n<td>24P<\/td>\n<td>3<\/td>\n<td>50<\/td>\n<td>500<\/td>\n<\/tr>\n<\/table>\n","protected":false},"excerpt":{"rendered":"<p><strong>Aplicaciones<\/strong><\/p>\n<ul class=\"lista\">\n<li>Para usos generales en operaciones industriales y tareas en talleres de mantenimiento.<\/li>\n<li>Remoci\u00f3n de rebabas y desbaste de acero y cordones de soldadura.<\/li>\n<li>Operaciones que requieren de un desbaste preciso y homog\u00e9neo en la industria metalmec\u00e1nica y fundiciones.<\/li>\n<li>Composici\u00f3n de alta resistencia.<\/li>\n<\/ul>\n<p><strong>Caracter\u00edsticas<\/strong><\/p>\n<ul class=\"lista\">\n<li>F\u00e1ciles de montar a soportes gracias a su sistema Gira-f\u00e1cil con cuerda exterior.<\/li>\n<li>Tama\u00f1os disponibles: 1&#8243;, 1-1\/2&#8243;, 2&#8243; y 3&#8243; de di\u00e1metro.<\/li>\n<\/ul>\n<p><strong>Aplicaciones y recomendaciones<\/strong><\/p>\n<p class=\"iconos\">\n<img decoding=\"async\" src=\"\/assets\/icons\/icon-metal.svg\" class=\"icono\" \/><br \/>\n<img decoding=\"async\" src=\"\/assets\/icons\/icon-metal-noferroso.svg\" class=\"icono\" \/><br \/>\n<img decoding=\"async\" src=\"\/assets\/icons\/icon-mototool.svg\" class=\"icono\" \/><br \/>\n<img decoding=\"async\" src=\"\/assets\/icons\/icon-tornafacil.svg\" class=\"icono\" \/>\t\t<\/p>\n<h5><strong>Descarga las fotos del producto<\/strong><\/h5>\n<div id=\"foto\">\n<div class=\"foto1\">\n<a href=\"\/assets\/img\/discos-y-88-300.zip\" class=\"btn-foto\" target=\"_blank\">300 dpis<\/a>\n<\/div>\n<div class=\"foto2\">\n<a href=\"\/assets\/img\/discos-y-88-150.zip\" class=\"btn-foto\" target=\"_blank\">150 dpis<\/a>\n<\/div>\n<div class=\"foto3\">\n<a href=\"\/assets\/img\/discos-y-88-72.zip\" class=\"btn-foto\" target=\"_blank\">72 dpis<\/a>\n<\/div>\n<\/div>\n","protected":false},"featured_media":4627,"template":"","meta":{"site-sidebar-layout":"default","site-content-layout":"","ast-site-content-layout":"default","site-content-style":"default","site-sidebar-style":"default","ast-global-header-display":"","ast-banner-title-visibility":"","ast-main-header-display":"","ast-hfb-above-header-display":"","ast-hfb-below-header-display":"","ast-hfb-mobile-header-display":"","site-post-title":"","ast-breadcrumbs-content":"","ast-featured-img":"","footer-sml-layout":"","ast-disable-related-posts":"","theme-transparent-header-meta":"default","adv-header-id-meta":"","stick-header-meta":"","header-above-stick-meta":"","header-main-stick-meta":"","header-below-stick-meta":"","astra-migrate-meta-layouts":"set","ast-page-background-enabled":"default","ast-page-background-meta":{"desktop":{"background-color":"var(--ast-global-color-4)","background-image":"","background-repeat":"repeat","background-position":"center center","background-size":"auto","background-attachment":"scroll","background-type":"","background-media":"","overlay-type":"","overlay-color":"","overlay-opacity":"","overlay-gradient":""},"tablet":{"background-color":"","background-image":"","background-repeat":"repeat","background-position":"center center","background-size":"auto","background-attachment":"scroll","background-type":"","background-media":"","overlay-type":"","overlay-color":"","overlay-opacity":"","overlay-gradient":""},"mobile":{"background-color":"","background-image":"","background-repeat":"repeat","background-position":"center center","background-size":"auto","background-attachment":"scroll","background-type":"","background-media":"","overlay-type":"","overlay-color":"","overlay-opacity":"","overlay-gradient":""}},"ast-content-background-meta":{"desktop":{"background-color":"var(--ast-global-color-5)","background-image":"","background-repeat":"repeat","background-position":"center center","background-size":"auto","background-attachment":"scroll","background-type":"","background-media":"","overlay-type":"","overlay-color":"","overlay-opacity":"","overlay-gradient":""},"tablet":{"background-color":"var(--ast-global-color-5)","background-image":"","background-repeat":"repeat","background-position":"center center","background-size":"auto","background-attachment":"scroll","background-type":"","background-media":"","overlay-type":"","overlay-color":"","overlay-opacity":"","overlay-gradient":""},"mobile":{"background-color":"var(--ast-global-color-5)","background-image":"","background-repeat":"repeat","background-position":"center center","background-size":"auto","background-attachment":"scroll","background-type":"","background-media":"","overlay-type":"","overlay-color":"","overlay-opacity":"","overlay-gradient":""}}},"product_brand":[],"product_cat":[1059,37,20,1126],"product_tag":[],"class_list":{"0":"post-3418","1":"product","2":"type-product","3":"status-publish","4":"has-post-thumbnail","6":"product_cat-discos-de-cambio-rapido","7":"product_cat-especialidades-de-lija-es","8":"product_cat-herreria-es","9":"product_cat-metal-no-ferroso","10":"desktop-align-center","11":"tablet-align-left","12":"mobile-align-center","14":"first","15":"instock","16":"shipping-taxable","17":"product-type-simple"},"yoast_head":"<!-- This site is optimized with the Yoast SEO plugin v27.2 - https:\/\/yoast.com\/product\/yoast-seo-wordpress\/ -->\n<title>Disco cambio r\u00e1pido R-88, Y-88 - FANDELI<\/title>\n<meta name=\"robots\" content=\"index, follow, max-snippet:-1, max-image-preview:large, max-video-preview:-1\" \/>\n<link rel=\"canonical\" href=\"https:\/\/fandeli.com\/usa\/es\/producto\/disco-cambio-rapido-r-88-y-88\/\" \/>\n<meta property=\"og:locale\" content=\"es_MX\" \/>\n<meta property=\"og:type\" content=\"article\" \/>\n<meta property=\"og:title\" content=\"Disco cambio r\u00e1pido R-88, Y-88 - FANDELI\" \/>\n<meta property=\"og:description\" content=\"Aplicaciones   Para usos generales en operaciones industriales y tareas en talleres de mantenimiento. Remoci\u00f3n de rebabas y desbaste de acero y cordones de soldadura. Operaciones que requieren de un desbaste preciso y homog\u00e9neo en la industria metalmec\u00e1nica y fundiciones. Composici\u00f3n de alta resistencia.    Caracter\u00edsticas    F\u00e1ciles de montar a soportes gracias a su sistema Gira-f\u00e1cil con cuerda exterior. Tama\u00f1os disponibles: 1&quot;, 1-1\/2&quot;, 2&quot; y 3&quot; de di\u00e1metro.    Aplicaciones y recomendaciones                Descarga las fotos del producto    300 dpis   150 dpis   72 dpis\" \/>\n<meta property=\"og:url\" content=\"https:\/\/fandeli.com\/usa\/es\/producto\/disco-cambio-rapido-r-88-y-88\/\" \/>\n<meta property=\"og:site_name\" content=\"FANDELI\" \/>\n<meta property=\"article:modified_time\" content=\"2026-02-04T22:54:40+00:00\" \/>\n<meta property=\"og:image\" content=\"https:\/\/fandeli.com\/usa\/wp-content\/uploads\/2024\/12\/tornafacil-y-88.jpg\" \/>\n\t<meta property=\"og:image:width\" content=\"800\" \/>\n\t<meta property=\"og:image:height\" content=\"800\" \/>\n\t<meta property=\"og:image:type\" content=\"image\/jpeg\" \/>\n<meta name=\"twitter:card\" content=\"summary_large_image\" \/>\n<meta name=\"twitter:label1\" content=\"Tiempo de lectura\" \/>\n\t<meta name=\"twitter:data1\" content=\"2 minutos\" \/>\n<script type=\"application\/ld+json\" class=\"yoast-schema-graph\">{\"@context\":\"https:\/\/schema.org\",\"@graph\":[{\"@type\":\"WebPage\",\"@id\":\"https:\/\/fandeli.com\/usa\/es\/producto\/disco-cambio-rapido-r-88-y-88\/\",\"url\":\"https:\/\/fandeli.com\/usa\/es\/producto\/disco-cambio-rapido-r-88-y-88\/\",\"name\":\"Disco cambio r\u00e1pido R-88, Y-88 - FANDELI\",\"isPartOf\":{\"@id\":\"https:\/\/fandeli.com\/usa\/#website\"},\"primaryImageOfPage\":{\"@id\":\"https:\/\/fandeli.com\/usa\/es\/producto\/disco-cambio-rapido-r-88-y-88\/#primaryimage\"},\"image\":{\"@id\":\"https:\/\/fandeli.com\/usa\/es\/producto\/disco-cambio-rapido-r-88-y-88\/#primaryimage\"},\"thumbnailUrl\":\"https:\/\/fandeli.com\/usa\/wp-content\/uploads\/2024\/12\/tornafacil-y-88.jpg\",\"datePublished\":\"2024-11-29T14:43:51+00:00\",\"dateModified\":\"2026-02-04T22:54:40+00:00\",\"breadcrumb\":{\"@id\":\"https:\/\/fandeli.com\/usa\/es\/producto\/disco-cambio-rapido-r-88-y-88\/#breadcrumb\"},\"inLanguage\":\"es\",\"potentialAction\":[{\"@type\":\"ReadAction\",\"target\":[\"https:\/\/fandeli.com\/usa\/es\/producto\/disco-cambio-rapido-r-88-y-88\/\"]}]},{\"@type\":\"ImageObject\",\"inLanguage\":\"es\",\"@id\":\"https:\/\/fandeli.com\/usa\/es\/producto\/disco-cambio-rapido-r-88-y-88\/#primaryimage\",\"url\":\"https:\/\/fandeli.com\/usa\/wp-content\/uploads\/2024\/12\/tornafacil-y-88.jpg\",\"contentUrl\":\"https:\/\/fandeli.com\/usa\/wp-content\/uploads\/2024\/12\/tornafacil-y-88.jpg\",\"width\":800,\"height\":800},{\"@type\":\"BreadcrumbList\",\"@id\":\"https:\/\/fandeli.com\/usa\/es\/producto\/disco-cambio-rapido-r-88-y-88\/#breadcrumb\",\"itemListElement\":[{\"@type\":\"ListItem\",\"position\":1,\"name\":\"Portada\",\"item\":\"https:\/\/fandeli.com\/usa\/es\/inicio\/\"},{\"@type\":\"ListItem\",\"position\":2,\"name\":\"Tienda\",\"item\":\"https:\/\/fandeli.com\/usa\/es\/?page_id=13\"},{\"@type\":\"ListItem\",\"position\":3,\"name\":\"Disco cambio r\u00e1pido R-88, Y-88\"}]},{\"@type\":\"WebSite\",\"@id\":\"https:\/\/fandeli.com\/usa\/#website\",\"url\":\"https:\/\/fandeli.com\/usa\/\",\"name\":\"FANDELI\",\"description\":\"FANDELI\",\"publisher\":{\"@id\":\"https:\/\/fandeli.com\/usa\/#organization\"},\"potentialAction\":[{\"@type\":\"SearchAction\",\"target\":{\"@type\":\"EntryPoint\",\"urlTemplate\":\"https:\/\/fandeli.com\/usa\/?s={search_term_string}\"},\"query-input\":{\"@type\":\"PropertyValueSpecification\",\"valueRequired\":true,\"valueName\":\"search_term_string\"}}],\"inLanguage\":\"es\"},{\"@type\":\"Organization\",\"@id\":\"https:\/\/fandeli.com\/usa\/#organization\",\"name\":\"FANDELI\",\"url\":\"https:\/\/fandeli.com\/usa\/\",\"logo\":{\"@type\":\"ImageObject\",\"inLanguage\":\"es\",\"@id\":\"https:\/\/fandeli.com\/usa\/#\/schema\/logo\/image\/\",\"url\":\"https:\/\/fandeli.com\/usa\/wp-content\/uploads\/2025\/12\/logo-fandeli-bco.svg\",\"contentUrl\":\"https:\/\/fandeli.com\/usa\/wp-content\/uploads\/2025\/12\/logo-fandeli-bco.svg\",\"width\":1486,\"height\":326,\"caption\":\"FANDELI\"},\"image\":{\"@id\":\"https:\/\/fandeli.com\/usa\/#\/schema\/logo\/image\/\"}}]}<\/script>\n<!-- \/ Yoast SEO plugin. -->","yoast_head_json":{"title":"Disco cambio r\u00e1pido R-88, Y-88 - FANDELI","robots":{"index":"index","follow":"follow","max-snippet":"max-snippet:-1","max-image-preview":"max-image-preview:large","max-video-preview":"max-video-preview:-1"},"canonical":"https:\/\/fandeli.com\/usa\/es\/producto\/disco-cambio-rapido-r-88-y-88\/","og_locale":"es_MX","og_type":"article","og_title":"Disco cambio r\u00e1pido R-88, Y-88 - FANDELI","og_description":"Aplicaciones   Para usos generales en operaciones industriales y tareas en talleres de mantenimiento. Remoci\u00f3n de rebabas y desbaste de acero y cordones de soldadura. Operaciones que requieren de un desbaste preciso y homog\u00e9neo en la industria metalmec\u00e1nica y fundiciones. Composici\u00f3n de alta resistencia.    Caracter\u00edsticas    F\u00e1ciles de montar a soportes gracias a su sistema Gira-f\u00e1cil con cuerda exterior. Tama\u00f1os disponibles: 1\", 1-1\/2\", 2\" y 3\" de di\u00e1metro.    Aplicaciones y recomendaciones                Descarga las fotos del producto    300 dpis   150 dpis   72 dpis","og_url":"https:\/\/fandeli.com\/usa\/es\/producto\/disco-cambio-rapido-r-88-y-88\/","og_site_name":"FANDELI","article_modified_time":"2026-02-04T22:54:40+00:00","og_image":[{"width":800,"height":800,"url":"https:\/\/fandeli.com\/usa\/wp-content\/uploads\/2024\/12\/tornafacil-y-88.jpg","type":"image\/jpeg"}],"twitter_card":"summary_large_image","twitter_misc":{"Tiempo de lectura":"2 minutos"},"schema":{"@context":"https:\/\/schema.org","@graph":[{"@type":"WebPage","@id":"https:\/\/fandeli.com\/usa\/es\/producto\/disco-cambio-rapido-r-88-y-88\/","url":"https:\/\/fandeli.com\/usa\/es\/producto\/disco-cambio-rapido-r-88-y-88\/","name":"Disco cambio r\u00e1pido R-88, Y-88 - FANDELI","isPartOf":{"@id":"https:\/\/fandeli.com\/usa\/#website"},"primaryImageOfPage":{"@id":"https:\/\/fandeli.com\/usa\/es\/producto\/disco-cambio-rapido-r-88-y-88\/#primaryimage"},"image":{"@id":"https:\/\/fandeli.com\/usa\/es\/producto\/disco-cambio-rapido-r-88-y-88\/#primaryimage"},"thumbnailUrl":"https:\/\/fandeli.com\/usa\/wp-content\/uploads\/2024\/12\/tornafacil-y-88.jpg","datePublished":"2024-11-29T14:43:51+00:00","dateModified":"2026-02-04T22:54:40+00:00","breadcrumb":{"@id":"https:\/\/fandeli.com\/usa\/es\/producto\/disco-cambio-rapido-r-88-y-88\/#breadcrumb"},"inLanguage":"es","potentialAction":[{"@type":"ReadAction","target":["https:\/\/fandeli.com\/usa\/es\/producto\/disco-cambio-rapido-r-88-y-88\/"]}]},{"@type":"ImageObject","inLanguage":"es","@id":"https:\/\/fandeli.com\/usa\/es\/producto\/disco-cambio-rapido-r-88-y-88\/#primaryimage","url":"https:\/\/fandeli.com\/usa\/wp-content\/uploads\/2024\/12\/tornafacil-y-88.jpg","contentUrl":"https:\/\/fandeli.com\/usa\/wp-content\/uploads\/2024\/12\/tornafacil-y-88.jpg","width":800,"height":800},{"@type":"BreadcrumbList","@id":"https:\/\/fandeli.com\/usa\/es\/producto\/disco-cambio-rapido-r-88-y-88\/#breadcrumb","itemListElement":[{"@type":"ListItem","position":1,"name":"Portada","item":"https:\/\/fandeli.com\/usa\/es\/inicio\/"},{"@type":"ListItem","position":2,"name":"Tienda","item":"https:\/\/fandeli.com\/usa\/es\/?page_id=13"},{"@type":"ListItem","position":3,"name":"Disco cambio r\u00e1pido R-88, Y-88"}]},{"@type":"WebSite","@id":"https:\/\/fandeli.com\/usa\/#website","url":"https:\/\/fandeli.com\/usa\/","name":"FANDELI","description":"FANDELI","publisher":{"@id":"https:\/\/fandeli.com\/usa\/#organization"},"potentialAction":[{"@type":"SearchAction","target":{"@type":"EntryPoint","urlTemplate":"https:\/\/fandeli.com\/usa\/?s={search_term_string}"},"query-input":{"@type":"PropertyValueSpecification","valueRequired":true,"valueName":"search_term_string"}}],"inLanguage":"es"},{"@type":"Organization","@id":"https:\/\/fandeli.com\/usa\/#organization","name":"FANDELI","url":"https:\/\/fandeli.com\/usa\/","logo":{"@type":"ImageObject","inLanguage":"es","@id":"https:\/\/fandeli.com\/usa\/#\/schema\/logo\/image\/","url":"https:\/\/fandeli.com\/usa\/wp-content\/uploads\/2025\/12\/logo-fandeli-bco.svg","contentUrl":"https:\/\/fandeli.com\/usa\/wp-content\/uploads\/2025\/12\/logo-fandeli-bco.svg","width":1486,"height":326,"caption":"FANDELI"},"image":{"@id":"https:\/\/fandeli.com\/usa\/#\/schema\/logo\/image\/"}}]}},"jetpack_sharing_enabled":true,"_links":{"self":[{"href":"https:\/\/fandeli.com\/usa\/wp-json\/wp\/v2\/product\/3418","targetHints":{"allow":["GET"]}}],"collection":[{"href":"https:\/\/fandeli.com\/usa\/wp-json\/wp\/v2\/product"}],"about":[{"href":"https:\/\/fandeli.com\/usa\/wp-json\/wp\/v2\/types\/product"}],"wp:featuredmedia":[{"embeddable":true,"href":"https:\/\/fandeli.com\/usa\/wp-json\/wp\/v2\/media\/4627"}],"wp:attachment":[{"href":"https:\/\/fandeli.com\/usa\/wp-json\/wp\/v2\/media?parent=3418"}],"wp:term":[{"taxonomy":"product_brand","embeddable":true,"href":"https:\/\/fandeli.com\/usa\/wp-json\/wp\/v2\/product_brand?post=3418"},{"taxonomy":"product_cat","embeddable":true,"href":"https:\/\/fandeli.com\/usa\/wp-json\/wp\/v2\/product_cat?post=3418"},{"taxonomy":"product_tag","embeddable":true,"href":"https:\/\/fandeli.com\/usa\/wp-json\/wp\/v2\/product_tag?post=3418"}],"curies":[{"name":"wp","href":"https:\/\/api.w.org\/{rel}","templated":true}]}}