{"id":1895,"date":"2024-11-25T21:29:39","date_gmt":"2024-11-25T21:29:39","guid":{"rendered":"https:\/\/fandeli.com\/usa\/?post_type=product&#038;p=1895"},"modified":"2026-01-27T20:36:48","modified_gmt":"2026-01-27T20:36:48","slug":"mini-bandas-de-lija-x-88","status":"publish","type":"product","link":"https:\/\/fandeli.com\/usa\/es\/producto\/mini-bandas-de-lija-x-88\/","title":{"rendered":"Mini bandas de lija X-88"},"content":{"rendered":"<table cellspacing=\"0\" cellpadding=\"0\" class=\"tabla\">\n<tr>\n<td><strong>SKU<\/strong><\/td>\n<td><strong>DESCRIPCI\u00d3N<\/strong><\/td>\n<td><strong>GRADO<\/strong><\/td>\n<td><strong>DIMENSIONES<\/strong><\/td>\n<td><strong>EMPAQUE<\/strong><\/td>\n<td><strong>CAJA<\/strong><\/td>\n<\/tr>\n<tr>\n<td>00240<\/td>\n<td>MINI BANDA FANDELI X-88<\/td>\n<td>24<\/td>\n<td>3&rdquo; X 24&rdquo;<\/td>\n<td>10<\/td>\n<td>50<\/td>\n<\/tr>\n<tr>\n<td>00544<\/td>\n<td>MINI BANDA FANDELI X-88<\/td>\n<td>80<\/td>\n<td>3&rdquo; X 21&rdquo;<\/td>\n<td>10<\/td>\n<td>50<\/td>\n<\/tr>\n<tr>\n<td>00548<\/td>\n<td>MINI BANDA FANDELI X-88<\/td>\n<td>120<\/td>\n<td>3&rdquo; X 21&rdquo;<\/td>\n<td>10<\/td>\n<td>50<\/td>\n<\/tr>\n<tr>\n<td>00551<\/td>\n<td>MINI BANDA FANDELI X-88<\/td>\n<td>100<\/td>\n<td>3&rdquo; X 24&rdquo;<\/td>\n<td>10<\/td>\n<td>50<\/td>\n<\/tr>\n<tr>\n<td>00555<\/td>\n<td>MINI BANDA FANDELI X-88<\/td>\n<td>36<\/td>\n<td>3&rdquo; X 21&rdquo;<\/td>\n<td>10<\/td>\n<td>50<\/td>\n<\/tr>\n<tr>\n<td>00556<\/td>\n<td>MINI BANDA FANDELI X-88<\/td>\n<td>50<\/td>\n<td>3&rdquo; X 24&rdquo;<\/td>\n<td>10<\/td>\n<td>50<\/td>\n<\/tr>\n<tr>\n<td>00561<\/td>\n<td>MINI BANDA FANDELI X-88<\/td>\n<td>60<\/td>\n<td>3&rdquo; X 24&rdquo;<\/td>\n<td>10<\/td>\n<td>50<\/td>\n<\/tr>\n<tr>\n<td>00563<\/td>\n<td>MINI BANDA FANDELI X-88<\/td>\n<td>50<\/td>\n<td>4&rdquo; X 24&rdquo;<\/td>\n<td>10<\/td>\n<td>50<\/td>\n<\/tr>\n<tr>\n<td>00804<\/td>\n<td>MINI BANDA FANDELI X-88<\/td>\n<td>24<\/td>\n<td>3&rdquo; X 21&rdquo;<\/td>\n<td>10<\/td>\n<td>50<\/td>\n<\/tr>\n<tr>\n<td>00810<\/td>\n<td>MINI BANDA FANDELI X-88<\/td>\n<td>40<\/td>\n<td>3&rdquo; X 24&rdquo;<\/td>\n<td>10<\/td>\n<td>50<\/td>\n<\/tr>\n<tr>\n<td>00814<\/td>\n<td>MINI BANDA FANDELI X-88<\/td>\n<td>60<\/td>\n<td>4&rdquo; X 24&rdquo;<\/td>\n<td>10<\/td>\n<td>50<\/td>\n<\/tr>\n<tr>\n<td>00828<\/td>\n<td>MINI BANDA FANDELI X-88<\/td>\n<td>80<\/td>\n<td>4&rdquo; X 24&rdquo;<\/td>\n<td>10<\/td>\n<td>50<\/td>\n<\/tr>\n<tr>\n<td>00831<\/td>\n<td>MINI BANDA FANDELI X-88<\/td>\n<td>100<\/td>\n<td>4&rdquo; X 24&rdquo;<\/td>\n<td>10<\/td>\n<td>50<\/td>\n<\/tr>\n<tr>\n<td>01011<\/td>\n<td>MINI BANDA FANDELI X-88<\/td>\n<td>24<\/td>\n<td>4&rdquo; X 24&rdquo;<\/td>\n<td>10<\/td>\n<td>50<\/td>\n<\/tr>\n<tr>\n<td>01024<\/td>\n<td>MINI BANDA FANDELI X-88<\/td>\n<td>40<\/td>\n<td>3&rdquo; X 21&rdquo;<\/td>\n<td>10<\/td>\n<td>50<\/td>\n<\/tr>\n<tr>\n<td>01027<\/td>\n<td>MINI BANDA FANDELI X-88<\/td>\n<td>40<\/td>\n<td>4&rdquo; X 24&rdquo;<\/td>\n<td>10<\/td>\n<td>50<\/td>\n<\/tr>\n<tr>\n<td>01065<\/td>\n<td>MINI BANDA FANDELI X-88<\/td>\n<td>120<\/td>\n<td>4&rdquo; X 24&rdquo;<\/td>\n<td>10<\/td>\n<td>50<\/td>\n<\/tr>\n<tr>\n<td>01651<\/td>\n<td>MINI BANDA FANDELI X-88<\/td>\n<td>60<\/td>\n<td>3&rdquo; X 21&rdquo;<\/td>\n<td>10<\/td>\n<td>50<\/td>\n<\/tr>\n<\/table>\n","protected":false},"excerpt":{"rendered":"<p><strong>Aplicaciones<\/strong><\/p>\n<ul class=\"lista\">\n<li>Gracias a su desempe\u00f1o superior y larga durabilidad, estas bandas son herramientas ideales para la industria metalmec\u00e1nica.<\/li>\n<li>Lijado intermedio y pesado de metales ferrosos y no ferrosos, ya sea en materiales nuevos a trabajar o bien en reparaciones \u00f3 renovaciones con pintura aplicada vieja para retirar, limpieza y renovaci\u00f3n de lienzos, muebles e incluso sobre objetos de metal.<\/li>\n<li>Recuperaci\u00f3n de brillo en el metal o retiro de \u00f3xido.<\/li>\n<li>Aseg\u00farese siempre de limpiar la superficie antes y despu\u00e9s de lijar.<\/li>\n<li>Funcionales adem\u00e1s en maderas y metales no ferrosos.<\/li>\n<\/ul>\n<p><strong>Caracter\u00edsticas<\/strong><\/p>\n<ul class=\"lista\">\n<li>Cualidades abrasivas superiores que optimizan la acci\u00f3n de desbaste.<\/li>\n<li>Larga vida \u00fatil del producto<\/li>\n<li>Medidas Disponibles: 3\u201d x 18\u201d, 3\u201d x 21\u201d, 3\u201d x 24\u201d, 4\u201d x 21\u201d, 4\u201d x 24\u201d.<\/li>\n<li>Bandas a la medida disponibles bajo pedido.<\/li>\n<\/ul>\n<p><strong>Aplicaciones y recomendaciones<\/strong><\/p>\n<p class=\"iconos\">\n<img decoding=\"async\" src=\"\/assets\/icons\/icon-metal.svg\" class=\"icono\" \/><br \/>\n<img decoding=\"async\" src=\"\/assets\/icons\/icon-metal-noferroso.svg\" class=\"icono\" \/><br \/>\n<img decoding=\"async\" src=\"\/assets\/icons\/icon-banda.svg\" class=\"icono\" \/>\n<\/p>\n<div id=\"descarga\">\n<p class=\"lista\"><a href=\"\/assets\/fichas-tecnicas\/linea-x-88.pdf\" target=\"_blank\" class=\"botones\"><i class=\"fa fa-file\"><\/i>&nbsp;&nbsp; DESCARGA LA FICHA T\u00c9CNICA<\/a><\/p>\n<h5><strong>Descarga las fotos del producto<\/strong><\/h5>\n<div id=\"foto\">\n<div class=\"foto1\">\n<a href=\"\/assets\/img\/bandas-x-88-300.zip\" class=\"btn-foto\" target=\"_blank\">300 dpis<\/a>\n<\/div>\n<div class=\"foto2\">\n<a href=\"\/assets\/img\/bandas-x-88-150.zip\" class=\"btn-foto\" target=\"_blank\">150 dpis<\/a>\n<\/div>\n<div class=\"foto3\">\n<a href=\"\/assets\/img\/bandas-x-88-72.zip\" class=\"btn-foto\" target=\"_blank\">72 dpis<\/a>\n<\/div>\n<\/div>\n<\/div>\n","protected":false},"featured_media":8725,"template":"","meta":{"site-sidebar-layout":"default","site-content-layout":"","ast-site-content-layout":"default","site-content-style":"default","site-sidebar-style":"default","ast-global-header-display":"","ast-banner-title-visibility":"","ast-main-header-display":"","ast-hfb-above-header-display":"","ast-hfb-below-header-display":"","ast-hfb-mobile-header-display":"","site-post-title":"","ast-breadcrumbs-content":"","ast-featured-img":"","footer-sml-layout":"","ast-disable-related-posts":"","theme-transparent-header-meta":"default","adv-header-id-meta":"","stick-header-meta":"","header-above-stick-meta":"","header-main-stick-meta":"","header-below-stick-meta":"","astra-migrate-meta-layouts":"set","ast-page-background-enabled":"default","ast-page-background-meta":{"desktop":{"background-color":"var(--ast-global-color-4)","background-image":"","background-repeat":"repeat","background-position":"center center","background-size":"auto","background-attachment":"scroll","background-type":"","background-media":"","overlay-type":"","overlay-color":"","overlay-opacity":"","overlay-gradient":""},"tablet":{"background-color":"","background-image":"","background-repeat":"repeat","background-position":"center center","background-size":"auto","background-attachment":"scroll","background-type":"","background-media":"","overlay-type":"","overlay-color":"","overlay-opacity":"","overlay-gradient":""},"mobile":{"background-color":"","background-image":"","background-repeat":"repeat","background-position":"center center","background-size":"auto","background-attachment":"scroll","background-type":"","background-media":"","overlay-type":"","overlay-color":"","overlay-opacity":"","overlay-gradient":""}},"ast-content-background-meta":{"desktop":{"background-color":"var(--ast-global-color-5)","background-image":"","background-repeat":"repeat","background-position":"center center","background-size":"auto","background-attachment":"scroll","background-type":"","background-media":"","overlay-type":"","overlay-color":"","overlay-opacity":"","overlay-gradient":""},"tablet":{"background-color":"var(--ast-global-color-5)","background-image":"","background-repeat":"repeat","background-position":"center center","background-size":"auto","background-attachment":"scroll","background-type":"","background-media":"","overlay-type":"","overlay-color":"","overlay-opacity":"","overlay-gradient":""},"mobile":{"background-color":"var(--ast-global-color-5)","background-image":"","background-repeat":"repeat","background-position":"center center","background-size":"auto","background-attachment":"scroll","background-type":"","background-media":"","overlay-type":"","overlay-color":"","overlay-opacity":"","overlay-gradient":""}}},"product_brand":[],"product_cat":[30,20,1126],"product_tag":[],"class_list":{"0":"post-1895","1":"product","2":"type-product","3":"status-publish","4":"has-post-thumbnail","6":"product_cat-bandas-de-lija-es","7":"product_cat-herreria-es","8":"product_cat-metal-no-ferroso","9":"desktop-align-center","10":"tablet-align-left","11":"mobile-align-center","13":"first","14":"instock","15":"shipping-taxable","16":"product-type-simple"},"yoast_head":"<!-- This site is optimized with the Yoast SEO plugin v27.2 - https:\/\/yoast.com\/product\/yoast-seo-wordpress\/ -->\n<title>Mini bandas de lija X-88 - FANDELI<\/title>\n<meta name=\"robots\" content=\"index, follow, max-snippet:-1, max-image-preview:large, max-video-preview:-1\" \/>\n<link rel=\"canonical\" href=\"https:\/\/fandeli.com\/usa\/es\/producto\/mini-bandas-de-lija-x-88\/\" \/>\n<meta property=\"og:locale\" content=\"es_MX\" \/>\n<meta property=\"og:type\" content=\"article\" \/>\n<meta property=\"og:title\" content=\"Mini bandas de lija X-88 - FANDELI\" \/>\n<meta property=\"og:description\" content=\"Aplicaciones   Gracias a su desempe\u00f1o superior y larga durabilidad, estas bandas son herramientas ideales para la industria metalmec\u00e1nica. Lijado intermedio y pesado de metales ferrosos y no ferrosos, ya sea en materiales nuevos a trabajar o bien en reparaciones \u00f3 renovaciones con pintura aplicada vieja para retirar, limpieza y renovaci\u00f3n de lienzos, muebles e incluso sobre objetos de metal. Recuperaci\u00f3n de brillo en el metal o retiro de \u00f3xido. Aseg\u00farese siempre de limpiar la superficie antes y despu\u00e9s de lijar. Funcionales adem\u00e1s en maderas y metales no ferrosos.   Caracter\u00edsticas    Cualidades abrasivas superiores que optimizan la acci\u00f3n de desbaste. Larga vida \u00fatil del producto Medidas Disponibles: 3\u201d x 18\u201d, 3\u201d x 21\u201d, 3\u201d x 24\u201d, 4\u201d x 21\u201d, 4\u201d x 24\u201d. Bandas a la medida disponibles bajo pedido.    Aplicaciones y recomendaciones             &nbsp;&nbsp; DESCARGA LA FICHA T\u00c9CNICA Descarga las fotos del producto    300 dpis   150 dpis   72 dpis\" \/>\n<meta property=\"og:url\" content=\"https:\/\/fandeli.com\/usa\/es\/producto\/mini-bandas-de-lija-x-88\/\" \/>\n<meta property=\"og:site_name\" content=\"FANDELI\" \/>\n<meta property=\"article:modified_time\" content=\"2026-01-27T20:36:48+00:00\" \/>\n<meta property=\"og:image\" content=\"https:\/\/fandeli.com\/usa\/wp-content\/uploads\/2026\/01\/bandas-X-88.jpg\" \/>\n\t<meta property=\"og:image:width\" content=\"800\" \/>\n\t<meta property=\"og:image:height\" content=\"800\" \/>\n\t<meta property=\"og:image:type\" content=\"image\/jpeg\" \/>\n<meta name=\"twitter:card\" content=\"summary_large_image\" \/>\n<meta name=\"twitter:label1\" content=\"Tiempo de lectura\" \/>\n\t<meta name=\"twitter:data1\" content=\"2 minutos\" \/>\n<script type=\"application\/ld+json\" class=\"yoast-schema-graph\">{\"@context\":\"https:\/\/schema.org\",\"@graph\":[{\"@type\":\"WebPage\",\"@id\":\"https:\/\/fandeli.com\/usa\/es\/producto\/mini-bandas-de-lija-x-88\/\",\"url\":\"https:\/\/fandeli.com\/usa\/es\/producto\/mini-bandas-de-lija-x-88\/\",\"name\":\"Mini bandas de lija X-88 - FANDELI\",\"isPartOf\":{\"@id\":\"https:\/\/fandeli.com\/usa\/#website\"},\"primaryImageOfPage\":{\"@id\":\"https:\/\/fandeli.com\/usa\/es\/producto\/mini-bandas-de-lija-x-88\/#primaryimage\"},\"image\":{\"@id\":\"https:\/\/fandeli.com\/usa\/es\/producto\/mini-bandas-de-lija-x-88\/#primaryimage\"},\"thumbnailUrl\":\"https:\/\/fandeli.com\/usa\/wp-content\/uploads\/2026\/01\/bandas-X-88.jpg\",\"datePublished\":\"2024-11-25T21:29:39+00:00\",\"dateModified\":\"2026-01-27T20:36:48+00:00\",\"breadcrumb\":{\"@id\":\"https:\/\/fandeli.com\/usa\/es\/producto\/mini-bandas-de-lija-x-88\/#breadcrumb\"},\"inLanguage\":\"es\",\"potentialAction\":[{\"@type\":\"ReadAction\",\"target\":[\"https:\/\/fandeli.com\/usa\/es\/producto\/mini-bandas-de-lija-x-88\/\"]}]},{\"@type\":\"ImageObject\",\"inLanguage\":\"es\",\"@id\":\"https:\/\/fandeli.com\/usa\/es\/producto\/mini-bandas-de-lija-x-88\/#primaryimage\",\"url\":\"https:\/\/fandeli.com\/usa\/wp-content\/uploads\/2026\/01\/bandas-X-88.jpg\",\"contentUrl\":\"https:\/\/fandeli.com\/usa\/wp-content\/uploads\/2026\/01\/bandas-X-88.jpg\",\"width\":800,\"height\":800},{\"@type\":\"BreadcrumbList\",\"@id\":\"https:\/\/fandeli.com\/usa\/es\/producto\/mini-bandas-de-lija-x-88\/#breadcrumb\",\"itemListElement\":[{\"@type\":\"ListItem\",\"position\":1,\"name\":\"Portada\",\"item\":\"https:\/\/fandeli.com\/usa\/es\/inicio\/\"},{\"@type\":\"ListItem\",\"position\":2,\"name\":\"Tienda\",\"item\":\"https:\/\/fandeli.com\/usa\/es\/?page_id=13\"},{\"@type\":\"ListItem\",\"position\":3,\"name\":\"Mini bandas de lija X-88\"}]},{\"@type\":\"WebSite\",\"@id\":\"https:\/\/fandeli.com\/usa\/#website\",\"url\":\"https:\/\/fandeli.com\/usa\/\",\"name\":\"FANDELI\",\"description\":\"FANDELI\",\"publisher\":{\"@id\":\"https:\/\/fandeli.com\/usa\/#organization\"},\"potentialAction\":[{\"@type\":\"SearchAction\",\"target\":{\"@type\":\"EntryPoint\",\"urlTemplate\":\"https:\/\/fandeli.com\/usa\/?s={search_term_string}\"},\"query-input\":{\"@type\":\"PropertyValueSpecification\",\"valueRequired\":true,\"valueName\":\"search_term_string\"}}],\"inLanguage\":\"es\"},{\"@type\":\"Organization\",\"@id\":\"https:\/\/fandeli.com\/usa\/#organization\",\"name\":\"FANDELI\",\"url\":\"https:\/\/fandeli.com\/usa\/\",\"logo\":{\"@type\":\"ImageObject\",\"inLanguage\":\"es\",\"@id\":\"https:\/\/fandeli.com\/usa\/#\/schema\/logo\/image\/\",\"url\":\"https:\/\/fandeli.com\/usa\/wp-content\/uploads\/2025\/12\/logo-fandeli-bco.svg\",\"contentUrl\":\"https:\/\/fandeli.com\/usa\/wp-content\/uploads\/2025\/12\/logo-fandeli-bco.svg\",\"width\":1486,\"height\":326,\"caption\":\"FANDELI\"},\"image\":{\"@id\":\"https:\/\/fandeli.com\/usa\/#\/schema\/logo\/image\/\"}}]}<\/script>\n<!-- \/ Yoast SEO plugin. -->","yoast_head_json":{"title":"Mini bandas de lija X-88 - FANDELI","robots":{"index":"index","follow":"follow","max-snippet":"max-snippet:-1","max-image-preview":"max-image-preview:large","max-video-preview":"max-video-preview:-1"},"canonical":"https:\/\/fandeli.com\/usa\/es\/producto\/mini-bandas-de-lija-x-88\/","og_locale":"es_MX","og_type":"article","og_title":"Mini bandas de lija X-88 - FANDELI","og_description":"Aplicaciones   Gracias a su desempe\u00f1o superior y larga durabilidad, estas bandas son herramientas ideales para la industria metalmec\u00e1nica. Lijado intermedio y pesado de metales ferrosos y no ferrosos, ya sea en materiales nuevos a trabajar o bien en reparaciones \u00f3 renovaciones con pintura aplicada vieja para retirar, limpieza y renovaci\u00f3n de lienzos, muebles e incluso sobre objetos de metal. Recuperaci\u00f3n de brillo en el metal o retiro de \u00f3xido. Aseg\u00farese siempre de limpiar la superficie antes y despu\u00e9s de lijar. Funcionales adem\u00e1s en maderas y metales no ferrosos.   Caracter\u00edsticas    Cualidades abrasivas superiores que optimizan la acci\u00f3n de desbaste. Larga vida \u00fatil del producto Medidas Disponibles: 3\u201d x 18\u201d, 3\u201d x 21\u201d, 3\u201d x 24\u201d, 4\u201d x 21\u201d, 4\u201d x 24\u201d. Bandas a la medida disponibles bajo pedido.    Aplicaciones y recomendaciones             &nbsp;&nbsp; DESCARGA LA FICHA T\u00c9CNICA Descarga las fotos del producto    300 dpis   150 dpis   72 dpis","og_url":"https:\/\/fandeli.com\/usa\/es\/producto\/mini-bandas-de-lija-x-88\/","og_site_name":"FANDELI","article_modified_time":"2026-01-27T20:36:48+00:00","og_image":[{"width":800,"height":800,"url":"https:\/\/fandeli.com\/usa\/wp-content\/uploads\/2026\/01\/bandas-X-88.jpg","type":"image\/jpeg"}],"twitter_card":"summary_large_image","twitter_misc":{"Tiempo de lectura":"2 minutos"},"schema":{"@context":"https:\/\/schema.org","@graph":[{"@type":"WebPage","@id":"https:\/\/fandeli.com\/usa\/es\/producto\/mini-bandas-de-lija-x-88\/","url":"https:\/\/fandeli.com\/usa\/es\/producto\/mini-bandas-de-lija-x-88\/","name":"Mini bandas de lija X-88 - FANDELI","isPartOf":{"@id":"https:\/\/fandeli.com\/usa\/#website"},"primaryImageOfPage":{"@id":"https:\/\/fandeli.com\/usa\/es\/producto\/mini-bandas-de-lija-x-88\/#primaryimage"},"image":{"@id":"https:\/\/fandeli.com\/usa\/es\/producto\/mini-bandas-de-lija-x-88\/#primaryimage"},"thumbnailUrl":"https:\/\/fandeli.com\/usa\/wp-content\/uploads\/2026\/01\/bandas-X-88.jpg","datePublished":"2024-11-25T21:29:39+00:00","dateModified":"2026-01-27T20:36:48+00:00","breadcrumb":{"@id":"https:\/\/fandeli.com\/usa\/es\/producto\/mini-bandas-de-lija-x-88\/#breadcrumb"},"inLanguage":"es","potentialAction":[{"@type":"ReadAction","target":["https:\/\/fandeli.com\/usa\/es\/producto\/mini-bandas-de-lija-x-88\/"]}]},{"@type":"ImageObject","inLanguage":"es","@id":"https:\/\/fandeli.com\/usa\/es\/producto\/mini-bandas-de-lija-x-88\/#primaryimage","url":"https:\/\/fandeli.com\/usa\/wp-content\/uploads\/2026\/01\/bandas-X-88.jpg","contentUrl":"https:\/\/fandeli.com\/usa\/wp-content\/uploads\/2026\/01\/bandas-X-88.jpg","width":800,"height":800},{"@type":"BreadcrumbList","@id":"https:\/\/fandeli.com\/usa\/es\/producto\/mini-bandas-de-lija-x-88\/#breadcrumb","itemListElement":[{"@type":"ListItem","position":1,"name":"Portada","item":"https:\/\/fandeli.com\/usa\/es\/inicio\/"},{"@type":"ListItem","position":2,"name":"Tienda","item":"https:\/\/fandeli.com\/usa\/es\/?page_id=13"},{"@type":"ListItem","position":3,"name":"Mini bandas de lija X-88"}]},{"@type":"WebSite","@id":"https:\/\/fandeli.com\/usa\/#website","url":"https:\/\/fandeli.com\/usa\/","name":"FANDELI","description":"FANDELI","publisher":{"@id":"https:\/\/fandeli.com\/usa\/#organization"},"potentialAction":[{"@type":"SearchAction","target":{"@type":"EntryPoint","urlTemplate":"https:\/\/fandeli.com\/usa\/?s={search_term_string}"},"query-input":{"@type":"PropertyValueSpecification","valueRequired":true,"valueName":"search_term_string"}}],"inLanguage":"es"},{"@type":"Organization","@id":"https:\/\/fandeli.com\/usa\/#organization","name":"FANDELI","url":"https:\/\/fandeli.com\/usa\/","logo":{"@type":"ImageObject","inLanguage":"es","@id":"https:\/\/fandeli.com\/usa\/#\/schema\/logo\/image\/","url":"https:\/\/fandeli.com\/usa\/wp-content\/uploads\/2025\/12\/logo-fandeli-bco.svg","contentUrl":"https:\/\/fandeli.com\/usa\/wp-content\/uploads\/2025\/12\/logo-fandeli-bco.svg","width":1486,"height":326,"caption":"FANDELI"},"image":{"@id":"https:\/\/fandeli.com\/usa\/#\/schema\/logo\/image\/"}}]}},"jetpack_sharing_enabled":true,"_links":{"self":[{"href":"https:\/\/fandeli.com\/usa\/wp-json\/wp\/v2\/product\/1895","targetHints":{"allow":["GET"]}}],"collection":[{"href":"https:\/\/fandeli.com\/usa\/wp-json\/wp\/v2\/product"}],"about":[{"href":"https:\/\/fandeli.com\/usa\/wp-json\/wp\/v2\/types\/product"}],"wp:featuredmedia":[{"embeddable":true,"href":"https:\/\/fandeli.com\/usa\/wp-json\/wp\/v2\/media\/8725"}],"wp:attachment":[{"href":"https:\/\/fandeli.com\/usa\/wp-json\/wp\/v2\/media?parent=1895"}],"wp:term":[{"taxonomy":"product_brand","embeddable":true,"href":"https:\/\/fandeli.com\/usa\/wp-json\/wp\/v2\/product_brand?post=1895"},{"taxonomy":"product_cat","embeddable":true,"href":"https:\/\/fandeli.com\/usa\/wp-json\/wp\/v2\/product_cat?post=1895"},{"taxonomy":"product_tag","embeddable":true,"href":"https:\/\/fandeli.com\/usa\/wp-json\/wp\/v2\/product_tag?post=1895"}],"curies":[{"name":"wp","href":"https:\/\/api.w.org\/{rel}","templated":true}]}}