{"id":1893,"date":"2024-11-25T21:25:03","date_gmt":"2024-11-25T21:25:03","guid":{"rendered":"https:\/\/fandeli.com\/usa\/?post_type=product&#038;p=1893"},"modified":"2026-01-27T20:38:32","modified_gmt":"2026-01-27T20:38:32","slug":"mini-bandas-de-lija-x-86","status":"publish","type":"product","link":"https:\/\/fandeli.com\/usa\/es\/producto\/mini-bandas-de-lija-x-86\/","title":{"rendered":"Mini bandas de lija X-86"},"content":{"rendered":"<table cellspacing=\"0\" cellpadding=\"0\" class=\"tabla\">\n<tr>\n<td><strong>SKU<\/strong><\/td>\n<td><strong>L\u00cdNEA | GRADOS<\/strong><\/td>\n<td><strong>DIMENSIONES<\/strong><\/td>\n<td><strong>PULGS.<\/strong><\/td>\n<td><strong>CAJA<\/strong><\/td>\n<td><strong>\u00a0EMPAQUE<\/strong><\/td>\n<\/tr>\n<tr>\n<td>03992<\/td>\n<td>BANDA FANDELI X-86 | 036\u00a0<\/td>\n<td>0.076m X 0.457m TELA<\/td>\n<td>3&quot; x 18&quot;<\/td>\n<td>50<\/td>\n<td>5<\/td>\n<\/tr>\n<tr>\n<td>05314<\/td>\n<td>BANDA FANDELI X-86 | 040\u00a0<\/td>\n<td>0.076m X 0.457m TELA<\/td>\n<td>3&quot; x 18&quot;<\/td>\n<td>50<\/td>\n<td>5<\/td>\n<\/tr>\n<tr>\n<td>00750<\/td>\n<td>BANDA FANDELI X-86 | 050\u00a0<\/td>\n<td>0.076m X 0.457m TELA<\/td>\n<td>3&quot; x 18&quot;<\/td>\n<td>50<\/td>\n<td>5<\/td>\n<\/tr>\n<tr>\n<td>05571<\/td>\n<td>BANDA FANDELI X-86 | 060\u00a0<\/td>\n<td>0.076m X 0.457m TELA<\/td>\n<td>3&quot; x 18&quot;<\/td>\n<td>50<\/td>\n<td>10<\/td>\n<\/tr>\n<tr>\n<td>08501<\/td>\n<td>BANDA FANDELI X-86 | 080\u00a0<\/td>\n<td>0.076m X 0.457m TELA<\/td>\n<td>3&quot; x 18&quot;<\/td>\n<td>50<\/td>\n<td>10<\/td>\n<\/tr>\n<tr>\n<td>00189<\/td>\n<td>BANDA FANDELI X-86 | 100\u00a0<\/td>\n<td>0.076m X 0.457m TELA<\/td>\n<td>3&quot; x 18&quot;<\/td>\n<td>50<\/td>\n<td>10<\/td>\n<\/tr>\n<tr>\n<td>04994<\/td>\n<td>BANDA FANDELI X-86 | 120\u00a0<\/td>\n<td>0.076m X 0.457m TELA<\/td>\n<td>3&quot; x 18&quot;<\/td>\n<td>50<\/td>\n<td>10<\/td>\n<\/tr>\n<tr>\n<td>08502<\/td>\n<td>BANDA FANDELI X-86 | 036\u00a0<\/td>\n<td>0.076m X 0.533m TELA<\/td>\n<td>3&quot; x 21&quot;<\/td>\n<td>50<\/td>\n<td>5<\/td>\n<\/tr>\n<tr>\n<td>08503<\/td>\n<td>BANDA FANDELI X-86 | 040\u00a0<\/td>\n<td>0.076m X 0.533m TELA<\/td>\n<td>3&quot; x 21&quot;<\/td>\n<td>50<\/td>\n<td>5<\/td>\n<\/tr>\n<tr>\n<td>05429<\/td>\n<td>BANDA FANDELI X-86 | 050\u00a0<\/td>\n<td>0.076m X 0.533m TELA<\/td>\n<td>3&quot; x 21&quot;<\/td>\n<td>50<\/td>\n<td>5<\/td>\n<\/tr>\n<tr>\n<td>05579<\/td>\n<td>BANDA FANDELI X-86 | 060\u00a0<\/td>\n<td>0.076m X 0.533m TELA<\/td>\n<td>3&quot; x 21&quot;<\/td>\n<td>50<\/td>\n<td>5<\/td>\n<\/tr>\n<tr>\n<td>05936<\/td>\n<td>BANDA FANDELI X-86 | 080\u00a0<\/td>\n<td>0.076m X 0.533m TELA<\/td>\n<td>3&quot; x 21&quot;<\/td>\n<td>50<\/td>\n<td>5<\/td>\n<\/tr>\n<tr>\n<td>06280<\/td>\n<td>BANDA FANDELI X-86 | 100\u00a0<\/td>\n<td>0.076m X 0.533m TELA<\/td>\n<td>3&quot; x 21&quot;<\/td>\n<td>50<\/td>\n<td>5<\/td>\n<\/tr>\n<tr>\n<td>03859<\/td>\n<td>BANDA FANDELI X-86 | 120\u00a0<\/td>\n<td>0.076m X 0.533m TELA<\/td>\n<td>3&quot; x 21&quot;<\/td>\n<td>50<\/td>\n<td>5<\/td>\n<\/tr>\n<tr>\n<td>05208<\/td>\n<td>BANDA FANDELI X-86 | 036\u00a0<\/td>\n<td>0.076m X 0.610m TELA<\/td>\n<td>3&quot; x 24&quot;<\/td>\n<td>50<\/td>\n<td>5<\/td>\n<\/tr>\n<tr>\n<td>05324<\/td>\n<td>BANDA FANDELI X-86 | 040\u00a0<\/td>\n<td>0.076m X 0.610m TELA<\/td>\n<td>3&quot; x 24&quot;<\/td>\n<td>50<\/td>\n<td>5<\/td>\n<\/tr>\n<tr>\n<td>05433<\/td>\n<td>BANDA FANDELI X-86 | 050\u00a0<\/td>\n<td>0.076m X 0.610m TELA<\/td>\n<td>3&quot; x 24&quot;<\/td>\n<td>50<\/td>\n<td>5<\/td>\n<\/tr>\n<tr>\n<td>05588<\/td>\n<td>BANDA FANDELI X-86 | 060\u00a0<\/td>\n<td>0.076m X 0.610m TELA<\/td>\n<td>3&quot; x 24&quot;<\/td>\n<td>50<\/td>\n<td>5<\/td>\n<\/tr>\n<tr>\n<td>05941<\/td>\n<td>BANDA FANDELI X-86 | 080\u00a0<\/td>\n<td>0.076m X 0.610m TELA<\/td>\n<td>3&quot; x 24&quot;<\/td>\n<td>50<\/td>\n<td>5<\/td>\n<\/tr>\n<tr>\n<td>06284<\/td>\n<td>BANDA FANDELI X-86 | 100\u00a0<\/td>\n<td>0.076m X 0.610m TELA<\/td>\n<td>3&quot; x 24&quot;<\/td>\n<td>50<\/td>\n<td>5<\/td>\n<\/tr>\n<tr>\n<td>06495<\/td>\n<td>BANDA FANDELI X-86 | 120\u00a0<\/td>\n<td>0.076m X 0.610m TELA<\/td>\n<td>3&quot; x 24&quot;<\/td>\n<td>50<\/td>\n<td>5<\/td>\n<\/tr>\n<tr>\n<td>03374<\/td>\n<td>BANDA FANDELI X-86 | 036\u00a0<\/td>\n<td>0.101m X 0.533m TELA<\/td>\n<td>4&quot; x 21&quot;<\/td>\n<td>50<\/td>\n<td>5<\/td>\n<\/tr>\n<tr>\n<td>03534<\/td>\n<td>BANDA FANDELI X-86 | 040\u00a0<\/td>\n<td>0.101m X 0.533m TELA<\/td>\n<td>4&quot; x 21&quot;<\/td>\n<td>50<\/td>\n<td>5<\/td>\n<\/tr>\n<tr>\n<td>03536<\/td>\n<td>BANDA FANDELI X-86 | 050\u00a0<\/td>\n<td>0.101m X 0.533m TELA<\/td>\n<td>4&quot; x 21&quot;<\/td>\n<td>50<\/td>\n<td>5<\/td>\n<\/tr>\n<tr>\n<td>03538<\/td>\n<td>BANDA FANDELI X-86 | 060\u00a0<\/td>\n<td>0.101m X 0.533m TELA<\/td>\n<td>4&quot; x 21&quot;<\/td>\n<td>50<\/td>\n<td>5<\/td>\n<\/tr>\n<tr>\n<td>03539<\/td>\n<td>BANDA FANDELI X-86 | 080\u00a0<\/td>\n<td>0.101m X 0.533m TELA<\/td>\n<td>4&quot; x 21&quot;<\/td>\n<td>50<\/td>\n<td>5<\/td>\n<\/tr>\n<tr>\n<td>03540<\/td>\n<td>BANDA FANDELI X-86 | 100\u00a0<\/td>\n<td>0.101m X 0.533m TELA<\/td>\n<td>4&quot; x 21&quot;<\/td>\n<td>50<\/td>\n<td>5<\/td>\n<\/tr>\n<tr>\n<td>03541<\/td>\n<td>BANDA FANDELI X-86 | 120\u00a0<\/td>\n<td>0.101m X 0.533m TELA<\/td>\n<td>4&quot; x 21&quot;<\/td>\n<td>50<\/td>\n<td>5<\/td>\n<\/tr>\n<tr>\n<td>05221<\/td>\n<td>BANDA FANDELI X-86 | 036\u00a0<\/td>\n<td>0.101m X 0.610m TELA<\/td>\n<td>4&quot; x 24&quot;<\/td>\n<td>50<\/td>\n<td>5<\/td>\n<\/tr>\n<tr>\n<td>08507<\/td>\n<td>BANDA FANDELI X-86 | 040\u00a0<\/td>\n<td>0.101m X 0.610m TELA<\/td>\n<td>4&quot; x 24&quot;<\/td>\n<td>50<\/td>\n<td>5<\/td>\n<\/tr>\n<tr>\n<td>08508<\/td>\n<td>BANDA FANDELI X-86 | 050\u00a0<\/td>\n<td>0.101m X 0.610m TELA<\/td>\n<td>4&quot; x 24&quot;<\/td>\n<td>50<\/td>\n<td>5<\/td>\n<\/tr>\n<tr>\n<td>05630<\/td>\n<td>BANDA FANDELI X-86 | 060\u00a0<\/td>\n<td>0.101m X 0.610m TELA<\/td>\n<td>4&quot; x 24&quot;<\/td>\n<td>50<\/td>\n<td>5<\/td>\n<\/tr>\n<tr>\n<td>08509<\/td>\n<td>BANDA FANDELI X-86 | 080\u00a0<\/td>\n<td>0.101m X 0.610m TELA<\/td>\n<td>4&quot; x 24&quot;<\/td>\n<td>50<\/td>\n<td>5<\/td>\n<\/tr>\n<tr>\n<td>00191<\/td>\n<td>BANDA FANDELI X-86 | 100\u00a0<\/td>\n<td>0.101m X 0.610m TELA<\/td>\n<td>4&quot; x 24&quot;<\/td>\n<td>50<\/td>\n<td>5<\/td>\n<\/tr>\n<tr>\n<td>03542<\/td>\n<td>BANDA FANDELI X-86 | 120\u00a0<\/td>\n<td>0.101m X 0.610m TELA<\/td>\n<td>4&quot; x 24&quot;<\/td>\n<td>50<\/td>\n<td>5<\/td>\n<\/tr>\n<tr>\n<td>71500<\/td>\n<td>KIT BANDA FANDELI X-86 | 080\u00a0<\/td>\n<td>0.076m X 0.457m TELA GSU 3PZAS<\/td>\n<td>3&quot; x 18&quot;<\/td>\n<td>5<\/td>\n<td>1<\/td>\n<\/tr>\n<tr>\n<td>71501<\/td>\n<td>KIT BANDA FANDELI X-86 | 120\u00a0<\/td>\n<td>0.076m X 0.457m TELA GSU 3PZAS<\/td>\n<td>3&quot; x 18&quot;<\/td>\n<td>5<\/td>\n<td>1<\/td>\n<\/tr>\n<tr>\n<td>71502<\/td>\n<td>KIT BANDA FANDELI X-86 | 060\u00a0<\/td>\n<td>0.076m X 0.457m TELA GSU 3PZAS<\/td>\n<td>3&quot; x 18&quot;<\/td>\n<td>5<\/td>\n<td>1<\/td>\n<\/tr>\n<tr>\n<td>71503<\/td>\n<td>KIT BANDA FANDELI X-86 | 060\u00a0<\/td>\n<td>0.076m X 0.533m TELA GSU 3PZAS<\/td>\n<td>3&quot; x 21&quot;<\/td>\n<td>5<\/td>\n<td>1<\/td>\n<\/tr>\n<tr>\n<td>71504<\/td>\n<td>KIT BANDA FANDELI X-86 | 080\u00a0<\/td>\n<td>0.076m X 0.533m TELA GSU 3PZAS<\/td>\n<td>3&quot; x 21&quot;<\/td>\n<td>5<\/td>\n<td>1<\/td>\n<\/tr>\n<tr>\n<td>71505<\/td>\n<td>KIT BANDA FANDELI X-86 | 120\u00a0<\/td>\n<td>0.076m X 0.533m TELA GSU 3PZAS<\/td>\n<td>3&quot; x 21&quot;<\/td>\n<td>5<\/td>\n<td>1<\/td>\n<\/tr>\n<tr>\n<td>71506<\/td>\n<td>KIT BANDA FANDELI X-86 | 060\u00a0<\/td>\n<td>0.101m X 0.533m TELA GSU 3PZAS<\/td>\n<td>4&quot; x 21&quot;<\/td>\n<td>5<\/td>\n<td>1<\/td>\n<\/tr>\n<tr>\n<td>71507<\/td>\n<td>KIT BANDA FANDELI X-86 | 080\u00a0<\/td>\n<td>0.101m X 0.533m TELA GSU 3PZAS<\/td>\n<td>4&quot; x 21&quot;<\/td>\n<td>5<\/td>\n<td>1<\/td>\n<\/tr>\n<tr>\n<td>71508<\/td>\n<td>KIT BANDA FANDELI X-86 | 050\u00a0<\/td>\n<td>0.101m X 0.610m TELA GSU 3PZAS<\/td>\n<td>4&quot; x 24&quot;<\/td>\n<td>5<\/td>\n<td>1<\/td>\n<\/tr>\n<tr>\n<td>71509<\/td>\n<td>KIT BANDA FANDELI X-86 | 080\u00a0<\/td>\n<td>0.101m X 0.610m TELA GSU 3PZAS<\/td>\n<td>4&quot; x 24&quot;<\/td>\n<td>5<\/td>\n<td>1<\/td>\n<\/tr>\n<\/table>\n","protected":false},"excerpt":{"rendered":"<p><strong>Aplicaciones<\/strong><\/p>\n<ul class=\"lista\">\n<li>Excelente balance costo-beneficio para el lijado de madera en blanco y tratada, utilizando lijadora de banda eficientando los acabados y tiempos al proceso de lijado.<\/li>\n<li>Usos generales en las industrias maderera y metalmec\u00e1nica, preparaci\u00f3n de superficies naturales para los pasos de acabado o bien retiro de pinturas y renovaciones de los sustratos.<\/li>\n<li>Sobre maderas suaves requiere control del emplaste de la lija.<\/li>\n<li>Lijado fino y grueso de maderas en blanco y tratadas, primordialmente y puede emplearse tambi\u00e9n en pl\u00e1sticos y metales ferrosos y no ferrosos, seg\u00fan las necesidades y pruebas previas de acabado requerido al material lijado.<\/li>\n<\/ul>\n<p><strong>Caracter\u00edsticas<\/strong><\/p>\n<ul class=\"lista\">\n<li>Trenes de lijado de superficies amplias.<\/li>\n<li>Sus dorsos de algod\u00f3n de alta resistencia aseguran un excelente desempe\u00f1o y durabilidad.<\/li>\n<li>Medidas Disponibles: 3\u201d x 18\u201d, 3\u201d x 21\u201d, 3\u201d x 24\u201d, 4\u201d x 21\u201d, 4\u201d x 24\u201d.<\/li>\n<li>Bandas a la medida disponibles bajo pedido.<\/li>\n<\/ul>\n<p><strong>Aplicaciones y recomendaciones<\/strong><\/p>\n<p class=\"iconos\">\n<img decoding=\"async\" src=\"\/assets\/icons\/icon-madera.svg\" class=\"icono\" \/><br \/>\n<img decoding=\"async\" src=\"\/assets\/icons\/icon-plastico.svg\" class=\"icono\" \/><br \/>\n<img decoding=\"async\" src=\"\/assets\/icons\/icon-metal.svg\" class=\"icono\" \/><br \/>\n<img decoding=\"async\" src=\"\/assets\/icons\/icon-metal-noferroso.svg\" class=\"icono\" \/><br \/>\n<img decoding=\"async\" src=\"\/assets\/icons\/icon-banda.svg\" class=\"icono\" \/>\n<\/p>\n<div id=\"descarga\">\n<p class=\"lista\"><a href=\"\/assets\/fichas-tecnicas\/FANDELI-ficha-tecnica-linea-X-86.pdf\" target=\"_blank\" class=\"botones\"><i class=\"fa fa-file\"><\/i>&nbsp;&nbsp; DESCARGA LA FICHA T\u00c9CNICA<\/a><\/p>\n<h5><strong>Descarga las fotos del producto<\/strong><\/h5>\n<div id=\"foto\">\n<div class=\"foto1\">\n<a href=\"\/assets\/img\/bandas-x-86-300.zip\" class=\"btn-foto\" target=\"_blank\">300 dpis<\/a>\n<\/div>\n<div class=\"foto2\">\n<a href=\"\/assets\/img\/bandas-x-86-150.zip\" class=\"btn-foto\" target=\"_blank\">150 dpis<\/a>\n<\/div>\n<div class=\"foto3\">\n<a href=\"\/assets\/img\/bandas-x-86-72.zip\" class=\"btn-foto\" target=\"_blank\">72 dpis<\/a>\n<\/div>\n<\/div>\n<\/div>\n","protected":false},"featured_media":8724,"template":"","meta":{"site-sidebar-layout":"default","site-content-layout":"","ast-site-content-layout":"default","site-content-style":"default","site-sidebar-style":"default","ast-global-header-display":"","ast-banner-title-visibility":"","ast-main-header-display":"","ast-hfb-above-header-display":"","ast-hfb-below-header-display":"","ast-hfb-mobile-header-display":"","site-post-title":"","ast-breadcrumbs-content":"","ast-featured-img":"","footer-sml-layout":"","ast-disable-related-posts":"","theme-transparent-header-meta":"default","adv-header-id-meta":"","stick-header-meta":"","header-above-stick-meta":"","header-main-stick-meta":"","header-below-stick-meta":"","astra-migrate-meta-layouts":"set","ast-page-background-enabled":"default","ast-page-background-meta":{"desktop":{"background-color":"var(--ast-global-color-4)","background-image":"","background-repeat":"repeat","background-position":"center center","background-size":"auto","background-attachment":"scroll","background-type":"","background-media":"","overlay-type":"","overlay-color":"","overlay-opacity":"","overlay-gradient":""},"tablet":{"background-color":"","background-image":"","background-repeat":"repeat","background-position":"center center","background-size":"auto","background-attachment":"scroll","background-type":"","background-media":"","overlay-type":"","overlay-color":"","overlay-opacity":"","overlay-gradient":""},"mobile":{"background-color":"","background-image":"","background-repeat":"repeat","background-position":"center center","background-size":"auto","background-attachment":"scroll","background-type":"","background-media":"","overlay-type":"","overlay-color":"","overlay-opacity":"","overlay-gradient":""}},"ast-content-background-meta":{"desktop":{"background-color":"var(--ast-global-color-5)","background-image":"","background-repeat":"repeat","background-position":"center center","background-size":"auto","background-attachment":"scroll","background-type":"","background-media":"","overlay-type":"","overlay-color":"","overlay-opacity":"","overlay-gradient":""},"tablet":{"background-color":"var(--ast-global-color-5)","background-image":"","background-repeat":"repeat","background-position":"center center","background-size":"auto","background-attachment":"scroll","background-type":"","background-media":"","overlay-type":"","overlay-color":"","overlay-opacity":"","overlay-gradient":""},"mobile":{"background-color":"var(--ast-global-color-5)","background-image":"","background-repeat":"repeat","background-position":"center center","background-size":"auto","background-attachment":"scroll","background-type":"","background-media":"","overlay-type":"","overlay-color":"","overlay-opacity":"","overlay-gradient":""}}},"product_brand":[],"product_cat":[1135],"product_tag":[],"class_list":{"0":"post-1893","1":"product","2":"type-product","3":"status-publish","4":"has-post-thumbnail","6":"product_cat-sin-categorizar-es","7":"desktop-align-center","8":"tablet-align-left","9":"mobile-align-center","11":"first","12":"instock","13":"shipping-taxable","14":"product-type-simple"},"yoast_head":"<!-- This site is optimized with the Yoast SEO plugin v27.2 - https:\/\/yoast.com\/product\/yoast-seo-wordpress\/ -->\n<title>Mini bandas de lija X-86 - FANDELI<\/title>\n<meta name=\"robots\" content=\"index, follow, max-snippet:-1, max-image-preview:large, max-video-preview:-1\" \/>\n<link rel=\"canonical\" href=\"https:\/\/fandeli.com\/usa\/es\/producto\/mini-bandas-de-lija-x-86\/\" \/>\n<meta property=\"og:locale\" content=\"es_MX\" \/>\n<meta property=\"og:type\" content=\"article\" \/>\n<meta property=\"og:title\" content=\"Mini bandas de lija X-86 - FANDELI\" \/>\n<meta property=\"og:description\" content=\"Aplicaciones   Excelente balance costo-beneficio para el lijado de madera en blanco y tratada, utilizando lijadora de banda eficientando los acabados y tiempos al proceso de lijado. Usos generales en las industrias maderera y metalmec\u00e1nica, preparaci\u00f3n de superficies naturales para los pasos de acabado o bien retiro de pinturas y renovaciones de los sustratos. Sobre maderas suaves requiere control del emplaste de la lija. Lijado fino y grueso de maderas en blanco y tratadas, primordialmente y puede emplearse tambi\u00e9n en pl\u00e1sticos y metales ferrosos y no ferrosos, seg\u00fan las necesidades y pruebas previas de acabado requerido al material lijado.   Caracter\u00edsticas    Trenes de lijado de superficies amplias. Sus dorsos de algod\u00f3n de alta resistencia aseguran un excelente desempe\u00f1o y durabilidad. Medidas Disponibles: 3\u201d x 18\u201d, 3\u201d x 21\u201d, 3\u201d x 24\u201d, 4\u201d x 21\u201d, 4\u201d x 24\u201d. Bandas a la medida disponibles bajo pedido.    Aplicaciones y recomendaciones                &nbsp;&nbsp; DESCARGA LA FICHA T\u00c9CNICA Descarga las fotos del producto    300 dpis   150 dpis   72 dpis\" \/>\n<meta property=\"og:url\" content=\"https:\/\/fandeli.com\/usa\/es\/producto\/mini-bandas-de-lija-x-86\/\" \/>\n<meta property=\"og:site_name\" content=\"FANDELI\" \/>\n<meta property=\"article:modified_time\" content=\"2026-01-27T20:38:32+00:00\" \/>\n<meta property=\"og:image\" content=\"https:\/\/fandeli.com\/usa\/wp-content\/uploads\/2026\/01\/bandas-X-86.jpg\" \/>\n\t<meta property=\"og:image:width\" content=\"800\" \/>\n\t<meta property=\"og:image:height\" content=\"800\" \/>\n\t<meta property=\"og:image:type\" content=\"image\/jpeg\" \/>\n<meta name=\"twitter:card\" content=\"summary_large_image\" \/>\n<meta name=\"twitter:label1\" content=\"Tiempo de lectura\" \/>\n\t<meta name=\"twitter:data1\" content=\"4 minutos\" \/>\n<script type=\"application\/ld+json\" class=\"yoast-schema-graph\">{\"@context\":\"https:\/\/schema.org\",\"@graph\":[{\"@type\":\"WebPage\",\"@id\":\"https:\/\/fandeli.com\/usa\/es\/producto\/mini-bandas-de-lija-x-86\/\",\"url\":\"https:\/\/fandeli.com\/usa\/es\/producto\/mini-bandas-de-lija-x-86\/\",\"name\":\"Mini bandas de lija X-86 - FANDELI\",\"isPartOf\":{\"@id\":\"https:\/\/fandeli.com\/usa\/#website\"},\"primaryImageOfPage\":{\"@id\":\"https:\/\/fandeli.com\/usa\/es\/producto\/mini-bandas-de-lija-x-86\/#primaryimage\"},\"image\":{\"@id\":\"https:\/\/fandeli.com\/usa\/es\/producto\/mini-bandas-de-lija-x-86\/#primaryimage\"},\"thumbnailUrl\":\"https:\/\/fandeli.com\/usa\/wp-content\/uploads\/2026\/01\/bandas-X-86.jpg\",\"datePublished\":\"2024-11-25T21:25:03+00:00\",\"dateModified\":\"2026-01-27T20:38:32+00:00\",\"breadcrumb\":{\"@id\":\"https:\/\/fandeli.com\/usa\/es\/producto\/mini-bandas-de-lija-x-86\/#breadcrumb\"},\"inLanguage\":\"es\",\"potentialAction\":[{\"@type\":\"ReadAction\",\"target\":[\"https:\/\/fandeli.com\/usa\/es\/producto\/mini-bandas-de-lija-x-86\/\"]}]},{\"@type\":\"ImageObject\",\"inLanguage\":\"es\",\"@id\":\"https:\/\/fandeli.com\/usa\/es\/producto\/mini-bandas-de-lija-x-86\/#primaryimage\",\"url\":\"https:\/\/fandeli.com\/usa\/wp-content\/uploads\/2026\/01\/bandas-X-86.jpg\",\"contentUrl\":\"https:\/\/fandeli.com\/usa\/wp-content\/uploads\/2026\/01\/bandas-X-86.jpg\",\"width\":800,\"height\":800},{\"@type\":\"BreadcrumbList\",\"@id\":\"https:\/\/fandeli.com\/usa\/es\/producto\/mini-bandas-de-lija-x-86\/#breadcrumb\",\"itemListElement\":[{\"@type\":\"ListItem\",\"position\":1,\"name\":\"Portada\",\"item\":\"https:\/\/fandeli.com\/usa\/es\/inicio\/\"},{\"@type\":\"ListItem\",\"position\":2,\"name\":\"Tienda\",\"item\":\"https:\/\/fandeli.com\/usa\/es\/?page_id=13\"},{\"@type\":\"ListItem\",\"position\":3,\"name\":\"Mini bandas de lija X-86\"}]},{\"@type\":\"WebSite\",\"@id\":\"https:\/\/fandeli.com\/usa\/#website\",\"url\":\"https:\/\/fandeli.com\/usa\/\",\"name\":\"FANDELI\",\"description\":\"FANDELI\",\"publisher\":{\"@id\":\"https:\/\/fandeli.com\/usa\/#organization\"},\"potentialAction\":[{\"@type\":\"SearchAction\",\"target\":{\"@type\":\"EntryPoint\",\"urlTemplate\":\"https:\/\/fandeli.com\/usa\/?s={search_term_string}\"},\"query-input\":{\"@type\":\"PropertyValueSpecification\",\"valueRequired\":true,\"valueName\":\"search_term_string\"}}],\"inLanguage\":\"es\"},{\"@type\":\"Organization\",\"@id\":\"https:\/\/fandeli.com\/usa\/#organization\",\"name\":\"FANDELI\",\"url\":\"https:\/\/fandeli.com\/usa\/\",\"logo\":{\"@type\":\"ImageObject\",\"inLanguage\":\"es\",\"@id\":\"https:\/\/fandeli.com\/usa\/#\/schema\/logo\/image\/\",\"url\":\"https:\/\/fandeli.com\/usa\/wp-content\/uploads\/2025\/12\/logo-fandeli-bco.svg\",\"contentUrl\":\"https:\/\/fandeli.com\/usa\/wp-content\/uploads\/2025\/12\/logo-fandeli-bco.svg\",\"width\":1486,\"height\":326,\"caption\":\"FANDELI\"},\"image\":{\"@id\":\"https:\/\/fandeli.com\/usa\/#\/schema\/logo\/image\/\"}}]}<\/script>\n<!-- \/ Yoast SEO plugin. -->","yoast_head_json":{"title":"Mini bandas de lija X-86 - FANDELI","robots":{"index":"index","follow":"follow","max-snippet":"max-snippet:-1","max-image-preview":"max-image-preview:large","max-video-preview":"max-video-preview:-1"},"canonical":"https:\/\/fandeli.com\/usa\/es\/producto\/mini-bandas-de-lija-x-86\/","og_locale":"es_MX","og_type":"article","og_title":"Mini bandas de lija X-86 - FANDELI","og_description":"Aplicaciones   Excelente balance costo-beneficio para el lijado de madera en blanco y tratada, utilizando lijadora de banda eficientando los acabados y tiempos al proceso de lijado. Usos generales en las industrias maderera y metalmec\u00e1nica, preparaci\u00f3n de superficies naturales para los pasos de acabado o bien retiro de pinturas y renovaciones de los sustratos. Sobre maderas suaves requiere control del emplaste de la lija. Lijado fino y grueso de maderas en blanco y tratadas, primordialmente y puede emplearse tambi\u00e9n en pl\u00e1sticos y metales ferrosos y no ferrosos, seg\u00fan las necesidades y pruebas previas de acabado requerido al material lijado.   Caracter\u00edsticas    Trenes de lijado de superficies amplias. Sus dorsos de algod\u00f3n de alta resistencia aseguran un excelente desempe\u00f1o y durabilidad. Medidas Disponibles: 3\u201d x 18\u201d, 3\u201d x 21\u201d, 3\u201d x 24\u201d, 4\u201d x 21\u201d, 4\u201d x 24\u201d. Bandas a la medida disponibles bajo pedido.    Aplicaciones y recomendaciones                &nbsp;&nbsp; DESCARGA LA FICHA T\u00c9CNICA Descarga las fotos del producto    300 dpis   150 dpis   72 dpis","og_url":"https:\/\/fandeli.com\/usa\/es\/producto\/mini-bandas-de-lija-x-86\/","og_site_name":"FANDELI","article_modified_time":"2026-01-27T20:38:32+00:00","og_image":[{"width":800,"height":800,"url":"https:\/\/fandeli.com\/usa\/wp-content\/uploads\/2026\/01\/bandas-X-86.jpg","type":"image\/jpeg"}],"twitter_card":"summary_large_image","twitter_misc":{"Tiempo de lectura":"4 minutos"},"schema":{"@context":"https:\/\/schema.org","@graph":[{"@type":"WebPage","@id":"https:\/\/fandeli.com\/usa\/es\/producto\/mini-bandas-de-lija-x-86\/","url":"https:\/\/fandeli.com\/usa\/es\/producto\/mini-bandas-de-lija-x-86\/","name":"Mini bandas de lija X-86 - FANDELI","isPartOf":{"@id":"https:\/\/fandeli.com\/usa\/#website"},"primaryImageOfPage":{"@id":"https:\/\/fandeli.com\/usa\/es\/producto\/mini-bandas-de-lija-x-86\/#primaryimage"},"image":{"@id":"https:\/\/fandeli.com\/usa\/es\/producto\/mini-bandas-de-lija-x-86\/#primaryimage"},"thumbnailUrl":"https:\/\/fandeli.com\/usa\/wp-content\/uploads\/2026\/01\/bandas-X-86.jpg","datePublished":"2024-11-25T21:25:03+00:00","dateModified":"2026-01-27T20:38:32+00:00","breadcrumb":{"@id":"https:\/\/fandeli.com\/usa\/es\/producto\/mini-bandas-de-lija-x-86\/#breadcrumb"},"inLanguage":"es","potentialAction":[{"@type":"ReadAction","target":["https:\/\/fandeli.com\/usa\/es\/producto\/mini-bandas-de-lija-x-86\/"]}]},{"@type":"ImageObject","inLanguage":"es","@id":"https:\/\/fandeli.com\/usa\/es\/producto\/mini-bandas-de-lija-x-86\/#primaryimage","url":"https:\/\/fandeli.com\/usa\/wp-content\/uploads\/2026\/01\/bandas-X-86.jpg","contentUrl":"https:\/\/fandeli.com\/usa\/wp-content\/uploads\/2026\/01\/bandas-X-86.jpg","width":800,"height":800},{"@type":"BreadcrumbList","@id":"https:\/\/fandeli.com\/usa\/es\/producto\/mini-bandas-de-lija-x-86\/#breadcrumb","itemListElement":[{"@type":"ListItem","position":1,"name":"Portada","item":"https:\/\/fandeli.com\/usa\/es\/inicio\/"},{"@type":"ListItem","position":2,"name":"Tienda","item":"https:\/\/fandeli.com\/usa\/es\/?page_id=13"},{"@type":"ListItem","position":3,"name":"Mini bandas de lija X-86"}]},{"@type":"WebSite","@id":"https:\/\/fandeli.com\/usa\/#website","url":"https:\/\/fandeli.com\/usa\/","name":"FANDELI","description":"FANDELI","publisher":{"@id":"https:\/\/fandeli.com\/usa\/#organization"},"potentialAction":[{"@type":"SearchAction","target":{"@type":"EntryPoint","urlTemplate":"https:\/\/fandeli.com\/usa\/?s={search_term_string}"},"query-input":{"@type":"PropertyValueSpecification","valueRequired":true,"valueName":"search_term_string"}}],"inLanguage":"es"},{"@type":"Organization","@id":"https:\/\/fandeli.com\/usa\/#organization","name":"FANDELI","url":"https:\/\/fandeli.com\/usa\/","logo":{"@type":"ImageObject","inLanguage":"es","@id":"https:\/\/fandeli.com\/usa\/#\/schema\/logo\/image\/","url":"https:\/\/fandeli.com\/usa\/wp-content\/uploads\/2025\/12\/logo-fandeli-bco.svg","contentUrl":"https:\/\/fandeli.com\/usa\/wp-content\/uploads\/2025\/12\/logo-fandeli-bco.svg","width":1486,"height":326,"caption":"FANDELI"},"image":{"@id":"https:\/\/fandeli.com\/usa\/#\/schema\/logo\/image\/"}}]}},"jetpack_sharing_enabled":true,"_links":{"self":[{"href":"https:\/\/fandeli.com\/usa\/wp-json\/wp\/v2\/product\/1893","targetHints":{"allow":["GET"]}}],"collection":[{"href":"https:\/\/fandeli.com\/usa\/wp-json\/wp\/v2\/product"}],"about":[{"href":"https:\/\/fandeli.com\/usa\/wp-json\/wp\/v2\/types\/product"}],"wp:featuredmedia":[{"embeddable":true,"href":"https:\/\/fandeli.com\/usa\/wp-json\/wp\/v2\/media\/8724"}],"wp:attachment":[{"href":"https:\/\/fandeli.com\/usa\/wp-json\/wp\/v2\/media?parent=1893"}],"wp:term":[{"taxonomy":"product_brand","embeddable":true,"href":"https:\/\/fandeli.com\/usa\/wp-json\/wp\/v2\/product_brand?post=1893"},{"taxonomy":"product_cat","embeddable":true,"href":"https:\/\/fandeli.com\/usa\/wp-json\/wp\/v2\/product_cat?post=1893"},{"taxonomy":"product_tag","embeddable":true,"href":"https:\/\/fandeli.com\/usa\/wp-json\/wp\/v2\/product_tag?post=1893"}],"curies":[{"name":"wp","href":"https:\/\/api.w.org\/{rel}","templated":true}]}}