{"id":1881,"date":"2024-11-25T20:58:07","date_gmt":"2024-11-25T20:58:07","guid":{"rendered":"https:\/\/fandeli.com\/usa\/?post_type=product&#038;p=1881"},"modified":"2024-12-23T17:51:26","modified_gmt":"2024-12-23T17:51:26","slug":"mini-bandas-de-lija-r-88","status":"publish","type":"product","link":"https:\/\/fandeli.com\/usa\/es\/producto\/mini-bandas-de-lija-r-88\/","title":{"rendered":"Rollo R-88"},"content":{"rendered":"<table cellspacing=\"0\" cellpadding=\"0\" class=\"tabla\">\n<tr>\n<td><strong>SKU<\/strong><\/td>\n<td><strong>DESCRIPCI\u00d3N<\/strong><\/td>\n<td><strong>GRADO<\/strong><\/td>\n<td><strong>DIMENSIONES<\/strong><\/td>\n<td><strong>EMPAQUE<\/strong><\/td>\n<td><strong>CAJA<\/strong><\/td>\n<\/tr>\n<tr>\n<td>00744<\/td>\n<td>ROLLO FANDELI R-88<\/td>\n<td>P60<\/td>\n<td>37&quot; X 50 YDS<\/td>\n<td>1<\/td>\n<td>1<\/td>\n<\/tr>\n<tr>\n<td>00747<\/td>\n<td>ROLLO FANDELI R-88<\/td>\n<td>P80<\/td>\n<td>37&quot; X 100 YDS<\/td>\n<td>1<\/td>\n<td>1<\/td>\n<\/tr>\n<tr>\n<td>00753<\/td>\n<td>ROLLO FANDELI R-88<\/td>\n<td>P120<\/td>\n<td>37&quot; X 100 YDS<\/td>\n<td>1<\/td>\n<td>1<\/td>\n<\/tr>\n<tr>\n<td>00754<\/td>\n<td>ROLLO FANDELI R-88<\/td>\n<td>P150<\/td>\n<td>37&quot; X 100 YDS<\/td>\n<td>1<\/td>\n<td>1<\/td>\n<\/tr>\n<tr>\n<td>00755<\/td>\n<td>ROLLO FANDELI R-88<\/td>\n<td>P180<\/td>\n<td>37&quot; X 100 YDS<\/td>\n<td>1<\/td>\n<td>1<\/td>\n<\/tr>\n<tr>\n<td>00756<\/td>\n<td>ROLLO FANDELI R-88<\/td>\n<td>P220<\/td>\n<td>37&quot; X 100 YDS<\/td>\n<td>1<\/td>\n<td>1<\/td>\n<\/tr>\n<tr>\n<td>00758<\/td>\n<td>ROLLO FANDELI R-88<\/td>\n<td>P320<\/td>\n<td>37&quot; X 100 YDS<\/td>\n<td>1<\/td>\n<td>1<\/td>\n<\/tr>\n<tr>\n<td>01165<\/td>\n<td>ROLLO FANDELI R-88<\/td>\n<td>P100<\/td>\n<td>37&quot; X 100 YDS<\/td>\n<td>1<\/td>\n<td>1<\/td>\n<\/tr>\n<tr>\n<td>05749<\/td>\n<td>ROLLO FANDELI R-88<\/td>\n<td>P220<\/td>\n<td>12&quot; X 100 YDS<\/td>\n<td>1<\/td>\n<td>1<\/td>\n<\/tr>\n<tr>\n<td>05807<\/td>\n<td>ROLLO FANDELI R-88<\/td>\n<td>P120<\/td>\n<td>12&quot; X 100 YDS<\/td>\n<td>1<\/td>\n<td>1<\/td>\n<\/tr>\n<tr>\n<td>08609<\/td>\n<td>ROLLO FANDELI R-88<\/td>\n<td>P320<\/td>\n<td>12&quot; X 100 YDS<\/td>\n<td>1<\/td>\n<td>1<\/td>\n<\/tr>\n<tr>\n<td>10502<\/td>\n<td>ROLLO FANDELI R-88<\/td>\n<td>P150<\/td>\n<td>12&quot; X 100 YDS<\/td>\n<td>1<\/td>\n<td>1<\/td>\n<\/tr>\n<tr>\n<td>10503<\/td>\n<td>ROLLO FANDELI R-88<\/td>\n<td>P180<\/td>\n<td>12&quot; X 100 YDS<\/td>\n<td>1<\/td>\n<td>1<\/td>\n<\/tr>\n<tr>\n<td>12434<\/td>\n<td>ROLLO FANDELI R-88<\/td>\n<td>P60<\/td>\n<td>12&quot; X 50 YDS<\/td>\n<td>1<\/td>\n<td>1<\/td>\n<\/tr>\n<tr>\n<td>12435<\/td>\n<td>ROLLO FANDELI R-88<\/td>\n<td>P80<\/td>\n<td>12&quot; X 100 YDS<\/td>\n<td>1<\/td>\n<td>1<\/td>\n<\/tr>\n<tr>\n<td>12436<\/td>\n<td>ROLLO FANDELI R-88<\/td>\n<td>P100<\/td>\n<td>12&quot; X 100 YDS<\/td>\n<td>1<\/td>\n<td>1<\/td>\n<\/tr>\n<tr>\n<td>12437<\/td>\n<td>ROLLO FANDELI R-88<\/td>\n<td>P120<\/td>\n<td>12&quot; X 100 YDS<\/td>\n<td>1<\/td>\n<td>1<\/td>\n<\/tr>\n<tr>\n<td>12438<\/td>\n<td>ROLLO FANDELI R-88<\/td>\n<td>P150<\/td>\n<td>12&quot; X 100 YDS<\/td>\n<td>1<\/td>\n<td>1<\/td>\n<\/tr>\n<tr>\n<td>12439<\/td>\n<td>ROLLO FANDELI R-88<\/td>\n<td>P180<\/td>\n<td>12&quot; X 100 YDS<\/td>\n<td>1<\/td>\n<td>1<\/td>\n<\/tr>\n<tr>\n<td>12440<\/td>\n<td>ROLLO FANDELI R-88<\/td>\n<td>P220<\/td>\n<td>12&quot; X 100 YDS<\/td>\n<td>1<\/td>\n<td>1<\/td>\n<\/tr>\n<tr>\n<td>12443<\/td>\n<td>ROLLO FANDELI R-88<\/td>\n<td>P400<\/td>\n<td>12&quot; X 100 YDS<\/td>\n<td>1<\/td>\n<td>1<\/td>\n<\/tr>\n<tr>\n<td>18827<\/td>\n<td>ROLLO FANDELI R-88<\/td>\n<td>P60<\/td>\n<td>54&quot; X 50 YDS<\/td>\n<td>1<\/td>\n<td>1<\/td>\n<\/tr>\n<tr>\n<td>18863<\/td>\n<td>ROLLO FANDELI R-88<\/td>\n<td>P80<\/td>\n<td>54&quot; X 100 YDS<\/td>\n<td>1<\/td>\n<td>1<\/td>\n<\/tr>\n<tr>\n<td>18864<\/td>\n<td>ROLLO FANDELI R-88<\/td>\n<td>P120<\/td>\n<td>54&quot; X 100 YDS<\/td>\n<td>1<\/td>\n<td>1<\/td>\n<\/tr>\n<tr>\n<td>18865<\/td>\n<td>ROLLO FANDELI R-88<\/td>\n<td>P150<\/td>\n<td>54&quot; X 100 YDS<\/td>\n<td>1<\/td>\n<td>1<\/td>\n<\/tr>\n<tr>\n<td>18866<\/td>\n<td>ROLLO FANDELI R-88<\/td>\n<td>P180<\/td>\n<td>54&quot; X 100 YDS<\/td>\n<td>1<\/td>\n<td>1<\/td>\n<\/tr>\n<tr>\n<td>19280<\/td>\n<td>ROLLO FANDELI R-88<\/td>\n<td>P100<\/td>\n<td>54&quot; X 100 YDS<\/td>\n<td>1<\/td>\n<td>1<\/td>\n<\/tr>\n<tr>\n<td>19281<\/td>\n<td>ROLLO FANDELI R-88<\/td>\n<td>P220<\/td>\n<td>54&quot; X 100 YDS<\/td>\n<td>1<\/td>\n<td>1<\/td>\n<\/tr>\n<tr>\n<td>19855<\/td>\n<td>ROLLO FANDELI R-88<\/td>\n<td>P240<\/td>\n<td>54&quot; X 100 YDS<\/td>\n<td>1<\/td>\n<td>1<\/td>\n<\/tr>\n<tr>\n<td>20302<\/td>\n<td>ROLLO FANDELI R-88<\/td>\n<td>P400<\/td>\n<td>54&quot; X 100 YDS<\/td>\n<td>1<\/td>\n<td>1<\/td>\n<\/tr>\n<tr>\n<td>20305<\/td>\n<td>ROLLO FANDELI R-88<\/td>\n<td>P80<\/td>\n<td>54&quot; X 100 YDS<\/td>\n<td>1<\/td>\n<td>1<\/td>\n<\/tr>\n<tr>\n<td>20306<\/td>\n<td>ROLLO FANDELI R-88<\/td>\n<td>P100<\/td>\n<td>54&quot; X 100 YDS<\/td>\n<td>1<\/td>\n<td>1<\/td>\n<\/tr>\n<tr>\n<td>20309<\/td>\n<td>ROLLO FANDELI R-88<\/td>\n<td>P180<\/td>\n<td>54&quot; X 100 YDS<\/td>\n<td>1<\/td>\n<td>1<\/td>\n<\/tr>\n<tr>\n<td>20310<\/td>\n<td>ROLLO FANDELI R-88<\/td>\n<td>P220<\/td>\n<td>54&quot; X 100 YDS<\/td>\n<td>1<\/td>\n<td>1<\/td>\n<\/tr>\n<tr>\n<td>20314<\/td>\n<td>ROLLO FANDELI R-88<\/td>\n<td>P400<\/td>\n<td>54&quot; X 100 YDS<\/td>\n<td>1<\/td>\n<td>1<\/td>\n<\/tr>\n<tr>\n<td>20320<\/td>\n<td>ROLLO FANDELI R-88<\/td>\n<td>P120<\/td>\n<td>54&quot; X 100 YDS<\/td>\n<td>1<\/td>\n<td>1<\/td>\n<\/tr>\n<tr>\n<td>20322<\/td>\n<td>ROLLO FANDELI R-88<\/td>\n<td>P320<\/td>\n<td>54&quot; X 100 YDS<\/td>\n<td>1<\/td>\n<td>1<\/td>\n<\/tr>\n<\/table>\n","protected":false},"excerpt":{"rendered":"<p><strong>Aplicaciones<\/strong><\/p>\n<ul class=\"lista\">\n<li>Opci\u00f3n de propucto ideal para la preparaci\u00f3n de superficies met\u00e1licas.<\/li>\n<li>Para operaciones industriales de desbaste y acabado intermedio en la industria metalmec\u00e1nica como lo es el trabajo sobre lienzos de metal, laminados, pre-pulido y satinado de superficies planas. <\/li>\n<li>Acabados de superficies met\u00e1licas.<\/li>\n<li>Tratamiento de cubiertas met\u00e1licas, paneles y chapas de metal.<\/li>\n<li>Fabricaci\u00f3n y preparado de placas troqueladas, incluso en fabricaci\u00f3n de laminados para componentes de m\u00e1quinas o de lienzos para techos industriales.<\/li>\n<li>Buen desempe\u00f1o en metales no ferrosos.<\/li>\n<\/ul>\n<p><strong>Caracter\u00edsticas<\/strong><\/p>\n<ul class=\"lista\">\n<li>Brindan una acci\u00f3n de desbaste pesada y producen excelentes acabados.<\/li>\n<\/ul>\n<p><strong>Aplicaciones y recomendaciones<\/strong><\/p>\n<p class=\"iconos\">\n<img decoding=\"async\" src=\"\/assets\/icons\/icon-metal.svg\" class=\"icono\" \/><br \/>\n<img decoding=\"async\" src=\"\/assets\/icons\/icon-metal-noferroso.svg\" class=\"icono\" \/><br \/>\n<img decoding=\"async\" src=\"\/assets\/icons\/icon-uso-lija.svg\" class=\"icono\" \/>\n<\/p>\n<div id=\"descarga\">\n<p class=\"lista\"><a href=\"\/assets\/fichas-tecnicas\/linea-r-y-88.pdf\" target=\"_blank\" class=\"botones\"><i class=\"fa fa-file\"><\/i>&nbsp;&nbsp; DESCARGA LA FICHA T\u00c9CNICA<\/a><\/p>\n<\/div>\n","protected":false},"featured_media":4751,"template":"","meta":{"site-sidebar-layout":"default","site-content-layout":"","ast-site-content-layout":"default","site-content-style":"default","site-sidebar-style":"default","ast-global-header-display":"","ast-banner-title-visibility":"","ast-main-header-display":"","ast-hfb-above-header-display":"","ast-hfb-below-header-display":"","ast-hfb-mobile-header-display":"","site-post-title":"","ast-breadcrumbs-content":"","ast-featured-img":"","footer-sml-layout":"","ast-disable-related-posts":"","theme-transparent-header-meta":"default","adv-header-id-meta":"","stick-header-meta":"","header-above-stick-meta":"","header-main-stick-meta":"","header-below-stick-meta":"","astra-migrate-meta-layouts":"set","ast-page-background-enabled":"default","ast-page-background-meta":{"desktop":{"background-color":"var(--ast-global-color-4)","background-image":"","background-repeat":"repeat","background-position":"center center","background-size":"auto","background-attachment":"scroll","background-type":"","background-media":"","overlay-type":"","overlay-color":"","overlay-opacity":"","overlay-gradient":""},"tablet":{"background-color":"","background-image":"","background-repeat":"repeat","background-position":"center center","background-size":"auto","background-attachment":"scroll","background-type":"","background-media":"","overlay-type":"","overlay-color":"","overlay-opacity":"","overlay-gradient":""},"mobile":{"background-color":"","background-image":"","background-repeat":"repeat","background-position":"center center","background-size":"auto","background-attachment":"scroll","background-type":"","background-media":"","overlay-type":"","overlay-color":"","overlay-opacity":"","overlay-gradient":""}},"ast-content-background-meta":{"desktop":{"background-color":"var(--ast-global-color-5)","background-image":"","background-repeat":"repeat","background-position":"center center","background-size":"auto","background-attachment":"scroll","background-type":"","background-media":"","overlay-type":"","overlay-color":"","overlay-opacity":"","overlay-gradient":""},"tablet":{"background-color":"var(--ast-global-color-5)","background-image":"","background-repeat":"repeat","background-position":"center center","background-size":"auto","background-attachment":"scroll","background-type":"","background-media":"","overlay-type":"","overlay-color":"","overlay-opacity":"","overlay-gradient":""},"mobile":{"background-color":"var(--ast-global-color-5)","background-image":"","background-repeat":"repeat","background-position":"center center","background-size":"auto","background-attachment":"scroll","background-type":"","background-media":"","overlay-type":"","overlay-color":"","overlay-opacity":"","overlay-gradient":""}}},"product_brand":[],"product_cat":[20,1126,915],"product_tag":[],"class_list":{"0":"post-1881","1":"product","2":"type-product","3":"status-publish","4":"has-post-thumbnail","6":"product_cat-herreria-es","7":"product_cat-metal-no-ferroso","8":"product_cat-rollos-de-lija-es","9":"desktop-align-center","10":"tablet-align-left","11":"mobile-align-center","13":"first","14":"instock","15":"shipping-taxable","16":"product-type-simple"},"yoast_head":"<!-- This site is optimized with the Yoast SEO plugin v27.2 - https:\/\/yoast.com\/product\/yoast-seo-wordpress\/ -->\n<title>Rollo R-88 - FANDELI<\/title>\n<meta name=\"robots\" content=\"index, follow, max-snippet:-1, max-image-preview:large, max-video-preview:-1\" \/>\n<link rel=\"canonical\" href=\"https:\/\/fandeli.com\/usa\/es\/producto\/mini-bandas-de-lija-r-88\/\" \/>\n<meta property=\"og:locale\" content=\"es_MX\" \/>\n<meta property=\"og:type\" content=\"article\" \/>\n<meta property=\"og:title\" content=\"Rollo R-88 - FANDELI\" \/>\n<meta property=\"og:description\" content=\"Aplicaciones   Opci\u00f3n de propucto ideal para la preparaci\u00f3n de superficies met\u00e1licas. Para operaciones industriales de desbaste y acabado intermedio en la industria metalmec\u00e1nica como lo es el trabajo sobre lienzos de metal, laminados, pre-pulido y satinado de superficies planas.  Acabados de superficies met\u00e1licas. Tratamiento de cubiertas met\u00e1licas, paneles y chapas de metal. Fabricaci\u00f3n y preparado de placas troqueladas, incluso en fabricaci\u00f3n de laminados para componentes de m\u00e1quinas o de lienzos para techos industriales. Buen desempe\u00f1o en metales no ferrosos.     Caracter\u00edsticas    Brindan una acci\u00f3n de desbaste pesada y producen excelentes acabados.    Aplicaciones y recomendaciones             &nbsp;&nbsp; DESCARGA LA FICHA T\u00c9CNICA\" \/>\n<meta property=\"og:url\" content=\"https:\/\/fandeli.com\/usa\/es\/producto\/mini-bandas-de-lija-r-88\/\" \/>\n<meta property=\"og:site_name\" content=\"FANDELI\" \/>\n<meta property=\"article:modified_time\" content=\"2024-12-23T17:51:26+00:00\" \/>\n<meta property=\"og:image\" content=\"https:\/\/fandeli.com\/usa\/wp-content\/uploads\/2024\/11\/rollo-r-88.jpg\" \/>\n\t<meta property=\"og:image:width\" content=\"800\" \/>\n\t<meta property=\"og:image:height\" content=\"800\" \/>\n\t<meta property=\"og:image:type\" content=\"image\/jpeg\" \/>\n<meta name=\"twitter:card\" content=\"summary_large_image\" \/>\n<meta name=\"twitter:label1\" content=\"Tiempo de lectura\" \/>\n\t<meta name=\"twitter:data1\" content=\"1 minuto\" \/>\n<script type=\"application\/ld+json\" class=\"yoast-schema-graph\">{\"@context\":\"https:\/\/schema.org\",\"@graph\":[{\"@type\":\"WebPage\",\"@id\":\"https:\/\/fandeli.com\/usa\/es\/producto\/mini-bandas-de-lija-r-88\/\",\"url\":\"https:\/\/fandeli.com\/usa\/es\/producto\/mini-bandas-de-lija-r-88\/\",\"name\":\"Rollo R-88 - FANDELI\",\"isPartOf\":{\"@id\":\"https:\/\/fandeli.com\/usa\/#website\"},\"primaryImageOfPage\":{\"@id\":\"https:\/\/fandeli.com\/usa\/es\/producto\/mini-bandas-de-lija-r-88\/#primaryimage\"},\"image\":{\"@id\":\"https:\/\/fandeli.com\/usa\/es\/producto\/mini-bandas-de-lija-r-88\/#primaryimage\"},\"thumbnailUrl\":\"https:\/\/fandeli.com\/usa\/wp-content\/uploads\/2024\/11\/rollo-r-88.jpg\",\"datePublished\":\"2024-11-25T20:58:07+00:00\",\"dateModified\":\"2024-12-23T17:51:26+00:00\",\"breadcrumb\":{\"@id\":\"https:\/\/fandeli.com\/usa\/es\/producto\/mini-bandas-de-lija-r-88\/#breadcrumb\"},\"inLanguage\":\"es\",\"potentialAction\":[{\"@type\":\"ReadAction\",\"target\":[\"https:\/\/fandeli.com\/usa\/es\/producto\/mini-bandas-de-lija-r-88\/\"]}]},{\"@type\":\"ImageObject\",\"inLanguage\":\"es\",\"@id\":\"https:\/\/fandeli.com\/usa\/es\/producto\/mini-bandas-de-lija-r-88\/#primaryimage\",\"url\":\"https:\/\/fandeli.com\/usa\/wp-content\/uploads\/2024\/11\/rollo-r-88.jpg\",\"contentUrl\":\"https:\/\/fandeli.com\/usa\/wp-content\/uploads\/2024\/11\/rollo-r-88.jpg\",\"width\":800,\"height\":800},{\"@type\":\"BreadcrumbList\",\"@id\":\"https:\/\/fandeli.com\/usa\/es\/producto\/mini-bandas-de-lija-r-88\/#breadcrumb\",\"itemListElement\":[{\"@type\":\"ListItem\",\"position\":1,\"name\":\"Portada\",\"item\":\"https:\/\/fandeli.com\/usa\/es\/inicio\/\"},{\"@type\":\"ListItem\",\"position\":2,\"name\":\"Tienda\",\"item\":\"https:\/\/fandeli.com\/usa\/es\/?page_id=13\"},{\"@type\":\"ListItem\",\"position\":3,\"name\":\"Rollo R-88\"}]},{\"@type\":\"WebSite\",\"@id\":\"https:\/\/fandeli.com\/usa\/#website\",\"url\":\"https:\/\/fandeli.com\/usa\/\",\"name\":\"FANDELI\",\"description\":\"FANDELI\",\"publisher\":{\"@id\":\"https:\/\/fandeli.com\/usa\/#organization\"},\"potentialAction\":[{\"@type\":\"SearchAction\",\"target\":{\"@type\":\"EntryPoint\",\"urlTemplate\":\"https:\/\/fandeli.com\/usa\/?s={search_term_string}\"},\"query-input\":{\"@type\":\"PropertyValueSpecification\",\"valueRequired\":true,\"valueName\":\"search_term_string\"}}],\"inLanguage\":\"es\"},{\"@type\":\"Organization\",\"@id\":\"https:\/\/fandeli.com\/usa\/#organization\",\"name\":\"FANDELI\",\"url\":\"https:\/\/fandeli.com\/usa\/\",\"logo\":{\"@type\":\"ImageObject\",\"inLanguage\":\"es\",\"@id\":\"https:\/\/fandeli.com\/usa\/#\/schema\/logo\/image\/\",\"url\":\"https:\/\/fandeli.com\/usa\/wp-content\/uploads\/2025\/12\/logo-fandeli-bco.svg\",\"contentUrl\":\"https:\/\/fandeli.com\/usa\/wp-content\/uploads\/2025\/12\/logo-fandeli-bco.svg\",\"width\":1486,\"height\":326,\"caption\":\"FANDELI\"},\"image\":{\"@id\":\"https:\/\/fandeli.com\/usa\/#\/schema\/logo\/image\/\"}}]}<\/script>\n<!-- \/ Yoast SEO plugin. -->","yoast_head_json":{"title":"Rollo R-88 - FANDELI","robots":{"index":"index","follow":"follow","max-snippet":"max-snippet:-1","max-image-preview":"max-image-preview:large","max-video-preview":"max-video-preview:-1"},"canonical":"https:\/\/fandeli.com\/usa\/es\/producto\/mini-bandas-de-lija-r-88\/","og_locale":"es_MX","og_type":"article","og_title":"Rollo R-88 - FANDELI","og_description":"Aplicaciones   Opci\u00f3n de propucto ideal para la preparaci\u00f3n de superficies met\u00e1licas. Para operaciones industriales de desbaste y acabado intermedio en la industria metalmec\u00e1nica como lo es el trabajo sobre lienzos de metal, laminados, pre-pulido y satinado de superficies planas.  Acabados de superficies met\u00e1licas. Tratamiento de cubiertas met\u00e1licas, paneles y chapas de metal. Fabricaci\u00f3n y preparado de placas troqueladas, incluso en fabricaci\u00f3n de laminados para componentes de m\u00e1quinas o de lienzos para techos industriales. Buen desempe\u00f1o en metales no ferrosos.     Caracter\u00edsticas    Brindan una acci\u00f3n de desbaste pesada y producen excelentes acabados.    Aplicaciones y recomendaciones             &nbsp;&nbsp; DESCARGA LA FICHA T\u00c9CNICA","og_url":"https:\/\/fandeli.com\/usa\/es\/producto\/mini-bandas-de-lija-r-88\/","og_site_name":"FANDELI","article_modified_time":"2024-12-23T17:51:26+00:00","og_image":[{"width":800,"height":800,"url":"https:\/\/fandeli.com\/usa\/wp-content\/uploads\/2024\/11\/rollo-r-88.jpg","type":"image\/jpeg"}],"twitter_card":"summary_large_image","twitter_misc":{"Tiempo de lectura":"1 minuto"},"schema":{"@context":"https:\/\/schema.org","@graph":[{"@type":"WebPage","@id":"https:\/\/fandeli.com\/usa\/es\/producto\/mini-bandas-de-lija-r-88\/","url":"https:\/\/fandeli.com\/usa\/es\/producto\/mini-bandas-de-lija-r-88\/","name":"Rollo R-88 - FANDELI","isPartOf":{"@id":"https:\/\/fandeli.com\/usa\/#website"},"primaryImageOfPage":{"@id":"https:\/\/fandeli.com\/usa\/es\/producto\/mini-bandas-de-lija-r-88\/#primaryimage"},"image":{"@id":"https:\/\/fandeli.com\/usa\/es\/producto\/mini-bandas-de-lija-r-88\/#primaryimage"},"thumbnailUrl":"https:\/\/fandeli.com\/usa\/wp-content\/uploads\/2024\/11\/rollo-r-88.jpg","datePublished":"2024-11-25T20:58:07+00:00","dateModified":"2024-12-23T17:51:26+00:00","breadcrumb":{"@id":"https:\/\/fandeli.com\/usa\/es\/producto\/mini-bandas-de-lija-r-88\/#breadcrumb"},"inLanguage":"es","potentialAction":[{"@type":"ReadAction","target":["https:\/\/fandeli.com\/usa\/es\/producto\/mini-bandas-de-lija-r-88\/"]}]},{"@type":"ImageObject","inLanguage":"es","@id":"https:\/\/fandeli.com\/usa\/es\/producto\/mini-bandas-de-lija-r-88\/#primaryimage","url":"https:\/\/fandeli.com\/usa\/wp-content\/uploads\/2024\/11\/rollo-r-88.jpg","contentUrl":"https:\/\/fandeli.com\/usa\/wp-content\/uploads\/2024\/11\/rollo-r-88.jpg","width":800,"height":800},{"@type":"BreadcrumbList","@id":"https:\/\/fandeli.com\/usa\/es\/producto\/mini-bandas-de-lija-r-88\/#breadcrumb","itemListElement":[{"@type":"ListItem","position":1,"name":"Portada","item":"https:\/\/fandeli.com\/usa\/es\/inicio\/"},{"@type":"ListItem","position":2,"name":"Tienda","item":"https:\/\/fandeli.com\/usa\/es\/?page_id=13"},{"@type":"ListItem","position":3,"name":"Rollo R-88"}]},{"@type":"WebSite","@id":"https:\/\/fandeli.com\/usa\/#website","url":"https:\/\/fandeli.com\/usa\/","name":"FANDELI","description":"FANDELI","publisher":{"@id":"https:\/\/fandeli.com\/usa\/#organization"},"potentialAction":[{"@type":"SearchAction","target":{"@type":"EntryPoint","urlTemplate":"https:\/\/fandeli.com\/usa\/?s={search_term_string}"},"query-input":{"@type":"PropertyValueSpecification","valueRequired":true,"valueName":"search_term_string"}}],"inLanguage":"es"},{"@type":"Organization","@id":"https:\/\/fandeli.com\/usa\/#organization","name":"FANDELI","url":"https:\/\/fandeli.com\/usa\/","logo":{"@type":"ImageObject","inLanguage":"es","@id":"https:\/\/fandeli.com\/usa\/#\/schema\/logo\/image\/","url":"https:\/\/fandeli.com\/usa\/wp-content\/uploads\/2025\/12\/logo-fandeli-bco.svg","contentUrl":"https:\/\/fandeli.com\/usa\/wp-content\/uploads\/2025\/12\/logo-fandeli-bco.svg","width":1486,"height":326,"caption":"FANDELI"},"image":{"@id":"https:\/\/fandeli.com\/usa\/#\/schema\/logo\/image\/"}}]}},"jetpack_sharing_enabled":true,"_links":{"self":[{"href":"https:\/\/fandeli.com\/usa\/wp-json\/wp\/v2\/product\/1881","targetHints":{"allow":["GET"]}}],"collection":[{"href":"https:\/\/fandeli.com\/usa\/wp-json\/wp\/v2\/product"}],"about":[{"href":"https:\/\/fandeli.com\/usa\/wp-json\/wp\/v2\/types\/product"}],"wp:featuredmedia":[{"embeddable":true,"href":"https:\/\/fandeli.com\/usa\/wp-json\/wp\/v2\/media\/4751"}],"wp:attachment":[{"href":"https:\/\/fandeli.com\/usa\/wp-json\/wp\/v2\/media?parent=1881"}],"wp:term":[{"taxonomy":"product_brand","embeddable":true,"href":"https:\/\/fandeli.com\/usa\/wp-json\/wp\/v2\/product_brand?post=1881"},{"taxonomy":"product_cat","embeddable":true,"href":"https:\/\/fandeli.com\/usa\/wp-json\/wp\/v2\/product_cat?post=1881"},{"taxonomy":"product_tag","embeddable":true,"href":"https:\/\/fandeli.com\/usa\/wp-json\/wp\/v2\/product_tag?post=1881"}],"curies":[{"name":"wp","href":"https:\/\/api.w.org\/{rel}","templated":true}]}}