{"id":1816,"date":"2024-11-25T18:43:19","date_gmt":"2024-11-25T18:43:19","guid":{"rendered":"https:\/\/fandeli.com\/usa\/?post_type=product&#038;p=1816"},"modified":"2026-01-27T20:43:46","modified_gmt":"2026-01-27T20:43:46","slug":"discos-fibra-g-88-plus","status":"publish","type":"product","link":"https:\/\/fandeli.com\/usa\/es\/producto\/discos-fibra-g-88-plus\/","title":{"rendered":"Discos fibra G-88 Plus"},"content":{"rendered":"<table cellspacing=\"0\" cellpadding=\"0\" class=\"tabla\">\n<tr>\n<td><strong>SKU<\/strong><\/td>\n<td><strong>DESCRIPCI\u00d3N<\/strong><\/td>\n<td><strong>GRADO<\/strong><\/td>\n<td><strong>DIMENSIONES<\/strong><\/td>\n<td><strong>EMPAQUE<\/strong><\/td>\n<td><strong>CAJA<\/strong><\/td>\n<\/tr>\n<tr>\n<td>32755<\/td>\n<td>DISCO FIBRA FANDELI G-88<\/td>\n<td>16<\/td>\n<td>5&rdquo; X 7\/8&rdquo;<\/td>\n<td>25<\/td>\n<td>100<\/td>\n<\/tr>\n<tr>\n<td>32763<\/td>\n<td>DISCO FIBRA FANDELI G-88<\/td>\n<td>16<\/td>\n<td>7&rdquo; X 7\/8&rdquo;<\/td>\n<td>25<\/td>\n<td>100<\/td>\n<\/tr>\n<tr>\n<td>79751<\/td>\n<td>DISCO FIBRA FANDELI G-88 PLUS<\/td>\n<td>24<\/td>\n<td>4&rdquo; X 5\/8&rdquo;<\/td>\n<td>25<\/td>\n<td>100<\/td>\n<\/tr>\n<tr>\n<td>79753<\/td>\n<td>DISCO FIBRA FANDELI G-88 PLUS<\/td>\n<td>50<\/td>\n<td>4&rdquo; X 5\/8&rdquo;<\/td>\n<td>25<\/td>\n<td>100<\/td>\n<\/tr>\n<tr>\n<td>79755<\/td>\n<td>DISCO FIBRA FANDELI G-88 PLUS<\/td>\n<td>80<\/td>\n<td>4&rdquo; X 5\/8&rdquo;<\/td>\n<td>25<\/td>\n<td>100<\/td>\n<\/tr>\n<tr>\n<td>79758<\/td>\n<td>DISCO FIBRA FANDELI G-88 PLUS<\/td>\n<td>16<\/td>\n<td>4 1\/2&rdquo; X 7\/8&quot;<\/td>\n<td>25<\/td>\n<td>100<\/td>\n<\/tr>\n<tr>\n<td>79759<\/td>\n<td>DISCO FIBRA FANDELI G-88 PLUS<\/td>\n<td>24<\/td>\n<td>4 1\/2&rdquo; X 7\/8&quot;<\/td>\n<td>25<\/td>\n<td>100<\/td>\n<\/tr>\n<tr>\n<td>79760<\/td>\n<td>DISCO FIBRA FANDELI G-88 PLUS<\/td>\n<td>36<\/td>\n<td>4 1\/2&rdquo; X 7\/8&quot;<\/td>\n<td>25<\/td>\n<td>100<\/td>\n<\/tr>\n<tr>\n<td>79761<\/td>\n<td>DISCO FIBRA FANDELI G-88 PLUS<\/td>\n<td>50<\/td>\n<td>4 1\/2&rdquo; X 7\/8&quot;<\/td>\n<td>25<\/td>\n<td>100<\/td>\n<\/tr>\n<tr>\n<td>79762<\/td>\n<td>DISCO FIBRA FANDELI G-88 PLUS<\/td>\n<td>60<\/td>\n<td>4 1\/2&rdquo; X 7\/8&quot;<\/td>\n<td>25<\/td>\n<td>100<\/td>\n<\/tr>\n<tr>\n<td>79763<\/td>\n<td>DISCO FIBRA FANDELI G-88 PLUS<\/td>\n<td>80<\/td>\n<td>4 1\/2&rdquo; X 7\/8&quot;<\/td>\n<td>25<\/td>\n<td>100<\/td>\n<\/tr>\n<tr>\n<td>79767<\/td>\n<td>DISCO FIBRA FANDELI G-88 PLUS<\/td>\n<td>24<\/td>\n<td>5&rdquo; X 7\/8&rdquo;\u00a0<\/td>\n<td>25<\/td>\n<td>100<\/td>\n<\/tr>\n<tr>\n<td>79768<\/td>\n<td>DISCO FIBRA FANDELI G-88 PLUS<\/td>\n<td>36<\/td>\n<td>5&rdquo; X 7\/8&rdquo;\u00a0<\/td>\n<td>25<\/td>\n<td>100<\/td>\n<\/tr>\n<tr>\n<td>79769<\/td>\n<td>DISCO FIBRA FANDELI G-88 PLUS<\/td>\n<td>50<\/td>\n<td>5&rdquo; X 7\/8&rdquo;\u00a0<\/td>\n<td>25<\/td>\n<td>100<\/td>\n<\/tr>\n<tr>\n<td>79770<\/td>\n<td>DISCO FIBRA FANDELI G-88 PLUS<\/td>\n<td>60<\/td>\n<td>5&rdquo; X 7\/8&rdquo;\u00a0<\/td>\n<td>25<\/td>\n<td>100<\/td>\n<\/tr>\n<tr>\n<td>79772<\/td>\n<td>DISCO FIBRA FANDELI G-88 PLUS<\/td>\n<td>200<\/td>\n<td>5&rdquo; X 7\/8&rdquo;\u00a0<\/td>\n<td>25<\/td>\n<td>100<\/td>\n<\/tr>\n<tr>\n<td>79775<\/td>\n<td>DISCO FIBRA FANDELI G-88 PLUS<\/td>\n<td>24<\/td>\n<td>7&rdquo; X 7\/8&rdquo;\u00a0<\/td>\n<td>25<\/td>\n<td>100<\/td>\n<\/tr>\n<tr>\n<td>79776<\/td>\n<td>DISCO FIBRA FANDELI G-88 PLUS<\/td>\n<td>36<\/td>\n<td>7&rdquo; X 7\/8&rdquo;\u00a0<\/td>\n<td>25<\/td>\n<td>100<\/td>\n<\/tr>\n<tr>\n<td>79777<\/td>\n<td>DISCO FIBRA FANDELI G-88 PLUS<\/td>\n<td>50<\/td>\n<td>7&rdquo; X 7\/8&rdquo;\u00a0<\/td>\n<td>25<\/td>\n<td>100<\/td>\n<\/tr>\n<\/table>\n","protected":false},"excerpt":{"rendered":"<p><strong>Aplicaciones<\/strong><\/p>\n<ul class=\"lista\">\n<li>Operaciones de desbaste en metales donde se requiere un desbaste pesado y corte agresivo, adem\u00e1s de mayor fuerza y alta resistencia al calor.<\/li>\n<li>Dise\u00f1ados para remover cordones de soldadura y rebabas en piezas moldeadas, uniones, acabados intermedios y tareas de limpieza pesada en superficies met\u00e1licas, trabajos de lijado sobre metal y superficies a ser recubiertas en su acabado final.<\/li>\n<li>Este producto se emplea utilizando m\u00e1quina esmeriladora angular.<\/li>\n<li>Para lijado de piezas ba\u00f1adas de alg\u00fan material<\/li>\n<li>Para el trabajo en metales y desbaste pesado, utilice los grados 16, 24 o en grado 36.<\/li>\n<li>Para acabados moderados en metal y remoci\u00f3n de \u00f3xido, utilice los grados 50 y 60.<\/li>\n<li>Para acabados en placas de metal y remoci\u00f3n de capas de pintura, utilice los grados 80, 100 y 120.<\/li>\n<li>Para operaciones de desbaste, limpieza y remoci\u00f3n de rebabas de fibra de vidrio y pl\u00e1sticos, utilice los grados 36, 50 y 60.<\/li>\n<\/ul>\n<p><strong>Caracter\u00edsticas<\/strong><\/p>\n<ul class=\"lista\">\n<li>Pr\u00e1ctico sistema central de fijaci\u00f3n para facilitar la operaci\u00f3n.<\/li>\n<li>Alto poder de corte y desbaste.<\/li>\n<li>Tama\u00f1os disponibles: 4\u201d, 4 1\/2\u201d, 5\u201d, 7\u201d y 9 1\/8\u201d de di\u00e1metro.<\/li>\n<\/ul>\n<p><strong>Aplicaciones y recomendaciones<\/strong><\/p>\n<p class=\"iconos\">\n<img decoding=\"async\" src=\"\/assets\/icons\/icon-metal.svg\" class=\"icono\" \/><br \/>\n<img decoding=\"async\" src=\"\/assets\/icons\/icon-metal-noferroso.svg\" class=\"icono\" \/><br \/>\n<img decoding=\"async\" src=\"\/assets\/icons\/icon-G-88-1.svg\" class=\"icono\" \/><br \/>\n<img decoding=\"async\" src=\"\/assets\/icons\/icon-G-88-2.svg\" class=\"icono\" \/><br \/>\n<img decoding=\"async\" src=\"\/assets\/icons\/icon-G-88-3.svg\" class=\"icono\" \/><br \/>\n<img decoding=\"async\" src=\"\/assets\/icons\/icon-G-88-4.svg\" class=\"icono\" \/>\n<\/p>\n<div id=\"descarga\">\n<p class=\"lista\"><a href=\"\/assets\/fichas-tecnicas\/linea-g-88.pdf\" target=\"_blank\" class=\"botones\"><i class=\"fa fa-file\"><\/i>&nbsp;&nbsp; DESCARGA LA FICHA T\u00c9CNICA<\/a><\/p>\n<h5><strong>Descarga las fotos del producto<\/strong><\/h5>\n<div id=\"foto\">\n<div class=\"foto1\">\n<a href=\"\/assets\/img\/discos-g-88-300.zip\" class=\"btn-foto\" target=\"_blank\">300 dpis<\/a>\n<\/div>\n<div class=\"foto2\">\n<a href=\"\/assets\/img\/discos-g-88-150.zip\" class=\"btn-foto\" target=\"_blank\">150 dpis<\/a>\n<\/div>\n<div class=\"foto3\">\n<a href=\"\/assets\/img\/discos-g-88-72.zip\" class=\"btn-foto\" target=\"_blank\">72 dpis<\/a>\n<\/div>\n<\/div>\n<\/div>\n","protected":false},"featured_media":8763,"template":"","meta":{"site-sidebar-layout":"default","site-content-layout":"","ast-site-content-layout":"default","site-content-style":"default","site-sidebar-style":"default","ast-global-header-display":"","ast-banner-title-visibility":"","ast-main-header-display":"","ast-hfb-above-header-display":"","ast-hfb-below-header-display":"","ast-hfb-mobile-header-display":"","site-post-title":"","ast-breadcrumbs-content":"","ast-featured-img":"","footer-sml-layout":"","ast-disable-related-posts":"","theme-transparent-header-meta":"default","adv-header-id-meta":"","stick-header-meta":"","header-above-stick-meta":"","header-main-stick-meta":"","header-below-stick-meta":"","astra-migrate-meta-layouts":"set","ast-page-background-enabled":"default","ast-page-background-meta":{"desktop":{"background-color":"var(--ast-global-color-4)","background-image":"","background-repeat":"repeat","background-position":"center center","background-size":"auto","background-attachment":"scroll","background-type":"","background-media":"","overlay-type":"","overlay-color":"","overlay-opacity":"","overlay-gradient":""},"tablet":{"background-color":"","background-image":"","background-repeat":"repeat","background-position":"center center","background-size":"auto","background-attachment":"scroll","background-type":"","background-media":"","overlay-type":"","overlay-color":"","overlay-opacity":"","overlay-gradient":""},"mobile":{"background-color":"","background-image":"","background-repeat":"repeat","background-position":"center center","background-size":"auto","background-attachment":"scroll","background-type":"","background-media":"","overlay-type":"","overlay-color":"","overlay-opacity":"","overlay-gradient":""}},"ast-content-background-meta":{"desktop":{"background-color":"var(--ast-global-color-5)","background-image":"","background-repeat":"repeat","background-position":"center center","background-size":"auto","background-attachment":"scroll","background-type":"","background-media":"","overlay-type":"","overlay-color":"","overlay-opacity":"","overlay-gradient":""},"tablet":{"background-color":"var(--ast-global-color-5)","background-image":"","background-repeat":"repeat","background-position":"center center","background-size":"auto","background-attachment":"scroll","background-type":"","background-media":"","overlay-type":"","overlay-color":"","overlay-opacity":"","overlay-gradient":""},"mobile":{"background-color":"var(--ast-global-color-5)","background-image":"","background-repeat":"repeat","background-position":"center center","background-size":"auto","background-attachment":"scroll","background-type":"","background-media":"","overlay-type":"","overlay-color":"","overlay-opacity":"","overlay-gradient":""}}},"product_brand":[],"product_cat":[22,313,20,1124,1126],"product_tag":[],"class_list":{"0":"post-1816","1":"product","2":"type-product","3":"status-publish","4":"has-post-thumbnail","6":"product_cat-construccion-es","7":"product_cat-discos-de-fibra-es","8":"product_cat-herreria-es","9":"product_cat-metal-es","10":"product_cat-metal-no-ferroso","11":"desktop-align-center","12":"tablet-align-left","13":"mobile-align-center","15":"first","16":"instock","17":"shipping-taxable","18":"product-type-simple"},"yoast_head":"<!-- This site is optimized with the Yoast SEO plugin v27.2 - https:\/\/yoast.com\/product\/yoast-seo-wordpress\/ -->\n<title>Discos fibra G-88 Plus - FANDELI<\/title>\n<meta name=\"robots\" content=\"index, follow, max-snippet:-1, max-image-preview:large, max-video-preview:-1\" \/>\n<link rel=\"canonical\" href=\"https:\/\/fandeli.com\/usa\/es\/producto\/discos-fibra-g-88-plus\/\" \/>\n<meta property=\"og:locale\" content=\"es_MX\" \/>\n<meta property=\"og:type\" content=\"article\" \/>\n<meta property=\"og:title\" content=\"Discos fibra G-88 Plus - FANDELI\" \/>\n<meta property=\"og:description\" content=\"Aplicaciones   Operaciones de desbaste en metales donde se requiere un desbaste pesado y corte agresivo, adem\u00e1s de mayor fuerza y alta resistencia al calor. Dise\u00f1ados para remover cordones de soldadura y rebabas en piezas moldeadas, uniones, acabados intermedios y tareas de limpieza pesada en superficies met\u00e1licas, trabajos de lijado sobre metal y superficies a ser recubiertas en su acabado final. Este producto se emplea utilizando m\u00e1quina esmeriladora angular. Para lijado de piezas ba\u00f1adas de alg\u00fan material Para el trabajo en metales y desbaste pesado, utilice los grados 16, 24 o en grado 36. Para acabados moderados en metal y remoci\u00f3n de \u00f3xido, utilice los grados 50 y 60. Para acabados en placas de metal y remoci\u00f3n de capas de pintura, utilice los grados 80, 100 y 120. Para operaciones de desbaste, limpieza y remoci\u00f3n de rebabas de fibra de vidrio y pl\u00e1sticos, utilice los grados 36, 50 y 60.    Caracter\u00edsticas    Pr\u00e1ctico sistema central de fijaci\u00f3n para facilitar la operaci\u00f3n. Alto poder de corte y desbaste. Tama\u00f1os disponibles: 4\u201d, 4 1\/2\u201d, 5\u201d, 7\u201d y 9 1\/8\u201d de di\u00e1metro.    Aplicaciones y recomendaciones                   &nbsp;&nbsp; DESCARGA LA FICHA T\u00c9CNICA  Descarga las fotos del producto    300 dpis   150 dpis   72 dpis\" \/>\n<meta property=\"og:url\" content=\"https:\/\/fandeli.com\/usa\/es\/producto\/discos-fibra-g-88-plus\/\" \/>\n<meta property=\"og:site_name\" content=\"FANDELI\" \/>\n<meta property=\"article:modified_time\" content=\"2026-01-27T20:43:46+00:00\" \/>\n<meta property=\"og:image\" content=\"https:\/\/fandeli.com\/usa\/wp-content\/uploads\/2026\/01\/discos-g-88.jpg\" \/>\n\t<meta property=\"og:image:width\" content=\"800\" \/>\n\t<meta property=\"og:image:height\" content=\"800\" \/>\n\t<meta property=\"og:image:type\" content=\"image\/jpeg\" \/>\n<meta name=\"twitter:card\" content=\"summary_large_image\" \/>\n<meta name=\"twitter:label1\" content=\"Tiempo de lectura\" \/>\n\t<meta name=\"twitter:data1\" content=\"2 minutos\" \/>\n<script type=\"application\/ld+json\" class=\"yoast-schema-graph\">{\"@context\":\"https:\/\/schema.org\",\"@graph\":[{\"@type\":\"WebPage\",\"@id\":\"https:\/\/fandeli.com\/usa\/es\/producto\/discos-fibra-g-88-plus\/\",\"url\":\"https:\/\/fandeli.com\/usa\/es\/producto\/discos-fibra-g-88-plus\/\",\"name\":\"Discos fibra G-88 Plus - FANDELI\",\"isPartOf\":{\"@id\":\"https:\/\/fandeli.com\/usa\/#website\"},\"primaryImageOfPage\":{\"@id\":\"https:\/\/fandeli.com\/usa\/es\/producto\/discos-fibra-g-88-plus\/#primaryimage\"},\"image\":{\"@id\":\"https:\/\/fandeli.com\/usa\/es\/producto\/discos-fibra-g-88-plus\/#primaryimage\"},\"thumbnailUrl\":\"https:\/\/fandeli.com\/usa\/wp-content\/uploads\/2026\/01\/discos-g-88.jpg\",\"datePublished\":\"2024-11-25T18:43:19+00:00\",\"dateModified\":\"2026-01-27T20:43:46+00:00\",\"breadcrumb\":{\"@id\":\"https:\/\/fandeli.com\/usa\/es\/producto\/discos-fibra-g-88-plus\/#breadcrumb\"},\"inLanguage\":\"es\",\"potentialAction\":[{\"@type\":\"ReadAction\",\"target\":[\"https:\/\/fandeli.com\/usa\/es\/producto\/discos-fibra-g-88-plus\/\"]}]},{\"@type\":\"ImageObject\",\"inLanguage\":\"es\",\"@id\":\"https:\/\/fandeli.com\/usa\/es\/producto\/discos-fibra-g-88-plus\/#primaryimage\",\"url\":\"https:\/\/fandeli.com\/usa\/wp-content\/uploads\/2026\/01\/discos-g-88.jpg\",\"contentUrl\":\"https:\/\/fandeli.com\/usa\/wp-content\/uploads\/2026\/01\/discos-g-88.jpg\",\"width\":800,\"height\":800},{\"@type\":\"BreadcrumbList\",\"@id\":\"https:\/\/fandeli.com\/usa\/es\/producto\/discos-fibra-g-88-plus\/#breadcrumb\",\"itemListElement\":[{\"@type\":\"ListItem\",\"position\":1,\"name\":\"Portada\",\"item\":\"https:\/\/fandeli.com\/usa\/es\/inicio\/\"},{\"@type\":\"ListItem\",\"position\":2,\"name\":\"Tienda\",\"item\":\"https:\/\/fandeli.com\/usa\/es\/?page_id=13\"},{\"@type\":\"ListItem\",\"position\":3,\"name\":\"Discos fibra G-88 Plus\"}]},{\"@type\":\"WebSite\",\"@id\":\"https:\/\/fandeli.com\/usa\/#website\",\"url\":\"https:\/\/fandeli.com\/usa\/\",\"name\":\"FANDELI\",\"description\":\"FANDELI\",\"publisher\":{\"@id\":\"https:\/\/fandeli.com\/usa\/#organization\"},\"potentialAction\":[{\"@type\":\"SearchAction\",\"target\":{\"@type\":\"EntryPoint\",\"urlTemplate\":\"https:\/\/fandeli.com\/usa\/?s={search_term_string}\"},\"query-input\":{\"@type\":\"PropertyValueSpecification\",\"valueRequired\":true,\"valueName\":\"search_term_string\"}}],\"inLanguage\":\"es\"},{\"@type\":\"Organization\",\"@id\":\"https:\/\/fandeli.com\/usa\/#organization\",\"name\":\"FANDELI\",\"url\":\"https:\/\/fandeli.com\/usa\/\",\"logo\":{\"@type\":\"ImageObject\",\"inLanguage\":\"es\",\"@id\":\"https:\/\/fandeli.com\/usa\/#\/schema\/logo\/image\/\",\"url\":\"https:\/\/fandeli.com\/usa\/wp-content\/uploads\/2025\/12\/logo-fandeli-bco.svg\",\"contentUrl\":\"https:\/\/fandeli.com\/usa\/wp-content\/uploads\/2025\/12\/logo-fandeli-bco.svg\",\"width\":1486,\"height\":326,\"caption\":\"FANDELI\"},\"image\":{\"@id\":\"https:\/\/fandeli.com\/usa\/#\/schema\/logo\/image\/\"}}]}<\/script>\n<!-- \/ Yoast SEO plugin. -->","yoast_head_json":{"title":"Discos fibra G-88 Plus - FANDELI","robots":{"index":"index","follow":"follow","max-snippet":"max-snippet:-1","max-image-preview":"max-image-preview:large","max-video-preview":"max-video-preview:-1"},"canonical":"https:\/\/fandeli.com\/usa\/es\/producto\/discos-fibra-g-88-plus\/","og_locale":"es_MX","og_type":"article","og_title":"Discos fibra G-88 Plus - FANDELI","og_description":"Aplicaciones   Operaciones de desbaste en metales donde se requiere un desbaste pesado y corte agresivo, adem\u00e1s de mayor fuerza y alta resistencia al calor. Dise\u00f1ados para remover cordones de soldadura y rebabas en piezas moldeadas, uniones, acabados intermedios y tareas de limpieza pesada en superficies met\u00e1licas, trabajos de lijado sobre metal y superficies a ser recubiertas en su acabado final. Este producto se emplea utilizando m\u00e1quina esmeriladora angular. Para lijado de piezas ba\u00f1adas de alg\u00fan material Para el trabajo en metales y desbaste pesado, utilice los grados 16, 24 o en grado 36. Para acabados moderados en metal y remoci\u00f3n de \u00f3xido, utilice los grados 50 y 60. Para acabados en placas de metal y remoci\u00f3n de capas de pintura, utilice los grados 80, 100 y 120. Para operaciones de desbaste, limpieza y remoci\u00f3n de rebabas de fibra de vidrio y pl\u00e1sticos, utilice los grados 36, 50 y 60.    Caracter\u00edsticas    Pr\u00e1ctico sistema central de fijaci\u00f3n para facilitar la operaci\u00f3n. Alto poder de corte y desbaste. Tama\u00f1os disponibles: 4\u201d, 4 1\/2\u201d, 5\u201d, 7\u201d y 9 1\/8\u201d de di\u00e1metro.    Aplicaciones y recomendaciones                   &nbsp;&nbsp; DESCARGA LA FICHA T\u00c9CNICA  Descarga las fotos del producto    300 dpis   150 dpis   72 dpis","og_url":"https:\/\/fandeli.com\/usa\/es\/producto\/discos-fibra-g-88-plus\/","og_site_name":"FANDELI","article_modified_time":"2026-01-27T20:43:46+00:00","og_image":[{"width":800,"height":800,"url":"https:\/\/fandeli.com\/usa\/wp-content\/uploads\/2026\/01\/discos-g-88.jpg","type":"image\/jpeg"}],"twitter_card":"summary_large_image","twitter_misc":{"Tiempo de lectura":"2 minutos"},"schema":{"@context":"https:\/\/schema.org","@graph":[{"@type":"WebPage","@id":"https:\/\/fandeli.com\/usa\/es\/producto\/discos-fibra-g-88-plus\/","url":"https:\/\/fandeli.com\/usa\/es\/producto\/discos-fibra-g-88-plus\/","name":"Discos fibra G-88 Plus - FANDELI","isPartOf":{"@id":"https:\/\/fandeli.com\/usa\/#website"},"primaryImageOfPage":{"@id":"https:\/\/fandeli.com\/usa\/es\/producto\/discos-fibra-g-88-plus\/#primaryimage"},"image":{"@id":"https:\/\/fandeli.com\/usa\/es\/producto\/discos-fibra-g-88-plus\/#primaryimage"},"thumbnailUrl":"https:\/\/fandeli.com\/usa\/wp-content\/uploads\/2026\/01\/discos-g-88.jpg","datePublished":"2024-11-25T18:43:19+00:00","dateModified":"2026-01-27T20:43:46+00:00","breadcrumb":{"@id":"https:\/\/fandeli.com\/usa\/es\/producto\/discos-fibra-g-88-plus\/#breadcrumb"},"inLanguage":"es","potentialAction":[{"@type":"ReadAction","target":["https:\/\/fandeli.com\/usa\/es\/producto\/discos-fibra-g-88-plus\/"]}]},{"@type":"ImageObject","inLanguage":"es","@id":"https:\/\/fandeli.com\/usa\/es\/producto\/discos-fibra-g-88-plus\/#primaryimage","url":"https:\/\/fandeli.com\/usa\/wp-content\/uploads\/2026\/01\/discos-g-88.jpg","contentUrl":"https:\/\/fandeli.com\/usa\/wp-content\/uploads\/2026\/01\/discos-g-88.jpg","width":800,"height":800},{"@type":"BreadcrumbList","@id":"https:\/\/fandeli.com\/usa\/es\/producto\/discos-fibra-g-88-plus\/#breadcrumb","itemListElement":[{"@type":"ListItem","position":1,"name":"Portada","item":"https:\/\/fandeli.com\/usa\/es\/inicio\/"},{"@type":"ListItem","position":2,"name":"Tienda","item":"https:\/\/fandeli.com\/usa\/es\/?page_id=13"},{"@type":"ListItem","position":3,"name":"Discos fibra G-88 Plus"}]},{"@type":"WebSite","@id":"https:\/\/fandeli.com\/usa\/#website","url":"https:\/\/fandeli.com\/usa\/","name":"FANDELI","description":"FANDELI","publisher":{"@id":"https:\/\/fandeli.com\/usa\/#organization"},"potentialAction":[{"@type":"SearchAction","target":{"@type":"EntryPoint","urlTemplate":"https:\/\/fandeli.com\/usa\/?s={search_term_string}"},"query-input":{"@type":"PropertyValueSpecification","valueRequired":true,"valueName":"search_term_string"}}],"inLanguage":"es"},{"@type":"Organization","@id":"https:\/\/fandeli.com\/usa\/#organization","name":"FANDELI","url":"https:\/\/fandeli.com\/usa\/","logo":{"@type":"ImageObject","inLanguage":"es","@id":"https:\/\/fandeli.com\/usa\/#\/schema\/logo\/image\/","url":"https:\/\/fandeli.com\/usa\/wp-content\/uploads\/2025\/12\/logo-fandeli-bco.svg","contentUrl":"https:\/\/fandeli.com\/usa\/wp-content\/uploads\/2025\/12\/logo-fandeli-bco.svg","width":1486,"height":326,"caption":"FANDELI"},"image":{"@id":"https:\/\/fandeli.com\/usa\/#\/schema\/logo\/image\/"}}]}},"jetpack_sharing_enabled":true,"_links":{"self":[{"href":"https:\/\/fandeli.com\/usa\/wp-json\/wp\/v2\/product\/1816","targetHints":{"allow":["GET"]}}],"collection":[{"href":"https:\/\/fandeli.com\/usa\/wp-json\/wp\/v2\/product"}],"about":[{"href":"https:\/\/fandeli.com\/usa\/wp-json\/wp\/v2\/types\/product"}],"wp:featuredmedia":[{"embeddable":true,"href":"https:\/\/fandeli.com\/usa\/wp-json\/wp\/v2\/media\/8763"}],"wp:attachment":[{"href":"https:\/\/fandeli.com\/usa\/wp-json\/wp\/v2\/media?parent=1816"}],"wp:term":[{"taxonomy":"product_brand","embeddable":true,"href":"https:\/\/fandeli.com\/usa\/wp-json\/wp\/v2\/product_brand?post=1816"},{"taxonomy":"product_cat","embeddable":true,"href":"https:\/\/fandeli.com\/usa\/wp-json\/wp\/v2\/product_cat?post=1816"},{"taxonomy":"product_tag","embeddable":true,"href":"https:\/\/fandeli.com\/usa\/wp-json\/wp\/v2\/product_tag?post=1816"}],"curies":[{"name":"wp","href":"https:\/\/api.w.org\/{rel}","templated":true}]}}