{"id":1779,"date":"2024-11-25T16:18:58","date_gmt":"2024-11-25T16:18:58","guid":{"rendered":"https:\/\/fandeli.com\/usa\/?post_type=product&#038;p=1779"},"modified":"2026-01-27T20:48:54","modified_gmt":"2026-01-27T20:48:54","slug":"discos-de-corte-estandar","status":"publish","type":"product","link":"https:\/\/fandeli.com\/usa\/es\/producto\/discos-de-corte-estandar\/","title":{"rendered":"Discos de corte est\u00e1ndar"},"content":{"rendered":"<table cellspacing=\"0\" cellpadding=\"0\" class=\"tabla\">\n<tr>\n<td><strong>SKU<\/strong><\/td>\n<td><strong>L\u00cdNEA | APLICACI\u00d3N<\/strong><\/td>\n<td><strong>DIMENSIONES<\/strong><\/td>\n<td><strong>PULGS.<\/strong><\/td>\n<td><strong>CAJA<\/strong><\/td>\n<td><strong>EMPAQUE<\/strong><\/td>\n<\/tr>\n<tr>\n<td>74652<\/td>\n<td>DISCO DE CORTE EST\u00c1NDAR FANDELI METAL PRO   4\u00bd&quot;<\/td>\n<td>115mm x 1.0mm x 22.2mm<\/td>\n<td>4\u00bd&quot; x 3\/64&quot; x 7\/8&quot;<\/td>\n<td>400<\/td>\n<td>100<\/td>\n<\/tr>\n<tr>\n<td>72946<\/td>\n<td>DISCO DE CORTE EST\u00c1NDAR FANDELI METAL PRO 4\u00bd&quot;<\/td>\n<td>115mm x 2.8mm x 22.2mm<\/td>\n<td>4\u00bd&quot; x 7\/64&quot; x 7\/8&quot;<\/td>\n<td>200<\/td>\n<td>25<\/td>\n<\/tr>\n<tr>\n<td>72948<\/td>\n<td>DISCO DE CORTE EST\u00c1NDAR FANDELI INOX PRO 4\u00bd&quot;<\/td>\n<td>115mm x 2.8mm x 22.2mm<\/td>\n<td>4\u00bd&quot; x 7\/64&quot; x 7\/8&quot;<\/td>\n<td>240<\/td>\n<td>10<\/td>\n<\/tr>\n<tr>\n<td>72947<\/td>\n<td>DISCO DE CORTE EST\u00c1NDAR FANDELI METAL PRO 7&quot;<\/td>\n<td>180mm x 3.0mm x 22.2mm<\/td>\n<td>7&quot; x 1\/8&quot; x 7\/8&quot;<\/td>\n<td>100<\/td>\n<td>25<\/td>\n<\/tr>\n<tr>\n<td>74654<\/td>\n<td>DISCO DE CORTE EST\u00c1NDAR FANDELI METAL PRO 9&quot;<\/td>\n<td>230mm x 3.2mm x 22.2mm<\/td>\n<td>9&quot; x 1\/8&quot; x 7\/8&quot;<\/td>\n<td>50<\/td>\n<td>25<\/td>\n<\/tr>\n<tr>\n<td>74397<\/td>\n<td>DISCO DE CORTE EST\u00c1ND MET INOX PRO 4\u00bd<\/td>\n<td>115mm x 1.0mm x 22.2mm<\/td>\n<td>4\u00a0 1\/2&quot; x   3\/64&quot; x\u00a0 7\/8&quot;<\/td>\n<td>400<\/td>\n<td>100<\/td>\n<\/tr>\n<tr>\n<td>74400<\/td>\n<td>DISCO DE CORTE EST\u00c1ND MET INOX PRO 7&quot;<\/td>\n<td>180mm x 1.6mm x 22.2mm<\/td>\n<td>7&quot; x 1\/16&quot; x\u00a0   7\/8&quot;<\/td>\n<td>200<\/td>\n<td>50<\/td>\n<\/tr>\n<tr>\n<td>73741<\/td>\n<td>DISCO DE CORTE EST\u00c1ND MET INOX PRO 9&quot;<\/td>\n<td>230mm x 2.0mm x 22.2mm<\/td>\n<td>9&quot; x 5\/64&quot; x\u00a0   7\/8&quot;<\/td>\n<td>100<\/td>\n<td>25<\/td>\n<\/tr>\n<tr>\n<td>73742<\/td>\n<td>DISCO DE CORTE EST\u00c1NDAR FANDELI INOX PRO 9&quot;<\/td>\n<td>230mm x 2.0mm x 22.2mm<\/td>\n<td>9&quot; x 5\/64&quot; x\u00a0   7\/8&quot;<\/td>\n<td>100<\/td>\n<td>25<\/td>\n<\/tr>\n<tr>\n<td>73721<\/td>\n<td>DISCO DE CORTE EST\u00c1NDAR FANDELI METAL PRO 4\u00bd&quot;<\/td>\n<td>115mm x 2.5mm x 22.2mm<\/td>\n<td>4\u00a0 1\/2&quot; x   3\/32&quot; x\u00a0 7\/8&quot;<\/td>\n<td>200<\/td>\n<td>50<\/td>\n<\/tr>\n<tr>\n<td>73732<\/td>\n<td>DISCO DE CORTE EST\u00c1NDAR FANDELI METAL PRO 7&quot;<\/td>\n<td>180mm x 2.5mm x 22.2mm<\/td>\n<td>7&quot; x 3\/32&quot; x\u00a0   7\/8&quot;<\/td>\n<td>100<\/td>\n<td>50<\/td>\n<\/tr>\n<tr>\n<td>73743<\/td>\n<td>DISCO DE CORTE EST\u00c1NDAR FANDELI METAL PRO 9&quot;<\/td>\n<td>230mm x 2.5mm x 22.2mm<\/td>\n<td>9&quot; x 3\/32&quot; x\u00a0   7\/8&quot;<\/td>\n<td>50<\/td>\n<td>25<\/td>\n<\/tr>\n<\/table>\n","protected":false},"excerpt":{"rendered":"<p><strong>Aplicaciones<\/strong><\/p>\n<ul class=\"lista\">\n<li>Cortes precisos, r\u00e1pidos y silenciosos<\/li>\n<li>M\u00ednimo esfuerzo y desgaste de la m\u00e1quina<\/li>\n<li>Menos residuo<\/li>\n<li>Alta velocidad de corte<\/li>\n<li>Menor desperdicio<\/li>\n<li>Cortes limpios<\/li>\n<li>M\u00ednima rebaba y retrabajo<\/li>\n<\/ul>\n<p><strong>Caracter\u00edsticas<\/strong><\/p>\n<ul class=\"lista\">\n<li>Menor vibraci\u00f3n, mayor confort<\/li>\n<li>Refuerzos laterales de fibra de vidrio<\/li>\n<li>Libre de agentes contaminantes Fierro, Cloro y Azufre<\/li>\n<li>Bajo desgrane<\/li>\n<li>Larga vida \u00fatil<\/li>\n<li>Excelente relaci\u00f3n costo &#8211; beneficio<\/li>\n<\/ul>\n<p><strong>Aplicaciones y recomendaciones<\/strong><\/p>\n<p class=\"iconos\">\n<img decoding=\"async\" src=\"\/assets\/icons\/icon-esmeril-angular2.svg\" class=\"icono\" \/><br \/>\n<img decoding=\"async\" src=\"\/assets\/icons\/icon-seguridad.svg\" class=\"icono\" \/>\n<\/p>\n<div id=\"descarga\">\n<p class=\"lista\"><a href=\"\/assets\/fichas-tecnicas\/dc-profesional.pdf\" target=\"_blank\" class=\"botones\"><i class=\"fa fa-file\"><\/i>&nbsp;&nbsp; FICHA T\u00c9CNICA L\u00cdNEA PROFESIONAL<\/a><\/p>\n<h5><strong>Descarga las fotos del producto<\/strong><\/h5>\n<div id=\"foto\">\n<div class=\"foto1\">\n<a href=\"\/assets\/img\/asf_dc_300_comercial.zip\" class=\"btn-foto\" target=\"_blank\">300 dpis<\/a>\n<\/div>\n<div class=\"foto2\">\n<a href=\"\/assets\/img\/asf_dc_150_comercial.zip\" class=\"btn-foto\" target=\"_blank\">150 dpis<\/a>\n<\/div>\n<div class=\"foto3\">\n<a href=\"\/assets\/img\/asf_dc_72_comercial.zip\" class=\"btn-foto\" target=\"_blank\">72 dpis<\/a>\n<\/div>\n<\/div>\n<\/div>\n","protected":false},"featured_media":8703,"template":"","meta":{"site-sidebar-layout":"default","site-content-layout":"","ast-site-content-layout":"default","site-content-style":"default","site-sidebar-style":"default","ast-global-header-display":"","ast-banner-title-visibility":"","ast-main-header-display":"","ast-hfb-above-header-display":"","ast-hfb-below-header-display":"","ast-hfb-mobile-header-display":"","site-post-title":"","ast-breadcrumbs-content":"","ast-featured-img":"","footer-sml-layout":"","ast-disable-related-posts":"","theme-transparent-header-meta":"default","adv-header-id-meta":"","stick-header-meta":"","header-above-stick-meta":"","header-main-stick-meta":"","header-below-stick-meta":"","astra-migrate-meta-layouts":"set","ast-page-background-enabled":"default","ast-page-background-meta":{"desktop":{"background-color":"var(--ast-global-color-4)","background-image":"","background-repeat":"repeat","background-position":"center center","background-size":"auto","background-attachment":"scroll","background-type":"","background-media":"","overlay-type":"","overlay-color":"","overlay-opacity":"","overlay-gradient":""},"tablet":{"background-color":"","background-image":"","background-repeat":"repeat","background-position":"center center","background-size":"auto","background-attachment":"scroll","background-type":"","background-media":"","overlay-type":"","overlay-color":"","overlay-opacity":"","overlay-gradient":""},"mobile":{"background-color":"","background-image":"","background-repeat":"repeat","background-position":"center center","background-size":"auto","background-attachment":"scroll","background-type":"","background-media":"","overlay-type":"","overlay-color":"","overlay-opacity":"","overlay-gradient":""}},"ast-content-background-meta":{"desktop":{"background-color":"var(--ast-global-color-5)","background-image":"","background-repeat":"repeat","background-position":"center center","background-size":"auto","background-attachment":"scroll","background-type":"","background-media":"","overlay-type":"","overlay-color":"","overlay-opacity":"","overlay-gradient":""},"tablet":{"background-color":"var(--ast-global-color-5)","background-image":"","background-repeat":"repeat","background-position":"center center","background-size":"auto","background-attachment":"scroll","background-type":"","background-media":"","overlay-type":"","overlay-color":"","overlay-opacity":"","overlay-gradient":""},"mobile":{"background-color":"var(--ast-global-color-5)","background-image":"","background-repeat":"repeat","background-position":"center center","background-size":"auto","background-attachment":"scroll","background-type":"","background-media":"","overlay-type":"","overlay-color":"","overlay-opacity":"","overlay-gradient":""}}},"product_brand":[],"product_cat":[22,989,240,20,24,1124,1126,1133],"product_tag":[],"class_list":{"0":"post-1779","1":"product","2":"type-product","3":"status-publish","4":"has-post-thumbnail","6":"product_cat-construccion-es","7":"product_cat-discos-de-corte-estandar","8":"product_cat-discos-de-corte-y-desbaste","9":"product_cat-herreria-es","10":"product_cat-mantenimiento-es","11":"product_cat-metal-es","12":"product_cat-metal-no-ferroso","13":"product_cat-vidrio-es","14":"desktop-align-center","15":"tablet-align-left","16":"mobile-align-center","18":"first","19":"instock","20":"shipping-taxable","21":"product-type-simple"},"yoast_head":"<!-- This site is optimized with the Yoast SEO plugin v27.2 - https:\/\/yoast.com\/product\/yoast-seo-wordpress\/ -->\n<title>Discos de corte est\u00e1ndar - FANDELI<\/title>\n<meta name=\"robots\" content=\"index, follow, max-snippet:-1, max-image-preview:large, max-video-preview:-1\" \/>\n<link rel=\"canonical\" href=\"https:\/\/fandeli.com\/usa\/es\/producto\/discos-de-corte-estandar\/\" \/>\n<meta property=\"og:locale\" content=\"es_MX\" \/>\n<meta property=\"og:type\" content=\"article\" \/>\n<meta property=\"og:title\" content=\"Discos de corte est\u00e1ndar - FANDELI\" \/>\n<meta property=\"og:description\" content=\"Aplicaciones   Cortes precisos, r\u00e1pidos y silenciosos M\u00ednimo esfuerzo y desgaste de la m\u00e1quina Menos residuo Alta velocidad de corte Menor desperdicio Cortes limpios M\u00ednima rebaba y retrabajo   Caracter\u00edsticas    Menor vibraci\u00f3n, mayor confort Refuerzos laterales de fibra de vidrio Libre de agentes contaminantes Fierro, Cloro y Azufre Bajo desgrane Larga vida \u00fatil Excelente relaci\u00f3n costo - beneficio    Aplicaciones y recomendaciones           &nbsp;&nbsp; FICHA T\u00c9CNICA L\u00cdNEA PROFESIONAL  Descarga las fotos del producto    300 dpis   150 dpis   72 dpis\" \/>\n<meta property=\"og:url\" content=\"https:\/\/fandeli.com\/usa\/es\/producto\/discos-de-corte-estandar\/\" \/>\n<meta property=\"og:site_name\" content=\"FANDELI\" \/>\n<meta property=\"article:modified_time\" content=\"2026-01-27T20:48:54+00:00\" \/>\n<meta property=\"og:image\" content=\"https:\/\/fandeli.com\/usa\/wp-content\/uploads\/2026\/01\/DC.jpg\" \/>\n\t<meta property=\"og:image:width\" content=\"800\" \/>\n\t<meta property=\"og:image:height\" content=\"800\" \/>\n\t<meta property=\"og:image:type\" content=\"image\/jpeg\" \/>\n<meta name=\"twitter:card\" content=\"summary_large_image\" \/>\n<meta name=\"twitter:label1\" content=\"Tiempo de lectura\" \/>\n\t<meta name=\"twitter:data1\" content=\"2 minutos\" \/>\n<script type=\"application\/ld+json\" class=\"yoast-schema-graph\">{\"@context\":\"https:\/\/schema.org\",\"@graph\":[{\"@type\":\"WebPage\",\"@id\":\"https:\/\/fandeli.com\/usa\/es\/producto\/discos-de-corte-estandar\/\",\"url\":\"https:\/\/fandeli.com\/usa\/es\/producto\/discos-de-corte-estandar\/\",\"name\":\"Discos de corte est\u00e1ndar - FANDELI\",\"isPartOf\":{\"@id\":\"https:\/\/fandeli.com\/usa\/#website\"},\"primaryImageOfPage\":{\"@id\":\"https:\/\/fandeli.com\/usa\/es\/producto\/discos-de-corte-estandar\/#primaryimage\"},\"image\":{\"@id\":\"https:\/\/fandeli.com\/usa\/es\/producto\/discos-de-corte-estandar\/#primaryimage\"},\"thumbnailUrl\":\"https:\/\/fandeli.com\/usa\/wp-content\/uploads\/2026\/01\/DC.jpg\",\"datePublished\":\"2024-11-25T16:18:58+00:00\",\"dateModified\":\"2026-01-27T20:48:54+00:00\",\"breadcrumb\":{\"@id\":\"https:\/\/fandeli.com\/usa\/es\/producto\/discos-de-corte-estandar\/#breadcrumb\"},\"inLanguage\":\"es\",\"potentialAction\":[{\"@type\":\"ReadAction\",\"target\":[\"https:\/\/fandeli.com\/usa\/es\/producto\/discos-de-corte-estandar\/\"]}]},{\"@type\":\"ImageObject\",\"inLanguage\":\"es\",\"@id\":\"https:\/\/fandeli.com\/usa\/es\/producto\/discos-de-corte-estandar\/#primaryimage\",\"url\":\"https:\/\/fandeli.com\/usa\/wp-content\/uploads\/2026\/01\/DC.jpg\",\"contentUrl\":\"https:\/\/fandeli.com\/usa\/wp-content\/uploads\/2026\/01\/DC.jpg\",\"width\":800,\"height\":800},{\"@type\":\"BreadcrumbList\",\"@id\":\"https:\/\/fandeli.com\/usa\/es\/producto\/discos-de-corte-estandar\/#breadcrumb\",\"itemListElement\":[{\"@type\":\"ListItem\",\"position\":1,\"name\":\"Portada\",\"item\":\"https:\/\/fandeli.com\/usa\/es\/inicio\/\"},{\"@type\":\"ListItem\",\"position\":2,\"name\":\"Tienda\",\"item\":\"https:\/\/fandeli.com\/usa\/es\/?page_id=13\"},{\"@type\":\"ListItem\",\"position\":3,\"name\":\"Discos de corte est\u00e1ndar\"}]},{\"@type\":\"WebSite\",\"@id\":\"https:\/\/fandeli.com\/usa\/#website\",\"url\":\"https:\/\/fandeli.com\/usa\/\",\"name\":\"FANDELI\",\"description\":\"FANDELI\",\"publisher\":{\"@id\":\"https:\/\/fandeli.com\/usa\/#organization\"},\"potentialAction\":[{\"@type\":\"SearchAction\",\"target\":{\"@type\":\"EntryPoint\",\"urlTemplate\":\"https:\/\/fandeli.com\/usa\/?s={search_term_string}\"},\"query-input\":{\"@type\":\"PropertyValueSpecification\",\"valueRequired\":true,\"valueName\":\"search_term_string\"}}],\"inLanguage\":\"es\"},{\"@type\":\"Organization\",\"@id\":\"https:\/\/fandeli.com\/usa\/#organization\",\"name\":\"FANDELI\",\"url\":\"https:\/\/fandeli.com\/usa\/\",\"logo\":{\"@type\":\"ImageObject\",\"inLanguage\":\"es\",\"@id\":\"https:\/\/fandeli.com\/usa\/#\/schema\/logo\/image\/\",\"url\":\"https:\/\/fandeli.com\/usa\/wp-content\/uploads\/2025\/12\/logo-fandeli-bco.svg\",\"contentUrl\":\"https:\/\/fandeli.com\/usa\/wp-content\/uploads\/2025\/12\/logo-fandeli-bco.svg\",\"width\":1486,\"height\":326,\"caption\":\"FANDELI\"},\"image\":{\"@id\":\"https:\/\/fandeli.com\/usa\/#\/schema\/logo\/image\/\"}}]}<\/script>\n<!-- \/ Yoast SEO plugin. -->","yoast_head_json":{"title":"Discos de corte est\u00e1ndar - FANDELI","robots":{"index":"index","follow":"follow","max-snippet":"max-snippet:-1","max-image-preview":"max-image-preview:large","max-video-preview":"max-video-preview:-1"},"canonical":"https:\/\/fandeli.com\/usa\/es\/producto\/discos-de-corte-estandar\/","og_locale":"es_MX","og_type":"article","og_title":"Discos de corte est\u00e1ndar - FANDELI","og_description":"Aplicaciones   Cortes precisos, r\u00e1pidos y silenciosos M\u00ednimo esfuerzo y desgaste de la m\u00e1quina Menos residuo Alta velocidad de corte Menor desperdicio Cortes limpios M\u00ednima rebaba y retrabajo   Caracter\u00edsticas    Menor vibraci\u00f3n, mayor confort Refuerzos laterales de fibra de vidrio Libre de agentes contaminantes Fierro, Cloro y Azufre Bajo desgrane Larga vida \u00fatil Excelente relaci\u00f3n costo - beneficio    Aplicaciones y recomendaciones           &nbsp;&nbsp; FICHA T\u00c9CNICA L\u00cdNEA PROFESIONAL  Descarga las fotos del producto    300 dpis   150 dpis   72 dpis","og_url":"https:\/\/fandeli.com\/usa\/es\/producto\/discos-de-corte-estandar\/","og_site_name":"FANDELI","article_modified_time":"2026-01-27T20:48:54+00:00","og_image":[{"width":800,"height":800,"url":"https:\/\/fandeli.com\/usa\/wp-content\/uploads\/2026\/01\/DC.jpg","type":"image\/jpeg"}],"twitter_card":"summary_large_image","twitter_misc":{"Tiempo de lectura":"2 minutos"},"schema":{"@context":"https:\/\/schema.org","@graph":[{"@type":"WebPage","@id":"https:\/\/fandeli.com\/usa\/es\/producto\/discos-de-corte-estandar\/","url":"https:\/\/fandeli.com\/usa\/es\/producto\/discos-de-corte-estandar\/","name":"Discos de corte est\u00e1ndar - FANDELI","isPartOf":{"@id":"https:\/\/fandeli.com\/usa\/#website"},"primaryImageOfPage":{"@id":"https:\/\/fandeli.com\/usa\/es\/producto\/discos-de-corte-estandar\/#primaryimage"},"image":{"@id":"https:\/\/fandeli.com\/usa\/es\/producto\/discos-de-corte-estandar\/#primaryimage"},"thumbnailUrl":"https:\/\/fandeli.com\/usa\/wp-content\/uploads\/2026\/01\/DC.jpg","datePublished":"2024-11-25T16:18:58+00:00","dateModified":"2026-01-27T20:48:54+00:00","breadcrumb":{"@id":"https:\/\/fandeli.com\/usa\/es\/producto\/discos-de-corte-estandar\/#breadcrumb"},"inLanguage":"es","potentialAction":[{"@type":"ReadAction","target":["https:\/\/fandeli.com\/usa\/es\/producto\/discos-de-corte-estandar\/"]}]},{"@type":"ImageObject","inLanguage":"es","@id":"https:\/\/fandeli.com\/usa\/es\/producto\/discos-de-corte-estandar\/#primaryimage","url":"https:\/\/fandeli.com\/usa\/wp-content\/uploads\/2026\/01\/DC.jpg","contentUrl":"https:\/\/fandeli.com\/usa\/wp-content\/uploads\/2026\/01\/DC.jpg","width":800,"height":800},{"@type":"BreadcrumbList","@id":"https:\/\/fandeli.com\/usa\/es\/producto\/discos-de-corte-estandar\/#breadcrumb","itemListElement":[{"@type":"ListItem","position":1,"name":"Portada","item":"https:\/\/fandeli.com\/usa\/es\/inicio\/"},{"@type":"ListItem","position":2,"name":"Tienda","item":"https:\/\/fandeli.com\/usa\/es\/?page_id=13"},{"@type":"ListItem","position":3,"name":"Discos de corte est\u00e1ndar"}]},{"@type":"WebSite","@id":"https:\/\/fandeli.com\/usa\/#website","url":"https:\/\/fandeli.com\/usa\/","name":"FANDELI","description":"FANDELI","publisher":{"@id":"https:\/\/fandeli.com\/usa\/#organization"},"potentialAction":[{"@type":"SearchAction","target":{"@type":"EntryPoint","urlTemplate":"https:\/\/fandeli.com\/usa\/?s={search_term_string}"},"query-input":{"@type":"PropertyValueSpecification","valueRequired":true,"valueName":"search_term_string"}}],"inLanguage":"es"},{"@type":"Organization","@id":"https:\/\/fandeli.com\/usa\/#organization","name":"FANDELI","url":"https:\/\/fandeli.com\/usa\/","logo":{"@type":"ImageObject","inLanguage":"es","@id":"https:\/\/fandeli.com\/usa\/#\/schema\/logo\/image\/","url":"https:\/\/fandeli.com\/usa\/wp-content\/uploads\/2025\/12\/logo-fandeli-bco.svg","contentUrl":"https:\/\/fandeli.com\/usa\/wp-content\/uploads\/2025\/12\/logo-fandeli-bco.svg","width":1486,"height":326,"caption":"FANDELI"},"image":{"@id":"https:\/\/fandeli.com\/usa\/#\/schema\/logo\/image\/"}}]}},"jetpack_sharing_enabled":true,"_links":{"self":[{"href":"https:\/\/fandeli.com\/usa\/wp-json\/wp\/v2\/product\/1779","targetHints":{"allow":["GET"]}}],"collection":[{"href":"https:\/\/fandeli.com\/usa\/wp-json\/wp\/v2\/product"}],"about":[{"href":"https:\/\/fandeli.com\/usa\/wp-json\/wp\/v2\/types\/product"}],"wp:featuredmedia":[{"embeddable":true,"href":"https:\/\/fandeli.com\/usa\/wp-json\/wp\/v2\/media\/8703"}],"wp:attachment":[{"href":"https:\/\/fandeli.com\/usa\/wp-json\/wp\/v2\/media?parent=1779"}],"wp:term":[{"taxonomy":"product_brand","embeddable":true,"href":"https:\/\/fandeli.com\/usa\/wp-json\/wp\/v2\/product_brand?post=1779"},{"taxonomy":"product_cat","embeddable":true,"href":"https:\/\/fandeli.com\/usa\/wp-json\/wp\/v2\/product_cat?post=1779"},{"taxonomy":"product_tag","embeddable":true,"href":"https:\/\/fandeli.com\/usa\/wp-json\/wp\/v2\/product_tag?post=1779"}],"curies":[{"name":"wp","href":"https:\/\/api.w.org\/{rel}","templated":true}]}}