{"id":1749,"date":"2024-11-25T15:06:56","date_gmt":"2024-11-25T15:06:56","guid":{"rendered":"https:\/\/fandeli.com\/usa\/?post_type=product&#038;p=1749"},"modified":"2025-10-02T18:40:40","modified_gmt":"2025-10-02T18:40:40","slug":"discos-de-contacto-b080","status":"publish","type":"product","link":"https:\/\/fandeli.com\/usa\/es\/producto\/discos-de-contacto-b080\/","title":{"rendered":"Discos de contacto B080"},"content":{"rendered":"<table cellspacing=\"0\" cellpadding=\"0\" class=\"tabla\">\n<tr>\n<td><strong>SKU<\/strong><\/td>\n<td><strong>DESCRIPCI\u00d3N<\/strong><\/td>\n<td><strong>GRADO<\/strong><\/td>\n<td><strong>DIMENSIONES<\/strong><\/td>\n<td><strong>PERFORACIONES<\/strong><\/td>\n<td><strong>EMPAQUE<\/strong><\/td>\n<td><strong>CAJA<\/strong><\/td>\n<\/tr>\n<tr>\n<td>34100<\/td>\n<td>DISCO DE CONTACTO FANDELI B080 SPEEDKUT ROLLO PSA<\/td>\n<td>P800<\/td>\n<td>5&quot;<\/td>\n<td>0<\/td>\n<td>100<\/td>\n<td>400<\/td>\n<\/tr>\n<tr>\n<td>34101<\/td>\n<td>DISCO DE CONTACTO FANDELI   B080 SPEEDKUT ROLLO PSA<\/td>\n<td>P600<\/td>\n<td>5&quot;<\/td>\n<td>0<\/td>\n<td>100<\/td>\n<td>400<\/td>\n<\/tr>\n<tr>\n<td>34102<\/td>\n<td>DISCO DE CONTACTO FANDELI   B080 SPEEDKUT ROLLO PSA<\/td>\n<td>P400<\/td>\n<td>5&quot;<\/td>\n<td>0<\/td>\n<td>100<\/td>\n<td>400<\/td>\n<\/tr>\n<tr>\n<td>34103<\/td>\n<td>DISCO DE CONTACTO FANDELI   B080 SPEEDKUT ROLLO PSA<\/td>\n<td>P320<\/td>\n<td>5&quot;<\/td>\n<td>0<\/td>\n<td>100<\/td>\n<td>400<\/td>\n<\/tr>\n<tr>\n<td>34105<\/td>\n<td>DISCO DE CONTACTO FANDELI   B080 SPEEDKUT ROLLO PSA<\/td>\n<td>P220<\/td>\n<td>5&quot;<\/td>\n<td>0<\/td>\n<td>100<\/td>\n<td>400<\/td>\n<\/tr>\n<tr>\n<td>34106<\/td>\n<td>DISCO DE CONTACTO FANDELI   B080 SPEEDKUT ROLLO PSA<\/td>\n<td>P180<\/td>\n<td>5&quot;<\/td>\n<td>0<\/td>\n<td>100<\/td>\n<td>400<\/td>\n<\/tr>\n<tr>\n<td>34107<\/td>\n<td>DISCO DE CONTACTO FANDELI   B080 SPEEDKUT ROLLO PSA<\/td>\n<td>P150<\/td>\n<td>5&quot;<\/td>\n<td>0<\/td>\n<td>100<\/td>\n<td>400<\/td>\n<\/tr>\n<tr>\n<td>34108<\/td>\n<td>DISCO DE CONTACTO FANDELI   B080 SPEEDKUT ROLLO PSA<\/td>\n<td>P120<\/td>\n<td>5&quot;<\/td>\n<td>0<\/td>\n<td>100<\/td>\n<td>400<\/td>\n<\/tr>\n<tr>\n<td>34109<\/td>\n<td>DISCO DE CONTACTO FANDELI   B080 SPEEDKUT ROLLO PSA<\/td>\n<td>P100<\/td>\n<td>5&quot;<\/td>\n<td>0<\/td>\n<td>100<\/td>\n<td>400<\/td>\n<\/tr>\n<tr>\n<td>34110<\/td>\n<td>DISCO DE CONTACTO FANDELI   B080 SPEEDKUT ROLLO PSA<\/td>\n<td>P080<\/td>\n<td>5&quot;<\/td>\n<td>0<\/td>\n<td>100<\/td>\n<td>400<\/td>\n<\/tr>\n<tr>\n<td>34116<\/td>\n<td>DISCO DE CONTACTO FANDELI   B080 SPEEDKUT ROLLO PSA<\/td>\n<td>P320<\/td>\n<td>6&quot;<\/td>\n<td>0<\/td>\n<td>100<\/td>\n<td>400<\/td>\n<\/tr>\n<tr>\n<td>34119<\/td>\n<td>DISCO DE CONTACTO FANDELI   B080 SPEEDKUT ROLLO PSA<\/td>\n<td>P180<\/td>\n<td>6&quot;<\/td>\n<td>0<\/td>\n<td>100<\/td>\n<td>400<\/td>\n<\/tr>\n<tr>\n<td>34120<\/td>\n<td>DISCO DE CONTACTO FANDELI   B080 SPEEDKUT ROLLO PSA<\/td>\n<td>P150<\/td>\n<td>6&quot;<\/td>\n<td>0<\/td>\n<td>100<\/td>\n<td>400<\/td>\n<\/tr>\n<tr>\n<td>34121<\/td>\n<td>DISCO DE CONTACTO FANDELI   B080 SPEEDKUT ROLLO PSA<\/td>\n<td>P120<\/td>\n<td>6&quot;<\/td>\n<td>0<\/td>\n<td>100<\/td>\n<td>400<\/td>\n<\/tr>\n<tr>\n<td>34123<\/td>\n<td>DISCO DE CONTACTO FANDELI   B080 SPEEDKUT ROLLO PSA<\/td>\n<td>P080<\/td>\n<td>6&quot;<\/td>\n<td>0<\/td>\n<td>100<\/td>\n<td>400<\/td>\n<\/tr>\n<tr>\n<td>34138<\/td>\n<td>DISCO DE CONTACTO FANDELI   B080 SPEEDKUT PSA<\/td>\n<td>P120<\/td>\n<td>5&quot;<\/td>\n<td>0<\/td>\n<td>100<\/td>\n<td>400<\/td>\n<\/tr>\n<tr>\n<td>34159<\/td>\n<td>DISCO DE CONTACTO FANDELI   B080 SPEEDKUT PSA<\/td>\n<td>P080<\/td>\n<td>3&quot;<\/td>\n<td>0<\/td>\n<td>100<\/td>\n<td>400<\/td>\n<\/tr>\n<tr>\n<td>34167<\/td>\n<td>DISCO DE CONTACTO FANDELI   B080 SPEEDKUT PSA<\/td>\n<td>P320<\/td>\n<td>3&quot;<\/td>\n<td>0<\/td>\n<td>100<\/td>\n<td>400<\/td>\n<\/tr>\n<tr>\n<td>34181<\/td>\n<td>DISCO DE CONTACTO FANDELI   B080 SPEEDKUT PSA<\/td>\n<td>P150<\/td>\n<td>5&quot;<\/td>\n<td>0<\/td>\n<td>100<\/td>\n<td>400<\/td>\n<\/tr>\n<tr>\n<td>34183<\/td>\n<td>DISCO DE CONTACTO FANDELI   B080 SPEEDKUT PSA<\/td>\n<td>P100<\/td>\n<td>5&quot;<\/td>\n<td>0<\/td>\n<td>100<\/td>\n<td>400<\/td>\n<\/tr>\n<tr>\n<td>34185<\/td>\n<td>DISCO DE CONTACTO FANDELI   B080 SPEEDKUT PSA<\/td>\n<td>P180<\/td>\n<td>3&quot;<\/td>\n<td>0<\/td>\n<td>100<\/td>\n<td>400<\/td>\n<\/tr>\n<tr>\n<td>34191<\/td>\n<td>DISCO DE CONTACTO FANDELI   B080 SPEEDKUT PSA<\/td>\n<td>P800<\/td>\n<td>6&quot;<\/td>\n<td>0<\/td>\n<td>100<\/td>\n<td>400<\/td>\n<\/tr>\n<tr>\n<td>34192<\/td>\n<td>DISCO DE CONTACTO FANDELI   B080 SPEEDKUT PSA<\/td>\n<td>P600<\/td>\n<td>6&quot;<\/td>\n<td>0<\/td>\n<td>100<\/td>\n<td>400<\/td>\n<\/tr>\n<tr>\n<td>34193<\/td>\n<td>DISCO DE CONTACTO FANDELI   B080 SPEEDKUT PSA<\/td>\n<td>P400<\/td>\n<td>6&quot;<\/td>\n<td>0<\/td>\n<td>100<\/td>\n<td>400<\/td>\n<\/tr>\n<tr>\n<td>34194<\/td>\n<td>DISCO DE CONTACTO FANDELI   B080 SPEEDKUT PSA<\/td>\n<td>P320<\/td>\n<td>6&quot;<\/td>\n<td>0<\/td>\n<td>100<\/td>\n<td>400<\/td>\n<\/tr>\n<tr>\n<td>34197<\/td>\n<td>DISCO DE CONTACTO FANDELI   B080 SPEEDKUT PSA<\/td>\n<td>P180<\/td>\n<td>6&quot;<\/td>\n<td>0<\/td>\n<td>100<\/td>\n<td>400<\/td>\n<\/tr>\n<tr>\n<td>34201<\/td>\n<td>DISCO DE CONTACTO FANDELI   B080 SPEEDKUT PSA<\/td>\n<td>P080<\/td>\n<td>6&quot;<\/td>\n<td>0<\/td>\n<td>100<\/td>\n<td>400<\/td>\n<\/tr>\n<\/table>\n","protected":false},"excerpt":{"rendered":"<p><strong>Aplicaciones<\/strong><\/p>\n<ul class=\"lista\">\n<li>Trabajos de lijado en procesos de hojalater\u00eda para nivelar el contorno de la reparaci\u00f3n, como las zonas trabajadas con pastas y rellenadores enacabados finos o sobre madera natural y suave.<\/li>\n<li>Preparaci\u00f3n de la superficie para aplicaci\u00f3n de pasta de relleno, masilla de relleno, pl\u00e1sticos, pinturas, madera, barnices y lacas, dejando una superficie uniforme.<\/li>\n<li>Trabajos de lijado que requieren de acabados tersos.<\/li>\n<li>Operando speedkut con una m\u00e1quina lijadora orbital y\/o neum\u00e1tica, se eficientan considerablemente tanto los tiempos de trabajo, como la perfecci\u00f3n y homog\u00e9nidad de los acabados beneficiando directamente tanto la productividad y avance del trabajo as\u00ed como los tiempos de intervenci\u00f3n de todo operador.<\/li>\n<li>Manualmente puede utilizar se con un pad de soporte para discos.<\/li>\n<\/ul>\n<p><strong>Caracter\u00edsticas<\/strong><\/p>\n<ul class=\"lista\">\n<li>Sistema anti-tapado.<\/li>\n<li>Gran velocidad de corte y mayor rendimiento.<\/li>\n<li>Lijado en seco y en semih\u00famedo.<\/li>\n<li>Sistemas de anclaje: Gripit y PSA.<\/li>\n<li>Tama\u00f1os disponibles: 5\u201d y 6\u201d de di\u00e1metro, con y sin orificios de succi\u00f3n.<\/li>\n<\/ul>\n<p><strong>Aplicaciones y recomendaciones<\/strong><\/p>\n<p class=\"iconos\">\n<img decoding=\"async\" src=\"\/assets\/icons\/icon-lacas.svg\" class=\"icono\" \/><br \/>\n<img decoding=\"async\" src=\"\/assets\/icons\/icon-madera.svg\" class=\"icono\" \/><br \/>\n<img decoding=\"async\" src=\"\/assets\/icons\/icon-plastico.svg\" class=\"icono\" \/><br \/>\n<img decoding=\"async\" src=\"\/assets\/icons\/icon-discos-contacto-1.svg\" class=\"icono\" \/><br \/>\n<img decoding=\"async\" src=\"\/assets\/icons\/icon-discos-contacto-2.svg\" class=\"icono\" \/><br \/>\n<img decoding=\"async\" src=\"\/assets\/icons\/icon-discos-contacto-3.svg\" class=\"icono\" \/><br \/>\n<img decoding=\"async\" src=\"\/assets\/icons\/icon-discos-contacto-4.svg\" class=\"icono\" \/>\n<\/p>\n<div id=\"descarga\">\n<p class=\"lista\"><a href=\"\/assets\/fichas-tecnicas\/linea-b080.pdf\" target=\"_blank\" class=\"botones\"><i class=\"fa fa-file\"><\/i>&nbsp;&nbsp; DESCARGA LA FICHA T\u00c9CNICA<\/a><\/p>\n<h5><strong>Descarga las fotos del producto<\/strong><\/h5>\n<div id=\"foto\">\n<div class=\"foto1\">\n<a href=\"\/assets\/img\/discos-bw80-300.zip\" class=\"btn-foto\" target=\"_blank\">300 dpis<\/a>\n<\/div>\n<div class=\"foto2\">\n<a href=\"\/assets\/img\/discos-bw80-150.zip\" class=\"btn-foto\" target=\"_blank\">150 dpis<\/a>\n<\/div>\n<div class=\"foto3\">\n<a href=\"\/assets\/img\/discos-bw80-72.zip\" class=\"btn-foto\" target=\"_blank\">72 dpis<\/a>\n<\/div>\n<\/div>\n<\/div>\n","protected":false},"featured_media":1755,"template":"","meta":{"site-sidebar-layout":"default","site-content-layout":"","ast-site-content-layout":"default","site-content-style":"default","site-sidebar-style":"default","ast-global-header-display":"","ast-banner-title-visibility":"","ast-main-header-display":"","ast-hfb-above-header-display":"","ast-hfb-below-header-display":"","ast-hfb-mobile-header-display":"","site-post-title":"","ast-breadcrumbs-content":"","ast-featured-img":"","footer-sml-layout":"","ast-disable-related-posts":"","theme-transparent-header-meta":"default","adv-header-id-meta":"","stick-header-meta":"","header-above-stick-meta":"","header-main-stick-meta":"","header-below-stick-meta":"","astra-migrate-meta-layouts":"set","ast-page-background-enabled":"default","ast-page-background-meta":{"desktop":{"background-color":"var(--ast-global-color-4)","background-image":"","background-repeat":"repeat","background-position":"center center","background-size":"auto","background-attachment":"scroll","background-type":"","background-media":"","overlay-type":"","overlay-color":"","overlay-opacity":"","overlay-gradient":""},"tablet":{"background-color":"","background-image":"","background-repeat":"repeat","background-position":"center center","background-size":"auto","background-attachment":"scroll","background-type":"","background-media":"","overlay-type":"","overlay-color":"","overlay-opacity":"","overlay-gradient":""},"mobile":{"background-color":"","background-image":"","background-repeat":"repeat","background-position":"center center","background-size":"auto","background-attachment":"scroll","background-type":"","background-media":"","overlay-type":"","overlay-color":"","overlay-opacity":"","overlay-gradient":""}},"ast-content-background-meta":{"desktop":{"background-color":"var(--ast-global-color-5)","background-image":"","background-repeat":"repeat","background-position":"center center","background-size":"auto","background-attachment":"scroll","background-type":"","background-media":"","overlay-type":"","overlay-color":"","overlay-opacity":"","overlay-gradient":""},"tablet":{"background-color":"var(--ast-global-color-5)","background-image":"","background-repeat":"repeat","background-position":"center center","background-size":"auto","background-attachment":"scroll","background-type":"","background-media":"","overlay-type":"","overlay-color":"","overlay-opacity":"","overlay-gradient":""},"mobile":{"background-color":"var(--ast-global-color-5)","background-image":"","background-repeat":"repeat","background-position":"center center","background-size":"auto","background-attachment":"scroll","background-type":"","background-media":"","overlay-type":"","overlay-color":"","overlay-opacity":"","overlay-gradient":""}}},"product_brand":[],"product_cat":[19,370,414,1118,24,1122],"product_tag":[],"class_list":{"0":"post-1749","1":"product","2":"type-product","3":"status-publish","4":"has-post-thumbnail","6":"product_cat-carpinteria-es","7":"product_cat-discos-de-contacto-es","8":"product_cat-lacas-y-pintura","9":"product_cat-madera","10":"product_cat-mantenimiento-es","11":"product_cat-plastico-es","12":"desktop-align-center","13":"tablet-align-left","14":"mobile-align-center","16":"first","17":"instock","18":"shipping-taxable","19":"product-type-simple"},"yoast_head":"<!-- This site is optimized with the Yoast SEO plugin v27.2 - https:\/\/yoast.com\/product\/yoast-seo-wordpress\/ -->\n<title>Discos de contacto B080 - FANDELI<\/title>\n<meta name=\"robots\" content=\"index, follow, max-snippet:-1, max-image-preview:large, max-video-preview:-1\" \/>\n<link rel=\"canonical\" href=\"https:\/\/fandeli.com\/usa\/es\/producto\/discos-de-contacto-b080\/\" \/>\n<meta property=\"og:locale\" content=\"es_MX\" \/>\n<meta property=\"og:type\" content=\"article\" \/>\n<meta property=\"og:title\" content=\"Discos de contacto B080 - FANDELI\" \/>\n<meta property=\"og:description\" content=\"Aplicaciones   Trabajos de lijado en procesos de hojalater\u00eda para nivelar el contorno de la reparaci\u00f3n, como las zonas trabajadas con pastas y rellenadores enacabados finos o sobre madera natural y suave. Preparaci\u00f3n de la superficie para aplicaci\u00f3n de pasta de relleno, masilla de relleno, pl\u00e1sticos, pinturas, madera, barnices y lacas, dejando una superficie uniforme. Trabajos de lijado que requieren de acabados tersos. Operando speedkut con una m\u00e1quina lijadora orbital y\/o neum\u00e1tica, se eficientan considerablemente tanto los tiempos de trabajo, como la perfecci\u00f3n y homog\u00e9nidad de los acabados beneficiando directamente tanto la productividad y avance del trabajo as\u00ed como los tiempos de intervenci\u00f3n de todo operador. Manualmente puede utilizar se con un pad de soporte para discos.    Caracter\u00edsticas    Sistema anti-tapado. Gran velocidad de corte y mayor rendimiento. Lijado en seco y en semih\u00famedo. Sistemas de anclaje: Gripit y PSA. Tama\u00f1os disponibles: 5\u201d y 6\u201d de di\u00e1metro, con y sin orificios de succi\u00f3n.    Aplicaciones y recomendaciones                     &nbsp;&nbsp; DESCARGA LA FICHA T\u00c9CNICA  Descarga las fotos del producto   300 dpis   150 dpis   72 dpis\" \/>\n<meta property=\"og:url\" content=\"https:\/\/fandeli.com\/usa\/es\/producto\/discos-de-contacto-b080\/\" \/>\n<meta property=\"og:site_name\" content=\"FANDELI\" \/>\n<meta property=\"article:modified_time\" content=\"2025-10-02T18:40:40+00:00\" \/>\n<meta property=\"og:image\" content=\"https:\/\/fandeli.com\/usa\/wp-content\/uploads\/2024\/11\/discos-contacto-B080-1.jpg\" \/>\n\t<meta property=\"og:image:width\" content=\"800\" \/>\n\t<meta property=\"og:image:height\" content=\"800\" \/>\n\t<meta property=\"og:image:type\" content=\"image\/jpeg\" \/>\n<meta name=\"twitter:card\" content=\"summary_large_image\" \/>\n<meta name=\"twitter:label1\" content=\"Tiempo de lectura\" \/>\n\t<meta name=\"twitter:data1\" content=\"2 minutos\" \/>\n<script type=\"application\/ld+json\" class=\"yoast-schema-graph\">{\"@context\":\"https:\/\/schema.org\",\"@graph\":[{\"@type\":\"WebPage\",\"@id\":\"https:\/\/fandeli.com\/usa\/es\/producto\/discos-de-contacto-b080\/\",\"url\":\"https:\/\/fandeli.com\/usa\/es\/producto\/discos-de-contacto-b080\/\",\"name\":\"Discos de contacto B080 - FANDELI\",\"isPartOf\":{\"@id\":\"https:\/\/fandeli.com\/usa\/#website\"},\"primaryImageOfPage\":{\"@id\":\"https:\/\/fandeli.com\/usa\/es\/producto\/discos-de-contacto-b080\/#primaryimage\"},\"image\":{\"@id\":\"https:\/\/fandeli.com\/usa\/es\/producto\/discos-de-contacto-b080\/#primaryimage\"},\"thumbnailUrl\":\"https:\/\/fandeli.com\/usa\/wp-content\/uploads\/2024\/11\/discos-contacto-B080-1.jpg\",\"datePublished\":\"2024-11-25T15:06:56+00:00\",\"dateModified\":\"2025-10-02T18:40:40+00:00\",\"breadcrumb\":{\"@id\":\"https:\/\/fandeli.com\/usa\/es\/producto\/discos-de-contacto-b080\/#breadcrumb\"},\"inLanguage\":\"es\",\"potentialAction\":[{\"@type\":\"ReadAction\",\"target\":[\"https:\/\/fandeli.com\/usa\/es\/producto\/discos-de-contacto-b080\/\"]}]},{\"@type\":\"ImageObject\",\"inLanguage\":\"es\",\"@id\":\"https:\/\/fandeli.com\/usa\/es\/producto\/discos-de-contacto-b080\/#primaryimage\",\"url\":\"https:\/\/fandeli.com\/usa\/wp-content\/uploads\/2024\/11\/discos-contacto-B080-1.jpg\",\"contentUrl\":\"https:\/\/fandeli.com\/usa\/wp-content\/uploads\/2024\/11\/discos-contacto-B080-1.jpg\",\"width\":800,\"height\":800},{\"@type\":\"BreadcrumbList\",\"@id\":\"https:\/\/fandeli.com\/usa\/es\/producto\/discos-de-contacto-b080\/#breadcrumb\",\"itemListElement\":[{\"@type\":\"ListItem\",\"position\":1,\"name\":\"Portada\",\"item\":\"https:\/\/fandeli.com\/usa\/es\/inicio\/\"},{\"@type\":\"ListItem\",\"position\":2,\"name\":\"Tienda\",\"item\":\"https:\/\/fandeli.com\/usa\/es\/?page_id=13\"},{\"@type\":\"ListItem\",\"position\":3,\"name\":\"Discos de contacto B080\"}]},{\"@type\":\"WebSite\",\"@id\":\"https:\/\/fandeli.com\/usa\/#website\",\"url\":\"https:\/\/fandeli.com\/usa\/\",\"name\":\"FANDELI\",\"description\":\"FANDELI\",\"publisher\":{\"@id\":\"https:\/\/fandeli.com\/usa\/#organization\"},\"potentialAction\":[{\"@type\":\"SearchAction\",\"target\":{\"@type\":\"EntryPoint\",\"urlTemplate\":\"https:\/\/fandeli.com\/usa\/?s={search_term_string}\"},\"query-input\":{\"@type\":\"PropertyValueSpecification\",\"valueRequired\":true,\"valueName\":\"search_term_string\"}}],\"inLanguage\":\"es\"},{\"@type\":\"Organization\",\"@id\":\"https:\/\/fandeli.com\/usa\/#organization\",\"name\":\"FANDELI\",\"url\":\"https:\/\/fandeli.com\/usa\/\",\"logo\":{\"@type\":\"ImageObject\",\"inLanguage\":\"es\",\"@id\":\"https:\/\/fandeli.com\/usa\/#\/schema\/logo\/image\/\",\"url\":\"https:\/\/fandeli.com\/usa\/wp-content\/uploads\/2025\/12\/logo-fandeli-bco.svg\",\"contentUrl\":\"https:\/\/fandeli.com\/usa\/wp-content\/uploads\/2025\/12\/logo-fandeli-bco.svg\",\"width\":1486,\"height\":326,\"caption\":\"FANDELI\"},\"image\":{\"@id\":\"https:\/\/fandeli.com\/usa\/#\/schema\/logo\/image\/\"}}]}<\/script>\n<!-- \/ Yoast SEO plugin. -->","yoast_head_json":{"title":"Discos de contacto B080 - FANDELI","robots":{"index":"index","follow":"follow","max-snippet":"max-snippet:-1","max-image-preview":"max-image-preview:large","max-video-preview":"max-video-preview:-1"},"canonical":"https:\/\/fandeli.com\/usa\/es\/producto\/discos-de-contacto-b080\/","og_locale":"es_MX","og_type":"article","og_title":"Discos de contacto B080 - FANDELI","og_description":"Aplicaciones   Trabajos de lijado en procesos de hojalater\u00eda para nivelar el contorno de la reparaci\u00f3n, como las zonas trabajadas con pastas y rellenadores enacabados finos o sobre madera natural y suave. Preparaci\u00f3n de la superficie para aplicaci\u00f3n de pasta de relleno, masilla de relleno, pl\u00e1sticos, pinturas, madera, barnices y lacas, dejando una superficie uniforme. Trabajos de lijado que requieren de acabados tersos. Operando speedkut con una m\u00e1quina lijadora orbital y\/o neum\u00e1tica, se eficientan considerablemente tanto los tiempos de trabajo, como la perfecci\u00f3n y homog\u00e9nidad de los acabados beneficiando directamente tanto la productividad y avance del trabajo as\u00ed como los tiempos de intervenci\u00f3n de todo operador. Manualmente puede utilizar se con un pad de soporte para discos.    Caracter\u00edsticas    Sistema anti-tapado. Gran velocidad de corte y mayor rendimiento. Lijado en seco y en semih\u00famedo. Sistemas de anclaje: Gripit y PSA. Tama\u00f1os disponibles: 5\u201d y 6\u201d de di\u00e1metro, con y sin orificios de succi\u00f3n.    Aplicaciones y recomendaciones                     &nbsp;&nbsp; DESCARGA LA FICHA T\u00c9CNICA  Descarga las fotos del producto   300 dpis   150 dpis   72 dpis","og_url":"https:\/\/fandeli.com\/usa\/es\/producto\/discos-de-contacto-b080\/","og_site_name":"FANDELI","article_modified_time":"2025-10-02T18:40:40+00:00","og_image":[{"width":800,"height":800,"url":"https:\/\/fandeli.com\/usa\/wp-content\/uploads\/2024\/11\/discos-contacto-B080-1.jpg","type":"image\/jpeg"}],"twitter_card":"summary_large_image","twitter_misc":{"Tiempo de lectura":"2 minutos"},"schema":{"@context":"https:\/\/schema.org","@graph":[{"@type":"WebPage","@id":"https:\/\/fandeli.com\/usa\/es\/producto\/discos-de-contacto-b080\/","url":"https:\/\/fandeli.com\/usa\/es\/producto\/discos-de-contacto-b080\/","name":"Discos de contacto B080 - FANDELI","isPartOf":{"@id":"https:\/\/fandeli.com\/usa\/#website"},"primaryImageOfPage":{"@id":"https:\/\/fandeli.com\/usa\/es\/producto\/discos-de-contacto-b080\/#primaryimage"},"image":{"@id":"https:\/\/fandeli.com\/usa\/es\/producto\/discos-de-contacto-b080\/#primaryimage"},"thumbnailUrl":"https:\/\/fandeli.com\/usa\/wp-content\/uploads\/2024\/11\/discos-contacto-B080-1.jpg","datePublished":"2024-11-25T15:06:56+00:00","dateModified":"2025-10-02T18:40:40+00:00","breadcrumb":{"@id":"https:\/\/fandeli.com\/usa\/es\/producto\/discos-de-contacto-b080\/#breadcrumb"},"inLanguage":"es","potentialAction":[{"@type":"ReadAction","target":["https:\/\/fandeli.com\/usa\/es\/producto\/discos-de-contacto-b080\/"]}]},{"@type":"ImageObject","inLanguage":"es","@id":"https:\/\/fandeli.com\/usa\/es\/producto\/discos-de-contacto-b080\/#primaryimage","url":"https:\/\/fandeli.com\/usa\/wp-content\/uploads\/2024\/11\/discos-contacto-B080-1.jpg","contentUrl":"https:\/\/fandeli.com\/usa\/wp-content\/uploads\/2024\/11\/discos-contacto-B080-1.jpg","width":800,"height":800},{"@type":"BreadcrumbList","@id":"https:\/\/fandeli.com\/usa\/es\/producto\/discos-de-contacto-b080\/#breadcrumb","itemListElement":[{"@type":"ListItem","position":1,"name":"Portada","item":"https:\/\/fandeli.com\/usa\/es\/inicio\/"},{"@type":"ListItem","position":2,"name":"Tienda","item":"https:\/\/fandeli.com\/usa\/es\/?page_id=13"},{"@type":"ListItem","position":3,"name":"Discos de contacto B080"}]},{"@type":"WebSite","@id":"https:\/\/fandeli.com\/usa\/#website","url":"https:\/\/fandeli.com\/usa\/","name":"FANDELI","description":"FANDELI","publisher":{"@id":"https:\/\/fandeli.com\/usa\/#organization"},"potentialAction":[{"@type":"SearchAction","target":{"@type":"EntryPoint","urlTemplate":"https:\/\/fandeli.com\/usa\/?s={search_term_string}"},"query-input":{"@type":"PropertyValueSpecification","valueRequired":true,"valueName":"search_term_string"}}],"inLanguage":"es"},{"@type":"Organization","@id":"https:\/\/fandeli.com\/usa\/#organization","name":"FANDELI","url":"https:\/\/fandeli.com\/usa\/","logo":{"@type":"ImageObject","inLanguage":"es","@id":"https:\/\/fandeli.com\/usa\/#\/schema\/logo\/image\/","url":"https:\/\/fandeli.com\/usa\/wp-content\/uploads\/2025\/12\/logo-fandeli-bco.svg","contentUrl":"https:\/\/fandeli.com\/usa\/wp-content\/uploads\/2025\/12\/logo-fandeli-bco.svg","width":1486,"height":326,"caption":"FANDELI"},"image":{"@id":"https:\/\/fandeli.com\/usa\/#\/schema\/logo\/image\/"}}]}},"jetpack_sharing_enabled":true,"_links":{"self":[{"href":"https:\/\/fandeli.com\/usa\/wp-json\/wp\/v2\/product\/1749","targetHints":{"allow":["GET"]}}],"collection":[{"href":"https:\/\/fandeli.com\/usa\/wp-json\/wp\/v2\/product"}],"about":[{"href":"https:\/\/fandeli.com\/usa\/wp-json\/wp\/v2\/types\/product"}],"wp:featuredmedia":[{"embeddable":true,"href":"https:\/\/fandeli.com\/usa\/wp-json\/wp\/v2\/media\/1755"}],"wp:attachment":[{"href":"https:\/\/fandeli.com\/usa\/wp-json\/wp\/v2\/media?parent=1749"}],"wp:term":[{"taxonomy":"product_brand","embeddable":true,"href":"https:\/\/fandeli.com\/usa\/wp-json\/wp\/v2\/product_brand?post=1749"},{"taxonomy":"product_cat","embeddable":true,"href":"https:\/\/fandeli.com\/usa\/wp-json\/wp\/v2\/product_cat?post=1749"},{"taxonomy":"product_tag","embeddable":true,"href":"https:\/\/fandeli.com\/usa\/wp-json\/wp\/v2\/product_tag?post=1749"}],"curies":[{"name":"wp","href":"https:\/\/api.w.org\/{rel}","templated":true}]}}