{"id":1653,"date":"2024-11-23T17:07:36","date_gmt":"2024-11-23T17:07:36","guid":{"rendered":"https:\/\/fandeli.com\/usa\/?post_type=product&#038;p=1653"},"modified":"2026-01-27T20:53:02","modified_gmt":"2026-01-27T20:53:02","slug":"bloque-de-lija-powerflex","status":"publish","type":"product","link":"https:\/\/fandeli.com\/usa\/es\/producto\/bloque-de-lija-powerflex\/","title":{"rendered":"Bloque de lija Powerflex"},"content":{"rendered":"<table cellspacing=\"0\" cellpadding=\"0\" class=\"tabla\">\n<tr>\n<td><strong>SKU<\/strong><\/td>\n<td><strong>DESCRIPCI\u00d3N<\/strong><\/td>\n<td><strong>GRADO<\/strong><\/td>\n<td><strong>DIMENSIONES<\/strong><\/td>\n<td><strong>EMPAQUE<\/strong><\/td>\n<td><strong>CAJA<\/strong><\/td>\n<\/tr>\n<tr>\n<td>78431<\/td>\n<td>BLOQUE ABRASIVO  POWERFLEX FANDELI<\/td>\n<td>P80<\/td>\n<td>3&quot; X 5&quot;<\/td>\n<td>5<\/td>\n<td>30<\/td>\n<\/tr>\n<tr>\n<td>78432<\/td>\n<td>BLOQUE ABRASIVO  POWERFLEX FANDELI<\/td>\n<td>P180<\/td>\n<td>3&quot; X 5&quot;<\/td>\n<td>5<\/td>\n<td>30<\/td>\n<\/tr>\n<tr>\n<td>78433<\/td>\n<td>BLOQUE ABRASIVO  POWERFLEX FANDELI<\/td>\n<td>P320<\/td>\n<td>3&quot; X 5&quot;<\/td>\n<td>5<\/td>\n<td>30<\/td>\n<\/tr>\n<tr>\n<td>78434<\/td>\n<td>BLOQUE ABRASIVO  POWERFLEX FANDELI<\/td>\n<td>P400<\/td>\n<td>3&quot; X 5&quot;<\/td>\n<td>5<\/td>\n<td>30<\/td>\n<\/tr>\n<tr>\n<td>78435<\/td>\n<td>BLOQUE ABRASIVO  POWERFLEX FANDELI<\/td>\n<td>P1000<\/td>\n<td>3&quot; X 5&quot;<\/td>\n<td>5<\/td>\n<td>30<\/td>\n<\/tr>\n<tr>\n<td>78436<\/td>\n<td>BLOQUE ABRASIVO  POWERFLEX FANDELI<\/td>\n<td>P1500<\/td>\n<td>3&quot; X 5&quot;<\/td>\n<td>5<\/td>\n<td>30<\/td>\n<\/tr>\n<tr>\n<td>78437<\/td>\n<td>BLOQUE ABRASIVO  POWERFLEX FANDELI<\/td>\n<td>P2000<\/td>\n<td>3&quot; X 5&quot;<\/td>\n<td>5<\/td>\n<td>30<\/td>\n<\/tr>\n<\/table>\n","protected":false},"excerpt":{"rendered":"<p><strong>Aplicaciones<\/strong><\/p>\n<ul class=\"lista\">\n<li>Pr\u00e1ctico producto de usos m\u00faltiples, excelente para operaciones de desbaste y acabado intemedio.<\/li>\n<li>Acabado intermedio y final de madera en blanco. Producto de usos m\u00faltiples dise\u00f1ada para remover barnices, pinturas u \u00f3xido.<\/li>\n<li>Puede ser utilizada en acero inoxidable y al carb\u00f3n, aluminio, bronce y hierro forjado.<\/li>\n<li>Preparaci\u00f3n de paredes y p\u00e1neles, as\u00ed como remoci\u00f3n de yeso.<\/li>\n<\/ul>\n<p><strong>Caracter\u00edsticas<\/strong><\/p>\n<ul class=\"lista\">\n<li>El recubrimiento abrasivo en cuatro lados de la esponja incrementa su vida \u00fatil significativamente.<\/li>\n<li>Excelente opci\u00f3n para lijado manual.<\/li>\n<li>Estructura recta que permite el trabajo de lijado en \u00e1reas de dif\u00edcil acceso como son las esquinas \u00f3 figuras y formas con v\u00e9rtices y filos reducido rectos o muy estrechos.<\/li>\n<li>Puede utilizarse en h\u00famedo o en seco.<\/li>\n<li>La esponja puede ser lavada, secada y reutilizada.<\/li>\n<\/ul>\n<p><strong>Aplicaciones y recomendaciones<\/strong><\/p>\n<p class=\"iconos\">\n<img decoding=\"async\" src=\"https:\/\/fandeli.com\/assets\/icons\/icon-madera.svg\" class=\"icono\" \/><br \/>\n<img decoding=\"async\" src=\"https:\/\/fandeli.com\/assets\/icons\/icon-plastico.svg\" class=\"icono\" \/><br \/>\n<img decoding=\"async\" src=\"https:\/\/fandeli.com\/assets\/icons\/icon-lacas.svg\" class=\"icono\" \/><br \/>\n<img decoding=\"async\" src=\"https:\/\/fandeli.com\/assets\/icons\/icon-metal.svg\" class=\"icono\" \/><br \/>\n<img decoding=\"async\" src=\"https:\/\/fandeli.com\/assets\/icons\/icon-metal-noferroso.svg\" class=\"icono\" \/><br \/>\n<img decoding=\"async\" src=\"https:\/\/fandeli.com\/assets\/icons\/icon-uso-manual.svg\" class=\"icono\" \/><br \/>\n<img decoding=\"async\" src=\"https:\/\/fandeli.com\/assets\/icons\/icon-lijado-seco.svg\" class=\"icono\" \/><br \/>\n<img decoding=\"async\" src=\"https:\/\/fandeli.com\/assets\/icons\/icon-lijado-humedo.svg\" class=\"icono\" \/>\n<\/p>\n<div id=\"descarga\">\n<h5><strong>Descarga las fotos del producto<\/strong><\/h5>\n<div id=\"foto\">\n<div class=\"foto1\">\n<a href=\"\/assets\/img\/lija_esponja_300_dpis_comercial.zip\" class=\"btn-foto\" target=\"_blank\">300 dpis<\/a>\n<\/div>\n<div class=\"foto2\">\n<a href=\"\/assets\/img\/lija_esponja_300_dpis_comercial.zip\" class=\"btn-foto\" target=\"_blank\">150 dpis<\/a>\n<\/div>\n<div class=\"foto3\">\n<a href=\"\/assets\/img\/lija_esponja_300_dpis_comercial.zip\" class=\"btn-foto\" target=\"_blank\">72 dpis<\/a>\n<\/div>\n<\/div>\n<\/div>\n","protected":false},"featured_media":8698,"template":"","meta":{"site-sidebar-layout":"default","site-content-layout":"","ast-site-content-layout":"default","site-content-style":"default","site-sidebar-style":"default","ast-global-header-display":"","ast-banner-title-visibility":"","ast-main-header-display":"","ast-hfb-above-header-display":"","ast-hfb-below-header-display":"","ast-hfb-mobile-header-display":"","site-post-title":"","ast-breadcrumbs-content":"","ast-featured-img":"","footer-sml-layout":"","ast-disable-related-posts":"","theme-transparent-header-meta":"default","adv-header-id-meta":"","stick-header-meta":"","header-above-stick-meta":"","header-main-stick-meta":"","header-below-stick-meta":"","astra-migrate-meta-layouts":"set","ast-page-background-enabled":"default","ast-page-background-meta":{"desktop":{"background-color":"var(--ast-global-color-4)","background-image":"","background-repeat":"repeat","background-position":"center center","background-size":"auto","background-attachment":"scroll","background-type":"","background-media":"","overlay-type":"","overlay-color":"","overlay-opacity":"","overlay-gradient":""},"tablet":{"background-color":"","background-image":"","background-repeat":"repeat","background-position":"center center","background-size":"auto","background-attachment":"scroll","background-type":"","background-media":"","overlay-type":"","overlay-color":"","overlay-opacity":"","overlay-gradient":""},"mobile":{"background-color":"","background-image":"","background-repeat":"repeat","background-position":"center center","background-size":"auto","background-attachment":"scroll","background-type":"","background-media":"","overlay-type":"","overlay-color":"","overlay-opacity":"","overlay-gradient":""}},"ast-content-background-meta":{"desktop":{"background-color":"var(--ast-global-color-5)","background-image":"","background-repeat":"repeat","background-position":"center center","background-size":"auto","background-attachment":"scroll","background-type":"","background-media":"","overlay-type":"","overlay-color":"","overlay-opacity":"","overlay-gradient":""},"tablet":{"background-color":"var(--ast-global-color-5)","background-image":"","background-repeat":"repeat","background-position":"center center","background-size":"auto","background-attachment":"scroll","background-type":"","background-media":"","overlay-type":"","overlay-color":"","overlay-opacity":"","overlay-gradient":""},"mobile":{"background-color":"var(--ast-global-color-5)","background-image":"","background-repeat":"repeat","background-position":"center center","background-size":"auto","background-attachment":"scroll","background-type":"","background-media":"","overlay-type":"","overlay-color":"","overlay-opacity":"","overlay-gradient":""}}},"product_brand":[],"product_cat":[847,19,414,1118,24,1126,1122],"product_tag":[],"class_list":{"0":"post-1653","1":"product","2":"type-product","3":"status-publish","4":"has-post-thumbnail","6":"product_cat-almohadillas-y-bloques-de-lija-es","7":"product_cat-carpinteria-es","8":"product_cat-lacas-y-pintura","9":"product_cat-madera","10":"product_cat-mantenimiento-es","11":"product_cat-metal-no-ferroso","12":"product_cat-plastico-es","13":"desktop-align-center","14":"tablet-align-left","15":"mobile-align-center","17":"first","18":"instock","19":"shipping-taxable","20":"product-type-simple"},"yoast_head":"<!-- This site is optimized with the Yoast SEO plugin v27.2 - https:\/\/yoast.com\/product\/yoast-seo-wordpress\/ -->\n<title>Bloque de lija Powerflex - FANDELI<\/title>\n<meta name=\"robots\" content=\"index, follow, max-snippet:-1, max-image-preview:large, max-video-preview:-1\" \/>\n<link rel=\"canonical\" href=\"https:\/\/fandeli.com\/usa\/es\/producto\/bloque-de-lija-powerflex\/\" \/>\n<meta property=\"og:locale\" content=\"es_MX\" \/>\n<meta property=\"og:type\" content=\"article\" \/>\n<meta property=\"og:title\" content=\"Bloque de lija Powerflex - FANDELI\" \/>\n<meta property=\"og:description\" content=\"Aplicaciones   Pr\u00e1ctico producto de usos m\u00faltiples, excelente para operaciones de desbaste y acabado intemedio. Acabado intermedio y final de madera en blanco. Producto de usos m\u00faltiples dise\u00f1ada para remover barnices, pinturas u \u00f3xido. Puede ser utilizada en acero inoxidable y al carb\u00f3n, aluminio, bronce y hierro forjado. Preparaci\u00f3n de paredes y p\u00e1neles, as\u00ed como remoci\u00f3n de yeso.   Caracter\u00edsticas    El recubrimiento abrasivo en cuatro lados de la esponja incrementa su vida \u00fatil significativamente. Excelente opci\u00f3n para lijado manual. Estructura recta que permite el trabajo de lijado en \u00e1reas de dif\u00edcil acceso como son las esquinas \u00f3 figuras y formas con v\u00e9rtices y filos reducido rectos o muy estrechos. Puede utilizarse en h\u00famedo o en seco. La esponja puede ser lavada, secada y reutilizada.    Aplicaciones y recomendaciones                   Descarga las fotos del producto    300 dpis   150 dpis   72 dpis\" \/>\n<meta property=\"og:url\" content=\"https:\/\/fandeli.com\/usa\/es\/producto\/bloque-de-lija-powerflex\/\" \/>\n<meta property=\"og:site_name\" content=\"FANDELI\" \/>\n<meta property=\"article:modified_time\" content=\"2026-01-27T20:53:02+00:00\" \/>\n<meta property=\"og:image\" content=\"https:\/\/fandeli.com\/usa\/wp-content\/uploads\/2024\/11\/powerflex-1.jpg\" \/>\n\t<meta property=\"og:image:width\" content=\"800\" \/>\n\t<meta property=\"og:image:height\" content=\"800\" \/>\n\t<meta property=\"og:image:type\" content=\"image\/jpeg\" \/>\n<meta name=\"twitter:card\" content=\"summary_large_image\" \/>\n<meta name=\"twitter:label1\" content=\"Tiempo de lectura\" \/>\n\t<meta name=\"twitter:data1\" content=\"1 minuto\" \/>\n<script type=\"application\/ld+json\" class=\"yoast-schema-graph\">{\"@context\":\"https:\/\/schema.org\",\"@graph\":[{\"@type\":\"WebPage\",\"@id\":\"https:\/\/fandeli.com\/usa\/es\/producto\/bloque-de-lija-powerflex\/\",\"url\":\"https:\/\/fandeli.com\/usa\/es\/producto\/bloque-de-lija-powerflex\/\",\"name\":\"Bloque de lija Powerflex - FANDELI\",\"isPartOf\":{\"@id\":\"https:\/\/fandeli.com\/usa\/#website\"},\"primaryImageOfPage\":{\"@id\":\"https:\/\/fandeli.com\/usa\/es\/producto\/bloque-de-lija-powerflex\/#primaryimage\"},\"image\":{\"@id\":\"https:\/\/fandeli.com\/usa\/es\/producto\/bloque-de-lija-powerflex\/#primaryimage\"},\"thumbnailUrl\":\"https:\/\/fandeli.com\/usa\/wp-content\/uploads\/2024\/11\/powerflex-1.jpg\",\"datePublished\":\"2024-11-23T17:07:36+00:00\",\"dateModified\":\"2026-01-27T20:53:02+00:00\",\"breadcrumb\":{\"@id\":\"https:\/\/fandeli.com\/usa\/es\/producto\/bloque-de-lija-powerflex\/#breadcrumb\"},\"inLanguage\":\"es\",\"potentialAction\":[{\"@type\":\"ReadAction\",\"target\":[\"https:\/\/fandeli.com\/usa\/es\/producto\/bloque-de-lija-powerflex\/\"]}]},{\"@type\":\"ImageObject\",\"inLanguage\":\"es\",\"@id\":\"https:\/\/fandeli.com\/usa\/es\/producto\/bloque-de-lija-powerflex\/#primaryimage\",\"url\":\"https:\/\/fandeli.com\/usa\/wp-content\/uploads\/2024\/11\/powerflex-1.jpg\",\"contentUrl\":\"https:\/\/fandeli.com\/usa\/wp-content\/uploads\/2024\/11\/powerflex-1.jpg\",\"width\":800,\"height\":800},{\"@type\":\"BreadcrumbList\",\"@id\":\"https:\/\/fandeli.com\/usa\/es\/producto\/bloque-de-lija-powerflex\/#breadcrumb\",\"itemListElement\":[{\"@type\":\"ListItem\",\"position\":1,\"name\":\"Portada\",\"item\":\"https:\/\/fandeli.com\/usa\/es\/inicio\/\"},{\"@type\":\"ListItem\",\"position\":2,\"name\":\"Tienda\",\"item\":\"https:\/\/fandeli.com\/usa\/es\/?page_id=13\"},{\"@type\":\"ListItem\",\"position\":3,\"name\":\"Bloque de lija Powerflex\"}]},{\"@type\":\"WebSite\",\"@id\":\"https:\/\/fandeli.com\/usa\/#website\",\"url\":\"https:\/\/fandeli.com\/usa\/\",\"name\":\"FANDELI\",\"description\":\"FANDELI\",\"publisher\":{\"@id\":\"https:\/\/fandeli.com\/usa\/#organization\"},\"potentialAction\":[{\"@type\":\"SearchAction\",\"target\":{\"@type\":\"EntryPoint\",\"urlTemplate\":\"https:\/\/fandeli.com\/usa\/?s={search_term_string}\"},\"query-input\":{\"@type\":\"PropertyValueSpecification\",\"valueRequired\":true,\"valueName\":\"search_term_string\"}}],\"inLanguage\":\"es\"},{\"@type\":\"Organization\",\"@id\":\"https:\/\/fandeli.com\/usa\/#organization\",\"name\":\"FANDELI\",\"url\":\"https:\/\/fandeli.com\/usa\/\",\"logo\":{\"@type\":\"ImageObject\",\"inLanguage\":\"es\",\"@id\":\"https:\/\/fandeli.com\/usa\/#\/schema\/logo\/image\/\",\"url\":\"https:\/\/fandeli.com\/usa\/wp-content\/uploads\/2025\/12\/logo-fandeli-bco.svg\",\"contentUrl\":\"https:\/\/fandeli.com\/usa\/wp-content\/uploads\/2025\/12\/logo-fandeli-bco.svg\",\"width\":1486,\"height\":326,\"caption\":\"FANDELI\"},\"image\":{\"@id\":\"https:\/\/fandeli.com\/usa\/#\/schema\/logo\/image\/\"}}]}<\/script>\n<!-- \/ Yoast SEO plugin. -->","yoast_head_json":{"title":"Bloque de lija Powerflex - FANDELI","robots":{"index":"index","follow":"follow","max-snippet":"max-snippet:-1","max-image-preview":"max-image-preview:large","max-video-preview":"max-video-preview:-1"},"canonical":"https:\/\/fandeli.com\/usa\/es\/producto\/bloque-de-lija-powerflex\/","og_locale":"es_MX","og_type":"article","og_title":"Bloque de lija Powerflex - FANDELI","og_description":"Aplicaciones   Pr\u00e1ctico producto de usos m\u00faltiples, excelente para operaciones de desbaste y acabado intemedio. Acabado intermedio y final de madera en blanco. Producto de usos m\u00faltiples dise\u00f1ada para remover barnices, pinturas u \u00f3xido. Puede ser utilizada en acero inoxidable y al carb\u00f3n, aluminio, bronce y hierro forjado. Preparaci\u00f3n de paredes y p\u00e1neles, as\u00ed como remoci\u00f3n de yeso.   Caracter\u00edsticas    El recubrimiento abrasivo en cuatro lados de la esponja incrementa su vida \u00fatil significativamente. Excelente opci\u00f3n para lijado manual. Estructura recta que permite el trabajo de lijado en \u00e1reas de dif\u00edcil acceso como son las esquinas \u00f3 figuras y formas con v\u00e9rtices y filos reducido rectos o muy estrechos. Puede utilizarse en h\u00famedo o en seco. La esponja puede ser lavada, secada y reutilizada.    Aplicaciones y recomendaciones                   Descarga las fotos del producto    300 dpis   150 dpis   72 dpis","og_url":"https:\/\/fandeli.com\/usa\/es\/producto\/bloque-de-lija-powerflex\/","og_site_name":"FANDELI","article_modified_time":"2026-01-27T20:53:02+00:00","og_image":[{"width":800,"height":800,"url":"https:\/\/fandeli.com\/usa\/wp-content\/uploads\/2024\/11\/powerflex-1.jpg","type":"image\/jpeg"}],"twitter_card":"summary_large_image","twitter_misc":{"Tiempo de lectura":"1 minuto"},"schema":{"@context":"https:\/\/schema.org","@graph":[{"@type":"WebPage","@id":"https:\/\/fandeli.com\/usa\/es\/producto\/bloque-de-lija-powerflex\/","url":"https:\/\/fandeli.com\/usa\/es\/producto\/bloque-de-lija-powerflex\/","name":"Bloque de lija Powerflex - FANDELI","isPartOf":{"@id":"https:\/\/fandeli.com\/usa\/#website"},"primaryImageOfPage":{"@id":"https:\/\/fandeli.com\/usa\/es\/producto\/bloque-de-lija-powerflex\/#primaryimage"},"image":{"@id":"https:\/\/fandeli.com\/usa\/es\/producto\/bloque-de-lija-powerflex\/#primaryimage"},"thumbnailUrl":"https:\/\/fandeli.com\/usa\/wp-content\/uploads\/2024\/11\/powerflex-1.jpg","datePublished":"2024-11-23T17:07:36+00:00","dateModified":"2026-01-27T20:53:02+00:00","breadcrumb":{"@id":"https:\/\/fandeli.com\/usa\/es\/producto\/bloque-de-lija-powerflex\/#breadcrumb"},"inLanguage":"es","potentialAction":[{"@type":"ReadAction","target":["https:\/\/fandeli.com\/usa\/es\/producto\/bloque-de-lija-powerflex\/"]}]},{"@type":"ImageObject","inLanguage":"es","@id":"https:\/\/fandeli.com\/usa\/es\/producto\/bloque-de-lija-powerflex\/#primaryimage","url":"https:\/\/fandeli.com\/usa\/wp-content\/uploads\/2024\/11\/powerflex-1.jpg","contentUrl":"https:\/\/fandeli.com\/usa\/wp-content\/uploads\/2024\/11\/powerflex-1.jpg","width":800,"height":800},{"@type":"BreadcrumbList","@id":"https:\/\/fandeli.com\/usa\/es\/producto\/bloque-de-lija-powerflex\/#breadcrumb","itemListElement":[{"@type":"ListItem","position":1,"name":"Portada","item":"https:\/\/fandeli.com\/usa\/es\/inicio\/"},{"@type":"ListItem","position":2,"name":"Tienda","item":"https:\/\/fandeli.com\/usa\/es\/?page_id=13"},{"@type":"ListItem","position":3,"name":"Bloque de lija Powerflex"}]},{"@type":"WebSite","@id":"https:\/\/fandeli.com\/usa\/#website","url":"https:\/\/fandeli.com\/usa\/","name":"FANDELI","description":"FANDELI","publisher":{"@id":"https:\/\/fandeli.com\/usa\/#organization"},"potentialAction":[{"@type":"SearchAction","target":{"@type":"EntryPoint","urlTemplate":"https:\/\/fandeli.com\/usa\/?s={search_term_string}"},"query-input":{"@type":"PropertyValueSpecification","valueRequired":true,"valueName":"search_term_string"}}],"inLanguage":"es"},{"@type":"Organization","@id":"https:\/\/fandeli.com\/usa\/#organization","name":"FANDELI","url":"https:\/\/fandeli.com\/usa\/","logo":{"@type":"ImageObject","inLanguage":"es","@id":"https:\/\/fandeli.com\/usa\/#\/schema\/logo\/image\/","url":"https:\/\/fandeli.com\/usa\/wp-content\/uploads\/2025\/12\/logo-fandeli-bco.svg","contentUrl":"https:\/\/fandeli.com\/usa\/wp-content\/uploads\/2025\/12\/logo-fandeli-bco.svg","width":1486,"height":326,"caption":"FANDELI"},"image":{"@id":"https:\/\/fandeli.com\/usa\/#\/schema\/logo\/image\/"}}]}},"jetpack_sharing_enabled":true,"_links":{"self":[{"href":"https:\/\/fandeli.com\/usa\/wp-json\/wp\/v2\/product\/1653","targetHints":{"allow":["GET"]}}],"collection":[{"href":"https:\/\/fandeli.com\/usa\/wp-json\/wp\/v2\/product"}],"about":[{"href":"https:\/\/fandeli.com\/usa\/wp-json\/wp\/v2\/types\/product"}],"wp:featuredmedia":[{"embeddable":true,"href":"https:\/\/fandeli.com\/usa\/wp-json\/wp\/v2\/media\/8698"}],"wp:attachment":[{"href":"https:\/\/fandeli.com\/usa\/wp-json\/wp\/v2\/media?parent=1653"}],"wp:term":[{"taxonomy":"product_brand","embeddable":true,"href":"https:\/\/fandeli.com\/usa\/wp-json\/wp\/v2\/product_brand?post=1653"},{"taxonomy":"product_cat","embeddable":true,"href":"https:\/\/fandeli.com\/usa\/wp-json\/wp\/v2\/product_cat?post=1653"},{"taxonomy":"product_tag","embeddable":true,"href":"https:\/\/fandeli.com\/usa\/wp-json\/wp\/v2\/product_tag?post=1653"}],"curies":[{"name":"wp","href":"https:\/\/api.w.org\/{rel}","templated":true}]}}