{"id":1643,"date":"2024-11-23T15:27:15","date_gmt":"2024-11-23T15:27:15","guid":{"rendered":"https:\/\/fandeli.com\/usa\/?post_type=product&#038;p=1643"},"modified":"2026-01-27T20:56:48","modified_gmt":"2026-01-27T20:56:48","slug":"lija-para-madera-k-61","status":"publish","type":"product","link":"https:\/\/fandeli.com\/usa\/es\/producto\/lija-para-madera-k-61\/","title":{"rendered":"Lija para madera K-61"},"content":{"rendered":"<p><b>Lija para madera K-61<\/b> cuenta con grados para acabado grueso, mediano, fino y extra fino, como; lija para madera 80, lija 100 para madera, lija para madera 120, lija para madera 180, lija para madera 220. Ideales para lijado de pl\u00e1sticos y madera en blanco que requiere de acabados profesionales.<\/p>\n<table cellspacing=\"0\" cellpadding=\"0\" class=\"tabla\">\n<tr>\n<td><strong>SKU<\/strong><\/td>\n<td><strong>DESCRIPCI\u00d3N<\/strong><\/td>\n<td><strong>GRADO<\/strong><\/td>\n<td><strong>DIMENSIONES<\/strong><\/td>\n<td><strong>EMPAQUE<\/strong><\/td>\n<td><strong>CAJA<\/strong><\/td>\n<\/tr>\n<tr>\n<td>08328<\/td>\n<td>LIJA FANDELI K-61<\/td>\n<td>GRUESO<\/td>\n<td>9&rdquo; X 11&rdquo;<\/td>\n<td>25<\/td>\n<td>250<\/td>\n<\/tr>\n<tr>\n<td>08337<\/td>\n<td>LIJA FANDELI K-61<\/td>\n<td>FINE<\/td>\n<td>9&rdquo; X 11&rdquo;<\/td>\n<td>50<\/td>\n<td>500<\/td>\n<\/tr>\n<tr>\n<td>09582<\/td>\n<td>LIJA FANDELI K-61<\/td>\n<td>MED<\/td>\n<td>9&rdquo; X 11&rdquo;<\/td>\n<td>50<\/td>\n<td>500<\/td>\n<\/tr>\n<tr>\n<td>27894<\/td>\n<td>LIJA FANDELI K-61<\/td>\n<td>EXFINO<\/td>\n<td>9&rdquo; X 11&rdquo;<\/td>\n<td>50<\/td>\n<td>500<\/td>\n<\/tr>\n<tr>\n<td>36009<\/td>\n<td>LIJA FANDELI PACK K-61<\/td>\n<td>GRUESO<\/td>\n<td>9&rdquo; X 11&rdquo;<\/td>\n<td>25<\/td>\n<td>250<\/td>\n<\/tr>\n<tr>\n<td>36009<\/td>\n<td>LIJA FANDELI PACK K-61<\/td>\n<td>GRUESO<\/td>\n<td>9&rdquo; X 11&rdquo;<\/td>\n<td>25<\/td>\n<td>250<\/td>\n<\/tr>\n<tr>\n<td>36010<\/td>\n<td>LIJA FANDELI PACK K-61<\/td>\n<td>100<\/td>\n<td>9&rdquo; X 11&rdquo;<\/td>\n<td>25<\/td>\n<td>250<\/td>\n<\/tr>\n<tr>\n<td>36010<\/td>\n<td>LIJA FANDELI PACK K-61<\/td>\n<td>100<\/td>\n<td>9&rdquo; X 11&rdquo;<\/td>\n<td>25<\/td>\n<td>250<\/td>\n<\/tr>\n<tr>\n<td>36011<\/td>\n<td>LIJA FANDELI PACK K-61<\/td>\n<td>MED<\/td>\n<td>9&rdquo; X 11&rdquo;<\/td>\n<td>25<\/td>\n<td>250<\/td>\n<\/tr>\n<tr>\n<td>36014<\/td>\n<td>LIJA FANDELI PACK K-61<\/td>\n<td>EX-FINO<\/td>\n<td>9&rdquo; X 11&rdquo;<\/td>\n<td>25<\/td>\n<td>250<\/td>\n<\/tr>\n<tr>\n<td>36014<\/td>\n<td>LIJA FANDELI PACK K-61<\/td>\n<td>EX-FINO<\/td>\n<td>9&rdquo; X 11&rdquo;<\/td>\n<td>25<\/td>\n<td>250<\/td>\n<\/tr>\n<tr>\n<td>36803<\/td>\n<td>LIJA FANDELI PACK K-61<\/td>\n<td>EX-FINO<\/td>\n<td>9&rdquo; X 11&rdquo;<\/td>\n<td>25<\/td>\n<td>250<\/td>\n<\/tr>\n<tr>\n<td>36913<\/td>\n<td>LIJA FANDELI PACK K-61<\/td>\n<td>100\/220<\/td>\n<td>9&rdquo; X 11&rdquo;<\/td>\n<td>50<\/td>\n<td>500<\/td>\n<\/tr>\n<tr>\n<td>36938<\/td>\n<td>LIJA FANDELI PACK K-61<\/td>\n<td>60<\/td>\n<td>9&rdquo; X 11&rdquo;<\/td>\n<td>50<\/td>\n<td>500<\/td>\n<\/tr>\n<tr>\n<td>36939<\/td>\n<td>LIJA FANDELI PACK K-61<\/td>\n<td>100<\/td>\n<td>9&rdquo; X 11&rdquo;<\/td>\n<td>50<\/td>\n<td>500<\/td>\n<\/tr>\n<tr>\n<td>36940<\/td>\n<td>LIJA FANDELI PACK K-61<\/td>\n<td>MED<\/td>\n<td>9&rdquo; X 11&rdquo;<\/td>\n<td>50<\/td>\n<td>500<\/td>\n<\/tr>\n<tr>\n<td>36941<\/td>\n<td>LIJA FANDELI PACK K-61<\/td>\n<td>220<\/td>\n<td>9&rdquo; X 11&rdquo;<\/td>\n<td>50<\/td>\n<td>500<\/td>\n<\/tr>\n<\/table>\n","protected":false},"excerpt":{"rendered":"<p><strong>Aplicaciones de lija para madera<\/strong><\/p>\n<ul class=\"lista\">\n<li>La lija de madera es ideal para el lijado de pl\u00e1sticos y madera en blanco cuando se requiere un acabado profesional.<\/li>\n<li>La lija para madera es perfecta en trabajos donde el n\u00famero de lija para madera debe ajustarse al nivel de desbaste o acabado deseado.<\/li>\n<li>Gracias a los diferentes tipos de lijas para madera, esta lija de madera ofrece excelentes resultados tanto en pl\u00e1sticos como en madera, adapt\u00e1ndose a distintas necesidades de preparaci\u00f3n de superficie.<\/li>\n<\/ul>\n<p><strong>Caracter\u00edsticas de lija para madera<\/strong><\/p>\n<ul class=\"lista\">\n<li>El dorso de papel resistente de esta lija para madera extiende la vida \u00fatil del producto y mejora su desempe\u00f1o durante el trabajo.<\/li>\n<li>Su estructura cerrada proporciona un acabado uniforme, sin importar el n\u00famero de lija para madera, convirti\u00e9ndola en una de los m\u00e1s vers\u00e1tiles entre los tipos de lijas para madera.<\/li>\n<\/ul>\n<p><strong>Aplicaciones y recomendaciones<\/strong><\/p>\n<p class=\"iconos\">\n<img decoding=\"async\" src=\"https:\/\/fandeli.com\/assets\/icons\/icon-madera.svg\" class=\"icono\" alt=\"Lijado en madera con lija de madera FANDELI K-61, ideal para procesos de preparaci\u00f3n y acabado.\"\/><br \/>\n<img decoding=\"async\" src=\"https:\/\/fandeli.com\/assets\/icons\/icon-metal.svg\" class=\"icono\" alt=\"Lija para madera FANDELI K-61 utilizada en procesos sobre metal y otros materiales.\"\/><br \/>\n<img decoding=\"async\" src=\"https:\/\/fandeli.com\/assets\/icons\/icon-metal-noferroso.svg\" class=\"icono\" alt=\"Lija de madera FANDELI K-61 aplicada en metales no ferrosos y superficies mixtas.\" \/><br \/>\n<br \/>\n<img decoding=\"async\" src=\"https:\/\/fandeli.com\/assets\/icons\/icon-uso-lija.svg\" class=\"icono\" alt=\"Uso manual o con lijadora orbital de la lija para madera FANDELI K-61 en distintos formatos.\"\/><br \/>\n<img decoding=\"async\" src=\"https:\/\/fandeli.com\/assets\/icons\/icon-corte-hoja.svg\" class=\"icono\" alt=\"Opciones de corte de hoja de lija de madera FANDELI K-61 seg\u00fan el tipo de lijas para madera.\"\/>\n<\/p>\n<div id=\"descarga\">\n<p class=\"lista\"><a href=\"https:\/\/fandeli.com\/assets\/fichas-tecnicas\/FANDELI-ficha-tecnica-de-lija-para-madera-K-61.pdf\" target=\"_blank\" class=\"botones\"><i class=\"fa fa-file\"><\/i>&nbsp;&nbsp; DESCARGA LA FICHA T\u00c9CNICA<\/a><\/p>\n<h5><strong>Descarga las fotos del producto<\/strong><\/h5>\n<div id=\"foto\">\n<div class=\"foto1\">\n<a href=\"\/assets\/img\/hoja_k_61_300_dpis_comercial.zip\" class=\"btn-foto\" target=\"_blank\">300 dpis<\/a>\n<\/div>\n<div class=\"foto2\">\n<a href=\"\/assets\/img\/hoja_k_61_150_dpis_comercial.zip\" class=\"btn-foto\" target=\"_blank\">150 dpis<\/a>\n<\/div>\n<div class=\"foto3\">\n<a href=\"\/assets\/img\/hoja_k_61_72_dpis_comercial.zip\" class=\"btn-foto\" target=\"_blank\">72 dpis<\/a>\n<\/div>\n<\/div>\n<\/div>\n","protected":false},"featured_media":8825,"template":"","meta":{"site-sidebar-layout":"default","site-content-layout":"","ast-site-content-layout":"default","site-content-style":"default","site-sidebar-style":"default","ast-global-header-display":"","ast-banner-title-visibility":"","ast-main-header-display":"","ast-hfb-above-header-display":"","ast-hfb-below-header-display":"","ast-hfb-mobile-header-display":"","site-post-title":"","ast-breadcrumbs-content":"","ast-featured-img":"","footer-sml-layout":"","ast-disable-related-posts":"","theme-transparent-header-meta":"default","adv-header-id-meta":"","stick-header-meta":"","header-above-stick-meta":"","header-main-stick-meta":"","header-below-stick-meta":"","astra-migrate-meta-layouts":"set","ast-page-background-enabled":"default","ast-page-background-meta":{"desktop":{"background-color":"var(--ast-global-color-4)","background-image":"","background-repeat":"repeat","background-position":"center center","background-size":"auto","background-attachment":"scroll","background-type":"","background-media":"","overlay-type":"","overlay-color":"","overlay-opacity":"","overlay-gradient":""},"tablet":{"background-color":"","background-image":"","background-repeat":"repeat","background-position":"center center","background-size":"auto","background-attachment":"scroll","background-type":"","background-media":"","overlay-type":"","overlay-color":"","overlay-opacity":"","overlay-gradient":""},"mobile":{"background-color":"","background-image":"","background-repeat":"repeat","background-position":"center center","background-size":"auto","background-attachment":"scroll","background-type":"","background-media":"","overlay-type":"","overlay-color":"","overlay-opacity":"","overlay-gradient":""}},"ast-content-background-meta":{"desktop":{"background-color":"var(--ast-global-color-5)","background-image":"","background-repeat":"repeat","background-position":"center center","background-size":"auto","background-attachment":"scroll","background-type":"","background-media":"","overlay-type":"","overlay-color":"","overlay-opacity":"","overlay-gradient":""},"tablet":{"background-color":"var(--ast-global-color-5)","background-image":"","background-repeat":"repeat","background-position":"center center","background-size":"auto","background-attachment":"scroll","background-type":"","background-media":"","overlay-type":"","overlay-color":"","overlay-opacity":"","overlay-gradient":""},"mobile":{"background-color":"var(--ast-global-color-5)","background-image":"","background-repeat":"repeat","background-position":"center center","background-size":"auto","background-attachment":"scroll","background-type":"","background-media":"","overlay-type":"","overlay-color":"","overlay-opacity":"","overlay-gradient":""}}},"product_brand":[],"product_cat":[19,26,455,1118,24,1122],"product_tag":[],"class_list":{"0":"post-1643","1":"product","2":"type-product","3":"status-publish","4":"has-post-thumbnail","6":"product_cat-carpinteria-es","7":"product_cat-hogar-es","8":"product_cat-lijas-es","9":"product_cat-madera","10":"product_cat-mantenimiento-es","11":"product_cat-plastico-es","12":"desktop-align-center","13":"tablet-align-left","14":"mobile-align-center","16":"first","17":"instock","18":"shipping-taxable","19":"product-type-simple"},"yoast_head":"<!-- This site is optimized with the Yoast SEO plugin v27.2 - https:\/\/yoast.com\/product\/yoast-seo-wordpress\/ -->\n<title>Lija para madera K-61 - FANDELI<\/title>\n<meta name=\"description\" content=\"La lija de madera FANDELI K-61 ofrece un rendimiento profesional para preparar superficies gracias a su resistencia y acabado uniforme. Esta lija para madera se adapta a distintos procesos seg\u00fan el n\u00famero de lija para madera requerido, brindando resultados precisos en pl\u00e1sticos y madera.\" \/>\n<meta name=\"robots\" content=\"index, follow, max-snippet:-1, max-image-preview:large, max-video-preview:-1\" \/>\n<link rel=\"canonical\" href=\"https:\/\/fandeli.com\/usa\/es\/producto\/lija-para-madera-k-61\/\" \/>\n<meta property=\"og:locale\" content=\"es_MX\" \/>\n<meta property=\"og:type\" content=\"article\" \/>\n<meta property=\"og:title\" content=\"Lija para madera K-61 - FANDELI\" \/>\n<meta property=\"og:description\" content=\"La lija de madera FANDELI K-61 ofrece un rendimiento profesional para preparar superficies gracias a su resistencia y acabado uniforme. Esta lija para madera se adapta a distintos procesos seg\u00fan el n\u00famero de lija para madera requerido, brindando resultados precisos en pl\u00e1sticos y madera.\" \/>\n<meta property=\"og:url\" content=\"https:\/\/fandeli.com\/usa\/es\/producto\/lija-para-madera-k-61\/\" \/>\n<meta property=\"og:site_name\" content=\"FANDELI\" \/>\n<meta property=\"article:modified_time\" content=\"2026-01-27T20:56:48+00:00\" \/>\n<meta property=\"og:image\" content=\"https:\/\/fandeli.com\/usa\/wp-content\/uploads\/2024\/11\/lija-K-61-1.jpg\" \/>\n\t<meta property=\"og:image:width\" content=\"800\" \/>\n\t<meta property=\"og:image:height\" content=\"800\" \/>\n\t<meta property=\"og:image:type\" content=\"image\/jpeg\" \/>\n<meta name=\"twitter:card\" content=\"summary_large_image\" \/>\n<meta name=\"twitter:label1\" content=\"Tiempo de lectura\" \/>\n\t<meta name=\"twitter:data1\" content=\"2 minutos\" \/>\n<script type=\"application\/ld+json\" class=\"yoast-schema-graph\">{\"@context\":\"https:\/\/schema.org\",\"@graph\":[{\"@type\":\"WebPage\",\"@id\":\"https:\/\/fandeli.com\/usa\/es\/producto\/lija-para-madera-k-61\/\",\"url\":\"https:\/\/fandeli.com\/usa\/es\/producto\/lija-para-madera-k-61\/\",\"name\":\"Lija para madera K-61 - FANDELI\",\"isPartOf\":{\"@id\":\"https:\/\/fandeli.com\/usa\/#website\"},\"primaryImageOfPage\":{\"@id\":\"https:\/\/fandeli.com\/usa\/es\/producto\/lija-para-madera-k-61\/#primaryimage\"},\"image\":{\"@id\":\"https:\/\/fandeli.com\/usa\/es\/producto\/lija-para-madera-k-61\/#primaryimage\"},\"thumbnailUrl\":\"https:\/\/fandeli.com\/usa\/wp-content\/uploads\/2024\/11\/lija-K-61-1.jpg\",\"datePublished\":\"2024-11-23T15:27:15+00:00\",\"dateModified\":\"2026-01-27T20:56:48+00:00\",\"description\":\"La lija de madera FANDELI K-61 ofrece un rendimiento profesional para preparar superficies gracias a su resistencia y acabado uniforme. Esta lija para madera se adapta a distintos procesos seg\u00fan el n\u00famero de lija para madera requerido, brindando resultados precisos en pl\u00e1sticos y madera.\",\"breadcrumb\":{\"@id\":\"https:\/\/fandeli.com\/usa\/es\/producto\/lija-para-madera-k-61\/#breadcrumb\"},\"inLanguage\":\"es\",\"potentialAction\":[{\"@type\":\"ReadAction\",\"target\":[\"https:\/\/fandeli.com\/usa\/es\/producto\/lija-para-madera-k-61\/\"]}]},{\"@type\":\"ImageObject\",\"inLanguage\":\"es\",\"@id\":\"https:\/\/fandeli.com\/usa\/es\/producto\/lija-para-madera-k-61\/#primaryimage\",\"url\":\"https:\/\/fandeli.com\/usa\/wp-content\/uploads\/2024\/11\/lija-K-61-1.jpg\",\"contentUrl\":\"https:\/\/fandeli.com\/usa\/wp-content\/uploads\/2024\/11\/lija-K-61-1.jpg\",\"width\":800,\"height\":800},{\"@type\":\"BreadcrumbList\",\"@id\":\"https:\/\/fandeli.com\/usa\/es\/producto\/lija-para-madera-k-61\/#breadcrumb\",\"itemListElement\":[{\"@type\":\"ListItem\",\"position\":1,\"name\":\"Portada\",\"item\":\"https:\/\/fandeli.com\/usa\/es\/inicio\/\"},{\"@type\":\"ListItem\",\"position\":2,\"name\":\"Tienda\",\"item\":\"https:\/\/fandeli.com\/usa\/es\/?page_id=13\"},{\"@type\":\"ListItem\",\"position\":3,\"name\":\"Lija para madera K-61\"}]},{\"@type\":\"WebSite\",\"@id\":\"https:\/\/fandeli.com\/usa\/#website\",\"url\":\"https:\/\/fandeli.com\/usa\/\",\"name\":\"FANDELI\",\"description\":\"FANDELI\",\"publisher\":{\"@id\":\"https:\/\/fandeli.com\/usa\/#organization\"},\"potentialAction\":[{\"@type\":\"SearchAction\",\"target\":{\"@type\":\"EntryPoint\",\"urlTemplate\":\"https:\/\/fandeli.com\/usa\/?s={search_term_string}\"},\"query-input\":{\"@type\":\"PropertyValueSpecification\",\"valueRequired\":true,\"valueName\":\"search_term_string\"}}],\"inLanguage\":\"es\"},{\"@type\":\"Organization\",\"@id\":\"https:\/\/fandeli.com\/usa\/#organization\",\"name\":\"FANDELI\",\"url\":\"https:\/\/fandeli.com\/usa\/\",\"logo\":{\"@type\":\"ImageObject\",\"inLanguage\":\"es\",\"@id\":\"https:\/\/fandeli.com\/usa\/#\/schema\/logo\/image\/\",\"url\":\"https:\/\/fandeli.com\/usa\/wp-content\/uploads\/2025\/12\/logo-fandeli-bco.svg\",\"contentUrl\":\"https:\/\/fandeli.com\/usa\/wp-content\/uploads\/2025\/12\/logo-fandeli-bco.svg\",\"width\":1486,\"height\":326,\"caption\":\"FANDELI\"},\"image\":{\"@id\":\"https:\/\/fandeli.com\/usa\/#\/schema\/logo\/image\/\"}}]}<\/script>\n<!-- \/ Yoast SEO plugin. -->","yoast_head_json":{"title":"Lija para madera K-61 - FANDELI","description":"La lija de madera FANDELI K-61 ofrece un rendimiento profesional para preparar superficies gracias a su resistencia y acabado uniforme. Esta lija para madera se adapta a distintos procesos seg\u00fan el n\u00famero de lija para madera requerido, brindando resultados precisos en pl\u00e1sticos y madera.","robots":{"index":"index","follow":"follow","max-snippet":"max-snippet:-1","max-image-preview":"max-image-preview:large","max-video-preview":"max-video-preview:-1"},"canonical":"https:\/\/fandeli.com\/usa\/es\/producto\/lija-para-madera-k-61\/","og_locale":"es_MX","og_type":"article","og_title":"Lija para madera K-61 - FANDELI","og_description":"La lija de madera FANDELI K-61 ofrece un rendimiento profesional para preparar superficies gracias a su resistencia y acabado uniforme. Esta lija para madera se adapta a distintos procesos seg\u00fan el n\u00famero de lija para madera requerido, brindando resultados precisos en pl\u00e1sticos y madera.","og_url":"https:\/\/fandeli.com\/usa\/es\/producto\/lija-para-madera-k-61\/","og_site_name":"FANDELI","article_modified_time":"2026-01-27T20:56:48+00:00","og_image":[{"width":800,"height":800,"url":"https:\/\/fandeli.com\/usa\/wp-content\/uploads\/2024\/11\/lija-K-61-1.jpg","type":"image\/jpeg"}],"twitter_card":"summary_large_image","twitter_misc":{"Tiempo de lectura":"2 minutos"},"schema":{"@context":"https:\/\/schema.org","@graph":[{"@type":"WebPage","@id":"https:\/\/fandeli.com\/usa\/es\/producto\/lija-para-madera-k-61\/","url":"https:\/\/fandeli.com\/usa\/es\/producto\/lija-para-madera-k-61\/","name":"Lija para madera K-61 - FANDELI","isPartOf":{"@id":"https:\/\/fandeli.com\/usa\/#website"},"primaryImageOfPage":{"@id":"https:\/\/fandeli.com\/usa\/es\/producto\/lija-para-madera-k-61\/#primaryimage"},"image":{"@id":"https:\/\/fandeli.com\/usa\/es\/producto\/lija-para-madera-k-61\/#primaryimage"},"thumbnailUrl":"https:\/\/fandeli.com\/usa\/wp-content\/uploads\/2024\/11\/lija-K-61-1.jpg","datePublished":"2024-11-23T15:27:15+00:00","dateModified":"2026-01-27T20:56:48+00:00","description":"La lija de madera FANDELI K-61 ofrece un rendimiento profesional para preparar superficies gracias a su resistencia y acabado uniforme. Esta lija para madera se adapta a distintos procesos seg\u00fan el n\u00famero de lija para madera requerido, brindando resultados precisos en pl\u00e1sticos y madera.","breadcrumb":{"@id":"https:\/\/fandeli.com\/usa\/es\/producto\/lija-para-madera-k-61\/#breadcrumb"},"inLanguage":"es","potentialAction":[{"@type":"ReadAction","target":["https:\/\/fandeli.com\/usa\/es\/producto\/lija-para-madera-k-61\/"]}]},{"@type":"ImageObject","inLanguage":"es","@id":"https:\/\/fandeli.com\/usa\/es\/producto\/lija-para-madera-k-61\/#primaryimage","url":"https:\/\/fandeli.com\/usa\/wp-content\/uploads\/2024\/11\/lija-K-61-1.jpg","contentUrl":"https:\/\/fandeli.com\/usa\/wp-content\/uploads\/2024\/11\/lija-K-61-1.jpg","width":800,"height":800},{"@type":"BreadcrumbList","@id":"https:\/\/fandeli.com\/usa\/es\/producto\/lija-para-madera-k-61\/#breadcrumb","itemListElement":[{"@type":"ListItem","position":1,"name":"Portada","item":"https:\/\/fandeli.com\/usa\/es\/inicio\/"},{"@type":"ListItem","position":2,"name":"Tienda","item":"https:\/\/fandeli.com\/usa\/es\/?page_id=13"},{"@type":"ListItem","position":3,"name":"Lija para madera K-61"}]},{"@type":"WebSite","@id":"https:\/\/fandeli.com\/usa\/#website","url":"https:\/\/fandeli.com\/usa\/","name":"FANDELI","description":"FANDELI","publisher":{"@id":"https:\/\/fandeli.com\/usa\/#organization"},"potentialAction":[{"@type":"SearchAction","target":{"@type":"EntryPoint","urlTemplate":"https:\/\/fandeli.com\/usa\/?s={search_term_string}"},"query-input":{"@type":"PropertyValueSpecification","valueRequired":true,"valueName":"search_term_string"}}],"inLanguage":"es"},{"@type":"Organization","@id":"https:\/\/fandeli.com\/usa\/#organization","name":"FANDELI","url":"https:\/\/fandeli.com\/usa\/","logo":{"@type":"ImageObject","inLanguage":"es","@id":"https:\/\/fandeli.com\/usa\/#\/schema\/logo\/image\/","url":"https:\/\/fandeli.com\/usa\/wp-content\/uploads\/2025\/12\/logo-fandeli-bco.svg","contentUrl":"https:\/\/fandeli.com\/usa\/wp-content\/uploads\/2025\/12\/logo-fandeli-bco.svg","width":1486,"height":326,"caption":"FANDELI"},"image":{"@id":"https:\/\/fandeli.com\/usa\/#\/schema\/logo\/image\/"}}]}},"jetpack_sharing_enabled":true,"_links":{"self":[{"href":"https:\/\/fandeli.com\/usa\/wp-json\/wp\/v2\/product\/1643","targetHints":{"allow":["GET"]}}],"collection":[{"href":"https:\/\/fandeli.com\/usa\/wp-json\/wp\/v2\/product"}],"about":[{"href":"https:\/\/fandeli.com\/usa\/wp-json\/wp\/v2\/types\/product"}],"wp:featuredmedia":[{"embeddable":true,"href":"https:\/\/fandeli.com\/usa\/wp-json\/wp\/v2\/media\/8825"}],"wp:attachment":[{"href":"https:\/\/fandeli.com\/usa\/wp-json\/wp\/v2\/media?parent=1643"}],"wp:term":[{"taxonomy":"product_brand","embeddable":true,"href":"https:\/\/fandeli.com\/usa\/wp-json\/wp\/v2\/product_brand?post=1643"},{"taxonomy":"product_cat","embeddable":true,"href":"https:\/\/fandeli.com\/usa\/wp-json\/wp\/v2\/product_cat?post=1643"},{"taxonomy":"product_tag","embeddable":true,"href":"https:\/\/fandeli.com\/usa\/wp-json\/wp\/v2\/product_tag?post=1643"}],"curies":[{"name":"wp","href":"https:\/\/api.w.org\/{rel}","templated":true}]}}