{"id":1521,"date":"2024-11-21T16:11:14","date_gmt":"2024-11-21T16:11:14","guid":{"rendered":"https:\/\/fandeli.com\/usa\/?post_type=product&#038;p=1521"},"modified":"2026-01-27T21:20:22","modified_gmt":"2026-01-27T21:20:22","slug":"lija-para-madera-a080","status":"publish","type":"product","link":"https:\/\/fandeli.com\/usa\/es\/producto\/lija-para-madera-a080\/","title":{"rendered":"Lija para madera A080"},"content":{"rendered":"<p><b>Lija para madera A080 <\/b> cuenta con grados para acabado mediano, fino y extra fino, como; lija para madera 80, lija 100 para madera, lija para madera 120, lija para madera 180, lija para madera 220, ideales para superficies de madera en blanco o con recubrimientos.<\/p>\n<table cellspacing=\"0\" cellpadding=\"0\" class=\"tabla\">\n<tr>\n<td><strong>SKU<\/strong><\/td>\n<td><strong>DESCRIPCI\u00d3N<\/strong><\/td>\n<td><strong>GRADO<\/strong><\/td>\n<td><strong>DIMENSIONES<\/strong><\/td>\n<td><strong>EMPAQUE<\/strong><\/td>\n<td><strong>CAJA<\/strong><\/td>\n<\/tr>\n<tr>\n<td>30038<\/td>\n<td>LIJA FANDELI A080<\/td>\n<td>400P<\/td>\n<td>9&rdquo; X 11&rdquo;<\/td>\n<td>50<\/td>\n<td>250<\/td>\n<\/tr>\n<tr>\n<td>30039<\/td>\n<td>LIJA FANDELI A080<\/td>\n<td>320P<\/td>\n<td>9&rdquo; X 11&rdquo;<\/td>\n<td>100<\/td>\n<td>500<\/td>\n<\/tr>\n<tr>\n<td>30042<\/td>\n<td>LIJA FANDELI A080<\/td>\n<td>220P<\/td>\n<td>9&rdquo; X 11&rdquo;<\/td>\n<td>100<\/td>\n<td>500<\/td>\n<\/tr>\n<tr>\n<td>30043<\/td>\n<td>LIJA FANDELI A080<\/td>\n<td>180P<\/td>\n<td>9&rdquo; X 11&rdquo;<\/td>\n<td>100<\/td>\n<td>500<\/td>\n<\/tr>\n<tr>\n<td>30044<\/td>\n<td>LIJA FANDELI A080<\/td>\n<td>150P<\/td>\n<td>9&rdquo; X 11&rdquo;<\/td>\n<td>100<\/td>\n<td>500<\/td>\n<\/tr>\n<tr>\n<td>30045<\/td>\n<td>LIJA FANDELI A080<\/td>\n<td>120P<\/td>\n<td>9&rdquo; X 11&rdquo;<\/td>\n<td>100<\/td>\n<td>500<\/td>\n<\/tr>\n<tr>\n<td>30046<\/td>\n<td>LIJA FANDELI A080<\/td>\n<td>100P<\/td>\n<td>9&rdquo; X 11&rdquo;<\/td>\n<td>100<\/td>\n<td>500<\/td>\n<\/tr>\n<tr>\n<td>30047<\/td>\n<td>LIJA FANDELI A080<\/td>\n<td>080P<\/td>\n<td>9&rdquo; X 11&rdquo;<\/td>\n<td>100<\/td>\n<td>500<\/td>\n<\/tr>\n<\/table>\n","protected":false},"excerpt":{"rendered":"<p><strong>Aplicaciones de lija para madera<\/strong><\/p>\n<ul class=\"lista\">\n<li>La lija de madera es ideal para operaciones de lijado en seco y acabado de superficies de madera en blanco o con recubrimientos.<\/li>\n<li>Puede utilizarse manualmente o con m\u00e1quinas lijadoras, adapt\u00e1ndose a distintas medidas de lijas para madera seg\u00fan el proyecto.<\/li>\n<li>La lija para madera ofrece un desempe\u00f1o efectivo sobre superficies trabajadas con lacas y pinturas.<\/li>\n<\/ul>\n<p><strong>Caracter\u00edsticas de lija para madera<\/strong><\/p>\n<ul class=\"lista\">\n<li>La capa de Estearato de Zinc previene el tapado prematuro del producto, lo que garantiza una mayor durabilidad en cada lija de madera.<\/li>\n<li>Sus granos abrasivos permiten obtener un acabado uniforme usando lija fina para madera, ideal para detalles y terminados, as\u00ed como diferentes medidas de lijas para madera seg\u00fan la necesidad del trabajo.<\/li>\n<li>Esta lija para madera se adapta a distintos procesos dentro de la industria maderera, combinando resistencia y calidad de acabado con lija fina para madera en etapas de terminaci\u00f3n.<\/li>\n<\/ul>\n<p><strong>Aplicaciones y recomendaciones<\/strong><\/p>\n<p class=\"iconos\">\n<img decoding=\"async\" src=\"https:\/\/fandeli.com\/assets\/icons\/icon-madera.svg\" class=\"icono\" alt=\"Lija para madera FANDELI A080 trabajando sobre madera, ideal como lija fina para madera en acabados precisos.\"\/><br \/>\n<img decoding=\"async\" src=\"https:\/\/fandeli.com\/assets\/icons\/icon-lacas.svg\" class=\"icono\" alt=\"Lija para madera FANDELI A080 para lijado de lacas y pinturas, logrando superficies lisas y homog\u00e9neas.\"\/><br \/>\n<img decoding=\"async\" src=\"https:\/\/fandeli.com\/assets\/icons\/icon-plastico.svg\" class=\"icono\" alt=\"Lija para madera FANDELI A080 utilizada tambi\u00e9n en pl\u00e1stico para trabajos controlados y uniformes.\"\/><br \/>\n<br \/>\n<img decoding=\"async\" src=\"https:\/\/fandeli.com\/assets\/icons\/icon-uso-lija.svg\" class=\"icono\" alt=\"Lija para madera FANDELI A080 compatible con uso manual y lijadoras orbitales en distintos formatos.\" \/><br \/>\n<img decoding=\"async\" src=\"https:\/\/fandeli.com\/assets\/icons\/icon-corte-hoja.svg\" class=\"icono\" alt=\"Opciones de corte de hoja de lija para madera FANDELI A080 seg\u00fan las medidas de lijas para madera requeridas.\"\/><br \/>\n<img decoding=\"async\" src=\"https:\/\/fandeli.com\/assets\/icons\/icon-lijado-seco.svg\" class=\"icono\" alt=\"Lija para madera FANDELI A080 para lijado en seco con excelente desempe\u00f1o y control.\"\/>\n<\/p>\n<div id=\"descarga\">\n<p class=\"lista\"><a href=\"https:\/\/fandeli.com\/assets\/fichas-tecnicas\/FANDELI-ficha-tecnica-linea-A080.pdf\" target=\"_blank\" class=\"botones\"><i class=\"fa fa-file\"><\/i>&nbsp;&nbsp; DESCARGA LA FICHA T\u00c9CNICA<\/a><\/p>\n<h5><strong>Descarga las fotos del producto<\/strong><\/h5>\n<div id=\"foto\">\n<div class=\"foto1\">\n<a href=\"\/assets\/img\/hoja_disco_a_080_300_dpis_comercial.zip\" class=\"btn-foto\" target=\"_blank\">300 dpis<\/a>\n<\/div>\n<div class=\"foto2\">\n<a href=\"\/assets\/img\/hoja_disco_a_080_150_dpis_comercial.zip\" class=\"btn-foto\" target=\"_blank\">150 dpis<\/a>\n<\/div>\n<div class=\"foto3\">\n<a href=\"\/assets\/img\/hoja_disco_a_080_72_dpis_comercial.zip\" class=\"btn-foto\" target=\"_blank\">72 dpis<\/a>\n<\/div>\n<\/div>\n<\/div>\n","protected":false},"featured_media":8780,"template":"","meta":{"site-sidebar-layout":"default","site-content-layout":"","ast-site-content-layout":"default","site-content-style":"default","site-sidebar-style":"default","ast-global-header-display":"","ast-banner-title-visibility":"","ast-main-header-display":"","ast-hfb-above-header-display":"","ast-hfb-below-header-display":"","ast-hfb-mobile-header-display":"","site-post-title":"","ast-breadcrumbs-content":"","ast-featured-img":"","footer-sml-layout":"","ast-disable-related-posts":"","theme-transparent-header-meta":"default","adv-header-id-meta":"","stick-header-meta":"","header-above-stick-meta":"","header-main-stick-meta":"","header-below-stick-meta":"","astra-migrate-meta-layouts":"set","ast-page-background-enabled":"default","ast-page-background-meta":{"desktop":{"background-color":"var(--ast-global-color-4)","background-image":"","background-repeat":"repeat","background-position":"center center","background-size":"auto","background-attachment":"scroll","background-type":"","background-media":"","overlay-type":"","overlay-color":"","overlay-opacity":"","overlay-gradient":""},"tablet":{"background-color":"","background-image":"","background-repeat":"repeat","background-position":"center center","background-size":"auto","background-attachment":"scroll","background-type":"","background-media":"","overlay-type":"","overlay-color":"","overlay-opacity":"","overlay-gradient":""},"mobile":{"background-color":"","background-image":"","background-repeat":"repeat","background-position":"center center","background-size":"auto","background-attachment":"scroll","background-type":"","background-media":"","overlay-type":"","overlay-color":"","overlay-opacity":"","overlay-gradient":""}},"ast-content-background-meta":{"desktop":{"background-color":"var(--ast-global-color-5)","background-image":"","background-repeat":"repeat","background-position":"center center","background-size":"auto","background-attachment":"scroll","background-type":"","background-media":"","overlay-type":"","overlay-color":"","overlay-opacity":"","overlay-gradient":""},"tablet":{"background-color":"var(--ast-global-color-5)","background-image":"","background-repeat":"repeat","background-position":"center center","background-size":"auto","background-attachment":"scroll","background-type":"","background-media":"","overlay-type":"","overlay-color":"","overlay-opacity":"","overlay-gradient":""},"mobile":{"background-color":"var(--ast-global-color-5)","background-image":"","background-repeat":"repeat","background-position":"center center","background-size":"auto","background-attachment":"scroll","background-type":"","background-media":"","overlay-type":"","overlay-color":"","overlay-opacity":"","overlay-gradient":""}}},"product_brand":[],"product_cat":[19,287,20,455,1118,24,1126,1122,42],"product_tag":[],"class_list":{"0":"post-1521","1":"product","2":"type-product","3":"status-publish","4":"has-post-thumbnail","6":"product_cat-carpinteria-es","7":"product_cat-fibra-de-vidrio","8":"product_cat-herreria-es","9":"product_cat-lijas-es","10":"product_cat-madera","11":"product_cat-mantenimiento-es","12":"product_cat-metal-no-ferroso","13":"product_cat-plastico-es","14":"product_cat-yeso-es","15":"desktop-align-center","16":"tablet-align-left","17":"mobile-align-center","19":"first","20":"instock","21":"shipping-taxable","22":"product-type-simple"},"yoast_head":"<!-- This site is optimized with the Yoast SEO plugin v27.2 - https:\/\/yoast.com\/product\/yoast-seo-wordpress\/ -->\n<title>Lija para madera A080 - FANDELI<\/title>\n<meta name=\"description\" content=\"Descubre la lija para madera FANDELI, dise\u00f1ada para trabajos de desbaste y acabado con excelente rendimiento. Disponible en distintas medidas de lijas para madera, desde lija fina para madera hasta granos m\u00e1s gruesos, garantiza resultados uniformes en todo tipo de superficies de madera.\" \/>\n<meta name=\"robots\" content=\"index, follow, max-snippet:-1, max-image-preview:large, max-video-preview:-1\" \/>\n<link rel=\"canonical\" href=\"https:\/\/fandeli.com\/usa\/es\/producto\/lija-para-madera-a080\/\" \/>\n<meta property=\"og:locale\" content=\"es_MX\" \/>\n<meta property=\"og:type\" content=\"article\" \/>\n<meta property=\"og:title\" content=\"Lija para madera A080 - FANDELI\" \/>\n<meta property=\"og:description\" content=\"Descubre la lija para madera FANDELI, dise\u00f1ada para trabajos de desbaste y acabado con excelente rendimiento. Disponible en distintas medidas de lijas para madera, desde lija fina para madera hasta granos m\u00e1s gruesos, garantiza resultados uniformes en todo tipo de superficies de madera.\" \/>\n<meta property=\"og:url\" content=\"https:\/\/fandeli.com\/usa\/es\/producto\/lija-para-madera-a080\/\" \/>\n<meta property=\"og:site_name\" content=\"FANDELI\" \/>\n<meta property=\"article:modified_time\" content=\"2026-01-27T21:20:22+00:00\" \/>\n<meta property=\"og:image\" content=\"https:\/\/fandeli.com\/usa\/wp-content\/uploads\/2026\/01\/lija-A080.jpg\" \/>\n\t<meta property=\"og:image:width\" content=\"800\" \/>\n\t<meta property=\"og:image:height\" content=\"800\" \/>\n\t<meta property=\"og:image:type\" content=\"image\/jpeg\" \/>\n<meta name=\"twitter:card\" content=\"summary_large_image\" \/>\n<meta name=\"twitter:label1\" content=\"Tiempo de lectura\" \/>\n\t<meta name=\"twitter:data1\" content=\"1 minuto\" \/>\n<script type=\"application\/ld+json\" class=\"yoast-schema-graph\">{\"@context\":\"https:\/\/schema.org\",\"@graph\":[{\"@type\":\"WebPage\",\"@id\":\"https:\/\/fandeli.com\/usa\/es\/producto\/lija-para-madera-a080\/\",\"url\":\"https:\/\/fandeli.com\/usa\/es\/producto\/lija-para-madera-a080\/\",\"name\":\"Lija para madera A080 - FANDELI\",\"isPartOf\":{\"@id\":\"https:\/\/fandeli.com\/usa\/#website\"},\"primaryImageOfPage\":{\"@id\":\"https:\/\/fandeli.com\/usa\/es\/producto\/lija-para-madera-a080\/#primaryimage\"},\"image\":{\"@id\":\"https:\/\/fandeli.com\/usa\/es\/producto\/lija-para-madera-a080\/#primaryimage\"},\"thumbnailUrl\":\"https:\/\/fandeli.com\/usa\/wp-content\/uploads\/2026\/01\/lija-A080.jpg\",\"datePublished\":\"2024-11-21T16:11:14+00:00\",\"dateModified\":\"2026-01-27T21:20:22+00:00\",\"description\":\"Descubre la lija para madera FANDELI, dise\u00f1ada para trabajos de desbaste y acabado con excelente rendimiento. Disponible en distintas medidas de lijas para madera, desde lija fina para madera hasta granos m\u00e1s gruesos, garantiza resultados uniformes en todo tipo de superficies de madera.\",\"breadcrumb\":{\"@id\":\"https:\/\/fandeli.com\/usa\/es\/producto\/lija-para-madera-a080\/#breadcrumb\"},\"inLanguage\":\"es\",\"potentialAction\":[{\"@type\":\"ReadAction\",\"target\":[\"https:\/\/fandeli.com\/usa\/es\/producto\/lija-para-madera-a080\/\"]}]},{\"@type\":\"ImageObject\",\"inLanguage\":\"es\",\"@id\":\"https:\/\/fandeli.com\/usa\/es\/producto\/lija-para-madera-a080\/#primaryimage\",\"url\":\"https:\/\/fandeli.com\/usa\/wp-content\/uploads\/2026\/01\/lija-A080.jpg\",\"contentUrl\":\"https:\/\/fandeli.com\/usa\/wp-content\/uploads\/2026\/01\/lija-A080.jpg\",\"width\":800,\"height\":800,\"caption\":\"Lija para madera FANDELI A080, ideal para lijado y acabado en diferentes tipos de lija de madera.\"},{\"@type\":\"BreadcrumbList\",\"@id\":\"https:\/\/fandeli.com\/usa\/es\/producto\/lija-para-madera-a080\/#breadcrumb\",\"itemListElement\":[{\"@type\":\"ListItem\",\"position\":1,\"name\":\"Portada\",\"item\":\"https:\/\/fandeli.com\/usa\/es\/inicio\/\"},{\"@type\":\"ListItem\",\"position\":2,\"name\":\"Tienda\",\"item\":\"https:\/\/fandeli.com\/usa\/es\/?page_id=13\"},{\"@type\":\"ListItem\",\"position\":3,\"name\":\"Lija para madera A080\"}]},{\"@type\":\"WebSite\",\"@id\":\"https:\/\/fandeli.com\/usa\/#website\",\"url\":\"https:\/\/fandeli.com\/usa\/\",\"name\":\"FANDELI\",\"description\":\"FANDELI\",\"publisher\":{\"@id\":\"https:\/\/fandeli.com\/usa\/#organization\"},\"potentialAction\":[{\"@type\":\"SearchAction\",\"target\":{\"@type\":\"EntryPoint\",\"urlTemplate\":\"https:\/\/fandeli.com\/usa\/?s={search_term_string}\"},\"query-input\":{\"@type\":\"PropertyValueSpecification\",\"valueRequired\":true,\"valueName\":\"search_term_string\"}}],\"inLanguage\":\"es\"},{\"@type\":\"Organization\",\"@id\":\"https:\/\/fandeli.com\/usa\/#organization\",\"name\":\"FANDELI\",\"url\":\"https:\/\/fandeli.com\/usa\/\",\"logo\":{\"@type\":\"ImageObject\",\"inLanguage\":\"es\",\"@id\":\"https:\/\/fandeli.com\/usa\/#\/schema\/logo\/image\/\",\"url\":\"https:\/\/fandeli.com\/usa\/wp-content\/uploads\/2025\/12\/logo-fandeli-bco.svg\",\"contentUrl\":\"https:\/\/fandeli.com\/usa\/wp-content\/uploads\/2025\/12\/logo-fandeli-bco.svg\",\"width\":1486,\"height\":326,\"caption\":\"FANDELI\"},\"image\":{\"@id\":\"https:\/\/fandeli.com\/usa\/#\/schema\/logo\/image\/\"}}]}<\/script>\n<!-- \/ Yoast SEO plugin. -->","yoast_head_json":{"title":"Lija para madera A080 - FANDELI","description":"Descubre la lija para madera FANDELI, dise\u00f1ada para trabajos de desbaste y acabado con excelente rendimiento. Disponible en distintas medidas de lijas para madera, desde lija fina para madera hasta granos m\u00e1s gruesos, garantiza resultados uniformes en todo tipo de superficies de madera.","robots":{"index":"index","follow":"follow","max-snippet":"max-snippet:-1","max-image-preview":"max-image-preview:large","max-video-preview":"max-video-preview:-1"},"canonical":"https:\/\/fandeli.com\/usa\/es\/producto\/lija-para-madera-a080\/","og_locale":"es_MX","og_type":"article","og_title":"Lija para madera A080 - FANDELI","og_description":"Descubre la lija para madera FANDELI, dise\u00f1ada para trabajos de desbaste y acabado con excelente rendimiento. Disponible en distintas medidas de lijas para madera, desde lija fina para madera hasta granos m\u00e1s gruesos, garantiza resultados uniformes en todo tipo de superficies de madera.","og_url":"https:\/\/fandeli.com\/usa\/es\/producto\/lija-para-madera-a080\/","og_site_name":"FANDELI","article_modified_time":"2026-01-27T21:20:22+00:00","og_image":[{"width":800,"height":800,"url":"https:\/\/fandeli.com\/usa\/wp-content\/uploads\/2026\/01\/lija-A080.jpg","type":"image\/jpeg"}],"twitter_card":"summary_large_image","twitter_misc":{"Tiempo de lectura":"1 minuto"},"schema":{"@context":"https:\/\/schema.org","@graph":[{"@type":"WebPage","@id":"https:\/\/fandeli.com\/usa\/es\/producto\/lija-para-madera-a080\/","url":"https:\/\/fandeli.com\/usa\/es\/producto\/lija-para-madera-a080\/","name":"Lija para madera A080 - FANDELI","isPartOf":{"@id":"https:\/\/fandeli.com\/usa\/#website"},"primaryImageOfPage":{"@id":"https:\/\/fandeli.com\/usa\/es\/producto\/lija-para-madera-a080\/#primaryimage"},"image":{"@id":"https:\/\/fandeli.com\/usa\/es\/producto\/lija-para-madera-a080\/#primaryimage"},"thumbnailUrl":"https:\/\/fandeli.com\/usa\/wp-content\/uploads\/2026\/01\/lija-A080.jpg","datePublished":"2024-11-21T16:11:14+00:00","dateModified":"2026-01-27T21:20:22+00:00","description":"Descubre la lija para madera FANDELI, dise\u00f1ada para trabajos de desbaste y acabado con excelente rendimiento. Disponible en distintas medidas de lijas para madera, desde lija fina para madera hasta granos m\u00e1s gruesos, garantiza resultados uniformes en todo tipo de superficies de madera.","breadcrumb":{"@id":"https:\/\/fandeli.com\/usa\/es\/producto\/lija-para-madera-a080\/#breadcrumb"},"inLanguage":"es","potentialAction":[{"@type":"ReadAction","target":["https:\/\/fandeli.com\/usa\/es\/producto\/lija-para-madera-a080\/"]}]},{"@type":"ImageObject","inLanguage":"es","@id":"https:\/\/fandeli.com\/usa\/es\/producto\/lija-para-madera-a080\/#primaryimage","url":"https:\/\/fandeli.com\/usa\/wp-content\/uploads\/2026\/01\/lija-A080.jpg","contentUrl":"https:\/\/fandeli.com\/usa\/wp-content\/uploads\/2026\/01\/lija-A080.jpg","width":800,"height":800,"caption":"Lija para madera FANDELI A080, ideal para lijado y acabado en diferentes tipos de lija de madera."},{"@type":"BreadcrumbList","@id":"https:\/\/fandeli.com\/usa\/es\/producto\/lija-para-madera-a080\/#breadcrumb","itemListElement":[{"@type":"ListItem","position":1,"name":"Portada","item":"https:\/\/fandeli.com\/usa\/es\/inicio\/"},{"@type":"ListItem","position":2,"name":"Tienda","item":"https:\/\/fandeli.com\/usa\/es\/?page_id=13"},{"@type":"ListItem","position":3,"name":"Lija para madera A080"}]},{"@type":"WebSite","@id":"https:\/\/fandeli.com\/usa\/#website","url":"https:\/\/fandeli.com\/usa\/","name":"FANDELI","description":"FANDELI","publisher":{"@id":"https:\/\/fandeli.com\/usa\/#organization"},"potentialAction":[{"@type":"SearchAction","target":{"@type":"EntryPoint","urlTemplate":"https:\/\/fandeli.com\/usa\/?s={search_term_string}"},"query-input":{"@type":"PropertyValueSpecification","valueRequired":true,"valueName":"search_term_string"}}],"inLanguage":"es"},{"@type":"Organization","@id":"https:\/\/fandeli.com\/usa\/#organization","name":"FANDELI","url":"https:\/\/fandeli.com\/usa\/","logo":{"@type":"ImageObject","inLanguage":"es","@id":"https:\/\/fandeli.com\/usa\/#\/schema\/logo\/image\/","url":"https:\/\/fandeli.com\/usa\/wp-content\/uploads\/2025\/12\/logo-fandeli-bco.svg","contentUrl":"https:\/\/fandeli.com\/usa\/wp-content\/uploads\/2025\/12\/logo-fandeli-bco.svg","width":1486,"height":326,"caption":"FANDELI"},"image":{"@id":"https:\/\/fandeli.com\/usa\/#\/schema\/logo\/image\/"}}]}},"jetpack_sharing_enabled":true,"_links":{"self":[{"href":"https:\/\/fandeli.com\/usa\/wp-json\/wp\/v2\/product\/1521","targetHints":{"allow":["GET"]}}],"collection":[{"href":"https:\/\/fandeli.com\/usa\/wp-json\/wp\/v2\/product"}],"about":[{"href":"https:\/\/fandeli.com\/usa\/wp-json\/wp\/v2\/types\/product"}],"wp:featuredmedia":[{"embeddable":true,"href":"https:\/\/fandeli.com\/usa\/wp-json\/wp\/v2\/media\/8780"}],"wp:attachment":[{"href":"https:\/\/fandeli.com\/usa\/wp-json\/wp\/v2\/media?parent=1521"}],"wp:term":[{"taxonomy":"product_brand","embeddable":true,"href":"https:\/\/fandeli.com\/usa\/wp-json\/wp\/v2\/product_brand?post=1521"},{"taxonomy":"product_cat","embeddable":true,"href":"https:\/\/fandeli.com\/usa\/wp-json\/wp\/v2\/product_cat?post=1521"},{"taxonomy":"product_tag","embeddable":true,"href":"https:\/\/fandeli.com\/usa\/wp-json\/wp\/v2\/product_tag?post=1521"}],"curies":[{"name":"wp","href":"https:\/\/api.w.org\/{rel}","templated":true}]}}