{"id":8836,"date":"2026-01-12T14:18:28","date_gmt":"2026-01-12T14:18:28","guid":{"rendered":"http:\/\/abrasivosrevestidos.com\/?post_type=product&#038;p=8836"},"modified":"2026-02-26T22:28:17","modified_gmt":"2026-02-26T22:28:17","slug":"lija-para-madera-y-metal-x-86","status":"publish","type":"product","link":"https:\/\/fandeli.com\/fandeli-retail\/producto\/lija-para-madera-y-metal-x-86\/","title":{"rendered":"Lija para madera y metal X-86"},"content":{"rendered":"<p><b>Lija para metal y madera X-86<\/b> dise\u00f1ada con grados extra grueso, grueso, mediano, fino y extra fino, como lija para metal grano 60 , lija para metal 80 , lija para metal 120, lija para metal 180. Ideal para limpiar y pulir madera, pl\u00e1sticos, lacas, pinturas, metales ferrosos y no ferrosos.<\/p>\n<table cellspacing=\"0\" cellpadding=\"0\" class=\"tabla\">\n<tr>\n<td><strong>SKU<\/strong><\/td>\n<td><strong>L\u00cdNEA | GRADOS<\/strong><\/td>\n<td><strong>DIMENSIONES<\/strong><\/td>\n<td><strong>PULGS.<\/strong><\/td>\n<td><strong>CAJA<\/strong><\/td>\n<td><strong>\u00a0EMPAQUE<\/strong><\/td>\n<\/tr>\n<tr>\n<td>00089<\/td>\n<td>LIJA FANDELI X-86 | 036\u00a0 <\/td>\n<td>0.230m X 0.280m TELA<\/td>\n<td>9&quot; x 11&quot;<\/td>\n<td>250<\/td>\n<td>25<\/td>\n<\/tr>\n<tr>\n<td>00090<\/td>\n<td>LIJA FANDELI X-86 | 040\u00a0 <\/td>\n<td>0.230m X 0.280m TELA<\/td>\n<td>9&quot; x 11&quot;<\/td>\n<td>250<\/td>\n<td>25<\/td>\n<\/tr>\n<tr>\n<td>00091<\/td>\n<td>LIJA FANDELI X-86 | 050\u00a0 <\/td>\n<td>0.230m X 0.280m TELA<\/td>\n<td>9&quot; x 11&quot;<\/td>\n<td>250<\/td>\n<td>25<\/td>\n<\/tr>\n<tr>\n<td>00092<\/td>\n<td>LIJA FANDELI X-86 | 060\u00a0 <\/td>\n<td>0.230m X 0.280m TELA<\/td>\n<td>9&quot; x 11&quot;<\/td>\n<td>250<\/td>\n<td>25<\/td>\n<\/tr>\n<\/table>\n","protected":false},"excerpt":{"rendered":"<p><strong>Aplicaciones de lija para metal y madera<\/strong><\/p>\n<ul class=\"lista\">\n<li>La lija para metal y madera es ideal para operaciones industriales o de taller que requieren acabados de alta calidad sobre sustratos de madera y metal. Gracias a su respaldo de lija de tela, ofrece mayor durabilidad y control durante el lijado.<\/li>\n<li>Puede utilizarse manualmente o con lijadoras orbitales, siendo una excelente opci\u00f3n como lija para quitar pintura en metal o madera, remover corrosi\u00f3n y preparar superficies.<\/li>\n<li>Su versatilidad permite limpiar y pulir madera, pl\u00e1sticos, lacas, pinturas y metales ferrosos y no ferrosos. Tambi\u00e9n puede emplearse como lija fina para metal cuando se necesitan acabados m\u00e1s delicados.<\/li>\n<li>Su amplio rango de grados permite operaciones de lijado pesado, intermedio y fino, siempre con el soporte resistente del respaldo de lija de tela.<\/li>\n<\/ul>\n<p><strong>Caracter\u00edsticas de lija para metal y madera<\/strong><\/p>\n<ul class=\"lista\">\n<li>Brinda una \u00f3ptima calidad de acabados, ya sea que se utilice como lija para metal y madera, lija fina para metal o lija para quitar pintura en metal en procesos de restauraci\u00f3n.<\/li>\n<li>Su estructura cerrada incrementa su poder de lijado, y el respaldo de lija de tela mejora su vida \u00fatil y resistencia en aplicaciones exigentes.<\/li>\n<\/ul>\n<p><strong>Aplicaciones y recomendaciones<\/strong><\/p>\n<p class=\"iconos\">\n<img decoding=\"async\" src=\"https:\/\/fandeli.com\/assets\/icons\/icon-madera.svg\" class=\"icono\" alt=\"Lija FANDELI X-86 para madera y metal, dise\u00f1ada para preparaci\u00f3n y acabado con respaldo de tela resistente.\"\/><br \/>\n<img decoding=\"async\" src=\"https:\/\/fandeli.com\/assets\/icons\/icon-plastico.svg\" class=\"icono\" alt=\"Lija para metal y pl\u00e1stico FANDELI X-86, excelente opci\u00f3n para lijar superficies sin da\u00f1arlas.\" \/><br \/>\n<img decoding=\"async\" src=\"https:\/\/fandeli.com\/assets\/icons\/icon-metal.svg\" class=\"icono\" alt=\"Lija fina para metal FANDELI X-86 para preparaci\u00f3n, desbaste y acabado en superficies met\u00e1licas.\"\/><br \/>\n<img decoding=\"async\" src=\"https:\/\/fandeli.com\/assets\/icons\/icon-lacas.svg\" class=\"icono\" alt=\"Lija para quitar pintura en metal FANDELI X-86 ideal para lacas, pinturas y remoci\u00f3n de recubrimientos.\"\/><br \/>\n<img decoding=\"async\" src=\"https:\/\/fandeli.com\/assets\/icons\/icon-metal-noferroso.svg\" class=\"icono\" alt=\"Lija para metal FANDELI X-86 recomendada para metales no ferrosos y acabados finos.\"\/><br \/>\n<br \/>\n<img decoding=\"async\" src=\"https:\/\/fandeli.com\/assets\/icons\/icon-uso-lija.svg\" class=\"icono\" alt=\"Lija para metal FANDELI X-86 para uso manual o con lijadoras orbitales de \u00bd, 1\/3 y \u00bc para mayor versatilidad.\"\/><br \/>\n<img decoding=\"async\" src=\"https:\/\/fandeli.com\/assets\/icons\/icon-corte-hoja.svg\" class=\"icono\"  alt=\"Opciones de corte de hoja FANDELI X-86 con respaldo de lija de tela para diversas aplicaciones en metal y madera.\"\/>\n<\/p>\n<div id=\"descarga\">\n<p class=\"lista\"><a href=\"https:\/\/fandeli.com\/assets\/fichas-tecnicas\/FANDELI-ficha-tecnica-linea-X-86.pdf\" target=\"_blank\" class=\"botones\"><i class=\"fa fa-file\"><\/i>&nbsp;&nbsp; DESCARGA LA FICHA T\u00c9CNICA<\/a><\/p>\n<h5><strong>Descarga las fotos del producto<\/strong><\/h5>\n<div id=\"foto\">\n<div class=\"foto1\">\n<a href=\"https:\/\/fandeli.com\/assets\/img\/hoja_x_86_300_dpis_comercial.zip\" class=\"btn-foto\" target=\"_blank\">300 dpis<\/a>\n<\/div>\n<div class=\"foto2\">\n<a href=\"https:\/\/fandeli.com\/assets\/img\/hoja_x_86_150_dpis_comercial.zip\" class=\"btn-foto\" target=\"_blank\">150 dpis<\/a>\n<\/div>\n<div class=\"foto3\">\n<a href=\"https:\/\/fandeli.com\/assets\/img\/hoja_x_86_72_dpis_comercial.zip\" class=\"btn-foto\" target=\"_blank\">72 dpis<\/a>\n<\/div>\n<\/div>\n<\/div>\n","protected":false},"featured_media":8837,"template":"","meta":{"inline_featured_image":false,"site-sidebar-layout":"default","site-content-layout":"","ast-site-content-layout":"default","site-content-style":"default","site-sidebar-style":"default","ast-global-header-display":"","ast-banner-title-visibility":"","ast-main-header-display":"","ast-hfb-above-header-display":"","ast-hfb-below-header-display":"","ast-hfb-mobile-header-display":"","site-post-title":"","ast-breadcrumbs-content":"","ast-featured-img":"","footer-sml-layout":"","ast-disable-related-posts":"","theme-transparent-header-meta":"default","adv-header-id-meta":"","stick-header-meta":"","header-above-stick-meta":"","header-main-stick-meta":"","header-below-stick-meta":"","astra-migrate-meta-layouts":"set","ast-page-background-enabled":"default","ast-page-background-meta":{"desktop":{"background-color":"var(--ast-global-color-4)","background-image":"","background-repeat":"repeat","background-position":"center center","background-size":"auto","background-attachment":"scroll","background-type":"","background-media":"","overlay-type":"","overlay-color":"","overlay-opacity":"","overlay-gradient":""},"tablet":{"background-color":"","background-image":"","background-repeat":"repeat","background-position":"center center","background-size":"auto","background-attachment":"scroll","background-type":"","background-media":"","overlay-type":"","overlay-color":"","overlay-opacity":"","overlay-gradient":""},"mobile":{"background-color":"","background-image":"","background-repeat":"repeat","background-position":"center center","background-size":"auto","background-attachment":"scroll","background-type":"","background-media":"","overlay-type":"","overlay-color":"","overlay-opacity":"","overlay-gradient":""}},"ast-content-background-meta":{"desktop":{"background-color":"var(--ast-global-color-5)","background-image":"","background-repeat":"repeat","background-position":"center center","background-size":"auto","background-attachment":"scroll","background-type":"","background-media":"","overlay-type":"","overlay-color":"","overlay-opacity":"","overlay-gradient":""},"tablet":{"background-color":"var(--ast-global-color-5)","background-image":"","background-repeat":"repeat","background-position":"center center","background-size":"auto","background-attachment":"scroll","background-type":"","background-media":"","overlay-type":"","overlay-color":"","overlay-opacity":"","overlay-gradient":""},"mobile":{"background-color":"var(--ast-global-color-5)","background-image":"","background-repeat":"repeat","background-position":"center center","background-size":"auto","background-attachment":"scroll","background-type":"","background-media":"","overlay-type":"","overlay-color":"","overlay-opacity":"","overlay-gradient":""}}},"product_brand":[],"product_cat":[19,20,26,383,381,27,28,40,24,44,45,43],"product_tag":[],"class_list":{"0":"post-8836","1":"product","2":"type-product","3":"status-publish","4":"has-post-thumbnail","6":"product_cat-carpinteria-es","7":"product_cat-herreria-es","8":"product_cat-hogar-es","9":"product_cat-hoja","10":"product_cat-hojas","11":"product_cat-lacas-y-pintura","12":"product_cat-lijas-es","13":"product_cat-madera-es","14":"product_cat-mantenimiento-es","15":"product_cat-metal-es","16":"product_cat-metales-no-ferrosos-es","17":"product_cat-plastico-es","18":"desktop-align-center","19":"tablet-align-left","20":"mobile-align-center","22":"first","23":"instock","24":"featured","25":"shipping-taxable","26":"product-type-simple"},"yoast_head":"<!-- This site is optimized with the Yoast SEO plugin v27.3 - https:\/\/yoast.com\/product\/yoast-seo-wordpress\/ -->\n<title>Lija para madera y metal X-86 - FANDELI M\u00e9xico<\/title>\n<meta name=\"description\" content=\"La lija para metal J-86 ofrece alto rendimiento para limpiar, nivelar y preparar superficies. Ideal como lija fina para metal o para quitar pintura en metal, con respaldo de tela para mayor durabilidad y acabados profesionales.\" \/>\n<meta name=\"robots\" content=\"index, follow, max-snippet:-1, max-image-preview:large, max-video-preview:-1\" \/>\n<link rel=\"canonical\" href=\"https:\/\/fandeli.com\/fandeli-retail\/producto\/lija-para-madera-y-metal-x-86\/\" \/>\n<meta property=\"og:locale\" content=\"es_MX\" \/>\n<meta property=\"og:type\" content=\"article\" \/>\n<meta property=\"og:title\" content=\"Lija para madera y metal X-86 - FANDELI M\u00e9xico\" \/>\n<meta property=\"og:description\" content=\"La lija para metal J-86 ofrece alto rendimiento para limpiar, nivelar y preparar superficies. Ideal como lija fina para metal o para quitar pintura en metal, con respaldo de tela para mayor durabilidad y acabados profesionales.\" \/>\n<meta property=\"og:url\" content=\"https:\/\/fandeli.com\/fandeli-retail\/producto\/lija-para-madera-y-metal-x-86\/\" \/>\n<meta property=\"og:site_name\" content=\"FANDELI M\u00e9xico\" \/>\n<meta property=\"article:publisher\" content=\"https:\/\/www.facebook.com\/FandeliMexico\" \/>\n<meta property=\"article:modified_time\" content=\"2026-02-26T22:28:17+00:00\" \/>\n<meta property=\"og:image\" content=\"https:\/\/fandeli.com\/fandeli-retail\/wp-content\/uploads\/2026\/01\/lija-X-86.jpg\" \/>\n\t<meta property=\"og:image:width\" content=\"800\" \/>\n\t<meta property=\"og:image:height\" content=\"800\" \/>\n\t<meta property=\"og:image:type\" content=\"image\/jpeg\" \/>\n<meta name=\"twitter:card\" content=\"summary_large_image\" \/>\n<meta name=\"twitter:site\" content=\"@fandelimexico\" \/>\n<meta name=\"twitter:label1\" content=\"Tiempo de lectura\" \/>\n\t<meta name=\"twitter:data1\" content=\"1 minuto\" \/>\n<script type=\"application\/ld+json\" class=\"yoast-schema-graph\">{\"@context\":\"https:\\\/\\\/schema.org\",\"@graph\":[{\"@type\":\"WebPage\",\"@id\":\"https:\\\/\\\/fandeli.com\\\/fandeli-retail\\\/producto\\\/lija-para-madera-y-metal-x-86\\\/\",\"url\":\"https:\\\/\\\/fandeli.com\\\/fandeli-retail\\\/producto\\\/lija-para-madera-y-metal-x-86\\\/\",\"name\":\"Lija para madera y metal X-86 - FANDELI M\u00e9xico\",\"isPartOf\":{\"@id\":\"https:\\\/\\\/fandeli.com\\\/fandeli-retail\\\/#website\"},\"primaryImageOfPage\":{\"@id\":\"https:\\\/\\\/fandeli.com\\\/fandeli-retail\\\/producto\\\/lija-para-madera-y-metal-x-86\\\/#primaryimage\"},\"image\":{\"@id\":\"https:\\\/\\\/fandeli.com\\\/fandeli-retail\\\/producto\\\/lija-para-madera-y-metal-x-86\\\/#primaryimage\"},\"thumbnailUrl\":\"https:\\\/\\\/fandeli.com\\\/fandeli-retail\\\/wp-content\\\/uploads\\\/2026\\\/01\\\/lija-X-86.jpg\",\"datePublished\":\"2026-01-12T14:18:28+00:00\",\"dateModified\":\"2026-02-26T22:28:17+00:00\",\"description\":\"La lija para metal J-86 ofrece alto rendimiento para limpiar, nivelar y preparar superficies. Ideal como lija fina para metal o para quitar pintura en metal, con respaldo de tela para mayor durabilidad y acabados profesionales.\",\"breadcrumb\":{\"@id\":\"https:\\\/\\\/fandeli.com\\\/fandeli-retail\\\/producto\\\/lija-para-madera-y-metal-x-86\\\/#breadcrumb\"},\"inLanguage\":\"es\",\"potentialAction\":[{\"@type\":\"ReadAction\",\"target\":[\"https:\\\/\\\/fandeli.com\\\/fandeli-retail\\\/producto\\\/lija-para-madera-y-metal-x-86\\\/\"]}]},{\"@type\":\"ImageObject\",\"inLanguage\":\"es\",\"@id\":\"https:\\\/\\\/fandeli.com\\\/fandeli-retail\\\/producto\\\/lija-para-madera-y-metal-x-86\\\/#primaryimage\",\"url\":\"https:\\\/\\\/fandeli.com\\\/fandeli-retail\\\/wp-content\\\/uploads\\\/2026\\\/01\\\/lija-X-86.jpg\",\"contentUrl\":\"https:\\\/\\\/fandeli.com\\\/fandeli-retail\\\/wp-content\\\/uploads\\\/2026\\\/01\\\/lija-X-86.jpg\",\"width\":800,\"height\":800,\"caption\":\"Lija para metal y madera FANDELI X-86 con respaldo de lija de tela, ideal para lijado general y preparaci\u00f3n de superficies.\"},{\"@type\":\"BreadcrumbList\",\"@id\":\"https:\\\/\\\/fandeli.com\\\/fandeli-retail\\\/producto\\\/lija-para-madera-y-metal-x-86\\\/#breadcrumb\",\"itemListElement\":[{\"@type\":\"ListItem\",\"position\":1,\"name\":\"Portada\",\"item\":\"https:\\\/\\\/fandeli.com\\\/fandeli-retail\\\/\"},{\"@type\":\"ListItem\",\"position\":2,\"name\":\"Tienda\",\"item\":\"https:\\\/\\\/fandeli.com\\\/fandeli-retail\\\/?page_id=13\"},{\"@type\":\"ListItem\",\"position\":3,\"name\":\"Lija para madera y metal X-86\"}]},{\"@type\":\"WebSite\",\"@id\":\"https:\\\/\\\/fandeli.com\\\/fandeli-retail\\\/#website\",\"url\":\"https:\\\/\\\/fandeli.com\\\/fandeli-retail\\\/\",\"name\":\"FANDELI M\u00e9xico\",\"description\":\"FANDELI M\u00e9xico\",\"publisher\":{\"@id\":\"https:\\\/\\\/fandeli.com\\\/fandeli-retail\\\/#organization\"},\"potentialAction\":[{\"@type\":\"SearchAction\",\"target\":{\"@type\":\"EntryPoint\",\"urlTemplate\":\"https:\\\/\\\/fandeli.com\\\/fandeli-retail\\\/?s={search_term_string}\"},\"query-input\":{\"@type\":\"PropertyValueSpecification\",\"valueRequired\":true,\"valueName\":\"search_term_string\"}}],\"inLanguage\":\"es\"},{\"@type\":\"Organization\",\"@id\":\"https:\\\/\\\/fandeli.com\\\/fandeli-retail\\\/#organization\",\"name\":\"FANDELI M\u00e9xico\",\"url\":\"https:\\\/\\\/fandeli.com\\\/fandeli-retail\\\/\",\"logo\":{\"@type\":\"ImageObject\",\"inLanguage\":\"es\",\"@id\":\"https:\\\/\\\/fandeli.com\\\/fandeli-retail\\\/#\\\/schema\\\/logo\\\/image\\\/\",\"url\":\"http:\\\/\\\/abrasivosrevestidos.com\\\/wp-content\\\/uploads\\\/2024\\\/11\\\/logo-fandeli.svg\",\"contentUrl\":\"http:\\\/\\\/abrasivosrevestidos.com\\\/wp-content\\\/uploads\\\/2024\\\/11\\\/logo-fandeli.svg\",\"width\":267,\"height\":65,\"caption\":\"FANDELI M\u00e9xico\"},\"image\":{\"@id\":\"https:\\\/\\\/fandeli.com\\\/fandeli-retail\\\/#\\\/schema\\\/logo\\\/image\\\/\"},\"sameAs\":[\"https:\\\/\\\/www.facebook.com\\\/FandeliMexico\",\"https:\\\/\\\/x.com\\\/fandelimexico\",\"https:\\\/\\\/www.instagram.com\\\/fandeli.mx\\\/\",\"https:\\\/\\\/www.tiktok.com\\\/@fandeli_mx\",\"https:\\\/\\\/www.youtube.com\\\/channel\\\/UCODX8hPCf8g6bu9Ho7Q7RsQ\",\"https:\\\/\\\/www.linkedin.com\\\/company\\\/fandeli\"]}]}<\/script>\n<!-- \/ Yoast SEO plugin. -->","yoast_head_json":{"title":"Lija para madera y metal X-86 - FANDELI M\u00e9xico","description":"La lija para metal J-86 ofrece alto rendimiento para limpiar, nivelar y preparar superficies. Ideal como lija fina para metal o para quitar pintura en metal, con respaldo de tela para mayor durabilidad y acabados profesionales.","robots":{"index":"index","follow":"follow","max-snippet":"max-snippet:-1","max-image-preview":"max-image-preview:large","max-video-preview":"max-video-preview:-1"},"canonical":"https:\/\/fandeli.com\/fandeli-retail\/producto\/lija-para-madera-y-metal-x-86\/","og_locale":"es_MX","og_type":"article","og_title":"Lija para madera y metal X-86 - FANDELI M\u00e9xico","og_description":"La lija para metal J-86 ofrece alto rendimiento para limpiar, nivelar y preparar superficies. Ideal como lija fina para metal o para quitar pintura en metal, con respaldo de tela para mayor durabilidad y acabados profesionales.","og_url":"https:\/\/fandeli.com\/fandeli-retail\/producto\/lija-para-madera-y-metal-x-86\/","og_site_name":"FANDELI M\u00e9xico","article_publisher":"https:\/\/www.facebook.com\/FandeliMexico","article_modified_time":"2026-02-26T22:28:17+00:00","og_image":[{"width":800,"height":800,"url":"https:\/\/fandeli.com\/fandeli-retail\/wp-content\/uploads\/2026\/01\/lija-X-86.jpg","type":"image\/jpeg"}],"twitter_card":"summary_large_image","twitter_site":"@fandelimexico","twitter_misc":{"Tiempo de lectura":"1 minuto"},"schema":{"@context":"https:\/\/schema.org","@graph":[{"@type":"WebPage","@id":"https:\/\/fandeli.com\/fandeli-retail\/producto\/lija-para-madera-y-metal-x-86\/","url":"https:\/\/fandeli.com\/fandeli-retail\/producto\/lija-para-madera-y-metal-x-86\/","name":"Lija para madera y metal X-86 - FANDELI M\u00e9xico","isPartOf":{"@id":"https:\/\/fandeli.com\/fandeli-retail\/#website"},"primaryImageOfPage":{"@id":"https:\/\/fandeli.com\/fandeli-retail\/producto\/lija-para-madera-y-metal-x-86\/#primaryimage"},"image":{"@id":"https:\/\/fandeli.com\/fandeli-retail\/producto\/lija-para-madera-y-metal-x-86\/#primaryimage"},"thumbnailUrl":"https:\/\/fandeli.com\/fandeli-retail\/wp-content\/uploads\/2026\/01\/lija-X-86.jpg","datePublished":"2026-01-12T14:18:28+00:00","dateModified":"2026-02-26T22:28:17+00:00","description":"La lija para metal J-86 ofrece alto rendimiento para limpiar, nivelar y preparar superficies. Ideal como lija fina para metal o para quitar pintura en metal, con respaldo de tela para mayor durabilidad y acabados profesionales.","breadcrumb":{"@id":"https:\/\/fandeli.com\/fandeli-retail\/producto\/lija-para-madera-y-metal-x-86\/#breadcrumb"},"inLanguage":"es","potentialAction":[{"@type":"ReadAction","target":["https:\/\/fandeli.com\/fandeli-retail\/producto\/lija-para-madera-y-metal-x-86\/"]}]},{"@type":"ImageObject","inLanguage":"es","@id":"https:\/\/fandeli.com\/fandeli-retail\/producto\/lija-para-madera-y-metal-x-86\/#primaryimage","url":"https:\/\/fandeli.com\/fandeli-retail\/wp-content\/uploads\/2026\/01\/lija-X-86.jpg","contentUrl":"https:\/\/fandeli.com\/fandeli-retail\/wp-content\/uploads\/2026\/01\/lija-X-86.jpg","width":800,"height":800,"caption":"Lija para metal y madera FANDELI X-86 con respaldo de lija de tela, ideal para lijado general y preparaci\u00f3n de superficies."},{"@type":"BreadcrumbList","@id":"https:\/\/fandeli.com\/fandeli-retail\/producto\/lija-para-madera-y-metal-x-86\/#breadcrumb","itemListElement":[{"@type":"ListItem","position":1,"name":"Portada","item":"https:\/\/fandeli.com\/fandeli-retail\/"},{"@type":"ListItem","position":2,"name":"Tienda","item":"https:\/\/fandeli.com\/fandeli-retail\/?page_id=13"},{"@type":"ListItem","position":3,"name":"Lija para madera y metal X-86"}]},{"@type":"WebSite","@id":"https:\/\/fandeli.com\/fandeli-retail\/#website","url":"https:\/\/fandeli.com\/fandeli-retail\/","name":"FANDELI M\u00e9xico","description":"FANDELI M\u00e9xico","publisher":{"@id":"https:\/\/fandeli.com\/fandeli-retail\/#organization"},"potentialAction":[{"@type":"SearchAction","target":{"@type":"EntryPoint","urlTemplate":"https:\/\/fandeli.com\/fandeli-retail\/?s={search_term_string}"},"query-input":{"@type":"PropertyValueSpecification","valueRequired":true,"valueName":"search_term_string"}}],"inLanguage":"es"},{"@type":"Organization","@id":"https:\/\/fandeli.com\/fandeli-retail\/#organization","name":"FANDELI M\u00e9xico","url":"https:\/\/fandeli.com\/fandeli-retail\/","logo":{"@type":"ImageObject","inLanguage":"es","@id":"https:\/\/fandeli.com\/fandeli-retail\/#\/schema\/logo\/image\/","url":"http:\/\/abrasivosrevestidos.com\/wp-content\/uploads\/2024\/11\/logo-fandeli.svg","contentUrl":"http:\/\/abrasivosrevestidos.com\/wp-content\/uploads\/2024\/11\/logo-fandeli.svg","width":267,"height":65,"caption":"FANDELI M\u00e9xico"},"image":{"@id":"https:\/\/fandeli.com\/fandeli-retail\/#\/schema\/logo\/image\/"},"sameAs":["https:\/\/www.facebook.com\/FandeliMexico","https:\/\/x.com\/fandelimexico","https:\/\/www.instagram.com\/fandeli.mx\/","https:\/\/www.tiktok.com\/@fandeli_mx","https:\/\/www.youtube.com\/channel\/UCODX8hPCf8g6bu9Ho7Q7RsQ","https:\/\/www.linkedin.com\/company\/fandeli"]}]}},"jetpack_sharing_enabled":true,"_links":{"self":[{"href":"https:\/\/fandeli.com\/fandeli-retail\/wp-json\/wp\/v2\/product\/8836","targetHints":{"allow":["GET"]}}],"collection":[{"href":"https:\/\/fandeli.com\/fandeli-retail\/wp-json\/wp\/v2\/product"}],"about":[{"href":"https:\/\/fandeli.com\/fandeli-retail\/wp-json\/wp\/v2\/types\/product"}],"version-history":[{"count":1,"href":"https:\/\/fandeli.com\/fandeli-retail\/wp-json\/wp\/v2\/product\/8836\/revisions"}],"predecessor-version":[{"id":12427,"href":"https:\/\/fandeli.com\/fandeli-retail\/wp-json\/wp\/v2\/product\/8836\/revisions\/12427"}],"wp:featuredmedia":[{"embeddable":true,"href":"https:\/\/fandeli.com\/fandeli-retail\/wp-json\/wp\/v2\/media\/8837"}],"wp:attachment":[{"href":"https:\/\/fandeli.com\/fandeli-retail\/wp-json\/wp\/v2\/media?parent=8836"}],"wp:term":[{"taxonomy":"product_brand","embeddable":true,"href":"https:\/\/fandeli.com\/fandeli-retail\/wp-json\/wp\/v2\/product_brand?post=8836"},{"taxonomy":"product_cat","embeddable":true,"href":"https:\/\/fandeli.com\/fandeli-retail\/wp-json\/wp\/v2\/product_cat?post=8836"},{"taxonomy":"product_tag","embeddable":true,"href":"https:\/\/fandeli.com\/fandeli-retail\/wp-json\/wp\/v2\/product_tag?post=8836"}],"curies":[{"name":"wp","href":"https:\/\/api.w.org\/{rel}","templated":true}]}}