{"id":8797,"date":"2026-01-09T16:53:22","date_gmt":"2026-01-09T16:53:22","guid":{"rendered":"http:\/\/abrasivosrevestidos.com\/?post_type=product&#038;p=8797"},"modified":"2026-02-26T22:28:19","modified_gmt":"2026-02-26T22:28:19","slug":"lija-para-yeso-a090","status":"publish","type":"product","link":"https:\/\/fandeli.com\/fandeli-retail\/producto\/lija-para-yeso-a090\/","title":{"rendered":"Lija para yeso A090"},"content":{"rendered":"<p><b>Lija para yeso A090<\/b> dise\u00f1ada con grados mediano, fino y extrafino, como lija para yeso 120, lija para yeso 150, etc. Ideal para operaciones de lijado en pl\u00e1sticos, fibra de vidrio, poli\u00e9ster, metales no ferrosos, yeso y tablaroca, cielorrasos, pinturas y otros recubrimientos como emplastes de pasta para muro, uniones de placas de yeso y ornatos de yeso o bien alisar enduido de pared.<\/p>\n<table cellspacing=\"0\" cellpadding=\"0\" class=\"tabla\">\n<tr>\n<td><strong>SKU<\/strong><\/td>\n<td><strong>L\u00cdNEA | GRADOS<\/strong><\/td>\n<td><strong>DIMENSIONES<\/strong><\/td>\n<td><strong>PULGS.<\/strong><\/td>\n<td><strong>CAJA<\/strong><\/td>\n<td><strong>\u00a0EMPAQUE<\/strong><\/td>\n<\/tr>\n<tr>\n<td>00200<\/td>\n<td>LIJA FANDELI A090 | 080\u00a0 <\/td>\n<td>0.230m X 0.280m PAPEL<\/td>\n<td>9&quot; x 11&quot;<\/td>\n<td>500<\/td>\n<td>50<\/td>\n<\/tr>\n<tr>\n<td>00201<\/td>\n<td>LIJA FANDELI A090 | 100\u00a0 <\/td>\n<td>0.230m X 0.280m PAPEL<\/td>\n<td>9&quot; x 11&quot;<\/td>\n<td>500<\/td>\n<td>50<\/td>\n<\/tr>\n<tr>\n<td>00202<\/td>\n<td>LIJA FANDELI A090 | 120\u00a0 <\/td>\n<td>0.230m X 0.280m PAPEL<\/td>\n<td>9&quot; x 11&quot;<\/td>\n<td>500<\/td>\n<td>50<\/td>\n<\/tr>\n<tr>\n<td>00203<\/td>\n<td>LIJA FANDELI A090 | 150\u00a0 <\/td>\n<td>0.230m X 0.280m PAPEL<\/td>\n<td>9&quot; x 11&quot;<\/td>\n<td>500<\/td>\n<td>50<\/td>\n<\/tr>\n<tr>\n<td>00204<\/td>\n<td>LIJA FANDELI A090 | 180\u00a0 <\/td>\n<td>0.230m X 0.280m PAPEL<\/td>\n<td>9&quot; x 11&quot;<\/td>\n<td>500<\/td>\n<td>50<\/td>\n<\/tr>\n<tr>\n<td>00205<\/td>\n<td>LIJA FANDELI A090 | 220\u00a0 <\/td>\n<td>0.230m X 0.280m PAPEL<\/td>\n<td>9&quot; x 11&quot;<\/td>\n<td>500<\/td>\n<td>50<\/td>\n<\/tr>\n<tr>\n<td>00206<\/td>\n<td>LIJA FANDELI A090 | 240\u00a0 <\/td>\n<td>0.230m X 0.280m PAPEL<\/td>\n<td>9&quot; x 11&quot;<\/td>\n<td>500<\/td>\n<td>50<\/td>\n<\/tr>\n<tr>\n<td>00207<\/td>\n<td>LIJA FANDELI A090 | 280\u00a0 <\/td>\n<td>0.230m X 0.280m PAPEL<\/td>\n<td>9&quot; x 11&quot;<\/td>\n<td>500<\/td>\n<td>50<\/td>\n<\/tr>\n<tr>\n<td>00208<\/td>\n<td>LIJA FANDELI A090 | 320\u00a0 <\/td>\n<td>0.230m X 0.280m PAPEL<\/td>\n<td>9&quot; x 11&quot;<\/td>\n<td>500<\/td>\n<td>50<\/td>\n<\/tr>\n<tr>\n<td>00209<\/td>\n<td>LIJA FANDELI A090 | 360\u00a0 <\/td>\n<td>0.230m X 0.280m PAPEL<\/td>\n<td>9&quot; x 11&quot;<\/td>\n<td>500<\/td>\n<td>50<\/td>\n<\/tr>\n<\/table>\n","protected":false},"excerpt":{"rendered":"<p><strong>Aplicaciones de lija para yeso<\/strong><\/p>\n<ul class=\"lista\">\n<li>La lija para yeso es ideal para procesos de lijado que requieren una acci\u00f3n r\u00e1pida y agresiva en trabajos de preparaci\u00f3n de superficies.<\/li>\n<li>Esta lija para pared de yeso es adecuada para operaciones de lijado en pl\u00e1sticos, fibra de vidrio, poli\u00e9ster, metales no ferrosos, yeso y tablaroca, as\u00ed como en cielorrasos, pinturas y otros recubrimientos.<\/li>\n<li>La lija para pared de yeso se utiliza para alisar emplastes de pasta para muro, uniones de placas y ornatos, permite nivelar y dar un acabado uniforme antes de pintar.<\/li>\n<\/ul>\n<p><strong>Caracter\u00edsticas de lija para yeso<\/strong><\/p>\n<ul class=\"lista\">\n<li>El Carburo de Silicio de esta lija para yeso garantiza una acci\u00f3n de lijado r\u00e1pida y poderosa, logrando acabados de alta calidad.<\/li>\n<li>Su rango de grados finos y medios hace que la lija para pared de yeso sea \u00fatil para diversas operaciones y tipos de acabado.<\/li>\n<li>El Carburo de Silicio brinda caracter\u00edsticas de acabado \u00fanicas y consistentes.<\/li>\n<li>La capa lubricante de Estearato de Zinc previene el tapado prematuro, asegurando una mayor vida \u00fatil de la lija para yeso.<\/li>\n<\/ul>\n<p><strong>Aplicaciones y recomendaciones<\/strong><\/p>\n<p class=\"iconos\">\n<img decoding=\"async\" src=\"https:\/\/fandeli.com\/assets\/icons\/icon-madera.svg\" class=\"icono\" alt=\"Lija para yeso FANDELI A090 tambi\u00e9n adecuada para madera y superficies complementarias.\" \/><br \/>\n<img decoding=\"async\" src=\"https:\/\/fandeli.com\/assets\/icons\/icon-lacas.svg\" class=\"icono\" \" alt=\"Lija para yeso FANDELI A090 recomendada para lacas y pinturas al trabajar pared de yeso.\"\/><br \/>\n<img decoding=\"async\" src=\"https:\/\/fandeli.com\/assets\/icons\/icon-yeso.svg\" class=\"icono\" alt=\"Lija para yeso FANDELI A090 dise\u00f1ada espec\u00edficamente para trabajar pared de yeso con precisi\u00f3n.\"\/><br \/>\n<img decoding=\"async\" src=\"https:\/\/fandeli.com\/assets\/icons\/icon-plastico.svg\" class=\"icono\" alt=\"Lija para yeso FANDELI A090 ideal para pl\u00e1sticos y para preparar pared de yeso antes de pintar.\"\/><br \/>\n<br \/>\n<img decoding=\"async\" src=\"https:\/\/fandeli.com\/assets\/icons\/icon-uso-lija.svg\" class=\"icono\" alt=\"Lija para yeso FANDELI A090 para uso manual o lijadora orbital, ideal para acabado en pared de yeso.\"\/><br \/>\n<img decoding=\"async\" src=\"https:\/\/fandeli.com\/assets\/icons\/icon-corte-hoja.svg\" class=\"icono\" alt=\"Opciones de corte de hoja FANDELI A090 compatibles como lija para yeso y lija para pared de yeso.\"\/><br \/>\n<img decoding=\"async\" src=\"https:\/\/fandeli.com\/assets\/icons\/icon-lijado-humedo.svg\" class=\"icono\"  alt=\"Lija para yeso FANDELI A090 para lijado en h\u00famedo, logrando un acabado fino en pared de yeso.\"\/>\n<\/p>\n<div id=\"descarga\">\n<p class=\"lista\"><a href=\"https:\/\/fandeli.com\/assets\/fichas-tecnicas\/FANDELI-ficha-tecnica-linea-A090.pdf\" target=\"_blank\" class=\"botones\"><i class=\"fa fa-file\"><\/i>&nbsp;&nbsp; DESCARGA LA FICHA T\u00c9CNICA<\/a><\/p>\n<\/div>\n","protected":false},"featured_media":8795,"template":"","meta":{"inline_featured_image":false,"site-sidebar-layout":"default","site-content-layout":"","ast-site-content-layout":"default","site-content-style":"default","site-sidebar-style":"default","ast-global-header-display":"","ast-banner-title-visibility":"","ast-main-header-display":"","ast-hfb-above-header-display":"","ast-hfb-below-header-display":"","ast-hfb-mobile-header-display":"","site-post-title":"","ast-breadcrumbs-content":"","ast-featured-img":"","footer-sml-layout":"","ast-disable-related-posts":"","theme-transparent-header-meta":"default","adv-header-id-meta":"","stick-header-meta":"","header-above-stick-meta":"","header-main-stick-meta":"","header-below-stick-meta":"","astra-migrate-meta-layouts":"set","ast-page-background-enabled":"default","ast-page-background-meta":{"desktop":{"background-color":"var(--ast-global-color-4)","background-image":"","background-repeat":"repeat","background-position":"center center","background-size":"auto","background-attachment":"scroll","background-type":"","background-media":"","overlay-type":"","overlay-color":"","overlay-opacity":"","overlay-gradient":""},"tablet":{"background-color":"","background-image":"","background-repeat":"repeat","background-position":"center center","background-size":"auto","background-attachment":"scroll","background-type":"","background-media":"","overlay-type":"","overlay-color":"","overlay-opacity":"","overlay-gradient":""},"mobile":{"background-color":"","background-image":"","background-repeat":"repeat","background-position":"center center","background-size":"auto","background-attachment":"scroll","background-type":"","background-media":"","overlay-type":"","overlay-color":"","overlay-opacity":"","overlay-gradient":""}},"ast-content-background-meta":{"desktop":{"background-color":"var(--ast-global-color-5)","background-image":"","background-repeat":"repeat","background-position":"center center","background-size":"auto","background-attachment":"scroll","background-type":"","background-media":"","overlay-type":"","overlay-color":"","overlay-opacity":"","overlay-gradient":""},"tablet":{"background-color":"var(--ast-global-color-5)","background-image":"","background-repeat":"repeat","background-position":"center center","background-size":"auto","background-attachment":"scroll","background-type":"","background-media":"","overlay-type":"","overlay-color":"","overlay-opacity":"","overlay-gradient":""},"mobile":{"background-color":"var(--ast-global-color-5)","background-image":"","background-repeat":"repeat","background-position":"center center","background-size":"auto","background-attachment":"scroll","background-type":"","background-media":"","overlay-type":"","overlay-color":"","overlay-opacity":"","overlay-gradient":""}}},"product_brand":[],"product_cat":[22,26,383,381,27,28,24,45,43,42],"product_tag":[],"class_list":{"0":"post-8797","1":"product","2":"type-product","3":"status-publish","4":"has-post-thumbnail","6":"product_cat-construccion-es","7":"product_cat-hogar-es","8":"product_cat-hoja","9":"product_cat-hojas","10":"product_cat-lacas-y-pintura","11":"product_cat-lijas-es","12":"product_cat-mantenimiento-es","13":"product_cat-metales-no-ferrosos-es","14":"product_cat-plastico-es","15":"product_cat-yeso-es","16":"desktop-align-center","17":"tablet-align-left","18":"mobile-align-center","20":"first","21":"instock","22":"featured","23":"shipping-taxable","24":"product-type-simple"},"yoast_head":"<!-- This site is optimized with the Yoast SEO plugin v27.3 - https:\/\/yoast.com\/product\/yoast-seo-wordpress\/ -->\n<title>Lija para yeso A090 - FANDELI M\u00e9xico<\/title>\n<meta name=\"description\" content=\"Lija para yeso A090 FANDELI, ideal como lija para pared de yeso en trabajos de alisado y nivelaci\u00f3n. Ofrece lijado r\u00e1pido, acabado uniforme y alta durabilidad.\" \/>\n<meta name=\"robots\" content=\"index, follow, max-snippet:-1, max-image-preview:large, max-video-preview:-1\" \/>\n<link rel=\"canonical\" href=\"https:\/\/fandeli.com\/fandeli-retail\/producto\/lija-para-yeso-a090\/\" \/>\n<meta property=\"og:locale\" content=\"es_MX\" \/>\n<meta property=\"og:type\" content=\"article\" \/>\n<meta property=\"og:title\" content=\"Lija para yeso A090 - FANDELI M\u00e9xico\" \/>\n<meta property=\"og:description\" content=\"Lija para yeso A090 FANDELI, ideal como lija para pared de yeso en trabajos de alisado y nivelaci\u00f3n. Ofrece lijado r\u00e1pido, acabado uniforme y alta durabilidad.\" \/>\n<meta property=\"og:url\" content=\"https:\/\/fandeli.com\/fandeli-retail\/producto\/lija-para-yeso-a090\/\" \/>\n<meta property=\"og:site_name\" content=\"FANDELI M\u00e9xico\" \/>\n<meta property=\"article:publisher\" content=\"https:\/\/www.facebook.com\/FandeliMexico\" \/>\n<meta property=\"article:modified_time\" content=\"2026-02-26T22:28:19+00:00\" \/>\n<meta property=\"og:image\" content=\"https:\/\/fandeli.com\/fandeli-retail\/wp-content\/uploads\/2026\/01\/lija-A090.jpg\" \/>\n\t<meta property=\"og:image:width\" content=\"800\" \/>\n\t<meta property=\"og:image:height\" content=\"800\" \/>\n\t<meta property=\"og:image:type\" content=\"image\/jpeg\" \/>\n<meta name=\"twitter:card\" content=\"summary_large_image\" \/>\n<meta name=\"twitter:site\" content=\"@fandelimexico\" \/>\n<meta name=\"twitter:label1\" content=\"Tiempo de lectura\" \/>\n\t<meta name=\"twitter:data1\" content=\"2 minutos\" \/>\n<script type=\"application\/ld+json\" class=\"yoast-schema-graph\">{\"@context\":\"https:\\\/\\\/schema.org\",\"@graph\":[{\"@type\":\"WebPage\",\"@id\":\"https:\\\/\\\/fandeli.com\\\/fandeli-retail\\\/producto\\\/lija-para-yeso-a090\\\/\",\"url\":\"https:\\\/\\\/fandeli.com\\\/fandeli-retail\\\/producto\\\/lija-para-yeso-a090\\\/\",\"name\":\"Lija para yeso A090 - FANDELI M\u00e9xico\",\"isPartOf\":{\"@id\":\"https:\\\/\\\/fandeli.com\\\/fandeli-retail\\\/#website\"},\"primaryImageOfPage\":{\"@id\":\"https:\\\/\\\/fandeli.com\\\/fandeli-retail\\\/producto\\\/lija-para-yeso-a090\\\/#primaryimage\"},\"image\":{\"@id\":\"https:\\\/\\\/fandeli.com\\\/fandeli-retail\\\/producto\\\/lija-para-yeso-a090\\\/#primaryimage\"},\"thumbnailUrl\":\"https:\\\/\\\/fandeli.com\\\/fandeli-retail\\\/wp-content\\\/uploads\\\/2026\\\/01\\\/lija-A090.jpg\",\"datePublished\":\"2026-01-09T16:53:22+00:00\",\"dateModified\":\"2026-02-26T22:28:19+00:00\",\"description\":\"Lija para yeso A090 FANDELI, ideal como lija para pared de yeso en trabajos de alisado y nivelaci\u00f3n. Ofrece lijado r\u00e1pido, acabado uniforme y alta durabilidad.\",\"breadcrumb\":{\"@id\":\"https:\\\/\\\/fandeli.com\\\/fandeli-retail\\\/producto\\\/lija-para-yeso-a090\\\/#breadcrumb\"},\"inLanguage\":\"es\",\"potentialAction\":[{\"@type\":\"ReadAction\",\"target\":[\"https:\\\/\\\/fandeli.com\\\/fandeli-retail\\\/producto\\\/lija-para-yeso-a090\\\/\"]}]},{\"@type\":\"ImageObject\",\"inLanguage\":\"es\",\"@id\":\"https:\\\/\\\/fandeli.com\\\/fandeli-retail\\\/producto\\\/lija-para-yeso-a090\\\/#primaryimage\",\"url\":\"https:\\\/\\\/fandeli.com\\\/fandeli-retail\\\/wp-content\\\/uploads\\\/2026\\\/01\\\/lija-A090.jpg\",\"contentUrl\":\"https:\\\/\\\/fandeli.com\\\/fandeli-retail\\\/wp-content\\\/uploads\\\/2026\\\/01\\\/lija-A090.jpg\",\"width\":800,\"height\":800,\"caption\":\"Lija para yeso FANDELI A090 ideal para trabajos en pared de yeso con acabado uniforme\"},{\"@type\":\"BreadcrumbList\",\"@id\":\"https:\\\/\\\/fandeli.com\\\/fandeli-retail\\\/producto\\\/lija-para-yeso-a090\\\/#breadcrumb\",\"itemListElement\":[{\"@type\":\"ListItem\",\"position\":1,\"name\":\"Portada\",\"item\":\"https:\\\/\\\/fandeli.com\\\/fandeli-retail\\\/\"},{\"@type\":\"ListItem\",\"position\":2,\"name\":\"Tienda\",\"item\":\"https:\\\/\\\/fandeli.com\\\/fandeli-retail\\\/?page_id=13\"},{\"@type\":\"ListItem\",\"position\":3,\"name\":\"Lija para yeso A090\"}]},{\"@type\":\"WebSite\",\"@id\":\"https:\\\/\\\/fandeli.com\\\/fandeli-retail\\\/#website\",\"url\":\"https:\\\/\\\/fandeli.com\\\/fandeli-retail\\\/\",\"name\":\"FANDELI M\u00e9xico\",\"description\":\"FANDELI M\u00e9xico\",\"publisher\":{\"@id\":\"https:\\\/\\\/fandeli.com\\\/fandeli-retail\\\/#organization\"},\"potentialAction\":[{\"@type\":\"SearchAction\",\"target\":{\"@type\":\"EntryPoint\",\"urlTemplate\":\"https:\\\/\\\/fandeli.com\\\/fandeli-retail\\\/?s={search_term_string}\"},\"query-input\":{\"@type\":\"PropertyValueSpecification\",\"valueRequired\":true,\"valueName\":\"search_term_string\"}}],\"inLanguage\":\"es\"},{\"@type\":\"Organization\",\"@id\":\"https:\\\/\\\/fandeli.com\\\/fandeli-retail\\\/#organization\",\"name\":\"FANDELI M\u00e9xico\",\"url\":\"https:\\\/\\\/fandeli.com\\\/fandeli-retail\\\/\",\"logo\":{\"@type\":\"ImageObject\",\"inLanguage\":\"es\",\"@id\":\"https:\\\/\\\/fandeli.com\\\/fandeli-retail\\\/#\\\/schema\\\/logo\\\/image\\\/\",\"url\":\"http:\\\/\\\/abrasivosrevestidos.com\\\/wp-content\\\/uploads\\\/2024\\\/11\\\/logo-fandeli.svg\",\"contentUrl\":\"http:\\\/\\\/abrasivosrevestidos.com\\\/wp-content\\\/uploads\\\/2024\\\/11\\\/logo-fandeli.svg\",\"width\":267,\"height\":65,\"caption\":\"FANDELI M\u00e9xico\"},\"image\":{\"@id\":\"https:\\\/\\\/fandeli.com\\\/fandeli-retail\\\/#\\\/schema\\\/logo\\\/image\\\/\"},\"sameAs\":[\"https:\\\/\\\/www.facebook.com\\\/FandeliMexico\",\"https:\\\/\\\/x.com\\\/fandelimexico\",\"https:\\\/\\\/www.instagram.com\\\/fandeli.mx\\\/\",\"https:\\\/\\\/www.tiktok.com\\\/@fandeli_mx\",\"https:\\\/\\\/www.youtube.com\\\/channel\\\/UCODX8hPCf8g6bu9Ho7Q7RsQ\",\"https:\\\/\\\/www.linkedin.com\\\/company\\\/fandeli\"]}]}<\/script>\n<!-- \/ Yoast SEO plugin. -->","yoast_head_json":{"title":"Lija para yeso A090 - FANDELI M\u00e9xico","description":"Lija para yeso A090 FANDELI, ideal como lija para pared de yeso en trabajos de alisado y nivelaci\u00f3n. Ofrece lijado r\u00e1pido, acabado uniforme y alta durabilidad.","robots":{"index":"index","follow":"follow","max-snippet":"max-snippet:-1","max-image-preview":"max-image-preview:large","max-video-preview":"max-video-preview:-1"},"canonical":"https:\/\/fandeli.com\/fandeli-retail\/producto\/lija-para-yeso-a090\/","og_locale":"es_MX","og_type":"article","og_title":"Lija para yeso A090 - FANDELI M\u00e9xico","og_description":"Lija para yeso A090 FANDELI, ideal como lija para pared de yeso en trabajos de alisado y nivelaci\u00f3n. Ofrece lijado r\u00e1pido, acabado uniforme y alta durabilidad.","og_url":"https:\/\/fandeli.com\/fandeli-retail\/producto\/lija-para-yeso-a090\/","og_site_name":"FANDELI M\u00e9xico","article_publisher":"https:\/\/www.facebook.com\/FandeliMexico","article_modified_time":"2026-02-26T22:28:19+00:00","og_image":[{"width":800,"height":800,"url":"https:\/\/fandeli.com\/fandeli-retail\/wp-content\/uploads\/2026\/01\/lija-A090.jpg","type":"image\/jpeg"}],"twitter_card":"summary_large_image","twitter_site":"@fandelimexico","twitter_misc":{"Tiempo de lectura":"2 minutos"},"schema":{"@context":"https:\/\/schema.org","@graph":[{"@type":"WebPage","@id":"https:\/\/fandeli.com\/fandeli-retail\/producto\/lija-para-yeso-a090\/","url":"https:\/\/fandeli.com\/fandeli-retail\/producto\/lija-para-yeso-a090\/","name":"Lija para yeso A090 - FANDELI M\u00e9xico","isPartOf":{"@id":"https:\/\/fandeli.com\/fandeli-retail\/#website"},"primaryImageOfPage":{"@id":"https:\/\/fandeli.com\/fandeli-retail\/producto\/lija-para-yeso-a090\/#primaryimage"},"image":{"@id":"https:\/\/fandeli.com\/fandeli-retail\/producto\/lija-para-yeso-a090\/#primaryimage"},"thumbnailUrl":"https:\/\/fandeli.com\/fandeli-retail\/wp-content\/uploads\/2026\/01\/lija-A090.jpg","datePublished":"2026-01-09T16:53:22+00:00","dateModified":"2026-02-26T22:28:19+00:00","description":"Lija para yeso A090 FANDELI, ideal como lija para pared de yeso en trabajos de alisado y nivelaci\u00f3n. Ofrece lijado r\u00e1pido, acabado uniforme y alta durabilidad.","breadcrumb":{"@id":"https:\/\/fandeli.com\/fandeli-retail\/producto\/lija-para-yeso-a090\/#breadcrumb"},"inLanguage":"es","potentialAction":[{"@type":"ReadAction","target":["https:\/\/fandeli.com\/fandeli-retail\/producto\/lija-para-yeso-a090\/"]}]},{"@type":"ImageObject","inLanguage":"es","@id":"https:\/\/fandeli.com\/fandeli-retail\/producto\/lija-para-yeso-a090\/#primaryimage","url":"https:\/\/fandeli.com\/fandeli-retail\/wp-content\/uploads\/2026\/01\/lija-A090.jpg","contentUrl":"https:\/\/fandeli.com\/fandeli-retail\/wp-content\/uploads\/2026\/01\/lija-A090.jpg","width":800,"height":800,"caption":"Lija para yeso FANDELI A090 ideal para trabajos en pared de yeso con acabado uniforme"},{"@type":"BreadcrumbList","@id":"https:\/\/fandeli.com\/fandeli-retail\/producto\/lija-para-yeso-a090\/#breadcrumb","itemListElement":[{"@type":"ListItem","position":1,"name":"Portada","item":"https:\/\/fandeli.com\/fandeli-retail\/"},{"@type":"ListItem","position":2,"name":"Tienda","item":"https:\/\/fandeli.com\/fandeli-retail\/?page_id=13"},{"@type":"ListItem","position":3,"name":"Lija para yeso A090"}]},{"@type":"WebSite","@id":"https:\/\/fandeli.com\/fandeli-retail\/#website","url":"https:\/\/fandeli.com\/fandeli-retail\/","name":"FANDELI M\u00e9xico","description":"FANDELI M\u00e9xico","publisher":{"@id":"https:\/\/fandeli.com\/fandeli-retail\/#organization"},"potentialAction":[{"@type":"SearchAction","target":{"@type":"EntryPoint","urlTemplate":"https:\/\/fandeli.com\/fandeli-retail\/?s={search_term_string}"},"query-input":{"@type":"PropertyValueSpecification","valueRequired":true,"valueName":"search_term_string"}}],"inLanguage":"es"},{"@type":"Organization","@id":"https:\/\/fandeli.com\/fandeli-retail\/#organization","name":"FANDELI M\u00e9xico","url":"https:\/\/fandeli.com\/fandeli-retail\/","logo":{"@type":"ImageObject","inLanguage":"es","@id":"https:\/\/fandeli.com\/fandeli-retail\/#\/schema\/logo\/image\/","url":"http:\/\/abrasivosrevestidos.com\/wp-content\/uploads\/2024\/11\/logo-fandeli.svg","contentUrl":"http:\/\/abrasivosrevestidos.com\/wp-content\/uploads\/2024\/11\/logo-fandeli.svg","width":267,"height":65,"caption":"FANDELI M\u00e9xico"},"image":{"@id":"https:\/\/fandeli.com\/fandeli-retail\/#\/schema\/logo\/image\/"},"sameAs":["https:\/\/www.facebook.com\/FandeliMexico","https:\/\/x.com\/fandelimexico","https:\/\/www.instagram.com\/fandeli.mx\/","https:\/\/www.tiktok.com\/@fandeli_mx","https:\/\/www.youtube.com\/channel\/UCODX8hPCf8g6bu9Ho7Q7RsQ","https:\/\/www.linkedin.com\/company\/fandeli"]}]}},"jetpack_sharing_enabled":true,"_links":{"self":[{"href":"https:\/\/fandeli.com\/fandeli-retail\/wp-json\/wp\/v2\/product\/8797","targetHints":{"allow":["GET"]}}],"collection":[{"href":"https:\/\/fandeli.com\/fandeli-retail\/wp-json\/wp\/v2\/product"}],"about":[{"href":"https:\/\/fandeli.com\/fandeli-retail\/wp-json\/wp\/v2\/types\/product"}],"version-history":[{"count":2,"href":"https:\/\/fandeli.com\/fandeli-retail\/wp-json\/wp\/v2\/product\/8797\/revisions"}],"predecessor-version":[{"id":12443,"href":"https:\/\/fandeli.com\/fandeli-retail\/wp-json\/wp\/v2\/product\/8797\/revisions\/12443"}],"wp:featuredmedia":[{"embeddable":true,"href":"https:\/\/fandeli.com\/fandeli-retail\/wp-json\/wp\/v2\/media\/8795"}],"wp:attachment":[{"href":"https:\/\/fandeli.com\/fandeli-retail\/wp-json\/wp\/v2\/media?parent=8797"}],"wp:term":[{"taxonomy":"product_brand","embeddable":true,"href":"https:\/\/fandeli.com\/fandeli-retail\/wp-json\/wp\/v2\/product_brand?post=8797"},{"taxonomy":"product_cat","embeddable":true,"href":"https:\/\/fandeli.com\/fandeli-retail\/wp-json\/wp\/v2\/product_cat?post=8797"},{"taxonomy":"product_tag","embeddable":true,"href":"https:\/\/fandeli.com\/fandeli-retail\/wp-json\/wp\/v2\/product_tag?post=8797"}],"curies":[{"name":"wp","href":"https:\/\/api.w.org\/{rel}","templated":true}]}}