{"id":8787,"date":"2026-01-09T15:46:15","date_gmt":"2026-01-09T15:46:15","guid":{"rendered":"http:\/\/abrasivosrevestidos.com\/?post_type=product&#038;p=8787"},"modified":"2026-02-26T22:28:19","modified_gmt":"2026-02-26T22:28:19","slug":"lija-de-agua-a-99-b-99-c-99","status":"publish","type":"product","link":"https:\/\/fandeli.com\/fandeli-retail\/producto\/lija-de-agua-a-99-b-99-c-99\/","title":{"rendered":"Lija de agua A-99, B-99, C-99"},"content":{"rendered":"<p><b>Lija de agua A-99<\/b> con grados extra finos ideales para el acabado final, como la lija de agua 220, lija de agua 320, lija de agua 400, lija de agua 600 y m\u00e1s. Su respaldo con propiedades antideslizantes permite trabajar en seco o h\u00famedo, logrando acabados uniformes y precisos.<\/p>\n<p><b>Lija de agua B-99<\/b> dise\u00f1ada con grados micro finos como la lija de agua 1000, lija de agua 1500 y lija de agua 2000, ideal para microacabados y procesos de repintado automotriz sobre lacas, pinturas o metales. Tambi\u00e9n puede utilizar en superficies de pl\u00e1stico y vidrio.<\/p>\n<p><b>Lija de agua C-99<\/b> disponible en granos medianos, finos y extra finos para desbaste, acabado intermedio y final. Incluye lijas de agua 100, lija de agua 120, lija de agua 180 y m\u00e1s. Su estructura cerrada ofrece un lijado r\u00e1pido, uniforme y de larga duraci\u00f3n.<\/p>\n<table class=\"tabla\" cellspacing=\"0\" cellpadding=\"0\">\n<tbody>\n<tr>\n<td><strong>SKU<\/strong><\/td>\n<td><strong>L\u00cdNEA | GRADOS<\/strong><\/td>\n<td><strong>DIMENSIONES<\/strong><\/td>\n<td><strong>PULGS.<\/strong><\/td>\n<td><strong>CAJA<\/strong><\/td>\n<td><strong>\u00a0EMPAQUE<\/strong><\/td>\n<\/tr>\n<tr>\n<td>00037<\/td>\n<td>LIJA FANDELI A-99 | 220<\/td>\n<td>0.230m X 0.280m PAPEL<\/td>\n<td>9&#8243; x 11&#8243;<\/td>\n<td>500<\/td>\n<td>50<\/td>\n<\/tr>\n<tr>\n<td>00038<\/td>\n<td>LIJA FANDELI A-99 | 240<\/td>\n<td>0.230m X 0.280m PAPEL<\/td>\n<td>9&#8243; x 11&#8243;<\/td>\n<td>500<\/td>\n<td>50<\/td>\n<\/tr>\n<tr>\n<td>00039<\/td>\n<td>LIJA FANDELI A-99 | 280<\/td>\n<td>0.230m X 0.280m PAPEL<\/td>\n<td>9&#8243; x 11&#8243;<\/td>\n<td>500<\/td>\n<td>50<\/td>\n<\/tr>\n<tr>\n<td>00040<\/td>\n<td>LIJA FANDELI A-99 | 320<\/td>\n<td>0.230m X 0.280m PAPEL<\/td>\n<td>9&#8243; x 11&#8243;<\/td>\n<td>500<\/td>\n<td>50<\/td>\n<\/tr>\n<tr>\n<td>00041<\/td>\n<td>LIJA FANDELI A-99 | 360<\/td>\n<td>0.230m X 0.280m PAPEL<\/td>\n<td>9&#8243; x 11&#8243;<\/td>\n<td>500<\/td>\n<td>50<\/td>\n<\/tr>\n<tr>\n<td>00042<\/td>\n<td>LIJA FANDELI A-99 | 400<\/td>\n<td>0.230m X 0.280m PAPEL<\/td>\n<td>9&#8243; x 11&#8243;<\/td>\n<td>500<\/td>\n<td>50<\/td>\n<\/tr>\n<tr>\n<td>00043<\/td>\n<td>LIJA FANDELI A-99 | 500<\/td>\n<td>0.230m X 0.280m PAPEL<\/td>\n<td>9&#8243; x 11&#8243;<\/td>\n<td>500<\/td>\n<td>50<\/td>\n<\/tr>\n<tr>\n<td>00044<\/td>\n<td>LIJA FANDELI A-99 | 600<\/td>\n<td>0.230m X 0.280m PAPEL<\/td>\n<td>9&#8243; x 11&#8243;<\/td>\n<td>500<\/td>\n<td>50<\/td>\n<\/tr>\n<tr>\n<td>05525<\/td>\n<td>LIJA FANDELI B-99 | 1000<\/td>\n<td>0.230m X 0.280m PAPEL<\/td>\n<td>9&#8243; x 11&#8243;<\/td>\n<td>250<\/td>\n<td>25<\/td>\n<\/tr>\n<tr>\n<td>00048<\/td>\n<td>LIJA FANDELI B-99 | 1200<\/td>\n<td>0.230m X 0.280m PAPEL<\/td>\n<td>9&#8243; x 11&#8243;<\/td>\n<td>250<\/td>\n<td>25<\/td>\n<\/tr>\n<tr>\n<td>00049<\/td>\n<td>LIJA FANDELI B-99 | 1500<\/td>\n<td>0.230m X 0.280m PAPEL<\/td>\n<td>9&#8243; x 11&#8243;<\/td>\n<td>250<\/td>\n<td>25<\/td>\n<\/tr>\n<tr>\n<td>10965<\/td>\n<td>LIJA FANDELI B-99 | 2000<\/td>\n<td>0.230m X 0.280m PAPEL<\/td>\n<td>9&#8243; x 11&#8243;<\/td>\n<td>250<\/td>\n<td>25<\/td>\n<\/tr>\n<tr>\n<td>00778<\/td>\n<td>LIJA FANDELI C-99 | 060<\/td>\n<td>0.230m X 0.280m PAPEL<\/td>\n<td>9&#8243; x 11&#8243;<\/td>\n<td>500<\/td>\n<td>50<\/td>\n<\/tr>\n<tr>\n<td>00051<\/td>\n<td>LIJA FANDELI C-99 | 080<\/td>\n<td>0.230m X 0.280m PAPEL<\/td>\n<td>9&#8243; x 11&#8243;<\/td>\n<td>500<\/td>\n<td>50<\/td>\n<\/tr>\n<tr>\n<td>00052<\/td>\n<td>LIJA FANDELI C-99 | 100<\/td>\n<td>0.230m X 0.280m PAPEL<\/td>\n<td>9&#8243; x 11&#8243;<\/td>\n<td>500<\/td>\n<td>50<\/td>\n<\/tr>\n<tr>\n<td>00053<\/td>\n<td>LIJA FANDELI C-99 | 120<\/td>\n<td>0.230m X 0.280m PAPEL<\/td>\n<td>9&#8243; x 11&#8243;<\/td>\n<td>500<\/td>\n<td>50<\/td>\n<\/tr>\n<tr>\n<td>00054<\/td>\n<td>LIJA FANDELI C-99 | 150<\/td>\n<td>0.230m X 0.280m PAPEL<\/td>\n<td>9&#8243; x 11&#8243;<\/td>\n<td>500<\/td>\n<td>50<\/td>\n<\/tr>\n<tr>\n<td>00055<\/td>\n<td>LIJA FANDELI C-99 | 180<\/td>\n<td>0.230m X 0.280m PAPEL<\/td>\n<td>9&#8243; x 11&#8243;<\/td>\n<td>500<\/td>\n<td>50<\/td>\n<\/tr>\n<\/tbody>\n<\/table>\n","protected":false},"excerpt":{"rendered":"<p><strong>Aplicaciones de la lija de agua <\/strong><\/p>\n<ul class=\"lista\">\n<li>F\u00e1bricas y talleres: Gracias a su papel de lija resistente al agua, permite limpiar y preparar sustratos con facilidad, ofreciendo un lijado uniforme y duradero, adem\u00e1s se cuenta con diferentes medidas de lijas de agua.<\/li>\n<li>Industria Metalmec\u00e1nica y Mantenimiento: En este sector es ideal pulir con lija de agua superficies no ferrosas como cobre, aluminio, zamak, pl\u00e1sticos y fibra de vidrio, obteniendo acabados finos y precisos gracias a su resistente lija papel que asegura un rendimiento constante.<\/li>\n<li>Talleres de Hojalater\u00eda y Pintura: La lija de agua para metal es perfecta para el lijado de pastas, masillas, primarios y lacas automotrices. Se recomienda elegir las medidas de lijas de agua adecuadas seg\u00fan el tipo de acabado requerido.<\/li>\n<li>Proyectos en el hogar: La lija de agua con respaldo de papel de lija impermeable es ideal para limpiar metales, lijar pl\u00e1sticos, vidrio, aluminio, resinas, cer\u00e1mica, pintura, laca y barniz.<\/li>\n<\/ul>\n<p><strong>Caracter\u00edsticas de la lija de agua<\/strong><\/p>\n<ul class=\"lista\">\n<li>Su alta resistencia y poder de lijado facilitan operaciones que requieren gran demanda y precisi\u00f3n, especialmente al pulir con lija de agua y utilizando lija papel de alta calidad.<\/li>\n<li>Dorso de papel de lija impermeable con propiedades antideslizantes que permiten trabajar tanto en seco como en h\u00famedo.<\/li>\n<li>Su estructura cerrada asegura un lijado r\u00e1pido, uniforme y una larga vida \u00fatil en todas las medidas de lijas de agua.<\/li>\n<li>El Carburo de Silicio logra un acabado profesional en aplicaciones h\u00famedas y en procesos con lija de agua para metal.<\/li>\n<\/ul>\n<p><strong>Aplicaciones y recomendaciones<\/strong><\/p>\n<p class=\"iconos\">\n<img decoding=\"async\" class=\"icono\" src=\"https:\/\/fandeli.com\/assets\/icons\/icon-plastico.svg\" alt=\"Lija papel FANDELI, icono de pl\u00e1sticos y reciclaje de PET.\" \/><br \/>\n<img decoding=\"async\" class=\"icono\" src=\"https:\/\/fandeli.com\/assets\/icons\/icon-lacas.svg\" alt=\"Lija de agua FANDELI perfecta para lijar pintura, laca y barniz en procesos automotrices.\" \/><br \/>\n<img decoding=\"async\" class=\"icono\" src=\"https:\/\/fandeli.com\/assets\/icons\/icon-metal-noferroso.svg\" alt=\"Lija de agua para metal no ferroso FANDELI recomendada para pulir con lija de agua aluminio, cobre y zamak.\" \/><br \/>\n<img decoding=\"async\" class=\"icono\" src=\"https:\/\/fandeli.com\/assets\/icons\/icon-vidrio.svg\" alt=\"Lija de agua FANDELI ideal para lijar y pulir vidrio con precisi\u00f3n y acabado uniforme.\" \/><br \/>\n<img decoding=\"async\" class=\"icono\" src=\"https:\/\/fandeli.com\/assets\/icons\/icon-uso-lija.svg\" alt=\"Lija de agua FANDELI adaptable para uso manual o con lijadoras orbitales de diferentes medidas.\" \/> <img decoding=\"async\" class=\"icono\" src=\"https:\/\/fandeli.com\/assets\/icons\/icon-corte-hoja.svg\" alt=\"Opciones de corte de hoja y medidas de lijas de agua FANDELI para todo tipo de trabajo.\" \/> <img decoding=\"async\" class=\"icono\" src=\"https:\/\/fandeli.com\/assets\/icons\/icon-lijado-humedo.svg\" alt=\"Papel de lija FANDELI dise\u00f1ado para lijado en h\u00famedo con excelente resistencia al agua.\" \/>\n<\/p>\n<div id=\"descarga\">\n<p class=\"ficha\"><a class=\"botones\" href=\"https:\/\/fandeli.com\/assets\/fichas-tecnicas\/FANDELI-ficha-tecnica-de-lija-de-agua-A-99.pdf\" target=\"_blank\" rel=\"noopener\"><i class=\"fa fa-file\"><\/i>\u00a0\u00a0 DESCARGA LA FICHA T\u00c9CNICA A-99<\/a><\/p>\n<p><a class=\"botones\" href=\"https:\/\/fandeli.com\/assets\/fichas-tecnicas\/FANDELI-ficha-tecnica-de-lija-de-agua-B-99.pdf\" target=\"_blank\" rel=\"noopener\"><i class=\"fa fa-file\"><\/i>\u00a0\u00a0 DESCARGA LA FICHA T\u00c9CNICA B-99<\/a><\/p>\n<p><a class=\"botones\" href=\"https:\/\/fandeli.com\/assets\/fichas-tecnicas\/FANDELI-ficha-tecnica-de-lija-de-agua-C-99.pdf\" target=\"_blank\" rel=\"noopener\"><i class=\"fa fa-file\"><\/i>\u00a0\u00a0 DESCARGA LA FICHA T\u00c9CNICA C-99<\/a><\/p>\n<h5><strong>Descarga las fotos del producto<\/strong><\/h5>\n<div id=\"foto\">\n<div class=\"foto1\"><a class=\"btn-foto\" href=\"https:\/\/fandeli.com\/assets\/img\/hoja_a_99_300_dpis_comercial.zip\" target=\"_blank\" rel=\"noopener\">300 dpis<\/a><\/div>\n<div class=\"foto2\"><a class=\"btn-foto\" href=\"https:\/\/fandeli.com\/assets\/img\/hoja_a_99_150_dpis_comercial.zip\" target=\"_blank\" rel=\"noopener\">150 dpis<\/a><\/div>\n<div class=\"foto3\"><a class=\"btn-foto\" href=\"https:\/\/fandeli.com\/assets\/img\/hoja_a_99_72_dpis_comercial.zip\" target=\"_blank\" rel=\"noopener\">72 dpis<\/a><\/div>\n<\/div>\n<\/div>\n","protected":false},"featured_media":8786,"template":"","meta":{"inline_featured_image":false,"site-sidebar-layout":"default","site-content-layout":"","ast-site-content-layout":"default","site-content-style":"default","site-sidebar-style":"default","ast-global-header-display":"","ast-banner-title-visibility":"","ast-main-header-display":"","ast-hfb-above-header-display":"","ast-hfb-below-header-display":"","ast-hfb-mobile-header-display":"","site-post-title":"","ast-breadcrumbs-content":"","ast-featured-img":"","footer-sml-layout":"","ast-disable-related-posts":"","theme-transparent-header-meta":"default","adv-header-id-meta":"","stick-header-meta":"","header-above-stick-meta":"","header-main-stick-meta":"","header-below-stick-meta":"","astra-migrate-meta-layouts":"set","ast-page-background-enabled":"default","ast-page-background-meta":{"desktop":{"background-color":"var(--ast-global-color-4)","background-image":"","background-repeat":"repeat","background-position":"center center","background-size":"auto","background-attachment":"scroll","background-type":"","background-media":"","overlay-type":"","overlay-color":"","overlay-opacity":"","overlay-gradient":""},"tablet":{"background-color":"","background-image":"","background-repeat":"repeat","background-position":"center center","background-size":"auto","background-attachment":"scroll","background-type":"","background-media":"","overlay-type":"","overlay-color":"","overlay-opacity":"","overlay-gradient":""},"mobile":{"background-color":"","background-image":"","background-repeat":"repeat","background-position":"center center","background-size":"auto","background-attachment":"scroll","background-type":"","background-media":"","overlay-type":"","overlay-color":"","overlay-opacity":"","overlay-gradient":""}},"ast-content-background-meta":{"desktop":{"background-color":"var(--ast-global-color-5)","background-image":"","background-repeat":"repeat","background-position":"center center","background-size":"auto","background-attachment":"scroll","background-type":"","background-media":"","overlay-type":"","overlay-color":"","overlay-opacity":"","overlay-gradient":""},"tablet":{"background-color":"var(--ast-global-color-5)","background-image":"","background-repeat":"repeat","background-position":"center center","background-size":"auto","background-attachment":"scroll","background-type":"","background-media":"","overlay-type":"","overlay-color":"","overlay-opacity":"","overlay-gradient":""},"mobile":{"background-color":"var(--ast-global-color-5)","background-image":"","background-repeat":"repeat","background-position":"center center","background-size":"auto","background-attachment":"scroll","background-type":"","background-media":"","overlay-type":"","overlay-color":"","overlay-opacity":"","overlay-gradient":""}}},"product_brand":[],"product_cat":[19,22,287,20,26,383,381,27,28,24,44,45,43],"product_tag":[],"class_list":{"0":"post-8787","1":"product","2":"type-product","3":"status-publish","4":"has-post-thumbnail","6":"product_cat-carpinteria-es","7":"product_cat-construccion-es","8":"product_cat-fibra-de-vidrio","9":"product_cat-herreria-es","10":"product_cat-hogar-es","11":"product_cat-hoja","12":"product_cat-hojas","13":"product_cat-lacas-y-pintura","14":"product_cat-lijas-es","15":"product_cat-mantenimiento-es","16":"product_cat-metal-es","17":"product_cat-metales-no-ferrosos-es","18":"product_cat-plastico-es","19":"desktop-align-center","20":"tablet-align-left","21":"mobile-align-center","23":"first","24":"instock","25":"featured","26":"shipping-taxable","27":"product-type-simple"},"yoast_head":"<!-- This site is optimized with the Yoast SEO plugin v27.5 - https:\/\/yoast.com\/product\/yoast-seo-wordpress\/ -->\n<title>Lija de agua A-99, B-99, C-99 - FANDELI M\u00e9xico<\/title>\n<meta name=\"description\" content=\"Descubre la lija de agua FANDELI, ideal para pulir superficies met\u00e1licas y no ferrosas, en seco o h\u00famedo. Con diferentes medidas de lijas de agua y dorso de lija papel resistente, obt\u00e9n acabados finos, precisos y duraderos en cada aplicaci\u00f3n.\" \/>\n<meta name=\"robots\" content=\"index, follow, max-snippet:-1, max-image-preview:large, max-video-preview:-1\" \/>\n<link rel=\"canonical\" href=\"https:\/\/fandeli.com\/fandeli-retail\/producto\/lija-de-agua-a-99-b-99-c-99\/\" \/>\n<meta property=\"og:locale\" content=\"es_MX\" \/>\n<meta property=\"og:type\" content=\"article\" \/>\n<meta property=\"og:title\" content=\"Lija de agua A-99, B-99, C-99 - FANDELI M\u00e9xico\" \/>\n<meta property=\"og:description\" content=\"Descubre la lija de agua FANDELI, ideal para pulir superficies met\u00e1licas y no ferrosas, en seco o h\u00famedo. Con diferentes medidas de lijas de agua y dorso de lija papel resistente, obt\u00e9n acabados finos, precisos y duraderos en cada aplicaci\u00f3n.\" \/>\n<meta property=\"og:url\" content=\"https:\/\/fandeli.com\/fandeli-retail\/producto\/lija-de-agua-a-99-b-99-c-99\/\" \/>\n<meta property=\"og:site_name\" content=\"FANDELI M\u00e9xico\" \/>\n<meta property=\"article:publisher\" content=\"https:\/\/www.facebook.com\/FandeliMexico\" \/>\n<meta property=\"article:modified_time\" content=\"2026-02-26T22:28:19+00:00\" \/>\n<meta property=\"og:image\" content=\"https:\/\/fandeli.com\/fandeli-retail\/wp-content\/uploads\/2026\/01\/lija-agua-A-99-B-99-C-99.jpg\" \/>\n\t<meta property=\"og:image:width\" content=\"800\" \/>\n\t<meta property=\"og:image:height\" content=\"800\" \/>\n\t<meta property=\"og:image:type\" content=\"image\/jpeg\" \/>\n<meta name=\"twitter:card\" content=\"summary_large_image\" \/>\n<meta name=\"twitter:site\" content=\"@fandelimexico\" \/>\n<meta name=\"twitter:label1\" content=\"Tiempo de lectura\" \/>\n\t<meta name=\"twitter:data1\" content=\"3 minutos\" \/>\n<script type=\"application\/ld+json\" class=\"yoast-schema-graph\">{\"@context\":\"https:\\\/\\\/schema.org\",\"@graph\":[{\"@type\":\"WebPage\",\"@id\":\"https:\\\/\\\/fandeli.com\\\/fandeli-retail\\\/producto\\\/lija-de-agua-a-99-b-99-c-99\\\/\",\"url\":\"https:\\\/\\\/fandeli.com\\\/fandeli-retail\\\/producto\\\/lija-de-agua-a-99-b-99-c-99\\\/\",\"name\":\"Lija de agua A-99, B-99, C-99 - FANDELI M\u00e9xico\",\"isPartOf\":{\"@id\":\"https:\\\/\\\/fandeli.com\\\/fandeli-retail\\\/#website\"},\"primaryImageOfPage\":{\"@id\":\"https:\\\/\\\/fandeli.com\\\/fandeli-retail\\\/producto\\\/lija-de-agua-a-99-b-99-c-99\\\/#primaryimage\"},\"image\":{\"@id\":\"https:\\\/\\\/fandeli.com\\\/fandeli-retail\\\/producto\\\/lija-de-agua-a-99-b-99-c-99\\\/#primaryimage\"},\"thumbnailUrl\":\"https:\\\/\\\/fandeli.com\\\/fandeli-retail\\\/wp-content\\\/uploads\\\/2026\\\/01\\\/lija-agua-A-99-B-99-C-99.jpg\",\"datePublished\":\"2026-01-09T15:46:15+00:00\",\"dateModified\":\"2026-02-26T22:28:19+00:00\",\"description\":\"Descubre la lija de agua FANDELI, ideal para pulir superficies met\u00e1licas y no ferrosas, en seco o h\u00famedo. Con diferentes medidas de lijas de agua y dorso de lija papel resistente, obt\u00e9n acabados finos, precisos y duraderos en cada aplicaci\u00f3n.\",\"breadcrumb\":{\"@id\":\"https:\\\/\\\/fandeli.com\\\/fandeli-retail\\\/producto\\\/lija-de-agua-a-99-b-99-c-99\\\/#breadcrumb\"},\"inLanguage\":\"es\",\"potentialAction\":[{\"@type\":\"ReadAction\",\"target\":[\"https:\\\/\\\/fandeli.com\\\/fandeli-retail\\\/producto\\\/lija-de-agua-a-99-b-99-c-99\\\/\"]}]},{\"@type\":\"ImageObject\",\"inLanguage\":\"es\",\"@id\":\"https:\\\/\\\/fandeli.com\\\/fandeli-retail\\\/producto\\\/lija-de-agua-a-99-b-99-c-99\\\/#primaryimage\",\"url\":\"https:\\\/\\\/fandeli.com\\\/fandeli-retail\\\/wp-content\\\/uploads\\\/2026\\\/01\\\/lija-agua-A-99-B-99-C-99.jpg\",\"contentUrl\":\"https:\\\/\\\/fandeli.com\\\/fandeli-retail\\\/wp-content\\\/uploads\\\/2026\\\/01\\\/lija-agua-A-99-B-99-C-99.jpg\",\"width\":800,\"height\":800,\"caption\":\"Lija de agua FANDELI A-99 B-99 y C-99 ideal para pulir con lija de agua y obtener acabados finos en metal y pl\u00e1stico\"},{\"@type\":\"BreadcrumbList\",\"@id\":\"https:\\\/\\\/fandeli.com\\\/fandeli-retail\\\/producto\\\/lija-de-agua-a-99-b-99-c-99\\\/#breadcrumb\",\"itemListElement\":[{\"@type\":\"ListItem\",\"position\":1,\"name\":\"Portada\",\"item\":\"https:\\\/\\\/fandeli.com\\\/fandeli-retail\\\/\"},{\"@type\":\"ListItem\",\"position\":2,\"name\":\"Tienda\",\"item\":\"https:\\\/\\\/fandeli.com\\\/fandeli-retail\\\/?page_id=13\"},{\"@type\":\"ListItem\",\"position\":3,\"name\":\"Lija de agua A-99, B-99, C-99\"}]},{\"@type\":\"WebSite\",\"@id\":\"https:\\\/\\\/fandeli.com\\\/fandeli-retail\\\/#website\",\"url\":\"https:\\\/\\\/fandeli.com\\\/fandeli-retail\\\/\",\"name\":\"FANDELI M\u00e9xico\",\"description\":\"FANDELI M\u00e9xico\",\"publisher\":{\"@id\":\"https:\\\/\\\/fandeli.com\\\/fandeli-retail\\\/#organization\"},\"potentialAction\":[{\"@type\":\"SearchAction\",\"target\":{\"@type\":\"EntryPoint\",\"urlTemplate\":\"https:\\\/\\\/fandeli.com\\\/fandeli-retail\\\/?s={search_term_string}\"},\"query-input\":{\"@type\":\"PropertyValueSpecification\",\"valueRequired\":true,\"valueName\":\"search_term_string\"}}],\"inLanguage\":\"es\"},{\"@type\":\"Organization\",\"@id\":\"https:\\\/\\\/fandeli.com\\\/fandeli-retail\\\/#organization\",\"name\":\"FANDELI M\u00e9xico\",\"url\":\"https:\\\/\\\/fandeli.com\\\/fandeli-retail\\\/\",\"logo\":{\"@type\":\"ImageObject\",\"inLanguage\":\"es\",\"@id\":\"https:\\\/\\\/fandeli.com\\\/fandeli-retail\\\/#\\\/schema\\\/logo\\\/image\\\/\",\"url\":\"http:\\\/\\\/abrasivosrevestidos.com\\\/wp-content\\\/uploads\\\/2024\\\/11\\\/logo-fandeli.svg\",\"contentUrl\":\"http:\\\/\\\/abrasivosrevestidos.com\\\/wp-content\\\/uploads\\\/2024\\\/11\\\/logo-fandeli.svg\",\"width\":267,\"height\":65,\"caption\":\"FANDELI M\u00e9xico\"},\"image\":{\"@id\":\"https:\\\/\\\/fandeli.com\\\/fandeli-retail\\\/#\\\/schema\\\/logo\\\/image\\\/\"},\"sameAs\":[\"https:\\\/\\\/www.facebook.com\\\/FandeliMexico\",\"https:\\\/\\\/x.com\\\/fandelimexico\",\"https:\\\/\\\/www.instagram.com\\\/fandeli.mx\\\/\",\"https:\\\/\\\/www.tiktok.com\\\/@fandeli_mx\",\"https:\\\/\\\/www.youtube.com\\\/channel\\\/UCODX8hPCf8g6bu9Ho7Q7RsQ\",\"https:\\\/\\\/www.linkedin.com\\\/company\\\/fandeli\"]}]}<\/script>\n<!-- \/ Yoast SEO plugin. -->","yoast_head_json":{"title":"Lija de agua A-99, B-99, C-99 - FANDELI M\u00e9xico","description":"Descubre la lija de agua FANDELI, ideal para pulir superficies met\u00e1licas y no ferrosas, en seco o h\u00famedo. Con diferentes medidas de lijas de agua y dorso de lija papel resistente, obt\u00e9n acabados finos, precisos y duraderos en cada aplicaci\u00f3n.","robots":{"index":"index","follow":"follow","max-snippet":"max-snippet:-1","max-image-preview":"max-image-preview:large","max-video-preview":"max-video-preview:-1"},"canonical":"https:\/\/fandeli.com\/fandeli-retail\/producto\/lija-de-agua-a-99-b-99-c-99\/","og_locale":"es_MX","og_type":"article","og_title":"Lija de agua A-99, B-99, C-99 - FANDELI M\u00e9xico","og_description":"Descubre la lija de agua FANDELI, ideal para pulir superficies met\u00e1licas y no ferrosas, en seco o h\u00famedo. Con diferentes medidas de lijas de agua y dorso de lija papel resistente, obt\u00e9n acabados finos, precisos y duraderos en cada aplicaci\u00f3n.","og_url":"https:\/\/fandeli.com\/fandeli-retail\/producto\/lija-de-agua-a-99-b-99-c-99\/","og_site_name":"FANDELI M\u00e9xico","article_publisher":"https:\/\/www.facebook.com\/FandeliMexico","article_modified_time":"2026-02-26T22:28:19+00:00","og_image":[{"width":800,"height":800,"url":"https:\/\/fandeli.com\/fandeli-retail\/wp-content\/uploads\/2026\/01\/lija-agua-A-99-B-99-C-99.jpg","type":"image\/jpeg"}],"twitter_card":"summary_large_image","twitter_site":"@fandelimexico","twitter_misc":{"Tiempo de lectura":"3 minutos"},"schema":{"@context":"https:\/\/schema.org","@graph":[{"@type":"WebPage","@id":"https:\/\/fandeli.com\/fandeli-retail\/producto\/lija-de-agua-a-99-b-99-c-99\/","url":"https:\/\/fandeli.com\/fandeli-retail\/producto\/lija-de-agua-a-99-b-99-c-99\/","name":"Lija de agua A-99, B-99, C-99 - FANDELI M\u00e9xico","isPartOf":{"@id":"https:\/\/fandeli.com\/fandeli-retail\/#website"},"primaryImageOfPage":{"@id":"https:\/\/fandeli.com\/fandeli-retail\/producto\/lija-de-agua-a-99-b-99-c-99\/#primaryimage"},"image":{"@id":"https:\/\/fandeli.com\/fandeli-retail\/producto\/lija-de-agua-a-99-b-99-c-99\/#primaryimage"},"thumbnailUrl":"https:\/\/fandeli.com\/fandeli-retail\/wp-content\/uploads\/2026\/01\/lija-agua-A-99-B-99-C-99.jpg","datePublished":"2026-01-09T15:46:15+00:00","dateModified":"2026-02-26T22:28:19+00:00","description":"Descubre la lija de agua FANDELI, ideal para pulir superficies met\u00e1licas y no ferrosas, en seco o h\u00famedo. Con diferentes medidas de lijas de agua y dorso de lija papel resistente, obt\u00e9n acabados finos, precisos y duraderos en cada aplicaci\u00f3n.","breadcrumb":{"@id":"https:\/\/fandeli.com\/fandeli-retail\/producto\/lija-de-agua-a-99-b-99-c-99\/#breadcrumb"},"inLanguage":"es","potentialAction":[{"@type":"ReadAction","target":["https:\/\/fandeli.com\/fandeli-retail\/producto\/lija-de-agua-a-99-b-99-c-99\/"]}]},{"@type":"ImageObject","inLanguage":"es","@id":"https:\/\/fandeli.com\/fandeli-retail\/producto\/lija-de-agua-a-99-b-99-c-99\/#primaryimage","url":"https:\/\/fandeli.com\/fandeli-retail\/wp-content\/uploads\/2026\/01\/lija-agua-A-99-B-99-C-99.jpg","contentUrl":"https:\/\/fandeli.com\/fandeli-retail\/wp-content\/uploads\/2026\/01\/lija-agua-A-99-B-99-C-99.jpg","width":800,"height":800,"caption":"Lija de agua FANDELI A-99 B-99 y C-99 ideal para pulir con lija de agua y obtener acabados finos en metal y pl\u00e1stico"},{"@type":"BreadcrumbList","@id":"https:\/\/fandeli.com\/fandeli-retail\/producto\/lija-de-agua-a-99-b-99-c-99\/#breadcrumb","itemListElement":[{"@type":"ListItem","position":1,"name":"Portada","item":"https:\/\/fandeli.com\/fandeli-retail\/"},{"@type":"ListItem","position":2,"name":"Tienda","item":"https:\/\/fandeli.com\/fandeli-retail\/?page_id=13"},{"@type":"ListItem","position":3,"name":"Lija de agua A-99, B-99, C-99"}]},{"@type":"WebSite","@id":"https:\/\/fandeli.com\/fandeli-retail\/#website","url":"https:\/\/fandeli.com\/fandeli-retail\/","name":"FANDELI M\u00e9xico","description":"FANDELI M\u00e9xico","publisher":{"@id":"https:\/\/fandeli.com\/fandeli-retail\/#organization"},"potentialAction":[{"@type":"SearchAction","target":{"@type":"EntryPoint","urlTemplate":"https:\/\/fandeli.com\/fandeli-retail\/?s={search_term_string}"},"query-input":{"@type":"PropertyValueSpecification","valueRequired":true,"valueName":"search_term_string"}}],"inLanguage":"es"},{"@type":"Organization","@id":"https:\/\/fandeli.com\/fandeli-retail\/#organization","name":"FANDELI M\u00e9xico","url":"https:\/\/fandeli.com\/fandeli-retail\/","logo":{"@type":"ImageObject","inLanguage":"es","@id":"https:\/\/fandeli.com\/fandeli-retail\/#\/schema\/logo\/image\/","url":"http:\/\/abrasivosrevestidos.com\/wp-content\/uploads\/2024\/11\/logo-fandeli.svg","contentUrl":"http:\/\/abrasivosrevestidos.com\/wp-content\/uploads\/2024\/11\/logo-fandeli.svg","width":267,"height":65,"caption":"FANDELI M\u00e9xico"},"image":{"@id":"https:\/\/fandeli.com\/fandeli-retail\/#\/schema\/logo\/image\/"},"sameAs":["https:\/\/www.facebook.com\/FandeliMexico","https:\/\/x.com\/fandelimexico","https:\/\/www.instagram.com\/fandeli.mx\/","https:\/\/www.tiktok.com\/@fandeli_mx","https:\/\/www.youtube.com\/channel\/UCODX8hPCf8g6bu9Ho7Q7RsQ","https:\/\/www.linkedin.com\/company\/fandeli"]}]}},"jetpack_sharing_enabled":true,"_links":{"self":[{"href":"https:\/\/fandeli.com\/fandeli-retail\/wp-json\/wp\/v2\/product\/8787","targetHints":{"allow":["GET"]}}],"collection":[{"href":"https:\/\/fandeli.com\/fandeli-retail\/wp-json\/wp\/v2\/product"}],"about":[{"href":"https:\/\/fandeli.com\/fandeli-retail\/wp-json\/wp\/v2\/types\/product"}],"version-history":[{"count":2,"href":"https:\/\/fandeli.com\/fandeli-retail\/wp-json\/wp\/v2\/product\/8787\/revisions"}],"predecessor-version":[{"id":12445,"href":"https:\/\/fandeli.com\/fandeli-retail\/wp-json\/wp\/v2\/product\/8787\/revisions\/12445"}],"wp:featuredmedia":[{"embeddable":true,"href":"https:\/\/fandeli.com\/fandeli-retail\/wp-json\/wp\/v2\/media\/8786"}],"wp:attachment":[{"href":"https:\/\/fandeli.com\/fandeli-retail\/wp-json\/wp\/v2\/media?parent=8787"}],"wp:term":[{"taxonomy":"product_brand","embeddable":true,"href":"https:\/\/fandeli.com\/fandeli-retail\/wp-json\/wp\/v2\/product_brand?post=8787"},{"taxonomy":"product_cat","embeddable":true,"href":"https:\/\/fandeli.com\/fandeli-retail\/wp-json\/wp\/v2\/product_cat?post=8787"},{"taxonomy":"product_tag","embeddable":true,"href":"https:\/\/fandeli.com\/fandeli-retail\/wp-json\/wp\/v2\/product_tag?post=8787"}],"curies":[{"name":"wp","href":"https:\/\/api.w.org\/{rel}","templated":true}]}}