{"id":1697,"date":"2024-11-25T13:33:07","date_gmt":"2024-11-25T13:33:07","guid":{"rendered":"https:\/\/www.abrasivosrevestidos.com\/?post_type=product&#038;p=1697"},"modified":"2026-02-26T22:28:31","modified_gmt":"2026-02-26T22:28:31","slug":"cinta-de-aislar-ul","status":"publish","type":"product","link":"https:\/\/fandeli.com\/fandeli-retail\/producto\/cinta-de-aislar-ul\/","title":{"rendered":"Cinta de aislar UL"},"content":{"rendered":"<table cellspacing=\"0\" cellpadding=\"0\" class=\"tabla\">\n<tr>\n<td><strong>SKU<\/strong><\/td>\n<td><strong>L\u00cdNEA<\/strong><\/td>\n<td><strong>DIMENSIONES<\/strong><\/td>\n<td><strong>PULGADAS<\/strong><\/td>\n<td><strong>CAJA<\/strong><\/td>\n<td><strong>EMPAQUE<\/strong><\/td>\n<\/tr>\n<td>80107<\/td>\n<td>CINTA AISLAR USO GENERAL FANDELI UL<\/td>\n<td>19mm X 18.3m<\/td>\n<td>3\/4&quot;<\/td>\n<td>100<\/td>\n<td>10<\/td>\n<\/table>\n","protected":false},"excerpt":{"rendered":"<p><strong>Aplicaciones<\/strong><\/p>\n<ul class=\"list\">\n<li>Para aislamiento de cables, empalmes y bridas para la protecci\u00f3n de instalaciones el\u00e9ctricas de uso dom\u00e9stico.<\/li>\n<li>Para uso interior y exterior.<\/li>\n<\/ul>\n<p><strong>Caracter\u00edsticas<\/strong><\/p>\n<ul class=\"list\">\n<li>Cinta con gran poder de adherencia, f\u00e1cil de moldear por su capacidad de elongaci\u00f3n.<\/li>\n<li>Resiste tensiones sin romperse. Con retardante de llama, evita la corrosi\u00f3n temprana de cables el\u00e9ctricos.<\/li>\n<li>Para uso interior y exterior.<\/li>\n<li>Resiste hasta 80\u00b0C de temperatura.<\/li>\n<li>Con certificaci\u00f3n UL<\/li>\n<\/ul>\n<p><strong>Aplicaciones y recomendaciones<\/strong><\/p>\n<p class=\"iconos\">\n<img decoding=\"async\" src=\"https:\/\/fandeli.com\/assets\/icons\/icon-electrico.svg\" class=\"icono\" \/><br \/>\n<img decoding=\"async\" src=\"https:\/\/fandeli.com\/assets\/icons\/icon-ul.svg\" class=\"icono\" \/><br \/>\n<br \/>\n<img decoding=\"async\" src=\"https:\/\/fandeli.com\/assets\/icons\/icon-uso-manual2.svg\" class=\"icono\" \/>\n<\/p>\n<div id=\"descarga\">\n<p class=\"lista\"><a href=\"https:\/\/fandeli.com\/assets\/fichas-tecnicas\/FT-cinta-aislar-ul.pdf\" target=\"_blank\" class=\"botones\"><i class=\"fa fa-file\"><\/i>&nbsp;&nbsp; DESCARGA LA FICHA T\u00c9CNICA<\/a><\/p>\n<h5><strong>Descarga las fotos del producto<\/strong><\/h5>\n<div id=\"foto\">\n<div class=\"foto1\">\n<a href=\"https:\/\/fandeli.com\/assets\/img\/cintas_300_dpis_comercial.zip\" class=\"btn-foto\" target=\"_blank\">300 dpis<\/a>\n<\/div>\n<div class=\"foto2\">\n<a href=\"https:\/\/fandeli.com\/assets\/img\/cintas_150_dpis_comercial.zip\" class=\"btn-foto\" target=\"_blank\">150 dpis<\/a>\n<\/div>\n<div class=\"foto3\">\n<a href=\"https:\/\/fandeli.com\/assets\/img\/cintas_72_dpis_comercial.zip\" class=\"btn-foto\" target=\"_blank\">72 dpis<\/a>\n<\/div>\n<\/div>\n<\/div>\n","protected":false},"featured_media":8742,"template":"","meta":{"inline_featured_image":false,"site-sidebar-layout":"default","site-content-layout":"","ast-site-content-layout":"default","site-content-style":"default","site-sidebar-style":"default","ast-global-header-display":"","ast-banner-title-visibility":"","ast-main-header-display":"","ast-hfb-above-header-display":"","ast-hfb-below-header-display":"","ast-hfb-mobile-header-display":"","site-post-title":"","ast-breadcrumbs-content":"","ast-featured-img":"","footer-sml-layout":"","ast-disable-related-posts":"","theme-transparent-header-meta":"default","adv-header-id-meta":"","stick-header-meta":"","header-above-stick-meta":"","header-main-stick-meta":"","header-below-stick-meta":"","astra-migrate-meta-layouts":"set","ast-page-background-enabled":"default","ast-page-background-meta":{"desktop":{"background-color":"var(--ast-global-color-4)","background-image":"","background-repeat":"repeat","background-position":"center center","background-size":"auto","background-attachment":"scroll","background-type":"","background-media":"","overlay-type":"","overlay-color":"","overlay-opacity":"","overlay-gradient":""},"tablet":{"background-color":"","background-image":"","background-repeat":"repeat","background-position":"center center","background-size":"auto","background-attachment":"scroll","background-type":"","background-media":"","overlay-type":"","overlay-color":"","overlay-opacity":"","overlay-gradient":""},"mobile":{"background-color":"","background-image":"","background-repeat":"repeat","background-position":"center center","background-size":"auto","background-attachment":"scroll","background-type":"","background-media":"","overlay-type":"","overlay-color":"","overlay-opacity":"","overlay-gradient":""}},"ast-content-background-meta":{"desktop":{"background-color":"var(--ast-global-color-5)","background-image":"","background-repeat":"repeat","background-position":"center center","background-size":"auto","background-attachment":"scroll","background-type":"","background-media":"","overlay-type":"","overlay-color":"","overlay-opacity":"","overlay-gradient":""},"tablet":{"background-color":"var(--ast-global-color-5)","background-image":"","background-repeat":"repeat","background-position":"center center","background-size":"auto","background-attachment":"scroll","background-type":"","background-media":"","overlay-type":"","overlay-color":"","overlay-opacity":"","overlay-gradient":""},"mobile":{"background-color":"var(--ast-global-color-5)","background-image":"","background-repeat":"repeat","background-position":"center center","background-size":"auto","background-attachment":"scroll","background-type":"","background-media":"","overlay-type":"","overlay-color":"","overlay-opacity":"","overlay-gradient":""}}},"product_brand":[],"product_cat":[106,99,22,26,24],"product_tag":[],"class_list":{"0":"post-1697","1":"product","2":"type-product","3":"status-publish","4":"has-post-thumbnail","6":"product_cat-cinta-de-aislar-es","7":"product_cat-cintas-es","8":"product_cat-construccion-es","9":"product_cat-hogar-es","10":"product_cat-mantenimiento-es","11":"desktop-align-center","12":"tablet-align-left","13":"mobile-align-center","15":"first","16":"instock","17":"featured","18":"shipping-taxable","19":"product-type-simple"},"yoast_head":"<!-- This site is optimized with the Yoast SEO plugin v27.3 - https:\/\/yoast.com\/product\/yoast-seo-wordpress\/ -->\n<title>Cinta de aislar UL - FANDELI M\u00e9xico<\/title>\n<meta name=\"robots\" content=\"index, follow, max-snippet:-1, max-image-preview:large, max-video-preview:-1\" \/>\n<link rel=\"canonical\" href=\"https:\/\/fandeli.com\/fandeli-retail\/producto\/cinta-de-aislar-ul\/\" \/>\n<meta property=\"og:locale\" content=\"es_MX\" \/>\n<meta property=\"og:type\" content=\"article\" \/>\n<meta property=\"og:title\" content=\"Cinta de aislar UL - FANDELI M\u00e9xico\" \/>\n<meta property=\"og:description\" content=\"Aplicaciones  Para aislamiento de cables, empalmes y bridas para la protecci\u00f3n de instalaciones el\u00e9ctricas de uso dom\u00e9stico. Para uso interior y exterior.   Caracter\u00edsticas   Cinta con gran poder de adherencia, f\u00e1cil de moldear por su capacidad de elongaci\u00f3n. Resiste tensiones sin romperse. Con retardante de llama, evita la corrosi\u00f3n temprana de cables el\u00e9ctricos. Para uso interior y exterior. Resiste hasta 80\u00b0C de temperatura. Con certificaci\u00f3n UL   Aplicaciones y recomendaciones             &nbsp;&nbsp; DESCARGA LA FICHA T\u00c9CNICA   Descarga las fotos del producto    300 dpis   150 dpis   72 dpis\" \/>\n<meta property=\"og:url\" content=\"https:\/\/fandeli.com\/fandeli-retail\/producto\/cinta-de-aislar-ul\/\" \/>\n<meta property=\"og:site_name\" content=\"FANDELI M\u00e9xico\" \/>\n<meta property=\"article:publisher\" content=\"https:\/\/www.facebook.com\/FandeliMexico\" \/>\n<meta property=\"article:modified_time\" content=\"2026-02-26T22:28:31+00:00\" \/>\n<meta property=\"og:image\" content=\"https:\/\/fandeli.com\/fandeli-retail\/wp-content\/uploads\/2026\/01\/cinta-de-aislar-ul.jpg\" \/>\n\t<meta property=\"og:image:width\" content=\"800\" \/>\n\t<meta property=\"og:image:height\" content=\"800\" \/>\n\t<meta property=\"og:image:type\" content=\"image\/jpeg\" \/>\n<meta name=\"twitter:card\" content=\"summary_large_image\" \/>\n<meta name=\"twitter:site\" content=\"@fandelimexico\" \/>\n<meta name=\"twitter:label1\" content=\"Tiempo de lectura\" \/>\n\t<meta name=\"twitter:data1\" content=\"1 minuto\" \/>\n<script type=\"application\/ld+json\" class=\"yoast-schema-graph\">{\"@context\":\"https:\\\/\\\/schema.org\",\"@graph\":[{\"@type\":\"WebPage\",\"@id\":\"https:\\\/\\\/fandeli.com\\\/fandeli-retail\\\/producto\\\/cinta-de-aislar-ul\\\/\",\"url\":\"https:\\\/\\\/fandeli.com\\\/fandeli-retail\\\/producto\\\/cinta-de-aislar-ul\\\/\",\"name\":\"Cinta de aislar UL - FANDELI M\u00e9xico\",\"isPartOf\":{\"@id\":\"https:\\\/\\\/fandeli.com\\\/fandeli-retail\\\/#website\"},\"primaryImageOfPage\":{\"@id\":\"https:\\\/\\\/fandeli.com\\\/fandeli-retail\\\/producto\\\/cinta-de-aislar-ul\\\/#primaryimage\"},\"image\":{\"@id\":\"https:\\\/\\\/fandeli.com\\\/fandeli-retail\\\/producto\\\/cinta-de-aislar-ul\\\/#primaryimage\"},\"thumbnailUrl\":\"https:\\\/\\\/fandeli.com\\\/fandeli-retail\\\/wp-content\\\/uploads\\\/2026\\\/01\\\/cinta-de-aislar-ul.jpg\",\"datePublished\":\"2024-11-25T13:33:07+00:00\",\"dateModified\":\"2026-02-26T22:28:31+00:00\",\"breadcrumb\":{\"@id\":\"https:\\\/\\\/fandeli.com\\\/fandeli-retail\\\/producto\\\/cinta-de-aislar-ul\\\/#breadcrumb\"},\"inLanguage\":\"es\",\"potentialAction\":[{\"@type\":\"ReadAction\",\"target\":[\"https:\\\/\\\/fandeli.com\\\/fandeli-retail\\\/producto\\\/cinta-de-aislar-ul\\\/\"]}]},{\"@type\":\"ImageObject\",\"inLanguage\":\"es\",\"@id\":\"https:\\\/\\\/fandeli.com\\\/fandeli-retail\\\/producto\\\/cinta-de-aislar-ul\\\/#primaryimage\",\"url\":\"https:\\\/\\\/fandeli.com\\\/fandeli-retail\\\/wp-content\\\/uploads\\\/2026\\\/01\\\/cinta-de-aislar-ul.jpg\",\"contentUrl\":\"https:\\\/\\\/fandeli.com\\\/fandeli-retail\\\/wp-content\\\/uploads\\\/2026\\\/01\\\/cinta-de-aislar-ul.jpg\",\"width\":800,\"height\":800},{\"@type\":\"BreadcrumbList\",\"@id\":\"https:\\\/\\\/fandeli.com\\\/fandeli-retail\\\/producto\\\/cinta-de-aislar-ul\\\/#breadcrumb\",\"itemListElement\":[{\"@type\":\"ListItem\",\"position\":1,\"name\":\"Portada\",\"item\":\"https:\\\/\\\/fandeli.com\\\/fandeli-retail\\\/\"},{\"@type\":\"ListItem\",\"position\":2,\"name\":\"Tienda\",\"item\":\"https:\\\/\\\/fandeli.com\\\/fandeli-retail\\\/?page_id=13\"},{\"@type\":\"ListItem\",\"position\":3,\"name\":\"Cinta de aislar UL\"}]},{\"@type\":\"WebSite\",\"@id\":\"https:\\\/\\\/fandeli.com\\\/fandeli-retail\\\/#website\",\"url\":\"https:\\\/\\\/fandeli.com\\\/fandeli-retail\\\/\",\"name\":\"FANDELI M\u00e9xico\",\"description\":\"FANDELI M\u00e9xico\",\"publisher\":{\"@id\":\"https:\\\/\\\/fandeli.com\\\/fandeli-retail\\\/#organization\"},\"potentialAction\":[{\"@type\":\"SearchAction\",\"target\":{\"@type\":\"EntryPoint\",\"urlTemplate\":\"https:\\\/\\\/fandeli.com\\\/fandeli-retail\\\/?s={search_term_string}\"},\"query-input\":{\"@type\":\"PropertyValueSpecification\",\"valueRequired\":true,\"valueName\":\"search_term_string\"}}],\"inLanguage\":\"es\"},{\"@type\":\"Organization\",\"@id\":\"https:\\\/\\\/fandeli.com\\\/fandeli-retail\\\/#organization\",\"name\":\"FANDELI M\u00e9xico\",\"url\":\"https:\\\/\\\/fandeli.com\\\/fandeli-retail\\\/\",\"logo\":{\"@type\":\"ImageObject\",\"inLanguage\":\"es\",\"@id\":\"https:\\\/\\\/fandeli.com\\\/fandeli-retail\\\/#\\\/schema\\\/logo\\\/image\\\/\",\"url\":\"http:\\\/\\\/abrasivosrevestidos.com\\\/wp-content\\\/uploads\\\/2024\\\/11\\\/logo-fandeli.svg\",\"contentUrl\":\"http:\\\/\\\/abrasivosrevestidos.com\\\/wp-content\\\/uploads\\\/2024\\\/11\\\/logo-fandeli.svg\",\"width\":267,\"height\":65,\"caption\":\"FANDELI M\u00e9xico\"},\"image\":{\"@id\":\"https:\\\/\\\/fandeli.com\\\/fandeli-retail\\\/#\\\/schema\\\/logo\\\/image\\\/\"},\"sameAs\":[\"https:\\\/\\\/www.facebook.com\\\/FandeliMexico\",\"https:\\\/\\\/x.com\\\/fandelimexico\",\"https:\\\/\\\/www.instagram.com\\\/fandeli.mx\\\/\",\"https:\\\/\\\/www.tiktok.com\\\/@fandeli_mx\",\"https:\\\/\\\/www.youtube.com\\\/channel\\\/UCODX8hPCf8g6bu9Ho7Q7RsQ\",\"https:\\\/\\\/www.linkedin.com\\\/company\\\/fandeli\"]}]}<\/script>\n<!-- \/ Yoast SEO plugin. -->","yoast_head_json":{"title":"Cinta de aislar UL - FANDELI M\u00e9xico","robots":{"index":"index","follow":"follow","max-snippet":"max-snippet:-1","max-image-preview":"max-image-preview:large","max-video-preview":"max-video-preview:-1"},"canonical":"https:\/\/fandeli.com\/fandeli-retail\/producto\/cinta-de-aislar-ul\/","og_locale":"es_MX","og_type":"article","og_title":"Cinta de aislar UL - FANDELI M\u00e9xico","og_description":"Aplicaciones  Para aislamiento de cables, empalmes y bridas para la protecci\u00f3n de instalaciones el\u00e9ctricas de uso dom\u00e9stico. Para uso interior y exterior.   Caracter\u00edsticas   Cinta con gran poder de adherencia, f\u00e1cil de moldear por su capacidad de elongaci\u00f3n. Resiste tensiones sin romperse. Con retardante de llama, evita la corrosi\u00f3n temprana de cables el\u00e9ctricos. Para uso interior y exterior. Resiste hasta 80\u00b0C de temperatura. Con certificaci\u00f3n UL   Aplicaciones y recomendaciones             &nbsp;&nbsp; DESCARGA LA FICHA T\u00c9CNICA   Descarga las fotos del producto    300 dpis   150 dpis   72 dpis","og_url":"https:\/\/fandeli.com\/fandeli-retail\/producto\/cinta-de-aislar-ul\/","og_site_name":"FANDELI M\u00e9xico","article_publisher":"https:\/\/www.facebook.com\/FandeliMexico","article_modified_time":"2026-02-26T22:28:31+00:00","og_image":[{"width":800,"height":800,"url":"https:\/\/fandeli.com\/fandeli-retail\/wp-content\/uploads\/2026\/01\/cinta-de-aislar-ul.jpg","type":"image\/jpeg"}],"twitter_card":"summary_large_image","twitter_site":"@fandelimexico","twitter_misc":{"Tiempo de lectura":"1 minuto"},"schema":{"@context":"https:\/\/schema.org","@graph":[{"@type":"WebPage","@id":"https:\/\/fandeli.com\/fandeli-retail\/producto\/cinta-de-aislar-ul\/","url":"https:\/\/fandeli.com\/fandeli-retail\/producto\/cinta-de-aislar-ul\/","name":"Cinta de aislar UL - FANDELI M\u00e9xico","isPartOf":{"@id":"https:\/\/fandeli.com\/fandeli-retail\/#website"},"primaryImageOfPage":{"@id":"https:\/\/fandeli.com\/fandeli-retail\/producto\/cinta-de-aislar-ul\/#primaryimage"},"image":{"@id":"https:\/\/fandeli.com\/fandeli-retail\/producto\/cinta-de-aislar-ul\/#primaryimage"},"thumbnailUrl":"https:\/\/fandeli.com\/fandeli-retail\/wp-content\/uploads\/2026\/01\/cinta-de-aislar-ul.jpg","datePublished":"2024-11-25T13:33:07+00:00","dateModified":"2026-02-26T22:28:31+00:00","breadcrumb":{"@id":"https:\/\/fandeli.com\/fandeli-retail\/producto\/cinta-de-aislar-ul\/#breadcrumb"},"inLanguage":"es","potentialAction":[{"@type":"ReadAction","target":["https:\/\/fandeli.com\/fandeli-retail\/producto\/cinta-de-aislar-ul\/"]}]},{"@type":"ImageObject","inLanguage":"es","@id":"https:\/\/fandeli.com\/fandeli-retail\/producto\/cinta-de-aislar-ul\/#primaryimage","url":"https:\/\/fandeli.com\/fandeli-retail\/wp-content\/uploads\/2026\/01\/cinta-de-aislar-ul.jpg","contentUrl":"https:\/\/fandeli.com\/fandeli-retail\/wp-content\/uploads\/2026\/01\/cinta-de-aislar-ul.jpg","width":800,"height":800},{"@type":"BreadcrumbList","@id":"https:\/\/fandeli.com\/fandeli-retail\/producto\/cinta-de-aislar-ul\/#breadcrumb","itemListElement":[{"@type":"ListItem","position":1,"name":"Portada","item":"https:\/\/fandeli.com\/fandeli-retail\/"},{"@type":"ListItem","position":2,"name":"Tienda","item":"https:\/\/fandeli.com\/fandeli-retail\/?page_id=13"},{"@type":"ListItem","position":3,"name":"Cinta de aislar UL"}]},{"@type":"WebSite","@id":"https:\/\/fandeli.com\/fandeli-retail\/#website","url":"https:\/\/fandeli.com\/fandeli-retail\/","name":"FANDELI M\u00e9xico","description":"FANDELI M\u00e9xico","publisher":{"@id":"https:\/\/fandeli.com\/fandeli-retail\/#organization"},"potentialAction":[{"@type":"SearchAction","target":{"@type":"EntryPoint","urlTemplate":"https:\/\/fandeli.com\/fandeli-retail\/?s={search_term_string}"},"query-input":{"@type":"PropertyValueSpecification","valueRequired":true,"valueName":"search_term_string"}}],"inLanguage":"es"},{"@type":"Organization","@id":"https:\/\/fandeli.com\/fandeli-retail\/#organization","name":"FANDELI M\u00e9xico","url":"https:\/\/fandeli.com\/fandeli-retail\/","logo":{"@type":"ImageObject","inLanguage":"es","@id":"https:\/\/fandeli.com\/fandeli-retail\/#\/schema\/logo\/image\/","url":"http:\/\/abrasivosrevestidos.com\/wp-content\/uploads\/2024\/11\/logo-fandeli.svg","contentUrl":"http:\/\/abrasivosrevestidos.com\/wp-content\/uploads\/2024\/11\/logo-fandeli.svg","width":267,"height":65,"caption":"FANDELI M\u00e9xico"},"image":{"@id":"https:\/\/fandeli.com\/fandeli-retail\/#\/schema\/logo\/image\/"},"sameAs":["https:\/\/www.facebook.com\/FandeliMexico","https:\/\/x.com\/fandelimexico","https:\/\/www.instagram.com\/fandeli.mx\/","https:\/\/www.tiktok.com\/@fandeli_mx","https:\/\/www.youtube.com\/channel\/UCODX8hPCf8g6bu9Ho7Q7RsQ","https:\/\/www.linkedin.com\/company\/fandeli"]}]}},"jetpack_sharing_enabled":true,"_links":{"self":[{"href":"https:\/\/fandeli.com\/fandeli-retail\/wp-json\/wp\/v2\/product\/1697","targetHints":{"allow":["GET"]}}],"collection":[{"href":"https:\/\/fandeli.com\/fandeli-retail\/wp-json\/wp\/v2\/product"}],"about":[{"href":"https:\/\/fandeli.com\/fandeli-retail\/wp-json\/wp\/v2\/types\/product"}],"version-history":[{"count":1,"href":"https:\/\/fandeli.com\/fandeli-retail\/wp-json\/wp\/v2\/product\/1697\/revisions"}],"predecessor-version":[{"id":12627,"href":"https:\/\/fandeli.com\/fandeli-retail\/wp-json\/wp\/v2\/product\/1697\/revisions\/12627"}],"wp:featuredmedia":[{"embeddable":true,"href":"https:\/\/fandeli.com\/fandeli-retail\/wp-json\/wp\/v2\/media\/8742"}],"wp:attachment":[{"href":"https:\/\/fandeli.com\/fandeli-retail\/wp-json\/wp\/v2\/media?parent=1697"}],"wp:term":[{"taxonomy":"product_brand","embeddable":true,"href":"https:\/\/fandeli.com\/fandeli-retail\/wp-json\/wp\/v2\/product_brand?post=1697"},{"taxonomy":"product_cat","embeddable":true,"href":"https:\/\/fandeli.com\/fandeli-retail\/wp-json\/wp\/v2\/product_cat?post=1697"},{"taxonomy":"product_tag","embeddable":true,"href":"https:\/\/fandeli.com\/fandeli-retail\/wp-json\/wp\/v2\/product_tag?post=1697"}],"curies":[{"name":"wp","href":"https:\/\/api.w.org\/{rel}","templated":true}]}}