{"id":10050,"date":"2026-01-30T16:48:46","date_gmt":"2026-01-30T16:48:46","guid":{"rendered":"http:\/\/abrasivosrevestidos.com\/?post_type=product&#038;p=10050"},"modified":"2026-02-03T17:16:18","modified_gmt":"2026-02-03T17:16:18","slug":"puntas-montadas","status":"publish","type":"product","link":"https:\/\/fandeli.com\/fandeli-industrial\/producto\/puntas-montadas\/","title":{"rendered":"PUNTAS MONTADAS"},"content":{"rendered":"<table class=\"tabla-fi\">\n<tbody>\n<tr>\n<td><b>MODELO<\/b><\/td>\n<td><b>SKU<\/b><\/td>\n<td><b>MEDIDA<\/b><\/td>\n<td><b>FICHA T\u00c9CNICA<\/b><\/td>\n<\/tr>\n<tr>\n<td>P. MONTADA A1 ALO ROSA<\/td>\n<td>81060<\/td>\n<td>20mm x 65mm x 6.4mm<\/td>\n<td><a href=\"\/assets\/fichas-tecnicas-FI\/FT-PUNTA-MONTADA-PM-450-HD.pdf\" target=\"_blank\" rel=\"noopener\">DESCARGAR<\/a><\/td>\n<\/tr>\n<tr>\n<td>P. MONTADA A11 ALO ROSA<\/td>\n<td>81061<\/td>\n<td>20mm x 50mm x 6.4mm<\/td>\n<td><a href=\"\/assets\/fichas-tecnicas-FI\/\/FT-PUNTA-MONTADA-PM-451-HD.pdf\" target=\"_blank\" rel=\"noopener\">DESCARGAR<\/a><\/td>\n<\/tr>\n<\/tbody>\n<\/table>\n<p style=\"text-align: center;\">*Basado en ANSI B7.1<\/p>\n","protected":false},"excerpt":{"rendered":"<div class=\"fi\">\n<h2><strong>PUNTAS MONTADAS<\/strong><\/h2>\n<p><strong>CARACTER\u00cdSTICAS<\/b><\/strong><\/p>\n<ul class=\"lista\">\n<li>Hecha con \u00d3xido de Aluminio rosa.<\/li>\n<li>Remoci\u00f3n de manera r\u00e1pida y agresiva de material ferroso como acero al carb\u00f3n e inoxidable.<\/li>\n<\/ul>\n<p><strong>APLICACI\u00d3N<\/strong><br \/>\n<br \/>\nPara desbaste de material o soldaduras de sustratos de acero al carb\u00f3n e inoxidable con geometr\u00edas* (medidas) disponibles seg\u00fan la aplicaci\u00f3n realizada.<\/p>\n<p><strong>USO<\/strong><\/p>\n<ul class=\"lista\">\n<li>Para desbaste de placas, soleras o perfiles.<\/li>\n<li>Ideal para desbaste de soldaduras y uniones.<\/li>\n<li>Elimina sobrantes de fundici\u00f3n o rebabas.<\/li>\n<li>Para un mecanizado vasto o fino de superficies.<\/li>\n<\/ul>\n<p class=\"iconos\">\n<img decoding=\"async\" src=\"\/wp-content\/uploads\/2026\/01\/icon-mootol.svg\"  class=\"icono\"\/><br \/>\n<img decoding=\"async\" src=\"\/wp-content\/uploads\/2026\/01\/logo-think-safe.png\" class=\"icono\"\/><br \/>\n<img decoding=\"async\" src=\"\/wp-content\/uploads\/2026\/01\/icon-seguridad.svg\" class=\"icono\" \/>\n<\/p>\n<\/div>\n","protected":false},"featured_media":9726,"template":"","meta":{"inline_featured_image":false,"site-sidebar-layout":"default","site-content-layout":"","ast-site-content-layout":"default","site-content-style":"default","site-sidebar-style":"default","ast-global-header-display":"","ast-banner-title-visibility":"","ast-main-header-display":"","ast-hfb-above-header-display":"","ast-hfb-below-header-display":"","ast-hfb-mobile-header-display":"","site-post-title":"","ast-breadcrumbs-content":"","ast-featured-img":"","footer-sml-layout":"","ast-disable-related-posts":"","theme-transparent-header-meta":"default","adv-header-id-meta":"","stick-header-meta":"","header-above-stick-meta":"","header-main-stick-meta":"","header-below-stick-meta":"","astra-migrate-meta-layouts":"set","ast-page-background-enabled":"default","ast-page-background-meta":{"desktop":{"background-color":"var(--ast-global-color-4)","background-image":"","background-repeat":"repeat","background-position":"center center","background-size":"auto","background-attachment":"scroll","background-type":"","background-media":"","overlay-type":"","overlay-color":"","overlay-opacity":"","overlay-gradient":""},"tablet":{"background-color":"","background-image":"","background-repeat":"repeat","background-position":"center center","background-size":"auto","background-attachment":"scroll","background-type":"","background-media":"","overlay-type":"","overlay-color":"","overlay-opacity":"","overlay-gradient":""},"mobile":{"background-color":"","background-image":"","background-repeat":"repeat","background-position":"center center","background-size":"auto","background-attachment":"scroll","background-type":"","background-media":"","overlay-type":"","overlay-color":"","overlay-opacity":"","overlay-gradient":""}},"ast-content-background-meta":{"desktop":{"background-color":"var(--ast-global-color-5)","background-image":"","background-repeat":"repeat","background-position":"center center","background-size":"auto","background-attachment":"scroll","background-type":"","background-media":"","overlay-type":"","overlay-color":"","overlay-opacity":"","overlay-gradient":""},"tablet":{"background-color":"var(--ast-global-color-5)","background-image":"","background-repeat":"repeat","background-position":"center center","background-size":"auto","background-attachment":"scroll","background-type":"","background-media":"","overlay-type":"","overlay-color":"","overlay-opacity":"","overlay-gradient":""},"mobile":{"background-color":"var(--ast-global-color-5)","background-image":"","background-repeat":"repeat","background-position":"center center","background-size":"auto","background-attachment":"scroll","background-type":"","background-media":"","overlay-type":"","overlay-color":"","overlay-opacity":"","overlay-gradient":""}}},"product_brand":[],"product_cat":[469,477],"product_tag":[],"class_list":{"0":"post-10050","1":"product","2":"type-product","3":"status-publish","4":"has-post-thumbnail","6":"product_cat-heavy-duty","7":"product_cat-puntas-montadas","8":"desktop-align-center","9":"tablet-align-left","10":"mobile-align-center","12":"first","13":"instock","14":"shipping-taxable","15":"product-type-simple"},"yoast_head":"<!-- This site is optimized with the Yoast SEO plugin v27.3 - https:\/\/yoast.com\/product\/yoast-seo-wordpress\/ -->\n<title>PUNTAS MONTADAS - FANDELI Industrial<\/title>\n<meta name=\"robots\" content=\"index, follow, max-snippet:-1, max-image-preview:large, max-video-preview:-1\" \/>\n<link rel=\"canonical\" href=\"https:\/\/fandeli.com\/fandeli-industrial\/producto\/puntas-montadas\/\" \/>\n<meta property=\"og:locale\" content=\"es_MX\" \/>\n<meta property=\"og:type\" content=\"article\" \/>\n<meta property=\"og:title\" content=\"PUNTAS MONTADAS - FANDELI Industrial\" \/>\n<meta property=\"og:description\" content=\"PUNTAS MONTADAS CARACTER\u00cdSTICAS  Hecha con \u00d3xido de Aluminio rosa. Remoci\u00f3n de manera r\u00e1pida y agresiva de material ferroso como acero al carb\u00f3n e inoxidable.  APLICACI\u00d3N  Para desbaste de material o soldaduras de sustratos de acero al carb\u00f3n e inoxidable con geometr\u00edas* (medidas) disponibles seg\u00fan la aplicaci\u00f3n realizada.  USO   Para desbaste de placas, soleras o perfiles. Ideal para desbaste de soldaduras y uniones. Elimina sobrantes de fundici\u00f3n o rebabas. Para un mecanizado vasto o fino de superficies.\" \/>\n<meta property=\"og:url\" content=\"https:\/\/fandeli.com\/fandeli-industrial\/producto\/puntas-montadas\/\" \/>\n<meta property=\"og:site_name\" content=\"FANDELI Industrial\" \/>\n<meta property=\"article:publisher\" content=\"https:\/\/www.facebook.com\/FandeliMexico\" \/>\n<meta property=\"article:modified_time\" content=\"2026-02-03T17:16:18+00:00\" \/>\n<meta property=\"og:image\" content=\"https:\/\/fandeli.com\/fandeli-industrial\/fandeli-industrial\/wp-content\/uploads\/2026\/01\/puntas-montadas.jpg\" \/>\n\t<meta property=\"og:image:width\" content=\"800\" \/>\n\t<meta property=\"og:image:height\" content=\"800\" \/>\n\t<meta property=\"og:image:type\" content=\"image\/jpeg\" \/>\n<meta name=\"twitter:card\" content=\"summary_large_image\" \/>\n<meta name=\"twitter:site\" content=\"@fandelimexico\" \/>\n<meta name=\"twitter:label1\" content=\"Tiempo de lectura\" \/>\n\t<meta name=\"twitter:data1\" content=\"1 minuto\" \/>\n<script type=\"application\/ld+json\" class=\"yoast-schema-graph\">{\"@context\":\"https:\\\/\\\/schema.org\",\"@graph\":[{\"@type\":\"WebPage\",\"@id\":\"https:\\\/\\\/fandeli.com\\\/fandeli-industrial\\\/producto\\\/puntas-montadas\\\/\",\"url\":\"https:\\\/\\\/fandeli.com\\\/fandeli-industrial\\\/producto\\\/puntas-montadas\\\/\",\"name\":\"PUNTAS MONTADAS - FANDELI Industrial\",\"isPartOf\":{\"@id\":\"https:\\\/\\\/fandeli.com\\\/fandeli-industrial\\\/#website\"},\"primaryImageOfPage\":{\"@id\":\"https:\\\/\\\/fandeli.com\\\/fandeli-industrial\\\/producto\\\/puntas-montadas\\\/#primaryimage\"},\"image\":{\"@id\":\"https:\\\/\\\/fandeli.com\\\/fandeli-industrial\\\/producto\\\/puntas-montadas\\\/#primaryimage\"},\"thumbnailUrl\":\"https:\\\/\\\/fandeli.com\\\/fandeli-industrial\\\/wp-content\\\/uploads\\\/2026\\\/01\\\/puntas-montadas.jpg\",\"datePublished\":\"2026-01-30T16:48:46+00:00\",\"dateModified\":\"2026-02-03T17:16:18+00:00\",\"breadcrumb\":{\"@id\":\"https:\\\/\\\/fandeli.com\\\/fandeli-industrial\\\/producto\\\/puntas-montadas\\\/#breadcrumb\"},\"inLanguage\":\"es\",\"potentialAction\":[{\"@type\":\"ReadAction\",\"target\":[\"https:\\\/\\\/fandeli.com\\\/fandeli-industrial\\\/producto\\\/puntas-montadas\\\/\"]}]},{\"@type\":\"ImageObject\",\"inLanguage\":\"es\",\"@id\":\"https:\\\/\\\/fandeli.com\\\/fandeli-industrial\\\/producto\\\/puntas-montadas\\\/#primaryimage\",\"url\":\"https:\\\/\\\/fandeli.com\\\/fandeli-industrial\\\/wp-content\\\/uploads\\\/2026\\\/01\\\/puntas-montadas.jpg\",\"contentUrl\":\"https:\\\/\\\/fandeli.com\\\/fandeli-industrial\\\/wp-content\\\/uploads\\\/2026\\\/01\\\/puntas-montadas.jpg\",\"width\":800,\"height\":800},{\"@type\":\"BreadcrumbList\",\"@id\":\"https:\\\/\\\/fandeli.com\\\/fandeli-industrial\\\/producto\\\/puntas-montadas\\\/#breadcrumb\",\"itemListElement\":[{\"@type\":\"ListItem\",\"position\":1,\"name\":\"Portada\",\"item\":\"https:\\\/\\\/fandeli.com\\\/fandeli-industrial\\\/\"},{\"@type\":\"ListItem\",\"position\":2,\"name\":\"PUNTAS MONTADAS\"}]},{\"@type\":\"WebSite\",\"@id\":\"https:\\\/\\\/fandeli.com\\\/fandeli-industrial\\\/#website\",\"url\":\"https:\\\/\\\/fandeli.com\\\/fandeli-industrial\\\/\",\"name\":\"FANDELI M\u00e9xico\",\"description\":\"FANDELI Industrial\",\"publisher\":{\"@id\":\"https:\\\/\\\/fandeli.com\\\/fandeli-industrial\\\/#organization\"},\"potentialAction\":[{\"@type\":\"SearchAction\",\"target\":{\"@type\":\"EntryPoint\",\"urlTemplate\":\"https:\\\/\\\/fandeli.com\\\/fandeli-industrial\\\/?s={search_term_string}\"},\"query-input\":{\"@type\":\"PropertyValueSpecification\",\"valueRequired\":true,\"valueName\":\"search_term_string\"}}],\"inLanguage\":\"es\"},{\"@type\":\"Organization\",\"@id\":\"https:\\\/\\\/fandeli.com\\\/fandeli-industrial\\\/#organization\",\"name\":\"FANDELI M\u00e9xico\",\"url\":\"https:\\\/\\\/fandeli.com\\\/fandeli-industrial\\\/\",\"logo\":{\"@type\":\"ImageObject\",\"inLanguage\":\"es\",\"@id\":\"https:\\\/\\\/fandeli.com\\\/fandeli-industrial\\\/#\\\/schema\\\/logo\\\/image\\\/\",\"url\":\"http:\\\/\\\/abrasivosrevestidos.com\\\/wp-content\\\/uploads\\\/2024\\\/11\\\/logo-fandeli.svg\",\"contentUrl\":\"http:\\\/\\\/abrasivosrevestidos.com\\\/wp-content\\\/uploads\\\/2024\\\/11\\\/logo-fandeli.svg\",\"width\":267,\"height\":65,\"caption\":\"FANDELI M\u00e9xico\"},\"image\":{\"@id\":\"https:\\\/\\\/fandeli.com\\\/fandeli-industrial\\\/#\\\/schema\\\/logo\\\/image\\\/\"},\"sameAs\":[\"https:\\\/\\\/www.facebook.com\\\/FandeliMexico\",\"https:\\\/\\\/x.com\\\/fandelimexico\",\"https:\\\/\\\/www.instagram.com\\\/fandeli.mx\\\/\",\"https:\\\/\\\/www.tiktok.com\\\/@fandeli_mx\",\"https:\\\/\\\/www.youtube.com\\\/channel\\\/UCODX8hPCf8g6bu9Ho7Q7RsQ\",\"https:\\\/\\\/www.linkedin.com\\\/company\\\/fandeli\"]}]}<\/script>\n<!-- \/ Yoast SEO plugin. -->","yoast_head_json":{"title":"PUNTAS MONTADAS - FANDELI Industrial","robots":{"index":"index","follow":"follow","max-snippet":"max-snippet:-1","max-image-preview":"max-image-preview:large","max-video-preview":"max-video-preview:-1"},"canonical":"https:\/\/fandeli.com\/fandeli-industrial\/producto\/puntas-montadas\/","og_locale":"es_MX","og_type":"article","og_title":"PUNTAS MONTADAS - FANDELI Industrial","og_description":"PUNTAS MONTADAS CARACTER\u00cdSTICAS  Hecha con \u00d3xido de Aluminio rosa. Remoci\u00f3n de manera r\u00e1pida y agresiva de material ferroso como acero al carb\u00f3n e inoxidable.  APLICACI\u00d3N  Para desbaste de material o soldaduras de sustratos de acero al carb\u00f3n e inoxidable con geometr\u00edas* (medidas) disponibles seg\u00fan la aplicaci\u00f3n realizada.  USO   Para desbaste de placas, soleras o perfiles. Ideal para desbaste de soldaduras y uniones. Elimina sobrantes de fundici\u00f3n o rebabas. Para un mecanizado vasto o fino de superficies.","og_url":"https:\/\/fandeli.com\/fandeli-industrial\/producto\/puntas-montadas\/","og_site_name":"FANDELI Industrial","article_publisher":"https:\/\/www.facebook.com\/FandeliMexico","article_modified_time":"2026-02-03T17:16:18+00:00","og_image":[{"width":800,"height":800,"url":"https:\/\/fandeli.com\/fandeli-industrial\/fandeli-industrial\/wp-content\/uploads\/2026\/01\/puntas-montadas.jpg","type":"image\/jpeg"}],"twitter_card":"summary_large_image","twitter_site":"@fandelimexico","twitter_misc":{"Tiempo de lectura":"1 minuto"},"schema":{"@context":"https:\/\/schema.org","@graph":[{"@type":"WebPage","@id":"https:\/\/fandeli.com\/fandeli-industrial\/producto\/puntas-montadas\/","url":"https:\/\/fandeli.com\/fandeli-industrial\/producto\/puntas-montadas\/","name":"PUNTAS MONTADAS - FANDELI Industrial","isPartOf":{"@id":"https:\/\/fandeli.com\/fandeli-industrial\/#website"},"primaryImageOfPage":{"@id":"https:\/\/fandeli.com\/fandeli-industrial\/producto\/puntas-montadas\/#primaryimage"},"image":{"@id":"https:\/\/fandeli.com\/fandeli-industrial\/producto\/puntas-montadas\/#primaryimage"},"thumbnailUrl":"https:\/\/fandeli.com\/fandeli-industrial\/wp-content\/uploads\/2026\/01\/puntas-montadas.jpg","datePublished":"2026-01-30T16:48:46+00:00","dateModified":"2026-02-03T17:16:18+00:00","breadcrumb":{"@id":"https:\/\/fandeli.com\/fandeli-industrial\/producto\/puntas-montadas\/#breadcrumb"},"inLanguage":"es","potentialAction":[{"@type":"ReadAction","target":["https:\/\/fandeli.com\/fandeli-industrial\/producto\/puntas-montadas\/"]}]},{"@type":"ImageObject","inLanguage":"es","@id":"https:\/\/fandeli.com\/fandeli-industrial\/producto\/puntas-montadas\/#primaryimage","url":"https:\/\/fandeli.com\/fandeli-industrial\/wp-content\/uploads\/2026\/01\/puntas-montadas.jpg","contentUrl":"https:\/\/fandeli.com\/fandeli-industrial\/wp-content\/uploads\/2026\/01\/puntas-montadas.jpg","width":800,"height":800},{"@type":"BreadcrumbList","@id":"https:\/\/fandeli.com\/fandeli-industrial\/producto\/puntas-montadas\/#breadcrumb","itemListElement":[{"@type":"ListItem","position":1,"name":"Portada","item":"https:\/\/fandeli.com\/fandeli-industrial\/"},{"@type":"ListItem","position":2,"name":"PUNTAS MONTADAS"}]},{"@type":"WebSite","@id":"https:\/\/fandeli.com\/fandeli-industrial\/#website","url":"https:\/\/fandeli.com\/fandeli-industrial\/","name":"FANDELI M\u00e9xico","description":"FANDELI Industrial","publisher":{"@id":"https:\/\/fandeli.com\/fandeli-industrial\/#organization"},"potentialAction":[{"@type":"SearchAction","target":{"@type":"EntryPoint","urlTemplate":"https:\/\/fandeli.com\/fandeli-industrial\/?s={search_term_string}"},"query-input":{"@type":"PropertyValueSpecification","valueRequired":true,"valueName":"search_term_string"}}],"inLanguage":"es"},{"@type":"Organization","@id":"https:\/\/fandeli.com\/fandeli-industrial\/#organization","name":"FANDELI M\u00e9xico","url":"https:\/\/fandeli.com\/fandeli-industrial\/","logo":{"@type":"ImageObject","inLanguage":"es","@id":"https:\/\/fandeli.com\/fandeli-industrial\/#\/schema\/logo\/image\/","url":"http:\/\/abrasivosrevestidos.com\/wp-content\/uploads\/2024\/11\/logo-fandeli.svg","contentUrl":"http:\/\/abrasivosrevestidos.com\/wp-content\/uploads\/2024\/11\/logo-fandeli.svg","width":267,"height":65,"caption":"FANDELI M\u00e9xico"},"image":{"@id":"https:\/\/fandeli.com\/fandeli-industrial\/#\/schema\/logo\/image\/"},"sameAs":["https:\/\/www.facebook.com\/FandeliMexico","https:\/\/x.com\/fandelimexico","https:\/\/www.instagram.com\/fandeli.mx\/","https:\/\/www.tiktok.com\/@fandeli_mx","https:\/\/www.youtube.com\/channel\/UCODX8hPCf8g6bu9Ho7Q7RsQ","https:\/\/www.linkedin.com\/company\/fandeli"]}]}},"jetpack_sharing_enabled":true,"_links":{"self":[{"href":"https:\/\/fandeli.com\/fandeli-industrial\/wp-json\/wp\/v2\/product\/10050","targetHints":{"allow":["GET"]}}],"collection":[{"href":"https:\/\/fandeli.com\/fandeli-industrial\/wp-json\/wp\/v2\/product"}],"about":[{"href":"https:\/\/fandeli.com\/fandeli-industrial\/wp-json\/wp\/v2\/types\/product"}],"version-history":[{"count":1,"href":"https:\/\/fandeli.com\/fandeli-industrial\/wp-json\/wp\/v2\/product\/10050\/revisions"}],"predecessor-version":[{"id":10205,"href":"https:\/\/fandeli.com\/fandeli-industrial\/wp-json\/wp\/v2\/product\/10050\/revisions\/10205"}],"wp:featuredmedia":[{"embeddable":true,"href":"https:\/\/fandeli.com\/fandeli-industrial\/wp-json\/wp\/v2\/media\/9726"}],"wp:attachment":[{"href":"https:\/\/fandeli.com\/fandeli-industrial\/wp-json\/wp\/v2\/media?parent=10050"}],"wp:term":[{"taxonomy":"product_brand","embeddable":true,"href":"https:\/\/fandeli.com\/fandeli-industrial\/wp-json\/wp\/v2\/product_brand?post=10050"},{"taxonomy":"product_cat","embeddable":true,"href":"https:\/\/fandeli.com\/fandeli-industrial\/wp-json\/wp\/v2\/product_cat?post=10050"},{"taxonomy":"product_tag","embeddable":true,"href":"https:\/\/fandeli.com\/fandeli-industrial\/wp-json\/wp\/v2\/product_tag?post=10050"}],"curies":[{"name":"wp","href":"https:\/\/api.w.org\/{rel}","templated":true}]}}