{"id":10033,"date":"2026-01-30T16:33:42","date_gmt":"2026-01-30T16:33:42","guid":{"rendered":"http:\/\/abrasivosrevestidos.com\/?post_type=product&#038;p=10033"},"modified":"2026-01-30T16:33:42","modified_gmt":"2026-01-30T16:33:42","slug":"cardas-circulares","status":"publish","type":"product","link":"https:\/\/fandeli.com\/fandeli-industrial\/producto\/cardas-circulares\/","title":{"rendered":"Cardas circulares"},"content":{"rendered":"<table class=\"tabla-fi\">\n<tbody>\n<tr>\n<td><b>MODELO<\/b><\/td>\n<td><b>SKU<\/b><\/td>\n<td><b>MEDIDA<\/b><\/td>\n<td><b>FICHA T\u00c9CNICA<\/b><\/td>\n<\/tr>\n<tr>\n<td>CARDA CIRC. TREN 4&#8243; STRONG<\/td>\n<td>80942<\/td>\n<td>100 (4&#8243;) x 5\/8-11<\/td>\n<td><a href=\"\/assets\/fichas-tecnicas-FI\/FT-CARDA-CIRCULAR-CWA-252-SD.pdf\" target=\"_blank\">DESCARGA<\/a><\/td>\n<\/tr>\n<tr>\n<td>CARDA CIRC. TREN 6&#8243; STRONG<\/td>\n<td>80943<\/td>\n<td>150 (6&#8243;) x 5\/8-11\n<\/td>\n<td><a href=\"\/assets\/fichas-tecnicas-FI\/FT-CARDA-CIRCULAR-CWA-253-SD.pdf\" target=\"_blank\">DESCARGA<\/a><\/td>\n<\/tr>\n<tr>\n<td>CARDA CIRC. TREN 4&#8243; STRONG<\/td>\n<td>81067<\/td>\n<td>100 (4&#8243;) x M14<\/td>\n<td><a href=\"\/assets\/fichas-tecnicas-FI\/FT-CARDA-CIRCULAR-CWA-259-SD.pdf\" target=\"_blank\">DESCARGA<\/a><\/td>\n<\/tr>\n<tr>\n<td>CARDA CIRC. TREN 6&#8243; STRONG<\/td>\n<td>81068<\/td>\n<td>150 (6&#8243;) x M14\n<\/td>\n<td><a href=\"\/assets\/fichas-tecnicas-FI\/FT-CARDA-CIRCULAR-CWA-260-SD.pdf\" target=\"_blank\">DESCARGA<\/a><\/td>\n<\/tr>\n<\/tbody>\n<\/table>\n","protected":false},"excerpt":{"rendered":"<div class=\"fi\">\n<h2><strong>CARDAS CIRCULARES<\/strong><\/h2>\n<p><strong>CARACTER\u00cdSTICAS<\/b><\/strong><\/p>\n<ul class=\"lista\">\n<li>Alambre trenzado de acero al carbono de alta calidad.<\/li>\n<li>Gran capacidad de limpieza.<\/li>\n<li>No desprende alambres.<\/li>\n<li>No pierde la forma de la trenza.<\/li>\n<li>Compatible con m\u00e1quinas de ejes (husillos) M14 y 5\/8\u201d-11 (consulte manual de fabricante de la m\u00e1quina y compatibilidad con modelos para elegir la ideal de acuerdo con la especificaci\u00f3n de la m\u00e1quina)<\/li>\n<\/ul>\n<p><strong>APLICACI\u00d3N<\/strong><br \/>\n<br \/>\nPara remoci\u00f3n de \u00f3xido y recubrimientos en acero al carb\u00f3n y materiales ferrosos, gran capacidad de limpieza, sin perder alambres con presentaciones disponibles para cualquier eje (husillo) de m\u00e1quina del mercado.<\/p>\n<p><strong>USO<\/strong><\/p>\n<ul class=\"lista\">\n<li>Ideal para limpieza de metales que presenten \u00f3xido o corrosi\u00f3n.<\/li>\n<li>Para limpieza de pintura en metales que necesitan mantenimiento.<\/li>\n<li>Ideal para remoci\u00f3n de rebaba ligera.<\/li>\n<li>Para limpieza de escoria \/ residuos de soldadura.<\/li>\n<\/ul>\n<p class=\"iconos\">\n<img decoding=\"async\" src=\"\/wp-content\/uploads\/2026\/01\/icon-esmeril-angular.svg\"  class=\"icono\"\/><br \/>\n<img decoding=\"async\" src=\"\/wp-content\/uploads\/2026\/01\/logo-think-safe.png\" class=\"icono\"\/><br \/>\n<img decoding=\"async\" src=\"\/wp-content\/uploads\/2026\/01\/icon-seguridad.svg\" class=\"icono\" \/>\n<\/p>\n<\/div>\n","protected":false},"featured_media":9799,"template":"","meta":{"inline_featured_image":false,"site-sidebar-layout":"default","site-content-layout":"","ast-site-content-layout":"default","site-content-style":"default","site-sidebar-style":"default","ast-global-header-display":"","ast-banner-title-visibility":"","ast-main-header-display":"","ast-hfb-above-header-display":"","ast-hfb-below-header-display":"","ast-hfb-mobile-header-display":"","site-post-title":"","ast-breadcrumbs-content":"","ast-featured-img":"","footer-sml-layout":"","ast-disable-related-posts":"","theme-transparent-header-meta":"default","adv-header-id-meta":"","stick-header-meta":"","header-above-stick-meta":"","header-main-stick-meta":"","header-below-stick-meta":"","astra-migrate-meta-layouts":"set","ast-page-background-enabled":"default","ast-page-background-meta":{"desktop":{"background-color":"var(--ast-global-color-4)","background-image":"","background-repeat":"repeat","background-position":"center center","background-size":"auto","background-attachment":"scroll","background-type":"","background-media":"","overlay-type":"","overlay-color":"","overlay-opacity":"","overlay-gradient":""},"tablet":{"background-color":"","background-image":"","background-repeat":"repeat","background-position":"center center","background-size":"auto","background-attachment":"scroll","background-type":"","background-media":"","overlay-type":"","overlay-color":"","overlay-opacity":"","overlay-gradient":""},"mobile":{"background-color":"","background-image":"","background-repeat":"repeat","background-position":"center center","background-size":"auto","background-attachment":"scroll","background-type":"","background-media":"","overlay-type":"","overlay-color":"","overlay-opacity":"","overlay-gradient":""}},"ast-content-background-meta":{"desktop":{"background-color":"var(--ast-global-color-5)","background-image":"","background-repeat":"repeat","background-position":"center center","background-size":"auto","background-attachment":"scroll","background-type":"","background-media":"","overlay-type":"","overlay-color":"","overlay-opacity":"","overlay-gradient":""},"tablet":{"background-color":"var(--ast-global-color-5)","background-image":"","background-repeat":"repeat","background-position":"center center","background-size":"auto","background-attachment":"scroll","background-type":"","background-media":"","overlay-type":"","overlay-color":"","overlay-opacity":"","overlay-gradient":""},"mobile":{"background-color":"var(--ast-global-color-5)","background-image":"","background-repeat":"repeat","background-position":"center center","background-size":"auto","background-attachment":"scroll","background-type":"","background-media":"","overlay-type":"","overlay-color":"","overlay-opacity":"","overlay-gradient":""}}},"product_brand":[],"product_cat":[465,461],"product_tag":[],"class_list":{"0":"post-10033","1":"product","2":"type-product","3":"status-publish","4":"has-post-thumbnail","6":"product_cat-cardas-circulares","7":"product_cat-strong-duty","8":"desktop-align-center","9":"tablet-align-left","10":"mobile-align-center","12":"first","13":"instock","14":"shipping-taxable","15":"product-type-simple"},"yoast_head":"<!-- This site is optimized with the Yoast SEO plugin v27.3 - https:\/\/yoast.com\/product\/yoast-seo-wordpress\/ -->\n<title>Cardas circulares - FANDELI Industrial<\/title>\n<meta name=\"robots\" content=\"index, follow, max-snippet:-1, max-image-preview:large, max-video-preview:-1\" \/>\n<link rel=\"canonical\" href=\"https:\/\/fandeli.com\/fandeli-industrial\/producto\/cardas-circulares\/\" \/>\n<meta property=\"og:locale\" content=\"es_MX\" \/>\n<meta property=\"og:type\" content=\"article\" \/>\n<meta property=\"og:title\" content=\"Cardas circulares - FANDELI Industrial\" \/>\n<meta property=\"og:description\" content=\"CARDAS CIRCULARES CARACTER\u00cdSTICAS  Alambre trenzado de acero al carbono de alta calidad. Gran capacidad de limpieza. No desprende alambres. No pierde la forma de la trenza. Compatible con m\u00e1quinas de ejes (husillos) M14 y 5\/8\u201d-11 (consulte manual de fabricante de la m\u00e1quina y compatibilidad con modelos para elegir la ideal de acuerdo con la especificaci\u00f3n de la m\u00e1quina)  APLICACI\u00d3N  Para remoci\u00f3n de \u00f3xido y recubrimientos en acero al carb\u00f3n y materiales ferrosos, gran capacidad de limpieza, sin perder alambres con presentaciones disponibles para cualquier eje (husillo) de m\u00e1quina del mercado.  USO   Ideal para limpieza de metales que presenten \u00f3xido o corrosi\u00f3n. Para limpieza de pintura en metales que necesitan mantenimiento. Ideal para remoci\u00f3n de rebaba ligera. Para limpieza de escoria \/ residuos de soldadura.\" \/>\n<meta property=\"og:url\" content=\"https:\/\/fandeli.com\/fandeli-industrial\/producto\/cardas-circulares\/\" \/>\n<meta property=\"og:site_name\" content=\"FANDELI Industrial\" \/>\n<meta property=\"article:publisher\" content=\"https:\/\/www.facebook.com\/FandeliMexico\" \/>\n<meta property=\"og:image\" content=\"https:\/\/fandeli.com\/fandeli-industrial\/fandeli-industrial\/wp-content\/uploads\/2026\/01\/carda-cirtcular.jpg\" \/>\n\t<meta property=\"og:image:width\" content=\"800\" \/>\n\t<meta property=\"og:image:height\" content=\"800\" \/>\n\t<meta property=\"og:image:type\" content=\"image\/jpeg\" \/>\n<meta name=\"twitter:card\" content=\"summary_large_image\" \/>\n<meta name=\"twitter:site\" content=\"@fandelimexico\" \/>\n<meta name=\"twitter:label1\" content=\"Tiempo de lectura\" \/>\n\t<meta name=\"twitter:data1\" content=\"1 minuto\" \/>\n<script type=\"application\/ld+json\" class=\"yoast-schema-graph\">{\"@context\":\"https:\\\/\\\/schema.org\",\"@graph\":[{\"@type\":\"WebPage\",\"@id\":\"https:\\\/\\\/fandeli.com\\\/fandeli-industrial\\\/producto\\\/cardas-circulares\\\/\",\"url\":\"https:\\\/\\\/fandeli.com\\\/fandeli-industrial\\\/producto\\\/cardas-circulares\\\/\",\"name\":\"Cardas circulares - FANDELI Industrial\",\"isPartOf\":{\"@id\":\"https:\\\/\\\/fandeli.com\\\/fandeli-industrial\\\/#website\"},\"primaryImageOfPage\":{\"@id\":\"https:\\\/\\\/fandeli.com\\\/fandeli-industrial\\\/producto\\\/cardas-circulares\\\/#primaryimage\"},\"image\":{\"@id\":\"https:\\\/\\\/fandeli.com\\\/fandeli-industrial\\\/producto\\\/cardas-circulares\\\/#primaryimage\"},\"thumbnailUrl\":\"https:\\\/\\\/fandeli.com\\\/fandeli-industrial\\\/wp-content\\\/uploads\\\/2026\\\/01\\\/carda-cirtcular.jpg\",\"datePublished\":\"2026-01-30T16:33:42+00:00\",\"breadcrumb\":{\"@id\":\"https:\\\/\\\/fandeli.com\\\/fandeli-industrial\\\/producto\\\/cardas-circulares\\\/#breadcrumb\"},\"inLanguage\":\"es\",\"potentialAction\":[{\"@type\":\"ReadAction\",\"target\":[\"https:\\\/\\\/fandeli.com\\\/fandeli-industrial\\\/producto\\\/cardas-circulares\\\/\"]}]},{\"@type\":\"ImageObject\",\"inLanguage\":\"es\",\"@id\":\"https:\\\/\\\/fandeli.com\\\/fandeli-industrial\\\/producto\\\/cardas-circulares\\\/#primaryimage\",\"url\":\"https:\\\/\\\/fandeli.com\\\/fandeli-industrial\\\/wp-content\\\/uploads\\\/2026\\\/01\\\/carda-cirtcular.jpg\",\"contentUrl\":\"https:\\\/\\\/fandeli.com\\\/fandeli-industrial\\\/wp-content\\\/uploads\\\/2026\\\/01\\\/carda-cirtcular.jpg\",\"width\":800,\"height\":800},{\"@type\":\"BreadcrumbList\",\"@id\":\"https:\\\/\\\/fandeli.com\\\/fandeli-industrial\\\/producto\\\/cardas-circulares\\\/#breadcrumb\",\"itemListElement\":[{\"@type\":\"ListItem\",\"position\":1,\"name\":\"Portada\",\"item\":\"https:\\\/\\\/fandeli.com\\\/fandeli-industrial\\\/\"},{\"@type\":\"ListItem\",\"position\":2,\"name\":\"Cardas circulares\"}]},{\"@type\":\"WebSite\",\"@id\":\"https:\\\/\\\/fandeli.com\\\/fandeli-industrial\\\/#website\",\"url\":\"https:\\\/\\\/fandeli.com\\\/fandeli-industrial\\\/\",\"name\":\"FANDELI M\u00e9xico\",\"description\":\"FANDELI Industrial\",\"publisher\":{\"@id\":\"https:\\\/\\\/fandeli.com\\\/fandeli-industrial\\\/#organization\"},\"potentialAction\":[{\"@type\":\"SearchAction\",\"target\":{\"@type\":\"EntryPoint\",\"urlTemplate\":\"https:\\\/\\\/fandeli.com\\\/fandeli-industrial\\\/?s={search_term_string}\"},\"query-input\":{\"@type\":\"PropertyValueSpecification\",\"valueRequired\":true,\"valueName\":\"search_term_string\"}}],\"inLanguage\":\"es\"},{\"@type\":\"Organization\",\"@id\":\"https:\\\/\\\/fandeli.com\\\/fandeli-industrial\\\/#organization\",\"name\":\"FANDELI M\u00e9xico\",\"url\":\"https:\\\/\\\/fandeli.com\\\/fandeli-industrial\\\/\",\"logo\":{\"@type\":\"ImageObject\",\"inLanguage\":\"es\",\"@id\":\"https:\\\/\\\/fandeli.com\\\/fandeli-industrial\\\/#\\\/schema\\\/logo\\\/image\\\/\",\"url\":\"http:\\\/\\\/abrasivosrevestidos.com\\\/wp-content\\\/uploads\\\/2024\\\/11\\\/logo-fandeli.svg\",\"contentUrl\":\"http:\\\/\\\/abrasivosrevestidos.com\\\/wp-content\\\/uploads\\\/2024\\\/11\\\/logo-fandeli.svg\",\"width\":267,\"height\":65,\"caption\":\"FANDELI M\u00e9xico\"},\"image\":{\"@id\":\"https:\\\/\\\/fandeli.com\\\/fandeli-industrial\\\/#\\\/schema\\\/logo\\\/image\\\/\"},\"sameAs\":[\"https:\\\/\\\/www.facebook.com\\\/FandeliMexico\",\"https:\\\/\\\/x.com\\\/fandelimexico\",\"https:\\\/\\\/www.instagram.com\\\/fandeli.mx\\\/\",\"https:\\\/\\\/www.tiktok.com\\\/@fandeli_mx\",\"https:\\\/\\\/www.youtube.com\\\/channel\\\/UCODX8hPCf8g6bu9Ho7Q7RsQ\",\"https:\\\/\\\/www.linkedin.com\\\/company\\\/fandeli\"]}]}<\/script>\n<!-- \/ Yoast SEO plugin. -->","yoast_head_json":{"title":"Cardas circulares - FANDELI Industrial","robots":{"index":"index","follow":"follow","max-snippet":"max-snippet:-1","max-image-preview":"max-image-preview:large","max-video-preview":"max-video-preview:-1"},"canonical":"https:\/\/fandeli.com\/fandeli-industrial\/producto\/cardas-circulares\/","og_locale":"es_MX","og_type":"article","og_title":"Cardas circulares - FANDELI Industrial","og_description":"CARDAS CIRCULARES CARACTER\u00cdSTICAS  Alambre trenzado de acero al carbono de alta calidad. Gran capacidad de limpieza. No desprende alambres. No pierde la forma de la trenza. Compatible con m\u00e1quinas de ejes (husillos) M14 y 5\/8\u201d-11 (consulte manual de fabricante de la m\u00e1quina y compatibilidad con modelos para elegir la ideal de acuerdo con la especificaci\u00f3n de la m\u00e1quina)  APLICACI\u00d3N  Para remoci\u00f3n de \u00f3xido y recubrimientos en acero al carb\u00f3n y materiales ferrosos, gran capacidad de limpieza, sin perder alambres con presentaciones disponibles para cualquier eje (husillo) de m\u00e1quina del mercado.  USO   Ideal para limpieza de metales que presenten \u00f3xido o corrosi\u00f3n. Para limpieza de pintura en metales que necesitan mantenimiento. Ideal para remoci\u00f3n de rebaba ligera. Para limpieza de escoria \/ residuos de soldadura.","og_url":"https:\/\/fandeli.com\/fandeli-industrial\/producto\/cardas-circulares\/","og_site_name":"FANDELI Industrial","article_publisher":"https:\/\/www.facebook.com\/FandeliMexico","og_image":[{"width":800,"height":800,"url":"https:\/\/fandeli.com\/fandeli-industrial\/fandeli-industrial\/wp-content\/uploads\/2026\/01\/carda-cirtcular.jpg","type":"image\/jpeg"}],"twitter_card":"summary_large_image","twitter_site":"@fandelimexico","twitter_misc":{"Tiempo de lectura":"1 minuto"},"schema":{"@context":"https:\/\/schema.org","@graph":[{"@type":"WebPage","@id":"https:\/\/fandeli.com\/fandeli-industrial\/producto\/cardas-circulares\/","url":"https:\/\/fandeli.com\/fandeli-industrial\/producto\/cardas-circulares\/","name":"Cardas circulares - FANDELI Industrial","isPartOf":{"@id":"https:\/\/fandeli.com\/fandeli-industrial\/#website"},"primaryImageOfPage":{"@id":"https:\/\/fandeli.com\/fandeli-industrial\/producto\/cardas-circulares\/#primaryimage"},"image":{"@id":"https:\/\/fandeli.com\/fandeli-industrial\/producto\/cardas-circulares\/#primaryimage"},"thumbnailUrl":"https:\/\/fandeli.com\/fandeli-industrial\/wp-content\/uploads\/2026\/01\/carda-cirtcular.jpg","datePublished":"2026-01-30T16:33:42+00:00","breadcrumb":{"@id":"https:\/\/fandeli.com\/fandeli-industrial\/producto\/cardas-circulares\/#breadcrumb"},"inLanguage":"es","potentialAction":[{"@type":"ReadAction","target":["https:\/\/fandeli.com\/fandeli-industrial\/producto\/cardas-circulares\/"]}]},{"@type":"ImageObject","inLanguage":"es","@id":"https:\/\/fandeli.com\/fandeli-industrial\/producto\/cardas-circulares\/#primaryimage","url":"https:\/\/fandeli.com\/fandeli-industrial\/wp-content\/uploads\/2026\/01\/carda-cirtcular.jpg","contentUrl":"https:\/\/fandeli.com\/fandeli-industrial\/wp-content\/uploads\/2026\/01\/carda-cirtcular.jpg","width":800,"height":800},{"@type":"BreadcrumbList","@id":"https:\/\/fandeli.com\/fandeli-industrial\/producto\/cardas-circulares\/#breadcrumb","itemListElement":[{"@type":"ListItem","position":1,"name":"Portada","item":"https:\/\/fandeli.com\/fandeli-industrial\/"},{"@type":"ListItem","position":2,"name":"Cardas circulares"}]},{"@type":"WebSite","@id":"https:\/\/fandeli.com\/fandeli-industrial\/#website","url":"https:\/\/fandeli.com\/fandeli-industrial\/","name":"FANDELI M\u00e9xico","description":"FANDELI Industrial","publisher":{"@id":"https:\/\/fandeli.com\/fandeli-industrial\/#organization"},"potentialAction":[{"@type":"SearchAction","target":{"@type":"EntryPoint","urlTemplate":"https:\/\/fandeli.com\/fandeli-industrial\/?s={search_term_string}"},"query-input":{"@type":"PropertyValueSpecification","valueRequired":true,"valueName":"search_term_string"}}],"inLanguage":"es"},{"@type":"Organization","@id":"https:\/\/fandeli.com\/fandeli-industrial\/#organization","name":"FANDELI M\u00e9xico","url":"https:\/\/fandeli.com\/fandeli-industrial\/","logo":{"@type":"ImageObject","inLanguage":"es","@id":"https:\/\/fandeli.com\/fandeli-industrial\/#\/schema\/logo\/image\/","url":"http:\/\/abrasivosrevestidos.com\/wp-content\/uploads\/2024\/11\/logo-fandeli.svg","contentUrl":"http:\/\/abrasivosrevestidos.com\/wp-content\/uploads\/2024\/11\/logo-fandeli.svg","width":267,"height":65,"caption":"FANDELI M\u00e9xico"},"image":{"@id":"https:\/\/fandeli.com\/fandeli-industrial\/#\/schema\/logo\/image\/"},"sameAs":["https:\/\/www.facebook.com\/FandeliMexico","https:\/\/x.com\/fandelimexico","https:\/\/www.instagram.com\/fandeli.mx\/","https:\/\/www.tiktok.com\/@fandeli_mx","https:\/\/www.youtube.com\/channel\/UCODX8hPCf8g6bu9Ho7Q7RsQ","https:\/\/www.linkedin.com\/company\/fandeli"]}]}},"jetpack_sharing_enabled":true,"_links":{"self":[{"href":"https:\/\/fandeli.com\/fandeli-industrial\/wp-json\/wp\/v2\/product\/10033","targetHints":{"allow":["GET"]}}],"collection":[{"href":"https:\/\/fandeli.com\/fandeli-industrial\/wp-json\/wp\/v2\/product"}],"about":[{"href":"https:\/\/fandeli.com\/fandeli-industrial\/wp-json\/wp\/v2\/types\/product"}],"version-history":[{"count":0,"href":"https:\/\/fandeli.com\/fandeli-industrial\/wp-json\/wp\/v2\/product\/10033\/revisions"}],"wp:featuredmedia":[{"embeddable":true,"href":"https:\/\/fandeli.com\/fandeli-industrial\/wp-json\/wp\/v2\/media\/9799"}],"wp:attachment":[{"href":"https:\/\/fandeli.com\/fandeli-industrial\/wp-json\/wp\/v2\/media?parent=10033"}],"wp:term":[{"taxonomy":"product_brand","embeddable":true,"href":"https:\/\/fandeli.com\/fandeli-industrial\/wp-json\/wp\/v2\/product_brand?post=10033"},{"taxonomy":"product_cat","embeddable":true,"href":"https:\/\/fandeli.com\/fandeli-industrial\/wp-json\/wp\/v2\/product_cat?post=10033"},{"taxonomy":"product_tag","embeddable":true,"href":"https:\/\/fandeli.com\/fandeli-industrial\/wp-json\/wp\/v2\/product_tag?post=10033"}],"curies":[{"name":"wp","href":"https:\/\/api.w.org\/{rel}","templated":true}]}}