{"id":5329,"date":"2025-02-20T17:18:21","date_gmt":"2025-02-20T17:18:21","guid":{"rendered":"http:\/\/abrasivosrevestidos.com\/?post_type=product&#038;p=5329"},"modified":"2026-02-26T17:36:16","modified_gmt":"2026-02-26T17:36:16","slug":"tiras-de-lija-bw80-speedkut","status":"publish","type":"product","link":"https:\/\/fandeli.com\/fandeli-automotriz\/producto\/tiras-de-lija-bw80-speedkut\/","title":{"rendered":"Tiras de lija BW80 Speedkut"},"content":{"rendered":"<table cellspacing=\"0\" cellpadding=\"0\" class=\"tabla\">\n<tr>\n<td><strong>SKU<\/strong><\/td>\n<td><strong>L\u00cdNEA | GRADOS<\/strong><\/td>\n<td><strong>DIMENSIONES<\/strong><\/td>\n<td><strong>PULGS.<\/strong><\/td>\n<td><strong>CAJA<\/strong><\/td>\n<td><strong>\u00a0EMPAQUE<\/strong><\/td>\n<\/tr>\n<tr>\n<td>79063<\/td>\n<td>TIRA LIJA FANDELI SPEEDKUT BW80 | 080P <\/td>\n<td>0.070m X 0.419m PAPEL GRIPIT<\/td>\n<td>2.3\/4&quot; x 16.1\/2&quot;<\/td>\n<td>250<\/td>\n<td>50<\/td>\n<\/tr>\n<tr>\n<td>79064<\/td>\n<td>TIRA LIJA FANDELI SPEEDKUT BW80 | 100P <\/td>\n<td>0.070m X 0.419m PAPEL GRIPIT<\/td>\n<td>2.3\/4&quot; x 16.1\/2&quot;<\/td>\n<td>250<\/td>\n<td>50<\/td>\n<\/tr>\n<tr>\n<td>79065<\/td>\n<td>TIRA LIJA FANDELI SPEEDKUT BW80 | 120P <\/td>\n<td>0.070m X 0.419m PAPEL GRIPIT<\/td>\n<td>2.3\/4&quot; x 16.1\/2&quot;<\/td>\n<td>250<\/td>\n<td>50<\/td>\n<\/tr>\n<tr>\n<td>79066<\/td>\n<td>TIRA LIJA FANDELI SPEEDKUT BW80 | 150P <\/td>\n<td>0.070m X 0.419m PAPEL GRIPIT<\/td>\n<td>2.3\/4&quot; x 16.1\/2&quot;<\/td>\n<td>250<\/td>\n<td>50<\/td>\n<\/tr>\n<tr>\n<td>79067<\/td>\n<td>TIRA LIJA FANDELI SPEEDKUT BW80 | 180P <\/td>\n<td>0.070m X 0.419m PAPEL GRIPIT<\/td>\n<td>2.3\/4&quot; x 16.1\/2&quot;<\/td>\n<td>250<\/td>\n<td>50<\/td>\n<\/tr>\n<tr>\n<td>79068<\/td>\n<td>TIRA LIJA FANDELI SPEEDKUT BW80 | 220P <\/td>\n<td>0.070m X 0.419m PAPEL GRIPIT<\/td>\n<td>2.3\/4&quot; x 16.1\/2&quot;<\/td>\n<td>250<\/td>\n<td>50<\/td>\n<\/tr>\n<tr>\n<td>79069<\/td>\n<td>TIRA LIJA FANDELI SPEEDKUT BW80 | 240P <\/td>\n<td>0.070m X 0.419m PAPEL GRIPIT<\/td>\n<td>2.3\/4&quot; x 16.1\/2&quot;<\/td>\n<td>250<\/td>\n<td>50<\/td>\n<\/tr>\n<tr>\n<td>79070<\/td>\n<td>TIRA LIJA FANDELI SPEEDKUT BW80 | 320P <\/td>\n<td>0.070m X 0.419m PAPEL GRIPIT<\/td>\n<td>2.3\/4&quot; x 16.1\/2&quot;<\/td>\n<td>250<\/td>\n<td>50<\/td>\n<\/tr>\n<tr>\n<td>79071<\/td>\n<td>TIRA LIJA FANDELI SPEEDKUT BW80 | 400P <\/td>\n<td>0.070m X 0.419m PAPEL GRIPIT<\/td>\n<td>2.3\/4&quot; x 16.1\/2&quot;<\/td>\n<td>250<\/td>\n<td>50<\/td>\n<\/tr>\n<\/table>\n","protected":false},"excerpt":{"rendered":"<p><strong>Aplicaciones<\/strong><\/p>\n<ul class=\"lista\">\n<li>Trabajos de lijado en procesos de hojalater\u00eda para nivelar el contorno de la reparaci\u00f3n, como las zonas trabajadas con pastas y rellenadores en acabados finos o sobre madera natural y suave.<\/li>\n<li>Preparaci\u00f3n de la superficie para aplicaci\u00f3n de pasta de relleno, masilla de relleno, pl\u00e1sticos, pinturas, madera, barnices y lacas, dejando una superficie uniforme.<\/li>\n<li>Trabajos de lijado que requieren de acabados tersos.<\/li>\n<\/ul>\n<p><strong>Caracter\u00edsticas<\/strong><\/p>\n<ul class=\"lista\">\n<li>Tecnolog\u00eda antitapado con Estearato de Zinc Fundido que permiten obtener un excelente acabado.<\/li>\n<li>Gran velocidad de corte y mayor rendimiento.<\/li>\n<li>Lijado en seco y en semi h\u00famedo.<\/li>\n<li>Su capa adicional de Estearato de Zinc previene el tapado prematuro del producto y extiende la vida \u00fatil del mismo.<\/li>\n<\/ul>\n<p><strong>Aplicaciones y recomendaciones<\/strong><\/p>\n<p class=\"iconos\">\n<img decoding=\"async\" src=\"https:\/\/fandeli.com\/assets\/icons\/icon-madera.svg\" class=\"icono\" \/><br \/>\n<img decoding=\"async\" src=\"https:\/\/fandeli.com\/assets\/icons\/icon-lacas.svg\" class=\"icono\" \/><br \/>\n<img decoding=\"async\" src=\"https:\/\/fandeli.com\/assets\/icons\/icon-plastico.svg\" class=\"icono\" \/><br \/>\n<img decoding=\"async\" src=\"https:\/\/fandeli.com\/assets\/icons\/icon-metal-noferroso.svg\" class=\"icono\" \/><br \/>\n<br \/>\n<img decoding=\"async\" src=\"https:\/\/fandeli.com\/assets\/icons\/icon-uso-lija.svg\" class=\"icono\" \/><br \/>\n<img decoding=\"async\" src=\"https:\/\/fandeli.com\/assets\/icons\/icon-corte-hoja.svg\" class=\"icono\" \/><br \/>\n<img decoding=\"async\" src=\"https:\/\/fandeli.com\/assets\/icons\/icon-lijado-humedo.svg\" class=\"icono\" \/>\n<\/p>\n<div id=\"descarga\">\n<p class=\"lista\"><a href=\"https:\/\/fandeli.com\/assets\/fichas-tecnicas\/FANDELI-ficha-tecnica-linea-BW80-Speedkut.pdf\" target=\"_blank\" class=\"botones\"><i class=\"fa fa-file\"><\/i>&nbsp;&nbsp; DESCARGA LA FICHA T\u00c9CNICA<\/a><\/p>\n<h5><strong>Descarga las fotos del producto<\/strong><\/h5>\n<div id=\"foto\">\n<div class=\"foto1\">\n<a href=\"https:\/\/fandeli.com\/assets\/img\/tiras-bw80-300.zip\" class=\"btn-foto\" target=\"_blank\">300 dpis<\/a>\n<\/div>\n<div class=\"foto2\">\n<a href=\"https:\/\/fandeli.com\/assets\/img\/tiras-bw80-150.zip\" class=\"btn-foto\" target=\"_blank\">150 dpis<\/a>\n<\/div>\n<div class=\"foto3\">\n<a href=\"https:\/\/fandeli.com\/assets\/img\/tiras-bw80-72.zip\" class=\"btn-foto\" target=\"_blank\">72 dpis<\/a>\n<\/div>\n<\/div>\n<\/div>\n","protected":false},"featured_media":5330,"template":"","meta":{"inline_featured_image":false,"site-sidebar-layout":"default","site-content-layout":"","ast-site-content-layout":"default","site-content-style":"default","site-sidebar-style":"default","ast-global-header-display":"","ast-banner-title-visibility":"","ast-main-header-display":"","ast-hfb-above-header-display":"","ast-hfb-below-header-display":"","ast-hfb-mobile-header-display":"","site-post-title":"","ast-breadcrumbs-content":"","ast-featured-img":"","footer-sml-layout":"","ast-disable-related-posts":"","theme-transparent-header-meta":"default","adv-header-id-meta":"","stick-header-meta":"","header-above-stick-meta":"","header-main-stick-meta":"","header-below-stick-meta":"","astra-migrate-meta-layouts":"set","ast-page-background-enabled":"default","ast-page-background-meta":{"desktop":{"background-color":"var(--ast-global-color-4)","background-image":"","background-repeat":"repeat","background-position":"center center","background-size":"auto","background-attachment":"scroll","background-type":"","background-media":"","overlay-type":"","overlay-color":"","overlay-opacity":"","overlay-gradient":""},"tablet":{"background-color":"","background-image":"","background-repeat":"repeat","background-position":"center center","background-size":"auto","background-attachment":"scroll","background-type":"","background-media":"","overlay-type":"","overlay-color":"","overlay-opacity":"","overlay-gradient":""},"mobile":{"background-color":"","background-image":"","background-repeat":"repeat","background-position":"center center","background-size":"auto","background-attachment":"scroll","background-type":"","background-media":"","overlay-type":"","overlay-color":"","overlay-opacity":"","overlay-gradient":""}},"ast-content-background-meta":{"desktop":{"background-color":"var(--ast-global-color-5)","background-image":"","background-repeat":"repeat","background-position":"center center","background-size":"auto","background-attachment":"scroll","background-type":"","background-media":"","overlay-type":"","overlay-color":"","overlay-opacity":"","overlay-gradient":""},"tablet":{"background-color":"var(--ast-global-color-5)","background-image":"","background-repeat":"repeat","background-position":"center center","background-size":"auto","background-attachment":"scroll","background-type":"","background-media":"","overlay-type":"","overlay-color":"","overlay-opacity":"","overlay-gradient":""},"mobile":{"background-color":"var(--ast-global-color-5)","background-image":"","background-repeat":"repeat","background-position":"center center","background-size":"auto","background-attachment":"scroll","background-type":"","background-media":"","overlay-type":"","overlay-color":"","overlay-opacity":"","overlay-gradient":""}}},"product_brand":[],"product_cat":[23,525,40,24,45,43,35],"product_tag":[],"class_list":{"0":"post-5329","1":"product","2":"type-product","3":"status-publish","4":"has-post-thumbnail","6":"product_cat-automotriz-es","7":"product_cat-hojalateria","8":"product_cat-madera-es","9":"product_cat-mantenimiento-es","10":"product_cat-metales-no-ferrosos-es","11":"product_cat-plastico-es","12":"product_cat-tiras-de-lija-es","13":"desktop-align-center","14":"tablet-align-left","15":"mobile-align-center","17":"first","18":"instock","19":"shipping-taxable","20":"product-type-simple"},"yoast_head":"<!-- This site is optimized with the Yoast SEO plugin v27.3 - https:\/\/yoast.com\/product\/yoast-seo-wordpress\/ -->\n<title>Tiras de lija BW80 Speedkut - FANDELI M\u00e9xico<\/title>\n<meta name=\"robots\" content=\"index, follow, max-snippet:-1, max-image-preview:large, max-video-preview:-1\" \/>\n<link rel=\"canonical\" href=\"https:\/\/fandeli.com\/fandeli-automotriz\/producto\/tiras-de-lija-bw80-speedkut\/\" \/>\n<meta property=\"og:locale\" content=\"es_MX\" \/>\n<meta property=\"og:type\" content=\"article\" \/>\n<meta property=\"og:title\" content=\"Tiras de lija BW80 Speedkut - FANDELI M\u00e9xico\" \/>\n<meta property=\"og:description\" content=\"Aplicaciones   Trabajos de lijado en procesos de hojalater\u00eda para nivelar el contorno de la reparaci\u00f3n, como las zonas trabajadas con pastas y rellenadores en acabados finos o sobre madera natural y suave. Preparaci\u00f3n de la superficie para aplicaci\u00f3n de pasta de relleno, masilla de relleno, pl\u00e1sticos, pinturas, madera, barnices y lacas, dejando una superficie uniforme. Trabajos de lijado que requieren de acabados tersos.    Caracter\u00edsticas    Tecnolog\u00eda antitapado con Estearato de Zinc Fundido que permiten obtener un excelente acabado. Gran velocidad de corte y mayor rendimiento. Lijado en seco y en semi h\u00famedo. Su capa adicional de Estearato de Zinc previene el tapado prematuro del producto y extiende la vida \u00fatil del mismo.    Aplicaciones y recomendaciones                     &nbsp;&nbsp; DESCARGA LA FICHA T\u00c9CNICA   Descarga las fotos del producto    300 dpis   150 dpis   72 dpis\" \/>\n<meta property=\"og:url\" content=\"https:\/\/fandeli.com\/fandeli-automotriz\/producto\/tiras-de-lija-bw80-speedkut\/\" \/>\n<meta property=\"og:site_name\" content=\"FANDELI M\u00e9xico\" \/>\n<meta property=\"article:publisher\" content=\"https:\/\/www.facebook.com\/FandeliMexico\" \/>\n<meta property=\"article:modified_time\" content=\"2026-02-26T17:36:16+00:00\" \/>\n<meta property=\"og:image\" content=\"https:\/\/fandeli.com\/fandeli-automotriz\/wp-content\/uploads\/2025\/02\/tiras-bw80.jpg\" \/>\n\t<meta property=\"og:image:width\" content=\"800\" \/>\n\t<meta property=\"og:image:height\" content=\"800\" \/>\n\t<meta property=\"og:image:type\" content=\"image\/jpeg\" \/>\n<meta name=\"twitter:card\" content=\"summary_large_image\" \/>\n<meta name=\"twitter:site\" content=\"@fandelimexico\" \/>\n<meta name=\"twitter:label1\" content=\"Tiempo de lectura\" \/>\n\t<meta name=\"twitter:data1\" content=\"1 minuto\" \/>\n<script type=\"application\/ld+json\" class=\"yoast-schema-graph\">{\"@context\":\"https:\\\/\\\/schema.org\",\"@graph\":[{\"@type\":\"WebPage\",\"@id\":\"https:\\\/\\\/fandeli.com\\\/fandeli-automotriz\\\/producto\\\/tiras-de-lija-bw80-speedkut\\\/\",\"url\":\"https:\\\/\\\/fandeli.com\\\/fandeli-automotriz\\\/producto\\\/tiras-de-lija-bw80-speedkut\\\/\",\"name\":\"Tiras de lija BW80 Speedkut - FANDELI M\u00e9xico\",\"isPartOf\":{\"@id\":\"https:\\\/\\\/fandeli.com\\\/fandeli-automotriz\\\/#website\"},\"primaryImageOfPage\":{\"@id\":\"https:\\\/\\\/fandeli.com\\\/fandeli-automotriz\\\/producto\\\/tiras-de-lija-bw80-speedkut\\\/#primaryimage\"},\"image\":{\"@id\":\"https:\\\/\\\/fandeli.com\\\/fandeli-automotriz\\\/producto\\\/tiras-de-lija-bw80-speedkut\\\/#primaryimage\"},\"thumbnailUrl\":\"https:\\\/\\\/fandeli.com\\\/fandeli-automotriz\\\/wp-content\\\/uploads\\\/2025\\\/02\\\/tiras-bw80.jpg\",\"datePublished\":\"2025-02-20T17:18:21+00:00\",\"dateModified\":\"2026-02-26T17:36:16+00:00\",\"breadcrumb\":{\"@id\":\"https:\\\/\\\/fandeli.com\\\/fandeli-automotriz\\\/producto\\\/tiras-de-lija-bw80-speedkut\\\/#breadcrumb\"},\"inLanguage\":\"es\",\"potentialAction\":[{\"@type\":\"ReadAction\",\"target\":[\"https:\\\/\\\/fandeli.com\\\/fandeli-automotriz\\\/producto\\\/tiras-de-lija-bw80-speedkut\\\/\"]}]},{\"@type\":\"ImageObject\",\"inLanguage\":\"es\",\"@id\":\"https:\\\/\\\/fandeli.com\\\/fandeli-automotriz\\\/producto\\\/tiras-de-lija-bw80-speedkut\\\/#primaryimage\",\"url\":\"https:\\\/\\\/fandeli.com\\\/fandeli-automotriz\\\/wp-content\\\/uploads\\\/2025\\\/02\\\/tiras-bw80.jpg\",\"contentUrl\":\"https:\\\/\\\/fandeli.com\\\/fandeli-automotriz\\\/wp-content\\\/uploads\\\/2025\\\/02\\\/tiras-bw80.jpg\",\"width\":800,\"height\":800},{\"@type\":\"BreadcrumbList\",\"@id\":\"https:\\\/\\\/fandeli.com\\\/fandeli-automotriz\\\/producto\\\/tiras-de-lija-bw80-speedkut\\\/#breadcrumb\",\"itemListElement\":[{\"@type\":\"ListItem\",\"position\":1,\"name\":\"Portada\",\"item\":\"https:\\\/\\\/fandeli.com\\\/fandeli-automotriz\\\/\"},{\"@type\":\"ListItem\",\"position\":2,\"name\":\"Tienda\",\"item\":\"https:\\\/\\\/fandeli.com\\\/fandeli-automotriz\\\/?page_id=13\"},{\"@type\":\"ListItem\",\"position\":3,\"name\":\"Tiras de lija BW80 Speedkut\"}]},{\"@type\":\"WebSite\",\"@id\":\"https:\\\/\\\/fandeli.com\\\/fandeli-automotriz\\\/#website\",\"url\":\"https:\\\/\\\/fandeli.com\\\/fandeli-automotriz\\\/\",\"name\":\"FANDELI M\u00e9xico\",\"description\":\"FANDELI M\u00e9xico\",\"publisher\":{\"@id\":\"https:\\\/\\\/fandeli.com\\\/fandeli-automotriz\\\/#organization\"},\"potentialAction\":[{\"@type\":\"SearchAction\",\"target\":{\"@type\":\"EntryPoint\",\"urlTemplate\":\"https:\\\/\\\/fandeli.com\\\/fandeli-automotriz\\\/?s={search_term_string}\"},\"query-input\":{\"@type\":\"PropertyValueSpecification\",\"valueRequired\":true,\"valueName\":\"search_term_string\"}}],\"inLanguage\":\"es\"},{\"@type\":\"Organization\",\"@id\":\"https:\\\/\\\/fandeli.com\\\/fandeli-automotriz\\\/#organization\",\"name\":\"FANDELI M\u00e9xico\",\"url\":\"https:\\\/\\\/fandeli.com\\\/fandeli-automotriz\\\/\",\"logo\":{\"@type\":\"ImageObject\",\"inLanguage\":\"es\",\"@id\":\"https:\\\/\\\/fandeli.com\\\/fandeli-automotriz\\\/#\\\/schema\\\/logo\\\/image\\\/\",\"url\":\"http:\\\/\\\/abrasivosrevestidos.com\\\/wp-content\\\/uploads\\\/2024\\\/11\\\/logo-fandeli.svg\",\"contentUrl\":\"http:\\\/\\\/abrasivosrevestidos.com\\\/wp-content\\\/uploads\\\/2024\\\/11\\\/logo-fandeli.svg\",\"width\":267,\"height\":65,\"caption\":\"FANDELI M\u00e9xico\"},\"image\":{\"@id\":\"https:\\\/\\\/fandeli.com\\\/fandeli-automotriz\\\/#\\\/schema\\\/logo\\\/image\\\/\"},\"sameAs\":[\"https:\\\/\\\/www.facebook.com\\\/FandeliMexico\",\"https:\\\/\\\/x.com\\\/fandelimexico\",\"https:\\\/\\\/www.instagram.com\\\/fandeli.mx\\\/\",\"https:\\\/\\\/www.tiktok.com\\\/@fandeli_mx\",\"https:\\\/\\\/www.youtube.com\\\/channel\\\/UCODX8hPCf8g6bu9Ho7Q7RsQ\",\"https:\\\/\\\/www.linkedin.com\\\/company\\\/fandeli\"]}]}<\/script>\n<!-- \/ Yoast SEO plugin. -->","yoast_head_json":{"title":"Tiras de lija BW80 Speedkut - FANDELI M\u00e9xico","robots":{"index":"index","follow":"follow","max-snippet":"max-snippet:-1","max-image-preview":"max-image-preview:large","max-video-preview":"max-video-preview:-1"},"canonical":"https:\/\/fandeli.com\/fandeli-automotriz\/producto\/tiras-de-lija-bw80-speedkut\/","og_locale":"es_MX","og_type":"article","og_title":"Tiras de lija BW80 Speedkut - FANDELI M\u00e9xico","og_description":"Aplicaciones   Trabajos de lijado en procesos de hojalater\u00eda para nivelar el contorno de la reparaci\u00f3n, como las zonas trabajadas con pastas y rellenadores en acabados finos o sobre madera natural y suave. Preparaci\u00f3n de la superficie para aplicaci\u00f3n de pasta de relleno, masilla de relleno, pl\u00e1sticos, pinturas, madera, barnices y lacas, dejando una superficie uniforme. Trabajos de lijado que requieren de acabados tersos.    Caracter\u00edsticas    Tecnolog\u00eda antitapado con Estearato de Zinc Fundido que permiten obtener un excelente acabado. Gran velocidad de corte y mayor rendimiento. Lijado en seco y en semi h\u00famedo. Su capa adicional de Estearato de Zinc previene el tapado prematuro del producto y extiende la vida \u00fatil del mismo.    Aplicaciones y recomendaciones                     &nbsp;&nbsp; DESCARGA LA FICHA T\u00c9CNICA   Descarga las fotos del producto    300 dpis   150 dpis   72 dpis","og_url":"https:\/\/fandeli.com\/fandeli-automotriz\/producto\/tiras-de-lija-bw80-speedkut\/","og_site_name":"FANDELI M\u00e9xico","article_publisher":"https:\/\/www.facebook.com\/FandeliMexico","article_modified_time":"2026-02-26T17:36:16+00:00","og_image":[{"width":800,"height":800,"url":"https:\/\/fandeli.com\/fandeli-automotriz\/wp-content\/uploads\/2025\/02\/tiras-bw80.jpg","type":"image\/jpeg"}],"twitter_card":"summary_large_image","twitter_site":"@fandelimexico","twitter_misc":{"Tiempo de lectura":"1 minuto"},"schema":{"@context":"https:\/\/schema.org","@graph":[{"@type":"WebPage","@id":"https:\/\/fandeli.com\/fandeli-automotriz\/producto\/tiras-de-lija-bw80-speedkut\/","url":"https:\/\/fandeli.com\/fandeli-automotriz\/producto\/tiras-de-lija-bw80-speedkut\/","name":"Tiras de lija BW80 Speedkut - FANDELI M\u00e9xico","isPartOf":{"@id":"https:\/\/fandeli.com\/fandeli-automotriz\/#website"},"primaryImageOfPage":{"@id":"https:\/\/fandeli.com\/fandeli-automotriz\/producto\/tiras-de-lija-bw80-speedkut\/#primaryimage"},"image":{"@id":"https:\/\/fandeli.com\/fandeli-automotriz\/producto\/tiras-de-lija-bw80-speedkut\/#primaryimage"},"thumbnailUrl":"https:\/\/fandeli.com\/fandeli-automotriz\/wp-content\/uploads\/2025\/02\/tiras-bw80.jpg","datePublished":"2025-02-20T17:18:21+00:00","dateModified":"2026-02-26T17:36:16+00:00","breadcrumb":{"@id":"https:\/\/fandeli.com\/fandeli-automotriz\/producto\/tiras-de-lija-bw80-speedkut\/#breadcrumb"},"inLanguage":"es","potentialAction":[{"@type":"ReadAction","target":["https:\/\/fandeli.com\/fandeli-automotriz\/producto\/tiras-de-lija-bw80-speedkut\/"]}]},{"@type":"ImageObject","inLanguage":"es","@id":"https:\/\/fandeli.com\/fandeli-automotriz\/producto\/tiras-de-lija-bw80-speedkut\/#primaryimage","url":"https:\/\/fandeli.com\/fandeli-automotriz\/wp-content\/uploads\/2025\/02\/tiras-bw80.jpg","contentUrl":"https:\/\/fandeli.com\/fandeli-automotriz\/wp-content\/uploads\/2025\/02\/tiras-bw80.jpg","width":800,"height":800},{"@type":"BreadcrumbList","@id":"https:\/\/fandeli.com\/fandeli-automotriz\/producto\/tiras-de-lija-bw80-speedkut\/#breadcrumb","itemListElement":[{"@type":"ListItem","position":1,"name":"Portada","item":"https:\/\/fandeli.com\/fandeli-automotriz\/"},{"@type":"ListItem","position":2,"name":"Tienda","item":"https:\/\/fandeli.com\/fandeli-automotriz\/?page_id=13"},{"@type":"ListItem","position":3,"name":"Tiras de lija BW80 Speedkut"}]},{"@type":"WebSite","@id":"https:\/\/fandeli.com\/fandeli-automotriz\/#website","url":"https:\/\/fandeli.com\/fandeli-automotriz\/","name":"FANDELI M\u00e9xico","description":"FANDELI M\u00e9xico","publisher":{"@id":"https:\/\/fandeli.com\/fandeli-automotriz\/#organization"},"potentialAction":[{"@type":"SearchAction","target":{"@type":"EntryPoint","urlTemplate":"https:\/\/fandeli.com\/fandeli-automotriz\/?s={search_term_string}"},"query-input":{"@type":"PropertyValueSpecification","valueRequired":true,"valueName":"search_term_string"}}],"inLanguage":"es"},{"@type":"Organization","@id":"https:\/\/fandeli.com\/fandeli-automotriz\/#organization","name":"FANDELI M\u00e9xico","url":"https:\/\/fandeli.com\/fandeli-automotriz\/","logo":{"@type":"ImageObject","inLanguage":"es","@id":"https:\/\/fandeli.com\/fandeli-automotriz\/#\/schema\/logo\/image\/","url":"http:\/\/abrasivosrevestidos.com\/wp-content\/uploads\/2024\/11\/logo-fandeli.svg","contentUrl":"http:\/\/abrasivosrevestidos.com\/wp-content\/uploads\/2024\/11\/logo-fandeli.svg","width":267,"height":65,"caption":"FANDELI M\u00e9xico"},"image":{"@id":"https:\/\/fandeli.com\/fandeli-automotriz\/#\/schema\/logo\/image\/"},"sameAs":["https:\/\/www.facebook.com\/FandeliMexico","https:\/\/x.com\/fandelimexico","https:\/\/www.instagram.com\/fandeli.mx\/","https:\/\/www.tiktok.com\/@fandeli_mx","https:\/\/www.youtube.com\/channel\/UCODX8hPCf8g6bu9Ho7Q7RsQ","https:\/\/www.linkedin.com\/company\/fandeli"]}]}},"jetpack_sharing_enabled":true,"_links":{"self":[{"href":"https:\/\/fandeli.com\/fandeli-automotriz\/wp-json\/wp\/v2\/product\/5329","targetHints":{"allow":["GET"]}}],"collection":[{"href":"https:\/\/fandeli.com\/fandeli-automotriz\/wp-json\/wp\/v2\/product"}],"about":[{"href":"https:\/\/fandeli.com\/fandeli-automotriz\/wp-json\/wp\/v2\/types\/product"}],"version-history":[{"count":2,"href":"https:\/\/fandeli.com\/fandeli-automotriz\/wp-json\/wp\/v2\/product\/5329\/revisions"}],"predecessor-version":[{"id":12465,"href":"https:\/\/fandeli.com\/fandeli-automotriz\/wp-json\/wp\/v2\/product\/5329\/revisions\/12465"}],"wp:featuredmedia":[{"embeddable":true,"href":"https:\/\/fandeli.com\/fandeli-automotriz\/wp-json\/wp\/v2\/media\/5330"}],"wp:attachment":[{"href":"https:\/\/fandeli.com\/fandeli-automotriz\/wp-json\/wp\/v2\/media?parent=5329"}],"wp:term":[{"taxonomy":"product_brand","embeddable":true,"href":"https:\/\/fandeli.com\/fandeli-automotriz\/wp-json\/wp\/v2\/product_brand?post=5329"},{"taxonomy":"product_cat","embeddable":true,"href":"https:\/\/fandeli.com\/fandeli-automotriz\/wp-json\/wp\/v2\/product_cat?post=5329"},{"taxonomy":"product_tag","embeddable":true,"href":"https:\/\/fandeli.com\/fandeli-automotriz\/wp-json\/wp\/v2\/product_tag?post=5329"}],"curies":[{"name":"wp","href":"https:\/\/api.w.org\/{rel}","templated":true}]}}