{"id":5326,"date":"2025-02-20T16:54:56","date_gmt":"2025-02-20T16:54:56","guid":{"rendered":"http:\/\/abrasivosrevestidos.com\/?post_type=product&#038;p=5326"},"modified":"2026-02-26T17:37:43","modified_gmt":"2026-02-26T17:37:43","slug":"lija-de-agua-h-99","status":"publish","type":"product","link":"https:\/\/fandeli.com\/fandeli-automotriz\/producto\/lija-de-agua-h-99\/","title":{"rendered":"Lija de agua H-99"},"content":{"rendered":"<p><b>La Lija de agua H-99<\/b> cuenta con grados gruesos, como lija de agua 80, lija de agua 100, lija de agua 120, lija de agua 180, lija de agua 220, lija de agua 320, lija de agua 400 y m\u00e1s. Perfecta para talleres de repintado automotriz.<\/p>\n<table cellspacing=\"0\" cellpadding=\"0\" class=\"tabla\">\n<tr>\n<td><strong>SKU<\/strong><\/td>\n<td><strong>L\u00cdNEA | GRADOS<\/strong><\/td>\n<td><strong>DIMENSIONES<\/strong><\/td>\n<td><strong>PULGS.<\/strong><\/td>\n<td><strong>CAJA<\/strong><\/td>\n<td><strong>\u00a0EMPAQUE<\/strong><\/td>\n<\/tr>\n<tr>\n<td>74050<\/td>\n<td>HOJA FANDELI H-99 | 080\u00a0 <\/td>\n<td>0.230m X 0.280m PAPEL<\/td>\n<td>9&quot; x 11&quot;<\/td>\n<td>500<\/td>\n<td>50<\/td>\n<\/tr>\n<tr>\n<td>74051<\/td>\n<td>HOJA FANDELI H-99 | 100\u00a0 <\/td>\n<td>0.230m X 0.280m PAPEL<\/td>\n<td>9&quot; x 11&quot;<\/td>\n<td>500<\/td>\n<td>50<\/td>\n<\/tr>\n<tr>\n<td>74052<\/td>\n<td>HOJA FANDELI H-99 | 120\u00a0 <\/td>\n<td>0.230m X 0.280m PAPEL<\/td>\n<td>9&quot; x 11&quot;<\/td>\n<td>500<\/td>\n<td>50<\/td>\n<\/tr>\n<tr>\n<td>74053<\/td>\n<td>HOJA FANDELI H-99 | 150\u00a0 <\/td>\n<td>0.230m X 0.280m PAPEL<\/td>\n<td>9&quot; x 11&quot;<\/td>\n<td>500<\/td>\n<td>50<\/td>\n<\/tr>\n<tr>\n<td>74054<\/td>\n<td>HOJA FANDELI H-99 | 180\u00a0 <\/td>\n<td>0.230m X 0.280m PAPEL<\/td>\n<td>9&quot; x 11&quot;<\/td>\n<td>500<\/td>\n<td>50<\/td>\n<\/tr>\n<tr>\n<td>74055<\/td>\n<td>HOJA FANDELI H-99 | 220\u00a0 <\/td>\n<td>0.230m X 0.280m PAPEL<\/td>\n<td>9&quot; x 11&quot;<\/td>\n<td>500<\/td>\n<td>50<\/td>\n<\/tr>\n<tr>\n<td>74056<\/td>\n<td>HOJA FANDELI H-99 | 240\u00a0 <\/td>\n<td>0.230m X 0.280m PAPEL<\/td>\n<td>9&quot; x 11&quot;<\/td>\n<td>500<\/td>\n<td>50<\/td>\n<\/tr>\n<tr>\n<td>74057<\/td>\n<td>HOJA FANDELI H-99 | 280\u00a0 <\/td>\n<td>0.230m X 0.280m PAPEL<\/td>\n<td>9&quot; x 11&quot;<\/td>\n<td>500<\/td>\n<td>50<\/td>\n<\/tr>\n<tr>\n<td>74058<\/td>\n<td>HOJA FANDELI H-99 | 320\u00a0 <\/td>\n<td>0.230m X 0.280m PAPEL<\/td>\n<td>9&quot; x 11&quot;<\/td>\n<td>500<\/td>\n<td>50<\/td>\n<\/tr>\n<tr>\n<td>74059<\/td>\n<td>HOJA FANDELI H-99 | 400\u00a0 <\/td>\n<td>0.230m X 0.280m PAPEL<\/td>\n<td>9&quot; x 11&quot;<\/td>\n<td>500<\/td>\n<td>50<\/td>\n<\/tr>\n<tr>\n<td>74060<\/td>\n<td>HOJA FANDELI H-99 | 500\u00a0 <\/td>\n<td>0.230m X 0.280m PAPEL<\/td>\n<td>9&quot; x 11&quot;<\/td>\n<td>500<\/td>\n<td>50<\/td>\n<\/tr>\n<tr>\n<td>74061<\/td>\n<td>HOJA FANDELI H-99 | 600\u00a0 <\/td>\n<td>0.230m X 0.280m PAPEL<\/td>\n<td>9&quot; x 11&quot;<\/td>\n<td>500<\/td>\n<td>50<\/td>\n<\/tr>\n<\/table>\n","protected":false},"excerpt":{"rendered":"<p><strong>Aplicaciones de la lija de agua<\/strong><\/p>\n<ul class=\"lista\">\n<li>Su alta resistencia y poder de lijado facilitan operaciones de repintado automotriz, especialmente cuando se utiliza lija de agua para obtener un mejor control en superficies delicadas. Tambi\u00e9n es ideal para pulir con lija de agua en procesos donde se busca un acabado uniforme.<\/li>\n<li>El dorso de papel impermeable con propiedades antideslizantes permite operaciones en seco y en h\u00famedo usando lija papel, lo que mejora la precisi\u00f3n. Adem\u00e1s, su versatilidad facilita trabajos con lija de agua para metal en fases de preparaci\u00f3n.\n<\/li>\n<\/ul>\n<p><strong>Caracter\u00edsticas de la lija de agua<\/strong><\/p>\n<ul class=\"lista\">\n<li>Su estructura cerrada asegura un lijado r\u00e1pido y una larga vida \u00fatil, optimizando resultados cuando se emplea lija de agua o distintas presentaciones de lija papel seg\u00fan la necesidad.<\/li>\n<li>El Carburo de Silicio brinda un acabado \u00fanico en aplicaciones en h\u00famedo, permitiendo pulir con lija de agua de manera eficiente. Tambi\u00e9n ofrece un desempe\u00f1o superior al trabajar con lija de agua para metal, incluso en procesos exigentes.\n<\/li>\n<\/ul>\n<p><strong>Aplicaciones y recomendaciones<\/strong><\/p>\n<p class=\"iconos\">\n<img decoding=\"async\" src=\"https:\/\/fandeli.com\/assets\/icons\/icon-lacas.svg\" class=\"icono\" alt=\"Lija de agua FANDELI H-99 usada en lacas y pinturas, perfecta para pulir con lija de agua.\"\/><br \/>\n<img decoding=\"async\" src=\"https:\/\/fandeli.com\/assets\/icons\/icon-metal-noferroso.svg\" class=\"icono\" alt=\"Lija de agua FANDELI H-99 para metal no ferroso, recomendada para lijar y pulir con lija de agua para metal.\" \/><br \/>\n<img decoding=\"async\" src=\"https:\/\/fandeli.com\/assets\/icons\/icon-uso-lija.svg\" class=\"icono\" alt=\"Lija de agua FANDELI H-99 compatible con lijadoras orbitales y uso manual, lija papel vers\u00e1til para pulido.\"\/><br \/>\n<img decoding=\"async\" src=\"https:\/\/fandeli.com\/assets\/icons\/icon-corte-hoja.svg\" class=\"icono\" alt=\"Opciones de corte de hoja de lija de agua FANDELI H-99, medidas y tipos de lijas de agua para distintas aplicaciones\"\/><br \/>\n<img decoding=\"async\" src=\"https:\/\/fandeli.com\/assets\/icons\/icon-lijado-humedo.svg\" class=\"icono\" alt=\"Lija de agua FANDELI H-99 dise\u00f1ada para lijado en h\u00famedo, ideal para pulir con lija de agua sobre metal.\"\/>\n<\/p>\n<div id=\"descarga\">\n<h5><strong>Descarga las fotos del producto<\/strong><\/h5>\n<div id=\"foto\">\n<div class=\"foto1\">\n<a href=\"https:\/\/fandeli.com\/assets\/img\/hojas-h-99-300.zip\" class=\"btn-foto\" target=\"_blank\">300 dpis<\/a>\n<\/div>\n<div class=\"foto2\">\n<a href=\"https:\/\/fandeli.com\/assets\/img\/hojas-h-99-150.zip\" class=\"btn-foto\" target=\"_blank\">150 dpis<\/a>\n<\/div>\n<div class=\"foto3\">\n<a href=\"https:\/\/fandeli.com\/assets\/img\/hojas-h-99-72.zip\" class=\"btn-foto\" target=\"_blank\">72 dpis<\/a>\n<\/div>\n<\/div>\n<\/div>\n","protected":false},"featured_media":8843,"template":"","meta":{"inline_featured_image":false,"site-sidebar-layout":"default","site-content-layout":"","ast-site-content-layout":"default","site-content-style":"default","site-sidebar-style":"default","ast-global-header-display":"","ast-banner-title-visibility":"","ast-main-header-display":"","ast-hfb-above-header-display":"","ast-hfb-below-header-display":"","ast-hfb-mobile-header-display":"","site-post-title":"","ast-breadcrumbs-content":"","ast-featured-img":"","footer-sml-layout":"","ast-disable-related-posts":"","theme-transparent-header-meta":"default","adv-header-id-meta":"","stick-header-meta":"","header-above-stick-meta":"","header-main-stick-meta":"","header-below-stick-meta":"","astra-migrate-meta-layouts":"set","ast-page-background-enabled":"default","ast-page-background-meta":{"desktop":{"background-color":"var(--ast-global-color-4)","background-image":"","background-repeat":"repeat","background-position":"center center","background-size":"auto","background-attachment":"scroll","background-type":"","background-media":"","overlay-type":"","overlay-color":"","overlay-opacity":"","overlay-gradient":""},"tablet":{"background-color":"","background-image":"","background-repeat":"repeat","background-position":"center center","background-size":"auto","background-attachment":"scroll","background-type":"","background-media":"","overlay-type":"","overlay-color":"","overlay-opacity":"","overlay-gradient":""},"mobile":{"background-color":"","background-image":"","background-repeat":"repeat","background-position":"center center","background-size":"auto","background-attachment":"scroll","background-type":"","background-media":"","overlay-type":"","overlay-color":"","overlay-opacity":"","overlay-gradient":""}},"ast-content-background-meta":{"desktop":{"background-color":"var(--ast-global-color-5)","background-image":"","background-repeat":"repeat","background-position":"center center","background-size":"auto","background-attachment":"scroll","background-type":"","background-media":"","overlay-type":"","overlay-color":"","overlay-opacity":"","overlay-gradient":""},"tablet":{"background-color":"var(--ast-global-color-5)","background-image":"","background-repeat":"repeat","background-position":"center center","background-size":"auto","background-attachment":"scroll","background-type":"","background-media":"","overlay-type":"","overlay-color":"","overlay-opacity":"","overlay-gradient":""},"mobile":{"background-color":"var(--ast-global-color-5)","background-image":"","background-repeat":"repeat","background-position":"center center","background-size":"auto","background-attachment":"scroll","background-type":"","background-media":"","overlay-type":"","overlay-color":"","overlay-opacity":"","overlay-gradient":""}}},"product_brand":[],"product_cat":[23,27,28,44,529],"product_tag":[],"class_list":{"0":"post-5326","1":"product","2":"type-product","3":"status-publish","4":"has-post-thumbnail","6":"product_cat-automotriz-es","7":"product_cat-lacas-y-pintura","8":"product_cat-lijas-es","9":"product_cat-metal-es","10":"product_cat-preparacion-de-superficies","11":"desktop-align-center","12":"tablet-align-left","13":"mobile-align-center","15":"first","16":"instock","17":"shipping-taxable","18":"product-type-simple"},"yoast_head":"<!-- This site is optimized with the Yoast SEO plugin v27.3 - https:\/\/yoast.com\/product\/yoast-seo-wordpress\/ -->\n<title>Lija de agua H-99 - FANDELI M\u00e9xico<\/title>\n<meta name=\"description\" content=\"La lija de agua H-99 combina resistencia y precisi\u00f3n para quienes necesitan pulir con lija de agua de forma profesional. Fabricada en lija papel de alta calidad, es ideal como lija de agua para metal y para preparar diversos sustratos con excelentes resultados\" \/>\n<meta name=\"robots\" content=\"index, follow, max-snippet:-1, max-image-preview:large, max-video-preview:-1\" \/>\n<link rel=\"canonical\" href=\"https:\/\/fandeli.com\/fandeli-automotriz\/producto\/lija-de-agua-h-99\/\" \/>\n<meta property=\"og:locale\" content=\"es_MX\" \/>\n<meta property=\"og:type\" content=\"article\" \/>\n<meta property=\"og:title\" content=\"Lija de agua H-99 - FANDELI M\u00e9xico\" \/>\n<meta property=\"og:description\" content=\"La lija de agua H-99 combina resistencia y precisi\u00f3n para quienes necesitan pulir con lija de agua de forma profesional. Fabricada en lija papel de alta calidad, es ideal como lija de agua para metal y para preparar diversos sustratos con excelentes resultados\" \/>\n<meta property=\"og:url\" content=\"https:\/\/fandeli.com\/fandeli-automotriz\/producto\/lija-de-agua-h-99\/\" \/>\n<meta property=\"og:site_name\" content=\"FANDELI M\u00e9xico\" \/>\n<meta property=\"article:publisher\" content=\"https:\/\/www.facebook.com\/FandeliMexico\" \/>\n<meta property=\"article:modified_time\" content=\"2026-02-26T17:37:43+00:00\" \/>\n<meta property=\"og:image\" content=\"https:\/\/fandeli.com\/fandeli-automotriz\/wp-content\/uploads\/2025\/02\/lija-h-99-1.jpg\" \/>\n\t<meta property=\"og:image:width\" content=\"800\" \/>\n\t<meta property=\"og:image:height\" content=\"800\" \/>\n\t<meta property=\"og:image:type\" content=\"image\/jpeg\" \/>\n<meta name=\"twitter:card\" content=\"summary_large_image\" \/>\n<meta name=\"twitter:site\" content=\"@fandelimexico\" \/>\n<meta name=\"twitter:label1\" content=\"Tiempo de lectura\" \/>\n\t<meta name=\"twitter:data1\" content=\"2 minutos\" \/>\n<script type=\"application\/ld+json\" class=\"yoast-schema-graph\">{\"@context\":\"https:\\\/\\\/schema.org\",\"@graph\":[{\"@type\":\"WebPage\",\"@id\":\"https:\\\/\\\/fandeli.com\\\/fandeli-automotriz\\\/producto\\\/lija-de-agua-h-99\\\/\",\"url\":\"https:\\\/\\\/fandeli.com\\\/fandeli-automotriz\\\/producto\\\/lija-de-agua-h-99\\\/\",\"name\":\"Lija de agua H-99 - FANDELI M\u00e9xico\",\"isPartOf\":{\"@id\":\"https:\\\/\\\/fandeli.com\\\/fandeli-automotriz\\\/#website\"},\"primaryImageOfPage\":{\"@id\":\"https:\\\/\\\/fandeli.com\\\/fandeli-automotriz\\\/producto\\\/lija-de-agua-h-99\\\/#primaryimage\"},\"image\":{\"@id\":\"https:\\\/\\\/fandeli.com\\\/fandeli-automotriz\\\/producto\\\/lija-de-agua-h-99\\\/#primaryimage\"},\"thumbnailUrl\":\"https:\\\/\\\/fandeli.com\\\/fandeli-automotriz\\\/wp-content\\\/uploads\\\/2025\\\/02\\\/lija-h-99-1.jpg\",\"datePublished\":\"2025-02-20T16:54:56+00:00\",\"dateModified\":\"2026-02-26T17:37:43+00:00\",\"description\":\"La lija de agua H-99 combina resistencia y precisi\u00f3n para quienes necesitan pulir con lija de agua de forma profesional. Fabricada en lija papel de alta calidad, es ideal como lija de agua para metal y para preparar diversos sustratos con excelentes resultados\",\"breadcrumb\":{\"@id\":\"https:\\\/\\\/fandeli.com\\\/fandeli-automotriz\\\/producto\\\/lija-de-agua-h-99\\\/#breadcrumb\"},\"inLanguage\":\"es\",\"potentialAction\":[{\"@type\":\"ReadAction\",\"target\":[\"https:\\\/\\\/fandeli.com\\\/fandeli-automotriz\\\/producto\\\/lija-de-agua-h-99\\\/\"]}]},{\"@type\":\"ImageObject\",\"inLanguage\":\"es\",\"@id\":\"https:\\\/\\\/fandeli.com\\\/fandeli-automotriz\\\/producto\\\/lija-de-agua-h-99\\\/#primaryimage\",\"url\":\"https:\\\/\\\/fandeli.com\\\/fandeli-automotriz\\\/wp-content\\\/uploads\\\/2025\\\/02\\\/lija-h-99-1.jpg\",\"contentUrl\":\"https:\\\/\\\/fandeli.com\\\/fandeli-automotriz\\\/wp-content\\\/uploads\\\/2025\\\/02\\\/lija-h-99-1.jpg\",\"width\":800,\"height\":800},{\"@type\":\"BreadcrumbList\",\"@id\":\"https:\\\/\\\/fandeli.com\\\/fandeli-automotriz\\\/producto\\\/lija-de-agua-h-99\\\/#breadcrumb\",\"itemListElement\":[{\"@type\":\"ListItem\",\"position\":1,\"name\":\"Portada\",\"item\":\"https:\\\/\\\/fandeli.com\\\/fandeli-automotriz\\\/\"},{\"@type\":\"ListItem\",\"position\":2,\"name\":\"Tienda\",\"item\":\"https:\\\/\\\/fandeli.com\\\/fandeli-automotriz\\\/?page_id=13\"},{\"@type\":\"ListItem\",\"position\":3,\"name\":\"Lija de agua H-99\"}]},{\"@type\":\"WebSite\",\"@id\":\"https:\\\/\\\/fandeli.com\\\/fandeli-automotriz\\\/#website\",\"url\":\"https:\\\/\\\/fandeli.com\\\/fandeli-automotriz\\\/\",\"name\":\"FANDELI M\u00e9xico\",\"description\":\"FANDELI M\u00e9xico\",\"publisher\":{\"@id\":\"https:\\\/\\\/fandeli.com\\\/fandeli-automotriz\\\/#organization\"},\"potentialAction\":[{\"@type\":\"SearchAction\",\"target\":{\"@type\":\"EntryPoint\",\"urlTemplate\":\"https:\\\/\\\/fandeli.com\\\/fandeli-automotriz\\\/?s={search_term_string}\"},\"query-input\":{\"@type\":\"PropertyValueSpecification\",\"valueRequired\":true,\"valueName\":\"search_term_string\"}}],\"inLanguage\":\"es\"},{\"@type\":\"Organization\",\"@id\":\"https:\\\/\\\/fandeli.com\\\/fandeli-automotriz\\\/#organization\",\"name\":\"FANDELI M\u00e9xico\",\"url\":\"https:\\\/\\\/fandeli.com\\\/fandeli-automotriz\\\/\",\"logo\":{\"@type\":\"ImageObject\",\"inLanguage\":\"es\",\"@id\":\"https:\\\/\\\/fandeli.com\\\/fandeli-automotriz\\\/#\\\/schema\\\/logo\\\/image\\\/\",\"url\":\"http:\\\/\\\/abrasivosrevestidos.com\\\/wp-content\\\/uploads\\\/2024\\\/11\\\/logo-fandeli.svg\",\"contentUrl\":\"http:\\\/\\\/abrasivosrevestidos.com\\\/wp-content\\\/uploads\\\/2024\\\/11\\\/logo-fandeli.svg\",\"width\":267,\"height\":65,\"caption\":\"FANDELI M\u00e9xico\"},\"image\":{\"@id\":\"https:\\\/\\\/fandeli.com\\\/fandeli-automotriz\\\/#\\\/schema\\\/logo\\\/image\\\/\"},\"sameAs\":[\"https:\\\/\\\/www.facebook.com\\\/FandeliMexico\",\"https:\\\/\\\/x.com\\\/fandelimexico\",\"https:\\\/\\\/www.instagram.com\\\/fandeli.mx\\\/\",\"https:\\\/\\\/www.tiktok.com\\\/@fandeli_mx\",\"https:\\\/\\\/www.youtube.com\\\/channel\\\/UCODX8hPCf8g6bu9Ho7Q7RsQ\",\"https:\\\/\\\/www.linkedin.com\\\/company\\\/fandeli\"]}]}<\/script>\n<!-- \/ Yoast SEO plugin. -->","yoast_head_json":{"title":"Lija de agua H-99 - FANDELI M\u00e9xico","description":"La lija de agua H-99 combina resistencia y precisi\u00f3n para quienes necesitan pulir con lija de agua de forma profesional. Fabricada en lija papel de alta calidad, es ideal como lija de agua para metal y para preparar diversos sustratos con excelentes resultados","robots":{"index":"index","follow":"follow","max-snippet":"max-snippet:-1","max-image-preview":"max-image-preview:large","max-video-preview":"max-video-preview:-1"},"canonical":"https:\/\/fandeli.com\/fandeli-automotriz\/producto\/lija-de-agua-h-99\/","og_locale":"es_MX","og_type":"article","og_title":"Lija de agua H-99 - FANDELI M\u00e9xico","og_description":"La lija de agua H-99 combina resistencia y precisi\u00f3n para quienes necesitan pulir con lija de agua de forma profesional. Fabricada en lija papel de alta calidad, es ideal como lija de agua para metal y para preparar diversos sustratos con excelentes resultados","og_url":"https:\/\/fandeli.com\/fandeli-automotriz\/producto\/lija-de-agua-h-99\/","og_site_name":"FANDELI M\u00e9xico","article_publisher":"https:\/\/www.facebook.com\/FandeliMexico","article_modified_time":"2026-02-26T17:37:43+00:00","og_image":[{"width":800,"height":800,"url":"https:\/\/fandeli.com\/fandeli-automotriz\/wp-content\/uploads\/2025\/02\/lija-h-99-1.jpg","type":"image\/jpeg"}],"twitter_card":"summary_large_image","twitter_site":"@fandelimexico","twitter_misc":{"Tiempo de lectura":"2 minutos"},"schema":{"@context":"https:\/\/schema.org","@graph":[{"@type":"WebPage","@id":"https:\/\/fandeli.com\/fandeli-automotriz\/producto\/lija-de-agua-h-99\/","url":"https:\/\/fandeli.com\/fandeli-automotriz\/producto\/lija-de-agua-h-99\/","name":"Lija de agua H-99 - FANDELI M\u00e9xico","isPartOf":{"@id":"https:\/\/fandeli.com\/fandeli-automotriz\/#website"},"primaryImageOfPage":{"@id":"https:\/\/fandeli.com\/fandeli-automotriz\/producto\/lija-de-agua-h-99\/#primaryimage"},"image":{"@id":"https:\/\/fandeli.com\/fandeli-automotriz\/producto\/lija-de-agua-h-99\/#primaryimage"},"thumbnailUrl":"https:\/\/fandeli.com\/fandeli-automotriz\/wp-content\/uploads\/2025\/02\/lija-h-99-1.jpg","datePublished":"2025-02-20T16:54:56+00:00","dateModified":"2026-02-26T17:37:43+00:00","description":"La lija de agua H-99 combina resistencia y precisi\u00f3n para quienes necesitan pulir con lija de agua de forma profesional. Fabricada en lija papel de alta calidad, es ideal como lija de agua para metal y para preparar diversos sustratos con excelentes resultados","breadcrumb":{"@id":"https:\/\/fandeli.com\/fandeli-automotriz\/producto\/lija-de-agua-h-99\/#breadcrumb"},"inLanguage":"es","potentialAction":[{"@type":"ReadAction","target":["https:\/\/fandeli.com\/fandeli-automotriz\/producto\/lija-de-agua-h-99\/"]}]},{"@type":"ImageObject","inLanguage":"es","@id":"https:\/\/fandeli.com\/fandeli-automotriz\/producto\/lija-de-agua-h-99\/#primaryimage","url":"https:\/\/fandeli.com\/fandeli-automotriz\/wp-content\/uploads\/2025\/02\/lija-h-99-1.jpg","contentUrl":"https:\/\/fandeli.com\/fandeli-automotriz\/wp-content\/uploads\/2025\/02\/lija-h-99-1.jpg","width":800,"height":800},{"@type":"BreadcrumbList","@id":"https:\/\/fandeli.com\/fandeli-automotriz\/producto\/lija-de-agua-h-99\/#breadcrumb","itemListElement":[{"@type":"ListItem","position":1,"name":"Portada","item":"https:\/\/fandeli.com\/fandeli-automotriz\/"},{"@type":"ListItem","position":2,"name":"Tienda","item":"https:\/\/fandeli.com\/fandeli-automotriz\/?page_id=13"},{"@type":"ListItem","position":3,"name":"Lija de agua H-99"}]},{"@type":"WebSite","@id":"https:\/\/fandeli.com\/fandeli-automotriz\/#website","url":"https:\/\/fandeli.com\/fandeli-automotriz\/","name":"FANDELI M\u00e9xico","description":"FANDELI M\u00e9xico","publisher":{"@id":"https:\/\/fandeli.com\/fandeli-automotriz\/#organization"},"potentialAction":[{"@type":"SearchAction","target":{"@type":"EntryPoint","urlTemplate":"https:\/\/fandeli.com\/fandeli-automotriz\/?s={search_term_string}"},"query-input":{"@type":"PropertyValueSpecification","valueRequired":true,"valueName":"search_term_string"}}],"inLanguage":"es"},{"@type":"Organization","@id":"https:\/\/fandeli.com\/fandeli-automotriz\/#organization","name":"FANDELI M\u00e9xico","url":"https:\/\/fandeli.com\/fandeli-automotriz\/","logo":{"@type":"ImageObject","inLanguage":"es","@id":"https:\/\/fandeli.com\/fandeli-automotriz\/#\/schema\/logo\/image\/","url":"http:\/\/abrasivosrevestidos.com\/wp-content\/uploads\/2024\/11\/logo-fandeli.svg","contentUrl":"http:\/\/abrasivosrevestidos.com\/wp-content\/uploads\/2024\/11\/logo-fandeli.svg","width":267,"height":65,"caption":"FANDELI M\u00e9xico"},"image":{"@id":"https:\/\/fandeli.com\/fandeli-automotriz\/#\/schema\/logo\/image\/"},"sameAs":["https:\/\/www.facebook.com\/FandeliMexico","https:\/\/x.com\/fandelimexico","https:\/\/www.instagram.com\/fandeli.mx\/","https:\/\/www.tiktok.com\/@fandeli_mx","https:\/\/www.youtube.com\/channel\/UCODX8hPCf8g6bu9Ho7Q7RsQ","https:\/\/www.linkedin.com\/company\/fandeli"]}]}},"jetpack_sharing_enabled":true,"_links":{"self":[{"href":"https:\/\/fandeli.com\/fandeli-automotriz\/wp-json\/wp\/v2\/product\/5326","targetHints":{"allow":["GET"]}}],"collection":[{"href":"https:\/\/fandeli.com\/fandeli-automotriz\/wp-json\/wp\/v2\/product"}],"about":[{"href":"https:\/\/fandeli.com\/fandeli-automotriz\/wp-json\/wp\/v2\/types\/product"}],"version-history":[{"count":2,"href":"https:\/\/fandeli.com\/fandeli-automotriz\/wp-json\/wp\/v2\/product\/5326\/revisions"}],"predecessor-version":[{"id":12467,"href":"https:\/\/fandeli.com\/fandeli-automotriz\/wp-json\/wp\/v2\/product\/5326\/revisions\/12467"}],"wp:featuredmedia":[{"embeddable":true,"href":"https:\/\/fandeli.com\/fandeli-automotriz\/wp-json\/wp\/v2\/media\/8843"}],"wp:attachment":[{"href":"https:\/\/fandeli.com\/fandeli-automotriz\/wp-json\/wp\/v2\/media?parent=5326"}],"wp:term":[{"taxonomy":"product_brand","embeddable":true,"href":"https:\/\/fandeli.com\/fandeli-automotriz\/wp-json\/wp\/v2\/product_brand?post=5326"},{"taxonomy":"product_cat","embeddable":true,"href":"https:\/\/fandeli.com\/fandeli-automotriz\/wp-json\/wp\/v2\/product_cat?post=5326"},{"taxonomy":"product_tag","embeddable":true,"href":"https:\/\/fandeli.com\/fandeli-automotriz\/wp-json\/wp\/v2\/product_tag?post=5326"}],"curies":[{"name":"wp","href":"https:\/\/api.w.org\/{rel}","templated":true}]}}