{"id":3478,"date":"2024-11-29T16:54:43","date_gmt":"2024-11-29T16:54:43","guid":{"rendered":"https:\/\/www.abrasivosrevestidos.com\/?post_type=product&#038;p=3478"},"modified":"2026-02-26T17:41:09","modified_gmt":"2026-02-26T17:41:09","slug":"cera-de-carnauba","status":"publish","type":"product","link":"https:\/\/fandeli.com\/fandeli-automotriz\/producto\/cera-de-carnauba\/","title":{"rendered":"Cera de carnauba"},"content":{"rendered":"<table cellspacing=\"0\" cellpadding=\"0\" class=\"tabla\">\n<tr>\n<td><strong>SKU<\/strong><\/td>\n<td><strong>L\u00cdNEA<\/strong><\/td>\n<td><strong>PRESENTACI\u00d3N<\/strong><\/td>\n<td><strong>EMPAQUE<\/strong><\/td>\n<td><strong>CAJA<\/strong><\/td>\n<\/tr>\n<tr>\n<td>76425<\/td>\n<td>CERA CARNAUBA FANDELI<\/td>\n<td>1 LATA 300 GR<\/td>\n<td>24<\/td>\n<td>6<\/td>\n<\/tr>\n<\/table>\n","protected":false},"excerpt":{"rendered":"<p><strong>Aplicaciones<\/strong><\/p>\n<ul class=\"lista\">\n<li>Pintura brillante y protegida con s\u00faper repelencia al agua y los factores contaminantes del medio ambiente.<\/li>\n<\/ul>\n<p><strong>Caracter\u00edsticas<\/strong><\/p>\n<ul class=\"lista\">\n<li>Alto brillo, protecci\u00f3n y suavidad<\/li>\n<li>F\u00e1cil de aplicar y retirar<\/li>\n<li>Ideal para cualquier tipo de pintura<\/li>\n<li>Excelente efecto de repelencia al agua<\/li>\n<li>Incluye esponja aplicadora<\/li>\n<\/ul>\n<p><strong>Aplicaciones y recomendaciones<\/strong><\/p>\n<p class=\"iconos\">\n<img decoding=\"async\" src=\"https:\/\/fandeli.com\/assets\/icons\/icon-lacas.svg\" class=\"icono\" \/><br \/>\n<img decoding=\"async\" src=\"https:\/\/fandeli.com\/assets\/icons\/icon-uso-manual2.svg\" class=\"icono\" \/>\n<\/p>\n<div id=\"descarga\">\n<p class=\"ficha\"><a href=\"https:\/\/fandeli.com\/assets\/fichas-tecnicas\/FT-cera-carnauba.pdf\" target=\"_blank\" class=\"botones\"><i class=\"fa fa-file\"><\/i>&nbsp;&nbsp; DESCARGA LA FICHA T\u00c9CNICA<\/a><\/p>\n<\/div>\n","protected":false},"featured_media":8773,"template":"","meta":{"inline_featured_image":false,"site-sidebar-layout":"default","site-content-layout":"","ast-site-content-layout":"default","site-content-style":"default","site-sidebar-style":"default","ast-global-header-display":"","ast-banner-title-visibility":"","ast-main-header-display":"","ast-hfb-above-header-display":"","ast-hfb-below-header-display":"","ast-hfb-mobile-header-display":"","site-post-title":"","ast-breadcrumbs-content":"","ast-featured-img":"","footer-sml-layout":"","ast-disable-related-posts":"","theme-transparent-header-meta":"default","adv-header-id-meta":"","stick-header-meta":"","header-above-stick-meta":"","header-main-stick-meta":"","header-below-stick-meta":"","astra-migrate-meta-layouts":"set","ast-page-background-enabled":"default","ast-page-background-meta":{"desktop":{"background-color":"var(--ast-global-color-4)","background-image":"","background-repeat":"repeat","background-position":"center center","background-size":"auto","background-attachment":"scroll","background-type":"","background-media":"","overlay-type":"","overlay-color":"","overlay-opacity":"","overlay-gradient":""},"tablet":{"background-color":"","background-image":"","background-repeat":"repeat","background-position":"center center","background-size":"auto","background-attachment":"scroll","background-type":"","background-media":"","overlay-type":"","overlay-color":"","overlay-opacity":"","overlay-gradient":""},"mobile":{"background-color":"","background-image":"","background-repeat":"repeat","background-position":"center center","background-size":"auto","background-attachment":"scroll","background-type":"","background-media":"","overlay-type":"","overlay-color":"","overlay-opacity":"","overlay-gradient":""}},"ast-content-background-meta":{"desktop":{"background-color":"var(--ast-global-color-5)","background-image":"","background-repeat":"repeat","background-position":"center center","background-size":"auto","background-attachment":"scroll","background-type":"","background-media":"","overlay-type":"","overlay-color":"","overlay-opacity":"","overlay-gradient":""},"tablet":{"background-color":"var(--ast-global-color-5)","background-image":"","background-repeat":"repeat","background-position":"center center","background-size":"auto","background-attachment":"scroll","background-type":"","background-media":"","overlay-type":"","overlay-color":"","overlay-opacity":"","overlay-gradient":""},"mobile":{"background-color":"var(--ast-global-color-5)","background-image":"","background-repeat":"repeat","background-position":"center center","background-size":"auto","background-attachment":"scroll","background-type":"","background-media":"","overlay-type":"","overlay-color":"","overlay-opacity":"","overlay-gradient":""}}},"product_brand":[],"product_cat":[23,404,27,533],"product_tag":[],"class_list":{"0":"post-3478","1":"product","2":"type-product","3":"status-publish","4":"has-post-thumbnail","6":"product_cat-automotriz-es","7":"product_cat-ceras","8":"product_cat-lacas-y-pintura","9":"product_cat-pulido-y-encerado","10":"desktop-align-center","11":"tablet-align-left","12":"mobile-align-center","14":"first","15":"instock","16":"shipping-taxable","17":"product-type-simple"},"yoast_head":"<!-- This site is optimized with the Yoast SEO plugin v27.3 - https:\/\/yoast.com\/product\/yoast-seo-wordpress\/ -->\n<title>Cera de carnauba - FANDELI M\u00e9xico<\/title>\n<meta name=\"robots\" content=\"index, follow, max-snippet:-1, max-image-preview:large, max-video-preview:-1\" \/>\n<link rel=\"canonical\" href=\"https:\/\/fandeli.com\/fandeli-automotriz\/producto\/cera-de-carnauba\/\" \/>\n<meta property=\"og:locale\" content=\"es_MX\" \/>\n<meta property=\"og:type\" content=\"article\" \/>\n<meta property=\"og:title\" content=\"Cera de carnauba - FANDELI M\u00e9xico\" \/>\n<meta property=\"og:description\" content=\"Aplicaciones   Pintura brillante y protegida con s\u00faper repelencia al agua y los factores contaminantes del medio ambiente.   Caracter\u00edsticas    Alto brillo, protecci\u00f3n y suavidad F\u00e1cil de aplicar y retirar Ideal para cualquier tipo de pintura Excelente efecto de repelencia al agua Incluye esponja aplicadora    Aplicaciones y recomendaciones           &nbsp;&nbsp; DESCARGA LA FICHA T\u00c9CNICA\" \/>\n<meta property=\"og:url\" content=\"https:\/\/fandeli.com\/fandeli-automotriz\/producto\/cera-de-carnauba\/\" \/>\n<meta property=\"og:site_name\" content=\"FANDELI M\u00e9xico\" \/>\n<meta property=\"article:publisher\" content=\"https:\/\/www.facebook.com\/FandeliMexico\" \/>\n<meta property=\"article:modified_time\" content=\"2026-02-26T17:41:09+00:00\" \/>\n<meta property=\"og:image\" content=\"https:\/\/fandeli.com\/fandeli-automotriz\/wp-content\/uploads\/2026\/01\/cera-carnauba.jpg\" \/>\n\t<meta property=\"og:image:width\" content=\"800\" \/>\n\t<meta property=\"og:image:height\" content=\"800\" \/>\n\t<meta property=\"og:image:type\" content=\"image\/jpeg\" \/>\n<meta name=\"twitter:card\" content=\"summary_large_image\" \/>\n<meta name=\"twitter:site\" content=\"@fandelimexico\" \/>\n<meta name=\"twitter:label1\" content=\"Tiempo de lectura\" \/>\n\t<meta name=\"twitter:data1\" content=\"1 minuto\" \/>\n<script type=\"application\/ld+json\" class=\"yoast-schema-graph\">{\"@context\":\"https:\\\/\\\/schema.org\",\"@graph\":[{\"@type\":\"WebPage\",\"@id\":\"https:\\\/\\\/fandeli.com\\\/fandeli-automotriz\\\/producto\\\/cera-de-carnauba\\\/\",\"url\":\"https:\\\/\\\/fandeli.com\\\/fandeli-automotriz\\\/producto\\\/cera-de-carnauba\\\/\",\"name\":\"Cera de carnauba - FANDELI M\u00e9xico\",\"isPartOf\":{\"@id\":\"https:\\\/\\\/fandeli.com\\\/fandeli-automotriz\\\/#website\"},\"primaryImageOfPage\":{\"@id\":\"https:\\\/\\\/fandeli.com\\\/fandeli-automotriz\\\/producto\\\/cera-de-carnauba\\\/#primaryimage\"},\"image\":{\"@id\":\"https:\\\/\\\/fandeli.com\\\/fandeli-automotriz\\\/producto\\\/cera-de-carnauba\\\/#primaryimage\"},\"thumbnailUrl\":\"https:\\\/\\\/fandeli.com\\\/fandeli-automotriz\\\/wp-content\\\/uploads\\\/2026\\\/01\\\/cera-carnauba.jpg\",\"datePublished\":\"2024-11-29T16:54:43+00:00\",\"dateModified\":\"2026-02-26T17:41:09+00:00\",\"breadcrumb\":{\"@id\":\"https:\\\/\\\/fandeli.com\\\/fandeli-automotriz\\\/producto\\\/cera-de-carnauba\\\/#breadcrumb\"},\"inLanguage\":\"es\",\"potentialAction\":[{\"@type\":\"ReadAction\",\"target\":[\"https:\\\/\\\/fandeli.com\\\/fandeli-automotriz\\\/producto\\\/cera-de-carnauba\\\/\"]}]},{\"@type\":\"ImageObject\",\"inLanguage\":\"es\",\"@id\":\"https:\\\/\\\/fandeli.com\\\/fandeli-automotriz\\\/producto\\\/cera-de-carnauba\\\/#primaryimage\",\"url\":\"https:\\\/\\\/fandeli.com\\\/fandeli-automotriz\\\/wp-content\\\/uploads\\\/2026\\\/01\\\/cera-carnauba.jpg\",\"contentUrl\":\"https:\\\/\\\/fandeli.com\\\/fandeli-automotriz\\\/wp-content\\\/uploads\\\/2026\\\/01\\\/cera-carnauba.jpg\",\"width\":800,\"height\":800},{\"@type\":\"BreadcrumbList\",\"@id\":\"https:\\\/\\\/fandeli.com\\\/fandeli-automotriz\\\/producto\\\/cera-de-carnauba\\\/#breadcrumb\",\"itemListElement\":[{\"@type\":\"ListItem\",\"position\":1,\"name\":\"Portada\",\"item\":\"https:\\\/\\\/fandeli.com\\\/fandeli-automotriz\\\/\"},{\"@type\":\"ListItem\",\"position\":2,\"name\":\"Tienda\",\"item\":\"https:\\\/\\\/fandeli.com\\\/fandeli-automotriz\\\/?page_id=13\"},{\"@type\":\"ListItem\",\"position\":3,\"name\":\"Cera de carnauba\"}]},{\"@type\":\"WebSite\",\"@id\":\"https:\\\/\\\/fandeli.com\\\/fandeli-automotriz\\\/#website\",\"url\":\"https:\\\/\\\/fandeli.com\\\/fandeli-automotriz\\\/\",\"name\":\"FANDELI M\u00e9xico\",\"description\":\"FANDELI M\u00e9xico\",\"publisher\":{\"@id\":\"https:\\\/\\\/fandeli.com\\\/fandeli-automotriz\\\/#organization\"},\"potentialAction\":[{\"@type\":\"SearchAction\",\"target\":{\"@type\":\"EntryPoint\",\"urlTemplate\":\"https:\\\/\\\/fandeli.com\\\/fandeli-automotriz\\\/?s={search_term_string}\"},\"query-input\":{\"@type\":\"PropertyValueSpecification\",\"valueRequired\":true,\"valueName\":\"search_term_string\"}}],\"inLanguage\":\"es\"},{\"@type\":\"Organization\",\"@id\":\"https:\\\/\\\/fandeli.com\\\/fandeli-automotriz\\\/#organization\",\"name\":\"FANDELI M\u00e9xico\",\"url\":\"https:\\\/\\\/fandeli.com\\\/fandeli-automotriz\\\/\",\"logo\":{\"@type\":\"ImageObject\",\"inLanguage\":\"es\",\"@id\":\"https:\\\/\\\/fandeli.com\\\/fandeli-automotriz\\\/#\\\/schema\\\/logo\\\/image\\\/\",\"url\":\"http:\\\/\\\/abrasivosrevestidos.com\\\/wp-content\\\/uploads\\\/2024\\\/11\\\/logo-fandeli.svg\",\"contentUrl\":\"http:\\\/\\\/abrasivosrevestidos.com\\\/wp-content\\\/uploads\\\/2024\\\/11\\\/logo-fandeli.svg\",\"width\":267,\"height\":65,\"caption\":\"FANDELI M\u00e9xico\"},\"image\":{\"@id\":\"https:\\\/\\\/fandeli.com\\\/fandeli-automotriz\\\/#\\\/schema\\\/logo\\\/image\\\/\"},\"sameAs\":[\"https:\\\/\\\/www.facebook.com\\\/FandeliMexico\",\"https:\\\/\\\/x.com\\\/fandelimexico\",\"https:\\\/\\\/www.instagram.com\\\/fandeli.mx\\\/\",\"https:\\\/\\\/www.tiktok.com\\\/@fandeli_mx\",\"https:\\\/\\\/www.youtube.com\\\/channel\\\/UCODX8hPCf8g6bu9Ho7Q7RsQ\",\"https:\\\/\\\/www.linkedin.com\\\/company\\\/fandeli\"]}]}<\/script>\n<!-- \/ Yoast SEO plugin. -->","yoast_head_json":{"title":"Cera de carnauba - FANDELI M\u00e9xico","robots":{"index":"index","follow":"follow","max-snippet":"max-snippet:-1","max-image-preview":"max-image-preview:large","max-video-preview":"max-video-preview:-1"},"canonical":"https:\/\/fandeli.com\/fandeli-automotriz\/producto\/cera-de-carnauba\/","og_locale":"es_MX","og_type":"article","og_title":"Cera de carnauba - FANDELI M\u00e9xico","og_description":"Aplicaciones   Pintura brillante y protegida con s\u00faper repelencia al agua y los factores contaminantes del medio ambiente.   Caracter\u00edsticas    Alto brillo, protecci\u00f3n y suavidad F\u00e1cil de aplicar y retirar Ideal para cualquier tipo de pintura Excelente efecto de repelencia al agua Incluye esponja aplicadora    Aplicaciones y recomendaciones           &nbsp;&nbsp; DESCARGA LA FICHA T\u00c9CNICA","og_url":"https:\/\/fandeli.com\/fandeli-automotriz\/producto\/cera-de-carnauba\/","og_site_name":"FANDELI M\u00e9xico","article_publisher":"https:\/\/www.facebook.com\/FandeliMexico","article_modified_time":"2026-02-26T17:41:09+00:00","og_image":[{"width":800,"height":800,"url":"https:\/\/fandeli.com\/fandeli-automotriz\/wp-content\/uploads\/2026\/01\/cera-carnauba.jpg","type":"image\/jpeg"}],"twitter_card":"summary_large_image","twitter_site":"@fandelimexico","twitter_misc":{"Tiempo de lectura":"1 minuto"},"schema":{"@context":"https:\/\/schema.org","@graph":[{"@type":"WebPage","@id":"https:\/\/fandeli.com\/fandeli-automotriz\/producto\/cera-de-carnauba\/","url":"https:\/\/fandeli.com\/fandeli-automotriz\/producto\/cera-de-carnauba\/","name":"Cera de carnauba - FANDELI M\u00e9xico","isPartOf":{"@id":"https:\/\/fandeli.com\/fandeli-automotriz\/#website"},"primaryImageOfPage":{"@id":"https:\/\/fandeli.com\/fandeli-automotriz\/producto\/cera-de-carnauba\/#primaryimage"},"image":{"@id":"https:\/\/fandeli.com\/fandeli-automotriz\/producto\/cera-de-carnauba\/#primaryimage"},"thumbnailUrl":"https:\/\/fandeli.com\/fandeli-automotriz\/wp-content\/uploads\/2026\/01\/cera-carnauba.jpg","datePublished":"2024-11-29T16:54:43+00:00","dateModified":"2026-02-26T17:41:09+00:00","breadcrumb":{"@id":"https:\/\/fandeli.com\/fandeli-automotriz\/producto\/cera-de-carnauba\/#breadcrumb"},"inLanguage":"es","potentialAction":[{"@type":"ReadAction","target":["https:\/\/fandeli.com\/fandeli-automotriz\/producto\/cera-de-carnauba\/"]}]},{"@type":"ImageObject","inLanguage":"es","@id":"https:\/\/fandeli.com\/fandeli-automotriz\/producto\/cera-de-carnauba\/#primaryimage","url":"https:\/\/fandeli.com\/fandeli-automotriz\/wp-content\/uploads\/2026\/01\/cera-carnauba.jpg","contentUrl":"https:\/\/fandeli.com\/fandeli-automotriz\/wp-content\/uploads\/2026\/01\/cera-carnauba.jpg","width":800,"height":800},{"@type":"BreadcrumbList","@id":"https:\/\/fandeli.com\/fandeli-automotriz\/producto\/cera-de-carnauba\/#breadcrumb","itemListElement":[{"@type":"ListItem","position":1,"name":"Portada","item":"https:\/\/fandeli.com\/fandeli-automotriz\/"},{"@type":"ListItem","position":2,"name":"Tienda","item":"https:\/\/fandeli.com\/fandeli-automotriz\/?page_id=13"},{"@type":"ListItem","position":3,"name":"Cera de carnauba"}]},{"@type":"WebSite","@id":"https:\/\/fandeli.com\/fandeli-automotriz\/#website","url":"https:\/\/fandeli.com\/fandeli-automotriz\/","name":"FANDELI M\u00e9xico","description":"FANDELI M\u00e9xico","publisher":{"@id":"https:\/\/fandeli.com\/fandeli-automotriz\/#organization"},"potentialAction":[{"@type":"SearchAction","target":{"@type":"EntryPoint","urlTemplate":"https:\/\/fandeli.com\/fandeli-automotriz\/?s={search_term_string}"},"query-input":{"@type":"PropertyValueSpecification","valueRequired":true,"valueName":"search_term_string"}}],"inLanguage":"es"},{"@type":"Organization","@id":"https:\/\/fandeli.com\/fandeli-automotriz\/#organization","name":"FANDELI M\u00e9xico","url":"https:\/\/fandeli.com\/fandeli-automotriz\/","logo":{"@type":"ImageObject","inLanguage":"es","@id":"https:\/\/fandeli.com\/fandeli-automotriz\/#\/schema\/logo\/image\/","url":"http:\/\/abrasivosrevestidos.com\/wp-content\/uploads\/2024\/11\/logo-fandeli.svg","contentUrl":"http:\/\/abrasivosrevestidos.com\/wp-content\/uploads\/2024\/11\/logo-fandeli.svg","width":267,"height":65,"caption":"FANDELI M\u00e9xico"},"image":{"@id":"https:\/\/fandeli.com\/fandeli-automotriz\/#\/schema\/logo\/image\/"},"sameAs":["https:\/\/www.facebook.com\/FandeliMexico","https:\/\/x.com\/fandelimexico","https:\/\/www.instagram.com\/fandeli.mx\/","https:\/\/www.tiktok.com\/@fandeli_mx","https:\/\/www.youtube.com\/channel\/UCODX8hPCf8g6bu9Ho7Q7RsQ","https:\/\/www.linkedin.com\/company\/fandeli"]}]}},"jetpack_sharing_enabled":true,"_links":{"self":[{"href":"https:\/\/fandeli.com\/fandeli-automotriz\/wp-json\/wp\/v2\/product\/3478","targetHints":{"allow":["GET"]}}],"collection":[{"href":"https:\/\/fandeli.com\/fandeli-automotriz\/wp-json\/wp\/v2\/product"}],"about":[{"href":"https:\/\/fandeli.com\/fandeli-automotriz\/wp-json\/wp\/v2\/types\/product"}],"version-history":[{"count":1,"href":"https:\/\/fandeli.com\/fandeli-automotriz\/wp-json\/wp\/v2\/product\/3478\/revisions"}],"predecessor-version":[{"id":12479,"href":"https:\/\/fandeli.com\/fandeli-automotriz\/wp-json\/wp\/v2\/product\/3478\/revisions\/12479"}],"wp:featuredmedia":[{"embeddable":true,"href":"https:\/\/fandeli.com\/fandeli-automotriz\/wp-json\/wp\/v2\/media\/8773"}],"wp:attachment":[{"href":"https:\/\/fandeli.com\/fandeli-automotriz\/wp-json\/wp\/v2\/media?parent=3478"}],"wp:term":[{"taxonomy":"product_brand","embeddable":true,"href":"https:\/\/fandeli.com\/fandeli-automotriz\/wp-json\/wp\/v2\/product_brand?post=3478"},{"taxonomy":"product_cat","embeddable":true,"href":"https:\/\/fandeli.com\/fandeli-automotriz\/wp-json\/wp\/v2\/product_cat?post=3478"},{"taxonomy":"product_tag","embeddable":true,"href":"https:\/\/fandeli.com\/fandeli-automotriz\/wp-json\/wp\/v2\/product_tag?post=3478"}],"curies":[{"name":"wp","href":"https:\/\/api.w.org\/{rel}","templated":true}]}}