{"id":3415,"date":"2024-11-29T14:39:46","date_gmt":"2024-11-29T14:39:46","guid":{"rendered":"https:\/\/www.abrasivosrevestidos.com\/?post_type=product&#038;p=3415"},"modified":"2026-02-26T17:51:48","modified_gmt":"2026-02-26T17:51:48","slug":"disco-cambio-rapido-l-21","status":"publish","type":"product","link":"https:\/\/fandeli.com\/fandeli-automotriz\/producto\/disco-cambio-rapido-l-21\/","title":{"rendered":"Disco cambio r\u00e1pido L-21"},"content":{"rendered":"<table cellspacing=\"0\" cellpadding=\"0\" class=\"tabla\">\n<tr>\n<td><strong>SKU<\/strong><\/td>\n<td><strong>L\u00cdNEA | GRADOS<\/strong><\/td>\n<td><strong>DIMENSIONES<\/strong><\/td>\n<td><strong>PULGS.<\/strong><\/td>\n<td><strong>CAJA<\/strong><\/td>\n<td><strong>\u00a0EMPAQUE<\/strong><\/td>\n<\/tr>\n<tr>\n<td>03752<\/td>\n<td>DISCO FANDELI L-21 |  FIN\u00a0<\/td>\n<td>0.038m NO TEJIDO<\/td>\n<td>1.1\/2&quot;<\/td>\n<td>1000<\/td>\n<td>100<\/td>\n<\/tr>\n<tr>\n<td>03663<\/td>\n<td>DISCO FANDELI L-21 |  GSO\u00a0<\/td>\n<td>0.038m NO TEJIDO<\/td>\n<td>1.1\/2&quot;<\/td>\n<td>1000<\/td>\n<td>100<\/td>\n<\/tr>\n<tr>\n<td>03753<\/td>\n<td>DISCO FANDELI L-21 |  FIN\u00a0<\/td>\n<td>0.051m NO TEJIDO<\/td>\n<td>2&quot;<\/td>\n<td>500<\/td>\n<td>50<\/td>\n<\/tr>\n<tr>\n<td>03664<\/td>\n<td>DISCO FANDELI L-21 |  GSO\u00a0<\/td>\n<td>0.051m NO TEJIDO<\/td>\n<td>2&quot;<\/td>\n<td>500<\/td>\n<td>50<\/td>\n<\/tr>\n<tr>\n<td>03714<\/td>\n<td>DISCO FANDELI L-21 |  MED\u00a0<\/td>\n<td>0.051m NO TEJIDO<\/td>\n<td>2&quot;<\/td>\n<td>500<\/td>\n<td>50<\/td>\n<\/tr>\n<tr>\n<td>03791<\/td>\n<td>DISCO FANDELI L-21 |  FIN\u00a0<\/td>\n<td>0.076m NO TEJIDO<\/td>\n<td>3&quot;<\/td>\n<td>250<\/td>\n<td>25<\/td>\n<\/tr>\n<tr>\n<td>03685<\/td>\n<td>DISCO FANDELI L-21 |  GSO\u00a0<\/td>\n<td>0.076m NO TEJIDO<\/td>\n<td>3&quot;<\/td>\n<td>250<\/td>\n<td>25<\/td>\n<\/tr>\n<tr>\n<td>03748<\/td>\n<td>DISCO FANDELI L-21 |  MED\u00a0<\/td>\n<td>0.076m NO TEJIDO<\/td>\n<td>3&quot;<\/td>\n<td>250<\/td>\n<td>25<\/td>\n<\/tr>\n<\/table>\n","protected":false},"excerpt":{"rendered":"<p><strong>Aplicaciones<\/strong><\/p>\n<ul class=\"lista\">\n<li>Limpieza, acabado y acondicionamiento de superficies planas e irregulares.<\/li>\n<li>Funcional en acero inoxidable y al carb\u00f3n, aluminio, bronce y otros metales no ferrosos. <\/li>\n<\/ul>\n<p><strong>Caracter\u00edsticas<\/strong><\/p>\n<ul class=\"lista\">\n<li>Su sistema Torna-f\u00e1cil permite un ensamblado r\u00e1pido.<\/li>\n<li>Sistema anti-tapado.<\/li>\n<li>No sobrecalienta las piezas de trabajo. <\/li>\n<li>Cuentan con un dorso r\u00edgido. <\/li>\n<li>Medidas disponibles: 1 1\/2\u201d, 2\u201d y 3\u201d de di\u00e1metro.<\/li>\n<\/ul>\n<p><strong>Aplicaciones y recomendaciones<\/strong><\/p>\n<p class=\"iconos\">\n<img decoding=\"async\" src=\"https:\/\/fandeli.com\/assets\/icons\/icon-lacas.svg\" class=\"icono\" \/><br \/>\n<img decoding=\"async\" src=\"https:\/\/fandeli.com\/assets\/icons\/icon-metal.svg\" class=\"icono\" \/><br \/>\n<img decoding=\"async\" src=\"https:\/\/fandeli.com\/assets\/icons\/icon-metal-noferroso.svg\" class=\"icono\" \/><br \/>\n<img decoding=\"async\" src=\"https:\/\/fandeli.com\/assets\/icons\/icon-mototool.svg\" class=\"icono\" \/><br \/>\n<img decoding=\"async\" src=\"https:\/\/fandeli.com\/assets\/icons\/icon-tornafacil.svg\" class=\"icono\" \/><\/p>\n","protected":false},"featured_media":3404,"template":"","meta":{"inline_featured_image":false,"site-sidebar-layout":"default","site-content-layout":"","ast-site-content-layout":"default","site-content-style":"default","site-sidebar-style":"default","ast-global-header-display":"","ast-banner-title-visibility":"","ast-main-header-display":"","ast-hfb-above-header-display":"","ast-hfb-below-header-display":"","ast-hfb-mobile-header-display":"","site-post-title":"","ast-breadcrumbs-content":"","ast-featured-img":"","footer-sml-layout":"","ast-disable-related-posts":"","theme-transparent-header-meta":"default","adv-header-id-meta":"","stick-header-meta":"","header-above-stick-meta":"","header-main-stick-meta":"","header-below-stick-meta":"","astra-migrate-meta-layouts":"set","ast-page-background-enabled":"default","ast-page-background-meta":{"desktop":{"background-color":"var(--ast-global-color-4)","background-image":"","background-repeat":"repeat","background-position":"center center","background-size":"auto","background-attachment":"scroll","background-type":"","background-media":"","overlay-type":"","overlay-color":"","overlay-opacity":"","overlay-gradient":""},"tablet":{"background-color":"","background-image":"","background-repeat":"repeat","background-position":"center center","background-size":"auto","background-attachment":"scroll","background-type":"","background-media":"","overlay-type":"","overlay-color":"","overlay-opacity":"","overlay-gradient":""},"mobile":{"background-color":"","background-image":"","background-repeat":"repeat","background-position":"center center","background-size":"auto","background-attachment":"scroll","background-type":"","background-media":"","overlay-type":"","overlay-color":"","overlay-opacity":"","overlay-gradient":""}},"ast-content-background-meta":{"desktop":{"background-color":"var(--ast-global-color-5)","background-image":"","background-repeat":"repeat","background-position":"center center","background-size":"auto","background-attachment":"scroll","background-type":"","background-media":"","overlay-type":"","overlay-color":"","overlay-opacity":"","overlay-gradient":""},"tablet":{"background-color":"var(--ast-global-color-5)","background-image":"","background-repeat":"repeat","background-position":"center center","background-size":"auto","background-attachment":"scroll","background-type":"","background-media":"","overlay-type":"","overlay-color":"","overlay-opacity":"","overlay-gradient":""},"mobile":{"background-color":"var(--ast-global-color-5)","background-image":"","background-repeat":"repeat","background-position":"center center","background-size":"auto","background-attachment":"scroll","background-type":"","background-media":"","overlay-type":"","overlay-color":"","overlay-opacity":"","overlay-gradient":""}}},"product_brand":[],"product_cat":[23,313,37,20,525,27,44,45],"product_tag":[],"class_list":{"0":"post-3415","1":"product","2":"type-product","3":"status-publish","4":"has-post-thumbnail","6":"product_cat-automotriz-es","7":"product_cat-discos-de-fibra","8":"product_cat-especialidades-de-lija-es","9":"product_cat-herreria-es","10":"product_cat-hojalateria","11":"product_cat-lacas-y-pintura","12":"product_cat-metal-es","13":"product_cat-metales-no-ferrosos-es","14":"desktop-align-center","15":"tablet-align-left","16":"mobile-align-center","18":"first","19":"instock","20":"shipping-taxable","21":"product-type-simple"},"yoast_head":"<!-- This site is optimized with the Yoast SEO plugin v27.3 - https:\/\/yoast.com\/product\/yoast-seo-wordpress\/ -->\n<title>Disco cambio r\u00e1pido L-21 - FANDELI M\u00e9xico<\/title>\n<meta name=\"robots\" content=\"index, follow, max-snippet:-1, max-image-preview:large, max-video-preview:-1\" \/>\n<link rel=\"canonical\" href=\"https:\/\/fandeli.com\/fandeli-automotriz\/producto\/disco-cambio-rapido-l-21\/\" \/>\n<meta property=\"og:locale\" content=\"es_MX\" \/>\n<meta property=\"og:type\" content=\"article\" \/>\n<meta property=\"og:title\" content=\"Disco cambio r\u00e1pido L-21 - FANDELI M\u00e9xico\" \/>\n<meta property=\"og:description\" content=\"Aplicaciones   Limpieza, acabado y acondicionamiento de superficies planas e irregulares. Funcional en acero inoxidable y al carb\u00f3n, aluminio, bronce y otros metales no ferrosos.    Caracter\u00edsticas    Su sistema Torna-f\u00e1cil permite un ensamblado r\u00e1pido. Sistema anti-tapado. No sobrecalienta las piezas de trabajo.  Cuentan con un dorso r\u00edgido.  Medidas disponibles: 1 1\/2\u201d, 2\u201d y 3\u201d de di\u00e1metro.    Aplicaciones y recomendaciones\" \/>\n<meta property=\"og:url\" content=\"https:\/\/fandeli.com\/fandeli-automotriz\/producto\/disco-cambio-rapido-l-21\/\" \/>\n<meta property=\"og:site_name\" content=\"FANDELI M\u00e9xico\" \/>\n<meta property=\"article:publisher\" content=\"https:\/\/www.facebook.com\/FandeliMexico\" \/>\n<meta property=\"article:modified_time\" content=\"2026-02-26T17:51:48+00:00\" \/>\n<meta property=\"og:image\" content=\"https:\/\/fandeli.com\/fandeli-automotriz\/wp-content\/uploads\/2024\/11\/discos-L-21.jpg\" \/>\n\t<meta property=\"og:image:width\" content=\"800\" \/>\n\t<meta property=\"og:image:height\" content=\"800\" \/>\n\t<meta property=\"og:image:type\" content=\"image\/jpeg\" \/>\n<meta name=\"twitter:card\" content=\"summary_large_image\" \/>\n<meta name=\"twitter:site\" content=\"@fandelimexico\" \/>\n<meta name=\"twitter:label1\" content=\"Tiempo de lectura\" \/>\n\t<meta name=\"twitter:data1\" content=\"1 minuto\" \/>\n<script type=\"application\/ld+json\" class=\"yoast-schema-graph\">{\"@context\":\"https:\\\/\\\/schema.org\",\"@graph\":[{\"@type\":\"WebPage\",\"@id\":\"https:\\\/\\\/fandeli.com\\\/fandeli-automotriz\\\/producto\\\/disco-cambio-rapido-l-21\\\/\",\"url\":\"https:\\\/\\\/fandeli.com\\\/fandeli-automotriz\\\/producto\\\/disco-cambio-rapido-l-21\\\/\",\"name\":\"Disco cambio r\u00e1pido L-21 - FANDELI M\u00e9xico\",\"isPartOf\":{\"@id\":\"https:\\\/\\\/fandeli.com\\\/fandeli-automotriz\\\/#website\"},\"primaryImageOfPage\":{\"@id\":\"https:\\\/\\\/fandeli.com\\\/fandeli-automotriz\\\/producto\\\/disco-cambio-rapido-l-21\\\/#primaryimage\"},\"image\":{\"@id\":\"https:\\\/\\\/fandeli.com\\\/fandeli-automotriz\\\/producto\\\/disco-cambio-rapido-l-21\\\/#primaryimage\"},\"thumbnailUrl\":\"https:\\\/\\\/fandeli.com\\\/fandeli-automotriz\\\/wp-content\\\/uploads\\\/2024\\\/11\\\/discos-L-21.jpg\",\"datePublished\":\"2024-11-29T14:39:46+00:00\",\"dateModified\":\"2026-02-26T17:51:48+00:00\",\"breadcrumb\":{\"@id\":\"https:\\\/\\\/fandeli.com\\\/fandeli-automotriz\\\/producto\\\/disco-cambio-rapido-l-21\\\/#breadcrumb\"},\"inLanguage\":\"es\",\"potentialAction\":[{\"@type\":\"ReadAction\",\"target\":[\"https:\\\/\\\/fandeli.com\\\/fandeli-automotriz\\\/producto\\\/disco-cambio-rapido-l-21\\\/\"]}]},{\"@type\":\"ImageObject\",\"inLanguage\":\"es\",\"@id\":\"https:\\\/\\\/fandeli.com\\\/fandeli-automotriz\\\/producto\\\/disco-cambio-rapido-l-21\\\/#primaryimage\",\"url\":\"https:\\\/\\\/fandeli.com\\\/fandeli-automotriz\\\/wp-content\\\/uploads\\\/2024\\\/11\\\/discos-L-21.jpg\",\"contentUrl\":\"https:\\\/\\\/fandeli.com\\\/fandeli-automotriz\\\/wp-content\\\/uploads\\\/2024\\\/11\\\/discos-L-21.jpg\",\"width\":800,\"height\":800},{\"@type\":\"BreadcrumbList\",\"@id\":\"https:\\\/\\\/fandeli.com\\\/fandeli-automotriz\\\/producto\\\/disco-cambio-rapido-l-21\\\/#breadcrumb\",\"itemListElement\":[{\"@type\":\"ListItem\",\"position\":1,\"name\":\"Portada\",\"item\":\"https:\\\/\\\/fandeli.com\\\/fandeli-automotriz\\\/\"},{\"@type\":\"ListItem\",\"position\":2,\"name\":\"Tienda\",\"item\":\"https:\\\/\\\/fandeli.com\\\/fandeli-automotriz\\\/?page_id=13\"},{\"@type\":\"ListItem\",\"position\":3,\"name\":\"Disco cambio r\u00e1pido L-21\"}]},{\"@type\":\"WebSite\",\"@id\":\"https:\\\/\\\/fandeli.com\\\/fandeli-automotriz\\\/#website\",\"url\":\"https:\\\/\\\/fandeli.com\\\/fandeli-automotriz\\\/\",\"name\":\"FANDELI M\u00e9xico\",\"description\":\"FANDELI M\u00e9xico\",\"publisher\":{\"@id\":\"https:\\\/\\\/fandeli.com\\\/fandeli-automotriz\\\/#organization\"},\"potentialAction\":[{\"@type\":\"SearchAction\",\"target\":{\"@type\":\"EntryPoint\",\"urlTemplate\":\"https:\\\/\\\/fandeli.com\\\/fandeli-automotriz\\\/?s={search_term_string}\"},\"query-input\":{\"@type\":\"PropertyValueSpecification\",\"valueRequired\":true,\"valueName\":\"search_term_string\"}}],\"inLanguage\":\"es\"},{\"@type\":\"Organization\",\"@id\":\"https:\\\/\\\/fandeli.com\\\/fandeli-automotriz\\\/#organization\",\"name\":\"FANDELI M\u00e9xico\",\"url\":\"https:\\\/\\\/fandeli.com\\\/fandeli-automotriz\\\/\",\"logo\":{\"@type\":\"ImageObject\",\"inLanguage\":\"es\",\"@id\":\"https:\\\/\\\/fandeli.com\\\/fandeli-automotriz\\\/#\\\/schema\\\/logo\\\/image\\\/\",\"url\":\"http:\\\/\\\/abrasivosrevestidos.com\\\/wp-content\\\/uploads\\\/2024\\\/11\\\/logo-fandeli.svg\",\"contentUrl\":\"http:\\\/\\\/abrasivosrevestidos.com\\\/wp-content\\\/uploads\\\/2024\\\/11\\\/logo-fandeli.svg\",\"width\":267,\"height\":65,\"caption\":\"FANDELI M\u00e9xico\"},\"image\":{\"@id\":\"https:\\\/\\\/fandeli.com\\\/fandeli-automotriz\\\/#\\\/schema\\\/logo\\\/image\\\/\"},\"sameAs\":[\"https:\\\/\\\/www.facebook.com\\\/FandeliMexico\",\"https:\\\/\\\/x.com\\\/fandelimexico\",\"https:\\\/\\\/www.instagram.com\\\/fandeli.mx\\\/\",\"https:\\\/\\\/www.tiktok.com\\\/@fandeli_mx\",\"https:\\\/\\\/www.youtube.com\\\/channel\\\/UCODX8hPCf8g6bu9Ho7Q7RsQ\",\"https:\\\/\\\/www.linkedin.com\\\/company\\\/fandeli\"]}]}<\/script>\n<!-- \/ Yoast SEO plugin. -->","yoast_head_json":{"title":"Disco cambio r\u00e1pido L-21 - FANDELI M\u00e9xico","robots":{"index":"index","follow":"follow","max-snippet":"max-snippet:-1","max-image-preview":"max-image-preview:large","max-video-preview":"max-video-preview:-1"},"canonical":"https:\/\/fandeli.com\/fandeli-automotriz\/producto\/disco-cambio-rapido-l-21\/","og_locale":"es_MX","og_type":"article","og_title":"Disco cambio r\u00e1pido L-21 - FANDELI M\u00e9xico","og_description":"Aplicaciones   Limpieza, acabado y acondicionamiento de superficies planas e irregulares. Funcional en acero inoxidable y al carb\u00f3n, aluminio, bronce y otros metales no ferrosos.    Caracter\u00edsticas    Su sistema Torna-f\u00e1cil permite un ensamblado r\u00e1pido. Sistema anti-tapado. No sobrecalienta las piezas de trabajo.  Cuentan con un dorso r\u00edgido.  Medidas disponibles: 1 1\/2\u201d, 2\u201d y 3\u201d de di\u00e1metro.    Aplicaciones y recomendaciones","og_url":"https:\/\/fandeli.com\/fandeli-automotriz\/producto\/disco-cambio-rapido-l-21\/","og_site_name":"FANDELI M\u00e9xico","article_publisher":"https:\/\/www.facebook.com\/FandeliMexico","article_modified_time":"2026-02-26T17:51:48+00:00","og_image":[{"width":800,"height":800,"url":"https:\/\/fandeli.com\/fandeli-automotriz\/wp-content\/uploads\/2024\/11\/discos-L-21.jpg","type":"image\/jpeg"}],"twitter_card":"summary_large_image","twitter_site":"@fandelimexico","twitter_misc":{"Tiempo de lectura":"1 minuto"},"schema":{"@context":"https:\/\/schema.org","@graph":[{"@type":"WebPage","@id":"https:\/\/fandeli.com\/fandeli-automotriz\/producto\/disco-cambio-rapido-l-21\/","url":"https:\/\/fandeli.com\/fandeli-automotriz\/producto\/disco-cambio-rapido-l-21\/","name":"Disco cambio r\u00e1pido L-21 - FANDELI M\u00e9xico","isPartOf":{"@id":"https:\/\/fandeli.com\/fandeli-automotriz\/#website"},"primaryImageOfPage":{"@id":"https:\/\/fandeli.com\/fandeli-automotriz\/producto\/disco-cambio-rapido-l-21\/#primaryimage"},"image":{"@id":"https:\/\/fandeli.com\/fandeli-automotriz\/producto\/disco-cambio-rapido-l-21\/#primaryimage"},"thumbnailUrl":"https:\/\/fandeli.com\/fandeli-automotriz\/wp-content\/uploads\/2024\/11\/discos-L-21.jpg","datePublished":"2024-11-29T14:39:46+00:00","dateModified":"2026-02-26T17:51:48+00:00","breadcrumb":{"@id":"https:\/\/fandeli.com\/fandeli-automotriz\/producto\/disco-cambio-rapido-l-21\/#breadcrumb"},"inLanguage":"es","potentialAction":[{"@type":"ReadAction","target":["https:\/\/fandeli.com\/fandeli-automotriz\/producto\/disco-cambio-rapido-l-21\/"]}]},{"@type":"ImageObject","inLanguage":"es","@id":"https:\/\/fandeli.com\/fandeli-automotriz\/producto\/disco-cambio-rapido-l-21\/#primaryimage","url":"https:\/\/fandeli.com\/fandeli-automotriz\/wp-content\/uploads\/2024\/11\/discos-L-21.jpg","contentUrl":"https:\/\/fandeli.com\/fandeli-automotriz\/wp-content\/uploads\/2024\/11\/discos-L-21.jpg","width":800,"height":800},{"@type":"BreadcrumbList","@id":"https:\/\/fandeli.com\/fandeli-automotriz\/producto\/disco-cambio-rapido-l-21\/#breadcrumb","itemListElement":[{"@type":"ListItem","position":1,"name":"Portada","item":"https:\/\/fandeli.com\/fandeli-automotriz\/"},{"@type":"ListItem","position":2,"name":"Tienda","item":"https:\/\/fandeli.com\/fandeli-automotriz\/?page_id=13"},{"@type":"ListItem","position":3,"name":"Disco cambio r\u00e1pido L-21"}]},{"@type":"WebSite","@id":"https:\/\/fandeli.com\/fandeli-automotriz\/#website","url":"https:\/\/fandeli.com\/fandeli-automotriz\/","name":"FANDELI M\u00e9xico","description":"FANDELI M\u00e9xico","publisher":{"@id":"https:\/\/fandeli.com\/fandeli-automotriz\/#organization"},"potentialAction":[{"@type":"SearchAction","target":{"@type":"EntryPoint","urlTemplate":"https:\/\/fandeli.com\/fandeli-automotriz\/?s={search_term_string}"},"query-input":{"@type":"PropertyValueSpecification","valueRequired":true,"valueName":"search_term_string"}}],"inLanguage":"es"},{"@type":"Organization","@id":"https:\/\/fandeli.com\/fandeli-automotriz\/#organization","name":"FANDELI M\u00e9xico","url":"https:\/\/fandeli.com\/fandeli-automotriz\/","logo":{"@type":"ImageObject","inLanguage":"es","@id":"https:\/\/fandeli.com\/fandeli-automotriz\/#\/schema\/logo\/image\/","url":"http:\/\/abrasivosrevestidos.com\/wp-content\/uploads\/2024\/11\/logo-fandeli.svg","contentUrl":"http:\/\/abrasivosrevestidos.com\/wp-content\/uploads\/2024\/11\/logo-fandeli.svg","width":267,"height":65,"caption":"FANDELI M\u00e9xico"},"image":{"@id":"https:\/\/fandeli.com\/fandeli-automotriz\/#\/schema\/logo\/image\/"},"sameAs":["https:\/\/www.facebook.com\/FandeliMexico","https:\/\/x.com\/fandelimexico","https:\/\/www.instagram.com\/fandeli.mx\/","https:\/\/www.tiktok.com\/@fandeli_mx","https:\/\/www.youtube.com\/channel\/UCODX8hPCf8g6bu9Ho7Q7RsQ","https:\/\/www.linkedin.com\/company\/fandeli"]}]}},"jetpack_sharing_enabled":true,"_links":{"self":[{"href":"https:\/\/fandeli.com\/fandeli-automotriz\/wp-json\/wp\/v2\/product\/3415","targetHints":{"allow":["GET"]}}],"collection":[{"href":"https:\/\/fandeli.com\/fandeli-automotriz\/wp-json\/wp\/v2\/product"}],"about":[{"href":"https:\/\/fandeli.com\/fandeli-automotriz\/wp-json\/wp\/v2\/types\/product"}],"version-history":[{"count":2,"href":"https:\/\/fandeli.com\/fandeli-automotriz\/wp-json\/wp\/v2\/product\/3415\/revisions"}],"predecessor-version":[{"id":12518,"href":"https:\/\/fandeli.com\/fandeli-automotriz\/wp-json\/wp\/v2\/product\/3415\/revisions\/12518"}],"wp:featuredmedia":[{"embeddable":true,"href":"https:\/\/fandeli.com\/fandeli-automotriz\/wp-json\/wp\/v2\/media\/3404"}],"wp:attachment":[{"href":"https:\/\/fandeli.com\/fandeli-automotriz\/wp-json\/wp\/v2\/media?parent=3415"}],"wp:term":[{"taxonomy":"product_brand","embeddable":true,"href":"https:\/\/fandeli.com\/fandeli-automotriz\/wp-json\/wp\/v2\/product_brand?post=3415"},{"taxonomy":"product_cat","embeddable":true,"href":"https:\/\/fandeli.com\/fandeli-automotriz\/wp-json\/wp\/v2\/product_cat?post=3415"},{"taxonomy":"product_tag","embeddable":true,"href":"https:\/\/fandeli.com\/fandeli-automotriz\/wp-json\/wp\/v2\/product_tag?post=3415"}],"curies":[{"name":"wp","href":"https:\/\/api.w.org\/{rel}","templated":true}]}}