{"id":1857,"date":"2024-11-25T20:05:41","date_gmt":"2024-11-25T20:05:41","guid":{"rendered":"https:\/\/www.abrasivosrevestidos.com\/?post_type=product&#038;p=1857"},"modified":"2026-02-26T18:04:17","modified_gmt":"2026-02-26T18:04:17","slug":"almohadilla-marron","status":"publish","type":"product","link":"https:\/\/fandeli.com\/fandeli-automotriz\/producto\/almohadilla-marron\/","title":{"rendered":"Almohadilla marr\u00f3n"},"content":{"rendered":"<table cellspacing=\"0\" cellpadding=\"0\" class=\"tabla\">\n<tr>\n<td><strong>SKU<\/strong><\/td>\n<td><strong>L\u00cdNEA | GRADOS<\/strong><\/td>\n<td><strong>DIMENSIONES<\/strong><\/td>\n<td><strong>PULGS.<\/strong><\/td>\n<td><strong>CAJA<\/strong><\/td>\n<td><strong>\u00a0EMPAQUE<\/strong><\/td>\n<\/tr>\n<tr>\n<td>01451<\/td>\n<td>ALMOHADILLA MARR\u00d3N FANDELI E\/FINO<\/td>\n<td>0.152m X 0.229m<\/td>\n<td>6&quot; x 9&quot;<\/td>\n<td>50<\/td>\n<td>10<\/td>\n<\/tr>\n<tr>\n<td>15688<\/td>\n<td>ALMOHADILLA MARR\u00d3N FANDELI EXTRAFINO<\/td>\n<td>0.152m X 0.229m<\/td>\n<td>6&quot; x 9&quot;<\/td>\n<td>50<\/td>\n<td>10<\/td>\n<\/tr>\n<tr>\n<td>01502<\/td>\n<td>ALMOHADILLA MARR\u00d3N FANDELI FINO<\/td>\n<td>0.152m X 0.229m<\/td>\n<td>6&quot; x 9&quot;<\/td>\n<td>50<\/td>\n<td>10<\/td>\n<\/tr>\n<tr>\n<td>01776<\/td>\n<td>ALMOHADILLA MARR\u00d3N FANDELI M\/FINO<\/td>\n<td>0.152m X 0.229m<\/td>\n<td>6&quot; x 9&quot;<\/td>\n<td>50<\/td>\n<td>10<\/td>\n<\/tr>\n<\/table>\n","protected":false},"excerpt":{"rendered":"<p><strong>Aplicaciones<\/strong><\/p>\n<ul class=\"lista\">\n<li>Ideal para el trabajo en maderas en blanco y con selladores, molduras, piezas irregulares y talladas.<\/li>\n<li>Excelente para el asentado de selladores y barnices en superficies planas e irregulares.<\/li>\n<li>Limpieza, acabado y acondicionado de metales: acero inoxidable, al carb\u00f3n, aluminio, bronce y hierro forjado.<\/li>\n<li>\u00d3ptimo para acabados en pinturas satinadas, brindando un excelente anclaje para la nueva capa de pintura.<\/li>\n<\/ul>\n<p><strong>Caracter\u00edsticas<\/strong><\/p>\n<ul class=\"lista\">\n<li>Gran flexibilidad que permite la adaptaci\u00f3n del producto a la superficie sin deformar la geometr\u00eda de las piezas.<\/li>\n<li>Micro acabados tersos en metales.<\/li>\n<li>No se tapa, disipa el calor y produce patrones de tallado uniformes en las piezas.<\/li>\n<li>Producen ahorros significativos de tintas, selladores y barnices al cerrar los poros de las superficies, reduciendo la absorci\u00f3n.<\/li>\n<li>Dise\u00f1ada para ser una opci\u00f3n econ\u00f3mica de remoci\u00f3n de \u00f3xido en metales.<\/li>\n<\/ul>\n<p><strong>Aplicaciones y recomendaciones<\/strong><\/p>\n<p class=\"iconos\">\n<img decoding=\"async\" src=\"https:\/\/fandeli.com\/assets\/icons\/icon-plastico.svg\" class=\"icono\" \/><br \/>\n<img decoding=\"async\" src=\"https:\/\/fandeli.com\/assets\/icons\/icon-madera.svg\" class=\"icono\" \/><br \/>\n<img decoding=\"async\" src=\"https:\/\/fandeli.com\/assets\/icons\/icon-metal.svg\" class=\"icono\" \/><br \/>\n<img decoding=\"async\" src=\"https:\/\/fandeli.com\/assets\/icons\/icon-metal-noferroso.svg\" class=\"icono\" \/><br \/>\n<img decoding=\"async\" src=\"https:\/\/fandeli.com\/assets\/icons\/icon-uso-lija.svg\" class=\"icono\" \/><br \/>\n<img decoding=\"async\" src=\"https:\/\/fandeli.com\/assets\/icons\/icon-lijado-seco.svg\" class=\"icono\" \/><br \/>\n<img decoding=\"async\" src=\"https:\/\/fandeli.com\/assets\/icons\/icon-lijado-humedo.svg\" class=\"icono\" \/>\n<\/p>\n<div id=\"descarga\">\n<p class=\"lista\"><a href=\"https:\/\/fandeli.com\/assets\/fichas-tecnicas\/almohadilla-marron.pdf\" target=\"_blank\" class=\"botones\"><i class=\"fa fa-file\"><\/i>&nbsp;&nbsp; DESCARGA LA FICHA T\u00c9CNICA<\/a><\/p>\n<h5><strong>Descarga las fotos del producto<\/strong><\/h5>\n<div id=\"foto\">\n<div class=\"foto1\">\n<a href=\"https:\/\/fandeli.com\/assets\/img\/almohadilla_300_dpis_comercial.zip\" class=\"btn-foto\" target=\"_blank\">300 dpis<\/a>\n<\/div>\n<div class=\"foto2\">\n<a href=\"https:\/\/fandeli.com\/assets\/img\/almohadilla_150_dpis_comercial.zip\" class=\"btn-foto\" target=\"_blank\">150 dpis<\/a>\n<\/div>\n<div class=\"foto3\">\n<a href=\"https:\/\/fandeli.com\/assets\/img\/almohadilla_72_dpis_comercial.zip\" class=\"btn-foto\" target=\"_blank\">72 dpis<\/a>\n<\/div>\n<\/div>\n<\/div>\n","protected":false},"featured_media":1849,"template":"","meta":{"inline_featured_image":false,"site-sidebar-layout":"default","site-content-layout":"","ast-site-content-layout":"default","site-content-style":"default","site-sidebar-style":"default","ast-global-header-display":"","ast-banner-title-visibility":"","ast-main-header-display":"","ast-hfb-above-header-display":"","ast-hfb-below-header-display":"","ast-hfb-mobile-header-display":"","site-post-title":"","ast-breadcrumbs-content":"","ast-featured-img":"","footer-sml-layout":"","ast-disable-related-posts":"","theme-transparent-header-meta":"default","adv-header-id-meta":"","stick-header-meta":"","header-above-stick-meta":"","header-main-stick-meta":"","header-below-stick-meta":"","astra-migrate-meta-layouts":"set","ast-page-background-enabled":"default","ast-page-background-meta":{"desktop":{"background-color":"var(--ast-global-color-4)","background-image":"","background-repeat":"repeat","background-position":"center center","background-size":"auto","background-attachment":"scroll","background-type":"","background-media":"","overlay-type":"","overlay-color":"","overlay-opacity":"","overlay-gradient":""},"tablet":{"background-color":"","background-image":"","background-repeat":"repeat","background-position":"center center","background-size":"auto","background-attachment":"scroll","background-type":"","background-media":"","overlay-type":"","overlay-color":"","overlay-opacity":"","overlay-gradient":""},"mobile":{"background-color":"","background-image":"","background-repeat":"repeat","background-position":"center center","background-size":"auto","background-attachment":"scroll","background-type":"","background-media":"","overlay-type":"","overlay-color":"","overlay-opacity":"","overlay-gradient":""}},"ast-content-background-meta":{"desktop":{"background-color":"var(--ast-global-color-5)","background-image":"","background-repeat":"repeat","background-position":"center center","background-size":"auto","background-attachment":"scroll","background-type":"","background-media":"","overlay-type":"","overlay-color":"","overlay-opacity":"","overlay-gradient":""},"tablet":{"background-color":"var(--ast-global-color-5)","background-image":"","background-repeat":"repeat","background-position":"center center","background-size":"auto","background-attachment":"scroll","background-type":"","background-media":"","overlay-type":"","overlay-color":"","overlay-opacity":"","overlay-gradient":""},"mobile":{"background-color":"var(--ast-global-color-5)","background-image":"","background-repeat":"repeat","background-position":"center center","background-size":"auto","background-attachment":"scroll","background-type":"","background-media":"","overlay-type":"","overlay-color":"","overlay-opacity":"","overlay-gradient":""}}},"product_brand":[],"product_cat":[441,23,22,34,20,26,27,40,24,44,45,43,529],"product_tag":[],"class_list":{"0":"post-1857","1":"product","2":"type-product","3":"status-publish","4":"has-post-thumbnail","6":"product_cat-almohadillas","7":"product_cat-automotriz-es","8":"product_cat-construccion-es","9":"product_cat-fibras-es","10":"product_cat-herreria-es","11":"product_cat-hogar-es","12":"product_cat-lacas-y-pintura","13":"product_cat-madera-es","14":"product_cat-mantenimiento-es","15":"product_cat-metal-es","16":"product_cat-metales-no-ferrosos-es","17":"product_cat-plastico-es","18":"product_cat-preparacion-de-superficies","19":"desktop-align-center","20":"tablet-align-left","21":"mobile-align-center","23":"first","24":"instock","25":"shipping-taxable","26":"product-type-simple"},"yoast_head":"<!-- This site is optimized with the Yoast SEO plugin v27.3 - https:\/\/yoast.com\/product\/yoast-seo-wordpress\/ -->\n<title>Almohadilla marr\u00f3n - FANDELI M\u00e9xico<\/title>\n<meta name=\"robots\" content=\"index, follow, max-snippet:-1, max-image-preview:large, max-video-preview:-1\" \/>\n<link rel=\"canonical\" href=\"https:\/\/fandeli.com\/fandeli-automotriz\/producto\/almohadilla-marron\/\" \/>\n<meta property=\"og:locale\" content=\"es_MX\" \/>\n<meta property=\"og:type\" content=\"article\" \/>\n<meta property=\"og:title\" content=\"Almohadilla marr\u00f3n - FANDELI M\u00e9xico\" \/>\n<meta property=\"og:description\" content=\"Aplicaciones   Ideal para el trabajo en maderas en blanco y con selladores, molduras, piezas irregulares y talladas. Excelente para el asentado de selladores y barnices en superficies planas e irregulares. Limpieza, acabado y acondicionado de metales: acero inoxidable, al carb\u00f3n, aluminio, bronce y hierro forjado. \u00d3ptimo para acabados en pinturas satinadas, brindando un excelente anclaje para la nueva capa de pintura.   Caracter\u00edsticas    Gran flexibilidad que permite la adaptaci\u00f3n del producto a la superficie sin deformar la geometr\u00eda de las piezas. Micro acabados tersos en metales. No se tapa, disipa el calor y produce patrones de tallado uniformes en las piezas. Producen ahorros significativos de tintas, selladores y barnices al cerrar los poros de las superficies, reduciendo la absorci\u00f3n. Dise\u00f1ada para ser una opci\u00f3n econ\u00f3mica de remoci\u00f3n de \u00f3xido en metales.    Aplicaciones y recomendaciones                  &nbsp;&nbsp; DESCARGA LA FICHA T\u00c9CNICA  Descarga las fotos del producto    300 dpis   150 dpis   72 dpis\" \/>\n<meta property=\"og:url\" content=\"https:\/\/fandeli.com\/fandeli-automotriz\/producto\/almohadilla-marron\/\" \/>\n<meta property=\"og:site_name\" content=\"FANDELI M\u00e9xico\" \/>\n<meta property=\"article:publisher\" content=\"https:\/\/www.facebook.com\/FandeliMexico\" \/>\n<meta property=\"article:modified_time\" content=\"2026-02-26T18:04:17+00:00\" \/>\n<meta property=\"og:image\" content=\"https:\/\/fandeli.com\/fandeli-automotriz\/wp-content\/uploads\/2024\/11\/fibra-marron.jpg\" \/>\n\t<meta property=\"og:image:width\" content=\"800\" \/>\n\t<meta property=\"og:image:height\" content=\"800\" \/>\n\t<meta property=\"og:image:type\" content=\"image\/jpeg\" \/>\n<meta name=\"twitter:card\" content=\"summary_large_image\" \/>\n<meta name=\"twitter:site\" content=\"@fandelimexico\" \/>\n<meta name=\"twitter:label1\" content=\"Tiempo de lectura\" \/>\n\t<meta name=\"twitter:data1\" content=\"1 minuto\" \/>\n<script type=\"application\/ld+json\" class=\"yoast-schema-graph\">{\"@context\":\"https:\\\/\\\/schema.org\",\"@graph\":[{\"@type\":\"WebPage\",\"@id\":\"https:\\\/\\\/fandeli.com\\\/fandeli-automotriz\\\/producto\\\/almohadilla-marron\\\/\",\"url\":\"https:\\\/\\\/fandeli.com\\\/fandeli-automotriz\\\/producto\\\/almohadilla-marron\\\/\",\"name\":\"Almohadilla marr\u00f3n - FANDELI M\u00e9xico\",\"isPartOf\":{\"@id\":\"https:\\\/\\\/fandeli.com\\\/fandeli-automotriz\\\/#website\"},\"primaryImageOfPage\":{\"@id\":\"https:\\\/\\\/fandeli.com\\\/fandeli-automotriz\\\/producto\\\/almohadilla-marron\\\/#primaryimage\"},\"image\":{\"@id\":\"https:\\\/\\\/fandeli.com\\\/fandeli-automotriz\\\/producto\\\/almohadilla-marron\\\/#primaryimage\"},\"thumbnailUrl\":\"https:\\\/\\\/fandeli.com\\\/fandeli-automotriz\\\/wp-content\\\/uploads\\\/2024\\\/11\\\/fibra-marron.jpg\",\"datePublished\":\"2024-11-25T20:05:41+00:00\",\"dateModified\":\"2026-02-26T18:04:17+00:00\",\"breadcrumb\":{\"@id\":\"https:\\\/\\\/fandeli.com\\\/fandeli-automotriz\\\/producto\\\/almohadilla-marron\\\/#breadcrumb\"},\"inLanguage\":\"es\",\"potentialAction\":[{\"@type\":\"ReadAction\",\"target\":[\"https:\\\/\\\/fandeli.com\\\/fandeli-automotriz\\\/producto\\\/almohadilla-marron\\\/\"]}]},{\"@type\":\"ImageObject\",\"inLanguage\":\"es\",\"@id\":\"https:\\\/\\\/fandeli.com\\\/fandeli-automotriz\\\/producto\\\/almohadilla-marron\\\/#primaryimage\",\"url\":\"https:\\\/\\\/fandeli.com\\\/fandeli-automotriz\\\/wp-content\\\/uploads\\\/2024\\\/11\\\/fibra-marron.jpg\",\"contentUrl\":\"https:\\\/\\\/fandeli.com\\\/fandeli-automotriz\\\/wp-content\\\/uploads\\\/2024\\\/11\\\/fibra-marron.jpg\",\"width\":800,\"height\":800},{\"@type\":\"BreadcrumbList\",\"@id\":\"https:\\\/\\\/fandeli.com\\\/fandeli-automotriz\\\/producto\\\/almohadilla-marron\\\/#breadcrumb\",\"itemListElement\":[{\"@type\":\"ListItem\",\"position\":1,\"name\":\"Portada\",\"item\":\"https:\\\/\\\/fandeli.com\\\/fandeli-automotriz\\\/\"},{\"@type\":\"ListItem\",\"position\":2,\"name\":\"Tienda\",\"item\":\"https:\\\/\\\/fandeli.com\\\/fandeli-automotriz\\\/?page_id=13\"},{\"@type\":\"ListItem\",\"position\":3,\"name\":\"Almohadilla marr\u00f3n\"}]},{\"@type\":\"WebSite\",\"@id\":\"https:\\\/\\\/fandeli.com\\\/fandeli-automotriz\\\/#website\",\"url\":\"https:\\\/\\\/fandeli.com\\\/fandeli-automotriz\\\/\",\"name\":\"FANDELI M\u00e9xico\",\"description\":\"FANDELI M\u00e9xico\",\"publisher\":{\"@id\":\"https:\\\/\\\/fandeli.com\\\/fandeli-automotriz\\\/#organization\"},\"potentialAction\":[{\"@type\":\"SearchAction\",\"target\":{\"@type\":\"EntryPoint\",\"urlTemplate\":\"https:\\\/\\\/fandeli.com\\\/fandeli-automotriz\\\/?s={search_term_string}\"},\"query-input\":{\"@type\":\"PropertyValueSpecification\",\"valueRequired\":true,\"valueName\":\"search_term_string\"}}],\"inLanguage\":\"es\"},{\"@type\":\"Organization\",\"@id\":\"https:\\\/\\\/fandeli.com\\\/fandeli-automotriz\\\/#organization\",\"name\":\"FANDELI M\u00e9xico\",\"url\":\"https:\\\/\\\/fandeli.com\\\/fandeli-automotriz\\\/\",\"logo\":{\"@type\":\"ImageObject\",\"inLanguage\":\"es\",\"@id\":\"https:\\\/\\\/fandeli.com\\\/fandeli-automotriz\\\/#\\\/schema\\\/logo\\\/image\\\/\",\"url\":\"http:\\\/\\\/abrasivosrevestidos.com\\\/wp-content\\\/uploads\\\/2024\\\/11\\\/logo-fandeli.svg\",\"contentUrl\":\"http:\\\/\\\/abrasivosrevestidos.com\\\/wp-content\\\/uploads\\\/2024\\\/11\\\/logo-fandeli.svg\",\"width\":267,\"height\":65,\"caption\":\"FANDELI M\u00e9xico\"},\"image\":{\"@id\":\"https:\\\/\\\/fandeli.com\\\/fandeli-automotriz\\\/#\\\/schema\\\/logo\\\/image\\\/\"},\"sameAs\":[\"https:\\\/\\\/www.facebook.com\\\/FandeliMexico\",\"https:\\\/\\\/x.com\\\/fandelimexico\",\"https:\\\/\\\/www.instagram.com\\\/fandeli.mx\\\/\",\"https:\\\/\\\/www.tiktok.com\\\/@fandeli_mx\",\"https:\\\/\\\/www.youtube.com\\\/channel\\\/UCODX8hPCf8g6bu9Ho7Q7RsQ\",\"https:\\\/\\\/www.linkedin.com\\\/company\\\/fandeli\"]}]}<\/script>\n<!-- \/ Yoast SEO plugin. -->","yoast_head_json":{"title":"Almohadilla marr\u00f3n - FANDELI M\u00e9xico","robots":{"index":"index","follow":"follow","max-snippet":"max-snippet:-1","max-image-preview":"max-image-preview:large","max-video-preview":"max-video-preview:-1"},"canonical":"https:\/\/fandeli.com\/fandeli-automotriz\/producto\/almohadilla-marron\/","og_locale":"es_MX","og_type":"article","og_title":"Almohadilla marr\u00f3n - FANDELI M\u00e9xico","og_description":"Aplicaciones   Ideal para el trabajo en maderas en blanco y con selladores, molduras, piezas irregulares y talladas. Excelente para el asentado de selladores y barnices en superficies planas e irregulares. Limpieza, acabado y acondicionado de metales: acero inoxidable, al carb\u00f3n, aluminio, bronce y hierro forjado. \u00d3ptimo para acabados en pinturas satinadas, brindando un excelente anclaje para la nueva capa de pintura.   Caracter\u00edsticas    Gran flexibilidad que permite la adaptaci\u00f3n del producto a la superficie sin deformar la geometr\u00eda de las piezas. Micro acabados tersos en metales. No se tapa, disipa el calor y produce patrones de tallado uniformes en las piezas. Producen ahorros significativos de tintas, selladores y barnices al cerrar los poros de las superficies, reduciendo la absorci\u00f3n. Dise\u00f1ada para ser una opci\u00f3n econ\u00f3mica de remoci\u00f3n de \u00f3xido en metales.    Aplicaciones y recomendaciones                  &nbsp;&nbsp; DESCARGA LA FICHA T\u00c9CNICA  Descarga las fotos del producto    300 dpis   150 dpis   72 dpis","og_url":"https:\/\/fandeli.com\/fandeli-automotriz\/producto\/almohadilla-marron\/","og_site_name":"FANDELI M\u00e9xico","article_publisher":"https:\/\/www.facebook.com\/FandeliMexico","article_modified_time":"2026-02-26T18:04:17+00:00","og_image":[{"width":800,"height":800,"url":"https:\/\/fandeli.com\/fandeli-automotriz\/wp-content\/uploads\/2024\/11\/fibra-marron.jpg","type":"image\/jpeg"}],"twitter_card":"summary_large_image","twitter_site":"@fandelimexico","twitter_misc":{"Tiempo de lectura":"1 minuto"},"schema":{"@context":"https:\/\/schema.org","@graph":[{"@type":"WebPage","@id":"https:\/\/fandeli.com\/fandeli-automotriz\/producto\/almohadilla-marron\/","url":"https:\/\/fandeli.com\/fandeli-automotriz\/producto\/almohadilla-marron\/","name":"Almohadilla marr\u00f3n - FANDELI M\u00e9xico","isPartOf":{"@id":"https:\/\/fandeli.com\/fandeli-automotriz\/#website"},"primaryImageOfPage":{"@id":"https:\/\/fandeli.com\/fandeli-automotriz\/producto\/almohadilla-marron\/#primaryimage"},"image":{"@id":"https:\/\/fandeli.com\/fandeli-automotriz\/producto\/almohadilla-marron\/#primaryimage"},"thumbnailUrl":"https:\/\/fandeli.com\/fandeli-automotriz\/wp-content\/uploads\/2024\/11\/fibra-marron.jpg","datePublished":"2024-11-25T20:05:41+00:00","dateModified":"2026-02-26T18:04:17+00:00","breadcrumb":{"@id":"https:\/\/fandeli.com\/fandeli-automotriz\/producto\/almohadilla-marron\/#breadcrumb"},"inLanguage":"es","potentialAction":[{"@type":"ReadAction","target":["https:\/\/fandeli.com\/fandeli-automotriz\/producto\/almohadilla-marron\/"]}]},{"@type":"ImageObject","inLanguage":"es","@id":"https:\/\/fandeli.com\/fandeli-automotriz\/producto\/almohadilla-marron\/#primaryimage","url":"https:\/\/fandeli.com\/fandeli-automotriz\/wp-content\/uploads\/2024\/11\/fibra-marron.jpg","contentUrl":"https:\/\/fandeli.com\/fandeli-automotriz\/wp-content\/uploads\/2024\/11\/fibra-marron.jpg","width":800,"height":800},{"@type":"BreadcrumbList","@id":"https:\/\/fandeli.com\/fandeli-automotriz\/producto\/almohadilla-marron\/#breadcrumb","itemListElement":[{"@type":"ListItem","position":1,"name":"Portada","item":"https:\/\/fandeli.com\/fandeli-automotriz\/"},{"@type":"ListItem","position":2,"name":"Tienda","item":"https:\/\/fandeli.com\/fandeli-automotriz\/?page_id=13"},{"@type":"ListItem","position":3,"name":"Almohadilla marr\u00f3n"}]},{"@type":"WebSite","@id":"https:\/\/fandeli.com\/fandeli-automotriz\/#website","url":"https:\/\/fandeli.com\/fandeli-automotriz\/","name":"FANDELI M\u00e9xico","description":"FANDELI M\u00e9xico","publisher":{"@id":"https:\/\/fandeli.com\/fandeli-automotriz\/#organization"},"potentialAction":[{"@type":"SearchAction","target":{"@type":"EntryPoint","urlTemplate":"https:\/\/fandeli.com\/fandeli-automotriz\/?s={search_term_string}"},"query-input":{"@type":"PropertyValueSpecification","valueRequired":true,"valueName":"search_term_string"}}],"inLanguage":"es"},{"@type":"Organization","@id":"https:\/\/fandeli.com\/fandeli-automotriz\/#organization","name":"FANDELI M\u00e9xico","url":"https:\/\/fandeli.com\/fandeli-automotriz\/","logo":{"@type":"ImageObject","inLanguage":"es","@id":"https:\/\/fandeli.com\/fandeli-automotriz\/#\/schema\/logo\/image\/","url":"http:\/\/abrasivosrevestidos.com\/wp-content\/uploads\/2024\/11\/logo-fandeli.svg","contentUrl":"http:\/\/abrasivosrevestidos.com\/wp-content\/uploads\/2024\/11\/logo-fandeli.svg","width":267,"height":65,"caption":"FANDELI M\u00e9xico"},"image":{"@id":"https:\/\/fandeli.com\/fandeli-automotriz\/#\/schema\/logo\/image\/"},"sameAs":["https:\/\/www.facebook.com\/FandeliMexico","https:\/\/x.com\/fandelimexico","https:\/\/www.instagram.com\/fandeli.mx\/","https:\/\/www.tiktok.com\/@fandeli_mx","https:\/\/www.youtube.com\/channel\/UCODX8hPCf8g6bu9Ho7Q7RsQ","https:\/\/www.linkedin.com\/company\/fandeli"]}]}},"jetpack_sharing_enabled":true,"_links":{"self":[{"href":"https:\/\/fandeli.com\/fandeli-automotriz\/wp-json\/wp\/v2\/product\/1857","targetHints":{"allow":["GET"]}}],"collection":[{"href":"https:\/\/fandeli.com\/fandeli-automotriz\/wp-json\/wp\/v2\/product"}],"about":[{"href":"https:\/\/fandeli.com\/fandeli-automotriz\/wp-json\/wp\/v2\/types\/product"}],"version-history":[{"count":2,"href":"https:\/\/fandeli.com\/fandeli-automotriz\/wp-json\/wp\/v2\/product\/1857\/revisions"}],"predecessor-version":[{"id":12556,"href":"https:\/\/fandeli.com\/fandeli-automotriz\/wp-json\/wp\/v2\/product\/1857\/revisions\/12556"}],"wp:featuredmedia":[{"embeddable":true,"href":"https:\/\/fandeli.com\/fandeli-automotriz\/wp-json\/wp\/v2\/media\/1849"}],"wp:attachment":[{"href":"https:\/\/fandeli.com\/fandeli-automotriz\/wp-json\/wp\/v2\/media?parent=1857"}],"wp:term":[{"taxonomy":"product_brand","embeddable":true,"href":"https:\/\/fandeli.com\/fandeli-automotriz\/wp-json\/wp\/v2\/product_brand?post=1857"},{"taxonomy":"product_cat","embeddable":true,"href":"https:\/\/fandeli.com\/fandeli-automotriz\/wp-json\/wp\/v2\/product_cat?post=1857"},{"taxonomy":"product_tag","embeddable":true,"href":"https:\/\/fandeli.com\/fandeli-automotriz\/wp-json\/wp\/v2\/product_tag?post=1857"}],"curies":[{"name":"wp","href":"https:\/\/api.w.org\/{rel}","templated":true}]}}