{"id":1769,"date":"2024-11-25T15:49:23","date_gmt":"2024-11-25T15:49:23","guid":{"rendered":"https:\/\/www.abrasivosrevestidos.com\/?post_type=product&#038;p=1769"},"modified":"2026-02-26T18:15:37","modified_gmt":"2026-02-26T18:15:37","slug":"discos-de-contacto-r013","status":"publish","type":"product","link":"https:\/\/fandeli.com\/fandeli-automotriz\/producto\/discos-de-contacto-r013\/","title":{"rendered":"Discos de contacto R013"},"content":{"rendered":"<table cellspacing=\"0\" cellpadding=\"0\" class=\"tabla\">\n<tr>\n<td><strong>SKU<\/strong><\/td>\n<td><strong>L\u00cdNEA | GRADOS<\/strong><\/td>\n<td><strong>DIMENSIONES<\/strong><\/td>\n<td><strong>PERFORACIONES<\/strong><\/td>\n<td><strong>PULG<\/strong><\/td>\n<td><strong>CAJA<\/strong><\/td>\n<td><strong>EMPAQUE<\/strong><\/td>\n<\/tr>\n<tr>\n<td>18069<\/td>\n<td>DISCO R013 | 036P <\/td>\n<td>0.127m TELA GRIPIT<\/td>\n<td>CIEGO<\/td>\n<td>5&quot;<\/td>\n<td>250<\/td>\n<td>50<\/td>\n<\/tr>\n<tr>\n<td>18916<\/td>\n<td>DISCO R013 | 080P <\/td>\n<td>0.127m TELA GRIPIT<\/td>\n<td>CIEGO<\/td>\n<td>5&quot;<\/td>\n<td>250<\/td>\n<td>50<\/td>\n<\/tr>\n<tr>\n<td>14048<\/td>\n<td>DISCO R013 | 036P <\/td>\n<td>0.152m TELA GRIPIT<\/td>\n<td>CIEGO<\/td>\n<td>6&quot;<\/td>\n<td>250<\/td>\n<td>50<\/td>\n<\/tr>\n<tr>\n<td>17104<\/td>\n<td>DISCO R013 | 040P <\/td>\n<td>0.152m TELA GRIPIT<\/td>\n<td>CIEGO<\/td>\n<td>6&quot;<\/td>\n<td>250<\/td>\n<td>50<\/td>\n<\/tr>\n<tr>\n<td>15742<\/td>\n<td>DISCO R013 | 050P <\/td>\n<td>0.152m TELA GRIPIT<\/td>\n<td>CIEGO<\/td>\n<td>6&quot;<\/td>\n<td>250<\/td>\n<td>50<\/td>\n<\/tr>\n<tr>\n<td>17105<\/td>\n<td>DISCO R013 | 060P <\/td>\n<td>0.152m TELA GRIPIT<\/td>\n<td>CIEGO<\/td>\n<td>6&quot;<\/td>\n<td>250<\/td>\n<td>50<\/td>\n<\/tr>\n<tr>\n<td>14049<\/td>\n<td>DISCO R013 | 080P <\/td>\n<td>0.152m TELA GRIPIT<\/td>\n<td>CIEGO<\/td>\n<td>6&quot;<\/td>\n<td>250<\/td>\n<td>50<\/td>\n<\/tr>\n<tr>\n<td>14704<\/td>\n<td>DISCO R013 | 120P <\/td>\n<td>0.152m TELA GRIPIT<\/td>\n<td>CIEGO<\/td>\n<td>6&quot;<\/td>\n<td>250<\/td>\n<td>50<\/td>\n<\/tr>\n<tr>\n<td>12756<\/td>\n<td>DISCO R013 | 036P <\/td>\n<td>0.152m TELA GRIPIT<\/td>\n<td>CIEGO<\/td>\n<td>6&quot;<\/td>\n<td>250<\/td>\n<td>50<\/td>\n<\/tr>\n<\/table>\n","protected":false},"excerpt":{"rendered":"<p><strong>Aplicaciones<\/strong><\/p>\n<ul class=\"lista\">\n<li>Ideales para operaciones de desbaste pesado donde la durabilidad del producto son cruciales.<\/li>\n<li>Lijado de pasta en la industria del repintado automotriz.<\/li>\n<li>Lijado de superficies met\u00e1licas, especialmente acero inoxidable, el acero inoxidable es propenso a perder brillo y desarrollar marcas de agua, por lo que se recomienda pulir los art\u00edculos de con frecuencia para que recuperen su brillo.<\/li>\n<li>Puede pulirse la superficie del acero inoxidable con agua, limpiadores no t\u00f3xicos, o un limpiador de acero especial.<\/li>\n<li>Pula apropiadamente, para limpiar los objetos de forma efectiva y minuciosa pero evitando la formaci\u00f3n de m\u00e1s rayas en la superficie, esto es limpiar siempre en la direcci\u00f3n de la veta del metal.<\/li>\n<\/ul>\n<p><strong>Caracter\u00edsticas<\/strong><\/p>\n<ul class=\"lista\">\n<li>R\u00e1pida acci\u00f3n de desbaste, acabados de alta calidad y larga vida \u00fatil. <\/li>\n<li>Producto resistente y lavable. <\/li>\n<li>Larga vida \u00fatil. <\/li>\n<li>Sistemas de anclaje: Gripit y PSA.<\/li>\n<li>Tama\u00f1os disponibles: 5\u201d y 6\u201d de di\u00e1metro, con y sin orificios de succi\u00f3n.<\/li>\n<\/ul>\n<p><strong>Aplicaciones y recomendaciones<\/strong><\/p>\n<p class=\"iconos\">\n<img decoding=\"async\" src=\"https:\/\/fandeli.com\/assets\/icons\/icon-lacas.svg\" class=\"icono\" \/><br \/>\n<img decoding=\"async\" src=\"https:\/\/fandeli.com\/assets\/icons\/icon-metal.svg\" class=\"icono\" \/><br \/>\n<img decoding=\"async\" src=\"https:\/\/fandeli.com\/assets\/icons\/icon-metal-noferroso.svg\" class=\"icono\" \/><br \/>\n<img decoding=\"async\" src=\"https:\/\/fandeli.com\/assets\/icons\/icon-discos-contacto-1.svg\" class=\"icono\" \/><br \/>\n<img decoding=\"async\" src=\"https:\/\/fandeli.com\/assets\/icons\/icon-discos-contacto-2.svg\" class=\"icono\" \/><br \/>\n<img decoding=\"async\" src=\"https:\/\/fandeli.com\/assets\/icons\/icon-discos-contacto-3.svg\" class=\"icono\" \/><br \/>\n<img decoding=\"async\" src=\"https:\/\/fandeli.com\/assets\/icons\/icon-discos-contacto-4.svg\" class=\"icono\" \/>\n<\/p>\n<div id=\"descarga\">\n<p class=\"lista\"><a href=\"https:\/\/fandeli.com\/assets\/fichas-tecnicas\/linea-r013.pdf\" target=\"_blank\" class=\"botones\"><i class=\"fa fa-file\"><\/i>&nbsp;&nbsp; DESCARGA LA FICHA T\u00c9CNICA<\/a><\/p>\n<\/div>\n","protected":false},"featured_media":1727,"template":"","meta":{"inline_featured_image":false,"site-sidebar-layout":"default","site-content-layout":"","ast-site-content-layout":"default","site-content-style":"default","site-sidebar-style":"default","ast-global-header-display":"","ast-banner-title-visibility":"","ast-main-header-display":"","ast-hfb-above-header-display":"","ast-hfb-below-header-display":"","ast-hfb-mobile-header-display":"","site-post-title":"","ast-breadcrumbs-content":"","ast-featured-img":"","footer-sml-layout":"","ast-disable-related-posts":"","theme-transparent-header-meta":"default","adv-header-id-meta":"","stick-header-meta":"","header-above-stick-meta":"","header-main-stick-meta":"","header-below-stick-meta":"","astra-migrate-meta-layouts":"set","ast-page-background-enabled":"default","ast-page-background-meta":{"desktop":{"background-color":"var(--ast-global-color-4)","background-image":"","background-repeat":"repeat","background-position":"center center","background-size":"auto","background-attachment":"scroll","background-type":"","background-media":"","overlay-type":"","overlay-color":"","overlay-opacity":"","overlay-gradient":""},"tablet":{"background-color":"","background-image":"","background-repeat":"repeat","background-position":"center center","background-size":"auto","background-attachment":"scroll","background-type":"","background-media":"","overlay-type":"","overlay-color":"","overlay-opacity":"","overlay-gradient":""},"mobile":{"background-color":"","background-image":"","background-repeat":"repeat","background-position":"center center","background-size":"auto","background-attachment":"scroll","background-type":"","background-media":"","overlay-type":"","overlay-color":"","overlay-opacity":"","overlay-gradient":""}},"ast-content-background-meta":{"desktop":{"background-color":"var(--ast-global-color-5)","background-image":"","background-repeat":"repeat","background-position":"center center","background-size":"auto","background-attachment":"scroll","background-type":"","background-media":"","overlay-type":"","overlay-color":"","overlay-opacity":"","overlay-gradient":""},"tablet":{"background-color":"var(--ast-global-color-5)","background-image":"","background-repeat":"repeat","background-position":"center center","background-size":"auto","background-attachment":"scroll","background-type":"","background-media":"","overlay-type":"","overlay-color":"","overlay-opacity":"","overlay-gradient":""},"mobile":{"background-color":"var(--ast-global-color-5)","background-image":"","background-repeat":"repeat","background-position":"center center","background-size":"auto","background-attachment":"scroll","background-type":"","background-media":"","overlay-type":"","overlay-color":"","overlay-opacity":"","overlay-gradient":""}}},"product_brand":[],"product_cat":[23,29,525,44,45],"product_tag":[],"class_list":{"0":"post-1769","1":"product","2":"type-product","3":"status-publish","4":"has-post-thumbnail","6":"product_cat-automotriz-es","7":"product_cat-discos-de-contacto-es","8":"product_cat-hojalateria","9":"product_cat-metal-es","10":"product_cat-metales-no-ferrosos-es","11":"desktop-align-center","12":"tablet-align-left","13":"mobile-align-center","15":"first","16":"instock","17":"shipping-taxable","18":"product-type-simple"},"yoast_head":"<!-- This site is optimized with the Yoast SEO plugin v27.3 - https:\/\/yoast.com\/product\/yoast-seo-wordpress\/ -->\n<title>Discos de contacto R013 - FANDELI M\u00e9xico<\/title>\n<meta name=\"robots\" content=\"index, follow, max-snippet:-1, max-image-preview:large, max-video-preview:-1\" \/>\n<link rel=\"canonical\" href=\"https:\/\/fandeli.com\/fandeli-automotriz\/producto\/discos-de-contacto-r013\/\" \/>\n<meta property=\"og:locale\" content=\"es_MX\" \/>\n<meta property=\"og:type\" content=\"article\" \/>\n<meta property=\"og:title\" content=\"Discos de contacto R013 - FANDELI M\u00e9xico\" \/>\n<meta property=\"og:description\" content=\"Aplicaciones   Ideales para operaciones de desbaste pesado donde la durabilidad del producto son cruciales. Lijado de pasta en la industria del repintado automotriz. Lijado de superficies met\u00e1licas, especialmente acero inoxidable, el acero inoxidable es propenso a perder brillo y desarrollar marcas de agua, por lo que se recomienda pulir los art\u00edculos de con frecuencia para que recuperen su brillo. Puede pulirse la superficie del acero inoxidable con agua, limpiadores no t\u00f3xicos, o un limpiador de acero especial. Pula apropiadamente, para limpiar los objetos de forma efectiva y minuciosa pero evitando la formaci\u00f3n de m\u00e1s rayas en la superficie, esto es limpiar siempre en la direcci\u00f3n de la veta del metal.    Caracter\u00edsticas    R\u00e1pida acci\u00f3n de desbaste, acabados de alta calidad y larga vida \u00fatil.  Producto resistente y lavable.  Larga vida \u00fatil.  Sistemas de anclaje: Gripit y PSA. Tama\u00f1os disponibles: 5\u201d y 6\u201d de di\u00e1metro, con y sin orificios de succi\u00f3n.      Aplicaciones y recomendaciones                       &nbsp;&nbsp; DESCARGA LA FICHA T\u00c9CNICA\" \/>\n<meta property=\"og:url\" content=\"https:\/\/fandeli.com\/fandeli-automotriz\/producto\/discos-de-contacto-r013\/\" \/>\n<meta property=\"og:site_name\" content=\"FANDELI M\u00e9xico\" \/>\n<meta property=\"article:publisher\" content=\"https:\/\/www.facebook.com\/FandeliMexico\" \/>\n<meta property=\"article:modified_time\" content=\"2026-02-26T18:15:37+00:00\" \/>\n<meta property=\"og:image\" content=\"https:\/\/fandeli.com\/fandeli-automotriz\/wp-content\/uploads\/2024\/11\/discos-contacto-R013.jpg\" \/>\n\t<meta property=\"og:image:width\" content=\"800\" \/>\n\t<meta property=\"og:image:height\" content=\"800\" \/>\n\t<meta property=\"og:image:type\" content=\"image\/jpeg\" \/>\n<meta name=\"twitter:card\" content=\"summary_large_image\" \/>\n<meta name=\"twitter:site\" content=\"@fandelimexico\" \/>\n<meta name=\"twitter:label1\" content=\"Tiempo de lectura\" \/>\n\t<meta name=\"twitter:data1\" content=\"1 minuto\" \/>\n<script type=\"application\/ld+json\" class=\"yoast-schema-graph\">{\"@context\":\"https:\\\/\\\/schema.org\",\"@graph\":[{\"@type\":\"WebPage\",\"@id\":\"https:\\\/\\\/fandeli.com\\\/fandeli-automotriz\\\/producto\\\/discos-de-contacto-r013\\\/\",\"url\":\"https:\\\/\\\/fandeli.com\\\/fandeli-automotriz\\\/producto\\\/discos-de-contacto-r013\\\/\",\"name\":\"Discos de contacto R013 - FANDELI M\u00e9xico\",\"isPartOf\":{\"@id\":\"https:\\\/\\\/fandeli.com\\\/fandeli-automotriz\\\/#website\"},\"primaryImageOfPage\":{\"@id\":\"https:\\\/\\\/fandeli.com\\\/fandeli-automotriz\\\/producto\\\/discos-de-contacto-r013\\\/#primaryimage\"},\"image\":{\"@id\":\"https:\\\/\\\/fandeli.com\\\/fandeli-automotriz\\\/producto\\\/discos-de-contacto-r013\\\/#primaryimage\"},\"thumbnailUrl\":\"https:\\\/\\\/fandeli.com\\\/fandeli-automotriz\\\/wp-content\\\/uploads\\\/2024\\\/11\\\/discos-contacto-R013.jpg\",\"datePublished\":\"2024-11-25T15:49:23+00:00\",\"dateModified\":\"2026-02-26T18:15:37+00:00\",\"breadcrumb\":{\"@id\":\"https:\\\/\\\/fandeli.com\\\/fandeli-automotriz\\\/producto\\\/discos-de-contacto-r013\\\/#breadcrumb\"},\"inLanguage\":\"es\",\"potentialAction\":[{\"@type\":\"ReadAction\",\"target\":[\"https:\\\/\\\/fandeli.com\\\/fandeli-automotriz\\\/producto\\\/discos-de-contacto-r013\\\/\"]}]},{\"@type\":\"ImageObject\",\"inLanguage\":\"es\",\"@id\":\"https:\\\/\\\/fandeli.com\\\/fandeli-automotriz\\\/producto\\\/discos-de-contacto-r013\\\/#primaryimage\",\"url\":\"https:\\\/\\\/fandeli.com\\\/fandeli-automotriz\\\/wp-content\\\/uploads\\\/2024\\\/11\\\/discos-contacto-R013.jpg\",\"contentUrl\":\"https:\\\/\\\/fandeli.com\\\/fandeli-automotriz\\\/wp-content\\\/uploads\\\/2024\\\/11\\\/discos-contacto-R013.jpg\",\"width\":800,\"height\":800},{\"@type\":\"BreadcrumbList\",\"@id\":\"https:\\\/\\\/fandeli.com\\\/fandeli-automotriz\\\/producto\\\/discos-de-contacto-r013\\\/#breadcrumb\",\"itemListElement\":[{\"@type\":\"ListItem\",\"position\":1,\"name\":\"Portada\",\"item\":\"https:\\\/\\\/fandeli.com\\\/fandeli-automotriz\\\/\"},{\"@type\":\"ListItem\",\"position\":2,\"name\":\"Tienda\",\"item\":\"https:\\\/\\\/fandeli.com\\\/fandeli-automotriz\\\/?page_id=13\"},{\"@type\":\"ListItem\",\"position\":3,\"name\":\"Discos de contacto R013\"}]},{\"@type\":\"WebSite\",\"@id\":\"https:\\\/\\\/fandeli.com\\\/fandeli-automotriz\\\/#website\",\"url\":\"https:\\\/\\\/fandeli.com\\\/fandeli-automotriz\\\/\",\"name\":\"FANDELI M\u00e9xico\",\"description\":\"FANDELI M\u00e9xico\",\"publisher\":{\"@id\":\"https:\\\/\\\/fandeli.com\\\/fandeli-automotriz\\\/#organization\"},\"potentialAction\":[{\"@type\":\"SearchAction\",\"target\":{\"@type\":\"EntryPoint\",\"urlTemplate\":\"https:\\\/\\\/fandeli.com\\\/fandeli-automotriz\\\/?s={search_term_string}\"},\"query-input\":{\"@type\":\"PropertyValueSpecification\",\"valueRequired\":true,\"valueName\":\"search_term_string\"}}],\"inLanguage\":\"es\"},{\"@type\":\"Organization\",\"@id\":\"https:\\\/\\\/fandeli.com\\\/fandeli-automotriz\\\/#organization\",\"name\":\"FANDELI M\u00e9xico\",\"url\":\"https:\\\/\\\/fandeli.com\\\/fandeli-automotriz\\\/\",\"logo\":{\"@type\":\"ImageObject\",\"inLanguage\":\"es\",\"@id\":\"https:\\\/\\\/fandeli.com\\\/fandeli-automotriz\\\/#\\\/schema\\\/logo\\\/image\\\/\",\"url\":\"http:\\\/\\\/abrasivosrevestidos.com\\\/wp-content\\\/uploads\\\/2024\\\/11\\\/logo-fandeli.svg\",\"contentUrl\":\"http:\\\/\\\/abrasivosrevestidos.com\\\/wp-content\\\/uploads\\\/2024\\\/11\\\/logo-fandeli.svg\",\"width\":267,\"height\":65,\"caption\":\"FANDELI M\u00e9xico\"},\"image\":{\"@id\":\"https:\\\/\\\/fandeli.com\\\/fandeli-automotriz\\\/#\\\/schema\\\/logo\\\/image\\\/\"},\"sameAs\":[\"https:\\\/\\\/www.facebook.com\\\/FandeliMexico\",\"https:\\\/\\\/x.com\\\/fandelimexico\",\"https:\\\/\\\/www.instagram.com\\\/fandeli.mx\\\/\",\"https:\\\/\\\/www.tiktok.com\\\/@fandeli_mx\",\"https:\\\/\\\/www.youtube.com\\\/channel\\\/UCODX8hPCf8g6bu9Ho7Q7RsQ\",\"https:\\\/\\\/www.linkedin.com\\\/company\\\/fandeli\"]}]}<\/script>\n<!-- \/ Yoast SEO plugin. -->","yoast_head_json":{"title":"Discos de contacto R013 - FANDELI M\u00e9xico","robots":{"index":"index","follow":"follow","max-snippet":"max-snippet:-1","max-image-preview":"max-image-preview:large","max-video-preview":"max-video-preview:-1"},"canonical":"https:\/\/fandeli.com\/fandeli-automotriz\/producto\/discos-de-contacto-r013\/","og_locale":"es_MX","og_type":"article","og_title":"Discos de contacto R013 - FANDELI M\u00e9xico","og_description":"Aplicaciones   Ideales para operaciones de desbaste pesado donde la durabilidad del producto son cruciales. Lijado de pasta en la industria del repintado automotriz. Lijado de superficies met\u00e1licas, especialmente acero inoxidable, el acero inoxidable es propenso a perder brillo y desarrollar marcas de agua, por lo que se recomienda pulir los art\u00edculos de con frecuencia para que recuperen su brillo. Puede pulirse la superficie del acero inoxidable con agua, limpiadores no t\u00f3xicos, o un limpiador de acero especial. Pula apropiadamente, para limpiar los objetos de forma efectiva y minuciosa pero evitando la formaci\u00f3n de m\u00e1s rayas en la superficie, esto es limpiar siempre en la direcci\u00f3n de la veta del metal.    Caracter\u00edsticas    R\u00e1pida acci\u00f3n de desbaste, acabados de alta calidad y larga vida \u00fatil.  Producto resistente y lavable.  Larga vida \u00fatil.  Sistemas de anclaje: Gripit y PSA. Tama\u00f1os disponibles: 5\u201d y 6\u201d de di\u00e1metro, con y sin orificios de succi\u00f3n.      Aplicaciones y recomendaciones                       &nbsp;&nbsp; DESCARGA LA FICHA T\u00c9CNICA","og_url":"https:\/\/fandeli.com\/fandeli-automotriz\/producto\/discos-de-contacto-r013\/","og_site_name":"FANDELI M\u00e9xico","article_publisher":"https:\/\/www.facebook.com\/FandeliMexico","article_modified_time":"2026-02-26T18:15:37+00:00","og_image":[{"width":800,"height":800,"url":"https:\/\/fandeli.com\/fandeli-automotriz\/wp-content\/uploads\/2024\/11\/discos-contacto-R013.jpg","type":"image\/jpeg"}],"twitter_card":"summary_large_image","twitter_site":"@fandelimexico","twitter_misc":{"Tiempo de lectura":"1 minuto"},"schema":{"@context":"https:\/\/schema.org","@graph":[{"@type":"WebPage","@id":"https:\/\/fandeli.com\/fandeli-automotriz\/producto\/discos-de-contacto-r013\/","url":"https:\/\/fandeli.com\/fandeli-automotriz\/producto\/discos-de-contacto-r013\/","name":"Discos de contacto R013 - FANDELI M\u00e9xico","isPartOf":{"@id":"https:\/\/fandeli.com\/fandeli-automotriz\/#website"},"primaryImageOfPage":{"@id":"https:\/\/fandeli.com\/fandeli-automotriz\/producto\/discos-de-contacto-r013\/#primaryimage"},"image":{"@id":"https:\/\/fandeli.com\/fandeli-automotriz\/producto\/discos-de-contacto-r013\/#primaryimage"},"thumbnailUrl":"https:\/\/fandeli.com\/fandeli-automotriz\/wp-content\/uploads\/2024\/11\/discos-contacto-R013.jpg","datePublished":"2024-11-25T15:49:23+00:00","dateModified":"2026-02-26T18:15:37+00:00","breadcrumb":{"@id":"https:\/\/fandeli.com\/fandeli-automotriz\/producto\/discos-de-contacto-r013\/#breadcrumb"},"inLanguage":"es","potentialAction":[{"@type":"ReadAction","target":["https:\/\/fandeli.com\/fandeli-automotriz\/producto\/discos-de-contacto-r013\/"]}]},{"@type":"ImageObject","inLanguage":"es","@id":"https:\/\/fandeli.com\/fandeli-automotriz\/producto\/discos-de-contacto-r013\/#primaryimage","url":"https:\/\/fandeli.com\/fandeli-automotriz\/wp-content\/uploads\/2024\/11\/discos-contacto-R013.jpg","contentUrl":"https:\/\/fandeli.com\/fandeli-automotriz\/wp-content\/uploads\/2024\/11\/discos-contacto-R013.jpg","width":800,"height":800},{"@type":"BreadcrumbList","@id":"https:\/\/fandeli.com\/fandeli-automotriz\/producto\/discos-de-contacto-r013\/#breadcrumb","itemListElement":[{"@type":"ListItem","position":1,"name":"Portada","item":"https:\/\/fandeli.com\/fandeli-automotriz\/"},{"@type":"ListItem","position":2,"name":"Tienda","item":"https:\/\/fandeli.com\/fandeli-automotriz\/?page_id=13"},{"@type":"ListItem","position":3,"name":"Discos de contacto R013"}]},{"@type":"WebSite","@id":"https:\/\/fandeli.com\/fandeli-automotriz\/#website","url":"https:\/\/fandeli.com\/fandeli-automotriz\/","name":"FANDELI M\u00e9xico","description":"FANDELI M\u00e9xico","publisher":{"@id":"https:\/\/fandeli.com\/fandeli-automotriz\/#organization"},"potentialAction":[{"@type":"SearchAction","target":{"@type":"EntryPoint","urlTemplate":"https:\/\/fandeli.com\/fandeli-automotriz\/?s={search_term_string}"},"query-input":{"@type":"PropertyValueSpecification","valueRequired":true,"valueName":"search_term_string"}}],"inLanguage":"es"},{"@type":"Organization","@id":"https:\/\/fandeli.com\/fandeli-automotriz\/#organization","name":"FANDELI M\u00e9xico","url":"https:\/\/fandeli.com\/fandeli-automotriz\/","logo":{"@type":"ImageObject","inLanguage":"es","@id":"https:\/\/fandeli.com\/fandeli-automotriz\/#\/schema\/logo\/image\/","url":"http:\/\/abrasivosrevestidos.com\/wp-content\/uploads\/2024\/11\/logo-fandeli.svg","contentUrl":"http:\/\/abrasivosrevestidos.com\/wp-content\/uploads\/2024\/11\/logo-fandeli.svg","width":267,"height":65,"caption":"FANDELI M\u00e9xico"},"image":{"@id":"https:\/\/fandeli.com\/fandeli-automotriz\/#\/schema\/logo\/image\/"},"sameAs":["https:\/\/www.facebook.com\/FandeliMexico","https:\/\/x.com\/fandelimexico","https:\/\/www.instagram.com\/fandeli.mx\/","https:\/\/www.tiktok.com\/@fandeli_mx","https:\/\/www.youtube.com\/channel\/UCODX8hPCf8g6bu9Ho7Q7RsQ","https:\/\/www.linkedin.com\/company\/fandeli"]}]}},"jetpack_sharing_enabled":true,"_links":{"self":[{"href":"https:\/\/fandeli.com\/fandeli-automotriz\/wp-json\/wp\/v2\/product\/1769","targetHints":{"allow":["GET"]}}],"collection":[{"href":"https:\/\/fandeli.com\/fandeli-automotriz\/wp-json\/wp\/v2\/product"}],"about":[{"href":"https:\/\/fandeli.com\/fandeli-automotriz\/wp-json\/wp\/v2\/types\/product"}],"version-history":[{"count":1,"href":"https:\/\/fandeli.com\/fandeli-automotriz\/wp-json\/wp\/v2\/product\/1769\/revisions"}],"predecessor-version":[{"id":12591,"href":"https:\/\/fandeli.com\/fandeli-automotriz\/wp-json\/wp\/v2\/product\/1769\/revisions\/12591"}],"wp:featuredmedia":[{"embeddable":true,"href":"https:\/\/fandeli.com\/fandeli-automotriz\/wp-json\/wp\/v2\/media\/1727"}],"wp:attachment":[{"href":"https:\/\/fandeli.com\/fandeli-automotriz\/wp-json\/wp\/v2\/media?parent=1769"}],"wp:term":[{"taxonomy":"product_brand","embeddable":true,"href":"https:\/\/fandeli.com\/fandeli-automotriz\/wp-json\/wp\/v2\/product_brand?post=1769"},{"taxonomy":"product_cat","embeddable":true,"href":"https:\/\/fandeli.com\/fandeli-automotriz\/wp-json\/wp\/v2\/product_cat?post=1769"},{"taxonomy":"product_tag","embeddable":true,"href":"https:\/\/fandeli.com\/fandeli-automotriz\/wp-json\/wp\/v2\/product_tag?post=1769"}],"curies":[{"name":"wp","href":"https:\/\/api.w.org\/{rel}","templated":true}]}}