{"id":1763,"date":"2024-11-25T15:31:14","date_gmt":"2024-11-25T15:31:14","guid":{"rendered":"https:\/\/www.abrasivosrevestidos.com\/?post_type=product&#038;p=1763"},"modified":"2026-02-26T18:25:49","modified_gmt":"2026-02-26T18:25:49","slug":"discos-de-contacto-lc81","status":"publish","type":"product","link":"https:\/\/fandeli.com\/fandeli-automotriz\/producto\/discos-de-contacto-lc81\/","title":{"rendered":"Discos de contacto LC81"},"content":{"rendered":"<table cellspacing=\"0\" cellpadding=\"0\" class=\"tabla\">\n<tr>\n<td><strong>SKU<\/strong><\/td>\n<td><strong>L\u00cdNEA | GRADOS<\/strong><\/td>\n<td><strong>DIMENSIONES<\/strong><\/td>\n<td><strong>PERFORACIONES<\/strong><\/td>\n<td><strong>PULG<\/strong><\/td>\n<td><strong>CAJA<\/strong><\/td>\n<td><strong>EMPAQUE<\/strong><\/td>\n<\/tr>\n<tr>\n<td>79238<\/td>\n<td>DISCO FANDELI LC81 | 080\u00a0<\/td>\n<td>0.127m MALLA GRIPIT<\/td>\n<td>CIEGOS<\/td>\n<td>5&quot;<\/td>\n<td>1000<\/td>\n<td>100<\/td>\n<\/tr>\n<tr>\n<td>79239<\/td>\n<td>DISCO FANDELI LC81 | 100\u00a0<\/td>\n<td>0.127m MALLA GRIPIT<\/td>\n<td>CIEGOS<\/td>\n<td>5&quot;<\/td>\n<td>1000<\/td>\n<td>100<\/td>\n<\/tr>\n<tr>\n<td>79240<\/td>\n<td>DISCO FANDELI LC81 | 120\u00a0<\/td>\n<td>0.127m MALLA GRIPIT<\/td>\n<td>CIEGOS<\/td>\n<td>5&quot;<\/td>\n<td>1000<\/td>\n<td>100<\/td>\n<\/tr>\n<tr>\n<td>79241<\/td>\n<td>DISCO FANDELI LC81 | 180\u00a0<\/td>\n<td>0.127m MALLA GRIPIT<\/td>\n<td>CIEGOS<\/td>\n<td>5&quot;<\/td>\n<td>1000<\/td>\n<td>100<\/td>\n<\/tr>\n<tr>\n<td>79242<\/td>\n<td>DISCO FANDELI LC81 | 220\u00a0<\/td>\n<td>0.127m MALLA GRIPIT<\/td>\n<td>CIEGOS<\/td>\n<td>5&quot;<\/td>\n<td>1000<\/td>\n<td>100<\/td>\n<\/tr>\n<tr>\n<td>79243<\/td>\n<td>DISCO FANDELI LC81 | 240\u00a0<\/td>\n<td>0.127m MALLA GRIPIT<\/td>\n<td>CIEGOS<\/td>\n<td>5&quot;<\/td>\n<td>1000<\/td>\n<td>100<\/td>\n<\/tr>\n<tr>\n<td>79244<\/td>\n<td>DISCO FANDELI LC81 | 320\u00a0<\/td>\n<td>0.127m MALLA GRIPIT<\/td>\n<td>CIEGOS<\/td>\n<td>5&quot;<\/td>\n<td>1000<\/td>\n<td>100<\/td>\n<\/tr>\n<tr>\n<td>79245<\/td>\n<td>DISCO FANDELI LC81 | 400\u00a0<\/td>\n<td>0.127m MALLA GRIPIT<\/td>\n<td>CIEGOS<\/td>\n<td>5&quot;<\/td>\n<td>1000<\/td>\n<td>100<\/td>\n<\/tr>\n<tr>\n<td>79246<\/td>\n<td>DISCO FANDELI LC81 | 600\u00a0<\/td>\n<td>0.127m MALLA GRIPIT<\/td>\n<td>CIEGOS<\/td>\n<td>5&quot;<\/td>\n<td>1000<\/td>\n<td>100<\/td>\n<\/tr>\n<tr>\n<td>77000<\/td>\n<td>DISCO FANDELI LC81 | 080\u00a0<\/td>\n<td>0.152m MALLA GRIPIT<\/td>\n<td>CIEGOS<\/td>\n<td>6&quot;<\/td>\n<td>1000<\/td>\n<td>100<\/td>\n<\/tr>\n<tr>\n<td>77001<\/td>\n<td>DISCO FANDELI LC81 | 100\u00a0<\/td>\n<td>0.152m MALLA GRIPIT<\/td>\n<td>CIEGOS<\/td>\n<td>6&quot;<\/td>\n<td>1000<\/td>\n<td>100<\/td>\n<\/tr>\n<tr>\n<td>77002<\/td>\n<td>DISCO FANDELI LC81 | 120\u00a0<\/td>\n<td>0.152m MALLA GRIPIT<\/td>\n<td>CIEGOS<\/td>\n<td>6&quot;<\/td>\n<td>1000<\/td>\n<td>100<\/td>\n<\/tr>\n<tr>\n<td>77003<\/td>\n<td>DISCO FANDELI LC81 | 180\u00a0<\/td>\n<td>0.152m MALLA GRIPIT<\/td>\n<td>CIEGOS<\/td>\n<td>6&quot;<\/td>\n<td>1000<\/td>\n<td>100<\/td>\n<\/tr>\n<tr>\n<td>77004<\/td>\n<td>DISCO FANDELI LC81 | 220\u00a0<\/td>\n<td>0.152m MALLA GRIPIT<\/td>\n<td>CIEGOS<\/td>\n<td>6&quot;<\/td>\n<td>1000<\/td>\n<td>100<\/td>\n<\/tr>\n<tr>\n<td>77005<\/td>\n<td>DISCO FANDELI LC81 | 240\u00a0<\/td>\n<td>0.152m MALLA GRIPIT<\/td>\n<td>CIEGOS<\/td>\n<td>6&quot;<\/td>\n<td>1000<\/td>\n<td>100<\/td>\n<\/tr>\n<tr>\n<td>77006<\/td>\n<td>DISCO FANDELI LC81 | 320\u00a0<\/td>\n<td>0.152m MALLA GRIPIT<\/td>\n<td>CIEGOS<\/td>\n<td>6&quot;<\/td>\n<td>1000<\/td>\n<td>100<\/td>\n<\/tr>\n<tr>\n<td>77007<\/td>\n<td>DISCO FANDELI LC81 | 400\u00a0<\/td>\n<td>0.152m MALLA GRIPIT<\/td>\n<td>CIEGOS<\/td>\n<td>6&quot;<\/td>\n<td>1000<\/td>\n<td>100<\/td>\n<\/tr>\n<tr>\n<td>77008<\/td>\n<td>DISCO FANDELI LC81 | 600\u00a0<\/td>\n<td>0.152m MALLA GRIPIT<\/td>\n<td>CIEGOS<\/td>\n<td>6&quot;<\/td>\n<td>1000<\/td>\n<td>100<\/td>\n<\/tr>\n<\/table>\n","protected":false},"excerpt":{"rendered":"<p><strong>Aplicaciones<\/strong><\/p>\n<ul class=\"lista\">\n<li>Disco con dorso de malla de nylon con anclaje Gripit y recubierto cerrado.<\/li>\n<li>Dise\u00f1ado para el lijado de materiales que por su alta generaci\u00f3n de polvo, requieren de un sistema de recubierto de mayor drenado.<\/li>\n<\/ul>\n<p><strong>Caracter\u00edsticas<\/strong><\/p>\n<ul class=\"lista\">\n<li>Alta resistencia. <\/li>\n<li>Larga vida \u00fatil. <\/li>\n<li>Sistemas de anclaje: Gripit.<\/li>\n<li>Tama\u00f1os disponibles: 6\u201d de di\u00e1metro, sin orificios de succi\u00f3n.<\/li>\n<\/ul>\n<p><strong>Aplicaciones y recomendaciones<\/strong><\/p>\n<p class=\"iconos\">\n<img decoding=\"async\" src=\"https:\/\/fandeli.com\/assets\/icons\/icon-lacas.svg\" class=\"icono\" \/><br \/>\n<img decoding=\"async\" src=\"https:\/\/fandeli.com\/assets\/icons\/icon-fibra-vidrio.svg\" class=\"icono\" \/><br \/>\n<img decoding=\"async\" src=\"https:\/\/fandeli.com\/assets\/icons\/icon-madera.svg\" class=\"icono\" \/><br \/>\n<img decoding=\"async\" src=\"https:\/\/fandeli.com\/assets\/icons\/icon-plastico.svg\" class=\"icono\" \/><br \/>\n<img decoding=\"async\" src=\"https:\/\/fandeli.com\/assets\/icons\/icon-discos-contacto-1.svg\" class=\"icono\" \/><br \/>\n<img decoding=\"async\" src=\"https:\/\/fandeli.com\/assets\/icons\/icon-discos-contacto-2.svg\" class=\"icono\" \/><br \/>\n<img decoding=\"async\" src=\"https:\/\/fandeli.com\/assets\/icons\/icon-discos-contacto-3.svg\" class=\"icono\" \/><br \/>\n<img decoding=\"async\" src=\"https:\/\/fandeli.com\/assets\/icons\/icon-discos-contacto-4.svg\" class=\"icono\" \/>\n<\/p>\n<div id=\"descarga\">\n<p class=\"lista\"><a href=\"\/assets\/fichas-tecnicas\/linea-lc81.pdf\" target=\"_blank\" class=\"botones\"><i class=\"fa fa-file\"><\/i>&nbsp;&nbsp; DESCARGA LA FICHA T\u00c9CNICA<\/a><\/p>\n<\/div>\n","protected":false},"featured_media":1724,"template":"","meta":{"inline_featured_image":false,"site-sidebar-layout":"default","site-content-layout":"","ast-site-content-layout":"default","site-content-style":"default","site-sidebar-style":"default","ast-global-header-display":"","ast-banner-title-visibility":"","ast-main-header-display":"","ast-hfb-above-header-display":"","ast-hfb-below-header-display":"","ast-hfb-mobile-header-display":"","site-post-title":"","ast-breadcrumbs-content":"","ast-featured-img":"","footer-sml-layout":"","ast-disable-related-posts":"","theme-transparent-header-meta":"default","adv-header-id-meta":"","stick-header-meta":"","header-above-stick-meta":"","header-main-stick-meta":"","header-below-stick-meta":"","astra-migrate-meta-layouts":"set","ast-page-background-enabled":"default","ast-page-background-meta":{"desktop":{"background-color":"var(--ast-global-color-4)","background-image":"","background-repeat":"repeat","background-position":"center center","background-size":"auto","background-attachment":"scroll","background-type":"","background-media":"","overlay-type":"","overlay-color":"","overlay-opacity":"","overlay-gradient":""},"tablet":{"background-color":"","background-image":"","background-repeat":"repeat","background-position":"center center","background-size":"auto","background-attachment":"scroll","background-type":"","background-media":"","overlay-type":"","overlay-color":"","overlay-opacity":"","overlay-gradient":""},"mobile":{"background-color":"","background-image":"","background-repeat":"repeat","background-position":"center center","background-size":"auto","background-attachment":"scroll","background-type":"","background-media":"","overlay-type":"","overlay-color":"","overlay-opacity":"","overlay-gradient":""}},"ast-content-background-meta":{"desktop":{"background-color":"var(--ast-global-color-5)","background-image":"","background-repeat":"repeat","background-position":"center center","background-size":"auto","background-attachment":"scroll","background-type":"","background-media":"","overlay-type":"","overlay-color":"","overlay-opacity":"","overlay-gradient":""},"tablet":{"background-color":"var(--ast-global-color-5)","background-image":"","background-repeat":"repeat","background-position":"center center","background-size":"auto","background-attachment":"scroll","background-type":"","background-media":"","overlay-type":"","overlay-color":"","overlay-opacity":"","overlay-gradient":""},"mobile":{"background-color":"var(--ast-global-color-5)","background-image":"","background-repeat":"repeat","background-position":"center center","background-size":"auto","background-attachment":"scroll","background-type":"","background-media":"","overlay-type":"","overlay-color":"","overlay-opacity":"","overlay-gradient":""}}},"product_brand":[],"product_cat":[23,29,287,27,24,44,43,529],"product_tag":[],"class_list":{"0":"post-1763","1":"product","2":"type-product","3":"status-publish","4":"has-post-thumbnail","6":"product_cat-automotriz-es","7":"product_cat-discos-de-contacto-es","8":"product_cat-fibra-de-vidrio","9":"product_cat-lacas-y-pintura","10":"product_cat-mantenimiento-es","11":"product_cat-metal-es","12":"product_cat-plastico-es","13":"product_cat-preparacion-de-superficies","14":"desktop-align-center","15":"tablet-align-left","16":"mobile-align-center","18":"first","19":"instock","20":"shipping-taxable","21":"product-type-simple"},"yoast_head":"<!-- This site is optimized with the Yoast SEO plugin v27.3 - https:\/\/yoast.com\/product\/yoast-seo-wordpress\/ -->\n<title>Discos de contacto LC81 - FANDELI M\u00e9xico<\/title>\n<meta name=\"robots\" content=\"index, follow, max-snippet:-1, max-image-preview:large, max-video-preview:-1\" \/>\n<link rel=\"canonical\" href=\"https:\/\/fandeli.com\/fandeli-automotriz\/producto\/discos-de-contacto-lc81\/\" \/>\n<meta property=\"og:locale\" content=\"es_MX\" \/>\n<meta property=\"og:type\" content=\"article\" \/>\n<meta property=\"og:title\" content=\"Discos de contacto LC81 - FANDELI M\u00e9xico\" \/>\n<meta property=\"og:description\" content=\"Aplicaciones   Disco con dorso de malla de nylon con anclaje Gripit y recubierto cerrado.  Dise\u00f1ado para el lijado de materiales que por su alta generaci\u00f3n de polvo, requieren de un sistema de recubierto de mayor drenado.    Caracter\u00edsticas    Alta resistencia.  Larga vida \u00fatil.  Sistemas de anclaje: Gripit. Tama\u00f1os disponibles: 6\u201d de di\u00e1metro, sin orificios de succi\u00f3n.      Aplicaciones y recomendaciones                         &nbsp;&nbsp; DESCARGA LA FICHA T\u00c9CNICA\" \/>\n<meta property=\"og:url\" content=\"https:\/\/fandeli.com\/fandeli-automotriz\/producto\/discos-de-contacto-lc81\/\" \/>\n<meta property=\"og:site_name\" content=\"FANDELI M\u00e9xico\" \/>\n<meta property=\"article:publisher\" content=\"https:\/\/www.facebook.com\/FandeliMexico\" \/>\n<meta property=\"article:modified_time\" content=\"2026-02-26T18:25:49+00:00\" \/>\n<meta property=\"og:image\" content=\"https:\/\/fandeli.com\/fandeli-automotriz\/wp-content\/uploads\/2024\/11\/discos-contacto-LC81.jpg\" \/>\n\t<meta property=\"og:image:width\" content=\"800\" \/>\n\t<meta property=\"og:image:height\" content=\"800\" \/>\n\t<meta property=\"og:image:type\" content=\"image\/jpeg\" \/>\n<meta name=\"twitter:card\" content=\"summary_large_image\" \/>\n<meta name=\"twitter:site\" content=\"@fandelimexico\" \/>\n<meta name=\"twitter:label1\" content=\"Tiempo de lectura\" \/>\n\t<meta name=\"twitter:data1\" content=\"2 minutos\" \/>\n<script type=\"application\/ld+json\" class=\"yoast-schema-graph\">{\"@context\":\"https:\\\/\\\/schema.org\",\"@graph\":[{\"@type\":\"WebPage\",\"@id\":\"https:\\\/\\\/fandeli.com\\\/fandeli-automotriz\\\/producto\\\/discos-de-contacto-lc81\\\/\",\"url\":\"https:\\\/\\\/fandeli.com\\\/fandeli-automotriz\\\/producto\\\/discos-de-contacto-lc81\\\/\",\"name\":\"Discos de contacto LC81 - FANDELI M\u00e9xico\",\"isPartOf\":{\"@id\":\"https:\\\/\\\/fandeli.com\\\/fandeli-automotriz\\\/#website\"},\"primaryImageOfPage\":{\"@id\":\"https:\\\/\\\/fandeli.com\\\/fandeli-automotriz\\\/producto\\\/discos-de-contacto-lc81\\\/#primaryimage\"},\"image\":{\"@id\":\"https:\\\/\\\/fandeli.com\\\/fandeli-automotriz\\\/producto\\\/discos-de-contacto-lc81\\\/#primaryimage\"},\"thumbnailUrl\":\"https:\\\/\\\/fandeli.com\\\/fandeli-automotriz\\\/wp-content\\\/uploads\\\/2024\\\/11\\\/discos-contacto-LC81.jpg\",\"datePublished\":\"2024-11-25T15:31:14+00:00\",\"dateModified\":\"2026-02-26T18:25:49+00:00\",\"breadcrumb\":{\"@id\":\"https:\\\/\\\/fandeli.com\\\/fandeli-automotriz\\\/producto\\\/discos-de-contacto-lc81\\\/#breadcrumb\"},\"inLanguage\":\"es\",\"potentialAction\":[{\"@type\":\"ReadAction\",\"target\":[\"https:\\\/\\\/fandeli.com\\\/fandeli-automotriz\\\/producto\\\/discos-de-contacto-lc81\\\/\"]}]},{\"@type\":\"ImageObject\",\"inLanguage\":\"es\",\"@id\":\"https:\\\/\\\/fandeli.com\\\/fandeli-automotriz\\\/producto\\\/discos-de-contacto-lc81\\\/#primaryimage\",\"url\":\"https:\\\/\\\/fandeli.com\\\/fandeli-automotriz\\\/wp-content\\\/uploads\\\/2024\\\/11\\\/discos-contacto-LC81.jpg\",\"contentUrl\":\"https:\\\/\\\/fandeli.com\\\/fandeli-automotriz\\\/wp-content\\\/uploads\\\/2024\\\/11\\\/discos-contacto-LC81.jpg\",\"width\":800,\"height\":800},{\"@type\":\"BreadcrumbList\",\"@id\":\"https:\\\/\\\/fandeli.com\\\/fandeli-automotriz\\\/producto\\\/discos-de-contacto-lc81\\\/#breadcrumb\",\"itemListElement\":[{\"@type\":\"ListItem\",\"position\":1,\"name\":\"Portada\",\"item\":\"https:\\\/\\\/fandeli.com\\\/fandeli-automotriz\\\/\"},{\"@type\":\"ListItem\",\"position\":2,\"name\":\"Tienda\",\"item\":\"https:\\\/\\\/fandeli.com\\\/fandeli-automotriz\\\/?page_id=13\"},{\"@type\":\"ListItem\",\"position\":3,\"name\":\"Discos de contacto LC81\"}]},{\"@type\":\"WebSite\",\"@id\":\"https:\\\/\\\/fandeli.com\\\/fandeli-automotriz\\\/#website\",\"url\":\"https:\\\/\\\/fandeli.com\\\/fandeli-automotriz\\\/\",\"name\":\"FANDELI M\u00e9xico\",\"description\":\"FANDELI M\u00e9xico\",\"publisher\":{\"@id\":\"https:\\\/\\\/fandeli.com\\\/fandeli-automotriz\\\/#organization\"},\"potentialAction\":[{\"@type\":\"SearchAction\",\"target\":{\"@type\":\"EntryPoint\",\"urlTemplate\":\"https:\\\/\\\/fandeli.com\\\/fandeli-automotriz\\\/?s={search_term_string}\"},\"query-input\":{\"@type\":\"PropertyValueSpecification\",\"valueRequired\":true,\"valueName\":\"search_term_string\"}}],\"inLanguage\":\"es\"},{\"@type\":\"Organization\",\"@id\":\"https:\\\/\\\/fandeli.com\\\/fandeli-automotriz\\\/#organization\",\"name\":\"FANDELI M\u00e9xico\",\"url\":\"https:\\\/\\\/fandeli.com\\\/fandeli-automotriz\\\/\",\"logo\":{\"@type\":\"ImageObject\",\"inLanguage\":\"es\",\"@id\":\"https:\\\/\\\/fandeli.com\\\/fandeli-automotriz\\\/#\\\/schema\\\/logo\\\/image\\\/\",\"url\":\"http:\\\/\\\/abrasivosrevestidos.com\\\/wp-content\\\/uploads\\\/2024\\\/11\\\/logo-fandeli.svg\",\"contentUrl\":\"http:\\\/\\\/abrasivosrevestidos.com\\\/wp-content\\\/uploads\\\/2024\\\/11\\\/logo-fandeli.svg\",\"width\":267,\"height\":65,\"caption\":\"FANDELI M\u00e9xico\"},\"image\":{\"@id\":\"https:\\\/\\\/fandeli.com\\\/fandeli-automotriz\\\/#\\\/schema\\\/logo\\\/image\\\/\"},\"sameAs\":[\"https:\\\/\\\/www.facebook.com\\\/FandeliMexico\",\"https:\\\/\\\/x.com\\\/fandelimexico\",\"https:\\\/\\\/www.instagram.com\\\/fandeli.mx\\\/\",\"https:\\\/\\\/www.tiktok.com\\\/@fandeli_mx\",\"https:\\\/\\\/www.youtube.com\\\/channel\\\/UCODX8hPCf8g6bu9Ho7Q7RsQ\",\"https:\\\/\\\/www.linkedin.com\\\/company\\\/fandeli\"]}]}<\/script>\n<!-- \/ Yoast SEO plugin. -->","yoast_head_json":{"title":"Discos de contacto LC81 - FANDELI M\u00e9xico","robots":{"index":"index","follow":"follow","max-snippet":"max-snippet:-1","max-image-preview":"max-image-preview:large","max-video-preview":"max-video-preview:-1"},"canonical":"https:\/\/fandeli.com\/fandeli-automotriz\/producto\/discos-de-contacto-lc81\/","og_locale":"es_MX","og_type":"article","og_title":"Discos de contacto LC81 - FANDELI M\u00e9xico","og_description":"Aplicaciones   Disco con dorso de malla de nylon con anclaje Gripit y recubierto cerrado.  Dise\u00f1ado para el lijado de materiales que por su alta generaci\u00f3n de polvo, requieren de un sistema de recubierto de mayor drenado.    Caracter\u00edsticas    Alta resistencia.  Larga vida \u00fatil.  Sistemas de anclaje: Gripit. Tama\u00f1os disponibles: 6\u201d de di\u00e1metro, sin orificios de succi\u00f3n.      Aplicaciones y recomendaciones                         &nbsp;&nbsp; DESCARGA LA FICHA T\u00c9CNICA","og_url":"https:\/\/fandeli.com\/fandeli-automotriz\/producto\/discos-de-contacto-lc81\/","og_site_name":"FANDELI M\u00e9xico","article_publisher":"https:\/\/www.facebook.com\/FandeliMexico","article_modified_time":"2026-02-26T18:25:49+00:00","og_image":[{"width":800,"height":800,"url":"https:\/\/fandeli.com\/fandeli-automotriz\/wp-content\/uploads\/2024\/11\/discos-contacto-LC81.jpg","type":"image\/jpeg"}],"twitter_card":"summary_large_image","twitter_site":"@fandelimexico","twitter_misc":{"Tiempo de lectura":"2 minutos"},"schema":{"@context":"https:\/\/schema.org","@graph":[{"@type":"WebPage","@id":"https:\/\/fandeli.com\/fandeli-automotriz\/producto\/discos-de-contacto-lc81\/","url":"https:\/\/fandeli.com\/fandeli-automotriz\/producto\/discos-de-contacto-lc81\/","name":"Discos de contacto LC81 - FANDELI M\u00e9xico","isPartOf":{"@id":"https:\/\/fandeli.com\/fandeli-automotriz\/#website"},"primaryImageOfPage":{"@id":"https:\/\/fandeli.com\/fandeli-automotriz\/producto\/discos-de-contacto-lc81\/#primaryimage"},"image":{"@id":"https:\/\/fandeli.com\/fandeli-automotriz\/producto\/discos-de-contacto-lc81\/#primaryimage"},"thumbnailUrl":"https:\/\/fandeli.com\/fandeli-automotriz\/wp-content\/uploads\/2024\/11\/discos-contacto-LC81.jpg","datePublished":"2024-11-25T15:31:14+00:00","dateModified":"2026-02-26T18:25:49+00:00","breadcrumb":{"@id":"https:\/\/fandeli.com\/fandeli-automotriz\/producto\/discos-de-contacto-lc81\/#breadcrumb"},"inLanguage":"es","potentialAction":[{"@type":"ReadAction","target":["https:\/\/fandeli.com\/fandeli-automotriz\/producto\/discos-de-contacto-lc81\/"]}]},{"@type":"ImageObject","inLanguage":"es","@id":"https:\/\/fandeli.com\/fandeli-automotriz\/producto\/discos-de-contacto-lc81\/#primaryimage","url":"https:\/\/fandeli.com\/fandeli-automotriz\/wp-content\/uploads\/2024\/11\/discos-contacto-LC81.jpg","contentUrl":"https:\/\/fandeli.com\/fandeli-automotriz\/wp-content\/uploads\/2024\/11\/discos-contacto-LC81.jpg","width":800,"height":800},{"@type":"BreadcrumbList","@id":"https:\/\/fandeli.com\/fandeli-automotriz\/producto\/discos-de-contacto-lc81\/#breadcrumb","itemListElement":[{"@type":"ListItem","position":1,"name":"Portada","item":"https:\/\/fandeli.com\/fandeli-automotriz\/"},{"@type":"ListItem","position":2,"name":"Tienda","item":"https:\/\/fandeli.com\/fandeli-automotriz\/?page_id=13"},{"@type":"ListItem","position":3,"name":"Discos de contacto LC81"}]},{"@type":"WebSite","@id":"https:\/\/fandeli.com\/fandeli-automotriz\/#website","url":"https:\/\/fandeli.com\/fandeli-automotriz\/","name":"FANDELI M\u00e9xico","description":"FANDELI M\u00e9xico","publisher":{"@id":"https:\/\/fandeli.com\/fandeli-automotriz\/#organization"},"potentialAction":[{"@type":"SearchAction","target":{"@type":"EntryPoint","urlTemplate":"https:\/\/fandeli.com\/fandeli-automotriz\/?s={search_term_string}"},"query-input":{"@type":"PropertyValueSpecification","valueRequired":true,"valueName":"search_term_string"}}],"inLanguage":"es"},{"@type":"Organization","@id":"https:\/\/fandeli.com\/fandeli-automotriz\/#organization","name":"FANDELI M\u00e9xico","url":"https:\/\/fandeli.com\/fandeli-automotriz\/","logo":{"@type":"ImageObject","inLanguage":"es","@id":"https:\/\/fandeli.com\/fandeli-automotriz\/#\/schema\/logo\/image\/","url":"http:\/\/abrasivosrevestidos.com\/wp-content\/uploads\/2024\/11\/logo-fandeli.svg","contentUrl":"http:\/\/abrasivosrevestidos.com\/wp-content\/uploads\/2024\/11\/logo-fandeli.svg","width":267,"height":65,"caption":"FANDELI M\u00e9xico"},"image":{"@id":"https:\/\/fandeli.com\/fandeli-automotriz\/#\/schema\/logo\/image\/"},"sameAs":["https:\/\/www.facebook.com\/FandeliMexico","https:\/\/x.com\/fandelimexico","https:\/\/www.instagram.com\/fandeli.mx\/","https:\/\/www.tiktok.com\/@fandeli_mx","https:\/\/www.youtube.com\/channel\/UCODX8hPCf8g6bu9Ho7Q7RsQ","https:\/\/www.linkedin.com\/company\/fandeli"]}]}},"jetpack_sharing_enabled":true,"_links":{"self":[{"href":"https:\/\/fandeli.com\/fandeli-automotriz\/wp-json\/wp\/v2\/product\/1763","targetHints":{"allow":["GET"]}}],"collection":[{"href":"https:\/\/fandeli.com\/fandeli-automotriz\/wp-json\/wp\/v2\/product"}],"about":[{"href":"https:\/\/fandeli.com\/fandeli-automotriz\/wp-json\/wp\/v2\/types\/product"}],"version-history":[{"count":2,"href":"https:\/\/fandeli.com\/fandeli-automotriz\/wp-json\/wp\/v2\/product\/1763\/revisions"}],"predecessor-version":[{"id":12597,"href":"https:\/\/fandeli.com\/fandeli-automotriz\/wp-json\/wp\/v2\/product\/1763\/revisions\/12597"}],"wp:featuredmedia":[{"embeddable":true,"href":"https:\/\/fandeli.com\/fandeli-automotriz\/wp-json\/wp\/v2\/media\/1724"}],"wp:attachment":[{"href":"https:\/\/fandeli.com\/fandeli-automotriz\/wp-json\/wp\/v2\/media?parent=1763"}],"wp:term":[{"taxonomy":"product_brand","embeddable":true,"href":"https:\/\/fandeli.com\/fandeli-automotriz\/wp-json\/wp\/v2\/product_brand?post=1763"},{"taxonomy":"product_cat","embeddable":true,"href":"https:\/\/fandeli.com\/fandeli-automotriz\/wp-json\/wp\/v2\/product_cat?post=1763"},{"taxonomy":"product_tag","embeddable":true,"href":"https:\/\/fandeli.com\/fandeli-automotriz\/wp-json\/wp\/v2\/product_tag?post=1763"}],"curies":[{"name":"wp","href":"https:\/\/api.w.org\/{rel}","templated":true}]}}