{"id":1635,"date":"2024-11-23T14:02:34","date_gmt":"2024-11-23T14:02:34","guid":{"rendered":"https:\/\/www.abrasivosrevestidos.com\/?post_type=product&#038;p=1635"},"modified":"2026-02-26T18:40:59","modified_gmt":"2026-02-26T18:40:59","slug":"lija-para-madera-y-metal-bw80-speedkut","status":"publish","type":"product","link":"https:\/\/fandeli.com\/fandeli-automotriz\/producto\/lija-para-madera-y-metal-bw80-speedkut\/","title":{"rendered":"Lija para madera y metal BW80 Speedkut"},"content":{"rendered":"<p><b>Lija para metal y madera BW80 Speedkut<\/b> dise\u00f1ada con grados micro fino como lija para metal 80, lija para metal 120, lija para metal 180 y m\u00e1s tambi\u00e9n son ideales para uso en madera en lijado seco y semih\u00famedo.<\/p>\n<table cellspacing=\"0\" cellpadding=\"0\" class=\"tabla\">\n<tr>\n<td><strong>SKU<\/strong><\/td>\n<td><strong>L\u00cdNEA | GRADOS<\/strong><\/td>\n<td><strong>DIMENSIONES<\/strong><\/td>\n<td><strong>PULGS.<\/strong><\/td>\n<td><strong>CAJA<\/strong><\/td>\n<td><strong>\u00a0EMPAQUE<\/strong><\/td>\n<\/tr>\n<tr>\n<td>77371<\/td>\n<td>LIJA FANDELI SPEEDKUT BW80 | 080P <\/td>\n<td>0.230m X 0.280m PAPEL<\/td>\n<td>9&quot; x 11&quot;<\/td>\n<td>500<\/td>\n<td>50<\/td>\n<\/tr>\n<tr>\n<td>77372<\/td>\n<td>LIJA FANDELI SPEEDKUT BW80 | 100P <\/td>\n<td>0.230m X 0.280m PAPEL<\/td>\n<td>9&quot; x 11&quot;<\/td>\n<td>500<\/td>\n<td>50<\/td>\n<\/tr>\n<tr>\n<td>77373<\/td>\n<td>LIJA FANDELI SPEEDKUT BW80 | 120P <\/td>\n<td>0.230m X 0.280m PAPEL<\/td>\n<td>9&quot; x 11&quot;<\/td>\n<td>500<\/td>\n<td>50<\/td>\n<\/tr>\n<tr>\n<td>77374<\/td>\n<td>LIJA FANDELI SPEEDKUT BW80 | 150P <\/td>\n<td>0.230m X 0.280m PAPEL<\/td>\n<td>9&quot; x 11&quot;<\/td>\n<td>500<\/td>\n<td>50<\/td>\n<\/tr>\n<tr>\n<td>77375<\/td>\n<td>LIJA FANDELI SPEEDKUT BW80 | 180P <\/td>\n<td>0.230m X 0.280m PAPEL<\/td>\n<td>9&quot; x 11&quot;<\/td>\n<td>500<\/td>\n<td>50<\/td>\n<\/tr>\n<tr>\n<td>77376<\/td>\n<td>LIJA FANDELI SPEEDKUT BW80 | 220P <\/td>\n<td>0.230m X 0.280m PAPEL<\/td>\n<td>9&quot; x 11&quot;<\/td>\n<td>500<\/td>\n<td>50<\/td>\n<\/tr>\n<tr>\n<td>77377<\/td>\n<td>LIJA FANDELI SPEEDKUT BW80 | 240P <\/td>\n<td>0.230m X 0.280m PAPEL<\/td>\n<td>9&quot; x 11&quot;<\/td>\n<td>500<\/td>\n<td>50<\/td>\n<\/tr>\n<tr>\n<td>77378<\/td>\n<td>LIJA FANDELI SPEEDKUT BW80 | 280P <\/td>\n<td>0.230m X 0.280m PAPEL<\/td>\n<td>9&quot; x 11&quot;<\/td>\n<td>500<\/td>\n<td>50<\/td>\n<\/tr>\n<tr>\n<td>77379<\/td>\n<td>LIJA FANDELI SPEEDKUT BW80 | 320P <\/td>\n<td>0.230m X 0.280m PAPEL<\/td>\n<td>9&quot; x 11&quot;<\/td>\n<td>500<\/td>\n<td>50<\/td>\n<\/tr>\n<tr>\n<td>77380<\/td>\n<td>LIJA FANDELI SPEEDKUT BW80 | 400P <\/td>\n<td>0.230m X 0.280m PAPEL<\/td>\n<td>9&quot; x 11&quot;<\/td>\n<td>500<\/td>\n<td>50<\/td>\n<\/tr>\n<tr>\n<td>77381<\/td>\n<td>LIJA FANDELI SPEEDKUT BW80 | 600P <\/td>\n<td>0.230m X 0.280m PAPEL<\/td>\n<td>9&quot; x 11&quot;<\/td>\n<td>500<\/td>\n<td>50<\/td>\n<\/tr>\n<tr>\n<td>77382<\/td>\n<td>LIJA FANDELI SPEEDKUT BW80 | 800P <\/td>\n<td>0.230m X 0.280m PAPEL<\/td>\n<td>9&quot; x 11&quot;<\/td>\n<td>500<\/td>\n<td>50<\/td>\n<\/tr>\n<\/table>\n","protected":false},"excerpt":{"rendered":"<p><strong>Aplicaciones de lija para metal y madera<\/strong><\/p>\n<ul class=\"lista\">\n<li>La lija para metal y madera es ideal para trabajos de lijado en procesos de hojalater\u00eda, especialmente cuando se buscan acabados finos.<\/li>\n<li>Los diferentes tipos de lijas para metal y madera permiten nivelar zonas trabajadas con pastas y rellenadores, logrando una superficie uniforme.<\/li>\n<li>Cuando se requiere un acabado m\u00e1s delicado, una lija fina para metal y madera ofrece un corte controlado tanto en metal como en madera suave.<\/li>\n<li>Gracias a las distintas medidas de lijas para metal y madera, es posible preparar superficies para la aplicaci\u00f3n de pasta, masilla, pl\u00e1sticos, pinturas, barnices y lacas.<\/li>\n<\/ul>\n<p><strong>Caracter\u00edsticas de lija para metal y madera<\/strong><\/p>\n<ul class=\"lista\">\n<li>La tecnolog\u00eda antitapado presente en esta lija para metal y madera con Estearato de Zinc Fundido ayuda a obtener un excelente acabado sin saturaci\u00f3n.\n<li>Su gran velocidad de corte y alto rendimiento la hacen destacar dentro de los mejores tipos de lijas para metal y madera disponibles.<\/li>\n<li>Puede utilizarse en lijado en seco y semi h\u00famedo, manteniendo resultados uniformes.<\/li>\n<li>Su capa de Estearato de Zinc extiende la vida \u00fatil del producto, incluso en la lija fina para metal y madera.<\/li>\n<li>La combinaci\u00f3n entre las diferentes medidas de lijas para metal y madera y su gran durabilidad permite trabajar eficientemente en procesos automotrices y de reparaci\u00f3n.<\/li>\n<\/ul>\n<p><strong>Aplicaciones y recomendaciones<\/strong><\/p>\n<p class=\"iconos\">\n<img decoding=\"async\" src=\"https:\/\/fandeli.com\/assets\/icons\/icon-madera.svg\" class=\"icono\" alt=\"Lija para metal y madera FANDELI BW80 Speedkut aplicada sobre superficies de madera.\" \/><br \/>\n<img decoding=\"async\" src=\"https:\/\/fandeli.com\/assets\/icons\/icon-lacas.svg\" class=\"icono\" alt=\"Lija para metal FANDELI BW80 Speedkut usada en trabajos con lacas y pinturas.\"\/><br \/>\n<img decoding=\"async\" src=\"https:\/\/fandeli.com\/assets\/icons\/icon-plastico.svg\" class=\"icono\" alt=\"Lija para metal y madera FANDELI BW80 Speedkut ideal para lijado de pl\u00e1sticos.\"\/><br \/>\n<img decoding=\"async\" src=\"https:\/\/fandeli.com\/assets\/icons\/icon-metal-noferroso.svg\" class=\"icono\" alt=\"Aplicaci\u00f3n sobre metal no ferroso con lija para metal FANDELI BW80 Speedkut.\"\/><br \/>\n<br \/>\n<img decoding=\"async\" src=\"https:\/\/fandeli.com\/assets\/icons\/icon-uso-lija.svg\" class=\"icono\" alt=\"Lija para metal y madera FANDELI BW80 Speedkut para uso manual o con lijadoras orbitales en varias medidas de lijas para metal.\"\/><br \/>\n<img decoding=\"async\" src=\"https:\/\/fandeli.com\/assets\/icons\/icon-corte-hoja.svg\" class=\"icono\" alt=\"Opciones de corte de hoja para lijas para metal FANDELI BW80 Speedkut, compatibles con diferentes tipos de lijas para metal.\"\/><br \/>\n<img decoding=\"async\" src=\"https:\/\/fandeli.com\/assets\/icons\/icon-lijado-humedo.svg\" class=\"icono\" alt=\"Lijado en h\u00famedo con lija para metal FANDELI BW80 Speedkut para acabados finos.\"\/>\n<\/p>\n<div id=\"descarga\">\n<p class=\"lista\"><a href=\"https:\/\/fandeli.com\/assets\/fichas-tecnicas\/FANDELI-ficha-tecnica-linea-BW80-Speedkut.pdf\" target=\"_blank\" class=\"botones\"><i class=\"fa fa-file\"><\/i>&nbsp;&nbsp; DESCARGA LA FICHA T\u00c9CNICA<\/a><\/p>\n<h5><strong>Descarga las fotos del producto<\/strong><\/h5>\n<div id=\"foto\">\n<div class=\"foto1\">\n<a href=\"https:\/\/fandeli.com\/assets\/img\/hojas-bw80-300.zip\" class=\"btn-foto\" target=\"_blank\">300 dpis<\/a>\n<\/div>\n<div class=\"foto2\">\n<a href=\"https:\/\/fandeli.com\/assets\/img\/hojas-bw80-150.zip\" class=\"btn-foto\" target=\"_blank\">150 dpis<\/a>\n<\/div>\n<div class=\"foto3\">\n<a href=\"https:\/\/fandeli.com\/assets\/img\/hojas-bw80-72.zip\" class=\"btn-foto\" target=\"_blank\">72 dpis<\/a>\n<\/div>\n<\/div>\n<\/div>\n","protected":false},"featured_media":8806,"template":"","meta":{"inline_featured_image":false,"site-sidebar-layout":"default","site-content-layout":"","ast-site-content-layout":"default","site-content-style":"default","site-sidebar-style":"default","ast-global-header-display":"","ast-banner-title-visibility":"","ast-main-header-display":"","ast-hfb-above-header-display":"","ast-hfb-below-header-display":"","ast-hfb-mobile-header-display":"","site-post-title":"","ast-breadcrumbs-content":"","ast-featured-img":"","footer-sml-layout":"","ast-disable-related-posts":"","theme-transparent-header-meta":"default","adv-header-id-meta":"","stick-header-meta":"","header-above-stick-meta":"","header-main-stick-meta":"","header-below-stick-meta":"","astra-migrate-meta-layouts":"set","ast-page-background-enabled":"default","ast-page-background-meta":{"desktop":{"background-color":"var(--ast-global-color-4)","background-image":"","background-repeat":"repeat","background-position":"center center","background-size":"auto","background-attachment":"scroll","background-type":"","background-media":"","overlay-type":"","overlay-color":"","overlay-opacity":"","overlay-gradient":""},"tablet":{"background-color":"","background-image":"","background-repeat":"repeat","background-position":"center center","background-size":"auto","background-attachment":"scroll","background-type":"","background-media":"","overlay-type":"","overlay-color":"","overlay-opacity":"","overlay-gradient":""},"mobile":{"background-color":"","background-image":"","background-repeat":"repeat","background-position":"center center","background-size":"auto","background-attachment":"scroll","background-type":"","background-media":"","overlay-type":"","overlay-color":"","overlay-opacity":"","overlay-gradient":""}},"ast-content-background-meta":{"desktop":{"background-color":"var(--ast-global-color-5)","background-image":"","background-repeat":"repeat","background-position":"center center","background-size":"auto","background-attachment":"scroll","background-type":"","background-media":"","overlay-type":"","overlay-color":"","overlay-opacity":"","overlay-gradient":""},"tablet":{"background-color":"var(--ast-global-color-5)","background-image":"","background-repeat":"repeat","background-position":"center center","background-size":"auto","background-attachment":"scroll","background-type":"","background-media":"","overlay-type":"","overlay-color":"","overlay-opacity":"","overlay-gradient":""},"mobile":{"background-color":"var(--ast-global-color-5)","background-image":"","background-repeat":"repeat","background-position":"center center","background-size":"auto","background-attachment":"scroll","background-type":"","background-media":"","overlay-type":"","overlay-color":"","overlay-opacity":"","overlay-gradient":""}}},"product_brand":[],"product_cat":[23,19,383,381,28,40,24,45,43,529],"product_tag":[],"class_list":{"0":"post-1635","1":"product","2":"type-product","3":"status-publish","4":"has-post-thumbnail","6":"product_cat-automotriz-es","7":"product_cat-carpinteria-es","8":"product_cat-hoja","9":"product_cat-hojas","10":"product_cat-lijas-es","11":"product_cat-madera-es","12":"product_cat-mantenimiento-es","13":"product_cat-metales-no-ferrosos-es","14":"product_cat-plastico-es","15":"product_cat-preparacion-de-superficies","16":"desktop-align-center","17":"tablet-align-left","18":"mobile-align-center","20":"first","21":"instock","22":"shipping-taxable","23":"product-type-simple"},"yoast_head":"<!-- This site is optimized with the Yoast SEO plugin v27.3 - https:\/\/yoast.com\/product\/yoast-seo-wordpress\/ -->\n<title>Lija para madera y metal BW80 Speedkut - FANDELI M\u00e9xico<\/title>\n<meta name=\"description\" content=\"Encuentra la mejor lija para metal y madera para tus proyectos, desde opciones especializadas hasta lija fina para metal y madera ideal para acabados. Conoce los distintos tipos de lijas para metal y madera y elige la m\u00e1s adecuada seg\u00fan tus necesidades.\" \/>\n<meta name=\"robots\" content=\"index, follow, max-snippet:-1, max-image-preview:large, max-video-preview:-1\" \/>\n<link rel=\"canonical\" href=\"https:\/\/fandeli.com\/fandeli-automotriz\/producto\/lija-para-madera-y-metal-bw80-speedkut\/\" \/>\n<meta property=\"og:locale\" content=\"es_MX\" \/>\n<meta property=\"og:type\" content=\"article\" \/>\n<meta property=\"og:title\" content=\"Lija para madera y metal BW80 Speedkut - FANDELI M\u00e9xico\" \/>\n<meta property=\"og:description\" content=\"Encuentra la mejor lija para metal y madera para tus proyectos, desde opciones especializadas hasta lija fina para metal y madera ideal para acabados. Conoce los distintos tipos de lijas para metal y madera y elige la m\u00e1s adecuada seg\u00fan tus necesidades.\" \/>\n<meta property=\"og:url\" content=\"https:\/\/fandeli.com\/fandeli-automotriz\/producto\/lija-para-madera-y-metal-bw80-speedkut\/\" \/>\n<meta property=\"og:site_name\" content=\"FANDELI M\u00e9xico\" \/>\n<meta property=\"article:publisher\" content=\"https:\/\/www.facebook.com\/FandeliMexico\" \/>\n<meta property=\"article:modified_time\" content=\"2026-02-26T18:40:59+00:00\" \/>\n<meta property=\"og:image\" content=\"https:\/\/fandeli.com\/fandeli-automotriz\/wp-content\/uploads\/2024\/11\/lija-BW80-1.jpg\" \/>\n\t<meta property=\"og:image:width\" content=\"800\" \/>\n\t<meta property=\"og:image:height\" content=\"800\" \/>\n\t<meta property=\"og:image:type\" content=\"image\/jpeg\" \/>\n<meta name=\"twitter:card\" content=\"summary_large_image\" \/>\n<meta name=\"twitter:site\" content=\"@fandelimexico\" \/>\n<meta name=\"twitter:label1\" content=\"Tiempo de lectura\" \/>\n\t<meta name=\"twitter:data1\" content=\"2 minutos\" \/>\n<script type=\"application\/ld+json\" class=\"yoast-schema-graph\">{\"@context\":\"https:\\\/\\\/schema.org\",\"@graph\":[{\"@type\":\"WebPage\",\"@id\":\"https:\\\/\\\/fandeli.com\\\/fandeli-automotriz\\\/producto\\\/lija-para-madera-y-metal-bw80-speedkut\\\/\",\"url\":\"https:\\\/\\\/fandeli.com\\\/fandeli-automotriz\\\/producto\\\/lija-para-madera-y-metal-bw80-speedkut\\\/\",\"name\":\"Lija para madera y metal BW80 Speedkut - FANDELI M\u00e9xico\",\"isPartOf\":{\"@id\":\"https:\\\/\\\/fandeli.com\\\/fandeli-automotriz\\\/#website\"},\"primaryImageOfPage\":{\"@id\":\"https:\\\/\\\/fandeli.com\\\/fandeli-automotriz\\\/producto\\\/lija-para-madera-y-metal-bw80-speedkut\\\/#primaryimage\"},\"image\":{\"@id\":\"https:\\\/\\\/fandeli.com\\\/fandeli-automotriz\\\/producto\\\/lija-para-madera-y-metal-bw80-speedkut\\\/#primaryimage\"},\"thumbnailUrl\":\"https:\\\/\\\/fandeli.com\\\/fandeli-automotriz\\\/wp-content\\\/uploads\\\/2024\\\/11\\\/lija-BW80-1.jpg\",\"datePublished\":\"2024-11-23T14:02:34+00:00\",\"dateModified\":\"2026-02-26T18:40:59+00:00\",\"description\":\"Encuentra la mejor lija para metal y madera para tus proyectos, desde opciones especializadas hasta lija fina para metal y madera ideal para acabados. Conoce los distintos tipos de lijas para metal y madera y elige la m\u00e1s adecuada seg\u00fan tus necesidades.\",\"breadcrumb\":{\"@id\":\"https:\\\/\\\/fandeli.com\\\/fandeli-automotriz\\\/producto\\\/lija-para-madera-y-metal-bw80-speedkut\\\/#breadcrumb\"},\"inLanguage\":\"es\",\"potentialAction\":[{\"@type\":\"ReadAction\",\"target\":[\"https:\\\/\\\/fandeli.com\\\/fandeli-automotriz\\\/producto\\\/lija-para-madera-y-metal-bw80-speedkut\\\/\"]}]},{\"@type\":\"ImageObject\",\"inLanguage\":\"es\",\"@id\":\"https:\\\/\\\/fandeli.com\\\/fandeli-automotriz\\\/producto\\\/lija-para-madera-y-metal-bw80-speedkut\\\/#primaryimage\",\"url\":\"https:\\\/\\\/fandeli.com\\\/fandeli-automotriz\\\/wp-content\\\/uploads\\\/2024\\\/11\\\/lija-BW80-1.jpg\",\"contentUrl\":\"https:\\\/\\\/fandeli.com\\\/fandeli-automotriz\\\/wp-content\\\/uploads\\\/2024\\\/11\\\/lija-BW80-1.jpg\",\"width\":800,\"height\":800},{\"@type\":\"BreadcrumbList\",\"@id\":\"https:\\\/\\\/fandeli.com\\\/fandeli-automotriz\\\/producto\\\/lija-para-madera-y-metal-bw80-speedkut\\\/#breadcrumb\",\"itemListElement\":[{\"@type\":\"ListItem\",\"position\":1,\"name\":\"Portada\",\"item\":\"https:\\\/\\\/fandeli.com\\\/fandeli-automotriz\\\/\"},{\"@type\":\"ListItem\",\"position\":2,\"name\":\"Tienda\",\"item\":\"https:\\\/\\\/fandeli.com\\\/fandeli-automotriz\\\/?page_id=13\"},{\"@type\":\"ListItem\",\"position\":3,\"name\":\"Lija para madera y metal BW80 Speedkut\"}]},{\"@type\":\"WebSite\",\"@id\":\"https:\\\/\\\/fandeli.com\\\/fandeli-automotriz\\\/#website\",\"url\":\"https:\\\/\\\/fandeli.com\\\/fandeli-automotriz\\\/\",\"name\":\"FANDELI M\u00e9xico\",\"description\":\"FANDELI M\u00e9xico\",\"publisher\":{\"@id\":\"https:\\\/\\\/fandeli.com\\\/fandeli-automotriz\\\/#organization\"},\"potentialAction\":[{\"@type\":\"SearchAction\",\"target\":{\"@type\":\"EntryPoint\",\"urlTemplate\":\"https:\\\/\\\/fandeli.com\\\/fandeli-automotriz\\\/?s={search_term_string}\"},\"query-input\":{\"@type\":\"PropertyValueSpecification\",\"valueRequired\":true,\"valueName\":\"search_term_string\"}}],\"inLanguage\":\"es\"},{\"@type\":\"Organization\",\"@id\":\"https:\\\/\\\/fandeli.com\\\/fandeli-automotriz\\\/#organization\",\"name\":\"FANDELI M\u00e9xico\",\"url\":\"https:\\\/\\\/fandeli.com\\\/fandeli-automotriz\\\/\",\"logo\":{\"@type\":\"ImageObject\",\"inLanguage\":\"es\",\"@id\":\"https:\\\/\\\/fandeli.com\\\/fandeli-automotriz\\\/#\\\/schema\\\/logo\\\/image\\\/\",\"url\":\"http:\\\/\\\/abrasivosrevestidos.com\\\/wp-content\\\/uploads\\\/2024\\\/11\\\/logo-fandeli.svg\",\"contentUrl\":\"http:\\\/\\\/abrasivosrevestidos.com\\\/wp-content\\\/uploads\\\/2024\\\/11\\\/logo-fandeli.svg\",\"width\":267,\"height\":65,\"caption\":\"FANDELI M\u00e9xico\"},\"image\":{\"@id\":\"https:\\\/\\\/fandeli.com\\\/fandeli-automotriz\\\/#\\\/schema\\\/logo\\\/image\\\/\"},\"sameAs\":[\"https:\\\/\\\/www.facebook.com\\\/FandeliMexico\",\"https:\\\/\\\/x.com\\\/fandelimexico\",\"https:\\\/\\\/www.instagram.com\\\/fandeli.mx\\\/\",\"https:\\\/\\\/www.tiktok.com\\\/@fandeli_mx\",\"https:\\\/\\\/www.youtube.com\\\/channel\\\/UCODX8hPCf8g6bu9Ho7Q7RsQ\",\"https:\\\/\\\/www.linkedin.com\\\/company\\\/fandeli\"]}]}<\/script>\n<!-- \/ Yoast SEO plugin. -->","yoast_head_json":{"title":"Lija para madera y metal BW80 Speedkut - FANDELI M\u00e9xico","description":"Encuentra la mejor lija para metal y madera para tus proyectos, desde opciones especializadas hasta lija fina para metal y madera ideal para acabados. Conoce los distintos tipos de lijas para metal y madera y elige la m\u00e1s adecuada seg\u00fan tus necesidades.","robots":{"index":"index","follow":"follow","max-snippet":"max-snippet:-1","max-image-preview":"max-image-preview:large","max-video-preview":"max-video-preview:-1"},"canonical":"https:\/\/fandeli.com\/fandeli-automotriz\/producto\/lija-para-madera-y-metal-bw80-speedkut\/","og_locale":"es_MX","og_type":"article","og_title":"Lija para madera y metal BW80 Speedkut - FANDELI M\u00e9xico","og_description":"Encuentra la mejor lija para metal y madera para tus proyectos, desde opciones especializadas hasta lija fina para metal y madera ideal para acabados. Conoce los distintos tipos de lijas para metal y madera y elige la m\u00e1s adecuada seg\u00fan tus necesidades.","og_url":"https:\/\/fandeli.com\/fandeli-automotriz\/producto\/lija-para-madera-y-metal-bw80-speedkut\/","og_site_name":"FANDELI M\u00e9xico","article_publisher":"https:\/\/www.facebook.com\/FandeliMexico","article_modified_time":"2026-02-26T18:40:59+00:00","og_image":[{"width":800,"height":800,"url":"https:\/\/fandeli.com\/fandeli-automotriz\/wp-content\/uploads\/2024\/11\/lija-BW80-1.jpg","type":"image\/jpeg"}],"twitter_card":"summary_large_image","twitter_site":"@fandelimexico","twitter_misc":{"Tiempo de lectura":"2 minutos"},"schema":{"@context":"https:\/\/schema.org","@graph":[{"@type":"WebPage","@id":"https:\/\/fandeli.com\/fandeli-automotriz\/producto\/lija-para-madera-y-metal-bw80-speedkut\/","url":"https:\/\/fandeli.com\/fandeli-automotriz\/producto\/lija-para-madera-y-metal-bw80-speedkut\/","name":"Lija para madera y metal BW80 Speedkut - FANDELI M\u00e9xico","isPartOf":{"@id":"https:\/\/fandeli.com\/fandeli-automotriz\/#website"},"primaryImageOfPage":{"@id":"https:\/\/fandeli.com\/fandeli-automotriz\/producto\/lija-para-madera-y-metal-bw80-speedkut\/#primaryimage"},"image":{"@id":"https:\/\/fandeli.com\/fandeli-automotriz\/producto\/lija-para-madera-y-metal-bw80-speedkut\/#primaryimage"},"thumbnailUrl":"https:\/\/fandeli.com\/fandeli-automotriz\/wp-content\/uploads\/2024\/11\/lija-BW80-1.jpg","datePublished":"2024-11-23T14:02:34+00:00","dateModified":"2026-02-26T18:40:59+00:00","description":"Encuentra la mejor lija para metal y madera para tus proyectos, desde opciones especializadas hasta lija fina para metal y madera ideal para acabados. Conoce los distintos tipos de lijas para metal y madera y elige la m\u00e1s adecuada seg\u00fan tus necesidades.","breadcrumb":{"@id":"https:\/\/fandeli.com\/fandeli-automotriz\/producto\/lija-para-madera-y-metal-bw80-speedkut\/#breadcrumb"},"inLanguage":"es","potentialAction":[{"@type":"ReadAction","target":["https:\/\/fandeli.com\/fandeli-automotriz\/producto\/lija-para-madera-y-metal-bw80-speedkut\/"]}]},{"@type":"ImageObject","inLanguage":"es","@id":"https:\/\/fandeli.com\/fandeli-automotriz\/producto\/lija-para-madera-y-metal-bw80-speedkut\/#primaryimage","url":"https:\/\/fandeli.com\/fandeli-automotriz\/wp-content\/uploads\/2024\/11\/lija-BW80-1.jpg","contentUrl":"https:\/\/fandeli.com\/fandeli-automotriz\/wp-content\/uploads\/2024\/11\/lija-BW80-1.jpg","width":800,"height":800},{"@type":"BreadcrumbList","@id":"https:\/\/fandeli.com\/fandeli-automotriz\/producto\/lija-para-madera-y-metal-bw80-speedkut\/#breadcrumb","itemListElement":[{"@type":"ListItem","position":1,"name":"Portada","item":"https:\/\/fandeli.com\/fandeli-automotriz\/"},{"@type":"ListItem","position":2,"name":"Tienda","item":"https:\/\/fandeli.com\/fandeli-automotriz\/?page_id=13"},{"@type":"ListItem","position":3,"name":"Lija para madera y metal BW80 Speedkut"}]},{"@type":"WebSite","@id":"https:\/\/fandeli.com\/fandeli-automotriz\/#website","url":"https:\/\/fandeli.com\/fandeli-automotriz\/","name":"FANDELI M\u00e9xico","description":"FANDELI M\u00e9xico","publisher":{"@id":"https:\/\/fandeli.com\/fandeli-automotriz\/#organization"},"potentialAction":[{"@type":"SearchAction","target":{"@type":"EntryPoint","urlTemplate":"https:\/\/fandeli.com\/fandeli-automotriz\/?s={search_term_string}"},"query-input":{"@type":"PropertyValueSpecification","valueRequired":true,"valueName":"search_term_string"}}],"inLanguage":"es"},{"@type":"Organization","@id":"https:\/\/fandeli.com\/fandeli-automotriz\/#organization","name":"FANDELI M\u00e9xico","url":"https:\/\/fandeli.com\/fandeli-automotriz\/","logo":{"@type":"ImageObject","inLanguage":"es","@id":"https:\/\/fandeli.com\/fandeli-automotriz\/#\/schema\/logo\/image\/","url":"http:\/\/abrasivosrevestidos.com\/wp-content\/uploads\/2024\/11\/logo-fandeli.svg","contentUrl":"http:\/\/abrasivosrevestidos.com\/wp-content\/uploads\/2024\/11\/logo-fandeli.svg","width":267,"height":65,"caption":"FANDELI M\u00e9xico"},"image":{"@id":"https:\/\/fandeli.com\/fandeli-automotriz\/#\/schema\/logo\/image\/"},"sameAs":["https:\/\/www.facebook.com\/FandeliMexico","https:\/\/x.com\/fandelimexico","https:\/\/www.instagram.com\/fandeli.mx\/","https:\/\/www.tiktok.com\/@fandeli_mx","https:\/\/www.youtube.com\/channel\/UCODX8hPCf8g6bu9Ho7Q7RsQ","https:\/\/www.linkedin.com\/company\/fandeli"]}]}},"jetpack_sharing_enabled":true,"_links":{"self":[{"href":"https:\/\/fandeli.com\/fandeli-automotriz\/wp-json\/wp\/v2\/product\/1635","targetHints":{"allow":["GET"]}}],"collection":[{"href":"https:\/\/fandeli.com\/fandeli-automotriz\/wp-json\/wp\/v2\/product"}],"about":[{"href":"https:\/\/fandeli.com\/fandeli-automotriz\/wp-json\/wp\/v2\/types\/product"}],"version-history":[{"count":2,"href":"https:\/\/fandeli.com\/fandeli-automotriz\/wp-json\/wp\/v2\/product\/1635\/revisions"}],"predecessor-version":[{"id":12641,"href":"https:\/\/fandeli.com\/fandeli-automotriz\/wp-json\/wp\/v2\/product\/1635\/revisions\/12641"}],"wp:featuredmedia":[{"embeddable":true,"href":"https:\/\/fandeli.com\/fandeli-automotriz\/wp-json\/wp\/v2\/media\/8806"}],"wp:attachment":[{"href":"https:\/\/fandeli.com\/fandeli-automotriz\/wp-json\/wp\/v2\/media?parent=1635"}],"wp:term":[{"taxonomy":"product_brand","embeddable":true,"href":"https:\/\/fandeli.com\/fandeli-automotriz\/wp-json\/wp\/v2\/product_brand?post=1635"},{"taxonomy":"product_cat","embeddable":true,"href":"https:\/\/fandeli.com\/fandeli-automotriz\/wp-json\/wp\/v2\/product_cat?post=1635"},{"taxonomy":"product_tag","embeddable":true,"href":"https:\/\/fandeli.com\/fandeli-automotriz\/wp-json\/wp\/v2\/product_tag?post=1635"}],"curies":[{"name":"wp","href":"https:\/\/api.w.org\/{rel}","templated":true}]}}